{"id":9998,"date":"2024-05-04T18:04:10","date_gmt":"2024-05-04T18:04:10","guid":{"rendered":"https:\/\/skaitytaknyga.lt\/?post_type=product&#038;p=9998"},"modified":"2024-05-04T18:05:09","modified_gmt":"2024-05-04T18:05:09","slug":"selstanti-stichija-sirdziu-suokalbis","status":"publish","type":"product","link":"https:\/\/skaitytaknyga.lt\/en\/produktas\/selstanti-stichija-sirdziu-suokalbis\/","title":{"rendered":"\u0160\u0117lstanti stichija. \u0160ird\u017ei\u0173 suokalbis"},"content":{"rendered":"<p><strong>\u0160\u0117lstanti stichija<\/strong><\/p>\n<p><span class=\"Apple-style-span\">Leidyklos redaktor\u0117 Meg\u0117 Karail, \u017elugus ilgai puosel\u0117toms svajon\u0117ms praleisti atostogas su mylimuoju, i\u0161vyksta \u012f kaim\u0105, kur u\u017esimezga nauja, tikra draugyst\u0117 ir nuo\u0161irdi meil\u0117.<br \/>\n<\/span><\/p>\n<p><strong>\u0160ird\u017ei\u0173 suokalbis<\/strong><\/p>\n<p><span class=\"Apple-style-span\">Jauna \u017eurnalist\u0117 Kasandra Preston apimta nevilties: naujasis provincijos laikra\u0161\u010dio, kuriame ji dirba, vyriausiasis redaktorius neken\u010dia jos, nuolat priekabiauja. Ta\u010diau vien\u0105 gra\u017ei\u0105 dien\u0105 jis pats, D\u017eord\u017eas Risas, pasi\u016blo jai susi\u017ead\u0117ti. Kod\u0117l jis tai padar\u0117 ir kuo viskas baig\u0117si, skaitytojas su\u017einos puslapis po puslapio sekdami j\u0173 santyki\u0173 peripetijas.<\/span><\/p>\n","protected":false},"excerpt":{"rendered":"<p><strong>\u0160\u0117lstanti stichija<\/strong><\/p>\n<p><span class=\"Apple-style-span\">Leidyklos redaktor\u0117 Meg\u0117 Karail, \u017elugus ilgai puosel\u0117toms svajon\u0117ms praleisti atostogas su mylimuoju, i\u0161vyksta \u012f kaim\u0105, kur u\u017esimezga nauja, tikra draugyst\u0117 ir nuo\u0161irdi meil\u0117.<br \/>\n<\/span><\/p>\n<p><strong>\u0160ird\u017ei\u0173 suokalbis<\/strong><\/p>\n<p><span class=\"Apple-style-span\">Jauna \u017eurnalist\u0117 Kasandra Preston apimta nevilties: naujasis provincijos laikra\u0161\u010dio, kuriame ji dirba, vyriausiasis redaktorius neken\u010dia jos, nuolat priekabiauja. Ta\u010diau vien\u0105 gra\u017ei\u0105 dien\u0105 jis pats, D\u017eord\u017eas Risas, pasi\u016blo jai susi\u017ead\u0117ti. Kod\u0117l jis tai padar\u0117 ir kuo viskas baig\u0117si, skaitytojas su\u017einos puslapis po puslapio sekdami j\u0173 santyki\u0173 peripetijas.<\/span><\/p>\n","protected":false},"featured_media":10045,"comment_status":"closed","ping_status":"closed","template":"","meta":{"_acf_changed":false,"site-sidebar-layout":"default","site-content-layout":"","ast-site-content-layout":"default","site-content-style":"default","site-sidebar-style":"default","ast-global-header-display":"","ast-banner-title-visibility":"","ast-main-header-display":"","ast-hfb-above-header-display":"","ast-hfb-below-header-display":"","ast-hfb-mobile-header-display":"","site-post-title":"","ast-breadcrumbs-content":"","ast-featured-img":"","footer-sml-layout":"","ast-disable-related-posts":"","theme-transparent-header-meta":"","adv-header-id-meta":"","stick-header-meta":"","header-above-stick-meta":"","header-main-stick-meta":"","header-below-stick-meta":"","astra-migrate-meta-layouts":"default","ast-page-background-enabled":"default","ast-page-background-meta":{"desktop":{"background-color":"","background-image":"","background-repeat":"repeat","background-position":"center center","background-size":"auto","background-attachment":"scroll","background-type":"","background-media":"","overlay-type":"","overlay-color":"","overlay-opacity":"","overlay-gradient":""},"tablet":{"background-color":"","background-image":"","background-repeat":"repeat","background-position":"center center","background-size":"auto","background-attachment":"scroll","background-type":"","background-media":"","overlay-type":"","overlay-color":"","overlay-opacity":"","overlay-gradient":""},"mobile":{"background-color":"","background-image":"","background-repeat":"repeat","background-position":"center center","background-size":"auto","background-attachment":"scroll","background-type":"","background-media":"","overlay-type":"","overlay-color":"","overlay-opacity":"","overlay-gradient":""}},"ast-content-background-meta":{"desktop":{"background-color":"var(--ast-global-color-4)","background-image":"","background-repeat":"repeat","background-position":"center center","background-size":"auto","background-attachment":"scroll","background-type":"","background-media":"","overlay-type":"","overlay-color":"","overlay-opacity":"","overlay-gradient":""},"tablet":{"background-color":"var(--ast-global-color-4)","background-image":"","background-repeat":"repeat","background-position":"center center","background-size":"auto","background-attachment":"scroll","background-type":"","background-media":"","overlay-type":"","overlay-color":"","overlay-opacity":"","overlay-gradient":""},"mobile":{"background-color":"var(--ast-global-color-4)","background-image":"","background-repeat":"repeat","background-position":"center center","background-size":"auto","background-attachment":"scroll","background-type":"","background-media":"","overlay-type":"","overlay-color":"","overlay-opacity":"","overlay-gradient":""}}},"product_brand":[],"product_cat":[31],"product_tag":[],"class_list":{"0":"post-9998","1":"product","2":"type-product","3":"status-publish","4":"has-post-thumbnail","6":"product_cat-grozine-literatura","7":"desktop-align-left","8":"tablet-align-left","9":"mobile-align-left","11":"first","12":"instock","13":"shipping-taxable","14":"purchasable","15":"product-type-simple"},"acf":[],"yoast_head":"<!-- This site is optimized with the Yoast SEO plugin v27.4 - https:\/\/yoast.com\/product\/yoast-seo-wordpress\/ -->\n<title>\u0160\u0117lstanti stichija. \u0160ird\u017ei\u0173 suokalbis - Skaitytaknyga<\/title>\n<meta name=\"description\" content=\"\u0160\u0117lstanti stichija  Leidyklos redaktor\u0117 Meg\u0117 Karail, \u017elugus ilgai puosel\u0117toms svajon\u0117ms praleisti atostogas su mylimuoju, i\u0161vyksta \u012f kaim\u0105, kur u\u017esimezga nauja, tikra draugyst\u0117 ir nuo\u0161irdi meil\u0117.   \u0160ird\u017ei\u0173 suokalbis  Jauna \u017eurnalist\u0117 Kasandra Preston apimta nevilties: naujasis provincijos laikra\u0161\u010dio, kuriame ji dirba, vyriausiasis redaktorius neken\u010dia jos, nuolat priekabiauja. Ta\u010diau vien\u0105 gra\u017ei\u0105 dien\u0105 jis pats, D\u017eord\u017eas Risas, pasi\u016blo jai susi\u017ead\u0117ti. Kod\u0117l jis tai padar\u0117 ir kuo viskas baig\u0117si, skaitytojas su\u017einos puslapis po puslapio sekdami j\u0173 santyki\u0173 peripetijas.\" \/>\n<meta name=\"robots\" content=\"index, follow, max-snippet:-1, max-image-preview:large, max-video-preview:-1\" \/>\n<link rel=\"canonical\" href=\"https:\/\/skaitytaknyga.lt\/en\/produktas\/selstanti-stichija-sirdziu-suokalbis\/\" \/>\n<meta property=\"og:locale\" content=\"en_GB\" \/>\n<meta property=\"og:locale:alternate\" content=\"lt_LT\" \/>\n<meta property=\"og:type\" content=\"article\" \/>\n<meta property=\"og:title\" content=\"\u0160\u0117lstanti stichija. \u0160ird\u017ei\u0173 suokalbis - Skaitytaknyga\" \/>\n<meta property=\"og:description\" content=\"\u0160\u0117lstanti stichija  Leidyklos redaktor\u0117 Meg\u0117 Karail, \u017elugus ilgai puosel\u0117toms svajon\u0117ms praleisti atostogas su mylimuoju, i\u0161vyksta \u012f kaim\u0105, kur u\u017esimezga nauja, tikra draugyst\u0117 ir nuo\u0161irdi meil\u0117.   \u0160ird\u017ei\u0173 suokalbis  Jauna \u017eurnalist\u0117 Kasandra Preston apimta nevilties: naujasis provincijos laikra\u0161\u010dio, kuriame ji dirba, vyriausiasis redaktorius neken\u010dia jos, nuolat priekabiauja. Ta\u010diau vien\u0105 gra\u017ei\u0105 dien\u0105 jis pats, D\u017eord\u017eas Risas, pasi\u016blo jai susi\u017ead\u0117ti. Kod\u0117l jis tai padar\u0117 ir kuo viskas baig\u0117si, skaitytojas su\u017einos puslapis po puslapio sekdami j\u0173 santyki\u0173 peripetijas.\" \/>\n<meta property=\"og:url\" content=\"https:\/\/skaitytaknyga.lt\/en\/produktas\/selstanti-stichija-sirdziu-suokalbis\/\" \/>\n<meta property=\"og:site_name\" content=\"Skaitytaknyga\" \/>\n<meta property=\"article:publisher\" content=\"https:\/\/www.facebook.com\/skaitytaknyga\/\" \/>\n<meta property=\"article:modified_time\" content=\"2024-05-04T18:05:09+00:00\" \/>\n<meta property=\"og:image\" content=\"https:\/\/skaitytaknyga.lt\/wp-content\/uploads\/2024\/05\/1462889069_img-001.jpg\" \/>\n\t<meta property=\"og:image:width\" content=\"266\" \/>\n\t<meta property=\"og:image:height\" content=\"430\" \/>\n\t<meta property=\"og:image:type\" content=\"image\/jpeg\" \/>\n<meta name=\"twitter:card\" content=\"summary_large_image\" \/>\n<script type=\"application\/ld+json\" class=\"yoast-schema-graph\">{\"@context\":\"https:\\\/\\\/schema.org\",\"@graph\":[{\"@type\":\"WebPage\",\"@id\":\"https:\\\/\\\/skaitytaknyga.lt\\\/produktas\\\/selstanti-stichija-sirdziu-suokalbis\\\/\",\"url\":\"https:\\\/\\\/skaitytaknyga.lt\\\/produktas\\\/selstanti-stichija-sirdziu-suokalbis\\\/\",\"name\":\"\u0160\u0117lstanti stichija. \u0160ird\u017ei\u0173 suokalbis - Skaitytaknyga\",\"isPartOf\":{\"@id\":\"https:\\\/\\\/skaitytaknyga.lt\\\/#website\"},\"primaryImageOfPage\":{\"@id\":\"https:\\\/\\\/skaitytaknyga.lt\\\/produktas\\\/selstanti-stichija-sirdziu-suokalbis\\\/#primaryimage\"},\"image\":{\"@id\":\"https:\\\/\\\/skaitytaknyga.lt\\\/produktas\\\/selstanti-stichija-sirdziu-suokalbis\\\/#primaryimage\"},\"thumbnailUrl\":\"https:\\\/\\\/skaitytaknyga.lt\\\/wp-content\\\/uploads\\\/2024\\\/05\\\/1462889069_img-001.jpg\",\"datePublished\":\"2024-05-04T18:04:10+00:00\",\"dateModified\":\"2024-05-04T18:05:09+00:00\",\"description\":\"\u0160\u0117lstanti stichija Leidyklos redaktor\u0117 Meg\u0117 Karail, \u017elugus ilgai puosel\u0117toms svajon\u0117ms praleisti atostogas su mylimuoju, i\u0161vyksta \u012f kaim\u0105, kur u\u017esimezga nauja, tikra draugyst\u0117 ir nuo\u0161irdi meil\u0117. \u0160ird\u017ei\u0173 suokalbis Jauna \u017eurnalist\u0117 Kasandra Preston apimta nevilties: naujasis provincijos laikra\u0161\u010dio, kuriame ji dirba, vyriausiasis redaktorius neken\u010dia jos, nuolat priekabiauja. Ta\u010diau vien\u0105 gra\u017ei\u0105 dien\u0105 jis pats, D\u017eord\u017eas Risas, pasi\u016blo jai susi\u017ead\u0117ti. Kod\u0117l jis tai padar\u0117 ir kuo viskas baig\u0117si, skaitytojas su\u017einos puslapis po puslapio sekdami j\u0173 santyki\u0173 peripetijas.\",\"breadcrumb\":{\"@id\":\"https:\\\/\\\/skaitytaknyga.lt\\\/produktas\\\/selstanti-stichija-sirdziu-suokalbis\\\/#breadcrumb\"},\"inLanguage\":\"en-GB\",\"potentialAction\":[{\"@type\":\"ReadAction\",\"target\":[\"https:\\\/\\\/skaitytaknyga.lt\\\/produktas\\\/selstanti-stichija-sirdziu-suokalbis\\\/\"]}]},{\"@type\":\"ImageObject\",\"inLanguage\":\"en-GB\",\"@id\":\"https:\\\/\\\/skaitytaknyga.lt\\\/produktas\\\/selstanti-stichija-sirdziu-suokalbis\\\/#primaryimage\",\"url\":\"https:\\\/\\\/skaitytaknyga.lt\\\/wp-content\\\/uploads\\\/2024\\\/05\\\/1462889069_img-001.jpg\",\"contentUrl\":\"https:\\\/\\\/skaitytaknyga.lt\\\/wp-content\\\/uploads\\\/2024\\\/05\\\/1462889069_img-001.jpg\",\"width\":266,\"height\":430},{\"@type\":\"BreadcrumbList\",\"@id\":\"https:\\\/\\\/skaitytaknyga.lt\\\/produktas\\\/selstanti-stichija-sirdziu-suokalbis\\\/#breadcrumb\",\"itemListElement\":[{\"@type\":\"ListItem\",\"position\":1,\"name\":\"Home\",\"item\":\"https:\\\/\\\/skaitytaknyga.lt\\\/\"},{\"@type\":\"ListItem\",\"position\":2,\"name\":\"Parduotuv\u0117\",\"item\":\"https:\\\/\\\/skaitytaknyga.lt\\\/knygu-parduotuve\\\/\"},{\"@type\":\"ListItem\",\"position\":3,\"name\":\"\u0160\u0117lstanti stichija. \u0160ird\u017ei\u0173 suokalbis\"}]},{\"@type\":\"WebSite\",\"@id\":\"https:\\\/\\\/skaitytaknyga.lt\\\/#website\",\"url\":\"https:\\\/\\\/skaitytaknyga.lt\\\/\",\"name\":\"skaitytaknyga.lt\",\"description\":\"Skaitytaknyga.lt \u2013 tai ma\u017eas \u0161eimos verslas, kuris prasid\u0117jo nuo meil\u0117s knygoms ir siekio i\u0161gelb\u0117ti knygas nuo likimo prie konteinerio. Kas vienam nereikalingas daiktas \u2013 kitam lobis, o mes esame tarpininkai, kurie padeda abiems tapti laimingesniems ???? \u017dinome kaip nelengva i\u0161gyventi ma\u017eiems verslams, tad nuo \u0161iol, \u010dia rasite ir kit\u0173, ma\u017e\u0173 \u0161eim\u0173 versl\u0173, rank\u0173 darbo, dovan\u0173 sau ir artimiesiems.\",\"publisher\":{\"@id\":\"https:\\\/\\\/skaitytaknyga.lt\\\/#organization\"},\"potentialAction\":[{\"@type\":\"SearchAction\",\"target\":{\"@type\":\"EntryPoint\",\"urlTemplate\":\"https:\\\/\\\/skaitytaknyga.lt\\\/?s={search_term_string}\"},\"query-input\":{\"@type\":\"PropertyValueSpecification\",\"valueRequired\":true,\"valueName\":\"search_term_string\"}}],\"inLanguage\":\"en-GB\"},{\"@type\":\"Organization\",\"@id\":\"https:\\\/\\\/skaitytaknyga.lt\\\/#organization\",\"name\":\"skaitytaknyga.lt\",\"url\":\"https:\\\/\\\/skaitytaknyga.lt\\\/\",\"logo\":{\"@type\":\"ImageObject\",\"inLanguage\":\"en-GB\",\"@id\":\"https:\\\/\\\/skaitytaknyga.lt\\\/#\\\/schema\\\/logo\\\/image\\\/\",\"url\":\"https:\\\/\\\/skaitytaknyga.lt\\\/wp-content\\\/uploads\\\/2024\\\/05\\\/cropped-cropped-cropped-02_00843_jt3bggkj1j3HLc7SyY6rEUpg.jpeg\",\"contentUrl\":\"https:\\\/\\\/skaitytaknyga.lt\\\/wp-content\\\/uploads\\\/2024\\\/05\\\/cropped-cropped-cropped-02_00843_jt3bggkj1j3HLc7SyY6rEUpg.jpeg\",\"width\":1600,\"height\":1600,\"caption\":\"skaitytaknyga.lt\"},\"image\":{\"@id\":\"https:\\\/\\\/skaitytaknyga.lt\\\/#\\\/schema\\\/logo\\\/image\\\/\"},\"sameAs\":[\"https:\\\/\\\/www.facebook.com\\\/skaitytaknyga\\\/\"]}]}<\/script>\n<!-- \/ Yoast SEO plugin. -->","yoast_head_json":{"title":"\u0160\u0117lstanti stichija. \u0160ird\u017ei\u0173 suokalbis - Skaitytaknyga","description":"\u0160\u0117lstanti stichija  Leidyklos redaktor\u0117 Meg\u0117 Karail, \u017elugus ilgai puosel\u0117toms svajon\u0117ms praleisti atostogas su mylimuoju, i\u0161vyksta \u012f kaim\u0105, kur u\u017esimezga nauja, tikra draugyst\u0117 ir nuo\u0161irdi meil\u0117.   \u0160ird\u017ei\u0173 suokalbis  Jauna \u017eurnalist\u0117 Kasandra Preston apimta nevilties: naujasis provincijos laikra\u0161\u010dio, kuriame ji dirba, vyriausiasis redaktorius neken\u010dia jos, nuolat priekabiauja. Ta\u010diau vien\u0105 gra\u017ei\u0105 dien\u0105 jis pats, D\u017eord\u017eas Risas, pasi\u016blo jai susi\u017ead\u0117ti. Kod\u0117l jis tai padar\u0117 ir kuo viskas baig\u0117si, skaitytojas su\u017einos puslapis po puslapio sekdami j\u0173 santyki\u0173 peripetijas.","robots":{"index":"index","follow":"follow","max-snippet":"max-snippet:-1","max-image-preview":"max-image-preview:large","max-video-preview":"max-video-preview:-1"},"canonical":"https:\/\/skaitytaknyga.lt\/en\/produktas\/selstanti-stichija-sirdziu-suokalbis\/","og_locale":"en_GB","og_type":"article","og_title":"\u0160\u0117lstanti stichija. \u0160ird\u017ei\u0173 suokalbis - Skaitytaknyga","og_description":"\u0160\u0117lstanti stichija  Leidyklos redaktor\u0117 Meg\u0117 Karail, \u017elugus ilgai puosel\u0117toms svajon\u0117ms praleisti atostogas su mylimuoju, i\u0161vyksta \u012f kaim\u0105, kur u\u017esimezga nauja, tikra draugyst\u0117 ir nuo\u0161irdi meil\u0117.   \u0160ird\u017ei\u0173 suokalbis  Jauna \u017eurnalist\u0117 Kasandra Preston apimta nevilties: naujasis provincijos laikra\u0161\u010dio, kuriame ji dirba, vyriausiasis redaktorius neken\u010dia jos, nuolat priekabiauja. Ta\u010diau vien\u0105 gra\u017ei\u0105 dien\u0105 jis pats, D\u017eord\u017eas Risas, pasi\u016blo jai susi\u017ead\u0117ti. Kod\u0117l jis tai padar\u0117 ir kuo viskas baig\u0117si, skaitytojas su\u017einos puslapis po puslapio sekdami j\u0173 santyki\u0173 peripetijas.","og_url":"https:\/\/skaitytaknyga.lt\/en\/produktas\/selstanti-stichija-sirdziu-suokalbis\/","og_site_name":"Skaitytaknyga","article_publisher":"https:\/\/www.facebook.com\/skaitytaknyga\/","article_modified_time":"2024-05-04T18:05:09+00:00","og_image":[{"width":266,"height":430,"url":"https:\/\/skaitytaknyga.lt\/wp-content\/uploads\/2024\/05\/1462889069_img-001.jpg","type":"image\/jpeg"}],"twitter_card":"summary_large_image","schema":{"@context":"https:\/\/schema.org","@graph":[{"@type":"WebPage","@id":"https:\/\/skaitytaknyga.lt\/produktas\/selstanti-stichija-sirdziu-suokalbis\/","url":"https:\/\/skaitytaknyga.lt\/produktas\/selstanti-stichija-sirdziu-suokalbis\/","name":"\u0160\u0117lstanti stichija. \u0160ird\u017ei\u0173 suokalbis - Skaitytaknyga","isPartOf":{"@id":"https:\/\/skaitytaknyga.lt\/#website"},"primaryImageOfPage":{"@id":"https:\/\/skaitytaknyga.lt\/produktas\/selstanti-stichija-sirdziu-suokalbis\/#primaryimage"},"image":{"@id":"https:\/\/skaitytaknyga.lt\/produktas\/selstanti-stichija-sirdziu-suokalbis\/#primaryimage"},"thumbnailUrl":"https:\/\/skaitytaknyga.lt\/wp-content\/uploads\/2024\/05\/1462889069_img-001.jpg","datePublished":"2024-05-04T18:04:10+00:00","dateModified":"2024-05-04T18:05:09+00:00","description":"\u0160\u0117lstanti stichija Leidyklos redaktor\u0117 Meg\u0117 Karail, \u017elugus ilgai puosel\u0117toms svajon\u0117ms praleisti atostogas su mylimuoju, i\u0161vyksta \u012f kaim\u0105, kur u\u017esimezga nauja, tikra draugyst\u0117 ir nuo\u0161irdi meil\u0117. \u0160ird\u017ei\u0173 suokalbis Jauna \u017eurnalist\u0117 Kasandra Preston apimta nevilties: naujasis provincijos laikra\u0161\u010dio, kuriame ji dirba, vyriausiasis redaktorius neken\u010dia jos, nuolat priekabiauja. Ta\u010diau vien\u0105 gra\u017ei\u0105 dien\u0105 jis pats, D\u017eord\u017eas Risas, pasi\u016blo jai susi\u017ead\u0117ti. Kod\u0117l jis tai padar\u0117 ir kuo viskas baig\u0117si, skaitytojas su\u017einos puslapis po puslapio sekdami j\u0173 santyki\u0173 peripetijas.","breadcrumb":{"@id":"https:\/\/skaitytaknyga.lt\/produktas\/selstanti-stichija-sirdziu-suokalbis\/#breadcrumb"},"inLanguage":"en-GB","potentialAction":[{"@type":"ReadAction","target":["https:\/\/skaitytaknyga.lt\/produktas\/selstanti-stichija-sirdziu-suokalbis\/"]}]},{"@type":"ImageObject","inLanguage":"en-GB","@id":"https:\/\/skaitytaknyga.lt\/produktas\/selstanti-stichija-sirdziu-suokalbis\/#primaryimage","url":"https:\/\/skaitytaknyga.lt\/wp-content\/uploads\/2024\/05\/1462889069_img-001.jpg","contentUrl":"https:\/\/skaitytaknyga.lt\/wp-content\/uploads\/2024\/05\/1462889069_img-001.jpg","width":266,"height":430},{"@type":"BreadcrumbList","@id":"https:\/\/skaitytaknyga.lt\/produktas\/selstanti-stichija-sirdziu-suokalbis\/#breadcrumb","itemListElement":[{"@type":"ListItem","position":1,"name":"Home","item":"https:\/\/skaitytaknyga.lt\/"},{"@type":"ListItem","position":2,"name":"Parduotuv\u0117","item":"https:\/\/skaitytaknyga.lt\/knygu-parduotuve\/"},{"@type":"ListItem","position":3,"name":"\u0160\u0117lstanti stichija. \u0160ird\u017ei\u0173 suokalbis"}]},{"@type":"WebSite","@id":"https:\/\/skaitytaknyga.lt\/#website","url":"https:\/\/skaitytaknyga.lt\/","name":"skaitytaknyga.lt","description":"Skaitytaknyga.lt \u2013 tai ma\u017eas \u0161eimos verslas, kuris prasid\u0117jo nuo meil\u0117s knygoms ir siekio i\u0161gelb\u0117ti knygas nuo likimo prie konteinerio. Kas vienam nereikalingas daiktas \u2013 kitam lobis, o mes esame tarpininkai, kurie padeda abiems tapti laimingesniems ???? \u017dinome kaip nelengva i\u0161gyventi ma\u017eiems verslams, tad nuo \u0161iol, \u010dia rasite ir kit\u0173, ma\u017e\u0173 \u0161eim\u0173 versl\u0173, rank\u0173 darbo, dovan\u0173 sau ir artimiesiems.","publisher":{"@id":"https:\/\/skaitytaknyga.lt\/#organization"},"potentialAction":[{"@type":"SearchAction","target":{"@type":"EntryPoint","urlTemplate":"https:\/\/skaitytaknyga.lt\/?s={search_term_string}"},"query-input":{"@type":"PropertyValueSpecification","valueRequired":true,"valueName":"search_term_string"}}],"inLanguage":"en-GB"},{"@type":"Organization","@id":"https:\/\/skaitytaknyga.lt\/#organization","name":"skaitytaknyga.lt","url":"https:\/\/skaitytaknyga.lt\/","logo":{"@type":"ImageObject","inLanguage":"en-GB","@id":"https:\/\/skaitytaknyga.lt\/#\/schema\/logo\/image\/","url":"https:\/\/skaitytaknyga.lt\/wp-content\/uploads\/2024\/05\/cropped-cropped-cropped-02_00843_jt3bggkj1j3HLc7SyY6rEUpg.jpeg","contentUrl":"https:\/\/skaitytaknyga.lt\/wp-content\/uploads\/2024\/05\/cropped-cropped-cropped-02_00843_jt3bggkj1j3HLc7SyY6rEUpg.jpeg","width":1600,"height":1600,"caption":"skaitytaknyga.lt"},"image":{"@id":"https:\/\/skaitytaknyga.lt\/#\/schema\/logo\/image\/"},"sameAs":["https:\/\/www.facebook.com\/skaitytaknyga\/"]}]}},"_links":{"self":[{"href":"https:\/\/skaitytaknyga.lt\/en\/wp-json\/wp\/v2\/product\/9998","targetHints":{"allow":["GET"]}}],"collection":[{"href":"https:\/\/skaitytaknyga.lt\/en\/wp-json\/wp\/v2\/product"}],"about":[{"href":"https:\/\/skaitytaknyga.lt\/en\/wp-json\/wp\/v2\/types\/product"}],"replies":[{"embeddable":true,"href":"https:\/\/skaitytaknyga.lt\/en\/wp-json\/wp\/v2\/comments?post=9998"}],"wp:featuredmedia":[{"embeddable":true,"href":"https:\/\/skaitytaknyga.lt\/en\/wp-json\/wp\/v2\/media\/10045"}],"wp:attachment":[{"href":"https:\/\/skaitytaknyga.lt\/en\/wp-json\/wp\/v2\/media?parent=9998"}],"wp:term":[{"taxonomy":"product_brand","embeddable":true,"href":"https:\/\/skaitytaknyga.lt\/en\/wp-json\/wp\/v2\/product_brand?post=9998"},{"taxonomy":"product_cat","embeddable":true,"href":"https:\/\/skaitytaknyga.lt\/en\/wp-json\/wp\/v2\/product_cat?post=9998"},{"taxonomy":"product_tag","embeddable":true,"href":"https:\/\/skaitytaknyga.lt\/en\/wp-json\/wp\/v2\/product_tag?post=9998"}],"curies":[{"name":"wp","href":"https:\/\/api.w.org\/{rel}","templated":true}]}}