{"id":9996,"date":"2024-05-04T18:04:10","date_gmt":"2024-05-04T18:04:10","guid":{"rendered":"https:\/\/skaitytaknyga.lt\/?post_type=product&#038;p=9996"},"modified":"2025-07-21T19:56:46","modified_gmt":"2025-07-21T16:56:46","slug":"apsimetinejimas-tikek-manimi","status":"publish","type":"product","link":"https:\/\/skaitytaknyga.lt\/en\/produktas\/apsimetinejimas-tikek-manimi\/","title":{"rendered":"Apsimetin\u0117jimas. Tik\u0117k manimi"},"content":{"rendered":"<p><strong>Apsimetin\u0117jimas<\/strong><\/p>\n<p>An\u0117 Lester\u00a0\u2013 gana talentinga, pradedanti aktor\u0117\u00a0\u2013 tapo \u012f\u017eeid\u017eian\u010dio, moters orum\u0105 \u017eeminan\u010dio poelgio liudininke. Ji nusprend\u017eia atker\u0161yti \u012f\u017eeid\u0117jui ir drauge patikrinti savo artistinius sugeb\u0117jimus. Ta\u010diau veikiai intriga \u0117m\u0117 vystytis ne pagal sumanyt\u0105 scenarij\u0173&#8230;<\/p>\n<p><strong>Tik\u0117k manimi<\/strong><\/p>\n<p>Likimas retai \u0161ypsojosi Luizai O\u2019Donel Steisi. Ji anksti neteko t\u0117v\u0173 ir iki dvide\u0161imt trej\u0173 met\u0173 gyveno savo sesers \u0161eimoje. Jausdamasi nereikalinga, ji nusprend\u0117pakeisti savo gyvenimo b\u016bd\u0105 ir i\u0161va\u017eiuoti \u012f Australij\u0105.<\/p>\n<p>Ta\u010diau ir \u010dia, Sidn\u0117juje, jai nesiseka. Nusivylusi mergina sutinka dirbti guvernante ka\u017ekur \u017eemyno gilumoje. Ji s\u0117da \u012f traukin\u012f ir va\u017eiuoja \u012f ne\u017einomyb\u0119. Kas jos laukia ateityje?<\/p>\n","protected":false},"excerpt":{"rendered":"<p><strong>Apsimetin\u0117jimas<\/strong><\/p>\n<p>An\u0117 Lester\u00a0\u2013 gana talentinga, pradedanti aktor\u0117\u00a0\u2013 tapo \u012f\u017eeid\u017eian\u010dio, moters orum\u0105 \u017eeminan\u010dio poelgio liudininke. Ji nusprend\u017eia atker\u0161yti \u012f\u017eeid\u0117jui ir drauge patikrinti savo artistinius sugeb\u0117jimus. Ta\u010diau veikiai intriga \u0117m\u0117 vystytis ne pagal sumanyt\u0105 scenarij\u0173&#8230;<\/p>\n<p><strong>Tik\u0117k manimi<\/strong><\/p>\n<p>Likimas retai \u0161ypsojosi Luizai O\u2019Donel Steisi. Ji anksti neteko t\u0117v\u0173 ir iki dvide\u0161imt trej\u0173 met\u0173 gyveno savo sesers \u0161eimoje. Jausdamasi nereikalinga, ji nusprend\u0117pakeisti savo gyvenimo b\u016bd\u0105 ir i\u0161va\u017eiuoti \u012f Australij\u0105.<\/p>\n<p>Ta\u010diau ir \u010dia, Sidn\u0117juje, jai nesiseka. Nusivylusi mergina sutinka dirbti guvernante ka\u017ekur \u017eemyno gilumoje. Ji s\u0117da \u012f traukin\u012f ir va\u017eiuoja \u012f ne\u017einomyb\u0119. Kas jos laukia ateityje?<\/p>\n","protected":false},"featured_media":10043,"comment_status":"closed","ping_status":"closed","template":"","meta":{"_acf_changed":false,"site-sidebar-layout":"default","site-content-layout":"","ast-site-content-layout":"default","site-content-style":"default","site-sidebar-style":"default","ast-global-header-display":"","ast-banner-title-visibility":"","ast-main-header-display":"","ast-hfb-above-header-display":"","ast-hfb-below-header-display":"","ast-hfb-mobile-header-display":"","site-post-title":"","ast-breadcrumbs-content":"","ast-featured-img":"","footer-sml-layout":"","ast-disable-related-posts":"","theme-transparent-header-meta":"","adv-header-id-meta":"","stick-header-meta":"","header-above-stick-meta":"","header-main-stick-meta":"","header-below-stick-meta":"","astra-migrate-meta-layouts":"default","ast-page-background-enabled":"default","ast-page-background-meta":{"desktop":{"background-color":"","background-image":"","background-repeat":"repeat","background-position":"center center","background-size":"auto","background-attachment":"scroll","background-type":"","background-media":"","overlay-type":"","overlay-color":"","overlay-opacity":"","overlay-gradient":""},"tablet":{"background-color":"","background-image":"","background-repeat":"repeat","background-position":"center center","background-size":"auto","background-attachment":"scroll","background-type":"","background-media":"","overlay-type":"","overlay-color":"","overlay-opacity":"","overlay-gradient":""},"mobile":{"background-color":"","background-image":"","background-repeat":"repeat","background-position":"center center","background-size":"auto","background-attachment":"scroll","background-type":"","background-media":"","overlay-type":"","overlay-color":"","overlay-opacity":"","overlay-gradient":""}},"ast-content-background-meta":{"desktop":{"background-color":"var(--ast-global-color-4)","background-image":"","background-repeat":"repeat","background-position":"center center","background-size":"auto","background-attachment":"scroll","background-type":"","background-media":"","overlay-type":"","overlay-color":"","overlay-opacity":"","overlay-gradient":""},"tablet":{"background-color":"var(--ast-global-color-4)","background-image":"","background-repeat":"repeat","background-position":"center center","background-size":"auto","background-attachment":"scroll","background-type":"","background-media":"","overlay-type":"","overlay-color":"","overlay-opacity":"","overlay-gradient":""},"mobile":{"background-color":"var(--ast-global-color-4)","background-image":"","background-repeat":"repeat","background-position":"center center","background-size":"auto","background-attachment":"scroll","background-type":"","background-media":"","overlay-type":"","overlay-color":"","overlay-opacity":"","overlay-gradient":""}}},"product_brand":[],"product_cat":[31],"product_tag":[],"class_list":{"0":"post-9996","1":"product","2":"type-product","3":"status-publish","4":"has-post-thumbnail","6":"product_cat-grozine-literatura","7":"desktop-align-left","8":"tablet-align-left","9":"mobile-align-left","11":"first","12":"outofstock","13":"shipping-taxable","14":"purchasable","15":"product-type-simple"},"acf":[],"yoast_head":"<!-- This site is optimized with the Yoast SEO plugin v27.4 - https:\/\/yoast.com\/product\/yoast-seo-wordpress\/ -->\n<title>Apsimetin\u0117jimas. Tik\u0117k manimi - Skaitytaknyga<\/title>\n<meta name=\"description\" content=\"Apsimetin\u0117jimas  An\u0117 Lester\u00a0\u2013 gana talentinga, pradedanti aktor\u0117\u00a0\u2013 tapo \u012f\u017eeid\u017eian\u010dio, moters orum\u0105 \u017eeminan\u010dio poelgio liudininke. Ji nusprend\u017eia atker\u0161yti \u012f\u017eeid\u0117jui ir drauge patikrinti savo artistinius sugeb\u0117jimus. Ta\u010diau veikiai intriga \u0117m\u0117 vystytis ne pagal sumanyt\u0105 scenarij\u0173...  Tik\u0117k manimi  Likimas retai \u0161ypsojosi Luizai O\u2019Donel Steisi. Ji anksti neteko t\u0117v\u0173 ir iki dvide\u0161imt trej\u0173 met\u0173 gyveno savo sesers \u0161eimoje. Jausdamasi nereikalinga, ji nusprend\u0117pakeisti savo gyvenimo b\u016bd\u0105 ir i\u0161va\u017eiuoti \u012f Australij\u0105.  Ta\u010diau ir \u010dia, Sidn\u0117juje, jai nesiseka. Nusivylusi mergina sutinka dirbti guvernante ka\u017ekur \u017eemyno gilumoje. Ji s\u0117da \u012f traukin\u012f ir va\u017eiuoja \u012f ne\u017einomyb\u0119. Kas jos laukia ateityje?\" \/>\n<meta name=\"robots\" content=\"index, follow, max-snippet:-1, max-image-preview:large, max-video-preview:-1\" \/>\n<link rel=\"canonical\" href=\"https:\/\/skaitytaknyga.lt\/en\/produktas\/apsimetinejimas-tikek-manimi\/\" \/>\n<meta property=\"og:locale\" content=\"en_GB\" \/>\n<meta property=\"og:locale:alternate\" content=\"lt_LT\" \/>\n<meta property=\"og:type\" content=\"article\" \/>\n<meta property=\"og:title\" content=\"Apsimetin\u0117jimas. Tik\u0117k manimi - Skaitytaknyga\" \/>\n<meta property=\"og:description\" content=\"Apsimetin\u0117jimas  An\u0117 Lester\u00a0\u2013 gana talentinga, pradedanti aktor\u0117\u00a0\u2013 tapo \u012f\u017eeid\u017eian\u010dio, moters orum\u0105 \u017eeminan\u010dio poelgio liudininke. Ji nusprend\u017eia atker\u0161yti \u012f\u017eeid\u0117jui ir drauge patikrinti savo artistinius sugeb\u0117jimus. Ta\u010diau veikiai intriga \u0117m\u0117 vystytis ne pagal sumanyt\u0105 scenarij\u0173...  Tik\u0117k manimi  Likimas retai \u0161ypsojosi Luizai O\u2019Donel Steisi. Ji anksti neteko t\u0117v\u0173 ir iki dvide\u0161imt trej\u0173 met\u0173 gyveno savo sesers \u0161eimoje. Jausdamasi nereikalinga, ji nusprend\u0117pakeisti savo gyvenimo b\u016bd\u0105 ir i\u0161va\u017eiuoti \u012f Australij\u0105.  Ta\u010diau ir \u010dia, Sidn\u0117juje, jai nesiseka. Nusivylusi mergina sutinka dirbti guvernante ka\u017ekur \u017eemyno gilumoje. Ji s\u0117da \u012f traukin\u012f ir va\u017eiuoja \u012f ne\u017einomyb\u0119. Kas jos laukia ateityje?\" \/>\n<meta property=\"og:url\" content=\"https:\/\/skaitytaknyga.lt\/en\/produktas\/apsimetinejimas-tikek-manimi\/\" \/>\n<meta property=\"og:site_name\" content=\"Skaitytaknyga\" \/>\n<meta property=\"article:publisher\" content=\"https:\/\/www.facebook.com\/skaitytaknyga\/\" \/>\n<meta property=\"article:modified_time\" content=\"2025-07-21T16:56:46+00:00\" \/>\n<meta property=\"og:image\" content=\"https:\/\/skaitytaknyga.lt\/wp-content\/uploads\/2024\/05\/1462886168_img0010-001.jpg\" \/>\n\t<meta property=\"og:image:width\" content=\"278\" \/>\n\t<meta property=\"og:image:height\" content=\"430\" \/>\n\t<meta property=\"og:image:type\" content=\"image\/jpeg\" \/>\n<meta name=\"twitter:card\" content=\"summary_large_image\" \/>\n<meta name=\"twitter:label1\" content=\"Estimated reading time\" \/>\n\t<meta name=\"twitter:data1\" content=\"1 minute\" \/>\n<script type=\"application\/ld+json\" class=\"yoast-schema-graph\">{\"@context\":\"https:\\\/\\\/schema.org\",\"@graph\":[{\"@type\":\"WebPage\",\"@id\":\"https:\\\/\\\/skaitytaknyga.lt\\\/produktas\\\/apsimetinejimas-tikek-manimi\\\/\",\"url\":\"https:\\\/\\\/skaitytaknyga.lt\\\/produktas\\\/apsimetinejimas-tikek-manimi\\\/\",\"name\":\"Apsimetin\u0117jimas. Tik\u0117k manimi - Skaitytaknyga\",\"isPartOf\":{\"@id\":\"https:\\\/\\\/skaitytaknyga.lt\\\/#website\"},\"primaryImageOfPage\":{\"@id\":\"https:\\\/\\\/skaitytaknyga.lt\\\/produktas\\\/apsimetinejimas-tikek-manimi\\\/#primaryimage\"},\"image\":{\"@id\":\"https:\\\/\\\/skaitytaknyga.lt\\\/produktas\\\/apsimetinejimas-tikek-manimi\\\/#primaryimage\"},\"thumbnailUrl\":\"https:\\\/\\\/skaitytaknyga.lt\\\/wp-content\\\/uploads\\\/2024\\\/05\\\/1462886168_img0010-001.jpg\",\"datePublished\":\"2024-05-04T18:04:10+00:00\",\"dateModified\":\"2025-07-21T16:56:46+00:00\",\"description\":\"Apsimetin\u0117jimas An\u0117 Lester\u00a0\u2013 gana talentinga, pradedanti aktor\u0117\u00a0\u2013 tapo \u012f\u017eeid\u017eian\u010dio, moters orum\u0105 \u017eeminan\u010dio poelgio liudininke. Ji nusprend\u017eia atker\u0161yti \u012f\u017eeid\u0117jui ir drauge patikrinti savo artistinius sugeb\u0117jimus. Ta\u010diau veikiai intriga \u0117m\u0117 vystytis ne pagal sumanyt\u0105 scenarij\u0173... Tik\u0117k manimi Likimas retai \u0161ypsojosi Luizai O\u2019Donel Steisi. Ji anksti neteko t\u0117v\u0173 ir iki dvide\u0161imt trej\u0173 met\u0173 gyveno savo sesers \u0161eimoje. Jausdamasi nereikalinga, ji nusprend\u0117pakeisti savo gyvenimo b\u016bd\u0105 ir i\u0161va\u017eiuoti \u012f Australij\u0105. Ta\u010diau ir \u010dia, Sidn\u0117juje, jai nesiseka. Nusivylusi mergina sutinka dirbti guvernante ka\u017ekur \u017eemyno gilumoje. Ji s\u0117da \u012f traukin\u012f ir va\u017eiuoja \u012f ne\u017einomyb\u0119. Kas jos laukia ateityje?\",\"breadcrumb\":{\"@id\":\"https:\\\/\\\/skaitytaknyga.lt\\\/produktas\\\/apsimetinejimas-tikek-manimi\\\/#breadcrumb\"},\"inLanguage\":\"en-GB\",\"potentialAction\":[{\"@type\":\"ReadAction\",\"target\":[\"https:\\\/\\\/skaitytaknyga.lt\\\/produktas\\\/apsimetinejimas-tikek-manimi\\\/\"]}]},{\"@type\":\"ImageObject\",\"inLanguage\":\"en-GB\",\"@id\":\"https:\\\/\\\/skaitytaknyga.lt\\\/produktas\\\/apsimetinejimas-tikek-manimi\\\/#primaryimage\",\"url\":\"https:\\\/\\\/skaitytaknyga.lt\\\/wp-content\\\/uploads\\\/2024\\\/05\\\/1462886168_img0010-001.jpg\",\"contentUrl\":\"https:\\\/\\\/skaitytaknyga.lt\\\/wp-content\\\/uploads\\\/2024\\\/05\\\/1462886168_img0010-001.jpg\",\"width\":278,\"height\":430},{\"@type\":\"BreadcrumbList\",\"@id\":\"https:\\\/\\\/skaitytaknyga.lt\\\/produktas\\\/apsimetinejimas-tikek-manimi\\\/#breadcrumb\",\"itemListElement\":[{\"@type\":\"ListItem\",\"position\":1,\"name\":\"Home\",\"item\":\"https:\\\/\\\/skaitytaknyga.lt\\\/\"},{\"@type\":\"ListItem\",\"position\":2,\"name\":\"Parduotuv\u0117\",\"item\":\"https:\\\/\\\/skaitytaknyga.lt\\\/knygu-parduotuve\\\/\"},{\"@type\":\"ListItem\",\"position\":3,\"name\":\"Apsimetin\u0117jimas. Tik\u0117k manimi\"}]},{\"@type\":\"WebSite\",\"@id\":\"https:\\\/\\\/skaitytaknyga.lt\\\/#website\",\"url\":\"https:\\\/\\\/skaitytaknyga.lt\\\/\",\"name\":\"skaitytaknyga.lt\",\"description\":\"Skaitytaknyga.lt \u2013 tai ma\u017eas \u0161eimos verslas, kuris prasid\u0117jo nuo meil\u0117s knygoms ir siekio i\u0161gelb\u0117ti knygas nuo likimo prie konteinerio. Kas vienam nereikalingas daiktas \u2013 kitam lobis, o mes esame tarpininkai, kurie padeda abiems tapti laimingesniems ???? \u017dinome kaip nelengva i\u0161gyventi ma\u017eiems verslams, tad nuo \u0161iol, \u010dia rasite ir kit\u0173, ma\u017e\u0173 \u0161eim\u0173 versl\u0173, rank\u0173 darbo, dovan\u0173 sau ir artimiesiems.\",\"publisher\":{\"@id\":\"https:\\\/\\\/skaitytaknyga.lt\\\/#organization\"},\"potentialAction\":[{\"@type\":\"SearchAction\",\"target\":{\"@type\":\"EntryPoint\",\"urlTemplate\":\"https:\\\/\\\/skaitytaknyga.lt\\\/?s={search_term_string}\"},\"query-input\":{\"@type\":\"PropertyValueSpecification\",\"valueRequired\":true,\"valueName\":\"search_term_string\"}}],\"inLanguage\":\"en-GB\"},{\"@type\":\"Organization\",\"@id\":\"https:\\\/\\\/skaitytaknyga.lt\\\/#organization\",\"name\":\"skaitytaknyga.lt\",\"url\":\"https:\\\/\\\/skaitytaknyga.lt\\\/\",\"logo\":{\"@type\":\"ImageObject\",\"inLanguage\":\"en-GB\",\"@id\":\"https:\\\/\\\/skaitytaknyga.lt\\\/#\\\/schema\\\/logo\\\/image\\\/\",\"url\":\"https:\\\/\\\/skaitytaknyga.lt\\\/wp-content\\\/uploads\\\/2024\\\/05\\\/cropped-cropped-cropped-02_00843_jt3bggkj1j3HLc7SyY6rEUpg.jpeg\",\"contentUrl\":\"https:\\\/\\\/skaitytaknyga.lt\\\/wp-content\\\/uploads\\\/2024\\\/05\\\/cropped-cropped-cropped-02_00843_jt3bggkj1j3HLc7SyY6rEUpg.jpeg\",\"width\":1600,\"height\":1600,\"caption\":\"skaitytaknyga.lt\"},\"image\":{\"@id\":\"https:\\\/\\\/skaitytaknyga.lt\\\/#\\\/schema\\\/logo\\\/image\\\/\"},\"sameAs\":[\"https:\\\/\\\/www.facebook.com\\\/skaitytaknyga\\\/\"]}]}<\/script>\n<!-- \/ Yoast SEO plugin. -->","yoast_head_json":{"title":"Apsimetin\u0117jimas. Tik\u0117k manimi - Skaitytaknyga","description":"Apsimetin\u0117jimas  An\u0117 Lester\u00a0\u2013 gana talentinga, pradedanti aktor\u0117\u00a0\u2013 tapo \u012f\u017eeid\u017eian\u010dio, moters orum\u0105 \u017eeminan\u010dio poelgio liudininke. Ji nusprend\u017eia atker\u0161yti \u012f\u017eeid\u0117jui ir drauge patikrinti savo artistinius sugeb\u0117jimus. Ta\u010diau veikiai intriga \u0117m\u0117 vystytis ne pagal sumanyt\u0105 scenarij\u0173...  Tik\u0117k manimi  Likimas retai \u0161ypsojosi Luizai O\u2019Donel Steisi. Ji anksti neteko t\u0117v\u0173 ir iki dvide\u0161imt trej\u0173 met\u0173 gyveno savo sesers \u0161eimoje. Jausdamasi nereikalinga, ji nusprend\u0117pakeisti savo gyvenimo b\u016bd\u0105 ir i\u0161va\u017eiuoti \u012f Australij\u0105.  Ta\u010diau ir \u010dia, Sidn\u0117juje, jai nesiseka. Nusivylusi mergina sutinka dirbti guvernante ka\u017ekur \u017eemyno gilumoje. Ji s\u0117da \u012f traukin\u012f ir va\u017eiuoja \u012f ne\u017einomyb\u0119. Kas jos laukia ateityje?","robots":{"index":"index","follow":"follow","max-snippet":"max-snippet:-1","max-image-preview":"max-image-preview:large","max-video-preview":"max-video-preview:-1"},"canonical":"https:\/\/skaitytaknyga.lt\/en\/produktas\/apsimetinejimas-tikek-manimi\/","og_locale":"en_GB","og_type":"article","og_title":"Apsimetin\u0117jimas. Tik\u0117k manimi - Skaitytaknyga","og_description":"Apsimetin\u0117jimas  An\u0117 Lester\u00a0\u2013 gana talentinga, pradedanti aktor\u0117\u00a0\u2013 tapo \u012f\u017eeid\u017eian\u010dio, moters orum\u0105 \u017eeminan\u010dio poelgio liudininke. Ji nusprend\u017eia atker\u0161yti \u012f\u017eeid\u0117jui ir drauge patikrinti savo artistinius sugeb\u0117jimus. Ta\u010diau veikiai intriga \u0117m\u0117 vystytis ne pagal sumanyt\u0105 scenarij\u0173...  Tik\u0117k manimi  Likimas retai \u0161ypsojosi Luizai O\u2019Donel Steisi. Ji anksti neteko t\u0117v\u0173 ir iki dvide\u0161imt trej\u0173 met\u0173 gyveno savo sesers \u0161eimoje. Jausdamasi nereikalinga, ji nusprend\u0117pakeisti savo gyvenimo b\u016bd\u0105 ir i\u0161va\u017eiuoti \u012f Australij\u0105.  Ta\u010diau ir \u010dia, Sidn\u0117juje, jai nesiseka. Nusivylusi mergina sutinka dirbti guvernante ka\u017ekur \u017eemyno gilumoje. Ji s\u0117da \u012f traukin\u012f ir va\u017eiuoja \u012f ne\u017einomyb\u0119. Kas jos laukia ateityje?","og_url":"https:\/\/skaitytaknyga.lt\/en\/produktas\/apsimetinejimas-tikek-manimi\/","og_site_name":"Skaitytaknyga","article_publisher":"https:\/\/www.facebook.com\/skaitytaknyga\/","article_modified_time":"2025-07-21T16:56:46+00:00","og_image":[{"width":278,"height":430,"url":"https:\/\/skaitytaknyga.lt\/wp-content\/uploads\/2024\/05\/1462886168_img0010-001.jpg","type":"image\/jpeg"}],"twitter_card":"summary_large_image","twitter_misc":{"Estimated reading time":"1 minute"},"schema":{"@context":"https:\/\/schema.org","@graph":[{"@type":"WebPage","@id":"https:\/\/skaitytaknyga.lt\/produktas\/apsimetinejimas-tikek-manimi\/","url":"https:\/\/skaitytaknyga.lt\/produktas\/apsimetinejimas-tikek-manimi\/","name":"Apsimetin\u0117jimas. Tik\u0117k manimi - Skaitytaknyga","isPartOf":{"@id":"https:\/\/skaitytaknyga.lt\/#website"},"primaryImageOfPage":{"@id":"https:\/\/skaitytaknyga.lt\/produktas\/apsimetinejimas-tikek-manimi\/#primaryimage"},"image":{"@id":"https:\/\/skaitytaknyga.lt\/produktas\/apsimetinejimas-tikek-manimi\/#primaryimage"},"thumbnailUrl":"https:\/\/skaitytaknyga.lt\/wp-content\/uploads\/2024\/05\/1462886168_img0010-001.jpg","datePublished":"2024-05-04T18:04:10+00:00","dateModified":"2025-07-21T16:56:46+00:00","description":"Apsimetin\u0117jimas An\u0117 Lester\u00a0\u2013 gana talentinga, pradedanti aktor\u0117\u00a0\u2013 tapo \u012f\u017eeid\u017eian\u010dio, moters orum\u0105 \u017eeminan\u010dio poelgio liudininke. Ji nusprend\u017eia atker\u0161yti \u012f\u017eeid\u0117jui ir drauge patikrinti savo artistinius sugeb\u0117jimus. Ta\u010diau veikiai intriga \u0117m\u0117 vystytis ne pagal sumanyt\u0105 scenarij\u0173... Tik\u0117k manimi Likimas retai \u0161ypsojosi Luizai O\u2019Donel Steisi. Ji anksti neteko t\u0117v\u0173 ir iki dvide\u0161imt trej\u0173 met\u0173 gyveno savo sesers \u0161eimoje. Jausdamasi nereikalinga, ji nusprend\u0117pakeisti savo gyvenimo b\u016bd\u0105 ir i\u0161va\u017eiuoti \u012f Australij\u0105. Ta\u010diau ir \u010dia, Sidn\u0117juje, jai nesiseka. Nusivylusi mergina sutinka dirbti guvernante ka\u017ekur \u017eemyno gilumoje. Ji s\u0117da \u012f traukin\u012f ir va\u017eiuoja \u012f ne\u017einomyb\u0119. Kas jos laukia ateityje?","breadcrumb":{"@id":"https:\/\/skaitytaknyga.lt\/produktas\/apsimetinejimas-tikek-manimi\/#breadcrumb"},"inLanguage":"en-GB","potentialAction":[{"@type":"ReadAction","target":["https:\/\/skaitytaknyga.lt\/produktas\/apsimetinejimas-tikek-manimi\/"]}]},{"@type":"ImageObject","inLanguage":"en-GB","@id":"https:\/\/skaitytaknyga.lt\/produktas\/apsimetinejimas-tikek-manimi\/#primaryimage","url":"https:\/\/skaitytaknyga.lt\/wp-content\/uploads\/2024\/05\/1462886168_img0010-001.jpg","contentUrl":"https:\/\/skaitytaknyga.lt\/wp-content\/uploads\/2024\/05\/1462886168_img0010-001.jpg","width":278,"height":430},{"@type":"BreadcrumbList","@id":"https:\/\/skaitytaknyga.lt\/produktas\/apsimetinejimas-tikek-manimi\/#breadcrumb","itemListElement":[{"@type":"ListItem","position":1,"name":"Home","item":"https:\/\/skaitytaknyga.lt\/"},{"@type":"ListItem","position":2,"name":"Parduotuv\u0117","item":"https:\/\/skaitytaknyga.lt\/knygu-parduotuve\/"},{"@type":"ListItem","position":3,"name":"Apsimetin\u0117jimas. Tik\u0117k manimi"}]},{"@type":"WebSite","@id":"https:\/\/skaitytaknyga.lt\/#website","url":"https:\/\/skaitytaknyga.lt\/","name":"skaitytaknyga.lt","description":"Skaitytaknyga.lt \u2013 tai ma\u017eas \u0161eimos verslas, kuris prasid\u0117jo nuo meil\u0117s knygoms ir siekio i\u0161gelb\u0117ti knygas nuo likimo prie konteinerio. Kas vienam nereikalingas daiktas \u2013 kitam lobis, o mes esame tarpininkai, kurie padeda abiems tapti laimingesniems ???? \u017dinome kaip nelengva i\u0161gyventi ma\u017eiems verslams, tad nuo \u0161iol, \u010dia rasite ir kit\u0173, ma\u017e\u0173 \u0161eim\u0173 versl\u0173, rank\u0173 darbo, dovan\u0173 sau ir artimiesiems.","publisher":{"@id":"https:\/\/skaitytaknyga.lt\/#organization"},"potentialAction":[{"@type":"SearchAction","target":{"@type":"EntryPoint","urlTemplate":"https:\/\/skaitytaknyga.lt\/?s={search_term_string}"},"query-input":{"@type":"PropertyValueSpecification","valueRequired":true,"valueName":"search_term_string"}}],"inLanguage":"en-GB"},{"@type":"Organization","@id":"https:\/\/skaitytaknyga.lt\/#organization","name":"skaitytaknyga.lt","url":"https:\/\/skaitytaknyga.lt\/","logo":{"@type":"ImageObject","inLanguage":"en-GB","@id":"https:\/\/skaitytaknyga.lt\/#\/schema\/logo\/image\/","url":"https:\/\/skaitytaknyga.lt\/wp-content\/uploads\/2024\/05\/cropped-cropped-cropped-02_00843_jt3bggkj1j3HLc7SyY6rEUpg.jpeg","contentUrl":"https:\/\/skaitytaknyga.lt\/wp-content\/uploads\/2024\/05\/cropped-cropped-cropped-02_00843_jt3bggkj1j3HLc7SyY6rEUpg.jpeg","width":1600,"height":1600,"caption":"skaitytaknyga.lt"},"image":{"@id":"https:\/\/skaitytaknyga.lt\/#\/schema\/logo\/image\/"},"sameAs":["https:\/\/www.facebook.com\/skaitytaknyga\/"]}]}},"_links":{"self":[{"href":"https:\/\/skaitytaknyga.lt\/en\/wp-json\/wp\/v2\/product\/9996","targetHints":{"allow":["GET"]}}],"collection":[{"href":"https:\/\/skaitytaknyga.lt\/en\/wp-json\/wp\/v2\/product"}],"about":[{"href":"https:\/\/skaitytaknyga.lt\/en\/wp-json\/wp\/v2\/types\/product"}],"replies":[{"embeddable":true,"href":"https:\/\/skaitytaknyga.lt\/en\/wp-json\/wp\/v2\/comments?post=9996"}],"wp:featuredmedia":[{"embeddable":true,"href":"https:\/\/skaitytaknyga.lt\/en\/wp-json\/wp\/v2\/media\/10043"}],"wp:attachment":[{"href":"https:\/\/skaitytaknyga.lt\/en\/wp-json\/wp\/v2\/media?parent=9996"}],"wp:term":[{"taxonomy":"product_brand","embeddable":true,"href":"https:\/\/skaitytaknyga.lt\/en\/wp-json\/wp\/v2\/product_brand?post=9996"},{"taxonomy":"product_cat","embeddable":true,"href":"https:\/\/skaitytaknyga.lt\/en\/wp-json\/wp\/v2\/product_cat?post=9996"},{"taxonomy":"product_tag","embeddable":true,"href":"https:\/\/skaitytaknyga.lt\/en\/wp-json\/wp\/v2\/product_tag?post=9996"}],"curies":[{"name":"wp","href":"https:\/\/api.w.org\/{rel}","templated":true}]}}