{"id":9995,"date":"2024-05-04T18:04:10","date_gmt":"2024-05-04T18:04:10","guid":{"rendered":"https:\/\/skaitytaknyga.lt\/?post_type=product&#038;p=9995"},"modified":"2024-05-04T18:05:03","modified_gmt":"2024-05-04T18:05:03","slug":"dzudi-devero-aksomine-daina","status":"publish","type":"product","link":"https:\/\/skaitytaknyga.lt\/en\/produktas\/dzudi-devero-aksomine-daina\/","title":{"rendered":"D\u017eudi Devero \u201eAksomin\u0117 daina\u201c"},"content":{"rendered":"<p>I\u0161didus ir impulsyvus tre\u010diasis garsios Anglijoje Montgomeri\u0173 \u0161eimos narys Reinas, u\u017esitrauk\u0119s karaliaus Henriko r\u016bstyb\u0119, jau kur\u012f laik\u0105 gyvena mi\u0161ke ir vadovauja visokio plauko visuomen\u0117s atstumt\u0173j\u0173 gaujai. Vien\u0105 dien\u0105 \u012f mi\u0161k\u0105 atklysta liesutis vaikinukas, kur\u012f, ilgai negalvoj\u0119s, Montgomeris imasi globoti ir paskiria b\u016bti ginklane\u0161iu.<\/p>\n<p>Ta\u010diau \u0161eimos r\u016bpes\u010di\u0173 slegiamas, Reinas ne i\u0161 karto pastebi, kad skard\u017eiabalsis akipl\u0117\u0161a ginklane\u0161ys \u2013 jauna, labai talentinga ir i\u0161didi mergina. \u017diauriai nu\u017eudyto teisininko dukrai, garsiai miestelio dainininkei ir muzikantei Aliks, kaip ir Reinui, priverstai slapstytis mi\u0161ke, tenka sunkus Montgomeri\u0173 \u0161eimos taikdar\u0117s vaidmuo.<\/p>\n","protected":false},"excerpt":{"rendered":"<p>I\u0161didus ir impulsyvus tre\u010diasis garsios Anglijoje Montgomeri\u0173 \u0161eimos narys Reinas, u\u017esitrauk\u0119s karaliaus Henriko r\u016bstyb\u0119, jau kur\u012f laik\u0105 gyvena mi\u0161ke ir vadovauja visokio plauko visuomen\u0117s atstumt\u0173j\u0173 gaujai. Vien\u0105 dien\u0105 \u012f mi\u0161k\u0105 atklysta liesutis vaikinukas, kur\u012f, ilgai negalvoj\u0119s, Montgomeris imasi globoti ir paskiria b\u016bti ginklane\u0161iu.<\/p>\n<p>Ta\u010diau \u0161eimos r\u016bpes\u010di\u0173 slegiamas, Reinas ne i\u0161 karto pastebi, kad skard\u017eiabalsis akipl\u0117\u0161a ginklane\u0161ys \u2013 jauna, labai talentinga ir i\u0161didi mergina. \u017diauriai nu\u017eudyto teisininko dukrai, garsiai miestelio dainininkei ir muzikantei Aliks, kaip ir Reinui, priverstai slapstytis mi\u0161ke, tenka sunkus Montgomeri\u0173 \u0161eimos taikdar\u0117s vaidmuo.<\/p>\n","protected":false},"featured_media":10042,"comment_status":"closed","ping_status":"closed","template":"","meta":{"_acf_changed":false,"site-sidebar-layout":"default","site-content-layout":"","ast-site-content-layout":"default","site-content-style":"default","site-sidebar-style":"default","ast-global-header-display":"","ast-banner-title-visibility":"","ast-main-header-display":"","ast-hfb-above-header-display":"","ast-hfb-below-header-display":"","ast-hfb-mobile-header-display":"","site-post-title":"","ast-breadcrumbs-content":"","ast-featured-img":"","footer-sml-layout":"","ast-disable-related-posts":"","theme-transparent-header-meta":"","adv-header-id-meta":"","stick-header-meta":"","header-above-stick-meta":"","header-main-stick-meta":"","header-below-stick-meta":"","astra-migrate-meta-layouts":"default","ast-page-background-enabled":"default","ast-page-background-meta":{"desktop":{"background-color":"","background-image":"","background-repeat":"repeat","background-position":"center center","background-size":"auto","background-attachment":"scroll","background-type":"","background-media":"","overlay-type":"","overlay-color":"","overlay-opacity":"","overlay-gradient":""},"tablet":{"background-color":"","background-image":"","background-repeat":"repeat","background-position":"center center","background-size":"auto","background-attachment":"scroll","background-type":"","background-media":"","overlay-type":"","overlay-color":"","overlay-opacity":"","overlay-gradient":""},"mobile":{"background-color":"","background-image":"","background-repeat":"repeat","background-position":"center center","background-size":"auto","background-attachment":"scroll","background-type":"","background-media":"","overlay-type":"","overlay-color":"","overlay-opacity":"","overlay-gradient":""}},"ast-content-background-meta":{"desktop":{"background-color":"var(--ast-global-color-4)","background-image":"","background-repeat":"repeat","background-position":"center center","background-size":"auto","background-attachment":"scroll","background-type":"","background-media":"","overlay-type":"","overlay-color":"","overlay-opacity":"","overlay-gradient":""},"tablet":{"background-color":"var(--ast-global-color-4)","background-image":"","background-repeat":"repeat","background-position":"center center","background-size":"auto","background-attachment":"scroll","background-type":"","background-media":"","overlay-type":"","overlay-color":"","overlay-opacity":"","overlay-gradient":""},"mobile":{"background-color":"var(--ast-global-color-4)","background-image":"","background-repeat":"repeat","background-position":"center center","background-size":"auto","background-attachment":"scroll","background-type":"","background-media":"","overlay-type":"","overlay-color":"","overlay-opacity":"","overlay-gradient":""}}},"product_brand":[],"product_cat":[31],"product_tag":[],"class_list":{"0":"post-9995","1":"product","2":"type-product","3":"status-publish","4":"has-post-thumbnail","6":"product_cat-grozine-literatura","7":"desktop-align-left","8":"tablet-align-left","9":"mobile-align-left","11":"first","12":"outofstock","13":"shipping-taxable","14":"purchasable","15":"product-type-simple"},"acf":[],"yoast_head":"<!-- This site is optimized with the Yoast SEO plugin v27.4 - https:\/\/yoast.com\/product\/yoast-seo-wordpress\/ -->\n<title>D\u017eudi Devero \u201eAksomin\u0117 daina\u201c - Skaitytaknyga<\/title>\n<meta name=\"description\" content=\"I\u0161didus ir impulsyvus tre\u010diasis garsios Anglijoje Montgomeri\u0173 \u0161eimos narys Reinas, u\u017esitrauk\u0119s karaliaus Henriko r\u016bstyb\u0119, jau kur\u012f laik\u0105 gyvena mi\u0161ke ir vadovauja visokio plauko visuomen\u0117s atstumt\u0173j\u0173 gaujai. Vien\u0105 dien\u0105 \u012f mi\u0161k\u0105 atklysta liesutis vaikinukas, kur\u012f, ilgai negalvoj\u0119s, Montgomeris imasi globoti ir paskiria b\u016bti ginklane\u0161iu.  Ta\u010diau \u0161eimos r\u016bpes\u010di\u0173 slegiamas, Reinas ne i\u0161 karto pastebi, kad skard\u017eiabalsis akipl\u0117\u0161a ginklane\u0161ys \u2013 jauna, labai talentinga ir i\u0161didi mergina. \u017diauriai nu\u017eudyto teisininko dukrai, garsiai miestelio dainininkei ir muzikantei Aliks, kaip ir Reinui, priverstai slapstytis mi\u0161ke, tenka sunkus Montgomeri\u0173 \u0161eimos taikdar\u0117s vaidmuo.\" \/>\n<meta name=\"robots\" content=\"index, follow, max-snippet:-1, max-image-preview:large, max-video-preview:-1\" \/>\n<link rel=\"canonical\" href=\"https:\/\/skaitytaknyga.lt\/en\/produktas\/dzudi-devero-aksomine-daina\/\" \/>\n<meta property=\"og:locale\" content=\"en_GB\" \/>\n<meta property=\"og:locale:alternate\" content=\"lt_LT\" \/>\n<meta property=\"og:type\" content=\"article\" \/>\n<meta property=\"og:title\" content=\"D\u017eudi Devero \u201eAksomin\u0117 daina\u201c - Skaitytaknyga\" \/>\n<meta property=\"og:description\" content=\"I\u0161didus ir impulsyvus tre\u010diasis garsios Anglijoje Montgomeri\u0173 \u0161eimos narys Reinas, u\u017esitrauk\u0119s karaliaus Henriko r\u016bstyb\u0119, jau kur\u012f laik\u0105 gyvena mi\u0161ke ir vadovauja visokio plauko visuomen\u0117s atstumt\u0173j\u0173 gaujai. Vien\u0105 dien\u0105 \u012f mi\u0161k\u0105 atklysta liesutis vaikinukas, kur\u012f, ilgai negalvoj\u0119s, Montgomeris imasi globoti ir paskiria b\u016bti ginklane\u0161iu.  Ta\u010diau \u0161eimos r\u016bpes\u010di\u0173 slegiamas, Reinas ne i\u0161 karto pastebi, kad skard\u017eiabalsis akipl\u0117\u0161a ginklane\u0161ys \u2013 jauna, labai talentinga ir i\u0161didi mergina. \u017diauriai nu\u017eudyto teisininko dukrai, garsiai miestelio dainininkei ir muzikantei Aliks, kaip ir Reinui, priverstai slapstytis mi\u0161ke, tenka sunkus Montgomeri\u0173 \u0161eimos taikdar\u0117s vaidmuo.\" \/>\n<meta property=\"og:url\" content=\"https:\/\/skaitytaknyga.lt\/en\/produktas\/dzudi-devero-aksomine-daina\/\" \/>\n<meta property=\"og:site_name\" content=\"Skaitytaknyga\" \/>\n<meta property=\"article:publisher\" content=\"https:\/\/www.facebook.com\/skaitytaknyga\/\" \/>\n<meta property=\"article:modified_time\" content=\"2024-05-04T18:05:03+00:00\" \/>\n<meta property=\"og:image\" content=\"https:\/\/skaitytaknyga.lt\/wp-content\/uploads\/2024\/05\/1462888711_img0010-001.jpg\" \/>\n\t<meta property=\"og:image:width\" content=\"260\" \/>\n\t<meta property=\"og:image:height\" content=\"430\" \/>\n\t<meta property=\"og:image:type\" content=\"image\/jpeg\" \/>\n<meta name=\"twitter:card\" content=\"summary_large_image\" \/>\n<meta name=\"twitter:label1\" content=\"Estimated reading time\" \/>\n\t<meta name=\"twitter:data1\" content=\"1 minute\" \/>\n<script type=\"application\/ld+json\" class=\"yoast-schema-graph\">{\"@context\":\"https:\\\/\\\/schema.org\",\"@graph\":[{\"@type\":\"WebPage\",\"@id\":\"https:\\\/\\\/skaitytaknyga.lt\\\/produktas\\\/dzudi-devero-aksomine-daina\\\/\",\"url\":\"https:\\\/\\\/skaitytaknyga.lt\\\/produktas\\\/dzudi-devero-aksomine-daina\\\/\",\"name\":\"D\u017eudi Devero \u201eAksomin\u0117 daina\u201c - Skaitytaknyga\",\"isPartOf\":{\"@id\":\"https:\\\/\\\/skaitytaknyga.lt\\\/#website\"},\"primaryImageOfPage\":{\"@id\":\"https:\\\/\\\/skaitytaknyga.lt\\\/produktas\\\/dzudi-devero-aksomine-daina\\\/#primaryimage\"},\"image\":{\"@id\":\"https:\\\/\\\/skaitytaknyga.lt\\\/produktas\\\/dzudi-devero-aksomine-daina\\\/#primaryimage\"},\"thumbnailUrl\":\"https:\\\/\\\/skaitytaknyga.lt\\\/wp-content\\\/uploads\\\/2024\\\/05\\\/1462888711_img0010-001.jpg\",\"datePublished\":\"2024-05-04T18:04:10+00:00\",\"dateModified\":\"2024-05-04T18:05:03+00:00\",\"description\":\"I\u0161didus ir impulsyvus tre\u010diasis garsios Anglijoje Montgomeri\u0173 \u0161eimos narys Reinas, u\u017esitrauk\u0119s karaliaus Henriko r\u016bstyb\u0119, jau kur\u012f laik\u0105 gyvena mi\u0161ke ir vadovauja visokio plauko visuomen\u0117s atstumt\u0173j\u0173 gaujai. Vien\u0105 dien\u0105 \u012f mi\u0161k\u0105 atklysta liesutis vaikinukas, kur\u012f, ilgai negalvoj\u0119s, Montgomeris imasi globoti ir paskiria b\u016bti ginklane\u0161iu. Ta\u010diau \u0161eimos r\u016bpes\u010di\u0173 slegiamas, Reinas ne i\u0161 karto pastebi, kad skard\u017eiabalsis akipl\u0117\u0161a ginklane\u0161ys \u2013 jauna, labai talentinga ir i\u0161didi mergina. \u017diauriai nu\u017eudyto teisininko dukrai, garsiai miestelio dainininkei ir muzikantei Aliks, kaip ir Reinui, priverstai slapstytis mi\u0161ke, tenka sunkus Montgomeri\u0173 \u0161eimos taikdar\u0117s vaidmuo.\",\"breadcrumb\":{\"@id\":\"https:\\\/\\\/skaitytaknyga.lt\\\/produktas\\\/dzudi-devero-aksomine-daina\\\/#breadcrumb\"},\"inLanguage\":\"en-GB\",\"potentialAction\":[{\"@type\":\"ReadAction\",\"target\":[\"https:\\\/\\\/skaitytaknyga.lt\\\/produktas\\\/dzudi-devero-aksomine-daina\\\/\"]}]},{\"@type\":\"ImageObject\",\"inLanguage\":\"en-GB\",\"@id\":\"https:\\\/\\\/skaitytaknyga.lt\\\/produktas\\\/dzudi-devero-aksomine-daina\\\/#primaryimage\",\"url\":\"https:\\\/\\\/skaitytaknyga.lt\\\/wp-content\\\/uploads\\\/2024\\\/05\\\/1462888711_img0010-001.jpg\",\"contentUrl\":\"https:\\\/\\\/skaitytaknyga.lt\\\/wp-content\\\/uploads\\\/2024\\\/05\\\/1462888711_img0010-001.jpg\",\"width\":260,\"height\":430},{\"@type\":\"BreadcrumbList\",\"@id\":\"https:\\\/\\\/skaitytaknyga.lt\\\/produktas\\\/dzudi-devero-aksomine-daina\\\/#breadcrumb\",\"itemListElement\":[{\"@type\":\"ListItem\",\"position\":1,\"name\":\"Home\",\"item\":\"https:\\\/\\\/skaitytaknyga.lt\\\/\"},{\"@type\":\"ListItem\",\"position\":2,\"name\":\"Parduotuv\u0117\",\"item\":\"https:\\\/\\\/skaitytaknyga.lt\\\/knygu-parduotuve\\\/\"},{\"@type\":\"ListItem\",\"position\":3,\"name\":\"D\u017eudi Devero \u201eAksomin\u0117 daina\u201c\"}]},{\"@type\":\"WebSite\",\"@id\":\"https:\\\/\\\/skaitytaknyga.lt\\\/#website\",\"url\":\"https:\\\/\\\/skaitytaknyga.lt\\\/\",\"name\":\"skaitytaknyga.lt\",\"description\":\"Skaitytaknyga.lt \u2013 tai ma\u017eas \u0161eimos verslas, kuris prasid\u0117jo nuo meil\u0117s knygoms ir siekio i\u0161gelb\u0117ti knygas nuo likimo prie konteinerio. Kas vienam nereikalingas daiktas \u2013 kitam lobis, o mes esame tarpininkai, kurie padeda abiems tapti laimingesniems ???? \u017dinome kaip nelengva i\u0161gyventi ma\u017eiems verslams, tad nuo \u0161iol, \u010dia rasite ir kit\u0173, ma\u017e\u0173 \u0161eim\u0173 versl\u0173, rank\u0173 darbo, dovan\u0173 sau ir artimiesiems.\",\"publisher\":{\"@id\":\"https:\\\/\\\/skaitytaknyga.lt\\\/#organization\"},\"potentialAction\":[{\"@type\":\"SearchAction\",\"target\":{\"@type\":\"EntryPoint\",\"urlTemplate\":\"https:\\\/\\\/skaitytaknyga.lt\\\/?s={search_term_string}\"},\"query-input\":{\"@type\":\"PropertyValueSpecification\",\"valueRequired\":true,\"valueName\":\"search_term_string\"}}],\"inLanguage\":\"en-GB\"},{\"@type\":\"Organization\",\"@id\":\"https:\\\/\\\/skaitytaknyga.lt\\\/#organization\",\"name\":\"skaitytaknyga.lt\",\"url\":\"https:\\\/\\\/skaitytaknyga.lt\\\/\",\"logo\":{\"@type\":\"ImageObject\",\"inLanguage\":\"en-GB\",\"@id\":\"https:\\\/\\\/skaitytaknyga.lt\\\/#\\\/schema\\\/logo\\\/image\\\/\",\"url\":\"https:\\\/\\\/skaitytaknyga.lt\\\/wp-content\\\/uploads\\\/2024\\\/05\\\/cropped-cropped-cropped-02_00843_jt3bggkj1j3HLc7SyY6rEUpg.jpeg\",\"contentUrl\":\"https:\\\/\\\/skaitytaknyga.lt\\\/wp-content\\\/uploads\\\/2024\\\/05\\\/cropped-cropped-cropped-02_00843_jt3bggkj1j3HLc7SyY6rEUpg.jpeg\",\"width\":1600,\"height\":1600,\"caption\":\"skaitytaknyga.lt\"},\"image\":{\"@id\":\"https:\\\/\\\/skaitytaknyga.lt\\\/#\\\/schema\\\/logo\\\/image\\\/\"},\"sameAs\":[\"https:\\\/\\\/www.facebook.com\\\/skaitytaknyga\\\/\"]}]}<\/script>\n<!-- \/ Yoast SEO plugin. -->","yoast_head_json":{"title":"D\u017eudi Devero \u201eAksomin\u0117 daina\u201c - Skaitytaknyga","description":"I\u0161didus ir impulsyvus tre\u010diasis garsios Anglijoje Montgomeri\u0173 \u0161eimos narys Reinas, u\u017esitrauk\u0119s karaliaus Henriko r\u016bstyb\u0119, jau kur\u012f laik\u0105 gyvena mi\u0161ke ir vadovauja visokio plauko visuomen\u0117s atstumt\u0173j\u0173 gaujai. Vien\u0105 dien\u0105 \u012f mi\u0161k\u0105 atklysta liesutis vaikinukas, kur\u012f, ilgai negalvoj\u0119s, Montgomeris imasi globoti ir paskiria b\u016bti ginklane\u0161iu.  Ta\u010diau \u0161eimos r\u016bpes\u010di\u0173 slegiamas, Reinas ne i\u0161 karto pastebi, kad skard\u017eiabalsis akipl\u0117\u0161a ginklane\u0161ys \u2013 jauna, labai talentinga ir i\u0161didi mergina. \u017diauriai nu\u017eudyto teisininko dukrai, garsiai miestelio dainininkei ir muzikantei Aliks, kaip ir Reinui, priverstai slapstytis mi\u0161ke, tenka sunkus Montgomeri\u0173 \u0161eimos taikdar\u0117s vaidmuo.","robots":{"index":"index","follow":"follow","max-snippet":"max-snippet:-1","max-image-preview":"max-image-preview:large","max-video-preview":"max-video-preview:-1"},"canonical":"https:\/\/skaitytaknyga.lt\/en\/produktas\/dzudi-devero-aksomine-daina\/","og_locale":"en_GB","og_type":"article","og_title":"D\u017eudi Devero \u201eAksomin\u0117 daina\u201c - Skaitytaknyga","og_description":"I\u0161didus ir impulsyvus tre\u010diasis garsios Anglijoje Montgomeri\u0173 \u0161eimos narys Reinas, u\u017esitrauk\u0119s karaliaus Henriko r\u016bstyb\u0119, jau kur\u012f laik\u0105 gyvena mi\u0161ke ir vadovauja visokio plauko visuomen\u0117s atstumt\u0173j\u0173 gaujai. Vien\u0105 dien\u0105 \u012f mi\u0161k\u0105 atklysta liesutis vaikinukas, kur\u012f, ilgai negalvoj\u0119s, Montgomeris imasi globoti ir paskiria b\u016bti ginklane\u0161iu.  Ta\u010diau \u0161eimos r\u016bpes\u010di\u0173 slegiamas, Reinas ne i\u0161 karto pastebi, kad skard\u017eiabalsis akipl\u0117\u0161a ginklane\u0161ys \u2013 jauna, labai talentinga ir i\u0161didi mergina. \u017diauriai nu\u017eudyto teisininko dukrai, garsiai miestelio dainininkei ir muzikantei Aliks, kaip ir Reinui, priverstai slapstytis mi\u0161ke, tenka sunkus Montgomeri\u0173 \u0161eimos taikdar\u0117s vaidmuo.","og_url":"https:\/\/skaitytaknyga.lt\/en\/produktas\/dzudi-devero-aksomine-daina\/","og_site_name":"Skaitytaknyga","article_publisher":"https:\/\/www.facebook.com\/skaitytaknyga\/","article_modified_time":"2024-05-04T18:05:03+00:00","og_image":[{"width":260,"height":430,"url":"https:\/\/skaitytaknyga.lt\/wp-content\/uploads\/2024\/05\/1462888711_img0010-001.jpg","type":"image\/jpeg"}],"twitter_card":"summary_large_image","twitter_misc":{"Estimated reading time":"1 minute"},"schema":{"@context":"https:\/\/schema.org","@graph":[{"@type":"WebPage","@id":"https:\/\/skaitytaknyga.lt\/produktas\/dzudi-devero-aksomine-daina\/","url":"https:\/\/skaitytaknyga.lt\/produktas\/dzudi-devero-aksomine-daina\/","name":"D\u017eudi Devero \u201eAksomin\u0117 daina\u201c - Skaitytaknyga","isPartOf":{"@id":"https:\/\/skaitytaknyga.lt\/#website"},"primaryImageOfPage":{"@id":"https:\/\/skaitytaknyga.lt\/produktas\/dzudi-devero-aksomine-daina\/#primaryimage"},"image":{"@id":"https:\/\/skaitytaknyga.lt\/produktas\/dzudi-devero-aksomine-daina\/#primaryimage"},"thumbnailUrl":"https:\/\/skaitytaknyga.lt\/wp-content\/uploads\/2024\/05\/1462888711_img0010-001.jpg","datePublished":"2024-05-04T18:04:10+00:00","dateModified":"2024-05-04T18:05:03+00:00","description":"I\u0161didus ir impulsyvus tre\u010diasis garsios Anglijoje Montgomeri\u0173 \u0161eimos narys Reinas, u\u017esitrauk\u0119s karaliaus Henriko r\u016bstyb\u0119, jau kur\u012f laik\u0105 gyvena mi\u0161ke ir vadovauja visokio plauko visuomen\u0117s atstumt\u0173j\u0173 gaujai. Vien\u0105 dien\u0105 \u012f mi\u0161k\u0105 atklysta liesutis vaikinukas, kur\u012f, ilgai negalvoj\u0119s, Montgomeris imasi globoti ir paskiria b\u016bti ginklane\u0161iu. Ta\u010diau \u0161eimos r\u016bpes\u010di\u0173 slegiamas, Reinas ne i\u0161 karto pastebi, kad skard\u017eiabalsis akipl\u0117\u0161a ginklane\u0161ys \u2013 jauna, labai talentinga ir i\u0161didi mergina. \u017diauriai nu\u017eudyto teisininko dukrai, garsiai miestelio dainininkei ir muzikantei Aliks, kaip ir Reinui, priverstai slapstytis mi\u0161ke, tenka sunkus Montgomeri\u0173 \u0161eimos taikdar\u0117s vaidmuo.","breadcrumb":{"@id":"https:\/\/skaitytaknyga.lt\/produktas\/dzudi-devero-aksomine-daina\/#breadcrumb"},"inLanguage":"en-GB","potentialAction":[{"@type":"ReadAction","target":["https:\/\/skaitytaknyga.lt\/produktas\/dzudi-devero-aksomine-daina\/"]}]},{"@type":"ImageObject","inLanguage":"en-GB","@id":"https:\/\/skaitytaknyga.lt\/produktas\/dzudi-devero-aksomine-daina\/#primaryimage","url":"https:\/\/skaitytaknyga.lt\/wp-content\/uploads\/2024\/05\/1462888711_img0010-001.jpg","contentUrl":"https:\/\/skaitytaknyga.lt\/wp-content\/uploads\/2024\/05\/1462888711_img0010-001.jpg","width":260,"height":430},{"@type":"BreadcrumbList","@id":"https:\/\/skaitytaknyga.lt\/produktas\/dzudi-devero-aksomine-daina\/#breadcrumb","itemListElement":[{"@type":"ListItem","position":1,"name":"Home","item":"https:\/\/skaitytaknyga.lt\/"},{"@type":"ListItem","position":2,"name":"Parduotuv\u0117","item":"https:\/\/skaitytaknyga.lt\/knygu-parduotuve\/"},{"@type":"ListItem","position":3,"name":"D\u017eudi Devero \u201eAksomin\u0117 daina\u201c"}]},{"@type":"WebSite","@id":"https:\/\/skaitytaknyga.lt\/#website","url":"https:\/\/skaitytaknyga.lt\/","name":"skaitytaknyga.lt","description":"Skaitytaknyga.lt \u2013 tai ma\u017eas \u0161eimos verslas, kuris prasid\u0117jo nuo meil\u0117s knygoms ir siekio i\u0161gelb\u0117ti knygas nuo likimo prie konteinerio. Kas vienam nereikalingas daiktas \u2013 kitam lobis, o mes esame tarpininkai, kurie padeda abiems tapti laimingesniems ???? \u017dinome kaip nelengva i\u0161gyventi ma\u017eiems verslams, tad nuo \u0161iol, \u010dia rasite ir kit\u0173, ma\u017e\u0173 \u0161eim\u0173 versl\u0173, rank\u0173 darbo, dovan\u0173 sau ir artimiesiems.","publisher":{"@id":"https:\/\/skaitytaknyga.lt\/#organization"},"potentialAction":[{"@type":"SearchAction","target":{"@type":"EntryPoint","urlTemplate":"https:\/\/skaitytaknyga.lt\/?s={search_term_string}"},"query-input":{"@type":"PropertyValueSpecification","valueRequired":true,"valueName":"search_term_string"}}],"inLanguage":"en-GB"},{"@type":"Organization","@id":"https:\/\/skaitytaknyga.lt\/#organization","name":"skaitytaknyga.lt","url":"https:\/\/skaitytaknyga.lt\/","logo":{"@type":"ImageObject","inLanguage":"en-GB","@id":"https:\/\/skaitytaknyga.lt\/#\/schema\/logo\/image\/","url":"https:\/\/skaitytaknyga.lt\/wp-content\/uploads\/2024\/05\/cropped-cropped-cropped-02_00843_jt3bggkj1j3HLc7SyY6rEUpg.jpeg","contentUrl":"https:\/\/skaitytaknyga.lt\/wp-content\/uploads\/2024\/05\/cropped-cropped-cropped-02_00843_jt3bggkj1j3HLc7SyY6rEUpg.jpeg","width":1600,"height":1600,"caption":"skaitytaknyga.lt"},"image":{"@id":"https:\/\/skaitytaknyga.lt\/#\/schema\/logo\/image\/"},"sameAs":["https:\/\/www.facebook.com\/skaitytaknyga\/"]}]}},"_links":{"self":[{"href":"https:\/\/skaitytaknyga.lt\/en\/wp-json\/wp\/v2\/product\/9995","targetHints":{"allow":["GET"]}}],"collection":[{"href":"https:\/\/skaitytaknyga.lt\/en\/wp-json\/wp\/v2\/product"}],"about":[{"href":"https:\/\/skaitytaknyga.lt\/en\/wp-json\/wp\/v2\/types\/product"}],"replies":[{"embeddable":true,"href":"https:\/\/skaitytaknyga.lt\/en\/wp-json\/wp\/v2\/comments?post=9995"}],"wp:featuredmedia":[{"embeddable":true,"href":"https:\/\/skaitytaknyga.lt\/en\/wp-json\/wp\/v2\/media\/10042"}],"wp:attachment":[{"href":"https:\/\/skaitytaknyga.lt\/en\/wp-json\/wp\/v2\/media?parent=9995"}],"wp:term":[{"taxonomy":"product_brand","embeddable":true,"href":"https:\/\/skaitytaknyga.lt\/en\/wp-json\/wp\/v2\/product_brand?post=9995"},{"taxonomy":"product_cat","embeddable":true,"href":"https:\/\/skaitytaknyga.lt\/en\/wp-json\/wp\/v2\/product_cat?post=9995"},{"taxonomy":"product_tag","embeddable":true,"href":"https:\/\/skaitytaknyga.lt\/en\/wp-json\/wp\/v2\/product_tag?post=9995"}],"curies":[{"name":"wp","href":"https:\/\/api.w.org\/{rel}","templated":true}]}}