{"id":9985,"date":"2024-05-04T18:03:47","date_gmt":"2024-05-04T18:03:47","guid":{"rendered":"https:\/\/skaitytaknyga.lt\/?post_type=product&#038;p=9985"},"modified":"2024-05-04T18:04:52","modified_gmt":"2024-05-04T18:04:52","slug":"ernestas-hemingvejus-anapus-upes-medziu-uksmeje-senis-ir-jura","status":"publish","type":"product","link":"https:\/\/skaitytaknyga.lt\/en\/produktas\/ernestas-hemingvejus-anapus-upes-medziu-uksmeje-senis-ir-jura\/","title":{"rendered":"Ernestas Hemingv\u0117jus \u201eAnapus up\u0117s, med\u017ei\u0173 \u016bksm\u0117je. Senis ir j\u016bra\u201c"},"content":{"rendered":"<p>Penkiasde\u0161imtmetis JAV p\u0117stinink\u0173 kariuomen\u0117s pulkininkas Ri\u010dardas Kantvelas atvyksta \u012f Venecij\u0105, \u201e\u012f savo miest\u0105&#8221;. \u010cia jis susitinka su itale grafaite Renata, kuri yra jo \u201epaskutin\u0117, tikra ir vienintel\u0117 meil\u0117&#8221;.\u00a0<strong>\u201eAnapus up\u0117s, med\u017ei\u0173 \u016bksm\u0117je&#8221;<\/strong>\u00a0&#8211; bene gra\u017eiausia E. Hemingv\u0117jaus knyga apie meil\u0119, para\u0161yta po ra\u0161ytojo kelion\u0117s \u012f Italij\u0105 1948 metais.<\/p>\n<p>Nedidukas romanas\u00a0<strong>\u201eSenis ir j\u016bra\u201c<\/strong>\u00a0(1952), pasakojantis apie senio kov\u0105 su \u017euvimi ir u\u017e \u017euv\u012f &#8211; apie \u017emogaus kov\u0105 su likimu ir u\u017e i\u0161likim\u0105 &#8211; savo giliu prasmingumu, i\u0161mintingumu, alegori\u0161kumu i\u0161siskiria i\u0161 kit\u0173\u00a0<strong>E. Hemingv\u0117jaus<\/strong>\u00a0k\u016brini\u0173.<\/p>\n<p>&nbsp;<\/p>\n","protected":false},"excerpt":{"rendered":"<p>Penkiasde\u0161imtmetis JAV p\u0117stinink\u0173 kariuomen\u0117s pulkininkas Ri\u010dardas Kantvelas atvyksta \u012f Venecij\u0105, \u201e\u012f savo miest\u0105&#8221;. \u010cia jis susitinka su itale grafaite Renata, kuri yra jo \u201epaskutin\u0117, tikra ir vienintel\u0117 meil\u0117&#8221;.\u00a0<strong>\u201eAnapus up\u0117s, med\u017ei\u0173 \u016bksm\u0117je&#8221;<\/strong>\u00a0&#8211; bene gra\u017eiausia E. Hemingv\u0117jaus knyga apie meil\u0119, para\u0161yta po ra\u0161ytojo kelion\u0117s \u012f Italij\u0105 1948 metais.<\/p>\n<p>Nedidukas romanas\u00a0<strong>\u201eSenis ir j\u016bra\u201c<\/strong>\u00a0(1952), pasakojantis apie senio kov\u0105 su \u017euvimi ir u\u017e \u017euv\u012f &#8211; apie \u017emogaus kov\u0105 su likimu ir u\u017e i\u0161likim\u0105 &#8211; savo giliu prasmingumu, i\u0161mintingumu, alegori\u0161kumu i\u0161siskiria i\u0161 kit\u0173\u00a0<strong>E. Hemingv\u0117jaus<\/strong>\u00a0k\u016brini\u0173.<\/p>\n<p>&nbsp;<\/p>\n","protected":false},"featured_media":10028,"comment_status":"closed","ping_status":"closed","template":"","meta":{"_acf_changed":false,"site-sidebar-layout":"default","site-content-layout":"","ast-site-content-layout":"default","site-content-style":"default","site-sidebar-style":"default","ast-global-header-display":"","ast-banner-title-visibility":"","ast-main-header-display":"","ast-hfb-above-header-display":"","ast-hfb-below-header-display":"","ast-hfb-mobile-header-display":"","site-post-title":"","ast-breadcrumbs-content":"","ast-featured-img":"","footer-sml-layout":"","ast-disable-related-posts":"","theme-transparent-header-meta":"","adv-header-id-meta":"","stick-header-meta":"","header-above-stick-meta":"","header-main-stick-meta":"","header-below-stick-meta":"","astra-migrate-meta-layouts":"default","ast-page-background-enabled":"default","ast-page-background-meta":{"desktop":{"background-color":"","background-image":"","background-repeat":"repeat","background-position":"center center","background-size":"auto","background-attachment":"scroll","background-type":"","background-media":"","overlay-type":"","overlay-color":"","overlay-opacity":"","overlay-gradient":""},"tablet":{"background-color":"","background-image":"","background-repeat":"repeat","background-position":"center center","background-size":"auto","background-attachment":"scroll","background-type":"","background-media":"","overlay-type":"","overlay-color":"","overlay-opacity":"","overlay-gradient":""},"mobile":{"background-color":"","background-image":"","background-repeat":"repeat","background-position":"center center","background-size":"auto","background-attachment":"scroll","background-type":"","background-media":"","overlay-type":"","overlay-color":"","overlay-opacity":"","overlay-gradient":""}},"ast-content-background-meta":{"desktop":{"background-color":"var(--ast-global-color-4)","background-image":"","background-repeat":"repeat","background-position":"center center","background-size":"auto","background-attachment":"scroll","background-type":"","background-media":"","overlay-type":"","overlay-color":"","overlay-opacity":"","overlay-gradient":""},"tablet":{"background-color":"var(--ast-global-color-4)","background-image":"","background-repeat":"repeat","background-position":"center center","background-size":"auto","background-attachment":"scroll","background-type":"","background-media":"","overlay-type":"","overlay-color":"","overlay-opacity":"","overlay-gradient":""},"mobile":{"background-color":"var(--ast-global-color-4)","background-image":"","background-repeat":"repeat","background-position":"center center","background-size":"auto","background-attachment":"scroll","background-type":"","background-media":"","overlay-type":"","overlay-color":"","overlay-opacity":"","overlay-gradient":""}}},"product_brand":[],"product_cat":[31],"product_tag":[],"class_list":{"0":"post-9985","1":"product","2":"type-product","3":"status-publish","4":"has-post-thumbnail","6":"product_cat-grozine-literatura","7":"pa_leidimo-metai-680","8":"pa_virselis-kietas","9":"desktop-align-left","10":"tablet-align-left","11":"mobile-align-left","13":"first","14":"outofstock","15":"shipping-taxable","16":"purchasable","17":"product-type-simple"},"acf":[],"yoast_head":"<!-- This site is optimized with the Yoast SEO plugin v27.4 - https:\/\/yoast.com\/product\/yoast-seo-wordpress\/ -->\n<title>Ernestas Hemingv\u0117jus \u201eAnapus up\u0117s, med\u017ei\u0173 \u016bksm\u0117je. Senis ir j\u016bra\u201c - Skaitytaknyga<\/title>\n<meta name=\"description\" content=\"Penkiasde\u0161imtmetis JAV p\u0117stinink\u0173 kariuomen\u0117s pulkininkas Ri\u010dardas Kantvelas atvyksta \u012f Venecij\u0105, \u201e\u012f savo miest\u0105&quot;. \u010cia jis susitinka su itale grafaite Renata, kuri yra jo \u201epaskutin\u0117, tikra ir vienintel\u0117 meil\u0117&quot;.\u00a0\u201eAnapus up\u0117s, med\u017ei\u0173 \u016bksm\u0117je&quot;\u00a0- bene gra\u017eiausia E. Hemingv\u0117jaus knyga apie meil\u0119, para\u0161yta po ra\u0161ytojo kelion\u0117s \u012f Italij\u0105 1948 metais.  Nedidukas romanas\u00a0\u201eSenis ir j\u016bra\u201c\u00a0(1952), pasakojantis apie senio kov\u0105 su \u017euvimi ir u\u017e \u017euv\u012f - apie \u017emogaus kov\u0105 su likimu ir u\u017e i\u0161likim\u0105 - savo giliu prasmingumu, i\u0161mintingumu, alegori\u0161kumu i\u0161siskiria i\u0161 kit\u0173\u00a0E. Hemingv\u0117jaus\u00a0k\u016brini\u0173.  &nbsp;\" \/>\n<meta name=\"robots\" content=\"index, follow, max-snippet:-1, max-image-preview:large, max-video-preview:-1\" \/>\n<link rel=\"canonical\" href=\"https:\/\/skaitytaknyga.lt\/en\/produktas\/ernestas-hemingvejus-anapus-upes-medziu-uksmeje-senis-ir-jura\/\" \/>\n<meta property=\"og:locale\" content=\"en_GB\" \/>\n<meta property=\"og:locale:alternate\" content=\"lt_LT\" \/>\n<meta property=\"og:type\" content=\"article\" \/>\n<meta property=\"og:title\" content=\"Ernestas Hemingv\u0117jus \u201eAnapus up\u0117s, med\u017ei\u0173 \u016bksm\u0117je. Senis ir j\u016bra\u201c - Skaitytaknyga\" \/>\n<meta property=\"og:description\" content=\"Penkiasde\u0161imtmetis JAV p\u0117stinink\u0173 kariuomen\u0117s pulkininkas Ri\u010dardas Kantvelas atvyksta \u012f Venecij\u0105, \u201e\u012f savo miest\u0105&quot;. \u010cia jis susitinka su itale grafaite Renata, kuri yra jo \u201epaskutin\u0117, tikra ir vienintel\u0117 meil\u0117&quot;.\u00a0\u201eAnapus up\u0117s, med\u017ei\u0173 \u016bksm\u0117je&quot;\u00a0- bene gra\u017eiausia E. Hemingv\u0117jaus knyga apie meil\u0119, para\u0161yta po ra\u0161ytojo kelion\u0117s \u012f Italij\u0105 1948 metais.  Nedidukas romanas\u00a0\u201eSenis ir j\u016bra\u201c\u00a0(1952), pasakojantis apie senio kov\u0105 su \u017euvimi ir u\u017e \u017euv\u012f - apie \u017emogaus kov\u0105 su likimu ir u\u017e i\u0161likim\u0105 - savo giliu prasmingumu, i\u0161mintingumu, alegori\u0161kumu i\u0161siskiria i\u0161 kit\u0173\u00a0E. Hemingv\u0117jaus\u00a0k\u016brini\u0173.  &nbsp;\" \/>\n<meta property=\"og:url\" content=\"https:\/\/skaitytaknyga.lt\/en\/produktas\/ernestas-hemingvejus-anapus-upes-medziu-uksmeje-senis-ir-jura\/\" \/>\n<meta property=\"og:site_name\" content=\"Skaitytaknyga\" \/>\n<meta property=\"article:publisher\" content=\"https:\/\/www.facebook.com\/skaitytaknyga\/\" \/>\n<meta property=\"article:modified_time\" content=\"2024-05-04T18:04:52+00:00\" \/>\n<meta property=\"og:image\" content=\"https:\/\/skaitytaknyga.lt\/wp-content\/uploads\/2024\/05\/1504592034_jpg_0008.jpg\" \/>\n\t<meta property=\"og:image:width\" content=\"273\" \/>\n\t<meta property=\"og:image:height\" content=\"430\" \/>\n\t<meta property=\"og:image:type\" content=\"image\/jpeg\" \/>\n<meta name=\"twitter:card\" content=\"summary_large_image\" \/>\n<script type=\"application\/ld+json\" class=\"yoast-schema-graph\">{\"@context\":\"https:\\\/\\\/schema.org\",\"@graph\":[{\"@type\":\"WebPage\",\"@id\":\"https:\\\/\\\/skaitytaknyga.lt\\\/produktas\\\/ernestas-hemingvejus-anapus-upes-medziu-uksmeje-senis-ir-jura\\\/\",\"url\":\"https:\\\/\\\/skaitytaknyga.lt\\\/produktas\\\/ernestas-hemingvejus-anapus-upes-medziu-uksmeje-senis-ir-jura\\\/\",\"name\":\"Ernestas Hemingv\u0117jus \u201eAnapus up\u0117s, med\u017ei\u0173 \u016bksm\u0117je. Senis ir j\u016bra\u201c - Skaitytaknyga\",\"isPartOf\":{\"@id\":\"https:\\\/\\\/skaitytaknyga.lt\\\/#website\"},\"primaryImageOfPage\":{\"@id\":\"https:\\\/\\\/skaitytaknyga.lt\\\/produktas\\\/ernestas-hemingvejus-anapus-upes-medziu-uksmeje-senis-ir-jura\\\/#primaryimage\"},\"image\":{\"@id\":\"https:\\\/\\\/skaitytaknyga.lt\\\/produktas\\\/ernestas-hemingvejus-anapus-upes-medziu-uksmeje-senis-ir-jura\\\/#primaryimage\"},\"thumbnailUrl\":\"https:\\\/\\\/skaitytaknyga.lt\\\/wp-content\\\/uploads\\\/2024\\\/05\\\/1504592034_jpg_0008.jpg\",\"datePublished\":\"2024-05-04T18:03:47+00:00\",\"dateModified\":\"2024-05-04T18:04:52+00:00\",\"description\":\"Penkiasde\u0161imtmetis JAV p\u0117stinink\u0173 kariuomen\u0117s pulkininkas Ri\u010dardas Kantvelas atvyksta \u012f Venecij\u0105, \u201e\u012f savo miest\u0105\\\". \u010cia jis susitinka su itale grafaite Renata, kuri yra jo \u201epaskutin\u0117, tikra ir vienintel\u0117 meil\u0117\\\".\u00a0\u201eAnapus up\u0117s, med\u017ei\u0173 \u016bksm\u0117je\\\"\u00a0- bene gra\u017eiausia E. Hemingv\u0117jaus knyga apie meil\u0119, para\u0161yta po ra\u0161ytojo kelion\u0117s \u012f Italij\u0105 1948 metais. Nedidukas romanas\u00a0\u201eSenis ir j\u016bra\u201c\u00a0(1952), pasakojantis apie senio kov\u0105 su \u017euvimi ir u\u017e \u017euv\u012f - apie \u017emogaus kov\u0105 su likimu ir u\u017e i\u0161likim\u0105 - savo giliu prasmingumu, i\u0161mintingumu, alegori\u0161kumu i\u0161siskiria i\u0161 kit\u0173\u00a0E. Hemingv\u0117jaus\u00a0k\u016brini\u0173. &nbsp;\",\"breadcrumb\":{\"@id\":\"https:\\\/\\\/skaitytaknyga.lt\\\/produktas\\\/ernestas-hemingvejus-anapus-upes-medziu-uksmeje-senis-ir-jura\\\/#breadcrumb\"},\"inLanguage\":\"en-GB\",\"potentialAction\":[{\"@type\":\"ReadAction\",\"target\":[\"https:\\\/\\\/skaitytaknyga.lt\\\/produktas\\\/ernestas-hemingvejus-anapus-upes-medziu-uksmeje-senis-ir-jura\\\/\"]}]},{\"@type\":\"ImageObject\",\"inLanguage\":\"en-GB\",\"@id\":\"https:\\\/\\\/skaitytaknyga.lt\\\/produktas\\\/ernestas-hemingvejus-anapus-upes-medziu-uksmeje-senis-ir-jura\\\/#primaryimage\",\"url\":\"https:\\\/\\\/skaitytaknyga.lt\\\/wp-content\\\/uploads\\\/2024\\\/05\\\/1504592034_jpg_0008.jpg\",\"contentUrl\":\"https:\\\/\\\/skaitytaknyga.lt\\\/wp-content\\\/uploads\\\/2024\\\/05\\\/1504592034_jpg_0008.jpg\",\"width\":273,\"height\":430},{\"@type\":\"BreadcrumbList\",\"@id\":\"https:\\\/\\\/skaitytaknyga.lt\\\/produktas\\\/ernestas-hemingvejus-anapus-upes-medziu-uksmeje-senis-ir-jura\\\/#breadcrumb\",\"itemListElement\":[{\"@type\":\"ListItem\",\"position\":1,\"name\":\"Home\",\"item\":\"https:\\\/\\\/skaitytaknyga.lt\\\/\"},{\"@type\":\"ListItem\",\"position\":2,\"name\":\"Parduotuv\u0117\",\"item\":\"https:\\\/\\\/skaitytaknyga.lt\\\/knygu-parduotuve\\\/\"},{\"@type\":\"ListItem\",\"position\":3,\"name\":\"Ernestas Hemingv\u0117jus \u201eAnapus up\u0117s, med\u017ei\u0173 \u016bksm\u0117je. Senis ir j\u016bra\u201c\"}]},{\"@type\":\"WebSite\",\"@id\":\"https:\\\/\\\/skaitytaknyga.lt\\\/#website\",\"url\":\"https:\\\/\\\/skaitytaknyga.lt\\\/\",\"name\":\"skaitytaknyga.lt\",\"description\":\"Skaitytaknyga.lt \u2013 tai ma\u017eas \u0161eimos verslas, kuris prasid\u0117jo nuo meil\u0117s knygoms ir siekio i\u0161gelb\u0117ti knygas nuo likimo prie konteinerio. Kas vienam nereikalingas daiktas \u2013 kitam lobis, o mes esame tarpininkai, kurie padeda abiems tapti laimingesniems ???? \u017dinome kaip nelengva i\u0161gyventi ma\u017eiems verslams, tad nuo \u0161iol, \u010dia rasite ir kit\u0173, ma\u017e\u0173 \u0161eim\u0173 versl\u0173, rank\u0173 darbo, dovan\u0173 sau ir artimiesiems.\",\"publisher\":{\"@id\":\"https:\\\/\\\/skaitytaknyga.lt\\\/#organization\"},\"potentialAction\":[{\"@type\":\"SearchAction\",\"target\":{\"@type\":\"EntryPoint\",\"urlTemplate\":\"https:\\\/\\\/skaitytaknyga.lt\\\/?s={search_term_string}\"},\"query-input\":{\"@type\":\"PropertyValueSpecification\",\"valueRequired\":true,\"valueName\":\"search_term_string\"}}],\"inLanguage\":\"en-GB\"},{\"@type\":\"Organization\",\"@id\":\"https:\\\/\\\/skaitytaknyga.lt\\\/#organization\",\"name\":\"skaitytaknyga.lt\",\"url\":\"https:\\\/\\\/skaitytaknyga.lt\\\/\",\"logo\":{\"@type\":\"ImageObject\",\"inLanguage\":\"en-GB\",\"@id\":\"https:\\\/\\\/skaitytaknyga.lt\\\/#\\\/schema\\\/logo\\\/image\\\/\",\"url\":\"https:\\\/\\\/skaitytaknyga.lt\\\/wp-content\\\/uploads\\\/2024\\\/05\\\/cropped-cropped-cropped-02_00843_jt3bggkj1j3HLc7SyY6rEUpg.jpeg\",\"contentUrl\":\"https:\\\/\\\/skaitytaknyga.lt\\\/wp-content\\\/uploads\\\/2024\\\/05\\\/cropped-cropped-cropped-02_00843_jt3bggkj1j3HLc7SyY6rEUpg.jpeg\",\"width\":1600,\"height\":1600,\"caption\":\"skaitytaknyga.lt\"},\"image\":{\"@id\":\"https:\\\/\\\/skaitytaknyga.lt\\\/#\\\/schema\\\/logo\\\/image\\\/\"},\"sameAs\":[\"https:\\\/\\\/www.facebook.com\\\/skaitytaknyga\\\/\"]}]}<\/script>\n<!-- \/ Yoast SEO plugin. -->","yoast_head_json":{"title":"Ernestas Hemingv\u0117jus \u201eAnapus up\u0117s, med\u017ei\u0173 \u016bksm\u0117je. Senis ir j\u016bra\u201c - Skaitytaknyga","description":"Penkiasde\u0161imtmetis JAV p\u0117stinink\u0173 kariuomen\u0117s pulkininkas Ri\u010dardas Kantvelas atvyksta \u012f Venecij\u0105, \u201e\u012f savo miest\u0105\". \u010cia jis susitinka su itale grafaite Renata, kuri yra jo \u201epaskutin\u0117, tikra ir vienintel\u0117 meil\u0117\".\u00a0\u201eAnapus up\u0117s, med\u017ei\u0173 \u016bksm\u0117je\"\u00a0- bene gra\u017eiausia E. Hemingv\u0117jaus knyga apie meil\u0119, para\u0161yta po ra\u0161ytojo kelion\u0117s \u012f Italij\u0105 1948 metais.  Nedidukas romanas\u00a0\u201eSenis ir j\u016bra\u201c\u00a0(1952), pasakojantis apie senio kov\u0105 su \u017euvimi ir u\u017e \u017euv\u012f - apie \u017emogaus kov\u0105 su likimu ir u\u017e i\u0161likim\u0105 - savo giliu prasmingumu, i\u0161mintingumu, alegori\u0161kumu i\u0161siskiria i\u0161 kit\u0173\u00a0E. Hemingv\u0117jaus\u00a0k\u016brini\u0173.  &nbsp;","robots":{"index":"index","follow":"follow","max-snippet":"max-snippet:-1","max-image-preview":"max-image-preview:large","max-video-preview":"max-video-preview:-1"},"canonical":"https:\/\/skaitytaknyga.lt\/en\/produktas\/ernestas-hemingvejus-anapus-upes-medziu-uksmeje-senis-ir-jura\/","og_locale":"en_GB","og_type":"article","og_title":"Ernestas Hemingv\u0117jus \u201eAnapus up\u0117s, med\u017ei\u0173 \u016bksm\u0117je. Senis ir j\u016bra\u201c - Skaitytaknyga","og_description":"Penkiasde\u0161imtmetis JAV p\u0117stinink\u0173 kariuomen\u0117s pulkininkas Ri\u010dardas Kantvelas atvyksta \u012f Venecij\u0105, \u201e\u012f savo miest\u0105\". \u010cia jis susitinka su itale grafaite Renata, kuri yra jo \u201epaskutin\u0117, tikra ir vienintel\u0117 meil\u0117\".\u00a0\u201eAnapus up\u0117s, med\u017ei\u0173 \u016bksm\u0117je\"\u00a0- bene gra\u017eiausia E. Hemingv\u0117jaus knyga apie meil\u0119, para\u0161yta po ra\u0161ytojo kelion\u0117s \u012f Italij\u0105 1948 metais.  Nedidukas romanas\u00a0\u201eSenis ir j\u016bra\u201c\u00a0(1952), pasakojantis apie senio kov\u0105 su \u017euvimi ir u\u017e \u017euv\u012f - apie \u017emogaus kov\u0105 su likimu ir u\u017e i\u0161likim\u0105 - savo giliu prasmingumu, i\u0161mintingumu, alegori\u0161kumu i\u0161siskiria i\u0161 kit\u0173\u00a0E. Hemingv\u0117jaus\u00a0k\u016brini\u0173.  &nbsp;","og_url":"https:\/\/skaitytaknyga.lt\/en\/produktas\/ernestas-hemingvejus-anapus-upes-medziu-uksmeje-senis-ir-jura\/","og_site_name":"Skaitytaknyga","article_publisher":"https:\/\/www.facebook.com\/skaitytaknyga\/","article_modified_time":"2024-05-04T18:04:52+00:00","og_image":[{"width":273,"height":430,"url":"https:\/\/skaitytaknyga.lt\/wp-content\/uploads\/2024\/05\/1504592034_jpg_0008.jpg","type":"image\/jpeg"}],"twitter_card":"summary_large_image","schema":{"@context":"https:\/\/schema.org","@graph":[{"@type":"WebPage","@id":"https:\/\/skaitytaknyga.lt\/produktas\/ernestas-hemingvejus-anapus-upes-medziu-uksmeje-senis-ir-jura\/","url":"https:\/\/skaitytaknyga.lt\/produktas\/ernestas-hemingvejus-anapus-upes-medziu-uksmeje-senis-ir-jura\/","name":"Ernestas Hemingv\u0117jus \u201eAnapus up\u0117s, med\u017ei\u0173 \u016bksm\u0117je. Senis ir j\u016bra\u201c - Skaitytaknyga","isPartOf":{"@id":"https:\/\/skaitytaknyga.lt\/#website"},"primaryImageOfPage":{"@id":"https:\/\/skaitytaknyga.lt\/produktas\/ernestas-hemingvejus-anapus-upes-medziu-uksmeje-senis-ir-jura\/#primaryimage"},"image":{"@id":"https:\/\/skaitytaknyga.lt\/produktas\/ernestas-hemingvejus-anapus-upes-medziu-uksmeje-senis-ir-jura\/#primaryimage"},"thumbnailUrl":"https:\/\/skaitytaknyga.lt\/wp-content\/uploads\/2024\/05\/1504592034_jpg_0008.jpg","datePublished":"2024-05-04T18:03:47+00:00","dateModified":"2024-05-04T18:04:52+00:00","description":"Penkiasde\u0161imtmetis JAV p\u0117stinink\u0173 kariuomen\u0117s pulkininkas Ri\u010dardas Kantvelas atvyksta \u012f Venecij\u0105, \u201e\u012f savo miest\u0105\". \u010cia jis susitinka su itale grafaite Renata, kuri yra jo \u201epaskutin\u0117, tikra ir vienintel\u0117 meil\u0117\".\u00a0\u201eAnapus up\u0117s, med\u017ei\u0173 \u016bksm\u0117je\"\u00a0- bene gra\u017eiausia E. Hemingv\u0117jaus knyga apie meil\u0119, para\u0161yta po ra\u0161ytojo kelion\u0117s \u012f Italij\u0105 1948 metais. Nedidukas romanas\u00a0\u201eSenis ir j\u016bra\u201c\u00a0(1952), pasakojantis apie senio kov\u0105 su \u017euvimi ir u\u017e \u017euv\u012f - apie \u017emogaus kov\u0105 su likimu ir u\u017e i\u0161likim\u0105 - savo giliu prasmingumu, i\u0161mintingumu, alegori\u0161kumu i\u0161siskiria i\u0161 kit\u0173\u00a0E. Hemingv\u0117jaus\u00a0k\u016brini\u0173. &nbsp;","breadcrumb":{"@id":"https:\/\/skaitytaknyga.lt\/produktas\/ernestas-hemingvejus-anapus-upes-medziu-uksmeje-senis-ir-jura\/#breadcrumb"},"inLanguage":"en-GB","potentialAction":[{"@type":"ReadAction","target":["https:\/\/skaitytaknyga.lt\/produktas\/ernestas-hemingvejus-anapus-upes-medziu-uksmeje-senis-ir-jura\/"]}]},{"@type":"ImageObject","inLanguage":"en-GB","@id":"https:\/\/skaitytaknyga.lt\/produktas\/ernestas-hemingvejus-anapus-upes-medziu-uksmeje-senis-ir-jura\/#primaryimage","url":"https:\/\/skaitytaknyga.lt\/wp-content\/uploads\/2024\/05\/1504592034_jpg_0008.jpg","contentUrl":"https:\/\/skaitytaknyga.lt\/wp-content\/uploads\/2024\/05\/1504592034_jpg_0008.jpg","width":273,"height":430},{"@type":"BreadcrumbList","@id":"https:\/\/skaitytaknyga.lt\/produktas\/ernestas-hemingvejus-anapus-upes-medziu-uksmeje-senis-ir-jura\/#breadcrumb","itemListElement":[{"@type":"ListItem","position":1,"name":"Home","item":"https:\/\/skaitytaknyga.lt\/"},{"@type":"ListItem","position":2,"name":"Parduotuv\u0117","item":"https:\/\/skaitytaknyga.lt\/knygu-parduotuve\/"},{"@type":"ListItem","position":3,"name":"Ernestas Hemingv\u0117jus \u201eAnapus up\u0117s, med\u017ei\u0173 \u016bksm\u0117je. Senis ir j\u016bra\u201c"}]},{"@type":"WebSite","@id":"https:\/\/skaitytaknyga.lt\/#website","url":"https:\/\/skaitytaknyga.lt\/","name":"skaitytaknyga.lt","description":"Skaitytaknyga.lt \u2013 tai ma\u017eas \u0161eimos verslas, kuris prasid\u0117jo nuo meil\u0117s knygoms ir siekio i\u0161gelb\u0117ti knygas nuo likimo prie konteinerio. Kas vienam nereikalingas daiktas \u2013 kitam lobis, o mes esame tarpininkai, kurie padeda abiems tapti laimingesniems ???? \u017dinome kaip nelengva i\u0161gyventi ma\u017eiems verslams, tad nuo \u0161iol, \u010dia rasite ir kit\u0173, ma\u017e\u0173 \u0161eim\u0173 versl\u0173, rank\u0173 darbo, dovan\u0173 sau ir artimiesiems.","publisher":{"@id":"https:\/\/skaitytaknyga.lt\/#organization"},"potentialAction":[{"@type":"SearchAction","target":{"@type":"EntryPoint","urlTemplate":"https:\/\/skaitytaknyga.lt\/?s={search_term_string}"},"query-input":{"@type":"PropertyValueSpecification","valueRequired":true,"valueName":"search_term_string"}}],"inLanguage":"en-GB"},{"@type":"Organization","@id":"https:\/\/skaitytaknyga.lt\/#organization","name":"skaitytaknyga.lt","url":"https:\/\/skaitytaknyga.lt\/","logo":{"@type":"ImageObject","inLanguage":"en-GB","@id":"https:\/\/skaitytaknyga.lt\/#\/schema\/logo\/image\/","url":"https:\/\/skaitytaknyga.lt\/wp-content\/uploads\/2024\/05\/cropped-cropped-cropped-02_00843_jt3bggkj1j3HLc7SyY6rEUpg.jpeg","contentUrl":"https:\/\/skaitytaknyga.lt\/wp-content\/uploads\/2024\/05\/cropped-cropped-cropped-02_00843_jt3bggkj1j3HLc7SyY6rEUpg.jpeg","width":1600,"height":1600,"caption":"skaitytaknyga.lt"},"image":{"@id":"https:\/\/skaitytaknyga.lt\/#\/schema\/logo\/image\/"},"sameAs":["https:\/\/www.facebook.com\/skaitytaknyga\/"]}]}},"_links":{"self":[{"href":"https:\/\/skaitytaknyga.lt\/en\/wp-json\/wp\/v2\/product\/9985","targetHints":{"allow":["GET"]}}],"collection":[{"href":"https:\/\/skaitytaknyga.lt\/en\/wp-json\/wp\/v2\/product"}],"about":[{"href":"https:\/\/skaitytaknyga.lt\/en\/wp-json\/wp\/v2\/types\/product"}],"replies":[{"embeddable":true,"href":"https:\/\/skaitytaknyga.lt\/en\/wp-json\/wp\/v2\/comments?post=9985"}],"wp:featuredmedia":[{"embeddable":true,"href":"https:\/\/skaitytaknyga.lt\/en\/wp-json\/wp\/v2\/media\/10028"}],"wp:attachment":[{"href":"https:\/\/skaitytaknyga.lt\/en\/wp-json\/wp\/v2\/media?parent=9985"}],"wp:term":[{"taxonomy":"product_brand","embeddable":true,"href":"https:\/\/skaitytaknyga.lt\/en\/wp-json\/wp\/v2\/product_brand?post=9985"},{"taxonomy":"product_cat","embeddable":true,"href":"https:\/\/skaitytaknyga.lt\/en\/wp-json\/wp\/v2\/product_cat?post=9985"},{"taxonomy":"product_tag","embeddable":true,"href":"https:\/\/skaitytaknyga.lt\/en\/wp-json\/wp\/v2\/product_tag?post=9985"}],"curies":[{"name":"wp","href":"https:\/\/api.w.org\/{rel}","templated":true}]}}