{"id":9975,"date":"2024-05-04T18:03:25","date_gmt":"2024-05-04T18:03:25","guid":{"rendered":"https:\/\/skaitytaknyga.lt\/?post_type=product&#038;p=9975"},"modified":"2026-03-05T13:28:36","modified_gmt":"2026-03-05T11:28:36","slug":"a-kristi-suduzo-veidrodis-skambedamas","status":"publish","type":"product","link":"https:\/\/skaitytaknyga.lt\/en\/produktas\/a-kristi-suduzo-veidrodis-skambedamas\/","title":{"rendered":"A. Kristi \u201eSudu\u017eo veidrodis skamb\u0117damas\u201c"},"content":{"rendered":"<p>\u201eJi buvo tokia gra\u017ei. Ji buvo nepaprastai talentinga. Ji mok\u0117jo aistringai neapk\u0119sti, bet ji nemok\u0117jo susivaldyti. Ji nemok\u0117jo pamir\u0161ti praeities ir \u012fsivaizduoti realios ateities. Ji buvo didi aktor\u0117 ir labai nelaiminga moteris&#8230;\u201d &#8211; taip apie Marin\u0105 Greg sako sumanioji mis Marpl, tirianti paini\u0105 \u017emog\u017eudyst\u0117s byl\u0105 senajam vienas\u0117dyje, kuriame apsigyveno garsi\u0173 aktori\u0173 pora.<\/p>\n","protected":false},"excerpt":{"rendered":"<p>\u201eJi buvo tokia gra\u017ei. Ji buvo nepaprastai talentinga. Ji mok\u0117jo aistringai neapk\u0119sti, bet ji nemok\u0117jo susivaldyti. Ji nemok\u0117jo pamir\u0161ti praeities ir \u012fsivaizduoti realios ateities. Ji buvo didi aktor\u0117 ir labai nelaiminga moteris&#8230;\u201d &#8211; taip apie Marin\u0105 Greg sako sumanioji mis Marpl, tirianti paini\u0105 \u017emog\u017eudyst\u0117s byl\u0105 senajam vienas\u0117dyje, kuriame apsigyveno garsi\u0173 aktori\u0173 pora.<\/p>\n","protected":false},"featured_media":10024,"comment_status":"closed","ping_status":"closed","template":"","meta":{"_acf_changed":false,"site-sidebar-layout":"default","site-content-layout":"","ast-site-content-layout":"default","site-content-style":"default","site-sidebar-style":"default","ast-global-header-display":"","ast-banner-title-visibility":"","ast-main-header-display":"","ast-hfb-above-header-display":"","ast-hfb-below-header-display":"","ast-hfb-mobile-header-display":"","site-post-title":"","ast-breadcrumbs-content":"","ast-featured-img":"","footer-sml-layout":"","ast-disable-related-posts":"","theme-transparent-header-meta":"","adv-header-id-meta":"","stick-header-meta":"","header-above-stick-meta":"","header-main-stick-meta":"","header-below-stick-meta":"","astra-migrate-meta-layouts":"default","ast-page-background-enabled":"default","ast-page-background-meta":{"desktop":{"background-color":"","background-image":"","background-repeat":"repeat","background-position":"center center","background-size":"auto","background-attachment":"scroll","background-type":"","background-media":"","overlay-type":"","overlay-color":"","overlay-opacity":"","overlay-gradient":""},"tablet":{"background-color":"","background-image":"","background-repeat":"repeat","background-position":"center center","background-size":"auto","background-attachment":"scroll","background-type":"","background-media":"","overlay-type":"","overlay-color":"","overlay-opacity":"","overlay-gradient":""},"mobile":{"background-color":"","background-image":"","background-repeat":"repeat","background-position":"center center","background-size":"auto","background-attachment":"scroll","background-type":"","background-media":"","overlay-type":"","overlay-color":"","overlay-opacity":"","overlay-gradient":""}},"ast-content-background-meta":{"desktop":{"background-color":"var(--ast-global-color-4)","background-image":"","background-repeat":"repeat","background-position":"center center","background-size":"auto","background-attachment":"scroll","background-type":"","background-media":"","overlay-type":"","overlay-color":"","overlay-opacity":"","overlay-gradient":""},"tablet":{"background-color":"var(--ast-global-color-4)","background-image":"","background-repeat":"repeat","background-position":"center center","background-size":"auto","background-attachment":"scroll","background-type":"","background-media":"","overlay-type":"","overlay-color":"","overlay-opacity":"","overlay-gradient":""},"mobile":{"background-color":"var(--ast-global-color-4)","background-image":"","background-repeat":"repeat","background-position":"center center","background-size":"auto","background-attachment":"scroll","background-type":"","background-media":"","overlay-type":"","overlay-color":"","overlay-opacity":"","overlay-gradient":""}}},"product_brand":[],"product_cat":[9581],"product_tag":[],"class_list":{"0":"post-9975","1":"product","2":"type-product","3":"status-publish","4":"has-post-thumbnail","6":"product_cat-kriminaliniai-romanai","7":"desktop-align-left","8":"tablet-align-left","9":"mobile-align-left","11":"first","12":"outofstock","13":"shipping-taxable","14":"purchasable","15":"product-type-simple"},"acf":[],"yoast_head":"<!-- This site is optimized with the Yoast SEO plugin v27.4 - https:\/\/yoast.com\/product\/yoast-seo-wordpress\/ -->\n<title>A. Kristi \u201eSudu\u017eo veidrodis skamb\u0117damas\u201c - Skaitytaknyga<\/title>\n<meta name=\"description\" content=\"\u201eJi buvo tokia gra\u017ei. Ji buvo nepaprastai talentinga. Ji mok\u0117jo aistringai neapk\u0119sti, bet ji nemok\u0117jo susivaldyti. Ji nemok\u0117jo pamir\u0161ti praeities ir \u012fsivaizduoti realios ateities. Ji buvo didi aktor\u0117 ir labai nelaiminga moteris...\u201d - taip apie Marin\u0105 Greg sako sumanioji mis Marpl, tirianti paini\u0105 \u017emog\u017eudyst\u0117s byl\u0105 senajam vienas\u0117dyje, kuriame apsigyveno garsi\u0173 aktori\u0173 pora.\" \/>\n<meta name=\"robots\" content=\"index, follow, max-snippet:-1, max-image-preview:large, max-video-preview:-1\" \/>\n<link rel=\"canonical\" href=\"https:\/\/skaitytaknyga.lt\/en\/produktas\/a-kristi-suduzo-veidrodis-skambedamas\/\" \/>\n<meta property=\"og:locale\" content=\"en_GB\" \/>\n<meta property=\"og:locale:alternate\" content=\"lt_LT\" \/>\n<meta property=\"og:type\" content=\"article\" \/>\n<meta property=\"og:title\" content=\"A. Kristi \u201eSudu\u017eo veidrodis skamb\u0117damas\u201c - Skaitytaknyga\" \/>\n<meta property=\"og:description\" content=\"\u201eJi buvo tokia gra\u017ei. Ji buvo nepaprastai talentinga. Ji mok\u0117jo aistringai neapk\u0119sti, bet ji nemok\u0117jo susivaldyti. Ji nemok\u0117jo pamir\u0161ti praeities ir \u012fsivaizduoti realios ateities. Ji buvo didi aktor\u0117 ir labai nelaiminga moteris...\u201d - taip apie Marin\u0105 Greg sako sumanioji mis Marpl, tirianti paini\u0105 \u017emog\u017eudyst\u0117s byl\u0105 senajam vienas\u0117dyje, kuriame apsigyveno garsi\u0173 aktori\u0173 pora.\" \/>\n<meta property=\"og:url\" content=\"https:\/\/skaitytaknyga.lt\/en\/produktas\/a-kristi-suduzo-veidrodis-skambedamas\/\" \/>\n<meta property=\"og:site_name\" content=\"Skaitytaknyga\" \/>\n<meta property=\"article:publisher\" content=\"https:\/\/www.facebook.com\/skaitytaknyga\/\" \/>\n<meta property=\"article:modified_time\" content=\"2026-03-05T11:28:36+00:00\" \/>\n<meta property=\"og:image\" content=\"https:\/\/skaitytaknyga.lt\/wp-content\/uploads\/2024\/05\/1462880377_img0031.jpg\" \/>\n\t<meta property=\"og:image:width\" content=\"270\" \/>\n\t<meta property=\"og:image:height\" content=\"430\" \/>\n\t<meta property=\"og:image:type\" content=\"image\/jpeg\" \/>\n<meta name=\"twitter:card\" content=\"summary_large_image\" \/>\n<script type=\"application\/ld+json\" class=\"yoast-schema-graph\">{\"@context\":\"https:\\\/\\\/schema.org\",\"@graph\":[{\"@type\":\"WebPage\",\"@id\":\"https:\\\/\\\/skaitytaknyga.lt\\\/produktas\\\/a-kristi-suduzo-veidrodis-skambedamas\\\/\",\"url\":\"https:\\\/\\\/skaitytaknyga.lt\\\/produktas\\\/a-kristi-suduzo-veidrodis-skambedamas\\\/\",\"name\":\"A. Kristi \u201eSudu\u017eo veidrodis skamb\u0117damas\u201c - Skaitytaknyga\",\"isPartOf\":{\"@id\":\"https:\\\/\\\/skaitytaknyga.lt\\\/#website\"},\"primaryImageOfPage\":{\"@id\":\"https:\\\/\\\/skaitytaknyga.lt\\\/produktas\\\/a-kristi-suduzo-veidrodis-skambedamas\\\/#primaryimage\"},\"image\":{\"@id\":\"https:\\\/\\\/skaitytaknyga.lt\\\/produktas\\\/a-kristi-suduzo-veidrodis-skambedamas\\\/#primaryimage\"},\"thumbnailUrl\":\"https:\\\/\\\/skaitytaknyga.lt\\\/wp-content\\\/uploads\\\/2024\\\/05\\\/1462880377_img0031.jpg\",\"datePublished\":\"2024-05-04T18:03:25+00:00\",\"dateModified\":\"2026-03-05T11:28:36+00:00\",\"description\":\"\u201eJi buvo tokia gra\u017ei. Ji buvo nepaprastai talentinga. Ji mok\u0117jo aistringai neapk\u0119sti, bet ji nemok\u0117jo susivaldyti. Ji nemok\u0117jo pamir\u0161ti praeities ir \u012fsivaizduoti realios ateities. Ji buvo didi aktor\u0117 ir labai nelaiminga moteris...\u201d - taip apie Marin\u0105 Greg sako sumanioji mis Marpl, tirianti paini\u0105 \u017emog\u017eudyst\u0117s byl\u0105 senajam vienas\u0117dyje, kuriame apsigyveno garsi\u0173 aktori\u0173 pora.\",\"breadcrumb\":{\"@id\":\"https:\\\/\\\/skaitytaknyga.lt\\\/produktas\\\/a-kristi-suduzo-veidrodis-skambedamas\\\/#breadcrumb\"},\"inLanguage\":\"en-GB\",\"potentialAction\":[{\"@type\":\"ReadAction\",\"target\":[\"https:\\\/\\\/skaitytaknyga.lt\\\/produktas\\\/a-kristi-suduzo-veidrodis-skambedamas\\\/\"]}]},{\"@type\":\"ImageObject\",\"inLanguage\":\"en-GB\",\"@id\":\"https:\\\/\\\/skaitytaknyga.lt\\\/produktas\\\/a-kristi-suduzo-veidrodis-skambedamas\\\/#primaryimage\",\"url\":\"https:\\\/\\\/skaitytaknyga.lt\\\/wp-content\\\/uploads\\\/2024\\\/05\\\/1462880377_img0031.jpg\",\"contentUrl\":\"https:\\\/\\\/skaitytaknyga.lt\\\/wp-content\\\/uploads\\\/2024\\\/05\\\/1462880377_img0031.jpg\",\"width\":270,\"height\":430},{\"@type\":\"BreadcrumbList\",\"@id\":\"https:\\\/\\\/skaitytaknyga.lt\\\/produktas\\\/a-kristi-suduzo-veidrodis-skambedamas\\\/#breadcrumb\",\"itemListElement\":[{\"@type\":\"ListItem\",\"position\":1,\"name\":\"Home\",\"item\":\"https:\\\/\\\/skaitytaknyga.lt\\\/\"},{\"@type\":\"ListItem\",\"position\":2,\"name\":\"Parduotuv\u0117\",\"item\":\"https:\\\/\\\/skaitytaknyga.lt\\\/knygu-parduotuve\\\/\"},{\"@type\":\"ListItem\",\"position\":3,\"name\":\"A. Kristi \u201eSudu\u017eo veidrodis skamb\u0117damas\u201c\"}]},{\"@type\":\"WebSite\",\"@id\":\"https:\\\/\\\/skaitytaknyga.lt\\\/#website\",\"url\":\"https:\\\/\\\/skaitytaknyga.lt\\\/\",\"name\":\"skaitytaknyga.lt\",\"description\":\"Skaitytaknyga.lt \u2013 tai ma\u017eas \u0161eimos verslas, kuris prasid\u0117jo nuo meil\u0117s knygoms ir siekio i\u0161gelb\u0117ti knygas nuo likimo prie konteinerio. Kas vienam nereikalingas daiktas \u2013 kitam lobis, o mes esame tarpininkai, kurie padeda abiems tapti laimingesniems ???? \u017dinome kaip nelengva i\u0161gyventi ma\u017eiems verslams, tad nuo \u0161iol, \u010dia rasite ir kit\u0173, ma\u017e\u0173 \u0161eim\u0173 versl\u0173, rank\u0173 darbo, dovan\u0173 sau ir artimiesiems.\",\"publisher\":{\"@id\":\"https:\\\/\\\/skaitytaknyga.lt\\\/#organization\"},\"potentialAction\":[{\"@type\":\"SearchAction\",\"target\":{\"@type\":\"EntryPoint\",\"urlTemplate\":\"https:\\\/\\\/skaitytaknyga.lt\\\/?s={search_term_string}\"},\"query-input\":{\"@type\":\"PropertyValueSpecification\",\"valueRequired\":true,\"valueName\":\"search_term_string\"}}],\"inLanguage\":\"en-GB\"},{\"@type\":\"Organization\",\"@id\":\"https:\\\/\\\/skaitytaknyga.lt\\\/#organization\",\"name\":\"skaitytaknyga.lt\",\"url\":\"https:\\\/\\\/skaitytaknyga.lt\\\/\",\"logo\":{\"@type\":\"ImageObject\",\"inLanguage\":\"en-GB\",\"@id\":\"https:\\\/\\\/skaitytaknyga.lt\\\/#\\\/schema\\\/logo\\\/image\\\/\",\"url\":\"https:\\\/\\\/skaitytaknyga.lt\\\/wp-content\\\/uploads\\\/2024\\\/05\\\/cropped-cropped-cropped-02_00843_jt3bggkj1j3HLc7SyY6rEUpg.jpeg\",\"contentUrl\":\"https:\\\/\\\/skaitytaknyga.lt\\\/wp-content\\\/uploads\\\/2024\\\/05\\\/cropped-cropped-cropped-02_00843_jt3bggkj1j3HLc7SyY6rEUpg.jpeg\",\"width\":1600,\"height\":1600,\"caption\":\"skaitytaknyga.lt\"},\"image\":{\"@id\":\"https:\\\/\\\/skaitytaknyga.lt\\\/#\\\/schema\\\/logo\\\/image\\\/\"},\"sameAs\":[\"https:\\\/\\\/www.facebook.com\\\/skaitytaknyga\\\/\"]}]}<\/script>\n<!-- \/ Yoast SEO plugin. -->","yoast_head_json":{"title":"A. Kristi \u201eSudu\u017eo veidrodis skamb\u0117damas\u201c - Skaitytaknyga","description":"\u201eJi buvo tokia gra\u017ei. Ji buvo nepaprastai talentinga. Ji mok\u0117jo aistringai neapk\u0119sti, bet ji nemok\u0117jo susivaldyti. Ji nemok\u0117jo pamir\u0161ti praeities ir \u012fsivaizduoti realios ateities. Ji buvo didi aktor\u0117 ir labai nelaiminga moteris...\u201d - taip apie Marin\u0105 Greg sako sumanioji mis Marpl, tirianti paini\u0105 \u017emog\u017eudyst\u0117s byl\u0105 senajam vienas\u0117dyje, kuriame apsigyveno garsi\u0173 aktori\u0173 pora.","robots":{"index":"index","follow":"follow","max-snippet":"max-snippet:-1","max-image-preview":"max-image-preview:large","max-video-preview":"max-video-preview:-1"},"canonical":"https:\/\/skaitytaknyga.lt\/en\/produktas\/a-kristi-suduzo-veidrodis-skambedamas\/","og_locale":"en_GB","og_type":"article","og_title":"A. Kristi \u201eSudu\u017eo veidrodis skamb\u0117damas\u201c - Skaitytaknyga","og_description":"\u201eJi buvo tokia gra\u017ei. Ji buvo nepaprastai talentinga. Ji mok\u0117jo aistringai neapk\u0119sti, bet ji nemok\u0117jo susivaldyti. Ji nemok\u0117jo pamir\u0161ti praeities ir \u012fsivaizduoti realios ateities. Ji buvo didi aktor\u0117 ir labai nelaiminga moteris...\u201d - taip apie Marin\u0105 Greg sako sumanioji mis Marpl, tirianti paini\u0105 \u017emog\u017eudyst\u0117s byl\u0105 senajam vienas\u0117dyje, kuriame apsigyveno garsi\u0173 aktori\u0173 pora.","og_url":"https:\/\/skaitytaknyga.lt\/en\/produktas\/a-kristi-suduzo-veidrodis-skambedamas\/","og_site_name":"Skaitytaknyga","article_publisher":"https:\/\/www.facebook.com\/skaitytaknyga\/","article_modified_time":"2026-03-05T11:28:36+00:00","og_image":[{"width":270,"height":430,"url":"https:\/\/skaitytaknyga.lt\/wp-content\/uploads\/2024\/05\/1462880377_img0031.jpg","type":"image\/jpeg"}],"twitter_card":"summary_large_image","schema":{"@context":"https:\/\/schema.org","@graph":[{"@type":"WebPage","@id":"https:\/\/skaitytaknyga.lt\/produktas\/a-kristi-suduzo-veidrodis-skambedamas\/","url":"https:\/\/skaitytaknyga.lt\/produktas\/a-kristi-suduzo-veidrodis-skambedamas\/","name":"A. Kristi \u201eSudu\u017eo veidrodis skamb\u0117damas\u201c - Skaitytaknyga","isPartOf":{"@id":"https:\/\/skaitytaknyga.lt\/#website"},"primaryImageOfPage":{"@id":"https:\/\/skaitytaknyga.lt\/produktas\/a-kristi-suduzo-veidrodis-skambedamas\/#primaryimage"},"image":{"@id":"https:\/\/skaitytaknyga.lt\/produktas\/a-kristi-suduzo-veidrodis-skambedamas\/#primaryimage"},"thumbnailUrl":"https:\/\/skaitytaknyga.lt\/wp-content\/uploads\/2024\/05\/1462880377_img0031.jpg","datePublished":"2024-05-04T18:03:25+00:00","dateModified":"2026-03-05T11:28:36+00:00","description":"\u201eJi buvo tokia gra\u017ei. Ji buvo nepaprastai talentinga. Ji mok\u0117jo aistringai neapk\u0119sti, bet ji nemok\u0117jo susivaldyti. Ji nemok\u0117jo pamir\u0161ti praeities ir \u012fsivaizduoti realios ateities. Ji buvo didi aktor\u0117 ir labai nelaiminga moteris...\u201d - taip apie Marin\u0105 Greg sako sumanioji mis Marpl, tirianti paini\u0105 \u017emog\u017eudyst\u0117s byl\u0105 senajam vienas\u0117dyje, kuriame apsigyveno garsi\u0173 aktori\u0173 pora.","breadcrumb":{"@id":"https:\/\/skaitytaknyga.lt\/produktas\/a-kristi-suduzo-veidrodis-skambedamas\/#breadcrumb"},"inLanguage":"en-GB","potentialAction":[{"@type":"ReadAction","target":["https:\/\/skaitytaknyga.lt\/produktas\/a-kristi-suduzo-veidrodis-skambedamas\/"]}]},{"@type":"ImageObject","inLanguage":"en-GB","@id":"https:\/\/skaitytaknyga.lt\/produktas\/a-kristi-suduzo-veidrodis-skambedamas\/#primaryimage","url":"https:\/\/skaitytaknyga.lt\/wp-content\/uploads\/2024\/05\/1462880377_img0031.jpg","contentUrl":"https:\/\/skaitytaknyga.lt\/wp-content\/uploads\/2024\/05\/1462880377_img0031.jpg","width":270,"height":430},{"@type":"BreadcrumbList","@id":"https:\/\/skaitytaknyga.lt\/produktas\/a-kristi-suduzo-veidrodis-skambedamas\/#breadcrumb","itemListElement":[{"@type":"ListItem","position":1,"name":"Home","item":"https:\/\/skaitytaknyga.lt\/"},{"@type":"ListItem","position":2,"name":"Parduotuv\u0117","item":"https:\/\/skaitytaknyga.lt\/knygu-parduotuve\/"},{"@type":"ListItem","position":3,"name":"A. Kristi \u201eSudu\u017eo veidrodis skamb\u0117damas\u201c"}]},{"@type":"WebSite","@id":"https:\/\/skaitytaknyga.lt\/#website","url":"https:\/\/skaitytaknyga.lt\/","name":"skaitytaknyga.lt","description":"Skaitytaknyga.lt \u2013 tai ma\u017eas \u0161eimos verslas, kuris prasid\u0117jo nuo meil\u0117s knygoms ir siekio i\u0161gelb\u0117ti knygas nuo likimo prie konteinerio. Kas vienam nereikalingas daiktas \u2013 kitam lobis, o mes esame tarpininkai, kurie padeda abiems tapti laimingesniems ???? \u017dinome kaip nelengva i\u0161gyventi ma\u017eiems verslams, tad nuo \u0161iol, \u010dia rasite ir kit\u0173, ma\u017e\u0173 \u0161eim\u0173 versl\u0173, rank\u0173 darbo, dovan\u0173 sau ir artimiesiems.","publisher":{"@id":"https:\/\/skaitytaknyga.lt\/#organization"},"potentialAction":[{"@type":"SearchAction","target":{"@type":"EntryPoint","urlTemplate":"https:\/\/skaitytaknyga.lt\/?s={search_term_string}"},"query-input":{"@type":"PropertyValueSpecification","valueRequired":true,"valueName":"search_term_string"}}],"inLanguage":"en-GB"},{"@type":"Organization","@id":"https:\/\/skaitytaknyga.lt\/#organization","name":"skaitytaknyga.lt","url":"https:\/\/skaitytaknyga.lt\/","logo":{"@type":"ImageObject","inLanguage":"en-GB","@id":"https:\/\/skaitytaknyga.lt\/#\/schema\/logo\/image\/","url":"https:\/\/skaitytaknyga.lt\/wp-content\/uploads\/2024\/05\/cropped-cropped-cropped-02_00843_jt3bggkj1j3HLc7SyY6rEUpg.jpeg","contentUrl":"https:\/\/skaitytaknyga.lt\/wp-content\/uploads\/2024\/05\/cropped-cropped-cropped-02_00843_jt3bggkj1j3HLc7SyY6rEUpg.jpeg","width":1600,"height":1600,"caption":"skaitytaknyga.lt"},"image":{"@id":"https:\/\/skaitytaknyga.lt\/#\/schema\/logo\/image\/"},"sameAs":["https:\/\/www.facebook.com\/skaitytaknyga\/"]}]}},"_links":{"self":[{"href":"https:\/\/skaitytaknyga.lt\/en\/wp-json\/wp\/v2\/product\/9975","targetHints":{"allow":["GET"]}}],"collection":[{"href":"https:\/\/skaitytaknyga.lt\/en\/wp-json\/wp\/v2\/product"}],"about":[{"href":"https:\/\/skaitytaknyga.lt\/en\/wp-json\/wp\/v2\/types\/product"}],"replies":[{"embeddable":true,"href":"https:\/\/skaitytaknyga.lt\/en\/wp-json\/wp\/v2\/comments?post=9975"}],"wp:featuredmedia":[{"embeddable":true,"href":"https:\/\/skaitytaknyga.lt\/en\/wp-json\/wp\/v2\/media\/10024"}],"wp:attachment":[{"href":"https:\/\/skaitytaknyga.lt\/en\/wp-json\/wp\/v2\/media?parent=9975"}],"wp:term":[{"taxonomy":"product_brand","embeddable":true,"href":"https:\/\/skaitytaknyga.lt\/en\/wp-json\/wp\/v2\/product_brand?post=9975"},{"taxonomy":"product_cat","embeddable":true,"href":"https:\/\/skaitytaknyga.lt\/en\/wp-json\/wp\/v2\/product_cat?post=9975"},{"taxonomy":"product_tag","embeddable":true,"href":"https:\/\/skaitytaknyga.lt\/en\/wp-json\/wp\/v2\/product_tag?post=9975"}],"curies":[{"name":"wp","href":"https:\/\/api.w.org\/{rel}","templated":true}]}}