{"id":9973,"date":"2024-05-04T18:03:25","date_gmt":"2024-05-04T18:03:25","guid":{"rendered":"https:\/\/skaitytaknyga.lt\/?post_type=product&#038;p=9973"},"modified":"2024-05-04T18:04:40","modified_gmt":"2024-05-04T18:04:40","slug":"jurate-biciunaite-masiuliene-jaunyste-prie-laptevu-juros","status":"publish","type":"product","link":"https:\/\/skaitytaknyga.lt\/en\/produktas\/jurate-biciunaite-masiuliene-jaunyste-prie-laptevu-juros\/","title":{"rendered":"J\u016brat\u0117 Bi\u010di\u016bnait\u0117-Masiulien\u0117 \u201eJaunyst\u0117 prie Laptev\u0173 j\u016bros\u201c"},"content":{"rendered":"<p>1941-1956 m. tremtin\u0117s atsiminimai. \u201eNutariau apra\u0161yti visk\u0105, kas buvo, k\u0105 i\u0161gyvenau per penkiolik\u0105 tremties met\u0173, k\u0105 patyr\u0117 mano t\u0117vai, broliai, vaikai, kokia i\u0161m\u0117ginimai teko visai mano \u0161eimai, kuri niekada ne tik nedar\u0117 niekam blogo, bet ir nelink\u0117jo. Ta\u010diau ligos ir artimiausi\u0173 \u0161eimos nari\u0173 mirtys vis neleido atsigauti&#8230; papasakosiu visk\u0105 k\u0105 prisimenu, kaip buvo, &#8230;kaip tai vertinu dabartiniu savo protu\u201c,\u00a0\u2013 ra\u0161\u0117 autor\u0117.<\/p>\n","protected":false},"excerpt":{"rendered":"<p>1941-1956 m. tremtin\u0117s atsiminimai. \u201eNutariau apra\u0161yti visk\u0105, kas buvo, k\u0105 i\u0161gyvenau per penkiolik\u0105 tremties met\u0173, k\u0105 patyr\u0117 mano t\u0117vai, broliai, vaikai, kokia i\u0161m\u0117ginimai teko visai mano \u0161eimai, kuri niekada ne tik nedar\u0117 niekam blogo, bet ir nelink\u0117jo. Ta\u010diau ligos ir artimiausi\u0173 \u0161eimos nari\u0173 mirtys vis neleido atsigauti&#8230; papasakosiu visk\u0105 k\u0105 prisimenu, kaip buvo, &#8230;kaip tai vertinu dabartiniu savo protu\u201c,\u00a0\u2013 ra\u0161\u0117 autor\u0117.<\/p>\n","protected":false},"featured_media":10022,"comment_status":"closed","ping_status":"closed","template":"","meta":{"_acf_changed":false,"site-sidebar-layout":"default","site-content-layout":"","ast-site-content-layout":"default","site-content-style":"default","site-sidebar-style":"default","ast-global-header-display":"","ast-banner-title-visibility":"","ast-main-header-display":"","ast-hfb-above-header-display":"","ast-hfb-below-header-display":"","ast-hfb-mobile-header-display":"","site-post-title":"","ast-breadcrumbs-content":"","ast-featured-img":"","footer-sml-layout":"","ast-disable-related-posts":"","theme-transparent-header-meta":"","adv-header-id-meta":"","stick-header-meta":"","header-above-stick-meta":"","header-main-stick-meta":"","header-below-stick-meta":"","astra-migrate-meta-layouts":"default","ast-page-background-enabled":"default","ast-page-background-meta":{"desktop":{"background-color":"","background-image":"","background-repeat":"repeat","background-position":"center center","background-size":"auto","background-attachment":"scroll","background-type":"","background-media":"","overlay-type":"","overlay-color":"","overlay-opacity":"","overlay-gradient":""},"tablet":{"background-color":"","background-image":"","background-repeat":"repeat","background-position":"center center","background-size":"auto","background-attachment":"scroll","background-type":"","background-media":"","overlay-type":"","overlay-color":"","overlay-opacity":"","overlay-gradient":""},"mobile":{"background-color":"","background-image":"","background-repeat":"repeat","background-position":"center center","background-size":"auto","background-attachment":"scroll","background-type":"","background-media":"","overlay-type":"","overlay-color":"","overlay-opacity":"","overlay-gradient":""}},"ast-content-background-meta":{"desktop":{"background-color":"var(--ast-global-color-4)","background-image":"","background-repeat":"repeat","background-position":"center center","background-size":"auto","background-attachment":"scroll","background-type":"","background-media":"","overlay-type":"","overlay-color":"","overlay-opacity":"","overlay-gradient":""},"tablet":{"background-color":"var(--ast-global-color-4)","background-image":"","background-repeat":"repeat","background-position":"center center","background-size":"auto","background-attachment":"scroll","background-type":"","background-media":"","overlay-type":"","overlay-color":"","overlay-opacity":"","overlay-gradient":""},"mobile":{"background-color":"var(--ast-global-color-4)","background-image":"","background-repeat":"repeat","background-position":"center center","background-size":"auto","background-attachment":"scroll","background-type":"","background-media":"","overlay-type":"","overlay-color":"","overlay-opacity":"","overlay-gradient":""}}},"product_brand":[],"product_cat":[174],"product_tag":[],"class_list":{"0":"post-9973","1":"product","2":"type-product","3":"status-publish","4":"has-post-thumbnail","6":"product_cat-istorija-ir-politologija","7":"pa_leidimo-metai-93","8":"desktop-align-left","9":"tablet-align-left","10":"mobile-align-left","12":"first","13":"instock","14":"shipping-taxable","15":"purchasable","16":"product-type-simple"},"acf":[],"yoast_head":"<!-- This site is optimized with the Yoast SEO plugin v27.0 - https:\/\/yoast.com\/product\/yoast-seo-wordpress\/ -->\n<title>J\u016brat\u0117 Bi\u010di\u016bnait\u0117-Masiulien\u0117 \u201eJaunyst\u0117 prie Laptev\u0173 j\u016bros\u201c - Skaitytaknyga<\/title>\n<meta name=\"description\" content=\"1941-1956 m. tremtin\u0117s atsiminimai. \u201eNutariau apra\u0161yti visk\u0105, kas buvo, k\u0105 i\u0161gyvenau per penkiolik\u0105 tremties met\u0173, k\u0105 patyr\u0117 mano t\u0117vai, broliai, vaikai, kokia i\u0161m\u0117ginimai teko visai mano \u0161eimai, kuri niekada ne tik nedar\u0117 niekam blogo, bet ir nelink\u0117jo. Ta\u010diau ligos ir artimiausi\u0173 \u0161eimos nari\u0173 mirtys vis neleido atsigauti... papasakosiu visk\u0105 k\u0105 prisimenu, kaip buvo, ...kaip tai vertinu dabartiniu savo protu\u201c,\u00a0\u2013 ra\u0161\u0117 autor\u0117.\" \/>\n<meta name=\"robots\" content=\"index, follow, max-snippet:-1, max-image-preview:large, max-video-preview:-1\" \/>\n<link rel=\"canonical\" href=\"https:\/\/skaitytaknyga.lt\/en\/produktas\/jurate-biciunaite-masiuliene-jaunyste-prie-laptevu-juros\/\" \/>\n<meta property=\"og:locale\" content=\"en_GB\" \/>\n<meta property=\"og:locale:alternate\" content=\"lt_LT\" \/>\n<meta property=\"og:type\" content=\"article\" \/>\n<meta property=\"og:title\" content=\"J\u016brat\u0117 Bi\u010di\u016bnait\u0117-Masiulien\u0117 \u201eJaunyst\u0117 prie Laptev\u0173 j\u016bros\u201c - Skaitytaknyga\" \/>\n<meta property=\"og:description\" content=\"1941-1956 m. tremtin\u0117s atsiminimai. \u201eNutariau apra\u0161yti visk\u0105, kas buvo, k\u0105 i\u0161gyvenau per penkiolik\u0105 tremties met\u0173, k\u0105 patyr\u0117 mano t\u0117vai, broliai, vaikai, kokia i\u0161m\u0117ginimai teko visai mano \u0161eimai, kuri niekada ne tik nedar\u0117 niekam blogo, bet ir nelink\u0117jo. Ta\u010diau ligos ir artimiausi\u0173 \u0161eimos nari\u0173 mirtys vis neleido atsigauti... papasakosiu visk\u0105 k\u0105 prisimenu, kaip buvo, ...kaip tai vertinu dabartiniu savo protu\u201c,\u00a0\u2013 ra\u0161\u0117 autor\u0117.\" \/>\n<meta property=\"og:url\" content=\"https:\/\/skaitytaknyga.lt\/en\/produktas\/jurate-biciunaite-masiuliene-jaunyste-prie-laptevu-juros\/\" \/>\n<meta property=\"og:site_name\" content=\"Skaitytaknyga\" \/>\n<meta property=\"article:publisher\" content=\"https:\/\/www.facebook.com\/skaitytaknyga\/\" \/>\n<meta property=\"article:modified_time\" content=\"2024-05-04T18:04:40+00:00\" \/>\n<meta property=\"og:image\" content=\"https:\/\/skaitytaknyga.lt\/wp-content\/uploads\/2024\/05\/1462890227_img0038-001.jpg\" \/>\n\t<meta property=\"og:image:width\" content=\"275\" \/>\n\t<meta property=\"og:image:height\" content=\"430\" \/>\n\t<meta property=\"og:image:type\" content=\"image\/jpeg\" \/>\n<meta name=\"twitter:card\" content=\"summary_large_image\" \/>\n<script type=\"application\/ld+json\" class=\"yoast-schema-graph\">{\"@context\":\"https:\/\/schema.org\",\"@graph\":[{\"@type\":\"WebPage\",\"@id\":\"https:\/\/skaitytaknyga.lt\/produktas\/jurate-biciunaite-masiuliene-jaunyste-prie-laptevu-juros\/\",\"url\":\"https:\/\/skaitytaknyga.lt\/produktas\/jurate-biciunaite-masiuliene-jaunyste-prie-laptevu-juros\/\",\"name\":\"J\u016brat\u0117 Bi\u010di\u016bnait\u0117-Masiulien\u0117 \u201eJaunyst\u0117 prie Laptev\u0173 j\u016bros\u201c - Skaitytaknyga\",\"isPartOf\":{\"@id\":\"https:\/\/skaitytaknyga.lt\/#website\"},\"primaryImageOfPage\":{\"@id\":\"https:\/\/skaitytaknyga.lt\/produktas\/jurate-biciunaite-masiuliene-jaunyste-prie-laptevu-juros\/#primaryimage\"},\"image\":{\"@id\":\"https:\/\/skaitytaknyga.lt\/produktas\/jurate-biciunaite-masiuliene-jaunyste-prie-laptevu-juros\/#primaryimage\"},\"thumbnailUrl\":\"https:\/\/skaitytaknyga.lt\/wp-content\/uploads\/2024\/05\/1462890227_img0038-001.jpg\",\"datePublished\":\"2024-05-04T18:03:25+00:00\",\"dateModified\":\"2024-05-04T18:04:40+00:00\",\"description\":\"1941-1956 m. tremtin\u0117s atsiminimai. \u201eNutariau apra\u0161yti visk\u0105, kas buvo, k\u0105 i\u0161gyvenau per penkiolik\u0105 tremties met\u0173, k\u0105 patyr\u0117 mano t\u0117vai, broliai, vaikai, kokia i\u0161m\u0117ginimai teko visai mano \u0161eimai, kuri niekada ne tik nedar\u0117 niekam blogo, bet ir nelink\u0117jo. Ta\u010diau ligos ir artimiausi\u0173 \u0161eimos nari\u0173 mirtys vis neleido atsigauti... papasakosiu visk\u0105 k\u0105 prisimenu, kaip buvo, ...kaip tai vertinu dabartiniu savo protu\u201c,\u00a0\u2013 ra\u0161\u0117 autor\u0117.\",\"breadcrumb\":{\"@id\":\"https:\/\/skaitytaknyga.lt\/produktas\/jurate-biciunaite-masiuliene-jaunyste-prie-laptevu-juros\/#breadcrumb\"},\"inLanguage\":\"en-GB\",\"potentialAction\":[{\"@type\":\"ReadAction\",\"target\":[\"https:\/\/skaitytaknyga.lt\/produktas\/jurate-biciunaite-masiuliene-jaunyste-prie-laptevu-juros\/\"]}]},{\"@type\":\"ImageObject\",\"inLanguage\":\"en-GB\",\"@id\":\"https:\/\/skaitytaknyga.lt\/produktas\/jurate-biciunaite-masiuliene-jaunyste-prie-laptevu-juros\/#primaryimage\",\"url\":\"https:\/\/skaitytaknyga.lt\/wp-content\/uploads\/2024\/05\/1462890227_img0038-001.jpg\",\"contentUrl\":\"https:\/\/skaitytaknyga.lt\/wp-content\/uploads\/2024\/05\/1462890227_img0038-001.jpg\",\"width\":275,\"height\":430},{\"@type\":\"BreadcrumbList\",\"@id\":\"https:\/\/skaitytaknyga.lt\/produktas\/jurate-biciunaite-masiuliene-jaunyste-prie-laptevu-juros\/#breadcrumb\",\"itemListElement\":[{\"@type\":\"ListItem\",\"position\":1,\"name\":\"Home\",\"item\":\"https:\/\/skaitytaknyga.lt\/\"},{\"@type\":\"ListItem\",\"position\":2,\"name\":\"Parduotuv\u0117\",\"item\":\"https:\/\/skaitytaknyga.lt\/knygu-parduotuve\/\"},{\"@type\":\"ListItem\",\"position\":3,\"name\":\"J\u016brat\u0117 Bi\u010di\u016bnait\u0117-Masiulien\u0117 \u201eJaunyst\u0117 prie Laptev\u0173 j\u016bros\u201c\"}]},{\"@type\":\"WebSite\",\"@id\":\"https:\/\/skaitytaknyga.lt\/#website\",\"url\":\"https:\/\/skaitytaknyga.lt\/\",\"name\":\"skaitytaknyga.lt\",\"description\":\"Skaitytaknyga.lt \u2013 tai ma\u017eas \u0161eimos verslas, kuris prasid\u0117jo nuo meil\u0117s knygoms ir siekio i\u0161gelb\u0117ti knygas nuo likimo prie konteinerio. Kas vienam nereikalingas daiktas \u2013 kitam lobis, o mes esame tarpininkai, kurie padeda abiems tapti laimingesniems ???? \u017dinome kaip nelengva i\u0161gyventi ma\u017eiems verslams, tad nuo \u0161iol, \u010dia rasite ir kit\u0173, ma\u017e\u0173 \u0161eim\u0173 versl\u0173, rank\u0173 darbo, dovan\u0173 sau ir artimiesiems.\",\"publisher\":{\"@id\":\"https:\/\/skaitytaknyga.lt\/#organization\"},\"potentialAction\":[{\"@type\":\"SearchAction\",\"target\":{\"@type\":\"EntryPoint\",\"urlTemplate\":\"https:\/\/skaitytaknyga.lt\/?s={search_term_string}\"},\"query-input\":{\"@type\":\"PropertyValueSpecification\",\"valueRequired\":true,\"valueName\":\"search_term_string\"}}],\"inLanguage\":\"en-GB\"},{\"@type\":\"Organization\",\"@id\":\"https:\/\/skaitytaknyga.lt\/#organization\",\"name\":\"skaitytaknyga.lt\",\"url\":\"https:\/\/skaitytaknyga.lt\/\",\"logo\":{\"@type\":\"ImageObject\",\"inLanguage\":\"en-GB\",\"@id\":\"https:\/\/skaitytaknyga.lt\/#\/schema\/logo\/image\/\",\"url\":\"https:\/\/skaitytaknyga.lt\/wp-content\/uploads\/2024\/05\/cropped-cropped-cropped-02_00843_jt3bggkj1j3HLc7SyY6rEUpg.jpeg\",\"contentUrl\":\"https:\/\/skaitytaknyga.lt\/wp-content\/uploads\/2024\/05\/cropped-cropped-cropped-02_00843_jt3bggkj1j3HLc7SyY6rEUpg.jpeg\",\"width\":1600,\"height\":1600,\"caption\":\"skaitytaknyga.lt\"},\"image\":{\"@id\":\"https:\/\/skaitytaknyga.lt\/#\/schema\/logo\/image\/\"},\"sameAs\":[\"https:\/\/www.facebook.com\/skaitytaknyga\/\"]}]}<\/script>\n<!-- \/ Yoast SEO plugin. -->","yoast_head_json":{"title":"J\u016brat\u0117 Bi\u010di\u016bnait\u0117-Masiulien\u0117 \u201eJaunyst\u0117 prie Laptev\u0173 j\u016bros\u201c - Skaitytaknyga","description":"1941-1956 m. tremtin\u0117s atsiminimai. \u201eNutariau apra\u0161yti visk\u0105, kas buvo, k\u0105 i\u0161gyvenau per penkiolik\u0105 tremties met\u0173, k\u0105 patyr\u0117 mano t\u0117vai, broliai, vaikai, kokia i\u0161m\u0117ginimai teko visai mano \u0161eimai, kuri niekada ne tik nedar\u0117 niekam blogo, bet ir nelink\u0117jo. Ta\u010diau ligos ir artimiausi\u0173 \u0161eimos nari\u0173 mirtys vis neleido atsigauti... papasakosiu visk\u0105 k\u0105 prisimenu, kaip buvo, ...kaip tai vertinu dabartiniu savo protu\u201c,\u00a0\u2013 ra\u0161\u0117 autor\u0117.","robots":{"index":"index","follow":"follow","max-snippet":"max-snippet:-1","max-image-preview":"max-image-preview:large","max-video-preview":"max-video-preview:-1"},"canonical":"https:\/\/skaitytaknyga.lt\/en\/produktas\/jurate-biciunaite-masiuliene-jaunyste-prie-laptevu-juros\/","og_locale":"en_GB","og_type":"article","og_title":"J\u016brat\u0117 Bi\u010di\u016bnait\u0117-Masiulien\u0117 \u201eJaunyst\u0117 prie Laptev\u0173 j\u016bros\u201c - Skaitytaknyga","og_description":"1941-1956 m. tremtin\u0117s atsiminimai. \u201eNutariau apra\u0161yti visk\u0105, kas buvo, k\u0105 i\u0161gyvenau per penkiolik\u0105 tremties met\u0173, k\u0105 patyr\u0117 mano t\u0117vai, broliai, vaikai, kokia i\u0161m\u0117ginimai teko visai mano \u0161eimai, kuri niekada ne tik nedar\u0117 niekam blogo, bet ir nelink\u0117jo. Ta\u010diau ligos ir artimiausi\u0173 \u0161eimos nari\u0173 mirtys vis neleido atsigauti... papasakosiu visk\u0105 k\u0105 prisimenu, kaip buvo, ...kaip tai vertinu dabartiniu savo protu\u201c,\u00a0\u2013 ra\u0161\u0117 autor\u0117.","og_url":"https:\/\/skaitytaknyga.lt\/en\/produktas\/jurate-biciunaite-masiuliene-jaunyste-prie-laptevu-juros\/","og_site_name":"Skaitytaknyga","article_publisher":"https:\/\/www.facebook.com\/skaitytaknyga\/","article_modified_time":"2024-05-04T18:04:40+00:00","og_image":[{"width":275,"height":430,"url":"https:\/\/skaitytaknyga.lt\/wp-content\/uploads\/2024\/05\/1462890227_img0038-001.jpg","type":"image\/jpeg"}],"twitter_card":"summary_large_image","schema":{"@context":"https:\/\/schema.org","@graph":[{"@type":"WebPage","@id":"https:\/\/skaitytaknyga.lt\/produktas\/jurate-biciunaite-masiuliene-jaunyste-prie-laptevu-juros\/","url":"https:\/\/skaitytaknyga.lt\/produktas\/jurate-biciunaite-masiuliene-jaunyste-prie-laptevu-juros\/","name":"J\u016brat\u0117 Bi\u010di\u016bnait\u0117-Masiulien\u0117 \u201eJaunyst\u0117 prie Laptev\u0173 j\u016bros\u201c - Skaitytaknyga","isPartOf":{"@id":"https:\/\/skaitytaknyga.lt\/#website"},"primaryImageOfPage":{"@id":"https:\/\/skaitytaknyga.lt\/produktas\/jurate-biciunaite-masiuliene-jaunyste-prie-laptevu-juros\/#primaryimage"},"image":{"@id":"https:\/\/skaitytaknyga.lt\/produktas\/jurate-biciunaite-masiuliene-jaunyste-prie-laptevu-juros\/#primaryimage"},"thumbnailUrl":"https:\/\/skaitytaknyga.lt\/wp-content\/uploads\/2024\/05\/1462890227_img0038-001.jpg","datePublished":"2024-05-04T18:03:25+00:00","dateModified":"2024-05-04T18:04:40+00:00","description":"1941-1956 m. tremtin\u0117s atsiminimai. \u201eNutariau apra\u0161yti visk\u0105, kas buvo, k\u0105 i\u0161gyvenau per penkiolik\u0105 tremties met\u0173, k\u0105 patyr\u0117 mano t\u0117vai, broliai, vaikai, kokia i\u0161m\u0117ginimai teko visai mano \u0161eimai, kuri niekada ne tik nedar\u0117 niekam blogo, bet ir nelink\u0117jo. Ta\u010diau ligos ir artimiausi\u0173 \u0161eimos nari\u0173 mirtys vis neleido atsigauti... papasakosiu visk\u0105 k\u0105 prisimenu, kaip buvo, ...kaip tai vertinu dabartiniu savo protu\u201c,\u00a0\u2013 ra\u0161\u0117 autor\u0117.","breadcrumb":{"@id":"https:\/\/skaitytaknyga.lt\/produktas\/jurate-biciunaite-masiuliene-jaunyste-prie-laptevu-juros\/#breadcrumb"},"inLanguage":"en-GB","potentialAction":[{"@type":"ReadAction","target":["https:\/\/skaitytaknyga.lt\/produktas\/jurate-biciunaite-masiuliene-jaunyste-prie-laptevu-juros\/"]}]},{"@type":"ImageObject","inLanguage":"en-GB","@id":"https:\/\/skaitytaknyga.lt\/produktas\/jurate-biciunaite-masiuliene-jaunyste-prie-laptevu-juros\/#primaryimage","url":"https:\/\/skaitytaknyga.lt\/wp-content\/uploads\/2024\/05\/1462890227_img0038-001.jpg","contentUrl":"https:\/\/skaitytaknyga.lt\/wp-content\/uploads\/2024\/05\/1462890227_img0038-001.jpg","width":275,"height":430},{"@type":"BreadcrumbList","@id":"https:\/\/skaitytaknyga.lt\/produktas\/jurate-biciunaite-masiuliene-jaunyste-prie-laptevu-juros\/#breadcrumb","itemListElement":[{"@type":"ListItem","position":1,"name":"Home","item":"https:\/\/skaitytaknyga.lt\/"},{"@type":"ListItem","position":2,"name":"Parduotuv\u0117","item":"https:\/\/skaitytaknyga.lt\/knygu-parduotuve\/"},{"@type":"ListItem","position":3,"name":"J\u016brat\u0117 Bi\u010di\u016bnait\u0117-Masiulien\u0117 \u201eJaunyst\u0117 prie Laptev\u0173 j\u016bros\u201c"}]},{"@type":"WebSite","@id":"https:\/\/skaitytaknyga.lt\/#website","url":"https:\/\/skaitytaknyga.lt\/","name":"skaitytaknyga.lt","description":"Skaitytaknyga.lt \u2013 tai ma\u017eas \u0161eimos verslas, kuris prasid\u0117jo nuo meil\u0117s knygoms ir siekio i\u0161gelb\u0117ti knygas nuo likimo prie konteinerio. Kas vienam nereikalingas daiktas \u2013 kitam lobis, o mes esame tarpininkai, kurie padeda abiems tapti laimingesniems ???? \u017dinome kaip nelengva i\u0161gyventi ma\u017eiems verslams, tad nuo \u0161iol, \u010dia rasite ir kit\u0173, ma\u017e\u0173 \u0161eim\u0173 versl\u0173, rank\u0173 darbo, dovan\u0173 sau ir artimiesiems.","publisher":{"@id":"https:\/\/skaitytaknyga.lt\/#organization"},"potentialAction":[{"@type":"SearchAction","target":{"@type":"EntryPoint","urlTemplate":"https:\/\/skaitytaknyga.lt\/?s={search_term_string}"},"query-input":{"@type":"PropertyValueSpecification","valueRequired":true,"valueName":"search_term_string"}}],"inLanguage":"en-GB"},{"@type":"Organization","@id":"https:\/\/skaitytaknyga.lt\/#organization","name":"skaitytaknyga.lt","url":"https:\/\/skaitytaknyga.lt\/","logo":{"@type":"ImageObject","inLanguage":"en-GB","@id":"https:\/\/skaitytaknyga.lt\/#\/schema\/logo\/image\/","url":"https:\/\/skaitytaknyga.lt\/wp-content\/uploads\/2024\/05\/cropped-cropped-cropped-02_00843_jt3bggkj1j3HLc7SyY6rEUpg.jpeg","contentUrl":"https:\/\/skaitytaknyga.lt\/wp-content\/uploads\/2024\/05\/cropped-cropped-cropped-02_00843_jt3bggkj1j3HLc7SyY6rEUpg.jpeg","width":1600,"height":1600,"caption":"skaitytaknyga.lt"},"image":{"@id":"https:\/\/skaitytaknyga.lt\/#\/schema\/logo\/image\/"},"sameAs":["https:\/\/www.facebook.com\/skaitytaknyga\/"]}]}},"_links":{"self":[{"href":"https:\/\/skaitytaknyga.lt\/en\/wp-json\/wp\/v2\/product\/9973","targetHints":{"allow":["GET"]}}],"collection":[{"href":"https:\/\/skaitytaknyga.lt\/en\/wp-json\/wp\/v2\/product"}],"about":[{"href":"https:\/\/skaitytaknyga.lt\/en\/wp-json\/wp\/v2\/types\/product"}],"replies":[{"embeddable":true,"href":"https:\/\/skaitytaknyga.lt\/en\/wp-json\/wp\/v2\/comments?post=9973"}],"wp:featuredmedia":[{"embeddable":true,"href":"https:\/\/skaitytaknyga.lt\/en\/wp-json\/wp\/v2\/media\/10022"}],"wp:attachment":[{"href":"https:\/\/skaitytaknyga.lt\/en\/wp-json\/wp\/v2\/media?parent=9973"}],"wp:term":[{"taxonomy":"product_brand","embeddable":true,"href":"https:\/\/skaitytaknyga.lt\/en\/wp-json\/wp\/v2\/product_brand?post=9973"},{"taxonomy":"product_cat","embeddable":true,"href":"https:\/\/skaitytaknyga.lt\/en\/wp-json\/wp\/v2\/product_cat?post=9973"},{"taxonomy":"product_tag","embeddable":true,"href":"https:\/\/skaitytaknyga.lt\/en\/wp-json\/wp\/v2\/product_tag?post=9973"}],"curies":[{"name":"wp","href":"https:\/\/api.w.org\/{rel}","templated":true}]}}