{"id":9971,"date":"2024-05-04T18:03:25","date_gmt":"2024-05-04T18:03:25","guid":{"rendered":"https:\/\/skaitytaknyga.lt\/?post_type=product&#038;p=9971"},"modified":"2024-05-04T18:04:36","modified_gmt":"2024-05-04T18:04:36","slug":"raimundas-samulevicius-baltoji-obelis","status":"publish","type":"product","link":"https:\/\/skaitytaknyga.lt\/en\/produktas\/raimundas-samulevicius-baltoji-obelis\/","title":{"rendered":"Raimundas Samulevi\u010dius \u201eBaltoji obelis\u201c"},"content":{"rendered":"<div class=\"book-descript-wrapper\">\n<section class=\"product-descript more-content-wrapper\">\n<div class=\"\">\n<p>\u201eBaltoji obelis\u201c \u2013 ra\u0161ytojo R. Samulevi\u010diaus (1937\u20131981) apybrai\u017ea apie tapytoj\u0105 Antan\u0105 Samuol\u012f (1899\u20131942). Pla\u010diai atskleid\u017eiamos dailininko k\u016brybos i\u0161takos, socialin\u0117, etin\u0117 aplinka, formavusi savit\u0105 k\u016br\u0117jo pasaul\u0117vaizd\u012f. Gausiai cituojami menotyros \u0161altiniai, \u012fvairi\u0173 dailinink\u0105 pa\u017einusi\u0173 \u017emoni\u0173 atsiminimai. Knyga iliustruota tapytojo k\u016brini\u0173 reprodukcijomis, dokumentin\u0117mis nuotraukomis.<\/p>\n<\/div>\n<\/section>\n<\/div>\n","protected":false},"excerpt":{"rendered":"<div class=\"book-descript-wrapper\">\n<section class=\"product-descript more-content-wrapper\">\n<div class=\"\">\n<p>\u201eBaltoji obelis\u201c \u2013 ra\u0161ytojo R. Samulevi\u010diaus (1937\u20131981) apybrai\u017ea apie tapytoj\u0105 Antan\u0105 Samuol\u012f (1899\u20131942). Pla\u010diai atskleid\u017eiamos dailininko k\u016brybos i\u0161takos, socialin\u0117, etin\u0117 aplinka, formavusi savit\u0105 k\u016br\u0117jo pasaul\u0117vaizd\u012f. Gausiai cituojami menotyros \u0161altiniai, \u012fvairi\u0173 dailinink\u0105 pa\u017einusi\u0173 \u017emoni\u0173 atsiminimai. Knyga iliustruota tapytojo k\u016brini\u0173 reprodukcijomis, dokumentin\u0117mis nuotraukomis.<\/p>\n<\/div>\n<\/section>\n<\/div>\n","protected":false},"featured_media":10020,"comment_status":"closed","ping_status":"closed","template":"","meta":{"_acf_changed":false,"site-sidebar-layout":"default","site-content-layout":"","ast-site-content-layout":"default","site-content-style":"default","site-sidebar-style":"default","ast-global-header-display":"","ast-banner-title-visibility":"","ast-main-header-display":"","ast-hfb-above-header-display":"","ast-hfb-below-header-display":"","ast-hfb-mobile-header-display":"","site-post-title":"","ast-breadcrumbs-content":"","ast-featured-img":"","footer-sml-layout":"","ast-disable-related-posts":"","theme-transparent-header-meta":"","adv-header-id-meta":"","stick-header-meta":"","header-above-stick-meta":"","header-main-stick-meta":"","header-below-stick-meta":"","astra-migrate-meta-layouts":"default","ast-page-background-enabled":"default","ast-page-background-meta":{"desktop":{"background-color":"","background-image":"","background-repeat":"repeat","background-position":"center center","background-size":"auto","background-attachment":"scroll","background-type":"","background-media":"","overlay-type":"","overlay-color":"","overlay-opacity":"","overlay-gradient":""},"tablet":{"background-color":"","background-image":"","background-repeat":"repeat","background-position":"center center","background-size":"auto","background-attachment":"scroll","background-type":"","background-media":"","overlay-type":"","overlay-color":"","overlay-opacity":"","overlay-gradient":""},"mobile":{"background-color":"","background-image":"","background-repeat":"repeat","background-position":"center center","background-size":"auto","background-attachment":"scroll","background-type":"","background-media":"","overlay-type":"","overlay-color":"","overlay-opacity":"","overlay-gradient":""}},"ast-content-background-meta":{"desktop":{"background-color":"var(--ast-global-color-4)","background-image":"","background-repeat":"repeat","background-position":"center center","background-size":"auto","background-attachment":"scroll","background-type":"","background-media":"","overlay-type":"","overlay-color":"","overlay-opacity":"","overlay-gradient":""},"tablet":{"background-color":"var(--ast-global-color-4)","background-image":"","background-repeat":"repeat","background-position":"center center","background-size":"auto","background-attachment":"scroll","background-type":"","background-media":"","overlay-type":"","overlay-color":"","overlay-opacity":"","overlay-gradient":""},"mobile":{"background-color":"var(--ast-global-color-4)","background-image":"","background-repeat":"repeat","background-position":"center center","background-size":"auto","background-attachment":"scroll","background-type":"","background-media":"","overlay-type":"","overlay-color":"","overlay-opacity":"","overlay-gradient":""}}},"product_brand":[],"product_cat":[33,57],"product_tag":[],"class_list":{"0":"post-9971","1":"product","2":"type-product","3":"status-publish","4":"has-post-thumbnail","6":"product_cat-biografijos","7":"product_cat-menas-ir-albumai","8":"pa_leidimo-metai-976","9":"desktop-align-left","10":"tablet-align-left","11":"mobile-align-left","13":"first","14":"outofstock","15":"shipping-taxable","16":"purchasable","17":"product-type-simple"},"acf":[],"yoast_head":"<!-- This site is optimized with the Yoast SEO plugin v27.0 - https:\/\/yoast.com\/product\/yoast-seo-wordpress\/ -->\n<title>Raimundas Samulevi\u010dius \u201eBaltoji obelis\u201c - Skaitytaknyga<\/title>\n<meta name=\"description\" content=\"\u201eBaltoji obelis\u201c \u2013 ra\u0161ytojo R. Samulevi\u010diaus (1937\u20131981) apybrai\u017ea apie tapytoj\u0105 Antan\u0105 Samuol\u012f (1899\u20131942). Pla\u010diai atskleid\u017eiamos dailininko k\u016brybos i\u0161takos, socialin\u0117, etin\u0117 aplinka, formavusi savit\u0105 k\u016br\u0117jo pasaul\u0117vaizd\u012f. Gausiai cituojami menotyros \u0161altiniai, \u012fvairi\u0173 dailinink\u0105 pa\u017einusi\u0173 \u017emoni\u0173 atsiminimai. Knyga iliustruota tapytojo k\u016brini\u0173 reprodukcijomis, dokumentin\u0117mis nuotraukomis.\" \/>\n<meta name=\"robots\" content=\"index, follow, max-snippet:-1, max-image-preview:large, max-video-preview:-1\" \/>\n<link rel=\"canonical\" href=\"https:\/\/skaitytaknyga.lt\/en\/produktas\/raimundas-samulevicius-baltoji-obelis\/\" \/>\n<meta property=\"og:locale\" content=\"en_GB\" \/>\n<meta property=\"og:locale:alternate\" content=\"lt_LT\" \/>\n<meta property=\"og:type\" content=\"article\" \/>\n<meta property=\"og:title\" content=\"Raimundas Samulevi\u010dius \u201eBaltoji obelis\u201c - Skaitytaknyga\" \/>\n<meta property=\"og:description\" content=\"\u201eBaltoji obelis\u201c \u2013 ra\u0161ytojo R. Samulevi\u010diaus (1937\u20131981) apybrai\u017ea apie tapytoj\u0105 Antan\u0105 Samuol\u012f (1899\u20131942). Pla\u010diai atskleid\u017eiamos dailininko k\u016brybos i\u0161takos, socialin\u0117, etin\u0117 aplinka, formavusi savit\u0105 k\u016br\u0117jo pasaul\u0117vaizd\u012f. Gausiai cituojami menotyros \u0161altiniai, \u012fvairi\u0173 dailinink\u0105 pa\u017einusi\u0173 \u017emoni\u0173 atsiminimai. Knyga iliustruota tapytojo k\u016brini\u0173 reprodukcijomis, dokumentin\u0117mis nuotraukomis.\" \/>\n<meta property=\"og:url\" content=\"https:\/\/skaitytaknyga.lt\/en\/produktas\/raimundas-samulevicius-baltoji-obelis\/\" \/>\n<meta property=\"og:site_name\" content=\"Skaitytaknyga\" \/>\n<meta property=\"article:publisher\" content=\"https:\/\/www.facebook.com\/skaitytaknyga\/\" \/>\n<meta property=\"article:modified_time\" content=\"2024-05-04T18:04:36+00:00\" \/>\n<meta property=\"og:image\" content=\"https:\/\/skaitytaknyga.lt\/wp-content\/uploads\/2024\/05\/img-0001-4.jpg\" \/>\n\t<meta property=\"og:image:width\" content=\"320\" \/>\n\t<meta property=\"og:image:height\" content=\"414\" \/>\n\t<meta property=\"og:image:type\" content=\"image\/jpeg\" \/>\n<meta name=\"twitter:card\" content=\"summary_large_image\" \/>\n<script type=\"application\/ld+json\" class=\"yoast-schema-graph\">{\"@context\":\"https:\/\/schema.org\",\"@graph\":[{\"@type\":\"WebPage\",\"@id\":\"https:\/\/skaitytaknyga.lt\/produktas\/raimundas-samulevicius-baltoji-obelis\/\",\"url\":\"https:\/\/skaitytaknyga.lt\/produktas\/raimundas-samulevicius-baltoji-obelis\/\",\"name\":\"Raimundas Samulevi\u010dius \u201eBaltoji obelis\u201c - Skaitytaknyga\",\"isPartOf\":{\"@id\":\"https:\/\/skaitytaknyga.lt\/#website\"},\"primaryImageOfPage\":{\"@id\":\"https:\/\/skaitytaknyga.lt\/produktas\/raimundas-samulevicius-baltoji-obelis\/#primaryimage\"},\"image\":{\"@id\":\"https:\/\/skaitytaknyga.lt\/produktas\/raimundas-samulevicius-baltoji-obelis\/#primaryimage\"},\"thumbnailUrl\":\"https:\/\/skaitytaknyga.lt\/wp-content\/uploads\/2024\/05\/img-0001-4.jpg\",\"datePublished\":\"2024-05-04T18:03:25+00:00\",\"dateModified\":\"2024-05-04T18:04:36+00:00\",\"description\":\"\u201eBaltoji obelis\u201c \u2013 ra\u0161ytojo R. Samulevi\u010diaus (1937\u20131981) apybrai\u017ea apie tapytoj\u0105 Antan\u0105 Samuol\u012f (1899\u20131942). Pla\u010diai atskleid\u017eiamos dailininko k\u016brybos i\u0161takos, socialin\u0117, etin\u0117 aplinka, formavusi savit\u0105 k\u016br\u0117jo pasaul\u0117vaizd\u012f. Gausiai cituojami menotyros \u0161altiniai, \u012fvairi\u0173 dailinink\u0105 pa\u017einusi\u0173 \u017emoni\u0173 atsiminimai. Knyga iliustruota tapytojo k\u016brini\u0173 reprodukcijomis, dokumentin\u0117mis nuotraukomis.\",\"breadcrumb\":{\"@id\":\"https:\/\/skaitytaknyga.lt\/produktas\/raimundas-samulevicius-baltoji-obelis\/#breadcrumb\"},\"inLanguage\":\"en-GB\",\"potentialAction\":[{\"@type\":\"ReadAction\",\"target\":[\"https:\/\/skaitytaknyga.lt\/produktas\/raimundas-samulevicius-baltoji-obelis\/\"]}]},{\"@type\":\"ImageObject\",\"inLanguage\":\"en-GB\",\"@id\":\"https:\/\/skaitytaknyga.lt\/produktas\/raimundas-samulevicius-baltoji-obelis\/#primaryimage\",\"url\":\"https:\/\/skaitytaknyga.lt\/wp-content\/uploads\/2024\/05\/img-0001-4.jpg\",\"contentUrl\":\"https:\/\/skaitytaknyga.lt\/wp-content\/uploads\/2024\/05\/img-0001-4.jpg\",\"width\":320,\"height\":414},{\"@type\":\"BreadcrumbList\",\"@id\":\"https:\/\/skaitytaknyga.lt\/produktas\/raimundas-samulevicius-baltoji-obelis\/#breadcrumb\",\"itemListElement\":[{\"@type\":\"ListItem\",\"position\":1,\"name\":\"Home\",\"item\":\"https:\/\/skaitytaknyga.lt\/\"},{\"@type\":\"ListItem\",\"position\":2,\"name\":\"Parduotuv\u0117\",\"item\":\"https:\/\/skaitytaknyga.lt\/knygu-parduotuve\/\"},{\"@type\":\"ListItem\",\"position\":3,\"name\":\"Raimundas Samulevi\u010dius \u201eBaltoji obelis\u201c\"}]},{\"@type\":\"WebSite\",\"@id\":\"https:\/\/skaitytaknyga.lt\/#website\",\"url\":\"https:\/\/skaitytaknyga.lt\/\",\"name\":\"skaitytaknyga.lt\",\"description\":\"Skaitytaknyga.lt \u2013 tai ma\u017eas \u0161eimos verslas, kuris prasid\u0117jo nuo meil\u0117s knygoms ir siekio i\u0161gelb\u0117ti knygas nuo likimo prie konteinerio. Kas vienam nereikalingas daiktas \u2013 kitam lobis, o mes esame tarpininkai, kurie padeda abiems tapti laimingesniems ???? \u017dinome kaip nelengva i\u0161gyventi ma\u017eiems verslams, tad nuo \u0161iol, \u010dia rasite ir kit\u0173, ma\u017e\u0173 \u0161eim\u0173 versl\u0173, rank\u0173 darbo, dovan\u0173 sau ir artimiesiems.\",\"publisher\":{\"@id\":\"https:\/\/skaitytaknyga.lt\/#organization\"},\"potentialAction\":[{\"@type\":\"SearchAction\",\"target\":{\"@type\":\"EntryPoint\",\"urlTemplate\":\"https:\/\/skaitytaknyga.lt\/?s={search_term_string}\"},\"query-input\":{\"@type\":\"PropertyValueSpecification\",\"valueRequired\":true,\"valueName\":\"search_term_string\"}}],\"inLanguage\":\"en-GB\"},{\"@type\":\"Organization\",\"@id\":\"https:\/\/skaitytaknyga.lt\/#organization\",\"name\":\"skaitytaknyga.lt\",\"url\":\"https:\/\/skaitytaknyga.lt\/\",\"logo\":{\"@type\":\"ImageObject\",\"inLanguage\":\"en-GB\",\"@id\":\"https:\/\/skaitytaknyga.lt\/#\/schema\/logo\/image\/\",\"url\":\"https:\/\/skaitytaknyga.lt\/wp-content\/uploads\/2024\/05\/cropped-cropped-cropped-02_00843_jt3bggkj1j3HLc7SyY6rEUpg.jpeg\",\"contentUrl\":\"https:\/\/skaitytaknyga.lt\/wp-content\/uploads\/2024\/05\/cropped-cropped-cropped-02_00843_jt3bggkj1j3HLc7SyY6rEUpg.jpeg\",\"width\":1600,\"height\":1600,\"caption\":\"skaitytaknyga.lt\"},\"image\":{\"@id\":\"https:\/\/skaitytaknyga.lt\/#\/schema\/logo\/image\/\"},\"sameAs\":[\"https:\/\/www.facebook.com\/skaitytaknyga\/\"]}]}<\/script>\n<!-- \/ Yoast SEO plugin. -->","yoast_head_json":{"title":"Raimundas Samulevi\u010dius \u201eBaltoji obelis\u201c - Skaitytaknyga","description":"\u201eBaltoji obelis\u201c \u2013 ra\u0161ytojo R. Samulevi\u010diaus (1937\u20131981) apybrai\u017ea apie tapytoj\u0105 Antan\u0105 Samuol\u012f (1899\u20131942). Pla\u010diai atskleid\u017eiamos dailininko k\u016brybos i\u0161takos, socialin\u0117, etin\u0117 aplinka, formavusi savit\u0105 k\u016br\u0117jo pasaul\u0117vaizd\u012f. Gausiai cituojami menotyros \u0161altiniai, \u012fvairi\u0173 dailinink\u0105 pa\u017einusi\u0173 \u017emoni\u0173 atsiminimai. Knyga iliustruota tapytojo k\u016brini\u0173 reprodukcijomis, dokumentin\u0117mis nuotraukomis.","robots":{"index":"index","follow":"follow","max-snippet":"max-snippet:-1","max-image-preview":"max-image-preview:large","max-video-preview":"max-video-preview:-1"},"canonical":"https:\/\/skaitytaknyga.lt\/en\/produktas\/raimundas-samulevicius-baltoji-obelis\/","og_locale":"en_GB","og_type":"article","og_title":"Raimundas Samulevi\u010dius \u201eBaltoji obelis\u201c - Skaitytaknyga","og_description":"\u201eBaltoji obelis\u201c \u2013 ra\u0161ytojo R. Samulevi\u010diaus (1937\u20131981) apybrai\u017ea apie tapytoj\u0105 Antan\u0105 Samuol\u012f (1899\u20131942). Pla\u010diai atskleid\u017eiamos dailininko k\u016brybos i\u0161takos, socialin\u0117, etin\u0117 aplinka, formavusi savit\u0105 k\u016br\u0117jo pasaul\u0117vaizd\u012f. Gausiai cituojami menotyros \u0161altiniai, \u012fvairi\u0173 dailinink\u0105 pa\u017einusi\u0173 \u017emoni\u0173 atsiminimai. Knyga iliustruota tapytojo k\u016brini\u0173 reprodukcijomis, dokumentin\u0117mis nuotraukomis.","og_url":"https:\/\/skaitytaknyga.lt\/en\/produktas\/raimundas-samulevicius-baltoji-obelis\/","og_site_name":"Skaitytaknyga","article_publisher":"https:\/\/www.facebook.com\/skaitytaknyga\/","article_modified_time":"2024-05-04T18:04:36+00:00","og_image":[{"width":320,"height":414,"url":"https:\/\/skaitytaknyga.lt\/wp-content\/uploads\/2024\/05\/img-0001-4.jpg","type":"image\/jpeg"}],"twitter_card":"summary_large_image","schema":{"@context":"https:\/\/schema.org","@graph":[{"@type":"WebPage","@id":"https:\/\/skaitytaknyga.lt\/produktas\/raimundas-samulevicius-baltoji-obelis\/","url":"https:\/\/skaitytaknyga.lt\/produktas\/raimundas-samulevicius-baltoji-obelis\/","name":"Raimundas Samulevi\u010dius \u201eBaltoji obelis\u201c - Skaitytaknyga","isPartOf":{"@id":"https:\/\/skaitytaknyga.lt\/#website"},"primaryImageOfPage":{"@id":"https:\/\/skaitytaknyga.lt\/produktas\/raimundas-samulevicius-baltoji-obelis\/#primaryimage"},"image":{"@id":"https:\/\/skaitytaknyga.lt\/produktas\/raimundas-samulevicius-baltoji-obelis\/#primaryimage"},"thumbnailUrl":"https:\/\/skaitytaknyga.lt\/wp-content\/uploads\/2024\/05\/img-0001-4.jpg","datePublished":"2024-05-04T18:03:25+00:00","dateModified":"2024-05-04T18:04:36+00:00","description":"\u201eBaltoji obelis\u201c \u2013 ra\u0161ytojo R. Samulevi\u010diaus (1937\u20131981) apybrai\u017ea apie tapytoj\u0105 Antan\u0105 Samuol\u012f (1899\u20131942). Pla\u010diai atskleid\u017eiamos dailininko k\u016brybos i\u0161takos, socialin\u0117, etin\u0117 aplinka, formavusi savit\u0105 k\u016br\u0117jo pasaul\u0117vaizd\u012f. Gausiai cituojami menotyros \u0161altiniai, \u012fvairi\u0173 dailinink\u0105 pa\u017einusi\u0173 \u017emoni\u0173 atsiminimai. Knyga iliustruota tapytojo k\u016brini\u0173 reprodukcijomis, dokumentin\u0117mis nuotraukomis.","breadcrumb":{"@id":"https:\/\/skaitytaknyga.lt\/produktas\/raimundas-samulevicius-baltoji-obelis\/#breadcrumb"},"inLanguage":"en-GB","potentialAction":[{"@type":"ReadAction","target":["https:\/\/skaitytaknyga.lt\/produktas\/raimundas-samulevicius-baltoji-obelis\/"]}]},{"@type":"ImageObject","inLanguage":"en-GB","@id":"https:\/\/skaitytaknyga.lt\/produktas\/raimundas-samulevicius-baltoji-obelis\/#primaryimage","url":"https:\/\/skaitytaknyga.lt\/wp-content\/uploads\/2024\/05\/img-0001-4.jpg","contentUrl":"https:\/\/skaitytaknyga.lt\/wp-content\/uploads\/2024\/05\/img-0001-4.jpg","width":320,"height":414},{"@type":"BreadcrumbList","@id":"https:\/\/skaitytaknyga.lt\/produktas\/raimundas-samulevicius-baltoji-obelis\/#breadcrumb","itemListElement":[{"@type":"ListItem","position":1,"name":"Home","item":"https:\/\/skaitytaknyga.lt\/"},{"@type":"ListItem","position":2,"name":"Parduotuv\u0117","item":"https:\/\/skaitytaknyga.lt\/knygu-parduotuve\/"},{"@type":"ListItem","position":3,"name":"Raimundas Samulevi\u010dius \u201eBaltoji obelis\u201c"}]},{"@type":"WebSite","@id":"https:\/\/skaitytaknyga.lt\/#website","url":"https:\/\/skaitytaknyga.lt\/","name":"skaitytaknyga.lt","description":"Skaitytaknyga.lt \u2013 tai ma\u017eas \u0161eimos verslas, kuris prasid\u0117jo nuo meil\u0117s knygoms ir siekio i\u0161gelb\u0117ti knygas nuo likimo prie konteinerio. Kas vienam nereikalingas daiktas \u2013 kitam lobis, o mes esame tarpininkai, kurie padeda abiems tapti laimingesniems ???? \u017dinome kaip nelengva i\u0161gyventi ma\u017eiems verslams, tad nuo \u0161iol, \u010dia rasite ir kit\u0173, ma\u017e\u0173 \u0161eim\u0173 versl\u0173, rank\u0173 darbo, dovan\u0173 sau ir artimiesiems.","publisher":{"@id":"https:\/\/skaitytaknyga.lt\/#organization"},"potentialAction":[{"@type":"SearchAction","target":{"@type":"EntryPoint","urlTemplate":"https:\/\/skaitytaknyga.lt\/?s={search_term_string}"},"query-input":{"@type":"PropertyValueSpecification","valueRequired":true,"valueName":"search_term_string"}}],"inLanguage":"en-GB"},{"@type":"Organization","@id":"https:\/\/skaitytaknyga.lt\/#organization","name":"skaitytaknyga.lt","url":"https:\/\/skaitytaknyga.lt\/","logo":{"@type":"ImageObject","inLanguage":"en-GB","@id":"https:\/\/skaitytaknyga.lt\/#\/schema\/logo\/image\/","url":"https:\/\/skaitytaknyga.lt\/wp-content\/uploads\/2024\/05\/cropped-cropped-cropped-02_00843_jt3bggkj1j3HLc7SyY6rEUpg.jpeg","contentUrl":"https:\/\/skaitytaknyga.lt\/wp-content\/uploads\/2024\/05\/cropped-cropped-cropped-02_00843_jt3bggkj1j3HLc7SyY6rEUpg.jpeg","width":1600,"height":1600,"caption":"skaitytaknyga.lt"},"image":{"@id":"https:\/\/skaitytaknyga.lt\/#\/schema\/logo\/image\/"},"sameAs":["https:\/\/www.facebook.com\/skaitytaknyga\/"]}]}},"_links":{"self":[{"href":"https:\/\/skaitytaknyga.lt\/en\/wp-json\/wp\/v2\/product\/9971","targetHints":{"allow":["GET"]}}],"collection":[{"href":"https:\/\/skaitytaknyga.lt\/en\/wp-json\/wp\/v2\/product"}],"about":[{"href":"https:\/\/skaitytaknyga.lt\/en\/wp-json\/wp\/v2\/types\/product"}],"replies":[{"embeddable":true,"href":"https:\/\/skaitytaknyga.lt\/en\/wp-json\/wp\/v2\/comments?post=9971"}],"wp:featuredmedia":[{"embeddable":true,"href":"https:\/\/skaitytaknyga.lt\/en\/wp-json\/wp\/v2\/media\/10020"}],"wp:attachment":[{"href":"https:\/\/skaitytaknyga.lt\/en\/wp-json\/wp\/v2\/media?parent=9971"}],"wp:term":[{"taxonomy":"product_brand","embeddable":true,"href":"https:\/\/skaitytaknyga.lt\/en\/wp-json\/wp\/v2\/product_brand?post=9971"},{"taxonomy":"product_cat","embeddable":true,"href":"https:\/\/skaitytaknyga.lt\/en\/wp-json\/wp\/v2\/product_cat?post=9971"},{"taxonomy":"product_tag","embeddable":true,"href":"https:\/\/skaitytaknyga.lt\/en\/wp-json\/wp\/v2\/product_tag?post=9971"}],"curies":[{"name":"wp","href":"https:\/\/api.w.org\/{rel}","templated":true}]}}