{"id":9970,"date":"2024-05-04T18:03:25","date_gmt":"2024-05-04T18:03:25","guid":{"rendered":"https:\/\/skaitytaknyga.lt\/?post_type=product&#038;p=9970"},"modified":"2026-03-18T14:59:59","modified_gmt":"2026-03-18T12:59:59","slug":"lietuvos-istorija-iki-vytauto-didziojo-mirties","status":"publish","type":"product","link":"https:\/\/skaitytaknyga.lt\/en\/produktas\/lietuvos-istorija-iki-vytauto-didziojo-mirties\/","title":{"rendered":"Lietuvos istorija iki Vytauto Did\u017eiojo mirties"},"content":{"rendered":"<p>Zenono Ivinskio\u00a0<strong>\u201eLietuvos istorija\u201c<\/strong>\u00a0\u2013 svarbiausias \u017eymaus i\u0161eivijos istoriko darbas. I\u0161 u\u017esibr\u0117\u017et\u0173 trij\u0173 tom\u0173 sp\u0117tas para\u0161yti tik pirmasis, ir tai tik iki Vytauto Did\u017eiojo mirties. D\u0117mesys \u010dia sutelktas \u012f lietuvi\u0173 tautos valstybingumo id\u0117j\u0105, istorijos procesas ap\u017evelgiamas pla\u010diu kvalifikuoto mokslininko \u017evilgsniu.<\/p>\n","protected":false},"excerpt":{"rendered":"<p>Zenono Ivinskio\u00a0<strong>\u201eLietuvos istorija\u201c<\/strong>\u00a0\u2013 svarbiausias \u017eymaus i\u0161eivijos istoriko darbas. I\u0161 u\u017esibr\u0117\u017et\u0173 trij\u0173 tom\u0173 sp\u0117tas para\u0161yti tik pirmasis, ir tai tik iki Vytauto Did\u017eiojo mirties. D\u0117mesys \u010dia sutelktas \u012f lietuvi\u0173 tautos valstybingumo id\u0117j\u0105, istorijos procesas ap\u017evelgiamas pla\u010diu kvalifikuoto mokslininko \u017evilgsniu.<\/p>\n","protected":false},"featured_media":10009,"comment_status":"closed","ping_status":"closed","template":"","meta":{"_acf_changed":false,"site-sidebar-layout":"default","site-content-layout":"","ast-site-content-layout":"default","site-content-style":"default","site-sidebar-style":"default","ast-global-header-display":"","ast-banner-title-visibility":"","ast-main-header-display":"","ast-hfb-above-header-display":"","ast-hfb-below-header-display":"","ast-hfb-mobile-header-display":"","site-post-title":"","ast-breadcrumbs-content":"","ast-featured-img":"","footer-sml-layout":"","ast-disable-related-posts":"","theme-transparent-header-meta":"","adv-header-id-meta":"","stick-header-meta":"","header-above-stick-meta":"","header-main-stick-meta":"","header-below-stick-meta":"","astra-migrate-meta-layouts":"default","ast-page-background-enabled":"default","ast-page-background-meta":{"desktop":{"background-color":"","background-image":"","background-repeat":"repeat","background-position":"center center","background-size":"auto","background-attachment":"scroll","background-type":"","background-media":"","overlay-type":"","overlay-color":"","overlay-opacity":"","overlay-gradient":""},"tablet":{"background-color":"","background-image":"","background-repeat":"repeat","background-position":"center center","background-size":"auto","background-attachment":"scroll","background-type":"","background-media":"","overlay-type":"","overlay-color":"","overlay-opacity":"","overlay-gradient":""},"mobile":{"background-color":"","background-image":"","background-repeat":"repeat","background-position":"center center","background-size":"auto","background-attachment":"scroll","background-type":"","background-media":"","overlay-type":"","overlay-color":"","overlay-opacity":"","overlay-gradient":""}},"ast-content-background-meta":{"desktop":{"background-color":"var(--ast-global-color-4)","background-image":"","background-repeat":"repeat","background-position":"center center","background-size":"auto","background-attachment":"scroll","background-type":"","background-media":"","overlay-type":"","overlay-color":"","overlay-opacity":"","overlay-gradient":""},"tablet":{"background-color":"var(--ast-global-color-4)","background-image":"","background-repeat":"repeat","background-position":"center center","background-size":"auto","background-attachment":"scroll","background-type":"","background-media":"","overlay-type":"","overlay-color":"","overlay-opacity":"","overlay-gradient":""},"mobile":{"background-color":"var(--ast-global-color-4)","background-image":"","background-repeat":"repeat","background-position":"center center","background-size":"auto","background-attachment":"scroll","background-type":"","background-media":"","overlay-type":"","overlay-color":"","overlay-opacity":"","overlay-gradient":""}}},"product_brand":[],"product_cat":[9862,174],"product_tag":[5172,2228,3443,5171,5173],"class_list":{"0":"post-9970","1":"product","2":"type-product","3":"status-publish","4":"has-post-thumbnail","6":"product_cat-lietuvos-istorija","7":"product_cat-istorija-ir-politologija","8":"product_tag-iseivijos-mokslininkas","9":"product_tag-lietuvos-istorija","10":"product_tag-valstybingumas","11":"product_tag-vytautas-didysis","12":"product_tag-zenonas-ivinskis","13":"pa_leidimo-metai-93","14":"desktop-align-left","15":"tablet-align-left","16":"mobile-align-left","18":"first","19":"instock","20":"shipping-taxable","21":"purchasable","22":"product-type-simple"},"acf":[],"yoast_head":"<!-- This site is optimized with the Yoast SEO plugin v27.0 - https:\/\/yoast.com\/product\/yoast-seo-wordpress\/ -->\n<title>Lietuvos istorija iki Vytauto Did\u017eiojo mirties<\/title>\n<meta name=\"description\" content=\"Zenono Ivinskio\u00a0\u201eLietuvos istorija\u201c\u00a0\u2013 svarbiausias \u017eymaus i\u0161eivijos istoriko darbas. I\u0161 u\u017esibr\u0117\u017et\u0173 trij\u0173 tom\u0173 sp\u0117tas para\u0161yti tik pirmasis, ir tai tik iki Vytauto Did\u017eiojo mirties. D\u0117mesys \u010dia sutelktas \u012f lietuvi\u0173 tautos valstybingumo id\u0117j\u0105, istorijos procesas ap\u017evelgiamas pla\u010diu kvalifikuoto mokslininko \u017evilgsniu.\" \/>\n<meta name=\"robots\" content=\"index, follow, max-snippet:-1, max-image-preview:large, max-video-preview:-1\" \/>\n<link rel=\"canonical\" href=\"https:\/\/skaitytaknyga.lt\/en\/produktas\/lietuvos-istorija-iki-vytauto-didziojo-mirties\/\" \/>\n<meta property=\"og:locale\" content=\"en_GB\" \/>\n<meta property=\"og:locale:alternate\" content=\"lt_LT\" \/>\n<meta property=\"og:type\" content=\"article\" \/>\n<meta property=\"og:title\" content=\"Lietuvos istorija iki Vytauto Did\u017eiojo mirties\" \/>\n<meta property=\"og:description\" content=\"Zenono Ivinskio\u00a0\u201eLietuvos istorija\u201c\u00a0\u2013 svarbiausias \u017eymaus i\u0161eivijos istoriko darbas. I\u0161 u\u017esibr\u0117\u017et\u0173 trij\u0173 tom\u0173 sp\u0117tas para\u0161yti tik pirmasis, ir tai tik iki Vytauto Did\u017eiojo mirties. D\u0117mesys \u010dia sutelktas \u012f lietuvi\u0173 tautos valstybingumo id\u0117j\u0105, istorijos procesas ap\u017evelgiamas pla\u010diu kvalifikuoto mokslininko \u017evilgsniu.\" \/>\n<meta property=\"og:url\" content=\"https:\/\/skaitytaknyga.lt\/en\/produktas\/lietuvos-istorija-iki-vytauto-didziojo-mirties\/\" \/>\n<meta property=\"og:site_name\" content=\"Skaitytaknyga\" \/>\n<meta property=\"article:publisher\" content=\"https:\/\/www.facebook.com\/skaitytaknyga\/\" \/>\n<meta property=\"article:modified_time\" content=\"2026-03-18T12:59:59+00:00\" \/>\n<meta property=\"og:image\" content=\"https:\/\/skaitytaknyga.lt\/wp-content\/uploads\/2024\/05\/1524484875_Scan_23-04-2018_1424.jpg\" \/>\n\t<meta property=\"og:image:width\" content=\"278\" \/>\n\t<meta property=\"og:image:height\" content=\"430\" \/>\n\t<meta property=\"og:image:type\" content=\"image\/jpeg\" \/>\n<meta name=\"twitter:card\" content=\"summary_large_image\" \/>\n<script type=\"application\/ld+json\" class=\"yoast-schema-graph\">{\"@context\":\"https:\/\/schema.org\",\"@graph\":[{\"@type\":\"WebPage\",\"@id\":\"https:\/\/skaitytaknyga.lt\/produktas\/lietuvos-istorija-iki-vytauto-didziojo-mirties\/\",\"url\":\"https:\/\/skaitytaknyga.lt\/produktas\/lietuvos-istorija-iki-vytauto-didziojo-mirties\/\",\"name\":\"Lietuvos istorija iki Vytauto Did\u017eiojo mirties\",\"isPartOf\":{\"@id\":\"https:\/\/skaitytaknyga.lt\/#website\"},\"primaryImageOfPage\":{\"@id\":\"https:\/\/skaitytaknyga.lt\/produktas\/lietuvos-istorija-iki-vytauto-didziojo-mirties\/#primaryimage\"},\"image\":{\"@id\":\"https:\/\/skaitytaknyga.lt\/produktas\/lietuvos-istorija-iki-vytauto-didziojo-mirties\/#primaryimage\"},\"thumbnailUrl\":\"https:\/\/skaitytaknyga.lt\/wp-content\/uploads\/2024\/05\/1524484875_Scan_23-04-2018_1424.jpg\",\"datePublished\":\"2024-05-04T18:03:25+00:00\",\"dateModified\":\"2026-03-18T12:59:59+00:00\",\"description\":\"Zenono Ivinskio\u00a0\u201eLietuvos istorija\u201c\u00a0\u2013 svarbiausias \u017eymaus i\u0161eivijos istoriko darbas. I\u0161 u\u017esibr\u0117\u017et\u0173 trij\u0173 tom\u0173 sp\u0117tas para\u0161yti tik pirmasis, ir tai tik iki Vytauto Did\u017eiojo mirties. D\u0117mesys \u010dia sutelktas \u012f lietuvi\u0173 tautos valstybingumo id\u0117j\u0105, istorijos procesas ap\u017evelgiamas pla\u010diu kvalifikuoto mokslininko \u017evilgsniu.\",\"breadcrumb\":{\"@id\":\"https:\/\/skaitytaknyga.lt\/produktas\/lietuvos-istorija-iki-vytauto-didziojo-mirties\/#breadcrumb\"},\"inLanguage\":\"en-GB\",\"potentialAction\":[{\"@type\":\"ReadAction\",\"target\":[\"https:\/\/skaitytaknyga.lt\/produktas\/lietuvos-istorija-iki-vytauto-didziojo-mirties\/\"]}]},{\"@type\":\"ImageObject\",\"inLanguage\":\"en-GB\",\"@id\":\"https:\/\/skaitytaknyga.lt\/produktas\/lietuvos-istorija-iki-vytauto-didziojo-mirties\/#primaryimage\",\"url\":\"https:\/\/skaitytaknyga.lt\/wp-content\/uploads\/2024\/05\/1524484875_Scan_23-04-2018_1424.jpg\",\"contentUrl\":\"https:\/\/skaitytaknyga.lt\/wp-content\/uploads\/2024\/05\/1524484875_Scan_23-04-2018_1424.jpg\",\"width\":278,\"height\":430},{\"@type\":\"BreadcrumbList\",\"@id\":\"https:\/\/skaitytaknyga.lt\/produktas\/lietuvos-istorija-iki-vytauto-didziojo-mirties\/#breadcrumb\",\"itemListElement\":[{\"@type\":\"ListItem\",\"position\":1,\"name\":\"Home\",\"item\":\"https:\/\/skaitytaknyga.lt\/\"},{\"@type\":\"ListItem\",\"position\":2,\"name\":\"Parduotuv\u0117\",\"item\":\"https:\/\/skaitytaknyga.lt\/knygu-parduotuve\/\"},{\"@type\":\"ListItem\",\"position\":3,\"name\":\"Lietuvos istorija iki Vytauto Did\u017eiojo mirties\"}]},{\"@type\":\"WebSite\",\"@id\":\"https:\/\/skaitytaknyga.lt\/#website\",\"url\":\"https:\/\/skaitytaknyga.lt\/\",\"name\":\"skaitytaknyga.lt\",\"description\":\"Skaitytaknyga.lt \u2013 tai ma\u017eas \u0161eimos verslas, kuris prasid\u0117jo nuo meil\u0117s knygoms ir siekio i\u0161gelb\u0117ti knygas nuo likimo prie konteinerio. Kas vienam nereikalingas daiktas \u2013 kitam lobis, o mes esame tarpininkai, kurie padeda abiems tapti laimingesniems ???? \u017dinome kaip nelengva i\u0161gyventi ma\u017eiems verslams, tad nuo \u0161iol, \u010dia rasite ir kit\u0173, ma\u017e\u0173 \u0161eim\u0173 versl\u0173, rank\u0173 darbo, dovan\u0173 sau ir artimiesiems.\",\"publisher\":{\"@id\":\"https:\/\/skaitytaknyga.lt\/#organization\"},\"potentialAction\":[{\"@type\":\"SearchAction\",\"target\":{\"@type\":\"EntryPoint\",\"urlTemplate\":\"https:\/\/skaitytaknyga.lt\/?s={search_term_string}\"},\"query-input\":{\"@type\":\"PropertyValueSpecification\",\"valueRequired\":true,\"valueName\":\"search_term_string\"}}],\"inLanguage\":\"en-GB\"},{\"@type\":\"Organization\",\"@id\":\"https:\/\/skaitytaknyga.lt\/#organization\",\"name\":\"skaitytaknyga.lt\",\"url\":\"https:\/\/skaitytaknyga.lt\/\",\"logo\":{\"@type\":\"ImageObject\",\"inLanguage\":\"en-GB\",\"@id\":\"https:\/\/skaitytaknyga.lt\/#\/schema\/logo\/image\/\",\"url\":\"https:\/\/skaitytaknyga.lt\/wp-content\/uploads\/2024\/05\/cropped-cropped-cropped-02_00843_jt3bggkj1j3HLc7SyY6rEUpg.jpeg\",\"contentUrl\":\"https:\/\/skaitytaknyga.lt\/wp-content\/uploads\/2024\/05\/cropped-cropped-cropped-02_00843_jt3bggkj1j3HLc7SyY6rEUpg.jpeg\",\"width\":1600,\"height\":1600,\"caption\":\"skaitytaknyga.lt\"},\"image\":{\"@id\":\"https:\/\/skaitytaknyga.lt\/#\/schema\/logo\/image\/\"},\"sameAs\":[\"https:\/\/www.facebook.com\/skaitytaknyga\/\"]}]}<\/script>\n<!-- \/ Yoast SEO plugin. -->","yoast_head_json":{"title":"Lietuvos istorija iki Vytauto Did\u017eiojo mirties","description":"Zenono Ivinskio\u00a0\u201eLietuvos istorija\u201c\u00a0\u2013 svarbiausias \u017eymaus i\u0161eivijos istoriko darbas. I\u0161 u\u017esibr\u0117\u017et\u0173 trij\u0173 tom\u0173 sp\u0117tas para\u0161yti tik pirmasis, ir tai tik iki Vytauto Did\u017eiojo mirties. D\u0117mesys \u010dia sutelktas \u012f lietuvi\u0173 tautos valstybingumo id\u0117j\u0105, istorijos procesas ap\u017evelgiamas pla\u010diu kvalifikuoto mokslininko \u017evilgsniu.","robots":{"index":"index","follow":"follow","max-snippet":"max-snippet:-1","max-image-preview":"max-image-preview:large","max-video-preview":"max-video-preview:-1"},"canonical":"https:\/\/skaitytaknyga.lt\/en\/produktas\/lietuvos-istorija-iki-vytauto-didziojo-mirties\/","og_locale":"en_GB","og_type":"article","og_title":"[:lt]Lietuvos istorija iki Vytauto Did\u017eiojo mirties[:] - Skaitytaknyga","og_description":"Zenono Ivinskio\u00a0\u201eLietuvos istorija\u201c\u00a0\u2013 svarbiausias \u017eymaus i\u0161eivijos istoriko darbas. I\u0161 u\u017esibr\u0117\u017et\u0173 trij\u0173 tom\u0173 sp\u0117tas para\u0161yti tik pirmasis, ir tai tik iki Vytauto Did\u017eiojo mirties. D\u0117mesys \u010dia sutelktas \u012f lietuvi\u0173 tautos valstybingumo id\u0117j\u0105, istorijos procesas ap\u017evelgiamas pla\u010diu kvalifikuoto mokslininko \u017evilgsniu.","og_url":"https:\/\/skaitytaknyga.lt\/en\/produktas\/lietuvos-istorija-iki-vytauto-didziojo-mirties\/","og_site_name":"Skaitytaknyga","article_publisher":"https:\/\/www.facebook.com\/skaitytaknyga\/","article_modified_time":"2026-03-18T12:59:59+00:00","og_image":[{"width":278,"height":430,"url":"https:\/\/skaitytaknyga.lt\/wp-content\/uploads\/2024\/05\/1524484875_Scan_23-04-2018_1424.jpg","type":"image\/jpeg"}],"twitter_card":"summary_large_image","schema":{"@context":"https:\/\/schema.org","@graph":[{"@type":"WebPage","@id":"https:\/\/skaitytaknyga.lt\/produktas\/lietuvos-istorija-iki-vytauto-didziojo-mirties\/","url":"https:\/\/skaitytaknyga.lt\/produktas\/lietuvos-istorija-iki-vytauto-didziojo-mirties\/","name":"Lietuvos istorija iki Vytauto Did\u017eiojo mirties","isPartOf":{"@id":"https:\/\/skaitytaknyga.lt\/#website"},"primaryImageOfPage":{"@id":"https:\/\/skaitytaknyga.lt\/produktas\/lietuvos-istorija-iki-vytauto-didziojo-mirties\/#primaryimage"},"image":{"@id":"https:\/\/skaitytaknyga.lt\/produktas\/lietuvos-istorija-iki-vytauto-didziojo-mirties\/#primaryimage"},"thumbnailUrl":"https:\/\/skaitytaknyga.lt\/wp-content\/uploads\/2024\/05\/1524484875_Scan_23-04-2018_1424.jpg","datePublished":"2024-05-04T18:03:25+00:00","dateModified":"2026-03-18T12:59:59+00:00","description":"Zenono Ivinskio\u00a0\u201eLietuvos istorija\u201c\u00a0\u2013 svarbiausias \u017eymaus i\u0161eivijos istoriko darbas. I\u0161 u\u017esibr\u0117\u017et\u0173 trij\u0173 tom\u0173 sp\u0117tas para\u0161yti tik pirmasis, ir tai tik iki Vytauto Did\u017eiojo mirties. D\u0117mesys \u010dia sutelktas \u012f lietuvi\u0173 tautos valstybingumo id\u0117j\u0105, istorijos procesas ap\u017evelgiamas pla\u010diu kvalifikuoto mokslininko \u017evilgsniu.","breadcrumb":{"@id":"https:\/\/skaitytaknyga.lt\/produktas\/lietuvos-istorija-iki-vytauto-didziojo-mirties\/#breadcrumb"},"inLanguage":"en-GB","potentialAction":[{"@type":"ReadAction","target":["https:\/\/skaitytaknyga.lt\/produktas\/lietuvos-istorija-iki-vytauto-didziojo-mirties\/"]}]},{"@type":"ImageObject","inLanguage":"en-GB","@id":"https:\/\/skaitytaknyga.lt\/produktas\/lietuvos-istorija-iki-vytauto-didziojo-mirties\/#primaryimage","url":"https:\/\/skaitytaknyga.lt\/wp-content\/uploads\/2024\/05\/1524484875_Scan_23-04-2018_1424.jpg","contentUrl":"https:\/\/skaitytaknyga.lt\/wp-content\/uploads\/2024\/05\/1524484875_Scan_23-04-2018_1424.jpg","width":278,"height":430},{"@type":"BreadcrumbList","@id":"https:\/\/skaitytaknyga.lt\/produktas\/lietuvos-istorija-iki-vytauto-didziojo-mirties\/#breadcrumb","itemListElement":[{"@type":"ListItem","position":1,"name":"Home","item":"https:\/\/skaitytaknyga.lt\/"},{"@type":"ListItem","position":2,"name":"Parduotuv\u0117","item":"https:\/\/skaitytaknyga.lt\/knygu-parduotuve\/"},{"@type":"ListItem","position":3,"name":"Lietuvos istorija iki Vytauto Did\u017eiojo mirties"}]},{"@type":"WebSite","@id":"https:\/\/skaitytaknyga.lt\/#website","url":"https:\/\/skaitytaknyga.lt\/","name":"skaitytaknyga.lt","description":"Skaitytaknyga.lt \u2013 tai ma\u017eas \u0161eimos verslas, kuris prasid\u0117jo nuo meil\u0117s knygoms ir siekio i\u0161gelb\u0117ti knygas nuo likimo prie konteinerio. Kas vienam nereikalingas daiktas \u2013 kitam lobis, o mes esame tarpininkai, kurie padeda abiems tapti laimingesniems ???? \u017dinome kaip nelengva i\u0161gyventi ma\u017eiems verslams, tad nuo \u0161iol, \u010dia rasite ir kit\u0173, ma\u017e\u0173 \u0161eim\u0173 versl\u0173, rank\u0173 darbo, dovan\u0173 sau ir artimiesiems.","publisher":{"@id":"https:\/\/skaitytaknyga.lt\/#organization"},"potentialAction":[{"@type":"SearchAction","target":{"@type":"EntryPoint","urlTemplate":"https:\/\/skaitytaknyga.lt\/?s={search_term_string}"},"query-input":{"@type":"PropertyValueSpecification","valueRequired":true,"valueName":"search_term_string"}}],"inLanguage":"en-GB"},{"@type":"Organization","@id":"https:\/\/skaitytaknyga.lt\/#organization","name":"skaitytaknyga.lt","url":"https:\/\/skaitytaknyga.lt\/","logo":{"@type":"ImageObject","inLanguage":"en-GB","@id":"https:\/\/skaitytaknyga.lt\/#\/schema\/logo\/image\/","url":"https:\/\/skaitytaknyga.lt\/wp-content\/uploads\/2024\/05\/cropped-cropped-cropped-02_00843_jt3bggkj1j3HLc7SyY6rEUpg.jpeg","contentUrl":"https:\/\/skaitytaknyga.lt\/wp-content\/uploads\/2024\/05\/cropped-cropped-cropped-02_00843_jt3bggkj1j3HLc7SyY6rEUpg.jpeg","width":1600,"height":1600,"caption":"skaitytaknyga.lt"},"image":{"@id":"https:\/\/skaitytaknyga.lt\/#\/schema\/logo\/image\/"},"sameAs":["https:\/\/www.facebook.com\/skaitytaknyga\/"]}]}},"_links":{"self":[{"href":"https:\/\/skaitytaknyga.lt\/en\/wp-json\/wp\/v2\/product\/9970","targetHints":{"allow":["GET"]}}],"collection":[{"href":"https:\/\/skaitytaknyga.lt\/en\/wp-json\/wp\/v2\/product"}],"about":[{"href":"https:\/\/skaitytaknyga.lt\/en\/wp-json\/wp\/v2\/types\/product"}],"replies":[{"embeddable":true,"href":"https:\/\/skaitytaknyga.lt\/en\/wp-json\/wp\/v2\/comments?post=9970"}],"wp:featuredmedia":[{"embeddable":true,"href":"https:\/\/skaitytaknyga.lt\/en\/wp-json\/wp\/v2\/media\/10009"}],"wp:attachment":[{"href":"https:\/\/skaitytaknyga.lt\/en\/wp-json\/wp\/v2\/media?parent=9970"}],"wp:term":[{"taxonomy":"product_brand","embeddable":true,"href":"https:\/\/skaitytaknyga.lt\/en\/wp-json\/wp\/v2\/product_brand?post=9970"},{"taxonomy":"product_cat","embeddable":true,"href":"https:\/\/skaitytaknyga.lt\/en\/wp-json\/wp\/v2\/product_cat?post=9970"},{"taxonomy":"product_tag","embeddable":true,"href":"https:\/\/skaitytaknyga.lt\/en\/wp-json\/wp\/v2\/product_tag?post=9970"}],"curies":[{"name":"wp","href":"https:\/\/api.w.org\/{rel}","templated":true}]}}