{"id":9955,"date":"2024-05-04T18:03:03","date_gmt":"2024-05-04T18:03:03","guid":{"rendered":"https:\/\/skaitytaknyga.lt\/?post_type=product&#038;p=9955"},"modified":"2024-05-04T18:04:16","modified_gmt":"2024-05-04T18:04:16","slug":"gyventi-kaip-danguje-vienuoliu-ismintis-kasdieniame-gyvenime","status":"publish","type":"product","link":"https:\/\/skaitytaknyga.lt\/en\/produktas\/gyventi-kaip-danguje-vienuoliu-ismintis-kasdieniame-gyvenime\/","title":{"rendered":"Gyventi kaip danguje. Vienuoli\u0173 i\u0161mintis kasdieniame gyvenime"},"content":{"rendered":"<p>T\u0117vas benediktinas Johanesas Pau\u0161as, apra\u0161ydamas kasdieni\u0161kas situacijas, pataria, kokius konkre\u010dius \u017eingsnius reikia \u017eengti, norint prad\u0117ti dvasin\u012f gyvenim\u0105, dr\u0105sina \u017emones palaikyti ir puosel\u0117ti dievi\u0161k\u0105j\u0105 kibirk\u0161t\u012f, kad \u0161i \u0161viest\u0173 bei \u0161ildyt\u0173. Tai ma\u017ei \u017eingsniai, kuriuos turime \u017eengti \u010dia ir dabar; i\u0161bandytos vienuolyno i\u0161mintys &#8211; \u0161iuolaiki\u0161ki gyvenimo patarimai. Tai ne receptai, bet kop\u0117\u010dios, kuriomis galima kopti vir\u0161un ir leistis apa\u010dion, sakykim, prakti\u0161kas gero gyvenimo \u012frankis. Joje pateikti stimulai yra i\u0161bandyti kasdieniame gyvenime. Joje yra daug humoro ir dviprasmi\u0161k\u0173 posaki\u0173!<\/p>\n<p>Knyga skatina gyventi dvasin\u012f gyvenim\u0105, kuriam\u0105 ant tvirto pagrindo: Evangelijos, \u0161v.\u00a0Benedikto regulos i\u0161minties ir sveiko proto.<\/p>\n<p><strong>T\u0117vas dr. Johanesas Pau\u0161as<\/strong>\u00a0(Johannes Pausch) OSB yra benediktinas ir psichoterapeutas. Europos vienuolyno Gut Aiche netoli St. Gilgeno (Austrija) \u012fk\u016br\u0117jas ir prioras, didel\u012f pasisekim\u0105 turin\u010di\u0173 knyg\u0173 autorius.<\/p>\n<p><strong>Gertas Biomas<\/strong>\u00a0(Gert B\u00f6hm) anks\u010diau buvo vieno laikra\u0161\u010dio leidyklos komercijos direktorius, o \u0161iandien &#8211; laisvas \u017eurnalistas. Daugelio Johaneso Pau\u0161o knyg\u0173 bendraautoris.<\/p>\n","protected":false},"excerpt":{"rendered":"<p>T\u0117vas benediktinas Johanesas Pau\u0161as, apra\u0161ydamas kasdieni\u0161kas situacijas, pataria, kokius konkre\u010dius \u017eingsnius reikia \u017eengti, norint prad\u0117ti dvasin\u012f gyvenim\u0105, dr\u0105sina \u017emones palaikyti ir puosel\u0117ti dievi\u0161k\u0105j\u0105 kibirk\u0161t\u012f, kad \u0161i \u0161viest\u0173 bei \u0161ildyt\u0173. Tai ma\u017ei \u017eingsniai, kuriuos turime \u017eengti \u010dia ir dabar; i\u0161bandytos vienuolyno i\u0161mintys &#8211; \u0161iuolaiki\u0161ki gyvenimo patarimai. Tai ne receptai, bet kop\u0117\u010dios, kuriomis galima kopti vir\u0161un ir leistis apa\u010dion, sakykim, prakti\u0161kas gero gyvenimo \u012frankis. Joje pateikti stimulai yra i\u0161bandyti kasdieniame gyvenime. Joje yra daug humoro ir dviprasmi\u0161k\u0173 posaki\u0173!<\/p>\n<p>Knyga skatina gyventi dvasin\u012f gyvenim\u0105, kuriam\u0105 ant tvirto pagrindo: Evangelijos, \u0161v.\u00a0Benedikto regulos i\u0161minties ir sveiko proto.<\/p>\n<p><strong>T\u0117vas dr. Johanesas Pau\u0161as<\/strong>\u00a0(Johannes Pausch) OSB yra benediktinas ir psichoterapeutas. Europos vienuolyno Gut Aiche netoli St. Gilgeno (Austrija) \u012fk\u016br\u0117jas ir prioras, didel\u012f pasisekim\u0105 turin\u010di\u0173 knyg\u0173 autorius.<\/p>\n<p><strong>Gertas Biomas<\/strong>\u00a0(Gert B\u00f6hm) anks\u010diau buvo vieno laikra\u0161\u010dio leidyklos komercijos direktorius, o \u0161iandien &#8211; laisvas \u017eurnalistas. Daugelio Johaneso Pau\u0161o knyg\u0173 bendraautoris.<\/p>\n","protected":false},"featured_media":10002,"comment_status":"closed","ping_status":"closed","template":"","meta":{"_acf_changed":false,"site-sidebar-layout":"default","site-content-layout":"","ast-site-content-layout":"default","site-content-style":"default","site-sidebar-style":"default","ast-global-header-display":"","ast-banner-title-visibility":"","ast-main-header-display":"","ast-hfb-above-header-display":"","ast-hfb-below-header-display":"","ast-hfb-mobile-header-display":"","site-post-title":"","ast-breadcrumbs-content":"","ast-featured-img":"","footer-sml-layout":"","ast-disable-related-posts":"","theme-transparent-header-meta":"","adv-header-id-meta":"","stick-header-meta":"","header-above-stick-meta":"","header-main-stick-meta":"","header-below-stick-meta":"","astra-migrate-meta-layouts":"default","ast-page-background-enabled":"default","ast-page-background-meta":{"desktop":{"background-color":"","background-image":"","background-repeat":"repeat","background-position":"center center","background-size":"auto","background-attachment":"scroll","background-type":"","background-media":"","overlay-type":"","overlay-color":"","overlay-opacity":"","overlay-gradient":""},"tablet":{"background-color":"","background-image":"","background-repeat":"repeat","background-position":"center center","background-size":"auto","background-attachment":"scroll","background-type":"","background-media":"","overlay-type":"","overlay-color":"","overlay-opacity":"","overlay-gradient":""},"mobile":{"background-color":"","background-image":"","background-repeat":"repeat","background-position":"center center","background-size":"auto","background-attachment":"scroll","background-type":"","background-media":"","overlay-type":"","overlay-color":"","overlay-opacity":"","overlay-gradient":""}},"ast-content-background-meta":{"desktop":{"background-color":"var(--ast-global-color-4)","background-image":"","background-repeat":"repeat","background-position":"center center","background-size":"auto","background-attachment":"scroll","background-type":"","background-media":"","overlay-type":"","overlay-color":"","overlay-opacity":"","overlay-gradient":""},"tablet":{"background-color":"var(--ast-global-color-4)","background-image":"","background-repeat":"repeat","background-position":"center center","background-size":"auto","background-attachment":"scroll","background-type":"","background-media":"","overlay-type":"","overlay-color":"","overlay-opacity":"","overlay-gradient":""},"mobile":{"background-color":"var(--ast-global-color-4)","background-image":"","background-repeat":"repeat","background-position":"center center","background-size":"auto","background-attachment":"scroll","background-type":"","background-media":"","overlay-type":"","overlay-color":"","overlay-opacity":"","overlay-gradient":""}}},"product_brand":[],"product_cat":[165],"product_tag":[],"class_list":{"0":"post-9955","1":"product","2":"type-product","3":"status-publish","4":"has-post-thumbnail","6":"product_cat-religija-filosofija-ir-ezoterika","7":"desktop-align-left","8":"tablet-align-left","9":"mobile-align-left","11":"first","12":"outofstock","13":"shipping-taxable","14":"purchasable","15":"product-type-simple"},"acf":[],"yoast_head":"<!-- This site is optimized with the Yoast SEO plugin v27.4 - https:\/\/yoast.com\/product\/yoast-seo-wordpress\/ -->\n<title>Gyventi kaip danguje. Vienuoli\u0173 i\u0161mintis kasdieniame gyvenime - Skaitytaknyga<\/title>\n<meta name=\"description\" content=\"T\u0117vas benediktinas Johanesas Pau\u0161as, apra\u0161ydamas kasdieni\u0161kas situacijas, pataria, kokius konkre\u010dius \u017eingsnius reikia \u017eengti, norint prad\u0117ti dvasin\u012f gyvenim\u0105, dr\u0105sina \u017emones palaikyti ir puosel\u0117ti dievi\u0161k\u0105j\u0105 kibirk\u0161t\u012f, kad \u0161i \u0161viest\u0173 bei \u0161ildyt\u0173. Tai ma\u017ei \u017eingsniai, kuriuos turime \u017eengti \u010dia ir dabar; i\u0161bandytos vienuolyno i\u0161mintys - \u0161iuolaiki\u0161ki gyvenimo patarimai. Tai ne receptai, bet kop\u0117\u010dios, kuriomis galima kopti vir\u0161un ir leistis apa\u010dion, sakykim, prakti\u0161kas gero gyvenimo \u012frankis. Joje pateikti stimulai yra i\u0161bandyti kasdieniame gyvenime. Joje yra daug humoro ir dviprasmi\u0161k\u0173 posaki\u0173!  Knyga skatina gyventi dvasin\u012f gyvenim\u0105, kuriam\u0105 ant tvirto pagrindo: Evangelijos, \u0161v.\u00a0Benedikto regulos i\u0161minties ir sveiko proto.  T\u0117vas dr. Johanesas Pau\u0161as\u00a0(Johannes Pausch) OSB yra benediktinas ir psichoterapeutas. Europos vienuolyno Gut Aiche netoli St. Gilgeno (Austrija) \u012fk\u016br\u0117jas ir prioras, didel\u012f pasisekim\u0105 turin\u010di\u0173 knyg\u0173 autorius.  Gertas Biomas\u00a0(Gert B\u00f6hm) anks\u010diau buvo vieno laikra\u0161\u010dio leidyklos komercijos direktorius, o \u0161iandien - laisvas \u017eurnalistas. Daugelio Johaneso Pau\u0161o knyg\u0173 bendraautoris.\" \/>\n<meta name=\"robots\" content=\"index, follow, max-snippet:-1, max-image-preview:large, max-video-preview:-1\" \/>\n<link rel=\"canonical\" href=\"https:\/\/skaitytaknyga.lt\/en\/produktas\/gyventi-kaip-danguje-vienuoliu-ismintis-kasdieniame-gyvenime\/\" \/>\n<meta property=\"og:locale\" content=\"en_GB\" \/>\n<meta property=\"og:locale:alternate\" content=\"lt_LT\" \/>\n<meta property=\"og:type\" content=\"article\" \/>\n<meta property=\"og:title\" content=\"Gyventi kaip danguje. Vienuoli\u0173 i\u0161mintis kasdieniame gyvenime - Skaitytaknyga\" \/>\n<meta property=\"og:description\" content=\"T\u0117vas benediktinas Johanesas Pau\u0161as, apra\u0161ydamas kasdieni\u0161kas situacijas, pataria, kokius konkre\u010dius \u017eingsnius reikia \u017eengti, norint prad\u0117ti dvasin\u012f gyvenim\u0105, dr\u0105sina \u017emones palaikyti ir puosel\u0117ti dievi\u0161k\u0105j\u0105 kibirk\u0161t\u012f, kad \u0161i \u0161viest\u0173 bei \u0161ildyt\u0173. Tai ma\u017ei \u017eingsniai, kuriuos turime \u017eengti \u010dia ir dabar; i\u0161bandytos vienuolyno i\u0161mintys - \u0161iuolaiki\u0161ki gyvenimo patarimai. Tai ne receptai, bet kop\u0117\u010dios, kuriomis galima kopti vir\u0161un ir leistis apa\u010dion, sakykim, prakti\u0161kas gero gyvenimo \u012frankis. Joje pateikti stimulai yra i\u0161bandyti kasdieniame gyvenime. Joje yra daug humoro ir dviprasmi\u0161k\u0173 posaki\u0173!  Knyga skatina gyventi dvasin\u012f gyvenim\u0105, kuriam\u0105 ant tvirto pagrindo: Evangelijos, \u0161v.\u00a0Benedikto regulos i\u0161minties ir sveiko proto.  T\u0117vas dr. Johanesas Pau\u0161as\u00a0(Johannes Pausch) OSB yra benediktinas ir psichoterapeutas. Europos vienuolyno Gut Aiche netoli St. Gilgeno (Austrija) \u012fk\u016br\u0117jas ir prioras, didel\u012f pasisekim\u0105 turin\u010di\u0173 knyg\u0173 autorius.  Gertas Biomas\u00a0(Gert B\u00f6hm) anks\u010diau buvo vieno laikra\u0161\u010dio leidyklos komercijos direktorius, o \u0161iandien - laisvas \u017eurnalistas. Daugelio Johaneso Pau\u0161o knyg\u0173 bendraautoris.\" \/>\n<meta property=\"og:url\" content=\"https:\/\/skaitytaknyga.lt\/en\/produktas\/gyventi-kaip-danguje-vienuoliu-ismintis-kasdieniame-gyvenime\/\" \/>\n<meta property=\"og:site_name\" content=\"Skaitytaknyga\" \/>\n<meta property=\"article:publisher\" content=\"https:\/\/www.facebook.com\/skaitytaknyga\/\" \/>\n<meta property=\"article:modified_time\" content=\"2024-05-04T18:04:16+00:00\" \/>\n<meta property=\"og:image\" content=\"https:\/\/skaitytaknyga.lt\/wp-content\/uploads\/2024\/05\/1462876309_img1.jpg\" \/>\n\t<meta property=\"og:image:width\" content=\"256\" \/>\n\t<meta property=\"og:image:height\" content=\"430\" \/>\n\t<meta property=\"og:image:type\" content=\"image\/jpeg\" \/>\n<meta name=\"twitter:card\" content=\"summary_large_image\" \/>\n<meta name=\"twitter:label1\" content=\"Estimated reading time\" \/>\n\t<meta name=\"twitter:data1\" content=\"1 minute\" \/>\n<script type=\"application\/ld+json\" class=\"yoast-schema-graph\">{\"@context\":\"https:\\\/\\\/schema.org\",\"@graph\":[{\"@type\":\"WebPage\",\"@id\":\"https:\\\/\\\/skaitytaknyga.lt\\\/produktas\\\/gyventi-kaip-danguje-vienuoliu-ismintis-kasdieniame-gyvenime\\\/\",\"url\":\"https:\\\/\\\/skaitytaknyga.lt\\\/produktas\\\/gyventi-kaip-danguje-vienuoliu-ismintis-kasdieniame-gyvenime\\\/\",\"name\":\"Gyventi kaip danguje. Vienuoli\u0173 i\u0161mintis kasdieniame gyvenime - Skaitytaknyga\",\"isPartOf\":{\"@id\":\"https:\\\/\\\/skaitytaknyga.lt\\\/#website\"},\"primaryImageOfPage\":{\"@id\":\"https:\\\/\\\/skaitytaknyga.lt\\\/produktas\\\/gyventi-kaip-danguje-vienuoliu-ismintis-kasdieniame-gyvenime\\\/#primaryimage\"},\"image\":{\"@id\":\"https:\\\/\\\/skaitytaknyga.lt\\\/produktas\\\/gyventi-kaip-danguje-vienuoliu-ismintis-kasdieniame-gyvenime\\\/#primaryimage\"},\"thumbnailUrl\":\"https:\\\/\\\/skaitytaknyga.lt\\\/wp-content\\\/uploads\\\/2024\\\/05\\\/1462876309_img1.jpg\",\"datePublished\":\"2024-05-04T18:03:03+00:00\",\"dateModified\":\"2024-05-04T18:04:16+00:00\",\"description\":\"T\u0117vas benediktinas Johanesas Pau\u0161as, apra\u0161ydamas kasdieni\u0161kas situacijas, pataria, kokius konkre\u010dius \u017eingsnius reikia \u017eengti, norint prad\u0117ti dvasin\u012f gyvenim\u0105, dr\u0105sina \u017emones palaikyti ir puosel\u0117ti dievi\u0161k\u0105j\u0105 kibirk\u0161t\u012f, kad \u0161i \u0161viest\u0173 bei \u0161ildyt\u0173. Tai ma\u017ei \u017eingsniai, kuriuos turime \u017eengti \u010dia ir dabar; i\u0161bandytos vienuolyno i\u0161mintys - \u0161iuolaiki\u0161ki gyvenimo patarimai. Tai ne receptai, bet kop\u0117\u010dios, kuriomis galima kopti vir\u0161un ir leistis apa\u010dion, sakykim, prakti\u0161kas gero gyvenimo \u012frankis. Joje pateikti stimulai yra i\u0161bandyti kasdieniame gyvenime. Joje yra daug humoro ir dviprasmi\u0161k\u0173 posaki\u0173! Knyga skatina gyventi dvasin\u012f gyvenim\u0105, kuriam\u0105 ant tvirto pagrindo: Evangelijos, \u0161v.\u00a0Benedikto regulos i\u0161minties ir sveiko proto. T\u0117vas dr. Johanesas Pau\u0161as\u00a0(Johannes Pausch) OSB yra benediktinas ir psichoterapeutas. Europos vienuolyno Gut Aiche netoli St. Gilgeno (Austrija) \u012fk\u016br\u0117jas ir prioras, didel\u012f pasisekim\u0105 turin\u010di\u0173 knyg\u0173 autorius. Gertas Biomas\u00a0(Gert B\u00f6hm) anks\u010diau buvo vieno laikra\u0161\u010dio leidyklos komercijos direktorius, o \u0161iandien - laisvas \u017eurnalistas. Daugelio Johaneso Pau\u0161o knyg\u0173 bendraautoris.\",\"breadcrumb\":{\"@id\":\"https:\\\/\\\/skaitytaknyga.lt\\\/produktas\\\/gyventi-kaip-danguje-vienuoliu-ismintis-kasdieniame-gyvenime\\\/#breadcrumb\"},\"inLanguage\":\"en-GB\",\"potentialAction\":[{\"@type\":\"ReadAction\",\"target\":[\"https:\\\/\\\/skaitytaknyga.lt\\\/produktas\\\/gyventi-kaip-danguje-vienuoliu-ismintis-kasdieniame-gyvenime\\\/\"]}]},{\"@type\":\"ImageObject\",\"inLanguage\":\"en-GB\",\"@id\":\"https:\\\/\\\/skaitytaknyga.lt\\\/produktas\\\/gyventi-kaip-danguje-vienuoliu-ismintis-kasdieniame-gyvenime\\\/#primaryimage\",\"url\":\"https:\\\/\\\/skaitytaknyga.lt\\\/wp-content\\\/uploads\\\/2024\\\/05\\\/1462876309_img1.jpg\",\"contentUrl\":\"https:\\\/\\\/skaitytaknyga.lt\\\/wp-content\\\/uploads\\\/2024\\\/05\\\/1462876309_img1.jpg\",\"width\":256,\"height\":430},{\"@type\":\"BreadcrumbList\",\"@id\":\"https:\\\/\\\/skaitytaknyga.lt\\\/produktas\\\/gyventi-kaip-danguje-vienuoliu-ismintis-kasdieniame-gyvenime\\\/#breadcrumb\",\"itemListElement\":[{\"@type\":\"ListItem\",\"position\":1,\"name\":\"Home\",\"item\":\"https:\\\/\\\/skaitytaknyga.lt\\\/\"},{\"@type\":\"ListItem\",\"position\":2,\"name\":\"Parduotuv\u0117\",\"item\":\"https:\\\/\\\/skaitytaknyga.lt\\\/knygu-parduotuve\\\/\"},{\"@type\":\"ListItem\",\"position\":3,\"name\":\"Gyventi kaip danguje. Vienuoli\u0173 i\u0161mintis kasdieniame gyvenime\"}]},{\"@type\":\"WebSite\",\"@id\":\"https:\\\/\\\/skaitytaknyga.lt\\\/#website\",\"url\":\"https:\\\/\\\/skaitytaknyga.lt\\\/\",\"name\":\"skaitytaknyga.lt\",\"description\":\"Skaitytaknyga.lt \u2013 tai ma\u017eas \u0161eimos verslas, kuris prasid\u0117jo nuo meil\u0117s knygoms ir siekio i\u0161gelb\u0117ti knygas nuo likimo prie konteinerio. Kas vienam nereikalingas daiktas \u2013 kitam lobis, o mes esame tarpininkai, kurie padeda abiems tapti laimingesniems ???? \u017dinome kaip nelengva i\u0161gyventi ma\u017eiems verslams, tad nuo \u0161iol, \u010dia rasite ir kit\u0173, ma\u017e\u0173 \u0161eim\u0173 versl\u0173, rank\u0173 darbo, dovan\u0173 sau ir artimiesiems.\",\"publisher\":{\"@id\":\"https:\\\/\\\/skaitytaknyga.lt\\\/#organization\"},\"potentialAction\":[{\"@type\":\"SearchAction\",\"target\":{\"@type\":\"EntryPoint\",\"urlTemplate\":\"https:\\\/\\\/skaitytaknyga.lt\\\/?s={search_term_string}\"},\"query-input\":{\"@type\":\"PropertyValueSpecification\",\"valueRequired\":true,\"valueName\":\"search_term_string\"}}],\"inLanguage\":\"en-GB\"},{\"@type\":\"Organization\",\"@id\":\"https:\\\/\\\/skaitytaknyga.lt\\\/#organization\",\"name\":\"skaitytaknyga.lt\",\"url\":\"https:\\\/\\\/skaitytaknyga.lt\\\/\",\"logo\":{\"@type\":\"ImageObject\",\"inLanguage\":\"en-GB\",\"@id\":\"https:\\\/\\\/skaitytaknyga.lt\\\/#\\\/schema\\\/logo\\\/image\\\/\",\"url\":\"https:\\\/\\\/skaitytaknyga.lt\\\/wp-content\\\/uploads\\\/2024\\\/05\\\/cropped-cropped-cropped-02_00843_jt3bggkj1j3HLc7SyY6rEUpg.jpeg\",\"contentUrl\":\"https:\\\/\\\/skaitytaknyga.lt\\\/wp-content\\\/uploads\\\/2024\\\/05\\\/cropped-cropped-cropped-02_00843_jt3bggkj1j3HLc7SyY6rEUpg.jpeg\",\"width\":1600,\"height\":1600,\"caption\":\"skaitytaknyga.lt\"},\"image\":{\"@id\":\"https:\\\/\\\/skaitytaknyga.lt\\\/#\\\/schema\\\/logo\\\/image\\\/\"},\"sameAs\":[\"https:\\\/\\\/www.facebook.com\\\/skaitytaknyga\\\/\"]}]}<\/script>\n<!-- \/ Yoast SEO plugin. -->","yoast_head_json":{"title":"Gyventi kaip danguje. Vienuoli\u0173 i\u0161mintis kasdieniame gyvenime - Skaitytaknyga","description":"T\u0117vas benediktinas Johanesas Pau\u0161as, apra\u0161ydamas kasdieni\u0161kas situacijas, pataria, kokius konkre\u010dius \u017eingsnius reikia \u017eengti, norint prad\u0117ti dvasin\u012f gyvenim\u0105, dr\u0105sina \u017emones palaikyti ir puosel\u0117ti dievi\u0161k\u0105j\u0105 kibirk\u0161t\u012f, kad \u0161i \u0161viest\u0173 bei \u0161ildyt\u0173. Tai ma\u017ei \u017eingsniai, kuriuos turime \u017eengti \u010dia ir dabar; i\u0161bandytos vienuolyno i\u0161mintys - \u0161iuolaiki\u0161ki gyvenimo patarimai. Tai ne receptai, bet kop\u0117\u010dios, kuriomis galima kopti vir\u0161un ir leistis apa\u010dion, sakykim, prakti\u0161kas gero gyvenimo \u012frankis. Joje pateikti stimulai yra i\u0161bandyti kasdieniame gyvenime. Joje yra daug humoro ir dviprasmi\u0161k\u0173 posaki\u0173!  Knyga skatina gyventi dvasin\u012f gyvenim\u0105, kuriam\u0105 ant tvirto pagrindo: Evangelijos, \u0161v.\u00a0Benedikto regulos i\u0161minties ir sveiko proto.  T\u0117vas dr. Johanesas Pau\u0161as\u00a0(Johannes Pausch) OSB yra benediktinas ir psichoterapeutas. Europos vienuolyno Gut Aiche netoli St. Gilgeno (Austrija) \u012fk\u016br\u0117jas ir prioras, didel\u012f pasisekim\u0105 turin\u010di\u0173 knyg\u0173 autorius.  Gertas Biomas\u00a0(Gert B\u00f6hm) anks\u010diau buvo vieno laikra\u0161\u010dio leidyklos komercijos direktorius, o \u0161iandien - laisvas \u017eurnalistas. Daugelio Johaneso Pau\u0161o knyg\u0173 bendraautoris.","robots":{"index":"index","follow":"follow","max-snippet":"max-snippet:-1","max-image-preview":"max-image-preview:large","max-video-preview":"max-video-preview:-1"},"canonical":"https:\/\/skaitytaknyga.lt\/en\/produktas\/gyventi-kaip-danguje-vienuoliu-ismintis-kasdieniame-gyvenime\/","og_locale":"en_GB","og_type":"article","og_title":"Gyventi kaip danguje. Vienuoli\u0173 i\u0161mintis kasdieniame gyvenime - Skaitytaknyga","og_description":"T\u0117vas benediktinas Johanesas Pau\u0161as, apra\u0161ydamas kasdieni\u0161kas situacijas, pataria, kokius konkre\u010dius \u017eingsnius reikia \u017eengti, norint prad\u0117ti dvasin\u012f gyvenim\u0105, dr\u0105sina \u017emones palaikyti ir puosel\u0117ti dievi\u0161k\u0105j\u0105 kibirk\u0161t\u012f, kad \u0161i \u0161viest\u0173 bei \u0161ildyt\u0173. Tai ma\u017ei \u017eingsniai, kuriuos turime \u017eengti \u010dia ir dabar; i\u0161bandytos vienuolyno i\u0161mintys - \u0161iuolaiki\u0161ki gyvenimo patarimai. Tai ne receptai, bet kop\u0117\u010dios, kuriomis galima kopti vir\u0161un ir leistis apa\u010dion, sakykim, prakti\u0161kas gero gyvenimo \u012frankis. Joje pateikti stimulai yra i\u0161bandyti kasdieniame gyvenime. Joje yra daug humoro ir dviprasmi\u0161k\u0173 posaki\u0173!  Knyga skatina gyventi dvasin\u012f gyvenim\u0105, kuriam\u0105 ant tvirto pagrindo: Evangelijos, \u0161v.\u00a0Benedikto regulos i\u0161minties ir sveiko proto.  T\u0117vas dr. Johanesas Pau\u0161as\u00a0(Johannes Pausch) OSB yra benediktinas ir psichoterapeutas. Europos vienuolyno Gut Aiche netoli St. Gilgeno (Austrija) \u012fk\u016br\u0117jas ir prioras, didel\u012f pasisekim\u0105 turin\u010di\u0173 knyg\u0173 autorius.  Gertas Biomas\u00a0(Gert B\u00f6hm) anks\u010diau buvo vieno laikra\u0161\u010dio leidyklos komercijos direktorius, o \u0161iandien - laisvas \u017eurnalistas. Daugelio Johaneso Pau\u0161o knyg\u0173 bendraautoris.","og_url":"https:\/\/skaitytaknyga.lt\/en\/produktas\/gyventi-kaip-danguje-vienuoliu-ismintis-kasdieniame-gyvenime\/","og_site_name":"Skaitytaknyga","article_publisher":"https:\/\/www.facebook.com\/skaitytaknyga\/","article_modified_time":"2024-05-04T18:04:16+00:00","og_image":[{"width":256,"height":430,"url":"https:\/\/skaitytaknyga.lt\/wp-content\/uploads\/2024\/05\/1462876309_img1.jpg","type":"image\/jpeg"}],"twitter_card":"summary_large_image","twitter_misc":{"Estimated reading time":"1 minute"},"schema":{"@context":"https:\/\/schema.org","@graph":[{"@type":"WebPage","@id":"https:\/\/skaitytaknyga.lt\/produktas\/gyventi-kaip-danguje-vienuoliu-ismintis-kasdieniame-gyvenime\/","url":"https:\/\/skaitytaknyga.lt\/produktas\/gyventi-kaip-danguje-vienuoliu-ismintis-kasdieniame-gyvenime\/","name":"Gyventi kaip danguje. Vienuoli\u0173 i\u0161mintis kasdieniame gyvenime - Skaitytaknyga","isPartOf":{"@id":"https:\/\/skaitytaknyga.lt\/#website"},"primaryImageOfPage":{"@id":"https:\/\/skaitytaknyga.lt\/produktas\/gyventi-kaip-danguje-vienuoliu-ismintis-kasdieniame-gyvenime\/#primaryimage"},"image":{"@id":"https:\/\/skaitytaknyga.lt\/produktas\/gyventi-kaip-danguje-vienuoliu-ismintis-kasdieniame-gyvenime\/#primaryimage"},"thumbnailUrl":"https:\/\/skaitytaknyga.lt\/wp-content\/uploads\/2024\/05\/1462876309_img1.jpg","datePublished":"2024-05-04T18:03:03+00:00","dateModified":"2024-05-04T18:04:16+00:00","description":"T\u0117vas benediktinas Johanesas Pau\u0161as, apra\u0161ydamas kasdieni\u0161kas situacijas, pataria, kokius konkre\u010dius \u017eingsnius reikia \u017eengti, norint prad\u0117ti dvasin\u012f gyvenim\u0105, dr\u0105sina \u017emones palaikyti ir puosel\u0117ti dievi\u0161k\u0105j\u0105 kibirk\u0161t\u012f, kad \u0161i \u0161viest\u0173 bei \u0161ildyt\u0173. Tai ma\u017ei \u017eingsniai, kuriuos turime \u017eengti \u010dia ir dabar; i\u0161bandytos vienuolyno i\u0161mintys - \u0161iuolaiki\u0161ki gyvenimo patarimai. Tai ne receptai, bet kop\u0117\u010dios, kuriomis galima kopti vir\u0161un ir leistis apa\u010dion, sakykim, prakti\u0161kas gero gyvenimo \u012frankis. Joje pateikti stimulai yra i\u0161bandyti kasdieniame gyvenime. Joje yra daug humoro ir dviprasmi\u0161k\u0173 posaki\u0173! Knyga skatina gyventi dvasin\u012f gyvenim\u0105, kuriam\u0105 ant tvirto pagrindo: Evangelijos, \u0161v.\u00a0Benedikto regulos i\u0161minties ir sveiko proto. T\u0117vas dr. Johanesas Pau\u0161as\u00a0(Johannes Pausch) OSB yra benediktinas ir psichoterapeutas. Europos vienuolyno Gut Aiche netoli St. Gilgeno (Austrija) \u012fk\u016br\u0117jas ir prioras, didel\u012f pasisekim\u0105 turin\u010di\u0173 knyg\u0173 autorius. Gertas Biomas\u00a0(Gert B\u00f6hm) anks\u010diau buvo vieno laikra\u0161\u010dio leidyklos komercijos direktorius, o \u0161iandien - laisvas \u017eurnalistas. Daugelio Johaneso Pau\u0161o knyg\u0173 bendraautoris.","breadcrumb":{"@id":"https:\/\/skaitytaknyga.lt\/produktas\/gyventi-kaip-danguje-vienuoliu-ismintis-kasdieniame-gyvenime\/#breadcrumb"},"inLanguage":"en-GB","potentialAction":[{"@type":"ReadAction","target":["https:\/\/skaitytaknyga.lt\/produktas\/gyventi-kaip-danguje-vienuoliu-ismintis-kasdieniame-gyvenime\/"]}]},{"@type":"ImageObject","inLanguage":"en-GB","@id":"https:\/\/skaitytaknyga.lt\/produktas\/gyventi-kaip-danguje-vienuoliu-ismintis-kasdieniame-gyvenime\/#primaryimage","url":"https:\/\/skaitytaknyga.lt\/wp-content\/uploads\/2024\/05\/1462876309_img1.jpg","contentUrl":"https:\/\/skaitytaknyga.lt\/wp-content\/uploads\/2024\/05\/1462876309_img1.jpg","width":256,"height":430},{"@type":"BreadcrumbList","@id":"https:\/\/skaitytaknyga.lt\/produktas\/gyventi-kaip-danguje-vienuoliu-ismintis-kasdieniame-gyvenime\/#breadcrumb","itemListElement":[{"@type":"ListItem","position":1,"name":"Home","item":"https:\/\/skaitytaknyga.lt\/"},{"@type":"ListItem","position":2,"name":"Parduotuv\u0117","item":"https:\/\/skaitytaknyga.lt\/knygu-parduotuve\/"},{"@type":"ListItem","position":3,"name":"Gyventi kaip danguje. Vienuoli\u0173 i\u0161mintis kasdieniame gyvenime"}]},{"@type":"WebSite","@id":"https:\/\/skaitytaknyga.lt\/#website","url":"https:\/\/skaitytaknyga.lt\/","name":"skaitytaknyga.lt","description":"Skaitytaknyga.lt \u2013 tai ma\u017eas \u0161eimos verslas, kuris prasid\u0117jo nuo meil\u0117s knygoms ir siekio i\u0161gelb\u0117ti knygas nuo likimo prie konteinerio. Kas vienam nereikalingas daiktas \u2013 kitam lobis, o mes esame tarpininkai, kurie padeda abiems tapti laimingesniems ???? \u017dinome kaip nelengva i\u0161gyventi ma\u017eiems verslams, tad nuo \u0161iol, \u010dia rasite ir kit\u0173, ma\u017e\u0173 \u0161eim\u0173 versl\u0173, rank\u0173 darbo, dovan\u0173 sau ir artimiesiems.","publisher":{"@id":"https:\/\/skaitytaknyga.lt\/#organization"},"potentialAction":[{"@type":"SearchAction","target":{"@type":"EntryPoint","urlTemplate":"https:\/\/skaitytaknyga.lt\/?s={search_term_string}"},"query-input":{"@type":"PropertyValueSpecification","valueRequired":true,"valueName":"search_term_string"}}],"inLanguage":"en-GB"},{"@type":"Organization","@id":"https:\/\/skaitytaknyga.lt\/#organization","name":"skaitytaknyga.lt","url":"https:\/\/skaitytaknyga.lt\/","logo":{"@type":"ImageObject","inLanguage":"en-GB","@id":"https:\/\/skaitytaknyga.lt\/#\/schema\/logo\/image\/","url":"https:\/\/skaitytaknyga.lt\/wp-content\/uploads\/2024\/05\/cropped-cropped-cropped-02_00843_jt3bggkj1j3HLc7SyY6rEUpg.jpeg","contentUrl":"https:\/\/skaitytaknyga.lt\/wp-content\/uploads\/2024\/05\/cropped-cropped-cropped-02_00843_jt3bggkj1j3HLc7SyY6rEUpg.jpeg","width":1600,"height":1600,"caption":"skaitytaknyga.lt"},"image":{"@id":"https:\/\/skaitytaknyga.lt\/#\/schema\/logo\/image\/"},"sameAs":["https:\/\/www.facebook.com\/skaitytaknyga\/"]}]}},"_links":{"self":[{"href":"https:\/\/skaitytaknyga.lt\/en\/wp-json\/wp\/v2\/product\/9955","targetHints":{"allow":["GET"]}}],"collection":[{"href":"https:\/\/skaitytaknyga.lt\/en\/wp-json\/wp\/v2\/product"}],"about":[{"href":"https:\/\/skaitytaknyga.lt\/en\/wp-json\/wp\/v2\/types\/product"}],"replies":[{"embeddable":true,"href":"https:\/\/skaitytaknyga.lt\/en\/wp-json\/wp\/v2\/comments?post=9955"}],"wp:featuredmedia":[{"embeddable":true,"href":"https:\/\/skaitytaknyga.lt\/en\/wp-json\/wp\/v2\/media\/10002"}],"wp:attachment":[{"href":"https:\/\/skaitytaknyga.lt\/en\/wp-json\/wp\/v2\/media?parent=9955"}],"wp:term":[{"taxonomy":"product_brand","embeddable":true,"href":"https:\/\/skaitytaknyga.lt\/en\/wp-json\/wp\/v2\/product_brand?post=9955"},{"taxonomy":"product_cat","embeddable":true,"href":"https:\/\/skaitytaknyga.lt\/en\/wp-json\/wp\/v2\/product_cat?post=9955"},{"taxonomy":"product_tag","embeddable":true,"href":"https:\/\/skaitytaknyga.lt\/en\/wp-json\/wp\/v2\/product_tag?post=9955"}],"curies":[{"name":"wp","href":"https:\/\/api.w.org\/{rel}","templated":true}]}}