{"id":9954,"date":"2024-05-04T21:03:03","date_gmt":"2024-05-04T18:03:03","guid":{"rendered":"https:\/\/skaitytaknyga.lt\/?post_type=product&#038;p=9954"},"modified":"2025-02-11T21:01:10","modified_gmt":"2025-02-11T19:01:10","slug":"jeannette-walls-neprijaukinti-arkliai-pagelte-lapai","status":"publish","type":"product","link":"https:\/\/skaitytaknyga.lt\/en\/produktas\/jeannette-walls-neprijaukinti-arkliai-pagelte-lapai\/","title":{"rendered":"Jeannette Walls \u201eNeprijaukinti arkliai\u201c (pagelt\u0119 lapai)"},"content":{"rendered":"<p>Naujoji Jeannette Walls knyga \u2013 autobiografinis romanas apie autor\u0117s mo\u010diut\u0119 Lilij\u0105, kuri, pasitelkusi moteri\u0161k\u0105 dr\u0105s\u0105 ir sumanum\u0105, pad\u0117jo visai \u0161eimai \u012fveikti audras, sausras, potvynius, asmenines tragedijas ir Did\u017ei\u0105j\u0105 depresij\u0105.<\/p>\n<p>Lilija visad buvo kupina beatodairi\u0161ko ry\u017eto \u012fgyvendinti tai, k\u0105 sumaniusi: vos \u0161e\u0161eri\u0173 ji jau pad\u0117davo t\u0117vui tramdyti laukinius arklius; sulaukusi penkiolikos i\u0161\u0117jo i\u0161 nam\u0173 ir penkis \u0161imtus myli\u0173 keliavo per Nauj\u0105j\u0105 Meksik\u0105 \u012f tolim\u0105 provincijos miestel\u012f mokyti vaik\u0173, tur\u0117dama tik revolver\u012f u\u017eantyje ir kumel\u0119. V\u0117liau ji i\u0161moko vairuoti automobil\u012f, valdyti l\u0117ktuv\u0105, gyveno Arizonos ran\u010doje, kurioje dirbo visas \u0161imtas pakvai\u0161usi\u0173 kauboj\u0173. Lilija vis\u0105 gyvenim\u0105 kovojo prie\u0161 \u012fvairias visuomen\u0117s ydas \u2013 u\u017e moter\u0173, ind\u0117n\u0173 teises, u\u017e visus, netelpan\u010dius \u012f visuomen\u0117s stereotip\u0173 r\u0117mus. Ji u\u017eaugino du vaikus, kuri\u0173 vienas \u2013 autor\u0117s motina, \u012fam\u017einta romane \u201eStiklo pilis\u201c (Vaga, 2010 m.).<\/p>\n","protected":false},"excerpt":{"rendered":"<p>Naujoji Jeannette Walls knyga \u2013 autobiografinis romanas apie autor\u0117s mo\u010diut\u0119 Lilij\u0105, kuri, pasitelkusi moteri\u0161k\u0105 dr\u0105s\u0105 ir sumanum\u0105, pad\u0117jo visai \u0161eimai \u012fveikti audras, sausras, potvynius, asmenines tragedijas ir Did\u017ei\u0105j\u0105 depresij\u0105.<\/p>\n<p>Lilija visad buvo kupina beatodairi\u0161ko ry\u017eto \u012fgyvendinti tai, k\u0105 sumaniusi: vos \u0161e\u0161eri\u0173 ji jau pad\u0117davo t\u0117vui tramdyti laukinius arklius; sulaukusi penkiolikos i\u0161\u0117jo i\u0161 nam\u0173 ir penkis \u0161imtus myli\u0173 keliavo per Nauj\u0105j\u0105 Meksik\u0105 \u012f tolim\u0105 provincijos miestel\u012f mokyti vaik\u0173, tur\u0117dama tik revolver\u012f u\u017eantyje ir kumel\u0119. V\u0117liau ji i\u0161moko vairuoti automobil\u012f, valdyti l\u0117ktuv\u0105, gyveno Arizonos ran\u010doje, kurioje dirbo visas \u0161imtas pakvai\u0161usi\u0173 kauboj\u0173. Lilija vis\u0105 gyvenim\u0105 kovojo prie\u0161 \u012fvairias visuomen\u0117s ydas \u2013 u\u017e moter\u0173, ind\u0117n\u0173 teises, u\u017e visus, netelpan\u010dius \u012f visuomen\u0117s stereotip\u0173 r\u0117mus. Ji u\u017eaugino du vaikus, kuri\u0173 vienas \u2013 autor\u0117s motina, \u012fam\u017einta romane \u201eStiklo pilis\u201c (Vaga, 2010 m.).<\/p>\n","protected":false},"featured_media":10001,"comment_status":"closed","ping_status":"closed","template":"","meta":{"_acf_changed":false,"site-sidebar-layout":"default","site-content-layout":"","ast-site-content-layout":"default","site-content-style":"default","site-sidebar-style":"default","ast-global-header-display":"","ast-banner-title-visibility":"","ast-main-header-display":"","ast-hfb-above-header-display":"","ast-hfb-below-header-display":"","ast-hfb-mobile-header-display":"","site-post-title":"","ast-breadcrumbs-content":"","ast-featured-img":"","footer-sml-layout":"","ast-disable-related-posts":"","theme-transparent-header-meta":"","adv-header-id-meta":"","stick-header-meta":"","header-above-stick-meta":"","header-main-stick-meta":"","header-below-stick-meta":"","astra-migrate-meta-layouts":"default","ast-page-background-enabled":"default","ast-page-background-meta":{"desktop":{"background-color":"","background-image":"","background-repeat":"repeat","background-position":"center center","background-size":"auto","background-attachment":"scroll","background-type":"","background-media":"","overlay-type":"","overlay-color":"","overlay-opacity":"","overlay-gradient":""},"tablet":{"background-color":"","background-image":"","background-repeat":"repeat","background-position":"center center","background-size":"auto","background-attachment":"scroll","background-type":"","background-media":"","overlay-type":"","overlay-color":"","overlay-opacity":"","overlay-gradient":""},"mobile":{"background-color":"","background-image":"","background-repeat":"repeat","background-position":"center center","background-size":"auto","background-attachment":"scroll","background-type":"","background-media":"","overlay-type":"","overlay-color":"","overlay-opacity":"","overlay-gradient":""}},"ast-content-background-meta":{"desktop":{"background-color":"var(--ast-global-color-4)","background-image":"","background-repeat":"repeat","background-position":"center center","background-size":"auto","background-attachment":"scroll","background-type":"","background-media":"","overlay-type":"","overlay-color":"","overlay-opacity":"","overlay-gradient":""},"tablet":{"background-color":"var(--ast-global-color-4)","background-image":"","background-repeat":"repeat","background-position":"center center","background-size":"auto","background-attachment":"scroll","background-type":"","background-media":"","overlay-type":"","overlay-color":"","overlay-opacity":"","overlay-gradient":""},"mobile":{"background-color":"var(--ast-global-color-4)","background-image":"","background-repeat":"repeat","background-position":"center center","background-size":"auto","background-attachment":"scroll","background-type":"","background-media":"","overlay-type":"","overlay-color":"","overlay-opacity":"","overlay-gradient":""}}},"product_brand":[],"product_cat":[31],"product_tag":[],"class_list":{"0":"post-9954","1":"product","2":"type-product","3":"status-publish","4":"has-post-thumbnail","6":"product_cat-grozine-literatura","7":"desktop-align-left","8":"tablet-align-left","9":"mobile-align-left","11":"first","12":"outofstock","13":"shipping-taxable","14":"purchasable","15":"product-type-simple"},"acf":[],"yoast_head":"<!-- This site is optimized with the Yoast SEO plugin v27.0 - https:\/\/yoast.com\/product\/yoast-seo-wordpress\/ -->\n<title>Jeannette Walls \u201eNeprijaukinti arkliai\u201c (pagelt\u0119 lapai)<\/title>\n<meta name=\"description\" content=\"Naujoji Jeannette Walls knyga \u2013 autobiografinis romanas apie autor\u0117s mo\u010diut\u0119 Lilij\u0105, kuri, pasitelkusi moteri\u0161k\u0105 dr\u0105s\u0105 ir sumanum\u0105, pad\u0117jo visai \u0161eimai \u012fveikti audras, sausras, potvynius, asmenines tragedijas ir Did\u017ei\u0105j\u0105 depresij\u0105.  Lilija visad buvo kupina beatodairi\u0161ko ry\u017eto \u012fgyvendinti tai, k\u0105 sumaniusi: vos \u0161e\u0161eri\u0173 ji jau pad\u0117davo t\u0117vui tramdyti laukinius arklius; sulaukusi penkiolikos i\u0161\u0117jo i\u0161 nam\u0173 ir penkis \u0161imtus myli\u0173 keliavo per Nauj\u0105j\u0105 Meksik\u0105 \u012f tolim\u0105 provincijos miestel\u012f mokyti vaik\u0173, tur\u0117dama tik revolver\u012f u\u017eantyje ir kumel\u0119. V\u0117liau ji i\u0161moko vairuoti automobil\u012f, valdyti l\u0117ktuv\u0105, gyveno Arizonos ran\u010doje, kurioje dirbo visas \u0161imtas pakvai\u0161usi\u0173 kauboj\u0173. Lilija vis\u0105 gyvenim\u0105 kovojo prie\u0161 \u012fvairias visuomen\u0117s ydas \u2013 u\u017e moter\u0173, ind\u0117n\u0173 teises, u\u017e visus, netelpan\u010dius \u012f visuomen\u0117s stereotip\u0173 r\u0117mus. Ji u\u017eaugino du vaikus, kuri\u0173 vienas \u2013 autor\u0117s motina, \u012fam\u017einta romane \u201eStiklo pilis\u201c (Vaga, 2010 m.).\" \/>\n<meta name=\"robots\" content=\"index, follow, max-snippet:-1, max-image-preview:large, max-video-preview:-1\" \/>\n<link rel=\"canonical\" href=\"https:\/\/skaitytaknyga.lt\/en\/produktas\/jeannette-walls-neprijaukinti-arkliai-pagelte-lapai\/\" \/>\n<meta property=\"og:locale\" content=\"en_GB\" \/>\n<meta property=\"og:locale:alternate\" content=\"lt_LT\" \/>\n<meta property=\"og:type\" content=\"article\" \/>\n<meta property=\"og:title\" content=\"Jeannette Walls \u201eNeprijaukinti arkliai\u201c (pagelt\u0119 lapai)\" \/>\n<meta property=\"og:description\" content=\"Naujoji Jeannette Walls knyga \u2013 autobiografinis romanas apie autor\u0117s mo\u010diut\u0119 Lilij\u0105, kuri, pasitelkusi moteri\u0161k\u0105 dr\u0105s\u0105 ir sumanum\u0105, pad\u0117jo visai \u0161eimai \u012fveikti audras, sausras, potvynius, asmenines tragedijas ir Did\u017ei\u0105j\u0105 depresij\u0105.  Lilija visad buvo kupina beatodairi\u0161ko ry\u017eto \u012fgyvendinti tai, k\u0105 sumaniusi: vos \u0161e\u0161eri\u0173 ji jau pad\u0117davo t\u0117vui tramdyti laukinius arklius; sulaukusi penkiolikos i\u0161\u0117jo i\u0161 nam\u0173 ir penkis \u0161imtus myli\u0173 keliavo per Nauj\u0105j\u0105 Meksik\u0105 \u012f tolim\u0105 provincijos miestel\u012f mokyti vaik\u0173, tur\u0117dama tik revolver\u012f u\u017eantyje ir kumel\u0119. V\u0117liau ji i\u0161moko vairuoti automobil\u012f, valdyti l\u0117ktuv\u0105, gyveno Arizonos ran\u010doje, kurioje dirbo visas \u0161imtas pakvai\u0161usi\u0173 kauboj\u0173. Lilija vis\u0105 gyvenim\u0105 kovojo prie\u0161 \u012fvairias visuomen\u0117s ydas \u2013 u\u017e moter\u0173, ind\u0117n\u0173 teises, u\u017e visus, netelpan\u010dius \u012f visuomen\u0117s stereotip\u0173 r\u0117mus. Ji u\u017eaugino du vaikus, kuri\u0173 vienas \u2013 autor\u0117s motina, \u012fam\u017einta romane \u201eStiklo pilis\u201c (Vaga, 2010 m.).\" \/>\n<meta property=\"og:url\" content=\"https:\/\/skaitytaknyga.lt\/en\/produktas\/jeannette-walls-neprijaukinti-arkliai-pagelte-lapai\/\" \/>\n<meta property=\"og:site_name\" content=\"Skaitytaknyga\" \/>\n<meta property=\"article:publisher\" content=\"https:\/\/www.facebook.com\/skaitytaknyga\/\" \/>\n<meta property=\"article:modified_time\" content=\"2025-02-11T19:01:10+00:00\" \/>\n<meta property=\"og:image\" content=\"https:\/\/skaitytaknyga.lt\/wp-content\/uploads\/2024\/05\/1462874286_neprijaukinti-arkliai-001.jpg\" \/>\n\t<meta property=\"og:image:width\" content=\"285\" \/>\n\t<meta property=\"og:image:height\" content=\"430\" \/>\n\t<meta property=\"og:image:type\" content=\"image\/jpeg\" \/>\n<meta name=\"twitter:card\" content=\"summary_large_image\" \/>\n<meta name=\"twitter:label1\" content=\"Estimated reading time\" \/>\n\t<meta name=\"twitter:data1\" content=\"1 minute\" \/>\n<script type=\"application\/ld+json\" class=\"yoast-schema-graph\">{\"@context\":\"https:\/\/schema.org\",\"@graph\":[{\"@type\":\"WebPage\",\"@id\":\"https:\/\/skaitytaknyga.lt\/produktas\/jeannette-walls-neprijaukinti-arkliai-pagelte-lapai\/\",\"url\":\"https:\/\/skaitytaknyga.lt\/produktas\/jeannette-walls-neprijaukinti-arkliai-pagelte-lapai\/\",\"name\":\"Jeannette Walls \u201eNeprijaukinti arkliai\u201c (pagelt\u0119 lapai)\",\"isPartOf\":{\"@id\":\"https:\/\/skaitytaknyga.lt\/#website\"},\"primaryImageOfPage\":{\"@id\":\"https:\/\/skaitytaknyga.lt\/produktas\/jeannette-walls-neprijaukinti-arkliai-pagelte-lapai\/#primaryimage\"},\"image\":{\"@id\":\"https:\/\/skaitytaknyga.lt\/produktas\/jeannette-walls-neprijaukinti-arkliai-pagelte-lapai\/#primaryimage\"},\"thumbnailUrl\":\"https:\/\/skaitytaknyga.lt\/wp-content\/uploads\/2024\/05\/1462874286_neprijaukinti-arkliai-001.jpg\",\"datePublished\":\"2024-05-04T18:03:03+00:00\",\"dateModified\":\"2025-02-11T19:01:10+00:00\",\"description\":\"Naujoji Jeannette Walls knyga \u2013 autobiografinis romanas apie autor\u0117s mo\u010diut\u0119 Lilij\u0105, kuri, pasitelkusi moteri\u0161k\u0105 dr\u0105s\u0105 ir sumanum\u0105, pad\u0117jo visai \u0161eimai \u012fveikti audras, sausras, potvynius, asmenines tragedijas ir Did\u017ei\u0105j\u0105 depresij\u0105. Lilija visad buvo kupina beatodairi\u0161ko ry\u017eto \u012fgyvendinti tai, k\u0105 sumaniusi: vos \u0161e\u0161eri\u0173 ji jau pad\u0117davo t\u0117vui tramdyti laukinius arklius; sulaukusi penkiolikos i\u0161\u0117jo i\u0161 nam\u0173 ir penkis \u0161imtus myli\u0173 keliavo per Nauj\u0105j\u0105 Meksik\u0105 \u012f tolim\u0105 provincijos miestel\u012f mokyti vaik\u0173, tur\u0117dama tik revolver\u012f u\u017eantyje ir kumel\u0119. V\u0117liau ji i\u0161moko vairuoti automobil\u012f, valdyti l\u0117ktuv\u0105, gyveno Arizonos ran\u010doje, kurioje dirbo visas \u0161imtas pakvai\u0161usi\u0173 kauboj\u0173. Lilija vis\u0105 gyvenim\u0105 kovojo prie\u0161 \u012fvairias visuomen\u0117s ydas \u2013 u\u017e moter\u0173, ind\u0117n\u0173 teises, u\u017e visus, netelpan\u010dius \u012f visuomen\u0117s stereotip\u0173 r\u0117mus. Ji u\u017eaugino du vaikus, kuri\u0173 vienas \u2013 autor\u0117s motina, \u012fam\u017einta romane \u201eStiklo pilis\u201c (Vaga, 2010 m.).\",\"breadcrumb\":{\"@id\":\"https:\/\/skaitytaknyga.lt\/produktas\/jeannette-walls-neprijaukinti-arkliai-pagelte-lapai\/#breadcrumb\"},\"inLanguage\":\"en-GB\",\"potentialAction\":[{\"@type\":\"ReadAction\",\"target\":[\"https:\/\/skaitytaknyga.lt\/produktas\/jeannette-walls-neprijaukinti-arkliai-pagelte-lapai\/\"]}]},{\"@type\":\"ImageObject\",\"inLanguage\":\"en-GB\",\"@id\":\"https:\/\/skaitytaknyga.lt\/produktas\/jeannette-walls-neprijaukinti-arkliai-pagelte-lapai\/#primaryimage\",\"url\":\"https:\/\/skaitytaknyga.lt\/wp-content\/uploads\/2024\/05\/1462874286_neprijaukinti-arkliai-001.jpg\",\"contentUrl\":\"https:\/\/skaitytaknyga.lt\/wp-content\/uploads\/2024\/05\/1462874286_neprijaukinti-arkliai-001.jpg\",\"width\":285,\"height\":430},{\"@type\":\"BreadcrumbList\",\"@id\":\"https:\/\/skaitytaknyga.lt\/produktas\/jeannette-walls-neprijaukinti-arkliai-pagelte-lapai\/#breadcrumb\",\"itemListElement\":[{\"@type\":\"ListItem\",\"position\":1,\"name\":\"Home\",\"item\":\"https:\/\/skaitytaknyga.lt\/\"},{\"@type\":\"ListItem\",\"position\":2,\"name\":\"Parduotuv\u0117\",\"item\":\"https:\/\/skaitytaknyga.lt\/knygu-parduotuve\/\"},{\"@type\":\"ListItem\",\"position\":3,\"name\":\"Jeannette Walls \u201eNeprijaukinti arkliai\u201c (pagelt\u0119 lapai)\"}]},{\"@type\":\"WebSite\",\"@id\":\"https:\/\/skaitytaknyga.lt\/#website\",\"url\":\"https:\/\/skaitytaknyga.lt\/\",\"name\":\"skaitytaknyga.lt\",\"description\":\"Skaitytaknyga.lt \u2013 tai ma\u017eas \u0161eimos verslas, kuris prasid\u0117jo nuo meil\u0117s knygoms ir siekio i\u0161gelb\u0117ti knygas nuo likimo prie konteinerio. Kas vienam nereikalingas daiktas \u2013 kitam lobis, o mes esame tarpininkai, kurie padeda abiems tapti laimingesniems ???? \u017dinome kaip nelengva i\u0161gyventi ma\u017eiems verslams, tad nuo \u0161iol, \u010dia rasite ir kit\u0173, ma\u017e\u0173 \u0161eim\u0173 versl\u0173, rank\u0173 darbo, dovan\u0173 sau ir artimiesiems.\",\"publisher\":{\"@id\":\"https:\/\/skaitytaknyga.lt\/#organization\"},\"potentialAction\":[{\"@type\":\"SearchAction\",\"target\":{\"@type\":\"EntryPoint\",\"urlTemplate\":\"https:\/\/skaitytaknyga.lt\/?s={search_term_string}\"},\"query-input\":{\"@type\":\"PropertyValueSpecification\",\"valueRequired\":true,\"valueName\":\"search_term_string\"}}],\"inLanguage\":\"en-GB\"},{\"@type\":\"Organization\",\"@id\":\"https:\/\/skaitytaknyga.lt\/#organization\",\"name\":\"skaitytaknyga.lt\",\"url\":\"https:\/\/skaitytaknyga.lt\/\",\"logo\":{\"@type\":\"ImageObject\",\"inLanguage\":\"en-GB\",\"@id\":\"https:\/\/skaitytaknyga.lt\/#\/schema\/logo\/image\/\",\"url\":\"https:\/\/skaitytaknyga.lt\/wp-content\/uploads\/2024\/05\/cropped-cropped-cropped-02_00843_jt3bggkj1j3HLc7SyY6rEUpg.jpeg\",\"contentUrl\":\"https:\/\/skaitytaknyga.lt\/wp-content\/uploads\/2024\/05\/cropped-cropped-cropped-02_00843_jt3bggkj1j3HLc7SyY6rEUpg.jpeg\",\"width\":1600,\"height\":1600,\"caption\":\"skaitytaknyga.lt\"},\"image\":{\"@id\":\"https:\/\/skaitytaknyga.lt\/#\/schema\/logo\/image\/\"},\"sameAs\":[\"https:\/\/www.facebook.com\/skaitytaknyga\/\"]}]}<\/script>\n<!-- \/ Yoast SEO plugin. -->","yoast_head_json":{"title":"Jeannette Walls \u201eNeprijaukinti arkliai\u201c (pagelt\u0119 lapai)","description":"Naujoji Jeannette Walls knyga \u2013 autobiografinis romanas apie autor\u0117s mo\u010diut\u0119 Lilij\u0105, kuri, pasitelkusi moteri\u0161k\u0105 dr\u0105s\u0105 ir sumanum\u0105, pad\u0117jo visai \u0161eimai \u012fveikti audras, sausras, potvynius, asmenines tragedijas ir Did\u017ei\u0105j\u0105 depresij\u0105.  Lilija visad buvo kupina beatodairi\u0161ko ry\u017eto \u012fgyvendinti tai, k\u0105 sumaniusi: vos \u0161e\u0161eri\u0173 ji jau pad\u0117davo t\u0117vui tramdyti laukinius arklius; sulaukusi penkiolikos i\u0161\u0117jo i\u0161 nam\u0173 ir penkis \u0161imtus myli\u0173 keliavo per Nauj\u0105j\u0105 Meksik\u0105 \u012f tolim\u0105 provincijos miestel\u012f mokyti vaik\u0173, tur\u0117dama tik revolver\u012f u\u017eantyje ir kumel\u0119. V\u0117liau ji i\u0161moko vairuoti automobil\u012f, valdyti l\u0117ktuv\u0105, gyveno Arizonos ran\u010doje, kurioje dirbo visas \u0161imtas pakvai\u0161usi\u0173 kauboj\u0173. Lilija vis\u0105 gyvenim\u0105 kovojo prie\u0161 \u012fvairias visuomen\u0117s ydas \u2013 u\u017e moter\u0173, ind\u0117n\u0173 teises, u\u017e visus, netelpan\u010dius \u012f visuomen\u0117s stereotip\u0173 r\u0117mus. Ji u\u017eaugino du vaikus, kuri\u0173 vienas \u2013 autor\u0117s motina, \u012fam\u017einta romane \u201eStiklo pilis\u201c (Vaga, 2010 m.).","robots":{"index":"index","follow":"follow","max-snippet":"max-snippet:-1","max-image-preview":"max-image-preview:large","max-video-preview":"max-video-preview:-1"},"canonical":"https:\/\/skaitytaknyga.lt\/en\/produktas\/jeannette-walls-neprijaukinti-arkliai-pagelte-lapai\/","og_locale":"en_GB","og_type":"article","og_title":"[:lt]Jeannette Walls \u201eNeprijaukinti arkliai\u201c (pagelt\u0119 lapai)[:] - Skaitytaknyga","og_description":"Naujoji Jeannette Walls knyga \u2013 autobiografinis romanas apie autor\u0117s mo\u010diut\u0119 Lilij\u0105, kuri, pasitelkusi moteri\u0161k\u0105 dr\u0105s\u0105 ir sumanum\u0105, pad\u0117jo visai \u0161eimai \u012fveikti audras, sausras, potvynius, asmenines tragedijas ir Did\u017ei\u0105j\u0105 depresij\u0105.  Lilija visad buvo kupina beatodairi\u0161ko ry\u017eto \u012fgyvendinti tai, k\u0105 sumaniusi: vos \u0161e\u0161eri\u0173 ji jau pad\u0117davo t\u0117vui tramdyti laukinius arklius; sulaukusi penkiolikos i\u0161\u0117jo i\u0161 nam\u0173 ir penkis \u0161imtus myli\u0173 keliavo per Nauj\u0105j\u0105 Meksik\u0105 \u012f tolim\u0105 provincijos miestel\u012f mokyti vaik\u0173, tur\u0117dama tik revolver\u012f u\u017eantyje ir kumel\u0119. V\u0117liau ji i\u0161moko vairuoti automobil\u012f, valdyti l\u0117ktuv\u0105, gyveno Arizonos ran\u010doje, kurioje dirbo visas \u0161imtas pakvai\u0161usi\u0173 kauboj\u0173. Lilija vis\u0105 gyvenim\u0105 kovojo prie\u0161 \u012fvairias visuomen\u0117s ydas \u2013 u\u017e moter\u0173, ind\u0117n\u0173 teises, u\u017e visus, netelpan\u010dius \u012f visuomen\u0117s stereotip\u0173 r\u0117mus. Ji u\u017eaugino du vaikus, kuri\u0173 vienas \u2013 autor\u0117s motina, \u012fam\u017einta romane \u201eStiklo pilis\u201c (Vaga, 2010 m.).","og_url":"https:\/\/skaitytaknyga.lt\/en\/produktas\/jeannette-walls-neprijaukinti-arkliai-pagelte-lapai\/","og_site_name":"Skaitytaknyga","article_publisher":"https:\/\/www.facebook.com\/skaitytaknyga\/","article_modified_time":"2025-02-11T19:01:10+00:00","og_image":[{"width":285,"height":430,"url":"https:\/\/skaitytaknyga.lt\/wp-content\/uploads\/2024\/05\/1462874286_neprijaukinti-arkliai-001.jpg","type":"image\/jpeg"}],"twitter_card":"summary_large_image","twitter_misc":{"Estimated reading time":"1 minute"},"schema":{"@context":"https:\/\/schema.org","@graph":[{"@type":"WebPage","@id":"https:\/\/skaitytaknyga.lt\/produktas\/jeannette-walls-neprijaukinti-arkliai-pagelte-lapai\/","url":"https:\/\/skaitytaknyga.lt\/produktas\/jeannette-walls-neprijaukinti-arkliai-pagelte-lapai\/","name":"Jeannette Walls \u201eNeprijaukinti arkliai\u201c (pagelt\u0119 lapai)","isPartOf":{"@id":"https:\/\/skaitytaknyga.lt\/#website"},"primaryImageOfPage":{"@id":"https:\/\/skaitytaknyga.lt\/produktas\/jeannette-walls-neprijaukinti-arkliai-pagelte-lapai\/#primaryimage"},"image":{"@id":"https:\/\/skaitytaknyga.lt\/produktas\/jeannette-walls-neprijaukinti-arkliai-pagelte-lapai\/#primaryimage"},"thumbnailUrl":"https:\/\/skaitytaknyga.lt\/wp-content\/uploads\/2024\/05\/1462874286_neprijaukinti-arkliai-001.jpg","datePublished":"2024-05-04T18:03:03+00:00","dateModified":"2025-02-11T19:01:10+00:00","description":"Naujoji Jeannette Walls knyga \u2013 autobiografinis romanas apie autor\u0117s mo\u010diut\u0119 Lilij\u0105, kuri, pasitelkusi moteri\u0161k\u0105 dr\u0105s\u0105 ir sumanum\u0105, pad\u0117jo visai \u0161eimai \u012fveikti audras, sausras, potvynius, asmenines tragedijas ir Did\u017ei\u0105j\u0105 depresij\u0105. Lilija visad buvo kupina beatodairi\u0161ko ry\u017eto \u012fgyvendinti tai, k\u0105 sumaniusi: vos \u0161e\u0161eri\u0173 ji jau pad\u0117davo t\u0117vui tramdyti laukinius arklius; sulaukusi penkiolikos i\u0161\u0117jo i\u0161 nam\u0173 ir penkis \u0161imtus myli\u0173 keliavo per Nauj\u0105j\u0105 Meksik\u0105 \u012f tolim\u0105 provincijos miestel\u012f mokyti vaik\u0173, tur\u0117dama tik revolver\u012f u\u017eantyje ir kumel\u0119. V\u0117liau ji i\u0161moko vairuoti automobil\u012f, valdyti l\u0117ktuv\u0105, gyveno Arizonos ran\u010doje, kurioje dirbo visas \u0161imtas pakvai\u0161usi\u0173 kauboj\u0173. Lilija vis\u0105 gyvenim\u0105 kovojo prie\u0161 \u012fvairias visuomen\u0117s ydas \u2013 u\u017e moter\u0173, ind\u0117n\u0173 teises, u\u017e visus, netelpan\u010dius \u012f visuomen\u0117s stereotip\u0173 r\u0117mus. Ji u\u017eaugino du vaikus, kuri\u0173 vienas \u2013 autor\u0117s motina, \u012fam\u017einta romane \u201eStiklo pilis\u201c (Vaga, 2010 m.).","breadcrumb":{"@id":"https:\/\/skaitytaknyga.lt\/produktas\/jeannette-walls-neprijaukinti-arkliai-pagelte-lapai\/#breadcrumb"},"inLanguage":"en-GB","potentialAction":[{"@type":"ReadAction","target":["https:\/\/skaitytaknyga.lt\/produktas\/jeannette-walls-neprijaukinti-arkliai-pagelte-lapai\/"]}]},{"@type":"ImageObject","inLanguage":"en-GB","@id":"https:\/\/skaitytaknyga.lt\/produktas\/jeannette-walls-neprijaukinti-arkliai-pagelte-lapai\/#primaryimage","url":"https:\/\/skaitytaknyga.lt\/wp-content\/uploads\/2024\/05\/1462874286_neprijaukinti-arkliai-001.jpg","contentUrl":"https:\/\/skaitytaknyga.lt\/wp-content\/uploads\/2024\/05\/1462874286_neprijaukinti-arkliai-001.jpg","width":285,"height":430},{"@type":"BreadcrumbList","@id":"https:\/\/skaitytaknyga.lt\/produktas\/jeannette-walls-neprijaukinti-arkliai-pagelte-lapai\/#breadcrumb","itemListElement":[{"@type":"ListItem","position":1,"name":"Home","item":"https:\/\/skaitytaknyga.lt\/"},{"@type":"ListItem","position":2,"name":"Parduotuv\u0117","item":"https:\/\/skaitytaknyga.lt\/knygu-parduotuve\/"},{"@type":"ListItem","position":3,"name":"Jeannette Walls \u201eNeprijaukinti arkliai\u201c (pagelt\u0119 lapai)"}]},{"@type":"WebSite","@id":"https:\/\/skaitytaknyga.lt\/#website","url":"https:\/\/skaitytaknyga.lt\/","name":"skaitytaknyga.lt","description":"Skaitytaknyga.lt \u2013 tai ma\u017eas \u0161eimos verslas, kuris prasid\u0117jo nuo meil\u0117s knygoms ir siekio i\u0161gelb\u0117ti knygas nuo likimo prie konteinerio. Kas vienam nereikalingas daiktas \u2013 kitam lobis, o mes esame tarpininkai, kurie padeda abiems tapti laimingesniems ???? \u017dinome kaip nelengva i\u0161gyventi ma\u017eiems verslams, tad nuo \u0161iol, \u010dia rasite ir kit\u0173, ma\u017e\u0173 \u0161eim\u0173 versl\u0173, rank\u0173 darbo, dovan\u0173 sau ir artimiesiems.","publisher":{"@id":"https:\/\/skaitytaknyga.lt\/#organization"},"potentialAction":[{"@type":"SearchAction","target":{"@type":"EntryPoint","urlTemplate":"https:\/\/skaitytaknyga.lt\/?s={search_term_string}"},"query-input":{"@type":"PropertyValueSpecification","valueRequired":true,"valueName":"search_term_string"}}],"inLanguage":"en-GB"},{"@type":"Organization","@id":"https:\/\/skaitytaknyga.lt\/#organization","name":"skaitytaknyga.lt","url":"https:\/\/skaitytaknyga.lt\/","logo":{"@type":"ImageObject","inLanguage":"en-GB","@id":"https:\/\/skaitytaknyga.lt\/#\/schema\/logo\/image\/","url":"https:\/\/skaitytaknyga.lt\/wp-content\/uploads\/2024\/05\/cropped-cropped-cropped-02_00843_jt3bggkj1j3HLc7SyY6rEUpg.jpeg","contentUrl":"https:\/\/skaitytaknyga.lt\/wp-content\/uploads\/2024\/05\/cropped-cropped-cropped-02_00843_jt3bggkj1j3HLc7SyY6rEUpg.jpeg","width":1600,"height":1600,"caption":"skaitytaknyga.lt"},"image":{"@id":"https:\/\/skaitytaknyga.lt\/#\/schema\/logo\/image\/"},"sameAs":["https:\/\/www.facebook.com\/skaitytaknyga\/"]}]}},"_links":{"self":[{"href":"https:\/\/skaitytaknyga.lt\/en\/wp-json\/wp\/v2\/product\/9954","targetHints":{"allow":["GET"]}}],"collection":[{"href":"https:\/\/skaitytaknyga.lt\/en\/wp-json\/wp\/v2\/product"}],"about":[{"href":"https:\/\/skaitytaknyga.lt\/en\/wp-json\/wp\/v2\/types\/product"}],"replies":[{"embeddable":true,"href":"https:\/\/skaitytaknyga.lt\/en\/wp-json\/wp\/v2\/comments?post=9954"}],"wp:featuredmedia":[{"embeddable":true,"href":"https:\/\/skaitytaknyga.lt\/en\/wp-json\/wp\/v2\/media\/10001"}],"wp:attachment":[{"href":"https:\/\/skaitytaknyga.lt\/en\/wp-json\/wp\/v2\/media?parent=9954"}],"wp:term":[{"taxonomy":"product_brand","embeddable":true,"href":"https:\/\/skaitytaknyga.lt\/en\/wp-json\/wp\/v2\/product_brand?post=9954"},{"taxonomy":"product_cat","embeddable":true,"href":"https:\/\/skaitytaknyga.lt\/en\/wp-json\/wp\/v2\/product_cat?post=9954"},{"taxonomy":"product_tag","embeddable":true,"href":"https:\/\/skaitytaknyga.lt\/en\/wp-json\/wp\/v2\/product_tag?post=9954"}],"curies":[{"name":"wp","href":"https:\/\/api.w.org\/{rel}","templated":true}]}}