{"id":9920,"date":"2024-05-04T18:01:43","date_gmt":"2024-05-04T18:01:43","guid":{"rendered":"https:\/\/skaitytaknyga.lt\/?post_type=product&#038;p=9920"},"modified":"2024-05-04T18:03:20","modified_gmt":"2024-05-04T18:03:20","slug":"jean-paul-sartre-egzistencializmas-tai-humanizmas","status":"publish","type":"product","link":"https:\/\/skaitytaknyga.lt\/en\/produktas\/jean-paul-sartre-egzistencializmas-tai-humanizmas\/","title":{"rendered":"Jean-Paul Sartre \u201eEgzistencializmas \u2013 tai humanizmas\u201c"},"content":{"rendered":"<p><strong>Jeano Paulio Sartre&#8217;o<\/strong>\u00a0(1905\u20131980) veikalas\u00a0<strong>\u201eEgzistencializmas \u2013 tai humanizmas\u201c<\/strong>\u00a0yra paskaita, kuri\u0105 autorius skait\u0117 1945 m. spalio 29 d.<\/p>\n<p>\u201eSusid\u016brusiems su Sartre&#8217;o literat\u016briniais ar filosofiniais k\u016briniais \u0161is tekstas leid\u017eia u\u017e\u010diuopti pat\u012f pirm\u0105, dar neapibr\u0117\u017et\u0105, i\u0161 vidaus konflikti\u0161k\u0105 jo intelektualinio gyvenimo pos\u016bkio moment\u0105.&#8221;<\/p>\n","protected":false},"excerpt":{"rendered":"<p><strong>Jeano Paulio Sartre&#8217;o<\/strong>\u00a0(1905\u20131980) veikalas\u00a0<strong>\u201eEgzistencializmas \u2013 tai humanizmas\u201c<\/strong>\u00a0yra paskaita, kuri\u0105 autorius skait\u0117 1945 m. spalio 29 d.<\/p>\n<p>\u201eSusid\u016brusiems su Sartre&#8217;o literat\u016briniais ar filosofiniais k\u016briniais \u0161is tekstas leid\u017eia u\u017e\u010diuopti pat\u012f pirm\u0105, dar neapibr\u0117\u017et\u0105, i\u0161 vidaus konflikti\u0161k\u0105 jo intelektualinio gyvenimo pos\u016bkio moment\u0105.&#8221;<\/p>\n","protected":false},"featured_media":9966,"comment_status":"closed","ping_status":"closed","template":"","meta":{"_acf_changed":false,"site-sidebar-layout":"default","site-content-layout":"","ast-site-content-layout":"default","site-content-style":"default","site-sidebar-style":"default","ast-global-header-display":"","ast-banner-title-visibility":"","ast-main-header-display":"","ast-hfb-above-header-display":"","ast-hfb-below-header-display":"","ast-hfb-mobile-header-display":"","site-post-title":"","ast-breadcrumbs-content":"","ast-featured-img":"","footer-sml-layout":"","ast-disable-related-posts":"","theme-transparent-header-meta":"","adv-header-id-meta":"","stick-header-meta":"","header-above-stick-meta":"","header-main-stick-meta":"","header-below-stick-meta":"","astra-migrate-meta-layouts":"default","ast-page-background-enabled":"default","ast-page-background-meta":{"desktop":{"background-color":"","background-image":"","background-repeat":"repeat","background-position":"center center","background-size":"auto","background-attachment":"scroll","background-type":"","background-media":"","overlay-type":"","overlay-color":"","overlay-opacity":"","overlay-gradient":""},"tablet":{"background-color":"","background-image":"","background-repeat":"repeat","background-position":"center center","background-size":"auto","background-attachment":"scroll","background-type":"","background-media":"","overlay-type":"","overlay-color":"","overlay-opacity":"","overlay-gradient":""},"mobile":{"background-color":"","background-image":"","background-repeat":"repeat","background-position":"center center","background-size":"auto","background-attachment":"scroll","background-type":"","background-media":"","overlay-type":"","overlay-color":"","overlay-opacity":"","overlay-gradient":""}},"ast-content-background-meta":{"desktop":{"background-color":"var(--ast-global-color-4)","background-image":"","background-repeat":"repeat","background-position":"center center","background-size":"auto","background-attachment":"scroll","background-type":"","background-media":"","overlay-type":"","overlay-color":"","overlay-opacity":"","overlay-gradient":""},"tablet":{"background-color":"var(--ast-global-color-4)","background-image":"","background-repeat":"repeat","background-position":"center center","background-size":"auto","background-attachment":"scroll","background-type":"","background-media":"","overlay-type":"","overlay-color":"","overlay-opacity":"","overlay-gradient":""},"mobile":{"background-color":"var(--ast-global-color-4)","background-image":"","background-repeat":"repeat","background-position":"center center","background-size":"auto","background-attachment":"scroll","background-type":"","background-media":"","overlay-type":"","overlay-color":"","overlay-opacity":"","overlay-gradient":""}}},"product_brand":[],"product_cat":[165],"product_tag":[],"class_list":{"0":"post-9920","1":"product","2":"type-product","3":"status-publish","4":"has-post-thumbnail","6":"product_cat-religija-filosofija-ir-ezoterika","7":"desktop-align-left","8":"tablet-align-left","9":"mobile-align-left","11":"first","12":"outofstock","13":"shipping-taxable","14":"purchasable","15":"product-type-simple"},"acf":[],"yoast_head":"<!-- This site is optimized with the Yoast SEO plugin v27.4 - https:\/\/yoast.com\/product\/yoast-seo-wordpress\/ -->\n<title>Jean-Paul Sartre \u201eEgzistencializmas \u2013 tai humanizmas\u201c - Skaitytaknyga<\/title>\n<meta name=\"description\" content=\"Jeano Paulio Sartre&#039;o\u00a0(1905\u20131980) veikalas\u00a0\u201eEgzistencializmas \u2013 tai humanizmas\u201c\u00a0yra paskaita, kuri\u0105 autorius skait\u0117 1945 m. spalio 29 d.  \u201eSusid\u016brusiems su Sartre&#039;o literat\u016briniais ar filosofiniais k\u016briniais \u0161is tekstas leid\u017eia u\u017e\u010diuopti pat\u012f pirm\u0105, dar neapibr\u0117\u017et\u0105, i\u0161 vidaus konflikti\u0161k\u0105 jo intelektualinio gyvenimo pos\u016bkio moment\u0105.&quot;\" \/>\n<meta name=\"robots\" content=\"index, follow, max-snippet:-1, max-image-preview:large, max-video-preview:-1\" \/>\n<link rel=\"canonical\" href=\"https:\/\/skaitytaknyga.lt\/en\/produktas\/jean-paul-sartre-egzistencializmas-tai-humanizmas\/\" \/>\n<meta property=\"og:locale\" content=\"en_GB\" \/>\n<meta property=\"og:locale:alternate\" content=\"lt_LT\" \/>\n<meta property=\"og:type\" content=\"article\" \/>\n<meta property=\"og:title\" content=\"Jean-Paul Sartre \u201eEgzistencializmas \u2013 tai humanizmas\u201c - Skaitytaknyga\" \/>\n<meta property=\"og:description\" content=\"Jeano Paulio Sartre&#039;o\u00a0(1905\u20131980) veikalas\u00a0\u201eEgzistencializmas \u2013 tai humanizmas\u201c\u00a0yra paskaita, kuri\u0105 autorius skait\u0117 1945 m. spalio 29 d.  \u201eSusid\u016brusiems su Sartre&#039;o literat\u016briniais ar filosofiniais k\u016briniais \u0161is tekstas leid\u017eia u\u017e\u010diuopti pat\u012f pirm\u0105, dar neapibr\u0117\u017et\u0105, i\u0161 vidaus konflikti\u0161k\u0105 jo intelektualinio gyvenimo pos\u016bkio moment\u0105.&quot;\" \/>\n<meta property=\"og:url\" content=\"https:\/\/skaitytaknyga.lt\/en\/produktas\/jean-paul-sartre-egzistencializmas-tai-humanizmas\/\" \/>\n<meta property=\"og:site_name\" content=\"Skaitytaknyga\" \/>\n<meta property=\"article:publisher\" content=\"https:\/\/www.facebook.com\/skaitytaknyga\/\" \/>\n<meta property=\"article:modified_time\" content=\"2024-05-04T18:03:20+00:00\" \/>\n<meta property=\"og:image\" content=\"https:\/\/skaitytaknyga.lt\/wp-content\/uploads\/2024\/05\/1462891013_virselis-egz1.png\" \/>\n\t<meta property=\"og:image:width\" content=\"277\" \/>\n\t<meta property=\"og:image:height\" content=\"430\" \/>\n\t<meta property=\"og:image:type\" content=\"image\/png\" \/>\n<meta name=\"twitter:card\" content=\"summary_large_image\" \/>\n<script type=\"application\/ld+json\" class=\"yoast-schema-graph\">{\"@context\":\"https:\\\/\\\/schema.org\",\"@graph\":[{\"@type\":\"WebPage\",\"@id\":\"https:\\\/\\\/skaitytaknyga.lt\\\/produktas\\\/jean-paul-sartre-egzistencializmas-tai-humanizmas\\\/\",\"url\":\"https:\\\/\\\/skaitytaknyga.lt\\\/produktas\\\/jean-paul-sartre-egzistencializmas-tai-humanizmas\\\/\",\"name\":\"Jean-Paul Sartre \u201eEgzistencializmas \u2013 tai humanizmas\u201c - Skaitytaknyga\",\"isPartOf\":{\"@id\":\"https:\\\/\\\/skaitytaknyga.lt\\\/#website\"},\"primaryImageOfPage\":{\"@id\":\"https:\\\/\\\/skaitytaknyga.lt\\\/produktas\\\/jean-paul-sartre-egzistencializmas-tai-humanizmas\\\/#primaryimage\"},\"image\":{\"@id\":\"https:\\\/\\\/skaitytaknyga.lt\\\/produktas\\\/jean-paul-sartre-egzistencializmas-tai-humanizmas\\\/#primaryimage\"},\"thumbnailUrl\":\"https:\\\/\\\/skaitytaknyga.lt\\\/wp-content\\\/uploads\\\/2024\\\/05\\\/1462891013_virselis-egz1.png\",\"datePublished\":\"2024-05-04T18:01:43+00:00\",\"dateModified\":\"2024-05-04T18:03:20+00:00\",\"description\":\"Jeano Paulio Sartre'o\u00a0(1905\u20131980) veikalas\u00a0\u201eEgzistencializmas \u2013 tai humanizmas\u201c\u00a0yra paskaita, kuri\u0105 autorius skait\u0117 1945 m. spalio 29 d. \u201eSusid\u016brusiems su Sartre'o literat\u016briniais ar filosofiniais k\u016briniais \u0161is tekstas leid\u017eia u\u017e\u010diuopti pat\u012f pirm\u0105, dar neapibr\u0117\u017et\u0105, i\u0161 vidaus konflikti\u0161k\u0105 jo intelektualinio gyvenimo pos\u016bkio moment\u0105.\\\"\",\"breadcrumb\":{\"@id\":\"https:\\\/\\\/skaitytaknyga.lt\\\/produktas\\\/jean-paul-sartre-egzistencializmas-tai-humanizmas\\\/#breadcrumb\"},\"inLanguage\":\"en-GB\",\"potentialAction\":[{\"@type\":\"ReadAction\",\"target\":[\"https:\\\/\\\/skaitytaknyga.lt\\\/produktas\\\/jean-paul-sartre-egzistencializmas-tai-humanizmas\\\/\"]}]},{\"@type\":\"ImageObject\",\"inLanguage\":\"en-GB\",\"@id\":\"https:\\\/\\\/skaitytaknyga.lt\\\/produktas\\\/jean-paul-sartre-egzistencializmas-tai-humanizmas\\\/#primaryimage\",\"url\":\"https:\\\/\\\/skaitytaknyga.lt\\\/wp-content\\\/uploads\\\/2024\\\/05\\\/1462891013_virselis-egz1.png\",\"contentUrl\":\"https:\\\/\\\/skaitytaknyga.lt\\\/wp-content\\\/uploads\\\/2024\\\/05\\\/1462891013_virselis-egz1.png\",\"width\":277,\"height\":430},{\"@type\":\"BreadcrumbList\",\"@id\":\"https:\\\/\\\/skaitytaknyga.lt\\\/produktas\\\/jean-paul-sartre-egzistencializmas-tai-humanizmas\\\/#breadcrumb\",\"itemListElement\":[{\"@type\":\"ListItem\",\"position\":1,\"name\":\"Home\",\"item\":\"https:\\\/\\\/skaitytaknyga.lt\\\/\"},{\"@type\":\"ListItem\",\"position\":2,\"name\":\"Parduotuv\u0117\",\"item\":\"https:\\\/\\\/skaitytaknyga.lt\\\/knygu-parduotuve\\\/\"},{\"@type\":\"ListItem\",\"position\":3,\"name\":\"Jean-Paul Sartre \u201eEgzistencializmas \u2013 tai humanizmas\u201c\"}]},{\"@type\":\"WebSite\",\"@id\":\"https:\\\/\\\/skaitytaknyga.lt\\\/#website\",\"url\":\"https:\\\/\\\/skaitytaknyga.lt\\\/\",\"name\":\"skaitytaknyga.lt\",\"description\":\"Skaitytaknyga.lt \u2013 tai ma\u017eas \u0161eimos verslas, kuris prasid\u0117jo nuo meil\u0117s knygoms ir siekio i\u0161gelb\u0117ti knygas nuo likimo prie konteinerio. Kas vienam nereikalingas daiktas \u2013 kitam lobis, o mes esame tarpininkai, kurie padeda abiems tapti laimingesniems ???? \u017dinome kaip nelengva i\u0161gyventi ma\u017eiems verslams, tad nuo \u0161iol, \u010dia rasite ir kit\u0173, ma\u017e\u0173 \u0161eim\u0173 versl\u0173, rank\u0173 darbo, dovan\u0173 sau ir artimiesiems.\",\"publisher\":{\"@id\":\"https:\\\/\\\/skaitytaknyga.lt\\\/#organization\"},\"potentialAction\":[{\"@type\":\"SearchAction\",\"target\":{\"@type\":\"EntryPoint\",\"urlTemplate\":\"https:\\\/\\\/skaitytaknyga.lt\\\/?s={search_term_string}\"},\"query-input\":{\"@type\":\"PropertyValueSpecification\",\"valueRequired\":true,\"valueName\":\"search_term_string\"}}],\"inLanguage\":\"en-GB\"},{\"@type\":\"Organization\",\"@id\":\"https:\\\/\\\/skaitytaknyga.lt\\\/#organization\",\"name\":\"skaitytaknyga.lt\",\"url\":\"https:\\\/\\\/skaitytaknyga.lt\\\/\",\"logo\":{\"@type\":\"ImageObject\",\"inLanguage\":\"en-GB\",\"@id\":\"https:\\\/\\\/skaitytaknyga.lt\\\/#\\\/schema\\\/logo\\\/image\\\/\",\"url\":\"https:\\\/\\\/skaitytaknyga.lt\\\/wp-content\\\/uploads\\\/2024\\\/05\\\/cropped-cropped-cropped-02_00843_jt3bggkj1j3HLc7SyY6rEUpg.jpeg\",\"contentUrl\":\"https:\\\/\\\/skaitytaknyga.lt\\\/wp-content\\\/uploads\\\/2024\\\/05\\\/cropped-cropped-cropped-02_00843_jt3bggkj1j3HLc7SyY6rEUpg.jpeg\",\"width\":1600,\"height\":1600,\"caption\":\"skaitytaknyga.lt\"},\"image\":{\"@id\":\"https:\\\/\\\/skaitytaknyga.lt\\\/#\\\/schema\\\/logo\\\/image\\\/\"},\"sameAs\":[\"https:\\\/\\\/www.facebook.com\\\/skaitytaknyga\\\/\"]}]}<\/script>\n<!-- \/ Yoast SEO plugin. -->","yoast_head_json":{"title":"Jean-Paul Sartre \u201eEgzistencializmas \u2013 tai humanizmas\u201c - Skaitytaknyga","description":"Jeano Paulio Sartre'o\u00a0(1905\u20131980) veikalas\u00a0\u201eEgzistencializmas \u2013 tai humanizmas\u201c\u00a0yra paskaita, kuri\u0105 autorius skait\u0117 1945 m. spalio 29 d.  \u201eSusid\u016brusiems su Sartre'o literat\u016briniais ar filosofiniais k\u016briniais \u0161is tekstas leid\u017eia u\u017e\u010diuopti pat\u012f pirm\u0105, dar neapibr\u0117\u017et\u0105, i\u0161 vidaus konflikti\u0161k\u0105 jo intelektualinio gyvenimo pos\u016bkio moment\u0105.\"","robots":{"index":"index","follow":"follow","max-snippet":"max-snippet:-1","max-image-preview":"max-image-preview:large","max-video-preview":"max-video-preview:-1"},"canonical":"https:\/\/skaitytaknyga.lt\/en\/produktas\/jean-paul-sartre-egzistencializmas-tai-humanizmas\/","og_locale":"en_GB","og_type":"article","og_title":"Jean-Paul Sartre \u201eEgzistencializmas \u2013 tai humanizmas\u201c - Skaitytaknyga","og_description":"Jeano Paulio Sartre'o\u00a0(1905\u20131980) veikalas\u00a0\u201eEgzistencializmas \u2013 tai humanizmas\u201c\u00a0yra paskaita, kuri\u0105 autorius skait\u0117 1945 m. spalio 29 d.  \u201eSusid\u016brusiems su Sartre'o literat\u016briniais ar filosofiniais k\u016briniais \u0161is tekstas leid\u017eia u\u017e\u010diuopti pat\u012f pirm\u0105, dar neapibr\u0117\u017et\u0105, i\u0161 vidaus konflikti\u0161k\u0105 jo intelektualinio gyvenimo pos\u016bkio moment\u0105.\"","og_url":"https:\/\/skaitytaknyga.lt\/en\/produktas\/jean-paul-sartre-egzistencializmas-tai-humanizmas\/","og_site_name":"Skaitytaknyga","article_publisher":"https:\/\/www.facebook.com\/skaitytaknyga\/","article_modified_time":"2024-05-04T18:03:20+00:00","og_image":[{"width":277,"height":430,"url":"https:\/\/skaitytaknyga.lt\/wp-content\/uploads\/2024\/05\/1462891013_virselis-egz1.png","type":"image\/png"}],"twitter_card":"summary_large_image","schema":{"@context":"https:\/\/schema.org","@graph":[{"@type":"WebPage","@id":"https:\/\/skaitytaknyga.lt\/produktas\/jean-paul-sartre-egzistencializmas-tai-humanizmas\/","url":"https:\/\/skaitytaknyga.lt\/produktas\/jean-paul-sartre-egzistencializmas-tai-humanizmas\/","name":"Jean-Paul Sartre \u201eEgzistencializmas \u2013 tai humanizmas\u201c - Skaitytaknyga","isPartOf":{"@id":"https:\/\/skaitytaknyga.lt\/#website"},"primaryImageOfPage":{"@id":"https:\/\/skaitytaknyga.lt\/produktas\/jean-paul-sartre-egzistencializmas-tai-humanizmas\/#primaryimage"},"image":{"@id":"https:\/\/skaitytaknyga.lt\/produktas\/jean-paul-sartre-egzistencializmas-tai-humanizmas\/#primaryimage"},"thumbnailUrl":"https:\/\/skaitytaknyga.lt\/wp-content\/uploads\/2024\/05\/1462891013_virselis-egz1.png","datePublished":"2024-05-04T18:01:43+00:00","dateModified":"2024-05-04T18:03:20+00:00","description":"Jeano Paulio Sartre'o\u00a0(1905\u20131980) veikalas\u00a0\u201eEgzistencializmas \u2013 tai humanizmas\u201c\u00a0yra paskaita, kuri\u0105 autorius skait\u0117 1945 m. spalio 29 d. \u201eSusid\u016brusiems su Sartre'o literat\u016briniais ar filosofiniais k\u016briniais \u0161is tekstas leid\u017eia u\u017e\u010diuopti pat\u012f pirm\u0105, dar neapibr\u0117\u017et\u0105, i\u0161 vidaus konflikti\u0161k\u0105 jo intelektualinio gyvenimo pos\u016bkio moment\u0105.\"","breadcrumb":{"@id":"https:\/\/skaitytaknyga.lt\/produktas\/jean-paul-sartre-egzistencializmas-tai-humanizmas\/#breadcrumb"},"inLanguage":"en-GB","potentialAction":[{"@type":"ReadAction","target":["https:\/\/skaitytaknyga.lt\/produktas\/jean-paul-sartre-egzistencializmas-tai-humanizmas\/"]}]},{"@type":"ImageObject","inLanguage":"en-GB","@id":"https:\/\/skaitytaknyga.lt\/produktas\/jean-paul-sartre-egzistencializmas-tai-humanizmas\/#primaryimage","url":"https:\/\/skaitytaknyga.lt\/wp-content\/uploads\/2024\/05\/1462891013_virselis-egz1.png","contentUrl":"https:\/\/skaitytaknyga.lt\/wp-content\/uploads\/2024\/05\/1462891013_virselis-egz1.png","width":277,"height":430},{"@type":"BreadcrumbList","@id":"https:\/\/skaitytaknyga.lt\/produktas\/jean-paul-sartre-egzistencializmas-tai-humanizmas\/#breadcrumb","itemListElement":[{"@type":"ListItem","position":1,"name":"Home","item":"https:\/\/skaitytaknyga.lt\/"},{"@type":"ListItem","position":2,"name":"Parduotuv\u0117","item":"https:\/\/skaitytaknyga.lt\/knygu-parduotuve\/"},{"@type":"ListItem","position":3,"name":"Jean-Paul Sartre \u201eEgzistencializmas \u2013 tai humanizmas\u201c"}]},{"@type":"WebSite","@id":"https:\/\/skaitytaknyga.lt\/#website","url":"https:\/\/skaitytaknyga.lt\/","name":"skaitytaknyga.lt","description":"Skaitytaknyga.lt \u2013 tai ma\u017eas \u0161eimos verslas, kuris prasid\u0117jo nuo meil\u0117s knygoms ir siekio i\u0161gelb\u0117ti knygas nuo likimo prie konteinerio. Kas vienam nereikalingas daiktas \u2013 kitam lobis, o mes esame tarpininkai, kurie padeda abiems tapti laimingesniems ???? \u017dinome kaip nelengva i\u0161gyventi ma\u017eiems verslams, tad nuo \u0161iol, \u010dia rasite ir kit\u0173, ma\u017e\u0173 \u0161eim\u0173 versl\u0173, rank\u0173 darbo, dovan\u0173 sau ir artimiesiems.","publisher":{"@id":"https:\/\/skaitytaknyga.lt\/#organization"},"potentialAction":[{"@type":"SearchAction","target":{"@type":"EntryPoint","urlTemplate":"https:\/\/skaitytaknyga.lt\/?s={search_term_string}"},"query-input":{"@type":"PropertyValueSpecification","valueRequired":true,"valueName":"search_term_string"}}],"inLanguage":"en-GB"},{"@type":"Organization","@id":"https:\/\/skaitytaknyga.lt\/#organization","name":"skaitytaknyga.lt","url":"https:\/\/skaitytaknyga.lt\/","logo":{"@type":"ImageObject","inLanguage":"en-GB","@id":"https:\/\/skaitytaknyga.lt\/#\/schema\/logo\/image\/","url":"https:\/\/skaitytaknyga.lt\/wp-content\/uploads\/2024\/05\/cropped-cropped-cropped-02_00843_jt3bggkj1j3HLc7SyY6rEUpg.jpeg","contentUrl":"https:\/\/skaitytaknyga.lt\/wp-content\/uploads\/2024\/05\/cropped-cropped-cropped-02_00843_jt3bggkj1j3HLc7SyY6rEUpg.jpeg","width":1600,"height":1600,"caption":"skaitytaknyga.lt"},"image":{"@id":"https:\/\/skaitytaknyga.lt\/#\/schema\/logo\/image\/"},"sameAs":["https:\/\/www.facebook.com\/skaitytaknyga\/"]}]}},"_links":{"self":[{"href":"https:\/\/skaitytaknyga.lt\/en\/wp-json\/wp\/v2\/product\/9920","targetHints":{"allow":["GET"]}}],"collection":[{"href":"https:\/\/skaitytaknyga.lt\/en\/wp-json\/wp\/v2\/product"}],"about":[{"href":"https:\/\/skaitytaknyga.lt\/en\/wp-json\/wp\/v2\/types\/product"}],"replies":[{"embeddable":true,"href":"https:\/\/skaitytaknyga.lt\/en\/wp-json\/wp\/v2\/comments?post=9920"}],"wp:featuredmedia":[{"embeddable":true,"href":"https:\/\/skaitytaknyga.lt\/en\/wp-json\/wp\/v2\/media\/9966"}],"wp:attachment":[{"href":"https:\/\/skaitytaknyga.lt\/en\/wp-json\/wp\/v2\/media?parent=9920"}],"wp:term":[{"taxonomy":"product_brand","embeddable":true,"href":"https:\/\/skaitytaknyga.lt\/en\/wp-json\/wp\/v2\/product_brand?post=9920"},{"taxonomy":"product_cat","embeddable":true,"href":"https:\/\/skaitytaknyga.lt\/en\/wp-json\/wp\/v2\/product_cat?post=9920"},{"taxonomy":"product_tag","embeddable":true,"href":"https:\/\/skaitytaknyga.lt\/en\/wp-json\/wp\/v2\/product_tag?post=9920"}],"curies":[{"name":"wp","href":"https:\/\/api.w.org\/{rel}","templated":true}]}}