{"id":9918,"date":"2024-05-04T18:01:43","date_gmt":"2024-05-04T18:01:43","guid":{"rendered":"https:\/\/skaitytaknyga.lt\/?post_type=product&#038;p=9918"},"modified":"2024-05-04T18:03:16","modified_gmt":"2024-05-04T18:03:16","slug":"buk-grazi-grozio-patarimai-mergaitems","status":"publish","type":"product","link":"https:\/\/skaitytaknyga.lt\/en\/produktas\/buk-grazi-grozio-patarimai-mergaitems\/","title":{"rendered":"B\u016bk gra\u017ei. Gro\u017eio patarimai mergait\u0117ms"},"content":{"rendered":"<p>B\u016bk gra\u017ei&#8230; Net jeigu atsirado spuog\u0173 ar neturi idealios supermodelio fig\u016bros. Svarbiausia ne ideal\u016bs matmenys ar i\u0161svajotos spalvos plaukai, o tai, koki\u0105 tu save parodysi ir padarysi!<\/p>\n<p>\u0160ioje knygoje rasi patarim\u0173, kaip pabr\u0117\u017eti privalumus ar susirasti savo stili\u0173, taip pat apie odos ir k\u016bno prie\u017ei\u016br\u0105, makia\u017e\u0105, \u0161ukuosenas, suderint\u0105 i\u0161vaizd\u0105. Profesional\u0173 patarimai pad\u0117s tau sukurti i\u0161skirtin\u012f stili\u0173.<\/p>\n","protected":false},"excerpt":{"rendered":"<p>B\u016bk gra\u017ei&#8230; Net jeigu atsirado spuog\u0173 ar neturi idealios supermodelio fig\u016bros. Svarbiausia ne ideal\u016bs matmenys ar i\u0161svajotos spalvos plaukai, o tai, koki\u0105 tu save parodysi ir padarysi!<\/p>\n<p>\u0160ioje knygoje rasi patarim\u0173, kaip pabr\u0117\u017eti privalumus ar susirasti savo stili\u0173, taip pat apie odos ir k\u016bno prie\u017ei\u016br\u0105, makia\u017e\u0105, \u0161ukuosenas, suderint\u0105 i\u0161vaizd\u0105. Profesional\u0173 patarimai pad\u0117s tau sukurti i\u0161skirtin\u012f stili\u0173.<\/p>\n","protected":false},"featured_media":9964,"comment_status":"closed","ping_status":"closed","template":"","meta":{"_acf_changed":false,"site-sidebar-layout":"default","site-content-layout":"","ast-site-content-layout":"default","site-content-style":"default","site-sidebar-style":"default","ast-global-header-display":"","ast-banner-title-visibility":"","ast-main-header-display":"","ast-hfb-above-header-display":"","ast-hfb-below-header-display":"","ast-hfb-mobile-header-display":"","site-post-title":"","ast-breadcrumbs-content":"","ast-featured-img":"","footer-sml-layout":"","ast-disable-related-posts":"","theme-transparent-header-meta":"","adv-header-id-meta":"","stick-header-meta":"","header-above-stick-meta":"","header-main-stick-meta":"","header-below-stick-meta":"","astra-migrate-meta-layouts":"default","ast-page-background-enabled":"default","ast-page-background-meta":{"desktop":{"background-color":"","background-image":"","background-repeat":"repeat","background-position":"center center","background-size":"auto","background-attachment":"scroll","background-type":"","background-media":"","overlay-type":"","overlay-color":"","overlay-opacity":"","overlay-gradient":""},"tablet":{"background-color":"","background-image":"","background-repeat":"repeat","background-position":"center center","background-size":"auto","background-attachment":"scroll","background-type":"","background-media":"","overlay-type":"","overlay-color":"","overlay-opacity":"","overlay-gradient":""},"mobile":{"background-color":"","background-image":"","background-repeat":"repeat","background-position":"center center","background-size":"auto","background-attachment":"scroll","background-type":"","background-media":"","overlay-type":"","overlay-color":"","overlay-opacity":"","overlay-gradient":""}},"ast-content-background-meta":{"desktop":{"background-color":"var(--ast-global-color-4)","background-image":"","background-repeat":"repeat","background-position":"center center","background-size":"auto","background-attachment":"scroll","background-type":"","background-media":"","overlay-type":"","overlay-color":"","overlay-opacity":"","overlay-gradient":""},"tablet":{"background-color":"var(--ast-global-color-4)","background-image":"","background-repeat":"repeat","background-position":"center center","background-size":"auto","background-attachment":"scroll","background-type":"","background-media":"","overlay-type":"","overlay-color":"","overlay-opacity":"","overlay-gradient":""},"mobile":{"background-color":"var(--ast-global-color-4)","background-image":"","background-repeat":"repeat","background-position":"center center","background-size":"auto","background-attachment":"scroll","background-type":"","background-media":"","overlay-type":"","overlay-color":"","overlay-opacity":"","overlay-gradient":""}}},"product_brand":[],"product_cat":[36],"product_tag":[],"class_list":{"0":"post-9918","1":"product","2":"type-product","3":"status-publish","4":"has-post-thumbnail","6":"product_cat-makiazas-ir-apranga","7":"desktop-align-left","8":"tablet-align-left","9":"mobile-align-left","11":"first","12":"instock","13":"shipping-taxable","14":"purchasable","15":"product-type-simple"},"acf":[],"yoast_head":"<!-- This site is optimized with the Yoast SEO plugin v27.0 - https:\/\/yoast.com\/product\/yoast-seo-wordpress\/ -->\n<title>B\u016bk gra\u017ei. Gro\u017eio patarimai mergait\u0117ms - Skaitytaknyga<\/title>\n<meta name=\"description\" content=\"B\u016bk gra\u017ei... Net jeigu atsirado spuog\u0173 ar neturi idealios supermodelio fig\u016bros. Svarbiausia ne ideal\u016bs matmenys ar i\u0161svajotos spalvos plaukai, o tai, koki\u0105 tu save parodysi ir padarysi!  \u0160ioje knygoje rasi patarim\u0173, kaip pabr\u0117\u017eti privalumus ar susirasti savo stili\u0173, taip pat apie odos ir k\u016bno prie\u017ei\u016br\u0105, makia\u017e\u0105, \u0161ukuosenas, suderint\u0105 i\u0161vaizd\u0105. Profesional\u0173 patarimai pad\u0117s tau sukurti i\u0161skirtin\u012f stili\u0173.\" \/>\n<meta name=\"robots\" content=\"index, follow, max-snippet:-1, max-image-preview:large, max-video-preview:-1\" \/>\n<link rel=\"canonical\" href=\"https:\/\/skaitytaknyga.lt\/en\/produktas\/buk-grazi-grozio-patarimai-mergaitems\/\" \/>\n<meta property=\"og:locale\" content=\"en_GB\" \/>\n<meta property=\"og:locale:alternate\" content=\"lt_LT\" \/>\n<meta property=\"og:type\" content=\"article\" \/>\n<meta property=\"og:title\" content=\"B\u016bk gra\u017ei. Gro\u017eio patarimai mergait\u0117ms - Skaitytaknyga\" \/>\n<meta property=\"og:description\" content=\"B\u016bk gra\u017ei... Net jeigu atsirado spuog\u0173 ar neturi idealios supermodelio fig\u016bros. Svarbiausia ne ideal\u016bs matmenys ar i\u0161svajotos spalvos plaukai, o tai, koki\u0105 tu save parodysi ir padarysi!  \u0160ioje knygoje rasi patarim\u0173, kaip pabr\u0117\u017eti privalumus ar susirasti savo stili\u0173, taip pat apie odos ir k\u016bno prie\u017ei\u016br\u0105, makia\u017e\u0105, \u0161ukuosenas, suderint\u0105 i\u0161vaizd\u0105. Profesional\u0173 patarimai pad\u0117s tau sukurti i\u0161skirtin\u012f stili\u0173.\" \/>\n<meta property=\"og:url\" content=\"https:\/\/skaitytaknyga.lt\/en\/produktas\/buk-grazi-grozio-patarimai-mergaitems\/\" \/>\n<meta property=\"og:site_name\" content=\"Skaitytaknyga\" \/>\n<meta property=\"article:publisher\" content=\"https:\/\/www.facebook.com\/skaitytaknyga\/\" \/>\n<meta property=\"article:modified_time\" content=\"2024-05-04T18:03:16+00:00\" \/>\n<meta property=\"og:image\" content=\"https:\/\/skaitytaknyga.lt\/wp-content\/uploads\/2024\/05\/1462878707_img.jpg\" \/>\n\t<meta property=\"og:image:width\" content=\"320\" \/>\n\t<meta property=\"og:image:height\" content=\"406\" \/>\n\t<meta property=\"og:image:type\" content=\"image\/jpeg\" \/>\n<meta name=\"twitter:card\" content=\"summary_large_image\" \/>\n<script type=\"application\/ld+json\" class=\"yoast-schema-graph\">{\"@context\":\"https:\/\/schema.org\",\"@graph\":[{\"@type\":\"WebPage\",\"@id\":\"https:\/\/skaitytaknyga.lt\/produktas\/buk-grazi-grozio-patarimai-mergaitems\/\",\"url\":\"https:\/\/skaitytaknyga.lt\/produktas\/buk-grazi-grozio-patarimai-mergaitems\/\",\"name\":\"B\u016bk gra\u017ei. Gro\u017eio patarimai mergait\u0117ms - Skaitytaknyga\",\"isPartOf\":{\"@id\":\"https:\/\/skaitytaknyga.lt\/#website\"},\"primaryImageOfPage\":{\"@id\":\"https:\/\/skaitytaknyga.lt\/produktas\/buk-grazi-grozio-patarimai-mergaitems\/#primaryimage\"},\"image\":{\"@id\":\"https:\/\/skaitytaknyga.lt\/produktas\/buk-grazi-grozio-patarimai-mergaitems\/#primaryimage\"},\"thumbnailUrl\":\"https:\/\/skaitytaknyga.lt\/wp-content\/uploads\/2024\/05\/1462878707_img.jpg\",\"datePublished\":\"2024-05-04T18:01:43+00:00\",\"dateModified\":\"2024-05-04T18:03:16+00:00\",\"description\":\"B\u016bk gra\u017ei... Net jeigu atsirado spuog\u0173 ar neturi idealios supermodelio fig\u016bros. Svarbiausia ne ideal\u016bs matmenys ar i\u0161svajotos spalvos plaukai, o tai, koki\u0105 tu save parodysi ir padarysi! \u0160ioje knygoje rasi patarim\u0173, kaip pabr\u0117\u017eti privalumus ar susirasti savo stili\u0173, taip pat apie odos ir k\u016bno prie\u017ei\u016br\u0105, makia\u017e\u0105, \u0161ukuosenas, suderint\u0105 i\u0161vaizd\u0105. Profesional\u0173 patarimai pad\u0117s tau sukurti i\u0161skirtin\u012f stili\u0173.\",\"breadcrumb\":{\"@id\":\"https:\/\/skaitytaknyga.lt\/produktas\/buk-grazi-grozio-patarimai-mergaitems\/#breadcrumb\"},\"inLanguage\":\"en-GB\",\"potentialAction\":[{\"@type\":\"ReadAction\",\"target\":[\"https:\/\/skaitytaknyga.lt\/produktas\/buk-grazi-grozio-patarimai-mergaitems\/\"]}]},{\"@type\":\"ImageObject\",\"inLanguage\":\"en-GB\",\"@id\":\"https:\/\/skaitytaknyga.lt\/produktas\/buk-grazi-grozio-patarimai-mergaitems\/#primaryimage\",\"url\":\"https:\/\/skaitytaknyga.lt\/wp-content\/uploads\/2024\/05\/1462878707_img.jpg\",\"contentUrl\":\"https:\/\/skaitytaknyga.lt\/wp-content\/uploads\/2024\/05\/1462878707_img.jpg\",\"width\":320,\"height\":406},{\"@type\":\"BreadcrumbList\",\"@id\":\"https:\/\/skaitytaknyga.lt\/produktas\/buk-grazi-grozio-patarimai-mergaitems\/#breadcrumb\",\"itemListElement\":[{\"@type\":\"ListItem\",\"position\":1,\"name\":\"Home\",\"item\":\"https:\/\/skaitytaknyga.lt\/\"},{\"@type\":\"ListItem\",\"position\":2,\"name\":\"Parduotuv\u0117\",\"item\":\"https:\/\/skaitytaknyga.lt\/knygu-parduotuve\/\"},{\"@type\":\"ListItem\",\"position\":3,\"name\":\"B\u016bk gra\u017ei. Gro\u017eio patarimai mergait\u0117ms\"}]},{\"@type\":\"WebSite\",\"@id\":\"https:\/\/skaitytaknyga.lt\/#website\",\"url\":\"https:\/\/skaitytaknyga.lt\/\",\"name\":\"skaitytaknyga.lt\",\"description\":\"Skaitytaknyga.lt \u2013 tai ma\u017eas \u0161eimos verslas, kuris prasid\u0117jo nuo meil\u0117s knygoms ir siekio i\u0161gelb\u0117ti knygas nuo likimo prie konteinerio. Kas vienam nereikalingas daiktas \u2013 kitam lobis, o mes esame tarpininkai, kurie padeda abiems tapti laimingesniems ???? \u017dinome kaip nelengva i\u0161gyventi ma\u017eiems verslams, tad nuo \u0161iol, \u010dia rasite ir kit\u0173, ma\u017e\u0173 \u0161eim\u0173 versl\u0173, rank\u0173 darbo, dovan\u0173 sau ir artimiesiems.\",\"publisher\":{\"@id\":\"https:\/\/skaitytaknyga.lt\/#organization\"},\"potentialAction\":[{\"@type\":\"SearchAction\",\"target\":{\"@type\":\"EntryPoint\",\"urlTemplate\":\"https:\/\/skaitytaknyga.lt\/?s={search_term_string}\"},\"query-input\":{\"@type\":\"PropertyValueSpecification\",\"valueRequired\":true,\"valueName\":\"search_term_string\"}}],\"inLanguage\":\"en-GB\"},{\"@type\":\"Organization\",\"@id\":\"https:\/\/skaitytaknyga.lt\/#organization\",\"name\":\"skaitytaknyga.lt\",\"url\":\"https:\/\/skaitytaknyga.lt\/\",\"logo\":{\"@type\":\"ImageObject\",\"inLanguage\":\"en-GB\",\"@id\":\"https:\/\/skaitytaknyga.lt\/#\/schema\/logo\/image\/\",\"url\":\"https:\/\/skaitytaknyga.lt\/wp-content\/uploads\/2024\/05\/cropped-cropped-cropped-02_00843_jt3bggkj1j3HLc7SyY6rEUpg.jpeg\",\"contentUrl\":\"https:\/\/skaitytaknyga.lt\/wp-content\/uploads\/2024\/05\/cropped-cropped-cropped-02_00843_jt3bggkj1j3HLc7SyY6rEUpg.jpeg\",\"width\":1600,\"height\":1600,\"caption\":\"skaitytaknyga.lt\"},\"image\":{\"@id\":\"https:\/\/skaitytaknyga.lt\/#\/schema\/logo\/image\/\"},\"sameAs\":[\"https:\/\/www.facebook.com\/skaitytaknyga\/\"]}]}<\/script>\n<!-- \/ Yoast SEO plugin. -->","yoast_head_json":{"title":"B\u016bk gra\u017ei. Gro\u017eio patarimai mergait\u0117ms - Skaitytaknyga","description":"B\u016bk gra\u017ei... Net jeigu atsirado spuog\u0173 ar neturi idealios supermodelio fig\u016bros. Svarbiausia ne ideal\u016bs matmenys ar i\u0161svajotos spalvos plaukai, o tai, koki\u0105 tu save parodysi ir padarysi!  \u0160ioje knygoje rasi patarim\u0173, kaip pabr\u0117\u017eti privalumus ar susirasti savo stili\u0173, taip pat apie odos ir k\u016bno prie\u017ei\u016br\u0105, makia\u017e\u0105, \u0161ukuosenas, suderint\u0105 i\u0161vaizd\u0105. Profesional\u0173 patarimai pad\u0117s tau sukurti i\u0161skirtin\u012f stili\u0173.","robots":{"index":"index","follow":"follow","max-snippet":"max-snippet:-1","max-image-preview":"max-image-preview:large","max-video-preview":"max-video-preview:-1"},"canonical":"https:\/\/skaitytaknyga.lt\/en\/produktas\/buk-grazi-grozio-patarimai-mergaitems\/","og_locale":"en_GB","og_type":"article","og_title":"B\u016bk gra\u017ei. Gro\u017eio patarimai mergait\u0117ms - Skaitytaknyga","og_description":"B\u016bk gra\u017ei... Net jeigu atsirado spuog\u0173 ar neturi idealios supermodelio fig\u016bros. Svarbiausia ne ideal\u016bs matmenys ar i\u0161svajotos spalvos plaukai, o tai, koki\u0105 tu save parodysi ir padarysi!  \u0160ioje knygoje rasi patarim\u0173, kaip pabr\u0117\u017eti privalumus ar susirasti savo stili\u0173, taip pat apie odos ir k\u016bno prie\u017ei\u016br\u0105, makia\u017e\u0105, \u0161ukuosenas, suderint\u0105 i\u0161vaizd\u0105. Profesional\u0173 patarimai pad\u0117s tau sukurti i\u0161skirtin\u012f stili\u0173.","og_url":"https:\/\/skaitytaknyga.lt\/en\/produktas\/buk-grazi-grozio-patarimai-mergaitems\/","og_site_name":"Skaitytaknyga","article_publisher":"https:\/\/www.facebook.com\/skaitytaknyga\/","article_modified_time":"2024-05-04T18:03:16+00:00","og_image":[{"width":320,"height":406,"url":"https:\/\/skaitytaknyga.lt\/wp-content\/uploads\/2024\/05\/1462878707_img.jpg","type":"image\/jpeg"}],"twitter_card":"summary_large_image","schema":{"@context":"https:\/\/schema.org","@graph":[{"@type":"WebPage","@id":"https:\/\/skaitytaknyga.lt\/produktas\/buk-grazi-grozio-patarimai-mergaitems\/","url":"https:\/\/skaitytaknyga.lt\/produktas\/buk-grazi-grozio-patarimai-mergaitems\/","name":"B\u016bk gra\u017ei. Gro\u017eio patarimai mergait\u0117ms - Skaitytaknyga","isPartOf":{"@id":"https:\/\/skaitytaknyga.lt\/#website"},"primaryImageOfPage":{"@id":"https:\/\/skaitytaknyga.lt\/produktas\/buk-grazi-grozio-patarimai-mergaitems\/#primaryimage"},"image":{"@id":"https:\/\/skaitytaknyga.lt\/produktas\/buk-grazi-grozio-patarimai-mergaitems\/#primaryimage"},"thumbnailUrl":"https:\/\/skaitytaknyga.lt\/wp-content\/uploads\/2024\/05\/1462878707_img.jpg","datePublished":"2024-05-04T18:01:43+00:00","dateModified":"2024-05-04T18:03:16+00:00","description":"B\u016bk gra\u017ei... Net jeigu atsirado spuog\u0173 ar neturi idealios supermodelio fig\u016bros. Svarbiausia ne ideal\u016bs matmenys ar i\u0161svajotos spalvos plaukai, o tai, koki\u0105 tu save parodysi ir padarysi! \u0160ioje knygoje rasi patarim\u0173, kaip pabr\u0117\u017eti privalumus ar susirasti savo stili\u0173, taip pat apie odos ir k\u016bno prie\u017ei\u016br\u0105, makia\u017e\u0105, \u0161ukuosenas, suderint\u0105 i\u0161vaizd\u0105. Profesional\u0173 patarimai pad\u0117s tau sukurti i\u0161skirtin\u012f stili\u0173.","breadcrumb":{"@id":"https:\/\/skaitytaknyga.lt\/produktas\/buk-grazi-grozio-patarimai-mergaitems\/#breadcrumb"},"inLanguage":"en-GB","potentialAction":[{"@type":"ReadAction","target":["https:\/\/skaitytaknyga.lt\/produktas\/buk-grazi-grozio-patarimai-mergaitems\/"]}]},{"@type":"ImageObject","inLanguage":"en-GB","@id":"https:\/\/skaitytaknyga.lt\/produktas\/buk-grazi-grozio-patarimai-mergaitems\/#primaryimage","url":"https:\/\/skaitytaknyga.lt\/wp-content\/uploads\/2024\/05\/1462878707_img.jpg","contentUrl":"https:\/\/skaitytaknyga.lt\/wp-content\/uploads\/2024\/05\/1462878707_img.jpg","width":320,"height":406},{"@type":"BreadcrumbList","@id":"https:\/\/skaitytaknyga.lt\/produktas\/buk-grazi-grozio-patarimai-mergaitems\/#breadcrumb","itemListElement":[{"@type":"ListItem","position":1,"name":"Home","item":"https:\/\/skaitytaknyga.lt\/"},{"@type":"ListItem","position":2,"name":"Parduotuv\u0117","item":"https:\/\/skaitytaknyga.lt\/knygu-parduotuve\/"},{"@type":"ListItem","position":3,"name":"B\u016bk gra\u017ei. Gro\u017eio patarimai mergait\u0117ms"}]},{"@type":"WebSite","@id":"https:\/\/skaitytaknyga.lt\/#website","url":"https:\/\/skaitytaknyga.lt\/","name":"skaitytaknyga.lt","description":"Skaitytaknyga.lt \u2013 tai ma\u017eas \u0161eimos verslas, kuris prasid\u0117jo nuo meil\u0117s knygoms ir siekio i\u0161gelb\u0117ti knygas nuo likimo prie konteinerio. Kas vienam nereikalingas daiktas \u2013 kitam lobis, o mes esame tarpininkai, kurie padeda abiems tapti laimingesniems ???? \u017dinome kaip nelengva i\u0161gyventi ma\u017eiems verslams, tad nuo \u0161iol, \u010dia rasite ir kit\u0173, ma\u017e\u0173 \u0161eim\u0173 versl\u0173, rank\u0173 darbo, dovan\u0173 sau ir artimiesiems.","publisher":{"@id":"https:\/\/skaitytaknyga.lt\/#organization"},"potentialAction":[{"@type":"SearchAction","target":{"@type":"EntryPoint","urlTemplate":"https:\/\/skaitytaknyga.lt\/?s={search_term_string}"},"query-input":{"@type":"PropertyValueSpecification","valueRequired":true,"valueName":"search_term_string"}}],"inLanguage":"en-GB"},{"@type":"Organization","@id":"https:\/\/skaitytaknyga.lt\/#organization","name":"skaitytaknyga.lt","url":"https:\/\/skaitytaknyga.lt\/","logo":{"@type":"ImageObject","inLanguage":"en-GB","@id":"https:\/\/skaitytaknyga.lt\/#\/schema\/logo\/image\/","url":"https:\/\/skaitytaknyga.lt\/wp-content\/uploads\/2024\/05\/cropped-cropped-cropped-02_00843_jt3bggkj1j3HLc7SyY6rEUpg.jpeg","contentUrl":"https:\/\/skaitytaknyga.lt\/wp-content\/uploads\/2024\/05\/cropped-cropped-cropped-02_00843_jt3bggkj1j3HLc7SyY6rEUpg.jpeg","width":1600,"height":1600,"caption":"skaitytaknyga.lt"},"image":{"@id":"https:\/\/skaitytaknyga.lt\/#\/schema\/logo\/image\/"},"sameAs":["https:\/\/www.facebook.com\/skaitytaknyga\/"]}]}},"_links":{"self":[{"href":"https:\/\/skaitytaknyga.lt\/en\/wp-json\/wp\/v2\/product\/9918","targetHints":{"allow":["GET"]}}],"collection":[{"href":"https:\/\/skaitytaknyga.lt\/en\/wp-json\/wp\/v2\/product"}],"about":[{"href":"https:\/\/skaitytaknyga.lt\/en\/wp-json\/wp\/v2\/types\/product"}],"replies":[{"embeddable":true,"href":"https:\/\/skaitytaknyga.lt\/en\/wp-json\/wp\/v2\/comments?post=9918"}],"wp:featuredmedia":[{"embeddable":true,"href":"https:\/\/skaitytaknyga.lt\/en\/wp-json\/wp\/v2\/media\/9964"}],"wp:attachment":[{"href":"https:\/\/skaitytaknyga.lt\/en\/wp-json\/wp\/v2\/media?parent=9918"}],"wp:term":[{"taxonomy":"product_brand","embeddable":true,"href":"https:\/\/skaitytaknyga.lt\/en\/wp-json\/wp\/v2\/product_brand?post=9918"},{"taxonomy":"product_cat","embeddable":true,"href":"https:\/\/skaitytaknyga.lt\/en\/wp-json\/wp\/v2\/product_cat?post=9918"},{"taxonomy":"product_tag","embeddable":true,"href":"https:\/\/skaitytaknyga.lt\/en\/wp-json\/wp\/v2\/product_tag?post=9918"}],"curies":[{"name":"wp","href":"https:\/\/api.w.org\/{rel}","templated":true}]}}