{"id":9915,"date":"2024-05-04T21:01:42","date_gmt":"2024-05-04T18:01:42","guid":{"rendered":"https:\/\/skaitytaknyga.lt\/?post_type=product&#038;p=9915"},"modified":"2025-05-21T09:42:11","modified_gmt":"2025-05-21T06:42:11","slug":"sapnu-simboliai","status":"publish","type":"product","link":"https:\/\/skaitytaknyga.lt\/en\/produktas\/sapnu-simboliai\/","title":{"rendered":"Sapn\u0173 simboliai"},"content":{"rendered":"<p>Daugiau kaip 2000 logi\u0161kai ir kompetetingai paai\u0161kint\u0173 s\u0105vok\u0173. \u0160iuolaikini\u0173 sapn\u0173 simboli\u0173 (pvz., \u201ekompiuteris\u201c, \u201eatogr\u0105\u017e\u0173 mi\u0161kai\u201c, \u201esmurfai\u201c ir kt.) interpretacija.<\/p>\n<p>Klausberndo Folmaro sudarytas \u017einynas leid\u017eia naujai interpretuoti sapn\u0173 simbolius. Tai patikimas patar\u0117jas ir puikus pagalbininkas visiems, kas nori suvokti sapn\u0173 simboli\u0173 prasm\u0119.<\/p>\n","protected":false},"excerpt":{"rendered":"<p>Daugiau kaip 2000 logi\u0161kai ir kompetetingai paai\u0161kint\u0173 s\u0105vok\u0173. \u0160iuolaikini\u0173 sapn\u0173 simboli\u0173 (pvz., \u201ekompiuteris\u201c, \u201eatogr\u0105\u017e\u0173 mi\u0161kai\u201c, \u201esmurfai\u201c ir kt.) interpretacija.<\/p>\n<p>Klausberndo Folmaro sudarytas \u017einynas leid\u017eia naujai interpretuoti sapn\u0173 simbolius. Tai patikimas patar\u0117jas ir puikus pagalbininkas visiems, kas nori suvokti sapn\u0173 simboli\u0173 prasm\u0119.<\/p>\n","protected":false},"featured_media":9961,"comment_status":"closed","ping_status":"closed","template":"","meta":{"_acf_changed":false,"site-sidebar-layout":"default","site-content-layout":"","ast-site-content-layout":"default","site-content-style":"default","site-sidebar-style":"default","ast-global-header-display":"","ast-banner-title-visibility":"","ast-main-header-display":"","ast-hfb-above-header-display":"","ast-hfb-below-header-display":"","ast-hfb-mobile-header-display":"","site-post-title":"","ast-breadcrumbs-content":"","ast-featured-img":"","footer-sml-layout":"","ast-disable-related-posts":"","theme-transparent-header-meta":"","adv-header-id-meta":"","stick-header-meta":"","header-above-stick-meta":"","header-main-stick-meta":"","header-below-stick-meta":"","astra-migrate-meta-layouts":"default","ast-page-background-enabled":"default","ast-page-background-meta":{"desktop":{"background-color":"","background-image":"","background-repeat":"repeat","background-position":"center center","background-size":"auto","background-attachment":"scroll","background-type":"","background-media":"","overlay-type":"","overlay-color":"","overlay-opacity":"","overlay-gradient":""},"tablet":{"background-color":"","background-image":"","background-repeat":"repeat","background-position":"center center","background-size":"auto","background-attachment":"scroll","background-type":"","background-media":"","overlay-type":"","overlay-color":"","overlay-opacity":"","overlay-gradient":""},"mobile":{"background-color":"","background-image":"","background-repeat":"repeat","background-position":"center center","background-size":"auto","background-attachment":"scroll","background-type":"","background-media":"","overlay-type":"","overlay-color":"","overlay-opacity":"","overlay-gradient":""}},"ast-content-background-meta":{"desktop":{"background-color":"var(--ast-global-color-4)","background-image":"","background-repeat":"repeat","background-position":"center center","background-size":"auto","background-attachment":"scroll","background-type":"","background-media":"","overlay-type":"","overlay-color":"","overlay-opacity":"","overlay-gradient":""},"tablet":{"background-color":"var(--ast-global-color-4)","background-image":"","background-repeat":"repeat","background-position":"center center","background-size":"auto","background-attachment":"scroll","background-type":"","background-media":"","overlay-type":"","overlay-color":"","overlay-opacity":"","overlay-gradient":""},"mobile":{"background-color":"var(--ast-global-color-4)","background-image":"","background-repeat":"repeat","background-position":"center center","background-size":"auto","background-attachment":"scroll","background-type":"","background-media":"","overlay-type":"","overlay-color":"","overlay-opacity":"","overlay-gradient":""}}},"product_brand":[],"product_cat":[165],"product_tag":[],"class_list":{"0":"post-9915","1":"product","2":"type-product","3":"status-publish","4":"has-post-thumbnail","6":"product_cat-religija-filosofija-ir-ezoterika","7":"desktop-align-left","8":"tablet-align-left","9":"mobile-align-left","11":"first","12":"outofstock","13":"shipping-taxable","14":"purchasable","15":"product-type-simple"},"acf":[],"yoast_head":"<!-- This site is optimized with the Yoast SEO plugin v27.0 - https:\/\/yoast.com\/product\/yoast-seo-wordpress\/ -->\n<title>Sapn\u0173 simboliai<\/title>\n<meta name=\"description\" content=\"Daugiau kaip 2000 logi\u0161kai ir kompetetingai paai\u0161kint\u0173 s\u0105vok\u0173. \u0160iuolaikini\u0173 sapn\u0173 simboli\u0173 (pvz., \u201ekompiuteris\u201c, \u201eatogr\u0105\u017e\u0173 mi\u0161kai\u201c, \u201esmurfai\u201c ir kt.) interpretacija. Klausberndo Folmaro sudarytas \u017einynas leid\u017eia naujai interpretuoti sapn\u0173 simbolius. Tai patikimas patar\u0117jas ir puikus pagalbininkas visiems, kas nori suvokti sapn\u0173 simboli\u0173 prasm\u0119.\" \/>\n<meta name=\"robots\" content=\"index, follow, max-snippet:-1, max-image-preview:large, max-video-preview:-1\" \/>\n<link rel=\"canonical\" href=\"https:\/\/skaitytaknyga.lt\/en\/produktas\/sapnu-simboliai\/\" \/>\n<meta property=\"og:locale\" content=\"en_GB\" \/>\n<meta property=\"og:locale:alternate\" content=\"lt_LT\" \/>\n<meta property=\"og:type\" content=\"article\" \/>\n<meta property=\"og:title\" content=\"Sapn\u0173 simboliai\" \/>\n<meta property=\"og:description\" content=\"Daugiau kaip 2000 logi\u0161kai ir kompetetingai paai\u0161kint\u0173 s\u0105vok\u0173. \u0160iuolaikini\u0173 sapn\u0173 simboli\u0173 (pvz., \u201ekompiuteris\u201c, \u201eatogr\u0105\u017e\u0173 mi\u0161kai\u201c, \u201esmurfai\u201c ir kt.) interpretacija. Klausberndo Folmaro sudarytas \u017einynas leid\u017eia naujai interpretuoti sapn\u0173 simbolius. Tai patikimas patar\u0117jas ir puikus pagalbininkas visiems, kas nori suvokti sapn\u0173 simboli\u0173 prasm\u0119.\" \/>\n<meta property=\"og:url\" content=\"https:\/\/skaitytaknyga.lt\/en\/produktas\/sapnu-simboliai\/\" \/>\n<meta property=\"og:site_name\" content=\"Skaitytaknyga\" \/>\n<meta property=\"article:publisher\" content=\"https:\/\/www.facebook.com\/skaitytaknyga\/\" \/>\n<meta property=\"article:modified_time\" content=\"2025-05-21T06:42:11+00:00\" \/>\n<meta property=\"og:image\" content=\"https:\/\/skaitytaknyga.lt\/wp-content\/uploads\/2024\/05\/1462874380_sapnu-simboliai.jpg\" \/>\n\t<meta property=\"og:image:width\" content=\"291\" \/>\n\t<meta property=\"og:image:height\" content=\"430\" \/>\n\t<meta property=\"og:image:type\" content=\"image\/jpeg\" \/>\n<meta name=\"twitter:card\" content=\"summary_large_image\" \/>\n<script type=\"application\/ld+json\" class=\"yoast-schema-graph\">{\"@context\":\"https:\/\/schema.org\",\"@graph\":[{\"@type\":\"WebPage\",\"@id\":\"https:\/\/skaitytaknyga.lt\/produktas\/sapnu-simboliai\/\",\"url\":\"https:\/\/skaitytaknyga.lt\/produktas\/sapnu-simboliai\/\",\"name\":\"Sapn\u0173 simboliai\",\"isPartOf\":{\"@id\":\"https:\/\/skaitytaknyga.lt\/#website\"},\"primaryImageOfPage\":{\"@id\":\"https:\/\/skaitytaknyga.lt\/produktas\/sapnu-simboliai\/#primaryimage\"},\"image\":{\"@id\":\"https:\/\/skaitytaknyga.lt\/produktas\/sapnu-simboliai\/#primaryimage\"},\"thumbnailUrl\":\"https:\/\/skaitytaknyga.lt\/wp-content\/uploads\/2024\/05\/1462874380_sapnu-simboliai.jpg\",\"datePublished\":\"2024-05-04T18:01:42+00:00\",\"dateModified\":\"2025-05-21T06:42:11+00:00\",\"description\":\"Daugiau kaip 2000 logi\u0161kai ir kompetetingai paai\u0161kint\u0173 s\u0105vok\u0173. \u0160iuolaikini\u0173 sapn\u0173 simboli\u0173 (pvz., \u201ekompiuteris\u201c, \u201eatogr\u0105\u017e\u0173 mi\u0161kai\u201c, \u201esmurfai\u201c ir kt.) interpretacija. Klausberndo Folmaro sudarytas \u017einynas leid\u017eia naujai interpretuoti sapn\u0173 simbolius. Tai patikimas patar\u0117jas ir puikus pagalbininkas visiems, kas nori suvokti sapn\u0173 simboli\u0173 prasm\u0119.\",\"breadcrumb\":{\"@id\":\"https:\/\/skaitytaknyga.lt\/produktas\/sapnu-simboliai\/#breadcrumb\"},\"inLanguage\":\"en-GB\",\"potentialAction\":[{\"@type\":\"ReadAction\",\"target\":[\"https:\/\/skaitytaknyga.lt\/produktas\/sapnu-simboliai\/\"]}]},{\"@type\":\"ImageObject\",\"inLanguage\":\"en-GB\",\"@id\":\"https:\/\/skaitytaknyga.lt\/produktas\/sapnu-simboliai\/#primaryimage\",\"url\":\"https:\/\/skaitytaknyga.lt\/wp-content\/uploads\/2024\/05\/1462874380_sapnu-simboliai.jpg\",\"contentUrl\":\"https:\/\/skaitytaknyga.lt\/wp-content\/uploads\/2024\/05\/1462874380_sapnu-simboliai.jpg\",\"width\":291,\"height\":430},{\"@type\":\"BreadcrumbList\",\"@id\":\"https:\/\/skaitytaknyga.lt\/produktas\/sapnu-simboliai\/#breadcrumb\",\"itemListElement\":[{\"@type\":\"ListItem\",\"position\":1,\"name\":\"Home\",\"item\":\"https:\/\/skaitytaknyga.lt\/\"},{\"@type\":\"ListItem\",\"position\":2,\"name\":\"Parduotuv\u0117\",\"item\":\"https:\/\/skaitytaknyga.lt\/knygu-parduotuve\/\"},{\"@type\":\"ListItem\",\"position\":3,\"name\":\"Sapn\u0173 simboliai\"}]},{\"@type\":\"WebSite\",\"@id\":\"https:\/\/skaitytaknyga.lt\/#website\",\"url\":\"https:\/\/skaitytaknyga.lt\/\",\"name\":\"skaitytaknyga.lt\",\"description\":\"Skaitytaknyga.lt \u2013 tai ma\u017eas \u0161eimos verslas, kuris prasid\u0117jo nuo meil\u0117s knygoms ir siekio i\u0161gelb\u0117ti knygas nuo likimo prie konteinerio. Kas vienam nereikalingas daiktas \u2013 kitam lobis, o mes esame tarpininkai, kurie padeda abiems tapti laimingesniems ???? \u017dinome kaip nelengva i\u0161gyventi ma\u017eiems verslams, tad nuo \u0161iol, \u010dia rasite ir kit\u0173, ma\u017e\u0173 \u0161eim\u0173 versl\u0173, rank\u0173 darbo, dovan\u0173 sau ir artimiesiems.\",\"publisher\":{\"@id\":\"https:\/\/skaitytaknyga.lt\/#organization\"},\"potentialAction\":[{\"@type\":\"SearchAction\",\"target\":{\"@type\":\"EntryPoint\",\"urlTemplate\":\"https:\/\/skaitytaknyga.lt\/?s={search_term_string}\"},\"query-input\":{\"@type\":\"PropertyValueSpecification\",\"valueRequired\":true,\"valueName\":\"search_term_string\"}}],\"inLanguage\":\"en-GB\"},{\"@type\":\"Organization\",\"@id\":\"https:\/\/skaitytaknyga.lt\/#organization\",\"name\":\"skaitytaknyga.lt\",\"url\":\"https:\/\/skaitytaknyga.lt\/\",\"logo\":{\"@type\":\"ImageObject\",\"inLanguage\":\"en-GB\",\"@id\":\"https:\/\/skaitytaknyga.lt\/#\/schema\/logo\/image\/\",\"url\":\"https:\/\/skaitytaknyga.lt\/wp-content\/uploads\/2024\/05\/cropped-cropped-cropped-02_00843_jt3bggkj1j3HLc7SyY6rEUpg.jpeg\",\"contentUrl\":\"https:\/\/skaitytaknyga.lt\/wp-content\/uploads\/2024\/05\/cropped-cropped-cropped-02_00843_jt3bggkj1j3HLc7SyY6rEUpg.jpeg\",\"width\":1600,\"height\":1600,\"caption\":\"skaitytaknyga.lt\"},\"image\":{\"@id\":\"https:\/\/skaitytaknyga.lt\/#\/schema\/logo\/image\/\"},\"sameAs\":[\"https:\/\/www.facebook.com\/skaitytaknyga\/\"]}]}<\/script>\n<!-- \/ Yoast SEO plugin. -->","yoast_head_json":{"title":"Sapn\u0173 simboliai","description":"Daugiau kaip 2000 logi\u0161kai ir kompetetingai paai\u0161kint\u0173 s\u0105vok\u0173. \u0160iuolaikini\u0173 sapn\u0173 simboli\u0173 (pvz., \u201ekompiuteris\u201c, \u201eatogr\u0105\u017e\u0173 mi\u0161kai\u201c, \u201esmurfai\u201c ir kt.) interpretacija. Klausberndo Folmaro sudarytas \u017einynas leid\u017eia naujai interpretuoti sapn\u0173 simbolius. Tai patikimas patar\u0117jas ir puikus pagalbininkas visiems, kas nori suvokti sapn\u0173 simboli\u0173 prasm\u0119.","robots":{"index":"index","follow":"follow","max-snippet":"max-snippet:-1","max-image-preview":"max-image-preview:large","max-video-preview":"max-video-preview:-1"},"canonical":"https:\/\/skaitytaknyga.lt\/en\/produktas\/sapnu-simboliai\/","og_locale":"en_GB","og_type":"article","og_title":"[:lt]Sapn\u0173 simboliai[:] - Skaitytaknyga","og_description":"Daugiau kaip 2000 logi\u0161kai ir kompetetingai paai\u0161kint\u0173 s\u0105vok\u0173. \u0160iuolaikini\u0173 sapn\u0173 simboli\u0173 (pvz., \u201ekompiuteris\u201c, \u201eatogr\u0105\u017e\u0173 mi\u0161kai\u201c, \u201esmurfai\u201c ir kt.) interpretacija. Klausberndo Folmaro sudarytas \u017einynas leid\u017eia naujai interpretuoti sapn\u0173 simbolius. Tai patikimas patar\u0117jas ir puikus pagalbininkas visiems, kas nori suvokti sapn\u0173 simboli\u0173 prasm\u0119.","og_url":"https:\/\/skaitytaknyga.lt\/en\/produktas\/sapnu-simboliai\/","og_site_name":"Skaitytaknyga","article_publisher":"https:\/\/www.facebook.com\/skaitytaknyga\/","article_modified_time":"2025-05-21T06:42:11+00:00","og_image":[{"width":291,"height":430,"url":"https:\/\/skaitytaknyga.lt\/wp-content\/uploads\/2024\/05\/1462874380_sapnu-simboliai.jpg","type":"image\/jpeg"}],"twitter_card":"summary_large_image","schema":{"@context":"https:\/\/schema.org","@graph":[{"@type":"WebPage","@id":"https:\/\/skaitytaknyga.lt\/produktas\/sapnu-simboliai\/","url":"https:\/\/skaitytaknyga.lt\/produktas\/sapnu-simboliai\/","name":"Sapn\u0173 simboliai","isPartOf":{"@id":"https:\/\/skaitytaknyga.lt\/#website"},"primaryImageOfPage":{"@id":"https:\/\/skaitytaknyga.lt\/produktas\/sapnu-simboliai\/#primaryimage"},"image":{"@id":"https:\/\/skaitytaknyga.lt\/produktas\/sapnu-simboliai\/#primaryimage"},"thumbnailUrl":"https:\/\/skaitytaknyga.lt\/wp-content\/uploads\/2024\/05\/1462874380_sapnu-simboliai.jpg","datePublished":"2024-05-04T18:01:42+00:00","dateModified":"2025-05-21T06:42:11+00:00","description":"Daugiau kaip 2000 logi\u0161kai ir kompetetingai paai\u0161kint\u0173 s\u0105vok\u0173. \u0160iuolaikini\u0173 sapn\u0173 simboli\u0173 (pvz., \u201ekompiuteris\u201c, \u201eatogr\u0105\u017e\u0173 mi\u0161kai\u201c, \u201esmurfai\u201c ir kt.) interpretacija. Klausberndo Folmaro sudarytas \u017einynas leid\u017eia naujai interpretuoti sapn\u0173 simbolius. Tai patikimas patar\u0117jas ir puikus pagalbininkas visiems, kas nori suvokti sapn\u0173 simboli\u0173 prasm\u0119.","breadcrumb":{"@id":"https:\/\/skaitytaknyga.lt\/produktas\/sapnu-simboliai\/#breadcrumb"},"inLanguage":"en-GB","potentialAction":[{"@type":"ReadAction","target":["https:\/\/skaitytaknyga.lt\/produktas\/sapnu-simboliai\/"]}]},{"@type":"ImageObject","inLanguage":"en-GB","@id":"https:\/\/skaitytaknyga.lt\/produktas\/sapnu-simboliai\/#primaryimage","url":"https:\/\/skaitytaknyga.lt\/wp-content\/uploads\/2024\/05\/1462874380_sapnu-simboliai.jpg","contentUrl":"https:\/\/skaitytaknyga.lt\/wp-content\/uploads\/2024\/05\/1462874380_sapnu-simboliai.jpg","width":291,"height":430},{"@type":"BreadcrumbList","@id":"https:\/\/skaitytaknyga.lt\/produktas\/sapnu-simboliai\/#breadcrumb","itemListElement":[{"@type":"ListItem","position":1,"name":"Home","item":"https:\/\/skaitytaknyga.lt\/"},{"@type":"ListItem","position":2,"name":"Parduotuv\u0117","item":"https:\/\/skaitytaknyga.lt\/knygu-parduotuve\/"},{"@type":"ListItem","position":3,"name":"Sapn\u0173 simboliai"}]},{"@type":"WebSite","@id":"https:\/\/skaitytaknyga.lt\/#website","url":"https:\/\/skaitytaknyga.lt\/","name":"skaitytaknyga.lt","description":"Skaitytaknyga.lt \u2013 tai ma\u017eas \u0161eimos verslas, kuris prasid\u0117jo nuo meil\u0117s knygoms ir siekio i\u0161gelb\u0117ti knygas nuo likimo prie konteinerio. Kas vienam nereikalingas daiktas \u2013 kitam lobis, o mes esame tarpininkai, kurie padeda abiems tapti laimingesniems ???? \u017dinome kaip nelengva i\u0161gyventi ma\u017eiems verslams, tad nuo \u0161iol, \u010dia rasite ir kit\u0173, ma\u017e\u0173 \u0161eim\u0173 versl\u0173, rank\u0173 darbo, dovan\u0173 sau ir artimiesiems.","publisher":{"@id":"https:\/\/skaitytaknyga.lt\/#organization"},"potentialAction":[{"@type":"SearchAction","target":{"@type":"EntryPoint","urlTemplate":"https:\/\/skaitytaknyga.lt\/?s={search_term_string}"},"query-input":{"@type":"PropertyValueSpecification","valueRequired":true,"valueName":"search_term_string"}}],"inLanguage":"en-GB"},{"@type":"Organization","@id":"https:\/\/skaitytaknyga.lt\/#organization","name":"skaitytaknyga.lt","url":"https:\/\/skaitytaknyga.lt\/","logo":{"@type":"ImageObject","inLanguage":"en-GB","@id":"https:\/\/skaitytaknyga.lt\/#\/schema\/logo\/image\/","url":"https:\/\/skaitytaknyga.lt\/wp-content\/uploads\/2024\/05\/cropped-cropped-cropped-02_00843_jt3bggkj1j3HLc7SyY6rEUpg.jpeg","contentUrl":"https:\/\/skaitytaknyga.lt\/wp-content\/uploads\/2024\/05\/cropped-cropped-cropped-02_00843_jt3bggkj1j3HLc7SyY6rEUpg.jpeg","width":1600,"height":1600,"caption":"skaitytaknyga.lt"},"image":{"@id":"https:\/\/skaitytaknyga.lt\/#\/schema\/logo\/image\/"},"sameAs":["https:\/\/www.facebook.com\/skaitytaknyga\/"]}]}},"_links":{"self":[{"href":"https:\/\/skaitytaknyga.lt\/en\/wp-json\/wp\/v2\/product\/9915","targetHints":{"allow":["GET"]}}],"collection":[{"href":"https:\/\/skaitytaknyga.lt\/en\/wp-json\/wp\/v2\/product"}],"about":[{"href":"https:\/\/skaitytaknyga.lt\/en\/wp-json\/wp\/v2\/types\/product"}],"replies":[{"embeddable":true,"href":"https:\/\/skaitytaknyga.lt\/en\/wp-json\/wp\/v2\/comments?post=9915"}],"wp:featuredmedia":[{"embeddable":true,"href":"https:\/\/skaitytaknyga.lt\/en\/wp-json\/wp\/v2\/media\/9961"}],"wp:attachment":[{"href":"https:\/\/skaitytaknyga.lt\/en\/wp-json\/wp\/v2\/media?parent=9915"}],"wp:term":[{"taxonomy":"product_brand","embeddable":true,"href":"https:\/\/skaitytaknyga.lt\/en\/wp-json\/wp\/v2\/product_brand?post=9915"},{"taxonomy":"product_cat","embeddable":true,"href":"https:\/\/skaitytaknyga.lt\/en\/wp-json\/wp\/v2\/product_cat?post=9915"},{"taxonomy":"product_tag","embeddable":true,"href":"https:\/\/skaitytaknyga.lt\/en\/wp-json\/wp\/v2\/product_tag?post=9915"}],"curies":[{"name":"wp","href":"https:\/\/api.w.org\/{rel}","templated":true}]}}