{"id":9902,"date":"2024-05-04T21:01:20","date_gmt":"2024-05-04T18:01:20","guid":{"rendered":"https:\/\/skaitytaknyga.lt\/?post_type=product&#038;p=9902"},"modified":"2024-12-18T15:07:54","modified_gmt":"2024-12-18T13:07:54","slug":"mazasis-timis-futbolo-zvaigzde-yra-skaitymo-zymiu","status":"publish","type":"product","link":"https:\/\/skaitytaknyga.lt\/en\/produktas\/mazasis-timis-futbolo-zvaigzde-yra-skaitymo-zymiu\/","title":{"rendered":"Ma\u017easis Timis &#8211; futbolo \u017evaig\u017ed\u0117"},"content":{"rendered":"<div>Ma\u017easis Timis Kahilas labai nori patekti \u012f mokyklos futbolo komand\u0105. Ta\u010diau yra viena b\u0117da \u2013 visi j\u012f nustumia, paki\u0161a koj\u0105 ir nuolat atima kamuol\u012f. Gal jis tiesiog per ma\u017eo \u016bgio, kad gal\u0117t\u0173 \u017eaisti su kitais vaikais&#8230;<br \/>\nTimis kuo skubiau turi tapti stipresnis ir auk\u0161tesnis! B\u016btent tada, kai labiausiai reikia, berniukas atranda vien\u0105 nuostab\u0173 savo geb\u0117jim\u0105!<br \/>\nAr Tim\u012f priims \u012f komand\u0105? Perskaityk istorij\u0105 apie futbolo legend\u0105 Tim\u012f Kahil\u0105 ir su\u017einosi!<\/div>\n<div>\nKnyga skirta 6-9 met\u0173 vaikams.<\/div>\n","protected":false},"excerpt":{"rendered":"<div>Ma\u017easis Timis Kahilas labai nori patekti \u012f mokyklos futbolo komand\u0105. Ta\u010diau yra viena b\u0117da \u2013 visi j\u012f nustumia, paki\u0161a koj\u0105 ir nuolat atima kamuol\u012f. Gal jis tiesiog per ma\u017eo \u016bgio, kad gal\u0117t\u0173 \u017eaisti su kitais vaikais&#8230;<br \/>\nTimis kuo skubiau turi tapti stipresnis ir auk\u0161tesnis! B\u016btent tada, kai labiausiai reikia, berniukas atranda vien\u0105 nuostab\u0173 savo geb\u0117jim\u0105!<br \/>\nAr Tim\u012f priims \u012f komand\u0105? Perskaityk istorij\u0105 apie futbolo legend\u0105 Tim\u012f Kahil\u0105 ir su\u017einosi!<\/div>\n<div>\nKnyga skirta 6-9 met\u0173 vaikams.<\/div>\n","protected":false},"featured_media":9950,"comment_status":"closed","ping_status":"closed","template":"","meta":{"_acf_changed":false,"site-sidebar-layout":"default","site-content-layout":"","ast-site-content-layout":"default","site-content-style":"default","site-sidebar-style":"default","ast-global-header-display":"","ast-banner-title-visibility":"","ast-main-header-display":"","ast-hfb-above-header-display":"","ast-hfb-below-header-display":"","ast-hfb-mobile-header-display":"","site-post-title":"","ast-breadcrumbs-content":"","ast-featured-img":"","footer-sml-layout":"","ast-disable-related-posts":"","theme-transparent-header-meta":"","adv-header-id-meta":"","stick-header-meta":"","header-above-stick-meta":"","header-main-stick-meta":"","header-below-stick-meta":"","astra-migrate-meta-layouts":"default","ast-page-background-enabled":"default","ast-page-background-meta":{"desktop":{"background-color":"","background-image":"","background-repeat":"repeat","background-position":"center center","background-size":"auto","background-attachment":"scroll","background-type":"","background-media":"","overlay-type":"","overlay-color":"","overlay-opacity":"","overlay-gradient":""},"tablet":{"background-color":"","background-image":"","background-repeat":"repeat","background-position":"center center","background-size":"auto","background-attachment":"scroll","background-type":"","background-media":"","overlay-type":"","overlay-color":"","overlay-opacity":"","overlay-gradient":""},"mobile":{"background-color":"","background-image":"","background-repeat":"repeat","background-position":"center center","background-size":"auto","background-attachment":"scroll","background-type":"","background-media":"","overlay-type":"","overlay-color":"","overlay-opacity":"","overlay-gradient":""}},"ast-content-background-meta":{"desktop":{"background-color":"var(--ast-global-color-4)","background-image":"","background-repeat":"repeat","background-position":"center center","background-size":"auto","background-attachment":"scroll","background-type":"","background-media":"","overlay-type":"","overlay-color":"","overlay-opacity":"","overlay-gradient":""},"tablet":{"background-color":"var(--ast-global-color-4)","background-image":"","background-repeat":"repeat","background-position":"center center","background-size":"auto","background-attachment":"scroll","background-type":"","background-media":"","overlay-type":"","overlay-color":"","overlay-opacity":"","overlay-gradient":""},"mobile":{"background-color":"var(--ast-global-color-4)","background-image":"","background-repeat":"repeat","background-position":"center center","background-size":"auto","background-attachment":"scroll","background-type":"","background-media":"","overlay-type":"","overlay-color":"","overlay-opacity":"","overlay-gradient":""}}},"product_brand":[],"product_cat":[35],"product_tag":[],"class_list":{"0":"post-9902","1":"product","2":"type-product","3":"status-publish","4":"has-post-thumbnail","6":"product_cat-vaikams-ir-paaugliams","7":"pa_leidimo-metai-766","8":"desktop-align-left","9":"tablet-align-left","10":"mobile-align-left","12":"first","13":"instock","14":"shipping-taxable","15":"purchasable","16":"product-type-simple"},"acf":[],"yoast_head":"<!-- This site is optimized with the Yoast SEO plugin v27.0 - https:\/\/yoast.com\/product\/yoast-seo-wordpress\/ -->\n<title>Ma\u017easis Timis - futbolo \u017evaig\u017ed\u0117<\/title>\n<meta name=\"description\" content=\"Ma\u017easis Timis Kahilas labai nori patekti \u012f mokyklos futbolo komand\u0105. Ta\u010diau yra viena b\u0117da \u2013 visi j\u012f nustumia, paki\u0161a koj\u0105 ir nuolat atima kamuol\u012f. Gal jis tiesiog per ma\u017eo \u016bgio, kad gal\u0117t\u0173 \u017eaisti su kitais vaikais... Timis kuo skubiau turi tapti stipresnis ir auk\u0161tesnis! B\u016btent tada, kai labiausiai reikia, berniukas atranda vien\u0105 nuostab\u0173 savo geb\u0117jim\u0105! Ar Tim\u012f priims \u012f komand\u0105? Perskaityk istorij\u0105 apie futbolo legend\u0105 Tim\u012f Kahil\u0105 ir su\u017einosi!  Knyga skirta 6-9 met\u0173 vaikams.\" \/>\n<meta name=\"robots\" content=\"index, follow, max-snippet:-1, max-image-preview:large, max-video-preview:-1\" \/>\n<link rel=\"canonical\" href=\"https:\/\/skaitytaknyga.lt\/en\/produktas\/mazasis-timis-futbolo-zvaigzde-yra-skaitymo-zymiu\/\" \/>\n<meta property=\"og:locale\" content=\"en_GB\" \/>\n<meta property=\"og:locale:alternate\" content=\"lt_LT\" \/>\n<meta property=\"og:type\" content=\"article\" \/>\n<meta property=\"og:title\" content=\"Ma\u017easis Timis - futbolo \u017evaig\u017ed\u0117\" \/>\n<meta property=\"og:description\" content=\"Ma\u017easis Timis Kahilas labai nori patekti \u012f mokyklos futbolo komand\u0105. Ta\u010diau yra viena b\u0117da \u2013 visi j\u012f nustumia, paki\u0161a koj\u0105 ir nuolat atima kamuol\u012f. Gal jis tiesiog per ma\u017eo \u016bgio, kad gal\u0117t\u0173 \u017eaisti su kitais vaikais... Timis kuo skubiau turi tapti stipresnis ir auk\u0161tesnis! B\u016btent tada, kai labiausiai reikia, berniukas atranda vien\u0105 nuostab\u0173 savo geb\u0117jim\u0105! Ar Tim\u012f priims \u012f komand\u0105? Perskaityk istorij\u0105 apie futbolo legend\u0105 Tim\u012f Kahil\u0105 ir su\u017einosi!  Knyga skirta 6-9 met\u0173 vaikams.\" \/>\n<meta property=\"og:url\" content=\"https:\/\/skaitytaknyga.lt\/en\/produktas\/mazasis-timis-futbolo-zvaigzde-yra-skaitymo-zymiu\/\" \/>\n<meta property=\"og:site_name\" content=\"Skaitytaknyga\" \/>\n<meta property=\"article:publisher\" content=\"https:\/\/www.facebook.com\/skaitytaknyga\/\" \/>\n<meta property=\"article:modified_time\" content=\"2024-12-18T13:07:54+00:00\" \/>\n<meta property=\"og:image\" content=\"https:\/\/skaitytaknyga.lt\/wp-content\/uploads\/2024\/05\/000000000001112250-5ee773c9562ed-asset-knyguklubas-mazasis-timis_futbolo-zvaigzde.jpg\" \/>\n\t<meta property=\"og:image:width\" content=\"439\" \/>\n\t<meta property=\"og:image:height\" content=\"600\" \/>\n\t<meta property=\"og:image:type\" content=\"image\/jpeg\" \/>\n<meta name=\"twitter:card\" content=\"summary_large_image\" \/>\n<script type=\"application\/ld+json\" class=\"yoast-schema-graph\">{\"@context\":\"https:\/\/schema.org\",\"@graph\":[{\"@type\":\"WebPage\",\"@id\":\"https:\/\/skaitytaknyga.lt\/produktas\/mazasis-timis-futbolo-zvaigzde-yra-skaitymo-zymiu\/\",\"url\":\"https:\/\/skaitytaknyga.lt\/produktas\/mazasis-timis-futbolo-zvaigzde-yra-skaitymo-zymiu\/\",\"name\":\"Ma\u017easis Timis - futbolo \u017evaig\u017ed\u0117\",\"isPartOf\":{\"@id\":\"https:\/\/skaitytaknyga.lt\/#website\"},\"primaryImageOfPage\":{\"@id\":\"https:\/\/skaitytaknyga.lt\/produktas\/mazasis-timis-futbolo-zvaigzde-yra-skaitymo-zymiu\/#primaryimage\"},\"image\":{\"@id\":\"https:\/\/skaitytaknyga.lt\/produktas\/mazasis-timis-futbolo-zvaigzde-yra-skaitymo-zymiu\/#primaryimage\"},\"thumbnailUrl\":\"https:\/\/skaitytaknyga.lt\/wp-content\/uploads\/2024\/05\/000000000001112250-5ee773c9562ed-asset-knyguklubas-mazasis-timis_futbolo-zvaigzde.jpg\",\"datePublished\":\"2024-05-04T18:01:20+00:00\",\"dateModified\":\"2024-12-18T13:07:54+00:00\",\"description\":\"Ma\u017easis Timis Kahilas labai nori patekti \u012f mokyklos futbolo komand\u0105. Ta\u010diau yra viena b\u0117da \u2013 visi j\u012f nustumia, paki\u0161a koj\u0105 ir nuolat atima kamuol\u012f. Gal jis tiesiog per ma\u017eo \u016bgio, kad gal\u0117t\u0173 \u017eaisti su kitais vaikais... Timis kuo skubiau turi tapti stipresnis ir auk\u0161tesnis! B\u016btent tada, kai labiausiai reikia, berniukas atranda vien\u0105 nuostab\u0173 savo geb\u0117jim\u0105! Ar Tim\u012f priims \u012f komand\u0105? Perskaityk istorij\u0105 apie futbolo legend\u0105 Tim\u012f Kahil\u0105 ir su\u017einosi! Knyga skirta 6-9 met\u0173 vaikams.\",\"breadcrumb\":{\"@id\":\"https:\/\/skaitytaknyga.lt\/produktas\/mazasis-timis-futbolo-zvaigzde-yra-skaitymo-zymiu\/#breadcrumb\"},\"inLanguage\":\"en-GB\",\"potentialAction\":[{\"@type\":\"ReadAction\",\"target\":[\"https:\/\/skaitytaknyga.lt\/produktas\/mazasis-timis-futbolo-zvaigzde-yra-skaitymo-zymiu\/\"]}]},{\"@type\":\"ImageObject\",\"inLanguage\":\"en-GB\",\"@id\":\"https:\/\/skaitytaknyga.lt\/produktas\/mazasis-timis-futbolo-zvaigzde-yra-skaitymo-zymiu\/#primaryimage\",\"url\":\"https:\/\/skaitytaknyga.lt\/wp-content\/uploads\/2024\/05\/000000000001112250-5ee773c9562ed-asset-knyguklubas-mazasis-timis_futbolo-zvaigzde.jpg\",\"contentUrl\":\"https:\/\/skaitytaknyga.lt\/wp-content\/uploads\/2024\/05\/000000000001112250-5ee773c9562ed-asset-knyguklubas-mazasis-timis_futbolo-zvaigzde.jpg\",\"width\":439,\"height\":600},{\"@type\":\"BreadcrumbList\",\"@id\":\"https:\/\/skaitytaknyga.lt\/produktas\/mazasis-timis-futbolo-zvaigzde-yra-skaitymo-zymiu\/#breadcrumb\",\"itemListElement\":[{\"@type\":\"ListItem\",\"position\":1,\"name\":\"Home\",\"item\":\"https:\/\/skaitytaknyga.lt\/\"},{\"@type\":\"ListItem\",\"position\":2,\"name\":\"Parduotuv\u0117\",\"item\":\"https:\/\/skaitytaknyga.lt\/knygu-parduotuve\/\"},{\"@type\":\"ListItem\",\"position\":3,\"name\":\"Ma\u017easis Timis &#8211; futbolo \u017evaig\u017ed\u0117\"}]},{\"@type\":\"WebSite\",\"@id\":\"https:\/\/skaitytaknyga.lt\/#website\",\"url\":\"https:\/\/skaitytaknyga.lt\/\",\"name\":\"skaitytaknyga.lt\",\"description\":\"Skaitytaknyga.lt \u2013 tai ma\u017eas \u0161eimos verslas, kuris prasid\u0117jo nuo meil\u0117s knygoms ir siekio i\u0161gelb\u0117ti knygas nuo likimo prie konteinerio. Kas vienam nereikalingas daiktas \u2013 kitam lobis, o mes esame tarpininkai, kurie padeda abiems tapti laimingesniems ???? \u017dinome kaip nelengva i\u0161gyventi ma\u017eiems verslams, tad nuo \u0161iol, \u010dia rasite ir kit\u0173, ma\u017e\u0173 \u0161eim\u0173 versl\u0173, rank\u0173 darbo, dovan\u0173 sau ir artimiesiems.\",\"publisher\":{\"@id\":\"https:\/\/skaitytaknyga.lt\/#organization\"},\"potentialAction\":[{\"@type\":\"SearchAction\",\"target\":{\"@type\":\"EntryPoint\",\"urlTemplate\":\"https:\/\/skaitytaknyga.lt\/?s={search_term_string}\"},\"query-input\":{\"@type\":\"PropertyValueSpecification\",\"valueRequired\":true,\"valueName\":\"search_term_string\"}}],\"inLanguage\":\"en-GB\"},{\"@type\":\"Organization\",\"@id\":\"https:\/\/skaitytaknyga.lt\/#organization\",\"name\":\"skaitytaknyga.lt\",\"url\":\"https:\/\/skaitytaknyga.lt\/\",\"logo\":{\"@type\":\"ImageObject\",\"inLanguage\":\"en-GB\",\"@id\":\"https:\/\/skaitytaknyga.lt\/#\/schema\/logo\/image\/\",\"url\":\"https:\/\/skaitytaknyga.lt\/wp-content\/uploads\/2024\/05\/cropped-cropped-cropped-02_00843_jt3bggkj1j3HLc7SyY6rEUpg.jpeg\",\"contentUrl\":\"https:\/\/skaitytaknyga.lt\/wp-content\/uploads\/2024\/05\/cropped-cropped-cropped-02_00843_jt3bggkj1j3HLc7SyY6rEUpg.jpeg\",\"width\":1600,\"height\":1600,\"caption\":\"skaitytaknyga.lt\"},\"image\":{\"@id\":\"https:\/\/skaitytaknyga.lt\/#\/schema\/logo\/image\/\"},\"sameAs\":[\"https:\/\/www.facebook.com\/skaitytaknyga\/\"]}]}<\/script>\n<!-- \/ Yoast SEO plugin. -->","yoast_head_json":{"title":"Ma\u017easis Timis - futbolo \u017evaig\u017ed\u0117","description":"Ma\u017easis Timis Kahilas labai nori patekti \u012f mokyklos futbolo komand\u0105. Ta\u010diau yra viena b\u0117da \u2013 visi j\u012f nustumia, paki\u0161a koj\u0105 ir nuolat atima kamuol\u012f. Gal jis tiesiog per ma\u017eo \u016bgio, kad gal\u0117t\u0173 \u017eaisti su kitais vaikais... Timis kuo skubiau turi tapti stipresnis ir auk\u0161tesnis! B\u016btent tada, kai labiausiai reikia, berniukas atranda vien\u0105 nuostab\u0173 savo geb\u0117jim\u0105! Ar Tim\u012f priims \u012f komand\u0105? Perskaityk istorij\u0105 apie futbolo legend\u0105 Tim\u012f Kahil\u0105 ir su\u017einosi!  Knyga skirta 6-9 met\u0173 vaikams.","robots":{"index":"index","follow":"follow","max-snippet":"max-snippet:-1","max-image-preview":"max-image-preview:large","max-video-preview":"max-video-preview:-1"},"canonical":"https:\/\/skaitytaknyga.lt\/en\/produktas\/mazasis-timis-futbolo-zvaigzde-yra-skaitymo-zymiu\/","og_locale":"en_GB","og_type":"article","og_title":"[:lt]Ma\u017easis Timis - futbolo \u017evaig\u017ed\u0117[:] - Skaitytaknyga","og_description":"Ma\u017easis Timis Kahilas labai nori patekti \u012f mokyklos futbolo komand\u0105. Ta\u010diau yra viena b\u0117da \u2013 visi j\u012f nustumia, paki\u0161a koj\u0105 ir nuolat atima kamuol\u012f. Gal jis tiesiog per ma\u017eo \u016bgio, kad gal\u0117t\u0173 \u017eaisti su kitais vaikais... Timis kuo skubiau turi tapti stipresnis ir auk\u0161tesnis! B\u016btent tada, kai labiausiai reikia, berniukas atranda vien\u0105 nuostab\u0173 savo geb\u0117jim\u0105! Ar Tim\u012f priims \u012f komand\u0105? Perskaityk istorij\u0105 apie futbolo legend\u0105 Tim\u012f Kahil\u0105 ir su\u017einosi!  Knyga skirta 6-9 met\u0173 vaikams.","og_url":"https:\/\/skaitytaknyga.lt\/en\/produktas\/mazasis-timis-futbolo-zvaigzde-yra-skaitymo-zymiu\/","og_site_name":"Skaitytaknyga","article_publisher":"https:\/\/www.facebook.com\/skaitytaknyga\/","article_modified_time":"2024-12-18T13:07:54+00:00","og_image":[{"width":439,"height":600,"url":"https:\/\/skaitytaknyga.lt\/wp-content\/uploads\/2024\/05\/000000000001112250-5ee773c9562ed-asset-knyguklubas-mazasis-timis_futbolo-zvaigzde.jpg","type":"image\/jpeg"}],"twitter_card":"summary_large_image","schema":{"@context":"https:\/\/schema.org","@graph":[{"@type":"WebPage","@id":"https:\/\/skaitytaknyga.lt\/produktas\/mazasis-timis-futbolo-zvaigzde-yra-skaitymo-zymiu\/","url":"https:\/\/skaitytaknyga.lt\/produktas\/mazasis-timis-futbolo-zvaigzde-yra-skaitymo-zymiu\/","name":"Ma\u017easis Timis - futbolo \u017evaig\u017ed\u0117","isPartOf":{"@id":"https:\/\/skaitytaknyga.lt\/#website"},"primaryImageOfPage":{"@id":"https:\/\/skaitytaknyga.lt\/produktas\/mazasis-timis-futbolo-zvaigzde-yra-skaitymo-zymiu\/#primaryimage"},"image":{"@id":"https:\/\/skaitytaknyga.lt\/produktas\/mazasis-timis-futbolo-zvaigzde-yra-skaitymo-zymiu\/#primaryimage"},"thumbnailUrl":"https:\/\/skaitytaknyga.lt\/wp-content\/uploads\/2024\/05\/000000000001112250-5ee773c9562ed-asset-knyguklubas-mazasis-timis_futbolo-zvaigzde.jpg","datePublished":"2024-05-04T18:01:20+00:00","dateModified":"2024-12-18T13:07:54+00:00","description":"Ma\u017easis Timis Kahilas labai nori patekti \u012f mokyklos futbolo komand\u0105. Ta\u010diau yra viena b\u0117da \u2013 visi j\u012f nustumia, paki\u0161a koj\u0105 ir nuolat atima kamuol\u012f. Gal jis tiesiog per ma\u017eo \u016bgio, kad gal\u0117t\u0173 \u017eaisti su kitais vaikais... Timis kuo skubiau turi tapti stipresnis ir auk\u0161tesnis! B\u016btent tada, kai labiausiai reikia, berniukas atranda vien\u0105 nuostab\u0173 savo geb\u0117jim\u0105! Ar Tim\u012f priims \u012f komand\u0105? Perskaityk istorij\u0105 apie futbolo legend\u0105 Tim\u012f Kahil\u0105 ir su\u017einosi! Knyga skirta 6-9 met\u0173 vaikams.","breadcrumb":{"@id":"https:\/\/skaitytaknyga.lt\/produktas\/mazasis-timis-futbolo-zvaigzde-yra-skaitymo-zymiu\/#breadcrumb"},"inLanguage":"en-GB","potentialAction":[{"@type":"ReadAction","target":["https:\/\/skaitytaknyga.lt\/produktas\/mazasis-timis-futbolo-zvaigzde-yra-skaitymo-zymiu\/"]}]},{"@type":"ImageObject","inLanguage":"en-GB","@id":"https:\/\/skaitytaknyga.lt\/produktas\/mazasis-timis-futbolo-zvaigzde-yra-skaitymo-zymiu\/#primaryimage","url":"https:\/\/skaitytaknyga.lt\/wp-content\/uploads\/2024\/05\/000000000001112250-5ee773c9562ed-asset-knyguklubas-mazasis-timis_futbolo-zvaigzde.jpg","contentUrl":"https:\/\/skaitytaknyga.lt\/wp-content\/uploads\/2024\/05\/000000000001112250-5ee773c9562ed-asset-knyguklubas-mazasis-timis_futbolo-zvaigzde.jpg","width":439,"height":600},{"@type":"BreadcrumbList","@id":"https:\/\/skaitytaknyga.lt\/produktas\/mazasis-timis-futbolo-zvaigzde-yra-skaitymo-zymiu\/#breadcrumb","itemListElement":[{"@type":"ListItem","position":1,"name":"Home","item":"https:\/\/skaitytaknyga.lt\/"},{"@type":"ListItem","position":2,"name":"Parduotuv\u0117","item":"https:\/\/skaitytaknyga.lt\/knygu-parduotuve\/"},{"@type":"ListItem","position":3,"name":"Ma\u017easis Timis &#8211; futbolo \u017evaig\u017ed\u0117"}]},{"@type":"WebSite","@id":"https:\/\/skaitytaknyga.lt\/#website","url":"https:\/\/skaitytaknyga.lt\/","name":"skaitytaknyga.lt","description":"Skaitytaknyga.lt \u2013 tai ma\u017eas \u0161eimos verslas, kuris prasid\u0117jo nuo meil\u0117s knygoms ir siekio i\u0161gelb\u0117ti knygas nuo likimo prie konteinerio. Kas vienam nereikalingas daiktas \u2013 kitam lobis, o mes esame tarpininkai, kurie padeda abiems tapti laimingesniems ???? \u017dinome kaip nelengva i\u0161gyventi ma\u017eiems verslams, tad nuo \u0161iol, \u010dia rasite ir kit\u0173, ma\u017e\u0173 \u0161eim\u0173 versl\u0173, rank\u0173 darbo, dovan\u0173 sau ir artimiesiems.","publisher":{"@id":"https:\/\/skaitytaknyga.lt\/#organization"},"potentialAction":[{"@type":"SearchAction","target":{"@type":"EntryPoint","urlTemplate":"https:\/\/skaitytaknyga.lt\/?s={search_term_string}"},"query-input":{"@type":"PropertyValueSpecification","valueRequired":true,"valueName":"search_term_string"}}],"inLanguage":"en-GB"},{"@type":"Organization","@id":"https:\/\/skaitytaknyga.lt\/#organization","name":"skaitytaknyga.lt","url":"https:\/\/skaitytaknyga.lt\/","logo":{"@type":"ImageObject","inLanguage":"en-GB","@id":"https:\/\/skaitytaknyga.lt\/#\/schema\/logo\/image\/","url":"https:\/\/skaitytaknyga.lt\/wp-content\/uploads\/2024\/05\/cropped-cropped-cropped-02_00843_jt3bggkj1j3HLc7SyY6rEUpg.jpeg","contentUrl":"https:\/\/skaitytaknyga.lt\/wp-content\/uploads\/2024\/05\/cropped-cropped-cropped-02_00843_jt3bggkj1j3HLc7SyY6rEUpg.jpeg","width":1600,"height":1600,"caption":"skaitytaknyga.lt"},"image":{"@id":"https:\/\/skaitytaknyga.lt\/#\/schema\/logo\/image\/"},"sameAs":["https:\/\/www.facebook.com\/skaitytaknyga\/"]}]}},"_links":{"self":[{"href":"https:\/\/skaitytaknyga.lt\/en\/wp-json\/wp\/v2\/product\/9902","targetHints":{"allow":["GET"]}}],"collection":[{"href":"https:\/\/skaitytaknyga.lt\/en\/wp-json\/wp\/v2\/product"}],"about":[{"href":"https:\/\/skaitytaknyga.lt\/en\/wp-json\/wp\/v2\/types\/product"}],"replies":[{"embeddable":true,"href":"https:\/\/skaitytaknyga.lt\/en\/wp-json\/wp\/v2\/comments?post=9902"}],"wp:featuredmedia":[{"embeddable":true,"href":"https:\/\/skaitytaknyga.lt\/en\/wp-json\/wp\/v2\/media\/9950"}],"wp:attachment":[{"href":"https:\/\/skaitytaknyga.lt\/en\/wp-json\/wp\/v2\/media?parent=9902"}],"wp:term":[{"taxonomy":"product_brand","embeddable":true,"href":"https:\/\/skaitytaknyga.lt\/en\/wp-json\/wp\/v2\/product_brand?post=9902"},{"taxonomy":"product_cat","embeddable":true,"href":"https:\/\/skaitytaknyga.lt\/en\/wp-json\/wp\/v2\/product_cat?post=9902"},{"taxonomy":"product_tag","embeddable":true,"href":"https:\/\/skaitytaknyga.lt\/en\/wp-json\/wp\/v2\/product_tag?post=9902"}],"curies":[{"name":"wp","href":"https:\/\/api.w.org\/{rel}","templated":true}]}}