{"id":9886,"date":"2024-05-04T18:00:36","date_gmt":"2024-05-04T18:00:36","guid":{"rendered":"https:\/\/skaitytaknyga.lt\/?post_type=product&#038;p=9886"},"modified":"2026-03-18T14:59:59","modified_gmt":"2026-03-18T12:59:59","slug":"europos-auksas-lietuvai-1936-1939-m-kronika","status":"publish","type":"product","link":"https:\/\/skaitytaknyga.lt\/en\/produktas\/europos-auksas-lietuvai-1936-1939-m-kronika\/","title":{"rendered":"Europos auksas Lietuvai, 1936-1939 m. kronika"},"content":{"rendered":"<div class=\"book-descript-wrapper\">\n<section class=\"product-descript more-content-wrapper\">\n<div class=\"\">\n<div>\n<p>Sensacingos ir skambios Nemuno kra\u0161to moter\u0173 ir vyr\u0173 krep\u0161inio nacionalini\u0173 rinktini\u0173 pergal\u0117s 1937-1939 metais did\u017eiai stebino Europ\u0105. Senojo \u017eemyno \u010dempion\u0173 (meisterio) vardai, vice\u010dempkm\u0117s &#8211; Lietuvos moter\u0173 ekipos \u201esidabras&#8221; I kontinento \u010dempionate &#8211; tai nepakartojami \u017eygdarbiai, kurie \u012fkvepia jaunus \u017emones naujiems \u017eygiams ir \u0161iandien.<\/p>\n<p>\u0160ioje knygoje &#8220;Europos auksas Lietuvai, 1936-1939 m. kronika&#8221; dar kart\u0105 prisiminsime m\u016bs\u0173 krep\u0161inink\u0173 pergali\u0173 keli\u0105 \u017e\u016btb\u016btin\u0117se kovose. Su pasidid\u017eiavimu \u012fvertinsime audring\u0105 ir galing\u0105 did\u017eiojo krep\u0161inio pl\u0117tros prad\u017ei\u0105 respublikoje. Neveltui \u0161iandien krep\u0161inis laikomas lietuvi\u0173 tautiniu \u017eaidimu, j\u0173 gyvenimo dalimi &#8211; antr\u0105ja religija.<\/p>\n<p>Leidinys \u201eEuropos auksas Lietuvai&#8221; yra trumpa iliustruota nuotraukomis, draugi\u0161kais \u0161ar\u017eais ir karikat\u016bromis 1936-1939 met\u0173 krep\u0161inio kronika, kurioje satyros ir humoro laikra\u0161tis \u201eKuntaplis&#8221; \u012fterpia ir savo pasteb\u0117jimus, nuogirdas, nu\u0161vie\u010dia visokiausius krep\u0161inink\u0173 nuotykius&#8230;<br \/>\n\u0160is leidinys &#8211; ankstesniosios knygos \u201eSensacingas basketbolo pasaulis&#8221; (1891-1935 m.) t\u0119sinys.<\/p>\n<\/div>\n<\/div>\n<\/section>\n<\/div>\n","protected":false},"excerpt":{"rendered":"<div class=\"book-descript-wrapper\">\n<section class=\"product-descript more-content-wrapper\">\n<div class=\"\">\n<div>\n<p>Sensacingos ir skambios Nemuno kra\u0161to moter\u0173 ir vyr\u0173 krep\u0161inio nacionalini\u0173 rinktini\u0173 pergal\u0117s 1937-1939 metais did\u017eiai stebino Europ\u0105. Senojo \u017eemyno \u010dempion\u0173 (meisterio) vardai, vice\u010dempkm\u0117s &#8211; Lietuvos moter\u0173 ekipos \u201esidabras&#8221; I kontinento \u010dempionate &#8211; tai nepakartojami \u017eygdarbiai, kurie \u012fkvepia jaunus \u017emones naujiems \u017eygiams ir \u0161iandien.<\/p>\n<p>\u0160ioje knygoje &#8220;Europos auksas Lietuvai, 1936-1939 m. kronika&#8221; dar kart\u0105 prisiminsime m\u016bs\u0173 krep\u0161inink\u0173 pergali\u0173 keli\u0105 \u017e\u016btb\u016btin\u0117se kovose. Su pasidid\u017eiavimu \u012fvertinsime audring\u0105 ir galing\u0105 did\u017eiojo krep\u0161inio pl\u0117tros prad\u017ei\u0105 respublikoje. Neveltui \u0161iandien krep\u0161inis laikomas lietuvi\u0173 tautiniu \u017eaidimu, j\u0173 gyvenimo dalimi &#8211; antr\u0105ja religija.<\/p>\n<p>Leidinys \u201eEuropos auksas Lietuvai&#8221; yra trumpa iliustruota nuotraukomis, draugi\u0161kais \u0161ar\u017eais ir karikat\u016bromis 1936-1939 met\u0173 krep\u0161inio kronika, kurioje satyros ir humoro laikra\u0161tis \u201eKuntaplis&#8221; \u012fterpia ir savo pasteb\u0117jimus, nuogirdas, nu\u0161vie\u010dia visokiausius krep\u0161inink\u0173 nuotykius&#8230;<br \/>\n\u0160is leidinys &#8211; ankstesniosios knygos \u201eSensacingas basketbolo pasaulis&#8221; (1891-1935 m.) t\u0119sinys.<\/p>\n<\/div>\n<\/div>\n<\/section>\n<\/div>\n","protected":false},"featured_media":9937,"comment_status":"closed","ping_status":"closed","template":"","meta":{"_acf_changed":false,"site-sidebar-layout":"default","site-content-layout":"","ast-site-content-layout":"default","site-content-style":"default","site-sidebar-style":"default","ast-global-header-display":"","ast-banner-title-visibility":"","ast-main-header-display":"","ast-hfb-above-header-display":"","ast-hfb-below-header-display":"","ast-hfb-mobile-header-display":"","site-post-title":"","ast-breadcrumbs-content":"","ast-featured-img":"","footer-sml-layout":"","ast-disable-related-posts":"","theme-transparent-header-meta":"","adv-header-id-meta":"","stick-header-meta":"","header-above-stick-meta":"","header-main-stick-meta":"","header-below-stick-meta":"","astra-migrate-meta-layouts":"default","ast-page-background-enabled":"default","ast-page-background-meta":{"desktop":{"background-color":"","background-image":"","background-repeat":"repeat","background-position":"center center","background-size":"auto","background-attachment":"scroll","background-type":"","background-media":"","overlay-type":"","overlay-color":"","overlay-opacity":"","overlay-gradient":""},"tablet":{"background-color":"","background-image":"","background-repeat":"repeat","background-position":"center center","background-size":"auto","background-attachment":"scroll","background-type":"","background-media":"","overlay-type":"","overlay-color":"","overlay-opacity":"","overlay-gradient":""},"mobile":{"background-color":"","background-image":"","background-repeat":"repeat","background-position":"center center","background-size":"auto","background-attachment":"scroll","background-type":"","background-media":"","overlay-type":"","overlay-color":"","overlay-opacity":"","overlay-gradient":""}},"ast-content-background-meta":{"desktop":{"background-color":"var(--ast-global-color-4)","background-image":"","background-repeat":"repeat","background-position":"center center","background-size":"auto","background-attachment":"scroll","background-type":"","background-media":"","overlay-type":"","overlay-color":"","overlay-opacity":"","overlay-gradient":""},"tablet":{"background-color":"var(--ast-global-color-4)","background-image":"","background-repeat":"repeat","background-position":"center center","background-size":"auto","background-attachment":"scroll","background-type":"","background-media":"","overlay-type":"","overlay-color":"","overlay-opacity":"","overlay-gradient":""},"mobile":{"background-color":"var(--ast-global-color-4)","background-image":"","background-repeat":"repeat","background-position":"center center","background-size":"auto","background-attachment":"scroll","background-type":"","background-media":"","overlay-type":"","overlay-color":"","overlay-opacity":"","overlay-gradient":""}}},"product_brand":[],"product_cat":[174,9862,27],"product_tag":[],"class_list":{"0":"post-9886","1":"product","2":"type-product","3":"status-publish","4":"has-post-thumbnail","6":"product_cat-istorija-ir-politologija","7":"product_cat-lietuvos-istorija","8":"product_cat-sportas-laisvalaikis-rankdarbiai","9":"desktop-align-left","10":"tablet-align-left","11":"mobile-align-left","13":"first","14":"instock","15":"shipping-taxable","16":"purchasable","17":"product-type-simple"},"acf":[],"yoast_head":"<!-- This site is optimized with the Yoast SEO plugin v27.4 - https:\/\/yoast.com\/product\/yoast-seo-wordpress\/ -->\n<title>Europos auksas Lietuvai, 1936-1939 m. kronika<\/title>\n<meta name=\"description\" content=\"Sensacingos ir skambios Nemuno kra\u0161to moter\u0173 ir vyr\u0173 krep\u0161inio nacionalini\u0173 rinktini\u0173 pergal\u0117s 1937-1939 metais did\u017eiai stebino Europ\u0105. Senojo \u017eemyno \u010dempion\u0173 (meisterio) vardai, vice\u010dempkm\u0117s - Lietuvos moter\u0173 ekipos \u201esidabras&quot; I kontinento \u010dempionate - tai nepakartojami \u017eygdarbiai, kurie \u012fkvepia jaunus \u017emones naujiems \u017eygiams ir \u0161iandien.  \u0160ioje knygoje &quot;Europos auksas Lietuvai, 1936-1939 m. kronika&quot; dar kart\u0105 prisiminsime m\u016bs\u0173 krep\u0161inink\u0173 pergali\u0173 keli\u0105 \u017e\u016btb\u016btin\u0117se kovose. Su pasidid\u017eiavimu \u012fvertinsime audring\u0105 ir galing\u0105 did\u017eiojo krep\u0161inio pl\u0117tros prad\u017ei\u0105 respublikoje. Neveltui \u0161iandien krep\u0161inis laikomas lietuvi\u0173 tautiniu \u017eaidimu, j\u0173 gyvenimo dalimi - antr\u0105ja religija.  Leidinys \u201eEuropos auksas Lietuvai&quot; yra trumpa iliustruota nuotraukomis, draugi\u0161kais \u0161ar\u017eais ir karikat\u016bromis 1936-1939 met\u0173 krep\u0161inio kronika, kurioje satyros ir humoro laikra\u0161tis \u201eKuntaplis&quot; \u012fterpia ir savo pasteb\u0117jimus, nuogirdas, nu\u0161vie\u010dia visokiausius krep\u0161inink\u0173 nuotykius... \u0160is leidinys - ankstesniosios knygos \u201eSensacingas basketbolo pasaulis&quot; (1891-1935 m.) t\u0119sinys.\" \/>\n<meta name=\"robots\" content=\"index, follow, max-snippet:-1, max-image-preview:large, max-video-preview:-1\" \/>\n<link rel=\"canonical\" href=\"https:\/\/skaitytaknyga.lt\/en\/produktas\/europos-auksas-lietuvai-1936-1939-m-kronika\/\" \/>\n<meta property=\"og:locale\" content=\"en_GB\" \/>\n<meta property=\"og:locale:alternate\" content=\"lt_LT\" \/>\n<meta property=\"og:type\" content=\"article\" \/>\n<meta property=\"og:title\" content=\"Europos auksas Lietuvai, 1936-1939 m. kronika\" \/>\n<meta property=\"og:description\" content=\"Sensacingos ir skambios Nemuno kra\u0161to moter\u0173 ir vyr\u0173 krep\u0161inio nacionalini\u0173 rinktini\u0173 pergal\u0117s 1937-1939 metais did\u017eiai stebino Europ\u0105. Senojo \u017eemyno \u010dempion\u0173 (meisterio) vardai, vice\u010dempkm\u0117s - Lietuvos moter\u0173 ekipos \u201esidabras&quot; I kontinento \u010dempionate - tai nepakartojami \u017eygdarbiai, kurie \u012fkvepia jaunus \u017emones naujiems \u017eygiams ir \u0161iandien.  \u0160ioje knygoje &quot;Europos auksas Lietuvai, 1936-1939 m. kronika&quot; dar kart\u0105 prisiminsime m\u016bs\u0173 krep\u0161inink\u0173 pergali\u0173 keli\u0105 \u017e\u016btb\u016btin\u0117se kovose. Su pasidid\u017eiavimu \u012fvertinsime audring\u0105 ir galing\u0105 did\u017eiojo krep\u0161inio pl\u0117tros prad\u017ei\u0105 respublikoje. Neveltui \u0161iandien krep\u0161inis laikomas lietuvi\u0173 tautiniu \u017eaidimu, j\u0173 gyvenimo dalimi - antr\u0105ja religija.  Leidinys \u201eEuropos auksas Lietuvai&quot; yra trumpa iliustruota nuotraukomis, draugi\u0161kais \u0161ar\u017eais ir karikat\u016bromis 1936-1939 met\u0173 krep\u0161inio kronika, kurioje satyros ir humoro laikra\u0161tis \u201eKuntaplis&quot; \u012fterpia ir savo pasteb\u0117jimus, nuogirdas, nu\u0161vie\u010dia visokiausius krep\u0161inink\u0173 nuotykius... \u0160is leidinys - ankstesniosios knygos \u201eSensacingas basketbolo pasaulis&quot; (1891-1935 m.) t\u0119sinys.\" \/>\n<meta property=\"og:url\" content=\"https:\/\/skaitytaknyga.lt\/en\/produktas\/europos-auksas-lietuvai-1936-1939-m-kronika\/\" \/>\n<meta property=\"og:site_name\" content=\"Skaitytaknyga\" \/>\n<meta property=\"article:publisher\" content=\"https:\/\/www.facebook.com\/skaitytaknyga\/\" \/>\n<meta property=\"article:modified_time\" content=\"2026-03-18T12:59:59+00:00\" \/>\n<meta property=\"og:image\" content=\"https:\/\/skaitytaknyga.lt\/wp-content\/uploads\/2024\/05\/europos-auksas-lietuvai432.jpg\" \/>\n\t<meta property=\"og:image:width\" content=\"314\" \/>\n\t<meta property=\"og:image:height\" content=\"450\" \/>\n\t<meta property=\"og:image:type\" content=\"image\/jpeg\" \/>\n<meta name=\"twitter:card\" content=\"summary_large_image\" \/>\n<meta name=\"twitter:label1\" content=\"Estimated reading time\" \/>\n\t<meta name=\"twitter:data1\" content=\"1 minute\" \/>\n<script type=\"application\/ld+json\" class=\"yoast-schema-graph\">{\"@context\":\"https:\\\/\\\/schema.org\",\"@graph\":[{\"@type\":\"WebPage\",\"@id\":\"https:\\\/\\\/skaitytaknyga.lt\\\/produktas\\\/europos-auksas-lietuvai-1936-1939-m-kronika\\\/\",\"url\":\"https:\\\/\\\/skaitytaknyga.lt\\\/produktas\\\/europos-auksas-lietuvai-1936-1939-m-kronika\\\/\",\"name\":\"Europos auksas Lietuvai, 1936-1939 m. kronika\",\"isPartOf\":{\"@id\":\"https:\\\/\\\/skaitytaknyga.lt\\\/#website\"},\"primaryImageOfPage\":{\"@id\":\"https:\\\/\\\/skaitytaknyga.lt\\\/produktas\\\/europos-auksas-lietuvai-1936-1939-m-kronika\\\/#primaryimage\"},\"image\":{\"@id\":\"https:\\\/\\\/skaitytaknyga.lt\\\/produktas\\\/europos-auksas-lietuvai-1936-1939-m-kronika\\\/#primaryimage\"},\"thumbnailUrl\":\"https:\\\/\\\/skaitytaknyga.lt\\\/wp-content\\\/uploads\\\/2024\\\/05\\\/europos-auksas-lietuvai432.jpg\",\"datePublished\":\"2024-05-04T18:00:36+00:00\",\"dateModified\":\"2026-03-18T12:59:59+00:00\",\"description\":\"Sensacingos ir skambios Nemuno kra\u0161to moter\u0173 ir vyr\u0173 krep\u0161inio nacionalini\u0173 rinktini\u0173 pergal\u0117s 1937-1939 metais did\u017eiai stebino Europ\u0105. Senojo \u017eemyno \u010dempion\u0173 (meisterio) vardai, vice\u010dempkm\u0117s - Lietuvos moter\u0173 ekipos \u201esidabras\\\" I kontinento \u010dempionate - tai nepakartojami \u017eygdarbiai, kurie \u012fkvepia jaunus \u017emones naujiems \u017eygiams ir \u0161iandien. \u0160ioje knygoje \\\"Europos auksas Lietuvai, 1936-1939 m. kronika\\\" dar kart\u0105 prisiminsime m\u016bs\u0173 krep\u0161inink\u0173 pergali\u0173 keli\u0105 \u017e\u016btb\u016btin\u0117se kovose. Su pasidid\u017eiavimu \u012fvertinsime audring\u0105 ir galing\u0105 did\u017eiojo krep\u0161inio pl\u0117tros prad\u017ei\u0105 respublikoje. Neveltui \u0161iandien krep\u0161inis laikomas lietuvi\u0173 tautiniu \u017eaidimu, j\u0173 gyvenimo dalimi - antr\u0105ja religija. Leidinys \u201eEuropos auksas Lietuvai\\\" yra trumpa iliustruota nuotraukomis, draugi\u0161kais \u0161ar\u017eais ir karikat\u016bromis 1936-1939 met\u0173 krep\u0161inio kronika, kurioje satyros ir humoro laikra\u0161tis \u201eKuntaplis\\\" \u012fterpia ir savo pasteb\u0117jimus, nuogirdas, nu\u0161vie\u010dia visokiausius krep\u0161inink\u0173 nuotykius... \u0160is leidinys - ankstesniosios knygos \u201eSensacingas basketbolo pasaulis\\\" (1891-1935 m.) t\u0119sinys.\",\"breadcrumb\":{\"@id\":\"https:\\\/\\\/skaitytaknyga.lt\\\/produktas\\\/europos-auksas-lietuvai-1936-1939-m-kronika\\\/#breadcrumb\"},\"inLanguage\":\"en-GB\",\"potentialAction\":[{\"@type\":\"ReadAction\",\"target\":[\"https:\\\/\\\/skaitytaknyga.lt\\\/produktas\\\/europos-auksas-lietuvai-1936-1939-m-kronika\\\/\"]}]},{\"@type\":\"ImageObject\",\"inLanguage\":\"en-GB\",\"@id\":\"https:\\\/\\\/skaitytaknyga.lt\\\/produktas\\\/europos-auksas-lietuvai-1936-1939-m-kronika\\\/#primaryimage\",\"url\":\"https:\\\/\\\/skaitytaknyga.lt\\\/wp-content\\\/uploads\\\/2024\\\/05\\\/europos-auksas-lietuvai432.jpg\",\"contentUrl\":\"https:\\\/\\\/skaitytaknyga.lt\\\/wp-content\\\/uploads\\\/2024\\\/05\\\/europos-auksas-lietuvai432.jpg\",\"width\":314,\"height\":450},{\"@type\":\"BreadcrumbList\",\"@id\":\"https:\\\/\\\/skaitytaknyga.lt\\\/produktas\\\/europos-auksas-lietuvai-1936-1939-m-kronika\\\/#breadcrumb\",\"itemListElement\":[{\"@type\":\"ListItem\",\"position\":1,\"name\":\"Home\",\"item\":\"https:\\\/\\\/skaitytaknyga.lt\\\/\"},{\"@type\":\"ListItem\",\"position\":2,\"name\":\"Parduotuv\u0117\",\"item\":\"https:\\\/\\\/skaitytaknyga.lt\\\/knygu-parduotuve\\\/\"},{\"@type\":\"ListItem\",\"position\":3,\"name\":\"Europos auksas Lietuvai, 1936-1939 m. kronika\"}]},{\"@type\":\"WebSite\",\"@id\":\"https:\\\/\\\/skaitytaknyga.lt\\\/#website\",\"url\":\"https:\\\/\\\/skaitytaknyga.lt\\\/\",\"name\":\"skaitytaknyga.lt\",\"description\":\"Skaitytaknyga.lt \u2013 tai ma\u017eas \u0161eimos verslas, kuris prasid\u0117jo nuo meil\u0117s knygoms ir siekio i\u0161gelb\u0117ti knygas nuo likimo prie konteinerio. Kas vienam nereikalingas daiktas \u2013 kitam lobis, o mes esame tarpininkai, kurie padeda abiems tapti laimingesniems ???? \u017dinome kaip nelengva i\u0161gyventi ma\u017eiems verslams, tad nuo \u0161iol, \u010dia rasite ir kit\u0173, ma\u017e\u0173 \u0161eim\u0173 versl\u0173, rank\u0173 darbo, dovan\u0173 sau ir artimiesiems.\",\"publisher\":{\"@id\":\"https:\\\/\\\/skaitytaknyga.lt\\\/#organization\"},\"potentialAction\":[{\"@type\":\"SearchAction\",\"target\":{\"@type\":\"EntryPoint\",\"urlTemplate\":\"https:\\\/\\\/skaitytaknyga.lt\\\/?s={search_term_string}\"},\"query-input\":{\"@type\":\"PropertyValueSpecification\",\"valueRequired\":true,\"valueName\":\"search_term_string\"}}],\"inLanguage\":\"en-GB\"},{\"@type\":\"Organization\",\"@id\":\"https:\\\/\\\/skaitytaknyga.lt\\\/#organization\",\"name\":\"skaitytaknyga.lt\",\"url\":\"https:\\\/\\\/skaitytaknyga.lt\\\/\",\"logo\":{\"@type\":\"ImageObject\",\"inLanguage\":\"en-GB\",\"@id\":\"https:\\\/\\\/skaitytaknyga.lt\\\/#\\\/schema\\\/logo\\\/image\\\/\",\"url\":\"https:\\\/\\\/skaitytaknyga.lt\\\/wp-content\\\/uploads\\\/2024\\\/05\\\/cropped-cropped-cropped-02_00843_jt3bggkj1j3HLc7SyY6rEUpg.jpeg\",\"contentUrl\":\"https:\\\/\\\/skaitytaknyga.lt\\\/wp-content\\\/uploads\\\/2024\\\/05\\\/cropped-cropped-cropped-02_00843_jt3bggkj1j3HLc7SyY6rEUpg.jpeg\",\"width\":1600,\"height\":1600,\"caption\":\"skaitytaknyga.lt\"},\"image\":{\"@id\":\"https:\\\/\\\/skaitytaknyga.lt\\\/#\\\/schema\\\/logo\\\/image\\\/\"},\"sameAs\":[\"https:\\\/\\\/www.facebook.com\\\/skaitytaknyga\\\/\"]}]}<\/script>\n<!-- \/ Yoast SEO plugin. -->","yoast_head_json":{"title":"Europos auksas Lietuvai, 1936-1939 m. kronika","description":"Sensacingos ir skambios Nemuno kra\u0161to moter\u0173 ir vyr\u0173 krep\u0161inio nacionalini\u0173 rinktini\u0173 pergal\u0117s 1937-1939 metais did\u017eiai stebino Europ\u0105. Senojo \u017eemyno \u010dempion\u0173 (meisterio) vardai, vice\u010dempkm\u0117s - Lietuvos moter\u0173 ekipos \u201esidabras\" I kontinento \u010dempionate - tai nepakartojami \u017eygdarbiai, kurie \u012fkvepia jaunus \u017emones naujiems \u017eygiams ir \u0161iandien.  \u0160ioje knygoje \"Europos auksas Lietuvai, 1936-1939 m. kronika\" dar kart\u0105 prisiminsime m\u016bs\u0173 krep\u0161inink\u0173 pergali\u0173 keli\u0105 \u017e\u016btb\u016btin\u0117se kovose. Su pasidid\u017eiavimu \u012fvertinsime audring\u0105 ir galing\u0105 did\u017eiojo krep\u0161inio pl\u0117tros prad\u017ei\u0105 respublikoje. Neveltui \u0161iandien krep\u0161inis laikomas lietuvi\u0173 tautiniu \u017eaidimu, j\u0173 gyvenimo dalimi - antr\u0105ja religija.  Leidinys \u201eEuropos auksas Lietuvai\" yra trumpa iliustruota nuotraukomis, draugi\u0161kais \u0161ar\u017eais ir karikat\u016bromis 1936-1939 met\u0173 krep\u0161inio kronika, kurioje satyros ir humoro laikra\u0161tis \u201eKuntaplis\" \u012fterpia ir savo pasteb\u0117jimus, nuogirdas, nu\u0161vie\u010dia visokiausius krep\u0161inink\u0173 nuotykius... \u0160is leidinys - ankstesniosios knygos \u201eSensacingas basketbolo pasaulis\" (1891-1935 m.) t\u0119sinys.","robots":{"index":"index","follow":"follow","max-snippet":"max-snippet:-1","max-image-preview":"max-image-preview:large","max-video-preview":"max-video-preview:-1"},"canonical":"https:\/\/skaitytaknyga.lt\/en\/produktas\/europos-auksas-lietuvai-1936-1939-m-kronika\/","og_locale":"en_GB","og_type":"article","og_title":"[:lt]Europos auksas Lietuvai, 1936-1939 m. kronika[:] - Skaitytaknyga","og_description":"Sensacingos ir skambios Nemuno kra\u0161to moter\u0173 ir vyr\u0173 krep\u0161inio nacionalini\u0173 rinktini\u0173 pergal\u0117s 1937-1939 metais did\u017eiai stebino Europ\u0105. Senojo \u017eemyno \u010dempion\u0173 (meisterio) vardai, vice\u010dempkm\u0117s - Lietuvos moter\u0173 ekipos \u201esidabras\" I kontinento \u010dempionate - tai nepakartojami \u017eygdarbiai, kurie \u012fkvepia jaunus \u017emones naujiems \u017eygiams ir \u0161iandien.  \u0160ioje knygoje \"Europos auksas Lietuvai, 1936-1939 m. kronika\" dar kart\u0105 prisiminsime m\u016bs\u0173 krep\u0161inink\u0173 pergali\u0173 keli\u0105 \u017e\u016btb\u016btin\u0117se kovose. Su pasidid\u017eiavimu \u012fvertinsime audring\u0105 ir galing\u0105 did\u017eiojo krep\u0161inio pl\u0117tros prad\u017ei\u0105 respublikoje. Neveltui \u0161iandien krep\u0161inis laikomas lietuvi\u0173 tautiniu \u017eaidimu, j\u0173 gyvenimo dalimi - antr\u0105ja religija.  Leidinys \u201eEuropos auksas Lietuvai\" yra trumpa iliustruota nuotraukomis, draugi\u0161kais \u0161ar\u017eais ir karikat\u016bromis 1936-1939 met\u0173 krep\u0161inio kronika, kurioje satyros ir humoro laikra\u0161tis \u201eKuntaplis\" \u012fterpia ir savo pasteb\u0117jimus, nuogirdas, nu\u0161vie\u010dia visokiausius krep\u0161inink\u0173 nuotykius... \u0160is leidinys - ankstesniosios knygos \u201eSensacingas basketbolo pasaulis\" (1891-1935 m.) t\u0119sinys.","og_url":"https:\/\/skaitytaknyga.lt\/en\/produktas\/europos-auksas-lietuvai-1936-1939-m-kronika\/","og_site_name":"Skaitytaknyga","article_publisher":"https:\/\/www.facebook.com\/skaitytaknyga\/","article_modified_time":"2026-03-18T12:59:59+00:00","og_image":[{"width":314,"height":450,"url":"https:\/\/skaitytaknyga.lt\/wp-content\/uploads\/2024\/05\/europos-auksas-lietuvai432.jpg","type":"image\/jpeg"}],"twitter_card":"summary_large_image","twitter_misc":{"Estimated reading time":"1 minute"},"schema":{"@context":"https:\/\/schema.org","@graph":[{"@type":"WebPage","@id":"https:\/\/skaitytaknyga.lt\/produktas\/europos-auksas-lietuvai-1936-1939-m-kronika\/","url":"https:\/\/skaitytaknyga.lt\/produktas\/europos-auksas-lietuvai-1936-1939-m-kronika\/","name":"Europos auksas Lietuvai, 1936-1939 m. kronika","isPartOf":{"@id":"https:\/\/skaitytaknyga.lt\/#website"},"primaryImageOfPage":{"@id":"https:\/\/skaitytaknyga.lt\/produktas\/europos-auksas-lietuvai-1936-1939-m-kronika\/#primaryimage"},"image":{"@id":"https:\/\/skaitytaknyga.lt\/produktas\/europos-auksas-lietuvai-1936-1939-m-kronika\/#primaryimage"},"thumbnailUrl":"https:\/\/skaitytaknyga.lt\/wp-content\/uploads\/2024\/05\/europos-auksas-lietuvai432.jpg","datePublished":"2024-05-04T18:00:36+00:00","dateModified":"2026-03-18T12:59:59+00:00","description":"Sensacingos ir skambios Nemuno kra\u0161to moter\u0173 ir vyr\u0173 krep\u0161inio nacionalini\u0173 rinktini\u0173 pergal\u0117s 1937-1939 metais did\u017eiai stebino Europ\u0105. Senojo \u017eemyno \u010dempion\u0173 (meisterio) vardai, vice\u010dempkm\u0117s - Lietuvos moter\u0173 ekipos \u201esidabras\" I kontinento \u010dempionate - tai nepakartojami \u017eygdarbiai, kurie \u012fkvepia jaunus \u017emones naujiems \u017eygiams ir \u0161iandien. \u0160ioje knygoje \"Europos auksas Lietuvai, 1936-1939 m. kronika\" dar kart\u0105 prisiminsime m\u016bs\u0173 krep\u0161inink\u0173 pergali\u0173 keli\u0105 \u017e\u016btb\u016btin\u0117se kovose. Su pasidid\u017eiavimu \u012fvertinsime audring\u0105 ir galing\u0105 did\u017eiojo krep\u0161inio pl\u0117tros prad\u017ei\u0105 respublikoje. Neveltui \u0161iandien krep\u0161inis laikomas lietuvi\u0173 tautiniu \u017eaidimu, j\u0173 gyvenimo dalimi - antr\u0105ja religija. Leidinys \u201eEuropos auksas Lietuvai\" yra trumpa iliustruota nuotraukomis, draugi\u0161kais \u0161ar\u017eais ir karikat\u016bromis 1936-1939 met\u0173 krep\u0161inio kronika, kurioje satyros ir humoro laikra\u0161tis \u201eKuntaplis\" \u012fterpia ir savo pasteb\u0117jimus, nuogirdas, nu\u0161vie\u010dia visokiausius krep\u0161inink\u0173 nuotykius... \u0160is leidinys - ankstesniosios knygos \u201eSensacingas basketbolo pasaulis\" (1891-1935 m.) t\u0119sinys.","breadcrumb":{"@id":"https:\/\/skaitytaknyga.lt\/produktas\/europos-auksas-lietuvai-1936-1939-m-kronika\/#breadcrumb"},"inLanguage":"en-GB","potentialAction":[{"@type":"ReadAction","target":["https:\/\/skaitytaknyga.lt\/produktas\/europos-auksas-lietuvai-1936-1939-m-kronika\/"]}]},{"@type":"ImageObject","inLanguage":"en-GB","@id":"https:\/\/skaitytaknyga.lt\/produktas\/europos-auksas-lietuvai-1936-1939-m-kronika\/#primaryimage","url":"https:\/\/skaitytaknyga.lt\/wp-content\/uploads\/2024\/05\/europos-auksas-lietuvai432.jpg","contentUrl":"https:\/\/skaitytaknyga.lt\/wp-content\/uploads\/2024\/05\/europos-auksas-lietuvai432.jpg","width":314,"height":450},{"@type":"BreadcrumbList","@id":"https:\/\/skaitytaknyga.lt\/produktas\/europos-auksas-lietuvai-1936-1939-m-kronika\/#breadcrumb","itemListElement":[{"@type":"ListItem","position":1,"name":"Home","item":"https:\/\/skaitytaknyga.lt\/"},{"@type":"ListItem","position":2,"name":"Parduotuv\u0117","item":"https:\/\/skaitytaknyga.lt\/knygu-parduotuve\/"},{"@type":"ListItem","position":3,"name":"Europos auksas Lietuvai, 1936-1939 m. kronika"}]},{"@type":"WebSite","@id":"https:\/\/skaitytaknyga.lt\/#website","url":"https:\/\/skaitytaknyga.lt\/","name":"skaitytaknyga.lt","description":"Skaitytaknyga.lt \u2013 tai ma\u017eas \u0161eimos verslas, kuris prasid\u0117jo nuo meil\u0117s knygoms ir siekio i\u0161gelb\u0117ti knygas nuo likimo prie konteinerio. Kas vienam nereikalingas daiktas \u2013 kitam lobis, o mes esame tarpininkai, kurie padeda abiems tapti laimingesniems ???? \u017dinome kaip nelengva i\u0161gyventi ma\u017eiems verslams, tad nuo \u0161iol, \u010dia rasite ir kit\u0173, ma\u017e\u0173 \u0161eim\u0173 versl\u0173, rank\u0173 darbo, dovan\u0173 sau ir artimiesiems.","publisher":{"@id":"https:\/\/skaitytaknyga.lt\/#organization"},"potentialAction":[{"@type":"SearchAction","target":{"@type":"EntryPoint","urlTemplate":"https:\/\/skaitytaknyga.lt\/?s={search_term_string}"},"query-input":{"@type":"PropertyValueSpecification","valueRequired":true,"valueName":"search_term_string"}}],"inLanguage":"en-GB"},{"@type":"Organization","@id":"https:\/\/skaitytaknyga.lt\/#organization","name":"skaitytaknyga.lt","url":"https:\/\/skaitytaknyga.lt\/","logo":{"@type":"ImageObject","inLanguage":"en-GB","@id":"https:\/\/skaitytaknyga.lt\/#\/schema\/logo\/image\/","url":"https:\/\/skaitytaknyga.lt\/wp-content\/uploads\/2024\/05\/cropped-cropped-cropped-02_00843_jt3bggkj1j3HLc7SyY6rEUpg.jpeg","contentUrl":"https:\/\/skaitytaknyga.lt\/wp-content\/uploads\/2024\/05\/cropped-cropped-cropped-02_00843_jt3bggkj1j3HLc7SyY6rEUpg.jpeg","width":1600,"height":1600,"caption":"skaitytaknyga.lt"},"image":{"@id":"https:\/\/skaitytaknyga.lt\/#\/schema\/logo\/image\/"},"sameAs":["https:\/\/www.facebook.com\/skaitytaknyga\/"]}]}},"_links":{"self":[{"href":"https:\/\/skaitytaknyga.lt\/en\/wp-json\/wp\/v2\/product\/9886","targetHints":{"allow":["GET"]}}],"collection":[{"href":"https:\/\/skaitytaknyga.lt\/en\/wp-json\/wp\/v2\/product"}],"about":[{"href":"https:\/\/skaitytaknyga.lt\/en\/wp-json\/wp\/v2\/types\/product"}],"replies":[{"embeddable":true,"href":"https:\/\/skaitytaknyga.lt\/en\/wp-json\/wp\/v2\/comments?post=9886"}],"wp:featuredmedia":[{"embeddable":true,"href":"https:\/\/skaitytaknyga.lt\/en\/wp-json\/wp\/v2\/media\/9937"}],"wp:attachment":[{"href":"https:\/\/skaitytaknyga.lt\/en\/wp-json\/wp\/v2\/media?parent=9886"}],"wp:term":[{"taxonomy":"product_brand","embeddable":true,"href":"https:\/\/skaitytaknyga.lt\/en\/wp-json\/wp\/v2\/product_brand?post=9886"},{"taxonomy":"product_cat","embeddable":true,"href":"https:\/\/skaitytaknyga.lt\/en\/wp-json\/wp\/v2\/product_cat?post=9886"},{"taxonomy":"product_tag","embeddable":true,"href":"https:\/\/skaitytaknyga.lt\/en\/wp-json\/wp\/v2\/product_tag?post=9886"}],"curies":[{"name":"wp","href":"https:\/\/api.w.org\/{rel}","templated":true}]}}