{"id":9884,"date":"2024-05-04T18:00:36","date_gmt":"2024-05-04T18:00:36","guid":{"rendered":"https:\/\/skaitytaknyga.lt\/?post_type=product&#038;p=9884"},"modified":"2026-03-18T14:59:59","modified_gmt":"2026-03-18T12:59:59","slug":"auksinis-krepsininku-triumfas-svedija-2003","status":"publish","type":"product","link":"https:\/\/skaitytaknyga.lt\/en\/produktas\/auksinis-krepsininku-triumfas-svedija-2003\/","title":{"rendered":"Auksinis krep\u0161inink\u0173 triumfas. \u0160vedija 2003"},"content":{"rendered":"<div class=\"book-descript-wrapper\">\n<section class=\"product-descript more-content-wrapper\">\n<div class=\"\">\n<p><strong>\u201eAuksinis krep\u0161inink\u0173 triumfas\u201c<\/strong>\u00a0\u2013 ketvirtoji, gausiai iliustruota autoriaus knyga apie pasaulio ir Lietuvos krep\u0161in\u012f. Svarbiausia tema \u2013 auksinis Lietuvos vyr\u0173 krep\u0161inio rinktin\u0117s, 2003 m. Europos \u010dempion\u0117s, triumfas \u0160vedijoje.<\/p>\n<\/div>\n<\/section>\n<\/div>\n<div class=\"book-checkout-wrapper checkout-wrapper\">\n<div id=\"type-new-block\"><\/div>\n<\/div>\n","protected":false},"excerpt":{"rendered":"<div class=\"book-descript-wrapper\">\n<section class=\"product-descript more-content-wrapper\">\n<div class=\"\">\n<p><strong>\u201eAuksinis krep\u0161inink\u0173 triumfas\u201c<\/strong>\u00a0\u2013 ketvirtoji, gausiai iliustruota autoriaus knyga apie pasaulio ir Lietuvos krep\u0161in\u012f. Svarbiausia tema \u2013 auksinis Lietuvos vyr\u0173 krep\u0161inio rinktin\u0117s, 2003 m. Europos \u010dempion\u0117s, triumfas \u0160vedijoje.<\/p>\n<\/div>\n<\/section>\n<\/div>\n<div class=\"book-checkout-wrapper checkout-wrapper\">\n<div id=\"type-new-block\"><\/div>\n<\/div>\n","protected":false},"featured_media":9927,"comment_status":"closed","ping_status":"closed","template":"","meta":{"_acf_changed":false,"site-sidebar-layout":"default","site-content-layout":"","ast-site-content-layout":"default","site-content-style":"default","site-sidebar-style":"default","ast-global-header-display":"","ast-banner-title-visibility":"","ast-main-header-display":"","ast-hfb-above-header-display":"","ast-hfb-below-header-display":"","ast-hfb-mobile-header-display":"","site-post-title":"","ast-breadcrumbs-content":"","ast-featured-img":"","footer-sml-layout":"","ast-disable-related-posts":"","theme-transparent-header-meta":"","adv-header-id-meta":"","stick-header-meta":"","header-above-stick-meta":"","header-main-stick-meta":"","header-below-stick-meta":"","astra-migrate-meta-layouts":"default","ast-page-background-enabled":"default","ast-page-background-meta":{"desktop":{"background-color":"","background-image":"","background-repeat":"repeat","background-position":"center center","background-size":"auto","background-attachment":"scroll","background-type":"","background-media":"","overlay-type":"","overlay-color":"","overlay-opacity":"","overlay-gradient":""},"tablet":{"background-color":"","background-image":"","background-repeat":"repeat","background-position":"center center","background-size":"auto","background-attachment":"scroll","background-type":"","background-media":"","overlay-type":"","overlay-color":"","overlay-opacity":"","overlay-gradient":""},"mobile":{"background-color":"","background-image":"","background-repeat":"repeat","background-position":"center center","background-size":"auto","background-attachment":"scroll","background-type":"","background-media":"","overlay-type":"","overlay-color":"","overlay-opacity":"","overlay-gradient":""}},"ast-content-background-meta":{"desktop":{"background-color":"var(--ast-global-color-4)","background-image":"","background-repeat":"repeat","background-position":"center center","background-size":"auto","background-attachment":"scroll","background-type":"","background-media":"","overlay-type":"","overlay-color":"","overlay-opacity":"","overlay-gradient":""},"tablet":{"background-color":"var(--ast-global-color-4)","background-image":"","background-repeat":"repeat","background-position":"center center","background-size":"auto","background-attachment":"scroll","background-type":"","background-media":"","overlay-type":"","overlay-color":"","overlay-opacity":"","overlay-gradient":""},"mobile":{"background-color":"var(--ast-global-color-4)","background-image":"","background-repeat":"repeat","background-position":"center center","background-size":"auto","background-attachment":"scroll","background-type":"","background-media":"","overlay-type":"","overlay-color":"","overlay-opacity":"","overlay-gradient":""}}},"product_brand":[],"product_cat":[174,9862,27],"product_tag":[],"class_list":{"0":"post-9884","1":"product","2":"type-product","3":"status-publish","4":"has-post-thumbnail","6":"product_cat-istorija-ir-politologija","7":"product_cat-lietuvos-istorija","8":"product_cat-sportas-laisvalaikis-rankdarbiai","9":"desktop-align-left","10":"tablet-align-left","11":"mobile-align-left","13":"first","14":"outofstock","15":"shipping-taxable","16":"purchasable","17":"product-type-simple"},"acf":[],"yoast_head":"<!-- This site is optimized with the Yoast SEO plugin v27.4 - https:\/\/yoast.com\/product\/yoast-seo-wordpress\/ -->\n<title>Auksinis krep\u0161inink\u0173 triumfas. \u0160vedija 2003<\/title>\n<meta name=\"description\" content=\"\u201eAuksinis krep\u0161inink\u0173 triumfas\u201c\u00a0\u2013 ketvirtoji, gausiai iliustruota autoriaus knyga apie pasaulio ir Lietuvos krep\u0161in\u012f. Svarbiausia tema \u2013 auksinis Lietuvos vyr\u0173 krep\u0161inio rinktin\u0117s, 2003 m. Europos \u010dempion\u0117s, triumfas \u0160vedijoje.\" \/>\n<meta name=\"robots\" content=\"index, follow, max-snippet:-1, max-image-preview:large, max-video-preview:-1\" \/>\n<link rel=\"canonical\" href=\"https:\/\/skaitytaknyga.lt\/en\/produktas\/auksinis-krepsininku-triumfas-svedija-2003\/\" \/>\n<meta property=\"og:locale\" content=\"en_GB\" \/>\n<meta property=\"og:locale:alternate\" content=\"lt_LT\" \/>\n<meta property=\"og:type\" content=\"article\" \/>\n<meta property=\"og:title\" content=\"Auksinis krep\u0161inink\u0173 triumfas. \u0160vedija 2003\" \/>\n<meta property=\"og:description\" content=\"\u201eAuksinis krep\u0161inink\u0173 triumfas\u201c\u00a0\u2013 ketvirtoji, gausiai iliustruota autoriaus knyga apie pasaulio ir Lietuvos krep\u0161in\u012f. Svarbiausia tema \u2013 auksinis Lietuvos vyr\u0173 krep\u0161inio rinktin\u0117s, 2003 m. Europos \u010dempion\u0117s, triumfas \u0160vedijoje.\" \/>\n<meta property=\"og:url\" content=\"https:\/\/skaitytaknyga.lt\/en\/produktas\/auksinis-krepsininku-triumfas-svedija-2003\/\" \/>\n<meta property=\"og:site_name\" content=\"Skaitytaknyga\" \/>\n<meta property=\"article:publisher\" content=\"https:\/\/www.facebook.com\/skaitytaknyga\/\" \/>\n<meta property=\"article:modified_time\" content=\"2026-03-18T12:59:59+00:00\" \/>\n<meta property=\"og:image\" content=\"https:\/\/skaitytaknyga.lt\/wp-content\/uploads\/2024\/05\/img-0002-1.jpg\" \/>\n\t<meta property=\"og:image:width\" content=\"298\" \/>\n\t<meta property=\"og:image:height\" content=\"430\" \/>\n\t<meta property=\"og:image:type\" content=\"image\/jpeg\" \/>\n<meta name=\"twitter:card\" content=\"summary_large_image\" \/>\n<script type=\"application\/ld+json\" class=\"yoast-schema-graph\">{\"@context\":\"https:\\\/\\\/schema.org\",\"@graph\":[{\"@type\":\"WebPage\",\"@id\":\"https:\\\/\\\/skaitytaknyga.lt\\\/produktas\\\/auksinis-krepsininku-triumfas-svedija-2003\\\/\",\"url\":\"https:\\\/\\\/skaitytaknyga.lt\\\/produktas\\\/auksinis-krepsininku-triumfas-svedija-2003\\\/\",\"name\":\"Auksinis krep\u0161inink\u0173 triumfas. \u0160vedija 2003\",\"isPartOf\":{\"@id\":\"https:\\\/\\\/skaitytaknyga.lt\\\/#website\"},\"primaryImageOfPage\":{\"@id\":\"https:\\\/\\\/skaitytaknyga.lt\\\/produktas\\\/auksinis-krepsininku-triumfas-svedija-2003\\\/#primaryimage\"},\"image\":{\"@id\":\"https:\\\/\\\/skaitytaknyga.lt\\\/produktas\\\/auksinis-krepsininku-triumfas-svedija-2003\\\/#primaryimage\"},\"thumbnailUrl\":\"https:\\\/\\\/skaitytaknyga.lt\\\/wp-content\\\/uploads\\\/2024\\\/05\\\/img-0002-1.jpg\",\"datePublished\":\"2024-05-04T18:00:36+00:00\",\"dateModified\":\"2026-03-18T12:59:59+00:00\",\"description\":\"\u201eAuksinis krep\u0161inink\u0173 triumfas\u201c\u00a0\u2013 ketvirtoji, gausiai iliustruota autoriaus knyga apie pasaulio ir Lietuvos krep\u0161in\u012f. Svarbiausia tema \u2013 auksinis Lietuvos vyr\u0173 krep\u0161inio rinktin\u0117s, 2003 m. Europos \u010dempion\u0117s, triumfas \u0160vedijoje.\",\"breadcrumb\":{\"@id\":\"https:\\\/\\\/skaitytaknyga.lt\\\/produktas\\\/auksinis-krepsininku-triumfas-svedija-2003\\\/#breadcrumb\"},\"inLanguage\":\"en-GB\",\"potentialAction\":[{\"@type\":\"ReadAction\",\"target\":[\"https:\\\/\\\/skaitytaknyga.lt\\\/produktas\\\/auksinis-krepsininku-triumfas-svedija-2003\\\/\"]}]},{\"@type\":\"ImageObject\",\"inLanguage\":\"en-GB\",\"@id\":\"https:\\\/\\\/skaitytaknyga.lt\\\/produktas\\\/auksinis-krepsininku-triumfas-svedija-2003\\\/#primaryimage\",\"url\":\"https:\\\/\\\/skaitytaknyga.lt\\\/wp-content\\\/uploads\\\/2024\\\/05\\\/img-0002-1.jpg\",\"contentUrl\":\"https:\\\/\\\/skaitytaknyga.lt\\\/wp-content\\\/uploads\\\/2024\\\/05\\\/img-0002-1.jpg\",\"width\":298,\"height\":430},{\"@type\":\"BreadcrumbList\",\"@id\":\"https:\\\/\\\/skaitytaknyga.lt\\\/produktas\\\/auksinis-krepsininku-triumfas-svedija-2003\\\/#breadcrumb\",\"itemListElement\":[{\"@type\":\"ListItem\",\"position\":1,\"name\":\"Home\",\"item\":\"https:\\\/\\\/skaitytaknyga.lt\\\/\"},{\"@type\":\"ListItem\",\"position\":2,\"name\":\"Parduotuv\u0117\",\"item\":\"https:\\\/\\\/skaitytaknyga.lt\\\/knygu-parduotuve\\\/\"},{\"@type\":\"ListItem\",\"position\":3,\"name\":\"Auksinis krep\u0161inink\u0173 triumfas. \u0160vedija 2003\"}]},{\"@type\":\"WebSite\",\"@id\":\"https:\\\/\\\/skaitytaknyga.lt\\\/#website\",\"url\":\"https:\\\/\\\/skaitytaknyga.lt\\\/\",\"name\":\"skaitytaknyga.lt\",\"description\":\"Skaitytaknyga.lt \u2013 tai ma\u017eas \u0161eimos verslas, kuris prasid\u0117jo nuo meil\u0117s knygoms ir siekio i\u0161gelb\u0117ti knygas nuo likimo prie konteinerio. Kas vienam nereikalingas daiktas \u2013 kitam lobis, o mes esame tarpininkai, kurie padeda abiems tapti laimingesniems ???? \u017dinome kaip nelengva i\u0161gyventi ma\u017eiems verslams, tad nuo \u0161iol, \u010dia rasite ir kit\u0173, ma\u017e\u0173 \u0161eim\u0173 versl\u0173, rank\u0173 darbo, dovan\u0173 sau ir artimiesiems.\",\"publisher\":{\"@id\":\"https:\\\/\\\/skaitytaknyga.lt\\\/#organization\"},\"potentialAction\":[{\"@type\":\"SearchAction\",\"target\":{\"@type\":\"EntryPoint\",\"urlTemplate\":\"https:\\\/\\\/skaitytaknyga.lt\\\/?s={search_term_string}\"},\"query-input\":{\"@type\":\"PropertyValueSpecification\",\"valueRequired\":true,\"valueName\":\"search_term_string\"}}],\"inLanguage\":\"en-GB\"},{\"@type\":\"Organization\",\"@id\":\"https:\\\/\\\/skaitytaknyga.lt\\\/#organization\",\"name\":\"skaitytaknyga.lt\",\"url\":\"https:\\\/\\\/skaitytaknyga.lt\\\/\",\"logo\":{\"@type\":\"ImageObject\",\"inLanguage\":\"en-GB\",\"@id\":\"https:\\\/\\\/skaitytaknyga.lt\\\/#\\\/schema\\\/logo\\\/image\\\/\",\"url\":\"https:\\\/\\\/skaitytaknyga.lt\\\/wp-content\\\/uploads\\\/2024\\\/05\\\/cropped-cropped-cropped-02_00843_jt3bggkj1j3HLc7SyY6rEUpg.jpeg\",\"contentUrl\":\"https:\\\/\\\/skaitytaknyga.lt\\\/wp-content\\\/uploads\\\/2024\\\/05\\\/cropped-cropped-cropped-02_00843_jt3bggkj1j3HLc7SyY6rEUpg.jpeg\",\"width\":1600,\"height\":1600,\"caption\":\"skaitytaknyga.lt\"},\"image\":{\"@id\":\"https:\\\/\\\/skaitytaknyga.lt\\\/#\\\/schema\\\/logo\\\/image\\\/\"},\"sameAs\":[\"https:\\\/\\\/www.facebook.com\\\/skaitytaknyga\\\/\"]}]}<\/script>\n<!-- \/ Yoast SEO plugin. -->","yoast_head_json":{"title":"Auksinis krep\u0161inink\u0173 triumfas. \u0160vedija 2003","description":"\u201eAuksinis krep\u0161inink\u0173 triumfas\u201c\u00a0\u2013 ketvirtoji, gausiai iliustruota autoriaus knyga apie pasaulio ir Lietuvos krep\u0161in\u012f. Svarbiausia tema \u2013 auksinis Lietuvos vyr\u0173 krep\u0161inio rinktin\u0117s, 2003 m. Europos \u010dempion\u0117s, triumfas \u0160vedijoje.","robots":{"index":"index","follow":"follow","max-snippet":"max-snippet:-1","max-image-preview":"max-image-preview:large","max-video-preview":"max-video-preview:-1"},"canonical":"https:\/\/skaitytaknyga.lt\/en\/produktas\/auksinis-krepsininku-triumfas-svedija-2003\/","og_locale":"en_GB","og_type":"article","og_title":"[:lt]Auksinis krep\u0161inink\u0173 triumfas. \u0160vedija 2003[:] - Skaitytaknyga","og_description":"\u201eAuksinis krep\u0161inink\u0173 triumfas\u201c\u00a0\u2013 ketvirtoji, gausiai iliustruota autoriaus knyga apie pasaulio ir Lietuvos krep\u0161in\u012f. Svarbiausia tema \u2013 auksinis Lietuvos vyr\u0173 krep\u0161inio rinktin\u0117s, 2003 m. Europos \u010dempion\u0117s, triumfas \u0160vedijoje.","og_url":"https:\/\/skaitytaknyga.lt\/en\/produktas\/auksinis-krepsininku-triumfas-svedija-2003\/","og_site_name":"Skaitytaknyga","article_publisher":"https:\/\/www.facebook.com\/skaitytaknyga\/","article_modified_time":"2026-03-18T12:59:59+00:00","og_image":[{"width":298,"height":430,"url":"https:\/\/skaitytaknyga.lt\/wp-content\/uploads\/2024\/05\/img-0002-1.jpg","type":"image\/jpeg"}],"twitter_card":"summary_large_image","schema":{"@context":"https:\/\/schema.org","@graph":[{"@type":"WebPage","@id":"https:\/\/skaitytaknyga.lt\/produktas\/auksinis-krepsininku-triumfas-svedija-2003\/","url":"https:\/\/skaitytaknyga.lt\/produktas\/auksinis-krepsininku-triumfas-svedija-2003\/","name":"Auksinis krep\u0161inink\u0173 triumfas. \u0160vedija 2003","isPartOf":{"@id":"https:\/\/skaitytaknyga.lt\/#website"},"primaryImageOfPage":{"@id":"https:\/\/skaitytaknyga.lt\/produktas\/auksinis-krepsininku-triumfas-svedija-2003\/#primaryimage"},"image":{"@id":"https:\/\/skaitytaknyga.lt\/produktas\/auksinis-krepsininku-triumfas-svedija-2003\/#primaryimage"},"thumbnailUrl":"https:\/\/skaitytaknyga.lt\/wp-content\/uploads\/2024\/05\/img-0002-1.jpg","datePublished":"2024-05-04T18:00:36+00:00","dateModified":"2026-03-18T12:59:59+00:00","description":"\u201eAuksinis krep\u0161inink\u0173 triumfas\u201c\u00a0\u2013 ketvirtoji, gausiai iliustruota autoriaus knyga apie pasaulio ir Lietuvos krep\u0161in\u012f. Svarbiausia tema \u2013 auksinis Lietuvos vyr\u0173 krep\u0161inio rinktin\u0117s, 2003 m. Europos \u010dempion\u0117s, triumfas \u0160vedijoje.","breadcrumb":{"@id":"https:\/\/skaitytaknyga.lt\/produktas\/auksinis-krepsininku-triumfas-svedija-2003\/#breadcrumb"},"inLanguage":"en-GB","potentialAction":[{"@type":"ReadAction","target":["https:\/\/skaitytaknyga.lt\/produktas\/auksinis-krepsininku-triumfas-svedija-2003\/"]}]},{"@type":"ImageObject","inLanguage":"en-GB","@id":"https:\/\/skaitytaknyga.lt\/produktas\/auksinis-krepsininku-triumfas-svedija-2003\/#primaryimage","url":"https:\/\/skaitytaknyga.lt\/wp-content\/uploads\/2024\/05\/img-0002-1.jpg","contentUrl":"https:\/\/skaitytaknyga.lt\/wp-content\/uploads\/2024\/05\/img-0002-1.jpg","width":298,"height":430},{"@type":"BreadcrumbList","@id":"https:\/\/skaitytaknyga.lt\/produktas\/auksinis-krepsininku-triumfas-svedija-2003\/#breadcrumb","itemListElement":[{"@type":"ListItem","position":1,"name":"Home","item":"https:\/\/skaitytaknyga.lt\/"},{"@type":"ListItem","position":2,"name":"Parduotuv\u0117","item":"https:\/\/skaitytaknyga.lt\/knygu-parduotuve\/"},{"@type":"ListItem","position":3,"name":"Auksinis krep\u0161inink\u0173 triumfas. \u0160vedija 2003"}]},{"@type":"WebSite","@id":"https:\/\/skaitytaknyga.lt\/#website","url":"https:\/\/skaitytaknyga.lt\/","name":"skaitytaknyga.lt","description":"Skaitytaknyga.lt \u2013 tai ma\u017eas \u0161eimos verslas, kuris prasid\u0117jo nuo meil\u0117s knygoms ir siekio i\u0161gelb\u0117ti knygas nuo likimo prie konteinerio. Kas vienam nereikalingas daiktas \u2013 kitam lobis, o mes esame tarpininkai, kurie padeda abiems tapti laimingesniems ???? \u017dinome kaip nelengva i\u0161gyventi ma\u017eiems verslams, tad nuo \u0161iol, \u010dia rasite ir kit\u0173, ma\u017e\u0173 \u0161eim\u0173 versl\u0173, rank\u0173 darbo, dovan\u0173 sau ir artimiesiems.","publisher":{"@id":"https:\/\/skaitytaknyga.lt\/#organization"},"potentialAction":[{"@type":"SearchAction","target":{"@type":"EntryPoint","urlTemplate":"https:\/\/skaitytaknyga.lt\/?s={search_term_string}"},"query-input":{"@type":"PropertyValueSpecification","valueRequired":true,"valueName":"search_term_string"}}],"inLanguage":"en-GB"},{"@type":"Organization","@id":"https:\/\/skaitytaknyga.lt\/#organization","name":"skaitytaknyga.lt","url":"https:\/\/skaitytaknyga.lt\/","logo":{"@type":"ImageObject","inLanguage":"en-GB","@id":"https:\/\/skaitytaknyga.lt\/#\/schema\/logo\/image\/","url":"https:\/\/skaitytaknyga.lt\/wp-content\/uploads\/2024\/05\/cropped-cropped-cropped-02_00843_jt3bggkj1j3HLc7SyY6rEUpg.jpeg","contentUrl":"https:\/\/skaitytaknyga.lt\/wp-content\/uploads\/2024\/05\/cropped-cropped-cropped-02_00843_jt3bggkj1j3HLc7SyY6rEUpg.jpeg","width":1600,"height":1600,"caption":"skaitytaknyga.lt"},"image":{"@id":"https:\/\/skaitytaknyga.lt\/#\/schema\/logo\/image\/"},"sameAs":["https:\/\/www.facebook.com\/skaitytaknyga\/"]}]}},"_links":{"self":[{"href":"https:\/\/skaitytaknyga.lt\/en\/wp-json\/wp\/v2\/product\/9884","targetHints":{"allow":["GET"]}}],"collection":[{"href":"https:\/\/skaitytaknyga.lt\/en\/wp-json\/wp\/v2\/product"}],"about":[{"href":"https:\/\/skaitytaknyga.lt\/en\/wp-json\/wp\/v2\/types\/product"}],"replies":[{"embeddable":true,"href":"https:\/\/skaitytaknyga.lt\/en\/wp-json\/wp\/v2\/comments?post=9884"}],"wp:featuredmedia":[{"embeddable":true,"href":"https:\/\/skaitytaknyga.lt\/en\/wp-json\/wp\/v2\/media\/9927"}],"wp:attachment":[{"href":"https:\/\/skaitytaknyga.lt\/en\/wp-json\/wp\/v2\/media?parent=9884"}],"wp:term":[{"taxonomy":"product_brand","embeddable":true,"href":"https:\/\/skaitytaknyga.lt\/en\/wp-json\/wp\/v2\/product_brand?post=9884"},{"taxonomy":"product_cat","embeddable":true,"href":"https:\/\/skaitytaknyga.lt\/en\/wp-json\/wp\/v2\/product_cat?post=9884"},{"taxonomy":"product_tag","embeddable":true,"href":"https:\/\/skaitytaknyga.lt\/en\/wp-json\/wp\/v2\/product_tag?post=9884"}],"curies":[{"name":"wp","href":"https:\/\/api.w.org\/{rel}","templated":true}]}}