{"id":9883,"date":"2024-05-04T18:00:36","date_gmt":"2024-05-04T18:00:36","guid":{"rendered":"https:\/\/skaitytaknyga.lt\/?post_type=product&#038;p=9883"},"modified":"2024-07-16T15:02:14","modified_gmt":"2024-07-16T12:02:14","slug":"mokyklinis-tarptautiniu-zodziu-zodynas","status":"publish","type":"product","link":"https:\/\/skaitytaknyga.lt\/en\/produktas\/mokyklinis-tarptautiniu-zodziu-zodynas\/","title":{"rendered":"Mokyklinis tarptautini\u0173 \u017eod\u017ei\u0173 \u017eodynas"},"content":{"rendered":"<p>\u017dodyn\u0105 sudaro apie 20 000 \u017eod\u017ei\u0173. Jame surinkti ir ai\u0161kinami pirmiausia tie tarptautiniai \u017eod\u017eiai, kurie vartojami vidurini\u0173 mokykl\u0173 vadov\u0117liuose.<\/p>\n<p>\u012etraukta ir kit\u0173 tarptautini\u0173 \u017eod\u017ei\u0173, da\u017eniausiai vartojam\u0173 buityje. Skiriama auk\u0161tesni\u0173j\u0173 klasi\u0173 mokiniams.<\/p>\n","protected":false},"excerpt":{"rendered":"<p>\u017dodyn\u0105 sudaro apie 20 000 \u017eod\u017ei\u0173. Jame surinkti ir ai\u0161kinami pirmiausia tie tarptautiniai \u017eod\u017eiai, kurie vartojami vidurini\u0173 mokykl\u0173 vadov\u0117liuose.<\/p>\n<p>\u012etraukta ir kit\u0173 tarptautini\u0173 \u017eod\u017ei\u0173, da\u017eniausiai vartojam\u0173 buityje. Skiriama auk\u0161tesni\u0173j\u0173 klasi\u0173 mokiniams.<\/p>\n","protected":false},"featured_media":9926,"comment_status":"closed","ping_status":"closed","template":"","meta":{"_acf_changed":false,"site-sidebar-layout":"default","site-content-layout":"","ast-site-content-layout":"default","site-content-style":"default","site-sidebar-style":"default","ast-global-header-display":"","ast-banner-title-visibility":"","ast-main-header-display":"","ast-hfb-above-header-display":"","ast-hfb-below-header-display":"","ast-hfb-mobile-header-display":"","site-post-title":"","ast-breadcrumbs-content":"","ast-featured-img":"","footer-sml-layout":"","ast-disable-related-posts":"","theme-transparent-header-meta":"","adv-header-id-meta":"","stick-header-meta":"","header-above-stick-meta":"","header-main-stick-meta":"","header-below-stick-meta":"","astra-migrate-meta-layouts":"default","ast-page-background-enabled":"default","ast-page-background-meta":{"desktop":{"background-color":"","background-image":"","background-repeat":"repeat","background-position":"center center","background-size":"auto","background-attachment":"scroll","background-type":"","background-media":"","overlay-type":"","overlay-color":"","overlay-opacity":"","overlay-gradient":""},"tablet":{"background-color":"","background-image":"","background-repeat":"repeat","background-position":"center center","background-size":"auto","background-attachment":"scroll","background-type":"","background-media":"","overlay-type":"","overlay-color":"","overlay-opacity":"","overlay-gradient":""},"mobile":{"background-color":"","background-image":"","background-repeat":"repeat","background-position":"center center","background-size":"auto","background-attachment":"scroll","background-type":"","background-media":"","overlay-type":"","overlay-color":"","overlay-opacity":"","overlay-gradient":""}},"ast-content-background-meta":{"desktop":{"background-color":"var(--ast-global-color-4)","background-image":"","background-repeat":"repeat","background-position":"center center","background-size":"auto","background-attachment":"scroll","background-type":"","background-media":"","overlay-type":"","overlay-color":"","overlay-opacity":"","overlay-gradient":""},"tablet":{"background-color":"var(--ast-global-color-4)","background-image":"","background-repeat":"repeat","background-position":"center center","background-size":"auto","background-attachment":"scroll","background-type":"","background-media":"","overlay-type":"","overlay-color":"","overlay-opacity":"","overlay-gradient":""},"mobile":{"background-color":"var(--ast-global-color-4)","background-image":"","background-repeat":"repeat","background-position":"center center","background-size":"auto","background-attachment":"scroll","background-type":"","background-media":"","overlay-type":"","overlay-color":"","overlay-opacity":"","overlay-gradient":""}}},"product_brand":[],"product_cat":[392,390],"product_tag":[],"class_list":{"0":"post-9883","1":"product","2":"type-product","3":"status-publish","4":"has-post-thumbnail","6":"product_cat-edukologija","7":"product_cat-kalba-kalbotyra-zodynai","8":"desktop-align-left","9":"tablet-align-left","10":"mobile-align-left","12":"first","13":"instock","14":"shipping-taxable","15":"purchasable","16":"product-type-simple"},"acf":[],"yoast_head":"<!-- This site is optimized with the Yoast SEO plugin v27.0 - https:\/\/yoast.com\/product\/yoast-seo-wordpress\/ -->\n<title>Mokyklinis tarptautini\u0173 \u017eod\u017ei\u0173 \u017eodynas<\/title>\n<meta name=\"description\" content=\"\u017dodyn\u0105 sudaro apie 20 000 \u017eod\u017ei\u0173. Jame surinkti ir ai\u0161kinami pirmiausia tie tarptautiniai \u017eod\u017eiai, kurie vartojami vidurini\u0173 mokykl\u0173 vadov\u0117liuose.  \u012etraukta ir kit\u0173 tarptautini\u0173 \u017eod\u017ei\u0173, da\u017eniausiai vartojam\u0173 buityje. Skiriama auk\u0161tesni\u0173j\u0173 klasi\u0173 mokiniams.\" \/>\n<meta name=\"robots\" content=\"index, follow, max-snippet:-1, max-image-preview:large, max-video-preview:-1\" \/>\n<link rel=\"canonical\" href=\"https:\/\/skaitytaknyga.lt\/en\/produktas\/mokyklinis-tarptautiniu-zodziu-zodynas\/\" \/>\n<meta property=\"og:locale\" content=\"en_GB\" \/>\n<meta property=\"og:locale:alternate\" content=\"lt_LT\" \/>\n<meta property=\"og:type\" content=\"article\" \/>\n<meta property=\"og:title\" content=\"Mokyklinis tarptautini\u0173 \u017eod\u017ei\u0173 \u017eodynas\" \/>\n<meta property=\"og:description\" content=\"\u017dodyn\u0105 sudaro apie 20 000 \u017eod\u017ei\u0173. Jame surinkti ir ai\u0161kinami pirmiausia tie tarptautiniai \u017eod\u017eiai, kurie vartojami vidurini\u0173 mokykl\u0173 vadov\u0117liuose.  \u012etraukta ir kit\u0173 tarptautini\u0173 \u017eod\u017ei\u0173, da\u017eniausiai vartojam\u0173 buityje. Skiriama auk\u0161tesni\u0173j\u0173 klasi\u0173 mokiniams.\" \/>\n<meta property=\"og:url\" content=\"https:\/\/skaitytaknyga.lt\/en\/produktas\/mokyklinis-tarptautiniu-zodziu-zodynas\/\" \/>\n<meta property=\"og:site_name\" content=\"Skaitytaknyga\" \/>\n<meta property=\"article:publisher\" content=\"https:\/\/www.facebook.com\/skaitytaknyga\/\" \/>\n<meta property=\"article:modified_time\" content=\"2024-07-16T12:02:14+00:00\" \/>\n<meta property=\"og:image\" content=\"https:\/\/skaitytaknyga.lt\/wp-content\/uploads\/2024\/05\/1462881842_img0006.jpg\" \/>\n\t<meta property=\"og:image:width\" content=\"274\" \/>\n\t<meta property=\"og:image:height\" content=\"430\" \/>\n\t<meta property=\"og:image:type\" content=\"image\/jpeg\" \/>\n<meta name=\"twitter:card\" content=\"summary_large_image\" \/>\n<script type=\"application\/ld+json\" class=\"yoast-schema-graph\">{\"@context\":\"https:\/\/schema.org\",\"@graph\":[{\"@type\":\"WebPage\",\"@id\":\"https:\/\/skaitytaknyga.lt\/produktas\/mokyklinis-tarptautiniu-zodziu-zodynas\/\",\"url\":\"https:\/\/skaitytaknyga.lt\/produktas\/mokyklinis-tarptautiniu-zodziu-zodynas\/\",\"name\":\"Mokyklinis tarptautini\u0173 \u017eod\u017ei\u0173 \u017eodynas\",\"isPartOf\":{\"@id\":\"https:\/\/skaitytaknyga.lt\/#website\"},\"primaryImageOfPage\":{\"@id\":\"https:\/\/skaitytaknyga.lt\/produktas\/mokyklinis-tarptautiniu-zodziu-zodynas\/#primaryimage\"},\"image\":{\"@id\":\"https:\/\/skaitytaknyga.lt\/produktas\/mokyklinis-tarptautiniu-zodziu-zodynas\/#primaryimage\"},\"thumbnailUrl\":\"https:\/\/skaitytaknyga.lt\/wp-content\/uploads\/2024\/05\/1462881842_img0006.jpg\",\"datePublished\":\"2024-05-04T18:00:36+00:00\",\"dateModified\":\"2024-07-16T12:02:14+00:00\",\"description\":\"\u017dodyn\u0105 sudaro apie 20 000 \u017eod\u017ei\u0173. Jame surinkti ir ai\u0161kinami pirmiausia tie tarptautiniai \u017eod\u017eiai, kurie vartojami vidurini\u0173 mokykl\u0173 vadov\u0117liuose. \u012etraukta ir kit\u0173 tarptautini\u0173 \u017eod\u017ei\u0173, da\u017eniausiai vartojam\u0173 buityje. Skiriama auk\u0161tesni\u0173j\u0173 klasi\u0173 mokiniams.\",\"breadcrumb\":{\"@id\":\"https:\/\/skaitytaknyga.lt\/produktas\/mokyklinis-tarptautiniu-zodziu-zodynas\/#breadcrumb\"},\"inLanguage\":\"en-GB\",\"potentialAction\":[{\"@type\":\"ReadAction\",\"target\":[\"https:\/\/skaitytaknyga.lt\/produktas\/mokyklinis-tarptautiniu-zodziu-zodynas\/\"]}]},{\"@type\":\"ImageObject\",\"inLanguage\":\"en-GB\",\"@id\":\"https:\/\/skaitytaknyga.lt\/produktas\/mokyklinis-tarptautiniu-zodziu-zodynas\/#primaryimage\",\"url\":\"https:\/\/skaitytaknyga.lt\/wp-content\/uploads\/2024\/05\/1462881842_img0006.jpg\",\"contentUrl\":\"https:\/\/skaitytaknyga.lt\/wp-content\/uploads\/2024\/05\/1462881842_img0006.jpg\",\"width\":274,\"height\":430},{\"@type\":\"BreadcrumbList\",\"@id\":\"https:\/\/skaitytaknyga.lt\/produktas\/mokyklinis-tarptautiniu-zodziu-zodynas\/#breadcrumb\",\"itemListElement\":[{\"@type\":\"ListItem\",\"position\":1,\"name\":\"Home\",\"item\":\"https:\/\/skaitytaknyga.lt\/\"},{\"@type\":\"ListItem\",\"position\":2,\"name\":\"Parduotuv\u0117\",\"item\":\"https:\/\/skaitytaknyga.lt\/knygu-parduotuve\/\"},{\"@type\":\"ListItem\",\"position\":3,\"name\":\"Mokyklinis tarptautini\u0173 \u017eod\u017ei\u0173 \u017eodynas\"}]},{\"@type\":\"WebSite\",\"@id\":\"https:\/\/skaitytaknyga.lt\/#website\",\"url\":\"https:\/\/skaitytaknyga.lt\/\",\"name\":\"skaitytaknyga.lt\",\"description\":\"Skaitytaknyga.lt \u2013 tai ma\u017eas \u0161eimos verslas, kuris prasid\u0117jo nuo meil\u0117s knygoms ir siekio i\u0161gelb\u0117ti knygas nuo likimo prie konteinerio. Kas vienam nereikalingas daiktas \u2013 kitam lobis, o mes esame tarpininkai, kurie padeda abiems tapti laimingesniems ???? \u017dinome kaip nelengva i\u0161gyventi ma\u017eiems verslams, tad nuo \u0161iol, \u010dia rasite ir kit\u0173, ma\u017e\u0173 \u0161eim\u0173 versl\u0173, rank\u0173 darbo, dovan\u0173 sau ir artimiesiems.\",\"publisher\":{\"@id\":\"https:\/\/skaitytaknyga.lt\/#organization\"},\"potentialAction\":[{\"@type\":\"SearchAction\",\"target\":{\"@type\":\"EntryPoint\",\"urlTemplate\":\"https:\/\/skaitytaknyga.lt\/?s={search_term_string}\"},\"query-input\":{\"@type\":\"PropertyValueSpecification\",\"valueRequired\":true,\"valueName\":\"search_term_string\"}}],\"inLanguage\":\"en-GB\"},{\"@type\":\"Organization\",\"@id\":\"https:\/\/skaitytaknyga.lt\/#organization\",\"name\":\"skaitytaknyga.lt\",\"url\":\"https:\/\/skaitytaknyga.lt\/\",\"logo\":{\"@type\":\"ImageObject\",\"inLanguage\":\"en-GB\",\"@id\":\"https:\/\/skaitytaknyga.lt\/#\/schema\/logo\/image\/\",\"url\":\"https:\/\/skaitytaknyga.lt\/wp-content\/uploads\/2024\/05\/cropped-cropped-cropped-02_00843_jt3bggkj1j3HLc7SyY6rEUpg.jpeg\",\"contentUrl\":\"https:\/\/skaitytaknyga.lt\/wp-content\/uploads\/2024\/05\/cropped-cropped-cropped-02_00843_jt3bggkj1j3HLc7SyY6rEUpg.jpeg\",\"width\":1600,\"height\":1600,\"caption\":\"skaitytaknyga.lt\"},\"image\":{\"@id\":\"https:\/\/skaitytaknyga.lt\/#\/schema\/logo\/image\/\"},\"sameAs\":[\"https:\/\/www.facebook.com\/skaitytaknyga\/\"]}]}<\/script>\n<!-- \/ Yoast SEO plugin. -->","yoast_head_json":{"title":"Mokyklinis tarptautini\u0173 \u017eod\u017ei\u0173 \u017eodynas","description":"\u017dodyn\u0105 sudaro apie 20 000 \u017eod\u017ei\u0173. Jame surinkti ir ai\u0161kinami pirmiausia tie tarptautiniai \u017eod\u017eiai, kurie vartojami vidurini\u0173 mokykl\u0173 vadov\u0117liuose.  \u012etraukta ir kit\u0173 tarptautini\u0173 \u017eod\u017ei\u0173, da\u017eniausiai vartojam\u0173 buityje. Skiriama auk\u0161tesni\u0173j\u0173 klasi\u0173 mokiniams.","robots":{"index":"index","follow":"follow","max-snippet":"max-snippet:-1","max-image-preview":"max-image-preview:large","max-video-preview":"max-video-preview:-1"},"canonical":"https:\/\/skaitytaknyga.lt\/en\/produktas\/mokyklinis-tarptautiniu-zodziu-zodynas\/","og_locale":"en_GB","og_type":"article","og_title":"[:lt]Mokyklinis tarptautini\u0173 \u017eod\u017ei\u0173 \u017eodynas[:] - Skaitytaknyga","og_description":"\u017dodyn\u0105 sudaro apie 20 000 \u017eod\u017ei\u0173. Jame surinkti ir ai\u0161kinami pirmiausia tie tarptautiniai \u017eod\u017eiai, kurie vartojami vidurini\u0173 mokykl\u0173 vadov\u0117liuose.  \u012etraukta ir kit\u0173 tarptautini\u0173 \u017eod\u017ei\u0173, da\u017eniausiai vartojam\u0173 buityje. Skiriama auk\u0161tesni\u0173j\u0173 klasi\u0173 mokiniams.","og_url":"https:\/\/skaitytaknyga.lt\/en\/produktas\/mokyklinis-tarptautiniu-zodziu-zodynas\/","og_site_name":"Skaitytaknyga","article_publisher":"https:\/\/www.facebook.com\/skaitytaknyga\/","article_modified_time":"2024-07-16T12:02:14+00:00","og_image":[{"width":274,"height":430,"url":"https:\/\/skaitytaknyga.lt\/wp-content\/uploads\/2024\/05\/1462881842_img0006.jpg","type":"image\/jpeg"}],"twitter_card":"summary_large_image","schema":{"@context":"https:\/\/schema.org","@graph":[{"@type":"WebPage","@id":"https:\/\/skaitytaknyga.lt\/produktas\/mokyklinis-tarptautiniu-zodziu-zodynas\/","url":"https:\/\/skaitytaknyga.lt\/produktas\/mokyklinis-tarptautiniu-zodziu-zodynas\/","name":"Mokyklinis tarptautini\u0173 \u017eod\u017ei\u0173 \u017eodynas","isPartOf":{"@id":"https:\/\/skaitytaknyga.lt\/#website"},"primaryImageOfPage":{"@id":"https:\/\/skaitytaknyga.lt\/produktas\/mokyklinis-tarptautiniu-zodziu-zodynas\/#primaryimage"},"image":{"@id":"https:\/\/skaitytaknyga.lt\/produktas\/mokyklinis-tarptautiniu-zodziu-zodynas\/#primaryimage"},"thumbnailUrl":"https:\/\/skaitytaknyga.lt\/wp-content\/uploads\/2024\/05\/1462881842_img0006.jpg","datePublished":"2024-05-04T18:00:36+00:00","dateModified":"2024-07-16T12:02:14+00:00","description":"\u017dodyn\u0105 sudaro apie 20 000 \u017eod\u017ei\u0173. Jame surinkti ir ai\u0161kinami pirmiausia tie tarptautiniai \u017eod\u017eiai, kurie vartojami vidurini\u0173 mokykl\u0173 vadov\u0117liuose. \u012etraukta ir kit\u0173 tarptautini\u0173 \u017eod\u017ei\u0173, da\u017eniausiai vartojam\u0173 buityje. Skiriama auk\u0161tesni\u0173j\u0173 klasi\u0173 mokiniams.","breadcrumb":{"@id":"https:\/\/skaitytaknyga.lt\/produktas\/mokyklinis-tarptautiniu-zodziu-zodynas\/#breadcrumb"},"inLanguage":"en-GB","potentialAction":[{"@type":"ReadAction","target":["https:\/\/skaitytaknyga.lt\/produktas\/mokyklinis-tarptautiniu-zodziu-zodynas\/"]}]},{"@type":"ImageObject","inLanguage":"en-GB","@id":"https:\/\/skaitytaknyga.lt\/produktas\/mokyklinis-tarptautiniu-zodziu-zodynas\/#primaryimage","url":"https:\/\/skaitytaknyga.lt\/wp-content\/uploads\/2024\/05\/1462881842_img0006.jpg","contentUrl":"https:\/\/skaitytaknyga.lt\/wp-content\/uploads\/2024\/05\/1462881842_img0006.jpg","width":274,"height":430},{"@type":"BreadcrumbList","@id":"https:\/\/skaitytaknyga.lt\/produktas\/mokyklinis-tarptautiniu-zodziu-zodynas\/#breadcrumb","itemListElement":[{"@type":"ListItem","position":1,"name":"Home","item":"https:\/\/skaitytaknyga.lt\/"},{"@type":"ListItem","position":2,"name":"Parduotuv\u0117","item":"https:\/\/skaitytaknyga.lt\/knygu-parduotuve\/"},{"@type":"ListItem","position":3,"name":"Mokyklinis tarptautini\u0173 \u017eod\u017ei\u0173 \u017eodynas"}]},{"@type":"WebSite","@id":"https:\/\/skaitytaknyga.lt\/#website","url":"https:\/\/skaitytaknyga.lt\/","name":"skaitytaknyga.lt","description":"Skaitytaknyga.lt \u2013 tai ma\u017eas \u0161eimos verslas, kuris prasid\u0117jo nuo meil\u0117s knygoms ir siekio i\u0161gelb\u0117ti knygas nuo likimo prie konteinerio. Kas vienam nereikalingas daiktas \u2013 kitam lobis, o mes esame tarpininkai, kurie padeda abiems tapti laimingesniems ???? \u017dinome kaip nelengva i\u0161gyventi ma\u017eiems verslams, tad nuo \u0161iol, \u010dia rasite ir kit\u0173, ma\u017e\u0173 \u0161eim\u0173 versl\u0173, rank\u0173 darbo, dovan\u0173 sau ir artimiesiems.","publisher":{"@id":"https:\/\/skaitytaknyga.lt\/#organization"},"potentialAction":[{"@type":"SearchAction","target":{"@type":"EntryPoint","urlTemplate":"https:\/\/skaitytaknyga.lt\/?s={search_term_string}"},"query-input":{"@type":"PropertyValueSpecification","valueRequired":true,"valueName":"search_term_string"}}],"inLanguage":"en-GB"},{"@type":"Organization","@id":"https:\/\/skaitytaknyga.lt\/#organization","name":"skaitytaknyga.lt","url":"https:\/\/skaitytaknyga.lt\/","logo":{"@type":"ImageObject","inLanguage":"en-GB","@id":"https:\/\/skaitytaknyga.lt\/#\/schema\/logo\/image\/","url":"https:\/\/skaitytaknyga.lt\/wp-content\/uploads\/2024\/05\/cropped-cropped-cropped-02_00843_jt3bggkj1j3HLc7SyY6rEUpg.jpeg","contentUrl":"https:\/\/skaitytaknyga.lt\/wp-content\/uploads\/2024\/05\/cropped-cropped-cropped-02_00843_jt3bggkj1j3HLc7SyY6rEUpg.jpeg","width":1600,"height":1600,"caption":"skaitytaknyga.lt"},"image":{"@id":"https:\/\/skaitytaknyga.lt\/#\/schema\/logo\/image\/"},"sameAs":["https:\/\/www.facebook.com\/skaitytaknyga\/"]}]}},"_links":{"self":[{"href":"https:\/\/skaitytaknyga.lt\/en\/wp-json\/wp\/v2\/product\/9883","targetHints":{"allow":["GET"]}}],"collection":[{"href":"https:\/\/skaitytaknyga.lt\/en\/wp-json\/wp\/v2\/product"}],"about":[{"href":"https:\/\/skaitytaknyga.lt\/en\/wp-json\/wp\/v2\/types\/product"}],"replies":[{"embeddable":true,"href":"https:\/\/skaitytaknyga.lt\/en\/wp-json\/wp\/v2\/comments?post=9883"}],"wp:featuredmedia":[{"embeddable":true,"href":"https:\/\/skaitytaknyga.lt\/en\/wp-json\/wp\/v2\/media\/9926"}],"wp:attachment":[{"href":"https:\/\/skaitytaknyga.lt\/en\/wp-json\/wp\/v2\/media?parent=9883"}],"wp:term":[{"taxonomy":"product_brand","embeddable":true,"href":"https:\/\/skaitytaknyga.lt\/en\/wp-json\/wp\/v2\/product_brand?post=9883"},{"taxonomy":"product_cat","embeddable":true,"href":"https:\/\/skaitytaknyga.lt\/en\/wp-json\/wp\/v2\/product_cat?post=9883"},{"taxonomy":"product_tag","embeddable":true,"href":"https:\/\/skaitytaknyga.lt\/en\/wp-json\/wp\/v2\/product_tag?post=9883"}],"curies":[{"name":"wp","href":"https:\/\/api.w.org\/{rel}","templated":true}]}}