{"id":9882,"date":"2024-05-04T18:00:35","date_gmt":"2024-05-04T18:00:35","guid":{"rendered":"https:\/\/skaitytaknyga.lt\/?post_type=product&#038;p=9882"},"modified":"2024-07-16T15:02:27","modified_gmt":"2024-07-16T12:02:27","slug":"stanislovas-stonkus-sporto-terminu-zodynas","status":"publish","type":"product","link":"https:\/\/skaitytaknyga.lt\/en\/produktas\/stanislovas-stonkus-sporto-terminu-zodynas\/","title":{"rendered":"Stanislovas Stonkus \u201eSporto termin\u0173 \u017eodynas\u201c"},"content":{"rendered":"<p>Ai\u0161kinamajame enciklopediniame sporto termin\u0173 \u017eodyne sistemi\u0161kai pateikiami bendrieji sporto bei su juo susij\u0119 terminai, trumpai ai\u0161kinamas j\u0173 turinys, b\u016bdingosios reik\u0161m\u0117s, kartu stengiamasi pateikti b\u016bdiniausi\u0105 informacij\u0105 apie sporto rei\u0161kinius ir \u012fvykius, j\u0173 raid\u0105, svarb\u0105, savitumus, taip pat aptarti senov\u0117s atletikos bei m\u016bs\u0173 laik\u0173 sporto \u012fdomyb\u0117s.<\/p>\n<p>Skiriamas k\u016bno kult\u016bros ir sporto specialistams &#8211; sporto \u0161ak\u0173 treneriams, sportininkams, k\u016bno kult\u016bros mokytojams, d\u0117stytojams, sporto vadybininkams ir organizatoriams, sporto \u017eurnalistams, vert\u0117jams, taip pat visiems, kas domisi k\u016bno kult\u016bra, sportu, sveika gyvensena, fiziniu aktyvumu.<\/p>\n","protected":false},"excerpt":{"rendered":"<p>Ai\u0161kinamajame enciklopediniame sporto termin\u0173 \u017eodyne sistemi\u0161kai pateikiami bendrieji sporto bei su juo susij\u0119 terminai, trumpai ai\u0161kinamas j\u0173 turinys, b\u016bdingosios reik\u0161m\u0117s, kartu stengiamasi pateikti b\u016bdiniausi\u0105 informacij\u0105 apie sporto rei\u0161kinius ir \u012fvykius, j\u0173 raid\u0105, svarb\u0105, savitumus, taip pat aptarti senov\u0117s atletikos bei m\u016bs\u0173 laik\u0173 sporto \u012fdomyb\u0117s.<\/p>\n<p>Skiriamas k\u016bno kult\u016bros ir sporto specialistams &#8211; sporto \u0161ak\u0173 treneriams, sportininkams, k\u016bno kult\u016bros mokytojams, d\u0117stytojams, sporto vadybininkams ir organizatoriams, sporto \u017eurnalistams, vert\u0117jams, taip pat visiems, kas domisi k\u016bno kult\u016bra, sportu, sveika gyvensena, fiziniu aktyvumu.<\/p>\n","protected":false},"featured_media":9925,"comment_status":"closed","ping_status":"closed","template":"","meta":{"_acf_changed":false,"site-sidebar-layout":"default","site-content-layout":"","ast-site-content-layout":"default","site-content-style":"default","site-sidebar-style":"default","ast-global-header-display":"","ast-banner-title-visibility":"","ast-main-header-display":"","ast-hfb-above-header-display":"","ast-hfb-below-header-display":"","ast-hfb-mobile-header-display":"","site-post-title":"","ast-breadcrumbs-content":"","ast-featured-img":"","footer-sml-layout":"","ast-disable-related-posts":"","theme-transparent-header-meta":"","adv-header-id-meta":"","stick-header-meta":"","header-above-stick-meta":"","header-main-stick-meta":"","header-below-stick-meta":"","astra-migrate-meta-layouts":"default","ast-page-background-enabled":"default","ast-page-background-meta":{"desktop":{"background-color":"","background-image":"","background-repeat":"repeat","background-position":"center center","background-size":"auto","background-attachment":"scroll","background-type":"","background-media":"","overlay-type":"","overlay-color":"","overlay-opacity":"","overlay-gradient":""},"tablet":{"background-color":"","background-image":"","background-repeat":"repeat","background-position":"center center","background-size":"auto","background-attachment":"scroll","background-type":"","background-media":"","overlay-type":"","overlay-color":"","overlay-opacity":"","overlay-gradient":""},"mobile":{"background-color":"","background-image":"","background-repeat":"repeat","background-position":"center center","background-size":"auto","background-attachment":"scroll","background-type":"","background-media":"","overlay-type":"","overlay-color":"","overlay-opacity":"","overlay-gradient":""}},"ast-content-background-meta":{"desktop":{"background-color":"var(--ast-global-color-4)","background-image":"","background-repeat":"repeat","background-position":"center center","background-size":"auto","background-attachment":"scroll","background-type":"","background-media":"","overlay-type":"","overlay-color":"","overlay-opacity":"","overlay-gradient":""},"tablet":{"background-color":"var(--ast-global-color-4)","background-image":"","background-repeat":"repeat","background-position":"center center","background-size":"auto","background-attachment":"scroll","background-type":"","background-media":"","overlay-type":"","overlay-color":"","overlay-opacity":"","overlay-gradient":""},"mobile":{"background-color":"var(--ast-global-color-4)","background-image":"","background-repeat":"repeat","background-position":"center center","background-size":"auto","background-attachment":"scroll","background-type":"","background-media":"","overlay-type":"","overlay-color":"","overlay-opacity":"","overlay-gradient":""}}},"product_brand":[],"product_cat":[392,390,27],"product_tag":[],"class_list":{"0":"post-9882","1":"product","2":"type-product","3":"status-publish","4":"has-post-thumbnail","6":"product_cat-edukologija","7":"product_cat-kalba-kalbotyra-zodynai","8":"product_cat-sportas-laisvalaikis-rankdarbiai","9":"desktop-align-left","10":"tablet-align-left","11":"mobile-align-left","13":"first","14":"outofstock","15":"shipping-taxable","16":"purchasable","17":"product-type-simple"},"acf":[],"yoast_head":"<!-- This site is optimized with the Yoast SEO plugin v27.4 - https:\/\/yoast.com\/product\/yoast-seo-wordpress\/ -->\n<title>Stanislovas Stonkus \u201eSporto termin\u0173 \u017eodynas\u201c<\/title>\n<meta name=\"description\" content=\"Ai\u0161kinamajame enciklopediniame sporto termin\u0173 \u017eodyne sistemi\u0161kai pateikiami bendrieji sporto bei su juo susij\u0119 terminai, trumpai ai\u0161kinamas j\u0173 turinys, b\u016bdingosios reik\u0161m\u0117s, kartu stengiamasi pateikti b\u016bdiniausi\u0105 informacij\u0105 apie sporto rei\u0161kinius ir \u012fvykius, j\u0173 raid\u0105, svarb\u0105, savitumus, taip pat aptarti senov\u0117s atletikos bei m\u016bs\u0173 laik\u0173 sporto \u012fdomyb\u0117s.  Skiriamas k\u016bno kult\u016bros ir sporto specialistams - sporto \u0161ak\u0173 treneriams, sportininkams, k\u016bno kult\u016bros mokytojams, d\u0117stytojams, sporto vadybininkams ir organizatoriams, sporto \u017eurnalistams, vert\u0117jams, taip pat visiems, kas domisi k\u016bno kult\u016bra, sportu, sveika gyvensena, fiziniu aktyvumu.\" \/>\n<meta name=\"robots\" content=\"index, follow, max-snippet:-1, max-image-preview:large, max-video-preview:-1\" \/>\n<link rel=\"canonical\" href=\"https:\/\/skaitytaknyga.lt\/en\/produktas\/stanislovas-stonkus-sporto-terminu-zodynas\/\" \/>\n<meta property=\"og:locale\" content=\"en_GB\" \/>\n<meta property=\"og:locale:alternate\" content=\"lt_LT\" \/>\n<meta property=\"og:type\" content=\"article\" \/>\n<meta property=\"og:title\" content=\"Stanislovas Stonkus \u201eSporto termin\u0173 \u017eodynas\u201c\" \/>\n<meta property=\"og:description\" content=\"Ai\u0161kinamajame enciklopediniame sporto termin\u0173 \u017eodyne sistemi\u0161kai pateikiami bendrieji sporto bei su juo susij\u0119 terminai, trumpai ai\u0161kinamas j\u0173 turinys, b\u016bdingosios reik\u0161m\u0117s, kartu stengiamasi pateikti b\u016bdiniausi\u0105 informacij\u0105 apie sporto rei\u0161kinius ir \u012fvykius, j\u0173 raid\u0105, svarb\u0105, savitumus, taip pat aptarti senov\u0117s atletikos bei m\u016bs\u0173 laik\u0173 sporto \u012fdomyb\u0117s.  Skiriamas k\u016bno kult\u016bros ir sporto specialistams - sporto \u0161ak\u0173 treneriams, sportininkams, k\u016bno kult\u016bros mokytojams, d\u0117stytojams, sporto vadybininkams ir organizatoriams, sporto \u017eurnalistams, vert\u0117jams, taip pat visiems, kas domisi k\u016bno kult\u016bra, sportu, sveika gyvensena, fiziniu aktyvumu.\" \/>\n<meta property=\"og:url\" content=\"https:\/\/skaitytaknyga.lt\/en\/produktas\/stanislovas-stonkus-sporto-terminu-zodynas\/\" \/>\n<meta property=\"og:site_name\" content=\"Skaitytaknyga\" \/>\n<meta property=\"article:publisher\" content=\"https:\/\/www.facebook.com\/skaitytaknyga\/\" \/>\n<meta property=\"article:modified_time\" content=\"2024-07-16T12:02:27+00:00\" \/>\n<meta property=\"og:image\" content=\"https:\/\/skaitytaknyga.lt\/wp-content\/uploads\/2024\/05\/1462889727_img0007-002.jpg\" \/>\n\t<meta property=\"og:image:width\" content=\"295\" \/>\n\t<meta property=\"og:image:height\" content=\"430\" \/>\n\t<meta property=\"og:image:type\" content=\"image\/jpeg\" \/>\n<meta name=\"twitter:card\" content=\"summary_large_image\" \/>\n<script type=\"application\/ld+json\" class=\"yoast-schema-graph\">{\"@context\":\"https:\\\/\\\/schema.org\",\"@graph\":[{\"@type\":\"WebPage\",\"@id\":\"https:\\\/\\\/skaitytaknyga.lt\\\/produktas\\\/stanislovas-stonkus-sporto-terminu-zodynas\\\/\",\"url\":\"https:\\\/\\\/skaitytaknyga.lt\\\/produktas\\\/stanislovas-stonkus-sporto-terminu-zodynas\\\/\",\"name\":\"Stanislovas Stonkus \u201eSporto termin\u0173 \u017eodynas\u201c\",\"isPartOf\":{\"@id\":\"https:\\\/\\\/skaitytaknyga.lt\\\/#website\"},\"primaryImageOfPage\":{\"@id\":\"https:\\\/\\\/skaitytaknyga.lt\\\/produktas\\\/stanislovas-stonkus-sporto-terminu-zodynas\\\/#primaryimage\"},\"image\":{\"@id\":\"https:\\\/\\\/skaitytaknyga.lt\\\/produktas\\\/stanislovas-stonkus-sporto-terminu-zodynas\\\/#primaryimage\"},\"thumbnailUrl\":\"https:\\\/\\\/skaitytaknyga.lt\\\/wp-content\\\/uploads\\\/2024\\\/05\\\/1462889727_img0007-002.jpg\",\"datePublished\":\"2024-05-04T18:00:35+00:00\",\"dateModified\":\"2024-07-16T12:02:27+00:00\",\"description\":\"Ai\u0161kinamajame enciklopediniame sporto termin\u0173 \u017eodyne sistemi\u0161kai pateikiami bendrieji sporto bei su juo susij\u0119 terminai, trumpai ai\u0161kinamas j\u0173 turinys, b\u016bdingosios reik\u0161m\u0117s, kartu stengiamasi pateikti b\u016bdiniausi\u0105 informacij\u0105 apie sporto rei\u0161kinius ir \u012fvykius, j\u0173 raid\u0105, svarb\u0105, savitumus, taip pat aptarti senov\u0117s atletikos bei m\u016bs\u0173 laik\u0173 sporto \u012fdomyb\u0117s. Skiriamas k\u016bno kult\u016bros ir sporto specialistams - sporto \u0161ak\u0173 treneriams, sportininkams, k\u016bno kult\u016bros mokytojams, d\u0117stytojams, sporto vadybininkams ir organizatoriams, sporto \u017eurnalistams, vert\u0117jams, taip pat visiems, kas domisi k\u016bno kult\u016bra, sportu, sveika gyvensena, fiziniu aktyvumu.\",\"breadcrumb\":{\"@id\":\"https:\\\/\\\/skaitytaknyga.lt\\\/produktas\\\/stanislovas-stonkus-sporto-terminu-zodynas\\\/#breadcrumb\"},\"inLanguage\":\"en-GB\",\"potentialAction\":[{\"@type\":\"ReadAction\",\"target\":[\"https:\\\/\\\/skaitytaknyga.lt\\\/produktas\\\/stanislovas-stonkus-sporto-terminu-zodynas\\\/\"]}]},{\"@type\":\"ImageObject\",\"inLanguage\":\"en-GB\",\"@id\":\"https:\\\/\\\/skaitytaknyga.lt\\\/produktas\\\/stanislovas-stonkus-sporto-terminu-zodynas\\\/#primaryimage\",\"url\":\"https:\\\/\\\/skaitytaknyga.lt\\\/wp-content\\\/uploads\\\/2024\\\/05\\\/1462889727_img0007-002.jpg\",\"contentUrl\":\"https:\\\/\\\/skaitytaknyga.lt\\\/wp-content\\\/uploads\\\/2024\\\/05\\\/1462889727_img0007-002.jpg\",\"width\":295,\"height\":430},{\"@type\":\"BreadcrumbList\",\"@id\":\"https:\\\/\\\/skaitytaknyga.lt\\\/produktas\\\/stanislovas-stonkus-sporto-terminu-zodynas\\\/#breadcrumb\",\"itemListElement\":[{\"@type\":\"ListItem\",\"position\":1,\"name\":\"Home\",\"item\":\"https:\\\/\\\/skaitytaknyga.lt\\\/\"},{\"@type\":\"ListItem\",\"position\":2,\"name\":\"Parduotuv\u0117\",\"item\":\"https:\\\/\\\/skaitytaknyga.lt\\\/knygu-parduotuve\\\/\"},{\"@type\":\"ListItem\",\"position\":3,\"name\":\"Stanislovas Stonkus \u201eSporto termin\u0173 \u017eodynas\u201c\"}]},{\"@type\":\"WebSite\",\"@id\":\"https:\\\/\\\/skaitytaknyga.lt\\\/#website\",\"url\":\"https:\\\/\\\/skaitytaknyga.lt\\\/\",\"name\":\"skaitytaknyga.lt\",\"description\":\"Skaitytaknyga.lt \u2013 tai ma\u017eas \u0161eimos verslas, kuris prasid\u0117jo nuo meil\u0117s knygoms ir siekio i\u0161gelb\u0117ti knygas nuo likimo prie konteinerio. Kas vienam nereikalingas daiktas \u2013 kitam lobis, o mes esame tarpininkai, kurie padeda abiems tapti laimingesniems ???? \u017dinome kaip nelengva i\u0161gyventi ma\u017eiems verslams, tad nuo \u0161iol, \u010dia rasite ir kit\u0173, ma\u017e\u0173 \u0161eim\u0173 versl\u0173, rank\u0173 darbo, dovan\u0173 sau ir artimiesiems.\",\"publisher\":{\"@id\":\"https:\\\/\\\/skaitytaknyga.lt\\\/#organization\"},\"potentialAction\":[{\"@type\":\"SearchAction\",\"target\":{\"@type\":\"EntryPoint\",\"urlTemplate\":\"https:\\\/\\\/skaitytaknyga.lt\\\/?s={search_term_string}\"},\"query-input\":{\"@type\":\"PropertyValueSpecification\",\"valueRequired\":true,\"valueName\":\"search_term_string\"}}],\"inLanguage\":\"en-GB\"},{\"@type\":\"Organization\",\"@id\":\"https:\\\/\\\/skaitytaknyga.lt\\\/#organization\",\"name\":\"skaitytaknyga.lt\",\"url\":\"https:\\\/\\\/skaitytaknyga.lt\\\/\",\"logo\":{\"@type\":\"ImageObject\",\"inLanguage\":\"en-GB\",\"@id\":\"https:\\\/\\\/skaitytaknyga.lt\\\/#\\\/schema\\\/logo\\\/image\\\/\",\"url\":\"https:\\\/\\\/skaitytaknyga.lt\\\/wp-content\\\/uploads\\\/2024\\\/05\\\/cropped-cropped-cropped-02_00843_jt3bggkj1j3HLc7SyY6rEUpg.jpeg\",\"contentUrl\":\"https:\\\/\\\/skaitytaknyga.lt\\\/wp-content\\\/uploads\\\/2024\\\/05\\\/cropped-cropped-cropped-02_00843_jt3bggkj1j3HLc7SyY6rEUpg.jpeg\",\"width\":1600,\"height\":1600,\"caption\":\"skaitytaknyga.lt\"},\"image\":{\"@id\":\"https:\\\/\\\/skaitytaknyga.lt\\\/#\\\/schema\\\/logo\\\/image\\\/\"},\"sameAs\":[\"https:\\\/\\\/www.facebook.com\\\/skaitytaknyga\\\/\"]}]}<\/script>\n<!-- \/ Yoast SEO plugin. -->","yoast_head_json":{"title":"Stanislovas Stonkus \u201eSporto termin\u0173 \u017eodynas\u201c","description":"Ai\u0161kinamajame enciklopediniame sporto termin\u0173 \u017eodyne sistemi\u0161kai pateikiami bendrieji sporto bei su juo susij\u0119 terminai, trumpai ai\u0161kinamas j\u0173 turinys, b\u016bdingosios reik\u0161m\u0117s, kartu stengiamasi pateikti b\u016bdiniausi\u0105 informacij\u0105 apie sporto rei\u0161kinius ir \u012fvykius, j\u0173 raid\u0105, svarb\u0105, savitumus, taip pat aptarti senov\u0117s atletikos bei m\u016bs\u0173 laik\u0173 sporto \u012fdomyb\u0117s.  Skiriamas k\u016bno kult\u016bros ir sporto specialistams - sporto \u0161ak\u0173 treneriams, sportininkams, k\u016bno kult\u016bros mokytojams, d\u0117stytojams, sporto vadybininkams ir organizatoriams, sporto \u017eurnalistams, vert\u0117jams, taip pat visiems, kas domisi k\u016bno kult\u016bra, sportu, sveika gyvensena, fiziniu aktyvumu.","robots":{"index":"index","follow":"follow","max-snippet":"max-snippet:-1","max-image-preview":"max-image-preview:large","max-video-preview":"max-video-preview:-1"},"canonical":"https:\/\/skaitytaknyga.lt\/en\/produktas\/stanislovas-stonkus-sporto-terminu-zodynas\/","og_locale":"en_GB","og_type":"article","og_title":"[:lt]Stanislovas Stonkus \u201eSporto termin\u0173 \u017eodynas\u201c[:] - Skaitytaknyga","og_description":"Ai\u0161kinamajame enciklopediniame sporto termin\u0173 \u017eodyne sistemi\u0161kai pateikiami bendrieji sporto bei su juo susij\u0119 terminai, trumpai ai\u0161kinamas j\u0173 turinys, b\u016bdingosios reik\u0161m\u0117s, kartu stengiamasi pateikti b\u016bdiniausi\u0105 informacij\u0105 apie sporto rei\u0161kinius ir \u012fvykius, j\u0173 raid\u0105, svarb\u0105, savitumus, taip pat aptarti senov\u0117s atletikos bei m\u016bs\u0173 laik\u0173 sporto \u012fdomyb\u0117s.  Skiriamas k\u016bno kult\u016bros ir sporto specialistams - sporto \u0161ak\u0173 treneriams, sportininkams, k\u016bno kult\u016bros mokytojams, d\u0117stytojams, sporto vadybininkams ir organizatoriams, sporto \u017eurnalistams, vert\u0117jams, taip pat visiems, kas domisi k\u016bno kult\u016bra, sportu, sveika gyvensena, fiziniu aktyvumu.","og_url":"https:\/\/skaitytaknyga.lt\/en\/produktas\/stanislovas-stonkus-sporto-terminu-zodynas\/","og_site_name":"Skaitytaknyga","article_publisher":"https:\/\/www.facebook.com\/skaitytaknyga\/","article_modified_time":"2024-07-16T12:02:27+00:00","og_image":[{"width":295,"height":430,"url":"https:\/\/skaitytaknyga.lt\/wp-content\/uploads\/2024\/05\/1462889727_img0007-002.jpg","type":"image\/jpeg"}],"twitter_card":"summary_large_image","schema":{"@context":"https:\/\/schema.org","@graph":[{"@type":"WebPage","@id":"https:\/\/skaitytaknyga.lt\/produktas\/stanislovas-stonkus-sporto-terminu-zodynas\/","url":"https:\/\/skaitytaknyga.lt\/produktas\/stanislovas-stonkus-sporto-terminu-zodynas\/","name":"Stanislovas Stonkus \u201eSporto termin\u0173 \u017eodynas\u201c","isPartOf":{"@id":"https:\/\/skaitytaknyga.lt\/#website"},"primaryImageOfPage":{"@id":"https:\/\/skaitytaknyga.lt\/produktas\/stanislovas-stonkus-sporto-terminu-zodynas\/#primaryimage"},"image":{"@id":"https:\/\/skaitytaknyga.lt\/produktas\/stanislovas-stonkus-sporto-terminu-zodynas\/#primaryimage"},"thumbnailUrl":"https:\/\/skaitytaknyga.lt\/wp-content\/uploads\/2024\/05\/1462889727_img0007-002.jpg","datePublished":"2024-05-04T18:00:35+00:00","dateModified":"2024-07-16T12:02:27+00:00","description":"Ai\u0161kinamajame enciklopediniame sporto termin\u0173 \u017eodyne sistemi\u0161kai pateikiami bendrieji sporto bei su juo susij\u0119 terminai, trumpai ai\u0161kinamas j\u0173 turinys, b\u016bdingosios reik\u0161m\u0117s, kartu stengiamasi pateikti b\u016bdiniausi\u0105 informacij\u0105 apie sporto rei\u0161kinius ir \u012fvykius, j\u0173 raid\u0105, svarb\u0105, savitumus, taip pat aptarti senov\u0117s atletikos bei m\u016bs\u0173 laik\u0173 sporto \u012fdomyb\u0117s. Skiriamas k\u016bno kult\u016bros ir sporto specialistams - sporto \u0161ak\u0173 treneriams, sportininkams, k\u016bno kult\u016bros mokytojams, d\u0117stytojams, sporto vadybininkams ir organizatoriams, sporto \u017eurnalistams, vert\u0117jams, taip pat visiems, kas domisi k\u016bno kult\u016bra, sportu, sveika gyvensena, fiziniu aktyvumu.","breadcrumb":{"@id":"https:\/\/skaitytaknyga.lt\/produktas\/stanislovas-stonkus-sporto-terminu-zodynas\/#breadcrumb"},"inLanguage":"en-GB","potentialAction":[{"@type":"ReadAction","target":["https:\/\/skaitytaknyga.lt\/produktas\/stanislovas-stonkus-sporto-terminu-zodynas\/"]}]},{"@type":"ImageObject","inLanguage":"en-GB","@id":"https:\/\/skaitytaknyga.lt\/produktas\/stanislovas-stonkus-sporto-terminu-zodynas\/#primaryimage","url":"https:\/\/skaitytaknyga.lt\/wp-content\/uploads\/2024\/05\/1462889727_img0007-002.jpg","contentUrl":"https:\/\/skaitytaknyga.lt\/wp-content\/uploads\/2024\/05\/1462889727_img0007-002.jpg","width":295,"height":430},{"@type":"BreadcrumbList","@id":"https:\/\/skaitytaknyga.lt\/produktas\/stanislovas-stonkus-sporto-terminu-zodynas\/#breadcrumb","itemListElement":[{"@type":"ListItem","position":1,"name":"Home","item":"https:\/\/skaitytaknyga.lt\/"},{"@type":"ListItem","position":2,"name":"Parduotuv\u0117","item":"https:\/\/skaitytaknyga.lt\/knygu-parduotuve\/"},{"@type":"ListItem","position":3,"name":"Stanislovas Stonkus \u201eSporto termin\u0173 \u017eodynas\u201c"}]},{"@type":"WebSite","@id":"https:\/\/skaitytaknyga.lt\/#website","url":"https:\/\/skaitytaknyga.lt\/","name":"skaitytaknyga.lt","description":"Skaitytaknyga.lt \u2013 tai ma\u017eas \u0161eimos verslas, kuris prasid\u0117jo nuo meil\u0117s knygoms ir siekio i\u0161gelb\u0117ti knygas nuo likimo prie konteinerio. Kas vienam nereikalingas daiktas \u2013 kitam lobis, o mes esame tarpininkai, kurie padeda abiems tapti laimingesniems ???? \u017dinome kaip nelengva i\u0161gyventi ma\u017eiems verslams, tad nuo \u0161iol, \u010dia rasite ir kit\u0173, ma\u017e\u0173 \u0161eim\u0173 versl\u0173, rank\u0173 darbo, dovan\u0173 sau ir artimiesiems.","publisher":{"@id":"https:\/\/skaitytaknyga.lt\/#organization"},"potentialAction":[{"@type":"SearchAction","target":{"@type":"EntryPoint","urlTemplate":"https:\/\/skaitytaknyga.lt\/?s={search_term_string}"},"query-input":{"@type":"PropertyValueSpecification","valueRequired":true,"valueName":"search_term_string"}}],"inLanguage":"en-GB"},{"@type":"Organization","@id":"https:\/\/skaitytaknyga.lt\/#organization","name":"skaitytaknyga.lt","url":"https:\/\/skaitytaknyga.lt\/","logo":{"@type":"ImageObject","inLanguage":"en-GB","@id":"https:\/\/skaitytaknyga.lt\/#\/schema\/logo\/image\/","url":"https:\/\/skaitytaknyga.lt\/wp-content\/uploads\/2024\/05\/cropped-cropped-cropped-02_00843_jt3bggkj1j3HLc7SyY6rEUpg.jpeg","contentUrl":"https:\/\/skaitytaknyga.lt\/wp-content\/uploads\/2024\/05\/cropped-cropped-cropped-02_00843_jt3bggkj1j3HLc7SyY6rEUpg.jpeg","width":1600,"height":1600,"caption":"skaitytaknyga.lt"},"image":{"@id":"https:\/\/skaitytaknyga.lt\/#\/schema\/logo\/image\/"},"sameAs":["https:\/\/www.facebook.com\/skaitytaknyga\/"]}]}},"_links":{"self":[{"href":"https:\/\/skaitytaknyga.lt\/en\/wp-json\/wp\/v2\/product\/9882","targetHints":{"allow":["GET"]}}],"collection":[{"href":"https:\/\/skaitytaknyga.lt\/en\/wp-json\/wp\/v2\/product"}],"about":[{"href":"https:\/\/skaitytaknyga.lt\/en\/wp-json\/wp\/v2\/types\/product"}],"replies":[{"embeddable":true,"href":"https:\/\/skaitytaknyga.lt\/en\/wp-json\/wp\/v2\/comments?post=9882"}],"wp:featuredmedia":[{"embeddable":true,"href":"https:\/\/skaitytaknyga.lt\/en\/wp-json\/wp\/v2\/media\/9925"}],"wp:attachment":[{"href":"https:\/\/skaitytaknyga.lt\/en\/wp-json\/wp\/v2\/media?parent=9882"}],"wp:term":[{"taxonomy":"product_brand","embeddable":true,"href":"https:\/\/skaitytaknyga.lt\/en\/wp-json\/wp\/v2\/product_brand?post=9882"},{"taxonomy":"product_cat","embeddable":true,"href":"https:\/\/skaitytaknyga.lt\/en\/wp-json\/wp\/v2\/product_cat?post=9882"},{"taxonomy":"product_tag","embeddable":true,"href":"https:\/\/skaitytaknyga.lt\/en\/wp-json\/wp\/v2\/product_tag?post=9882"}],"curies":[{"name":"wp","href":"https:\/\/api.w.org\/{rel}","templated":true}]}}