{"id":9869,"date":"2024-05-04T18:00:11","date_gmt":"2024-05-04T18:00:11","guid":{"rendered":"https:\/\/skaitytaknyga.lt\/?post_type=product&#038;p=9869"},"modified":"2025-07-22T15:52:40","modified_gmt":"2025-07-22T12:52:40","slug":"tomas-bagdonavicius-verslas-be-rizikos","status":"publish","type":"product","link":"https:\/\/skaitytaknyga.lt\/en\/produktas\/tomas-bagdonavicius-verslas-be-rizikos\/","title":{"rendered":"Tomas Bagdonavi\u010dius \u201eVerslas be rizikos?\u201c"},"content":{"rendered":"<p><em>&#8220;Per ateinan\u010dius de\u0161imt met\u0173 milijonai \u017emoni\u0173 pasaulyje \u012fsteigs pelningas \u012fmones. A\u0161 noriu, kad bent viena b\u016bt\u0173 j\u016bs\u0173.<\/p>\n<p>Tod\u0117l knygoje\u00a0<strong>&#8220;Verslas be rizikos&#8221;<\/strong>\u00a0apra\u0161iau, kaip niekuo nerizikuodami galite susikurti pelning\u0105 versl\u0105 \u2013 pinig\u0173 ma\u0161in\u0105, kuri i\u0161laisvins jus i\u0161 rutinos ir kiekvien\u0105 m\u0117nes\u012f apmok\u0117s j\u016bs\u0173 s\u0105skaitas.<\/p>\n<p>Neskaitykite \u0161ios knygos, jei esate samdomas darbuotojas ir toliau norite kiekvien\u0105 ryt\u0105, kaip ir visi normal\u016bs \u017emon\u0117s, va\u017eiuoti \u012f darb\u0105 ir per metus tur\u0117ti tik vien\u0105 m\u0117nes\u012f atostog\u0173. \u0160i knyga \u2013 i\u0161silaisvinimo vadovas, kuris leis jums patirti tai, ko niekada nepatirs daugelis normali\u0173 \u017emoni\u0173.&#8221;<\/em><\/p>\n","protected":false},"excerpt":{"rendered":"<p><em>&#8220;Per ateinan\u010dius de\u0161imt met\u0173 milijonai \u017emoni\u0173 pasaulyje \u012fsteigs pelningas \u012fmones. A\u0161 noriu, kad bent viena b\u016bt\u0173 j\u016bs\u0173.<\/p>\n<p>Tod\u0117l knygoje\u00a0<strong>&#8220;Verslas be rizikos&#8221;<\/strong>\u00a0apra\u0161iau, kaip niekuo nerizikuodami galite susikurti pelning\u0105 versl\u0105 \u2013 pinig\u0173 ma\u0161in\u0105, kuri i\u0161laisvins jus i\u0161 rutinos ir kiekvien\u0105 m\u0117nes\u012f apmok\u0117s j\u016bs\u0173 s\u0105skaitas.<\/p>\n<p>Neskaitykite \u0161ios knygos, jei esate samdomas darbuotojas ir toliau norite kiekvien\u0105 ryt\u0105, kaip ir visi normal\u016bs \u017emon\u0117s, va\u017eiuoti \u012f darb\u0105 ir per metus tur\u0117ti tik vien\u0105 m\u0117nes\u012f atostog\u0173. \u0160i knyga \u2013 i\u0161silaisvinimo vadovas, kuris leis jums patirti tai, ko niekada nepatirs daugelis normali\u0173 \u017emoni\u0173.&#8221;<\/em><\/p>\n","protected":false},"featured_media":9921,"comment_status":"closed","ping_status":"closed","template":"","meta":{"_acf_changed":false,"site-sidebar-layout":"default","site-content-layout":"","ast-site-content-layout":"default","site-content-style":"default","site-sidebar-style":"default","ast-global-header-display":"","ast-banner-title-visibility":"","ast-main-header-display":"","ast-hfb-above-header-display":"","ast-hfb-below-header-display":"","ast-hfb-mobile-header-display":"","site-post-title":"","ast-breadcrumbs-content":"","ast-featured-img":"","footer-sml-layout":"","ast-disable-related-posts":"","theme-transparent-header-meta":"","adv-header-id-meta":"","stick-header-meta":"","header-above-stick-meta":"","header-main-stick-meta":"","header-below-stick-meta":"","astra-migrate-meta-layouts":"default","ast-page-background-enabled":"default","ast-page-background-meta":{"desktop":{"background-color":"","background-image":"","background-repeat":"repeat","background-position":"center center","background-size":"auto","background-attachment":"scroll","background-type":"","background-media":"","overlay-type":"","overlay-color":"","overlay-opacity":"","overlay-gradient":""},"tablet":{"background-color":"","background-image":"","background-repeat":"repeat","background-position":"center center","background-size":"auto","background-attachment":"scroll","background-type":"","background-media":"","overlay-type":"","overlay-color":"","overlay-opacity":"","overlay-gradient":""},"mobile":{"background-color":"","background-image":"","background-repeat":"repeat","background-position":"center center","background-size":"auto","background-attachment":"scroll","background-type":"","background-media":"","overlay-type":"","overlay-color":"","overlay-opacity":"","overlay-gradient":""}},"ast-content-background-meta":{"desktop":{"background-color":"var(--ast-global-color-4)","background-image":"","background-repeat":"repeat","background-position":"center center","background-size":"auto","background-attachment":"scroll","background-type":"","background-media":"","overlay-type":"","overlay-color":"","overlay-opacity":"","overlay-gradient":""},"tablet":{"background-color":"var(--ast-global-color-4)","background-image":"","background-repeat":"repeat","background-position":"center center","background-size":"auto","background-attachment":"scroll","background-type":"","background-media":"","overlay-type":"","overlay-color":"","overlay-opacity":"","overlay-gradient":""},"mobile":{"background-color":"var(--ast-global-color-4)","background-image":"","background-repeat":"repeat","background-position":"center center","background-size":"auto","background-attachment":"scroll","background-type":"","background-media":"","overlay-type":"","overlay-color":"","overlay-opacity":"","overlay-gradient":""}}},"product_brand":[],"product_cat":[26],"product_tag":[],"class_list":{"0":"post-9869","1":"product","2":"type-product","3":"status-publish","4":"has-post-thumbnail","6":"product_cat-verslas-vadyba-ir-finansai","7":"desktop-align-left","8":"tablet-align-left","9":"mobile-align-left","11":"first","12":"outofstock","13":"shipping-taxable","14":"purchasable","15":"product-type-simple"},"acf":[],"yoast_head":"<!-- This site is optimized with the Yoast SEO plugin v27.4 - https:\/\/yoast.com\/product\/yoast-seo-wordpress\/ -->\n<title>Tomas Bagdonavi\u010dius \u201eVerslas be rizikos?\u201c - Skaitytaknyga<\/title>\n<meta name=\"description\" content=\"&quot;Per ateinan\u010dius de\u0161imt met\u0173 milijonai \u017emoni\u0173 pasaulyje \u012fsteigs pelningas \u012fmones. A\u0161 noriu, kad bent viena b\u016bt\u0173 j\u016bs\u0173.  Tod\u0117l knygoje\u00a0&quot;Verslas be rizikos&quot;\u00a0apra\u0161iau, kaip niekuo nerizikuodami galite susikurti pelning\u0105 versl\u0105 \u2013 pinig\u0173 ma\u0161in\u0105, kuri i\u0161laisvins jus i\u0161 rutinos ir kiekvien\u0105 m\u0117nes\u012f apmok\u0117s j\u016bs\u0173 s\u0105skaitas.  Neskaitykite \u0161ios knygos, jei esate samdomas darbuotojas ir toliau norite kiekvien\u0105 ryt\u0105, kaip ir visi normal\u016bs \u017emon\u0117s, va\u017eiuoti \u012f darb\u0105 ir per metus tur\u0117ti tik vien\u0105 m\u0117nes\u012f atostog\u0173. \u0160i knyga \u2013 i\u0161silaisvinimo vadovas, kuris leis jums patirti tai, ko niekada nepatirs daugelis normali\u0173 \u017emoni\u0173.&quot;\" \/>\n<meta name=\"robots\" content=\"index, follow, max-snippet:-1, max-image-preview:large, max-video-preview:-1\" \/>\n<link rel=\"canonical\" href=\"https:\/\/skaitytaknyga.lt\/en\/produktas\/tomas-bagdonavicius-verslas-be-rizikos\/\" \/>\n<meta property=\"og:locale\" content=\"en_GB\" \/>\n<meta property=\"og:locale:alternate\" content=\"lt_LT\" \/>\n<meta property=\"og:type\" content=\"article\" \/>\n<meta property=\"og:title\" content=\"Tomas Bagdonavi\u010dius \u201eVerslas be rizikos?\u201c - Skaitytaknyga\" \/>\n<meta property=\"og:description\" content=\"&quot;Per ateinan\u010dius de\u0161imt met\u0173 milijonai \u017emoni\u0173 pasaulyje \u012fsteigs pelningas \u012fmones. A\u0161 noriu, kad bent viena b\u016bt\u0173 j\u016bs\u0173.  Tod\u0117l knygoje\u00a0&quot;Verslas be rizikos&quot;\u00a0apra\u0161iau, kaip niekuo nerizikuodami galite susikurti pelning\u0105 versl\u0105 \u2013 pinig\u0173 ma\u0161in\u0105, kuri i\u0161laisvins jus i\u0161 rutinos ir kiekvien\u0105 m\u0117nes\u012f apmok\u0117s j\u016bs\u0173 s\u0105skaitas.  Neskaitykite \u0161ios knygos, jei esate samdomas darbuotojas ir toliau norite kiekvien\u0105 ryt\u0105, kaip ir visi normal\u016bs \u017emon\u0117s, va\u017eiuoti \u012f darb\u0105 ir per metus tur\u0117ti tik vien\u0105 m\u0117nes\u012f atostog\u0173. \u0160i knyga \u2013 i\u0161silaisvinimo vadovas, kuris leis jums patirti tai, ko niekada nepatirs daugelis normali\u0173 \u017emoni\u0173.&quot;\" \/>\n<meta property=\"og:url\" content=\"https:\/\/skaitytaknyga.lt\/en\/produktas\/tomas-bagdonavicius-verslas-be-rizikos\/\" \/>\n<meta property=\"og:site_name\" content=\"Skaitytaknyga\" \/>\n<meta property=\"article:publisher\" content=\"https:\/\/www.facebook.com\/skaitytaknyga\/\" \/>\n<meta property=\"article:modified_time\" content=\"2025-07-22T12:52:40+00:00\" \/>\n<meta property=\"og:image\" content=\"https:\/\/skaitytaknyga.lt\/wp-content\/uploads\/2024\/05\/verslas-be-rizikos.jpg\" \/>\n\t<meta property=\"og:image:width\" content=\"322\" \/>\n\t<meta property=\"og:image:height\" content=\"450\" \/>\n\t<meta property=\"og:image:type\" content=\"image\/jpeg\" \/>\n<meta name=\"twitter:card\" content=\"summary_large_image\" \/>\n<meta name=\"twitter:label1\" content=\"Estimated reading time\" \/>\n\t<meta name=\"twitter:data1\" content=\"1 minute\" \/>\n<script type=\"application\/ld+json\" class=\"yoast-schema-graph\">{\"@context\":\"https:\\\/\\\/schema.org\",\"@graph\":[{\"@type\":\"WebPage\",\"@id\":\"https:\\\/\\\/skaitytaknyga.lt\\\/produktas\\\/tomas-bagdonavicius-verslas-be-rizikos\\\/\",\"url\":\"https:\\\/\\\/skaitytaknyga.lt\\\/produktas\\\/tomas-bagdonavicius-verslas-be-rizikos\\\/\",\"name\":\"Tomas Bagdonavi\u010dius \u201eVerslas be rizikos?\u201c - Skaitytaknyga\",\"isPartOf\":{\"@id\":\"https:\\\/\\\/skaitytaknyga.lt\\\/#website\"},\"primaryImageOfPage\":{\"@id\":\"https:\\\/\\\/skaitytaknyga.lt\\\/produktas\\\/tomas-bagdonavicius-verslas-be-rizikos\\\/#primaryimage\"},\"image\":{\"@id\":\"https:\\\/\\\/skaitytaknyga.lt\\\/produktas\\\/tomas-bagdonavicius-verslas-be-rizikos\\\/#primaryimage\"},\"thumbnailUrl\":\"https:\\\/\\\/skaitytaknyga.lt\\\/wp-content\\\/uploads\\\/2024\\\/05\\\/verslas-be-rizikos.jpg\",\"datePublished\":\"2024-05-04T18:00:11+00:00\",\"dateModified\":\"2025-07-22T12:52:40+00:00\",\"description\":\"\\\"Per ateinan\u010dius de\u0161imt met\u0173 milijonai \u017emoni\u0173 pasaulyje \u012fsteigs pelningas \u012fmones. A\u0161 noriu, kad bent viena b\u016bt\u0173 j\u016bs\u0173. Tod\u0117l knygoje\u00a0\\\"Verslas be rizikos\\\"\u00a0apra\u0161iau, kaip niekuo nerizikuodami galite susikurti pelning\u0105 versl\u0105 \u2013 pinig\u0173 ma\u0161in\u0105, kuri i\u0161laisvins jus i\u0161 rutinos ir kiekvien\u0105 m\u0117nes\u012f apmok\u0117s j\u016bs\u0173 s\u0105skaitas. Neskaitykite \u0161ios knygos, jei esate samdomas darbuotojas ir toliau norite kiekvien\u0105 ryt\u0105, kaip ir visi normal\u016bs \u017emon\u0117s, va\u017eiuoti \u012f darb\u0105 ir per metus tur\u0117ti tik vien\u0105 m\u0117nes\u012f atostog\u0173. \u0160i knyga \u2013 i\u0161silaisvinimo vadovas, kuris leis jums patirti tai, ko niekada nepatirs daugelis normali\u0173 \u017emoni\u0173.\\\"\",\"breadcrumb\":{\"@id\":\"https:\\\/\\\/skaitytaknyga.lt\\\/produktas\\\/tomas-bagdonavicius-verslas-be-rizikos\\\/#breadcrumb\"},\"inLanguage\":\"en-GB\",\"potentialAction\":[{\"@type\":\"ReadAction\",\"target\":[\"https:\\\/\\\/skaitytaknyga.lt\\\/produktas\\\/tomas-bagdonavicius-verslas-be-rizikos\\\/\"]}]},{\"@type\":\"ImageObject\",\"inLanguage\":\"en-GB\",\"@id\":\"https:\\\/\\\/skaitytaknyga.lt\\\/produktas\\\/tomas-bagdonavicius-verslas-be-rizikos\\\/#primaryimage\",\"url\":\"https:\\\/\\\/skaitytaknyga.lt\\\/wp-content\\\/uploads\\\/2024\\\/05\\\/verslas-be-rizikos.jpg\",\"contentUrl\":\"https:\\\/\\\/skaitytaknyga.lt\\\/wp-content\\\/uploads\\\/2024\\\/05\\\/verslas-be-rizikos.jpg\",\"width\":322,\"height\":450},{\"@type\":\"BreadcrumbList\",\"@id\":\"https:\\\/\\\/skaitytaknyga.lt\\\/produktas\\\/tomas-bagdonavicius-verslas-be-rizikos\\\/#breadcrumb\",\"itemListElement\":[{\"@type\":\"ListItem\",\"position\":1,\"name\":\"Home\",\"item\":\"https:\\\/\\\/skaitytaknyga.lt\\\/\"},{\"@type\":\"ListItem\",\"position\":2,\"name\":\"Parduotuv\u0117\",\"item\":\"https:\\\/\\\/skaitytaknyga.lt\\\/knygu-parduotuve\\\/\"},{\"@type\":\"ListItem\",\"position\":3,\"name\":\"Tomas Bagdonavi\u010dius \u201eVerslas be rizikos?\u201c\"}]},{\"@type\":\"WebSite\",\"@id\":\"https:\\\/\\\/skaitytaknyga.lt\\\/#website\",\"url\":\"https:\\\/\\\/skaitytaknyga.lt\\\/\",\"name\":\"skaitytaknyga.lt\",\"description\":\"Skaitytaknyga.lt \u2013 tai ma\u017eas \u0161eimos verslas, kuris prasid\u0117jo nuo meil\u0117s knygoms ir siekio i\u0161gelb\u0117ti knygas nuo likimo prie konteinerio. Kas vienam nereikalingas daiktas \u2013 kitam lobis, o mes esame tarpininkai, kurie padeda abiems tapti laimingesniems ???? \u017dinome kaip nelengva i\u0161gyventi ma\u017eiems verslams, tad nuo \u0161iol, \u010dia rasite ir kit\u0173, ma\u017e\u0173 \u0161eim\u0173 versl\u0173, rank\u0173 darbo, dovan\u0173 sau ir artimiesiems.\",\"publisher\":{\"@id\":\"https:\\\/\\\/skaitytaknyga.lt\\\/#organization\"},\"potentialAction\":[{\"@type\":\"SearchAction\",\"target\":{\"@type\":\"EntryPoint\",\"urlTemplate\":\"https:\\\/\\\/skaitytaknyga.lt\\\/?s={search_term_string}\"},\"query-input\":{\"@type\":\"PropertyValueSpecification\",\"valueRequired\":true,\"valueName\":\"search_term_string\"}}],\"inLanguage\":\"en-GB\"},{\"@type\":\"Organization\",\"@id\":\"https:\\\/\\\/skaitytaknyga.lt\\\/#organization\",\"name\":\"skaitytaknyga.lt\",\"url\":\"https:\\\/\\\/skaitytaknyga.lt\\\/\",\"logo\":{\"@type\":\"ImageObject\",\"inLanguage\":\"en-GB\",\"@id\":\"https:\\\/\\\/skaitytaknyga.lt\\\/#\\\/schema\\\/logo\\\/image\\\/\",\"url\":\"https:\\\/\\\/skaitytaknyga.lt\\\/wp-content\\\/uploads\\\/2024\\\/05\\\/cropped-cropped-cropped-02_00843_jt3bggkj1j3HLc7SyY6rEUpg.jpeg\",\"contentUrl\":\"https:\\\/\\\/skaitytaknyga.lt\\\/wp-content\\\/uploads\\\/2024\\\/05\\\/cropped-cropped-cropped-02_00843_jt3bggkj1j3HLc7SyY6rEUpg.jpeg\",\"width\":1600,\"height\":1600,\"caption\":\"skaitytaknyga.lt\"},\"image\":{\"@id\":\"https:\\\/\\\/skaitytaknyga.lt\\\/#\\\/schema\\\/logo\\\/image\\\/\"},\"sameAs\":[\"https:\\\/\\\/www.facebook.com\\\/skaitytaknyga\\\/\"]}]}<\/script>\n<!-- \/ Yoast SEO plugin. -->","yoast_head_json":{"title":"Tomas Bagdonavi\u010dius \u201eVerslas be rizikos?\u201c - Skaitytaknyga","description":"\"Per ateinan\u010dius de\u0161imt met\u0173 milijonai \u017emoni\u0173 pasaulyje \u012fsteigs pelningas \u012fmones. A\u0161 noriu, kad bent viena b\u016bt\u0173 j\u016bs\u0173.  Tod\u0117l knygoje\u00a0\"Verslas be rizikos\"\u00a0apra\u0161iau, kaip niekuo nerizikuodami galite susikurti pelning\u0105 versl\u0105 \u2013 pinig\u0173 ma\u0161in\u0105, kuri i\u0161laisvins jus i\u0161 rutinos ir kiekvien\u0105 m\u0117nes\u012f apmok\u0117s j\u016bs\u0173 s\u0105skaitas.  Neskaitykite \u0161ios knygos, jei esate samdomas darbuotojas ir toliau norite kiekvien\u0105 ryt\u0105, kaip ir visi normal\u016bs \u017emon\u0117s, va\u017eiuoti \u012f darb\u0105 ir per metus tur\u0117ti tik vien\u0105 m\u0117nes\u012f atostog\u0173. \u0160i knyga \u2013 i\u0161silaisvinimo vadovas, kuris leis jums patirti tai, ko niekada nepatirs daugelis normali\u0173 \u017emoni\u0173.\"","robots":{"index":"index","follow":"follow","max-snippet":"max-snippet:-1","max-image-preview":"max-image-preview:large","max-video-preview":"max-video-preview:-1"},"canonical":"https:\/\/skaitytaknyga.lt\/en\/produktas\/tomas-bagdonavicius-verslas-be-rizikos\/","og_locale":"en_GB","og_type":"article","og_title":"Tomas Bagdonavi\u010dius \u201eVerslas be rizikos?\u201c - Skaitytaknyga","og_description":"\"Per ateinan\u010dius de\u0161imt met\u0173 milijonai \u017emoni\u0173 pasaulyje \u012fsteigs pelningas \u012fmones. A\u0161 noriu, kad bent viena b\u016bt\u0173 j\u016bs\u0173.  Tod\u0117l knygoje\u00a0\"Verslas be rizikos\"\u00a0apra\u0161iau, kaip niekuo nerizikuodami galite susikurti pelning\u0105 versl\u0105 \u2013 pinig\u0173 ma\u0161in\u0105, kuri i\u0161laisvins jus i\u0161 rutinos ir kiekvien\u0105 m\u0117nes\u012f apmok\u0117s j\u016bs\u0173 s\u0105skaitas.  Neskaitykite \u0161ios knygos, jei esate samdomas darbuotojas ir toliau norite kiekvien\u0105 ryt\u0105, kaip ir visi normal\u016bs \u017emon\u0117s, va\u017eiuoti \u012f darb\u0105 ir per metus tur\u0117ti tik vien\u0105 m\u0117nes\u012f atostog\u0173. \u0160i knyga \u2013 i\u0161silaisvinimo vadovas, kuris leis jums patirti tai, ko niekada nepatirs daugelis normali\u0173 \u017emoni\u0173.\"","og_url":"https:\/\/skaitytaknyga.lt\/en\/produktas\/tomas-bagdonavicius-verslas-be-rizikos\/","og_site_name":"Skaitytaknyga","article_publisher":"https:\/\/www.facebook.com\/skaitytaknyga\/","article_modified_time":"2025-07-22T12:52:40+00:00","og_image":[{"width":322,"height":450,"url":"https:\/\/skaitytaknyga.lt\/wp-content\/uploads\/2024\/05\/verslas-be-rizikos.jpg","type":"image\/jpeg"}],"twitter_card":"summary_large_image","twitter_misc":{"Estimated reading time":"1 minute"},"schema":{"@context":"https:\/\/schema.org","@graph":[{"@type":"WebPage","@id":"https:\/\/skaitytaknyga.lt\/produktas\/tomas-bagdonavicius-verslas-be-rizikos\/","url":"https:\/\/skaitytaknyga.lt\/produktas\/tomas-bagdonavicius-verslas-be-rizikos\/","name":"Tomas Bagdonavi\u010dius \u201eVerslas be rizikos?\u201c - Skaitytaknyga","isPartOf":{"@id":"https:\/\/skaitytaknyga.lt\/#website"},"primaryImageOfPage":{"@id":"https:\/\/skaitytaknyga.lt\/produktas\/tomas-bagdonavicius-verslas-be-rizikos\/#primaryimage"},"image":{"@id":"https:\/\/skaitytaknyga.lt\/produktas\/tomas-bagdonavicius-verslas-be-rizikos\/#primaryimage"},"thumbnailUrl":"https:\/\/skaitytaknyga.lt\/wp-content\/uploads\/2024\/05\/verslas-be-rizikos.jpg","datePublished":"2024-05-04T18:00:11+00:00","dateModified":"2025-07-22T12:52:40+00:00","description":"\"Per ateinan\u010dius de\u0161imt met\u0173 milijonai \u017emoni\u0173 pasaulyje \u012fsteigs pelningas \u012fmones. A\u0161 noriu, kad bent viena b\u016bt\u0173 j\u016bs\u0173. Tod\u0117l knygoje\u00a0\"Verslas be rizikos\"\u00a0apra\u0161iau, kaip niekuo nerizikuodami galite susikurti pelning\u0105 versl\u0105 \u2013 pinig\u0173 ma\u0161in\u0105, kuri i\u0161laisvins jus i\u0161 rutinos ir kiekvien\u0105 m\u0117nes\u012f apmok\u0117s j\u016bs\u0173 s\u0105skaitas. Neskaitykite \u0161ios knygos, jei esate samdomas darbuotojas ir toliau norite kiekvien\u0105 ryt\u0105, kaip ir visi normal\u016bs \u017emon\u0117s, va\u017eiuoti \u012f darb\u0105 ir per metus tur\u0117ti tik vien\u0105 m\u0117nes\u012f atostog\u0173. \u0160i knyga \u2013 i\u0161silaisvinimo vadovas, kuris leis jums patirti tai, ko niekada nepatirs daugelis normali\u0173 \u017emoni\u0173.\"","breadcrumb":{"@id":"https:\/\/skaitytaknyga.lt\/produktas\/tomas-bagdonavicius-verslas-be-rizikos\/#breadcrumb"},"inLanguage":"en-GB","potentialAction":[{"@type":"ReadAction","target":["https:\/\/skaitytaknyga.lt\/produktas\/tomas-bagdonavicius-verslas-be-rizikos\/"]}]},{"@type":"ImageObject","inLanguage":"en-GB","@id":"https:\/\/skaitytaknyga.lt\/produktas\/tomas-bagdonavicius-verslas-be-rizikos\/#primaryimage","url":"https:\/\/skaitytaknyga.lt\/wp-content\/uploads\/2024\/05\/verslas-be-rizikos.jpg","contentUrl":"https:\/\/skaitytaknyga.lt\/wp-content\/uploads\/2024\/05\/verslas-be-rizikos.jpg","width":322,"height":450},{"@type":"BreadcrumbList","@id":"https:\/\/skaitytaknyga.lt\/produktas\/tomas-bagdonavicius-verslas-be-rizikos\/#breadcrumb","itemListElement":[{"@type":"ListItem","position":1,"name":"Home","item":"https:\/\/skaitytaknyga.lt\/"},{"@type":"ListItem","position":2,"name":"Parduotuv\u0117","item":"https:\/\/skaitytaknyga.lt\/knygu-parduotuve\/"},{"@type":"ListItem","position":3,"name":"Tomas Bagdonavi\u010dius \u201eVerslas be rizikos?\u201c"}]},{"@type":"WebSite","@id":"https:\/\/skaitytaknyga.lt\/#website","url":"https:\/\/skaitytaknyga.lt\/","name":"skaitytaknyga.lt","description":"Skaitytaknyga.lt \u2013 tai ma\u017eas \u0161eimos verslas, kuris prasid\u0117jo nuo meil\u0117s knygoms ir siekio i\u0161gelb\u0117ti knygas nuo likimo prie konteinerio. Kas vienam nereikalingas daiktas \u2013 kitam lobis, o mes esame tarpininkai, kurie padeda abiems tapti laimingesniems ???? \u017dinome kaip nelengva i\u0161gyventi ma\u017eiems verslams, tad nuo \u0161iol, \u010dia rasite ir kit\u0173, ma\u017e\u0173 \u0161eim\u0173 versl\u0173, rank\u0173 darbo, dovan\u0173 sau ir artimiesiems.","publisher":{"@id":"https:\/\/skaitytaknyga.lt\/#organization"},"potentialAction":[{"@type":"SearchAction","target":{"@type":"EntryPoint","urlTemplate":"https:\/\/skaitytaknyga.lt\/?s={search_term_string}"},"query-input":{"@type":"PropertyValueSpecification","valueRequired":true,"valueName":"search_term_string"}}],"inLanguage":"en-GB"},{"@type":"Organization","@id":"https:\/\/skaitytaknyga.lt\/#organization","name":"skaitytaknyga.lt","url":"https:\/\/skaitytaknyga.lt\/","logo":{"@type":"ImageObject","inLanguage":"en-GB","@id":"https:\/\/skaitytaknyga.lt\/#\/schema\/logo\/image\/","url":"https:\/\/skaitytaknyga.lt\/wp-content\/uploads\/2024\/05\/cropped-cropped-cropped-02_00843_jt3bggkj1j3HLc7SyY6rEUpg.jpeg","contentUrl":"https:\/\/skaitytaknyga.lt\/wp-content\/uploads\/2024\/05\/cropped-cropped-cropped-02_00843_jt3bggkj1j3HLc7SyY6rEUpg.jpeg","width":1600,"height":1600,"caption":"skaitytaknyga.lt"},"image":{"@id":"https:\/\/skaitytaknyga.lt\/#\/schema\/logo\/image\/"},"sameAs":["https:\/\/www.facebook.com\/skaitytaknyga\/"]}]}},"_links":{"self":[{"href":"https:\/\/skaitytaknyga.lt\/en\/wp-json\/wp\/v2\/product\/9869","targetHints":{"allow":["GET"]}}],"collection":[{"href":"https:\/\/skaitytaknyga.lt\/en\/wp-json\/wp\/v2\/product"}],"about":[{"href":"https:\/\/skaitytaknyga.lt\/en\/wp-json\/wp\/v2\/types\/product"}],"replies":[{"embeddable":true,"href":"https:\/\/skaitytaknyga.lt\/en\/wp-json\/wp\/v2\/comments?post=9869"}],"wp:featuredmedia":[{"embeddable":true,"href":"https:\/\/skaitytaknyga.lt\/en\/wp-json\/wp\/v2\/media\/9921"}],"wp:attachment":[{"href":"https:\/\/skaitytaknyga.lt\/en\/wp-json\/wp\/v2\/media?parent=9869"}],"wp:term":[{"taxonomy":"product_brand","embeddable":true,"href":"https:\/\/skaitytaknyga.lt\/en\/wp-json\/wp\/v2\/product_brand?post=9869"},{"taxonomy":"product_cat","embeddable":true,"href":"https:\/\/skaitytaknyga.lt\/en\/wp-json\/wp\/v2\/product_cat?post=9869"},{"taxonomy":"product_tag","embeddable":true,"href":"https:\/\/skaitytaknyga.lt\/en\/wp-json\/wp\/v2\/product_tag?post=9869"}],"curies":[{"name":"wp","href":"https:\/\/api.w.org\/{rel}","templated":true}]}}