{"id":9864,"date":"2024-05-04T18:00:11","date_gmt":"2024-05-04T18:00:11","guid":{"rendered":"https:\/\/skaitytaknyga.lt\/?post_type=product&#038;p=9864"},"modified":"2025-10-31T15:58:43","modified_gmt":"2025-10-31T13:58:43","slug":"25-zingsniai-norint-suprasti-biblija","status":"publish","type":"product","link":"https:\/\/skaitytaknyga.lt\/en\/produktas\/25-zingsniai-norint-suprasti-biblija\/","title":{"rendered":"25 \u017eingsniai norint suprasti Biblij\u0105"},"content":{"rendered":"<div>\n<p>Biblija yra vienas seniausi\u0173 m\u016bs\u0173 pasaulio i\u0161minties lobyn\u0173, tai da\u017eniausiai ver\u010diama knyga, kuri net po 2500 met\u0173 \u017eyd\u0173 ir krik\u0161\u010dioni\u0173 tik\u0117jime vis dar gyva. Kas yra Biblija? Kas Biblijoje tikra? Ar Biblija skirta man? Atsakydama \u012f \u0161iuos ir kitus klausimus, autor\u0117 kvie\u010dia kartu keliauti \u012f Biblijos pasaul\u012f. Prad\u0117ti tyrin\u0117ti j\u0105 juk kartais tereikia vos keli\u0173 nuorod\u0173, trupu\u010dio informacijos, o kartais papras\u010diausiai \u017einoti tik koki\u0105 smulkmen\u0105.<\/p>\n<\/div>\n","protected":false},"excerpt":{"rendered":"<div>\n<p>Biblija yra vienas seniausi\u0173 m\u016bs\u0173 pasaulio i\u0161minties lobyn\u0173, tai da\u017eniausiai ver\u010diama knyga, kuri net po 2500 met\u0173 \u017eyd\u0173 ir krik\u0161\u010dioni\u0173 tik\u0117jime vis dar gyva. Kas yra Biblija? Kas Biblijoje tikra? Ar Biblija skirta man? Atsakydama \u012f \u0161iuos ir kitus klausimus, autor\u0117 kvie\u010dia kartu keliauti \u012f Biblijos pasaul\u012f. Prad\u0117ti tyrin\u0117ti j\u0105 juk kartais tereikia vos keli\u0173 nuorod\u0173, trupu\u010dio informacijos, o kartais papras\u010diausiai \u017einoti tik koki\u0105 smulkmen\u0105.<\/p>\n<\/div>\n","protected":false},"featured_media":9907,"comment_status":"closed","ping_status":"closed","template":"","meta":{"_acf_changed":false,"site-sidebar-layout":"default","site-content-layout":"","ast-site-content-layout":"default","site-content-style":"default","site-sidebar-style":"default","ast-global-header-display":"","ast-banner-title-visibility":"","ast-main-header-display":"","ast-hfb-above-header-display":"","ast-hfb-below-header-display":"","ast-hfb-mobile-header-display":"","site-post-title":"","ast-breadcrumbs-content":"","ast-featured-img":"","footer-sml-layout":"","ast-disable-related-posts":"","theme-transparent-header-meta":"","adv-header-id-meta":"","stick-header-meta":"","header-above-stick-meta":"","header-main-stick-meta":"","header-below-stick-meta":"","astra-migrate-meta-layouts":"default","ast-page-background-enabled":"default","ast-page-background-meta":{"desktop":{"background-color":"","background-image":"","background-repeat":"repeat","background-position":"center center","background-size":"auto","background-attachment":"scroll","background-type":"","background-media":"","overlay-type":"","overlay-color":"","overlay-opacity":"","overlay-gradient":""},"tablet":{"background-color":"","background-image":"","background-repeat":"repeat","background-position":"center center","background-size":"auto","background-attachment":"scroll","background-type":"","background-media":"","overlay-type":"","overlay-color":"","overlay-opacity":"","overlay-gradient":""},"mobile":{"background-color":"","background-image":"","background-repeat":"repeat","background-position":"center center","background-size":"auto","background-attachment":"scroll","background-type":"","background-media":"","overlay-type":"","overlay-color":"","overlay-opacity":"","overlay-gradient":""}},"ast-content-background-meta":{"desktop":{"background-color":"var(--ast-global-color-4)","background-image":"","background-repeat":"repeat","background-position":"center center","background-size":"auto","background-attachment":"scroll","background-type":"","background-media":"","overlay-type":"","overlay-color":"","overlay-opacity":"","overlay-gradient":""},"tablet":{"background-color":"var(--ast-global-color-4)","background-image":"","background-repeat":"repeat","background-position":"center center","background-size":"auto","background-attachment":"scroll","background-type":"","background-media":"","overlay-type":"","overlay-color":"","overlay-opacity":"","overlay-gradient":""},"mobile":{"background-color":"var(--ast-global-color-4)","background-image":"","background-repeat":"repeat","background-position":"center center","background-size":"auto","background-attachment":"scroll","background-type":"","background-media":"","overlay-type":"","overlay-color":"","overlay-opacity":"","overlay-gradient":""}}},"product_brand":[],"product_cat":[165],"product_tag":[],"class_list":{"0":"post-9864","1":"product","2":"type-product","3":"status-publish","4":"has-post-thumbnail","6":"product_cat-religija-filosofija-ir-ezoterika","7":"desktop-align-left","8":"tablet-align-left","9":"mobile-align-left","11":"first","12":"outofstock","13":"shipping-taxable","14":"purchasable","15":"product-type-simple"},"acf":[],"yoast_head":"<!-- This site is optimized with the Yoast SEO plugin v27.4 - https:\/\/yoast.com\/product\/yoast-seo-wordpress\/ -->\n<title>25 \u017eingsniai norint suprasti Biblij\u0105 - Skaitytaknyga<\/title>\n<meta name=\"description\" content=\"Biblija yra vienas seniausi\u0173 m\u016bs\u0173 pasaulio i\u0161minties lobyn\u0173, tai da\u017eniausiai ver\u010diama knyga, kuri net po 2500 met\u0173 \u017eyd\u0173 ir krik\u0161\u010dioni\u0173 tik\u0117jime vis dar gyva. Kas yra Biblija? Kas Biblijoje tikra? Ar Biblija skirta man? Atsakydama \u012f \u0161iuos ir kitus klausimus, autor\u0117 kvie\u010dia kartu keliauti \u012f Biblijos pasaul\u012f. Prad\u0117ti tyrin\u0117ti j\u0105 juk kartais tereikia vos keli\u0173 nuorod\u0173, trupu\u010dio informacijos, o kartais papras\u010diausiai \u017einoti tik koki\u0105 smulkmen\u0105.\" \/>\n<meta name=\"robots\" content=\"index, follow, max-snippet:-1, max-image-preview:large, max-video-preview:-1\" \/>\n<link rel=\"canonical\" href=\"https:\/\/skaitytaknyga.lt\/en\/produktas\/25-zingsniai-norint-suprasti-biblija\/\" \/>\n<meta property=\"og:locale\" content=\"en_GB\" \/>\n<meta property=\"og:locale:alternate\" content=\"lt_LT\" \/>\n<meta property=\"og:type\" content=\"article\" \/>\n<meta property=\"og:title\" content=\"25 \u017eingsniai norint suprasti Biblij\u0105 - Skaitytaknyga\" \/>\n<meta property=\"og:description\" content=\"Biblija yra vienas seniausi\u0173 m\u016bs\u0173 pasaulio i\u0161minties lobyn\u0173, tai da\u017eniausiai ver\u010diama knyga, kuri net po 2500 met\u0173 \u017eyd\u0173 ir krik\u0161\u010dioni\u0173 tik\u0117jime vis dar gyva. Kas yra Biblija? Kas Biblijoje tikra? Ar Biblija skirta man? Atsakydama \u012f \u0161iuos ir kitus klausimus, autor\u0117 kvie\u010dia kartu keliauti \u012f Biblijos pasaul\u012f. Prad\u0117ti tyrin\u0117ti j\u0105 juk kartais tereikia vos keli\u0173 nuorod\u0173, trupu\u010dio informacijos, o kartais papras\u010diausiai \u017einoti tik koki\u0105 smulkmen\u0105.\" \/>\n<meta property=\"og:url\" content=\"https:\/\/skaitytaknyga.lt\/en\/produktas\/25-zingsniai-norint-suprasti-biblija\/\" \/>\n<meta property=\"og:site_name\" content=\"Skaitytaknyga\" \/>\n<meta property=\"article:publisher\" content=\"https:\/\/www.facebook.com\/skaitytaknyga\/\" \/>\n<meta property=\"article:modified_time\" content=\"2025-10-31T13:58:43+00:00\" \/>\n<meta property=\"og:image\" content=\"https:\/\/skaitytaknyga.lt\/wp-content\/uploads\/2024\/05\/9789955290490_3_.jpg\" \/>\n\t<meta property=\"og:image:width\" content=\"130\" \/>\n\t<meta property=\"og:image:height\" content=\"207\" \/>\n\t<meta property=\"og:image:type\" content=\"image\/jpeg\" \/>\n<meta name=\"twitter:card\" content=\"summary_large_image\" \/>\n<script type=\"application\/ld+json\" class=\"yoast-schema-graph\">{\"@context\":\"https:\\\/\\\/schema.org\",\"@graph\":[{\"@type\":\"WebPage\",\"@id\":\"https:\\\/\\\/skaitytaknyga.lt\\\/produktas\\\/25-zingsniai-norint-suprasti-biblija\\\/\",\"url\":\"https:\\\/\\\/skaitytaknyga.lt\\\/produktas\\\/25-zingsniai-norint-suprasti-biblija\\\/\",\"name\":\"25 \u017eingsniai norint suprasti Biblij\u0105 - Skaitytaknyga\",\"isPartOf\":{\"@id\":\"https:\\\/\\\/skaitytaknyga.lt\\\/#website\"},\"primaryImageOfPage\":{\"@id\":\"https:\\\/\\\/skaitytaknyga.lt\\\/produktas\\\/25-zingsniai-norint-suprasti-biblija\\\/#primaryimage\"},\"image\":{\"@id\":\"https:\\\/\\\/skaitytaknyga.lt\\\/produktas\\\/25-zingsniai-norint-suprasti-biblija\\\/#primaryimage\"},\"thumbnailUrl\":\"https:\\\/\\\/skaitytaknyga.lt\\\/wp-content\\\/uploads\\\/2024\\\/05\\\/9789955290490_3_.jpg\",\"datePublished\":\"2024-05-04T18:00:11+00:00\",\"dateModified\":\"2025-10-31T13:58:43+00:00\",\"description\":\"Biblija yra vienas seniausi\u0173 m\u016bs\u0173 pasaulio i\u0161minties lobyn\u0173, tai da\u017eniausiai ver\u010diama knyga, kuri net po 2500 met\u0173 \u017eyd\u0173 ir krik\u0161\u010dioni\u0173 tik\u0117jime vis dar gyva. Kas yra Biblija? Kas Biblijoje tikra? Ar Biblija skirta man? Atsakydama \u012f \u0161iuos ir kitus klausimus, autor\u0117 kvie\u010dia kartu keliauti \u012f Biblijos pasaul\u012f. Prad\u0117ti tyrin\u0117ti j\u0105 juk kartais tereikia vos keli\u0173 nuorod\u0173, trupu\u010dio informacijos, o kartais papras\u010diausiai \u017einoti tik koki\u0105 smulkmen\u0105.\",\"breadcrumb\":{\"@id\":\"https:\\\/\\\/skaitytaknyga.lt\\\/produktas\\\/25-zingsniai-norint-suprasti-biblija\\\/#breadcrumb\"},\"inLanguage\":\"en-GB\",\"potentialAction\":[{\"@type\":\"ReadAction\",\"target\":[\"https:\\\/\\\/skaitytaknyga.lt\\\/produktas\\\/25-zingsniai-norint-suprasti-biblija\\\/\"]}]},{\"@type\":\"ImageObject\",\"inLanguage\":\"en-GB\",\"@id\":\"https:\\\/\\\/skaitytaknyga.lt\\\/produktas\\\/25-zingsniai-norint-suprasti-biblija\\\/#primaryimage\",\"url\":\"https:\\\/\\\/skaitytaknyga.lt\\\/wp-content\\\/uploads\\\/2024\\\/05\\\/9789955290490_3_.jpg\",\"contentUrl\":\"https:\\\/\\\/skaitytaknyga.lt\\\/wp-content\\\/uploads\\\/2024\\\/05\\\/9789955290490_3_.jpg\",\"width\":130,\"height\":207},{\"@type\":\"BreadcrumbList\",\"@id\":\"https:\\\/\\\/skaitytaknyga.lt\\\/produktas\\\/25-zingsniai-norint-suprasti-biblija\\\/#breadcrumb\",\"itemListElement\":[{\"@type\":\"ListItem\",\"position\":1,\"name\":\"Home\",\"item\":\"https:\\\/\\\/skaitytaknyga.lt\\\/\"},{\"@type\":\"ListItem\",\"position\":2,\"name\":\"Parduotuv\u0117\",\"item\":\"https:\\\/\\\/skaitytaknyga.lt\\\/knygu-parduotuve\\\/\"},{\"@type\":\"ListItem\",\"position\":3,\"name\":\"25 \u017eingsniai norint suprasti Biblij\u0105\"}]},{\"@type\":\"WebSite\",\"@id\":\"https:\\\/\\\/skaitytaknyga.lt\\\/#website\",\"url\":\"https:\\\/\\\/skaitytaknyga.lt\\\/\",\"name\":\"skaitytaknyga.lt\",\"description\":\"Skaitytaknyga.lt \u2013 tai ma\u017eas \u0161eimos verslas, kuris prasid\u0117jo nuo meil\u0117s knygoms ir siekio i\u0161gelb\u0117ti knygas nuo likimo prie konteinerio. Kas vienam nereikalingas daiktas \u2013 kitam lobis, o mes esame tarpininkai, kurie padeda abiems tapti laimingesniems ???? \u017dinome kaip nelengva i\u0161gyventi ma\u017eiems verslams, tad nuo \u0161iol, \u010dia rasite ir kit\u0173, ma\u017e\u0173 \u0161eim\u0173 versl\u0173, rank\u0173 darbo, dovan\u0173 sau ir artimiesiems.\",\"publisher\":{\"@id\":\"https:\\\/\\\/skaitytaknyga.lt\\\/#organization\"},\"potentialAction\":[{\"@type\":\"SearchAction\",\"target\":{\"@type\":\"EntryPoint\",\"urlTemplate\":\"https:\\\/\\\/skaitytaknyga.lt\\\/?s={search_term_string}\"},\"query-input\":{\"@type\":\"PropertyValueSpecification\",\"valueRequired\":true,\"valueName\":\"search_term_string\"}}],\"inLanguage\":\"en-GB\"},{\"@type\":\"Organization\",\"@id\":\"https:\\\/\\\/skaitytaknyga.lt\\\/#organization\",\"name\":\"skaitytaknyga.lt\",\"url\":\"https:\\\/\\\/skaitytaknyga.lt\\\/\",\"logo\":{\"@type\":\"ImageObject\",\"inLanguage\":\"en-GB\",\"@id\":\"https:\\\/\\\/skaitytaknyga.lt\\\/#\\\/schema\\\/logo\\\/image\\\/\",\"url\":\"https:\\\/\\\/skaitytaknyga.lt\\\/wp-content\\\/uploads\\\/2024\\\/05\\\/cropped-cropped-cropped-02_00843_jt3bggkj1j3HLc7SyY6rEUpg.jpeg\",\"contentUrl\":\"https:\\\/\\\/skaitytaknyga.lt\\\/wp-content\\\/uploads\\\/2024\\\/05\\\/cropped-cropped-cropped-02_00843_jt3bggkj1j3HLc7SyY6rEUpg.jpeg\",\"width\":1600,\"height\":1600,\"caption\":\"skaitytaknyga.lt\"},\"image\":{\"@id\":\"https:\\\/\\\/skaitytaknyga.lt\\\/#\\\/schema\\\/logo\\\/image\\\/\"},\"sameAs\":[\"https:\\\/\\\/www.facebook.com\\\/skaitytaknyga\\\/\"]}]}<\/script>\n<!-- \/ Yoast SEO plugin. -->","yoast_head_json":{"title":"25 \u017eingsniai norint suprasti Biblij\u0105 - Skaitytaknyga","description":"Biblija yra vienas seniausi\u0173 m\u016bs\u0173 pasaulio i\u0161minties lobyn\u0173, tai da\u017eniausiai ver\u010diama knyga, kuri net po 2500 met\u0173 \u017eyd\u0173 ir krik\u0161\u010dioni\u0173 tik\u0117jime vis dar gyva. Kas yra Biblija? Kas Biblijoje tikra? Ar Biblija skirta man? Atsakydama \u012f \u0161iuos ir kitus klausimus, autor\u0117 kvie\u010dia kartu keliauti \u012f Biblijos pasaul\u012f. Prad\u0117ti tyrin\u0117ti j\u0105 juk kartais tereikia vos keli\u0173 nuorod\u0173, trupu\u010dio informacijos, o kartais papras\u010diausiai \u017einoti tik koki\u0105 smulkmen\u0105.","robots":{"index":"index","follow":"follow","max-snippet":"max-snippet:-1","max-image-preview":"max-image-preview:large","max-video-preview":"max-video-preview:-1"},"canonical":"https:\/\/skaitytaknyga.lt\/en\/produktas\/25-zingsniai-norint-suprasti-biblija\/","og_locale":"en_GB","og_type":"article","og_title":"25 \u017eingsniai norint suprasti Biblij\u0105 - Skaitytaknyga","og_description":"Biblija yra vienas seniausi\u0173 m\u016bs\u0173 pasaulio i\u0161minties lobyn\u0173, tai da\u017eniausiai ver\u010diama knyga, kuri net po 2500 met\u0173 \u017eyd\u0173 ir krik\u0161\u010dioni\u0173 tik\u0117jime vis dar gyva. Kas yra Biblija? Kas Biblijoje tikra? Ar Biblija skirta man? Atsakydama \u012f \u0161iuos ir kitus klausimus, autor\u0117 kvie\u010dia kartu keliauti \u012f Biblijos pasaul\u012f. Prad\u0117ti tyrin\u0117ti j\u0105 juk kartais tereikia vos keli\u0173 nuorod\u0173, trupu\u010dio informacijos, o kartais papras\u010diausiai \u017einoti tik koki\u0105 smulkmen\u0105.","og_url":"https:\/\/skaitytaknyga.lt\/en\/produktas\/25-zingsniai-norint-suprasti-biblija\/","og_site_name":"Skaitytaknyga","article_publisher":"https:\/\/www.facebook.com\/skaitytaknyga\/","article_modified_time":"2025-10-31T13:58:43+00:00","og_image":[{"width":130,"height":207,"url":"https:\/\/skaitytaknyga.lt\/wp-content\/uploads\/2024\/05\/9789955290490_3_.jpg","type":"image\/jpeg"}],"twitter_card":"summary_large_image","schema":{"@context":"https:\/\/schema.org","@graph":[{"@type":"WebPage","@id":"https:\/\/skaitytaknyga.lt\/produktas\/25-zingsniai-norint-suprasti-biblija\/","url":"https:\/\/skaitytaknyga.lt\/produktas\/25-zingsniai-norint-suprasti-biblija\/","name":"25 \u017eingsniai norint suprasti Biblij\u0105 - Skaitytaknyga","isPartOf":{"@id":"https:\/\/skaitytaknyga.lt\/#website"},"primaryImageOfPage":{"@id":"https:\/\/skaitytaknyga.lt\/produktas\/25-zingsniai-norint-suprasti-biblija\/#primaryimage"},"image":{"@id":"https:\/\/skaitytaknyga.lt\/produktas\/25-zingsniai-norint-suprasti-biblija\/#primaryimage"},"thumbnailUrl":"https:\/\/skaitytaknyga.lt\/wp-content\/uploads\/2024\/05\/9789955290490_3_.jpg","datePublished":"2024-05-04T18:00:11+00:00","dateModified":"2025-10-31T13:58:43+00:00","description":"Biblija yra vienas seniausi\u0173 m\u016bs\u0173 pasaulio i\u0161minties lobyn\u0173, tai da\u017eniausiai ver\u010diama knyga, kuri net po 2500 met\u0173 \u017eyd\u0173 ir krik\u0161\u010dioni\u0173 tik\u0117jime vis dar gyva. Kas yra Biblija? Kas Biblijoje tikra? Ar Biblija skirta man? Atsakydama \u012f \u0161iuos ir kitus klausimus, autor\u0117 kvie\u010dia kartu keliauti \u012f Biblijos pasaul\u012f. Prad\u0117ti tyrin\u0117ti j\u0105 juk kartais tereikia vos keli\u0173 nuorod\u0173, trupu\u010dio informacijos, o kartais papras\u010diausiai \u017einoti tik koki\u0105 smulkmen\u0105.","breadcrumb":{"@id":"https:\/\/skaitytaknyga.lt\/produktas\/25-zingsniai-norint-suprasti-biblija\/#breadcrumb"},"inLanguage":"en-GB","potentialAction":[{"@type":"ReadAction","target":["https:\/\/skaitytaknyga.lt\/produktas\/25-zingsniai-norint-suprasti-biblija\/"]}]},{"@type":"ImageObject","inLanguage":"en-GB","@id":"https:\/\/skaitytaknyga.lt\/produktas\/25-zingsniai-norint-suprasti-biblija\/#primaryimage","url":"https:\/\/skaitytaknyga.lt\/wp-content\/uploads\/2024\/05\/9789955290490_3_.jpg","contentUrl":"https:\/\/skaitytaknyga.lt\/wp-content\/uploads\/2024\/05\/9789955290490_3_.jpg","width":130,"height":207},{"@type":"BreadcrumbList","@id":"https:\/\/skaitytaknyga.lt\/produktas\/25-zingsniai-norint-suprasti-biblija\/#breadcrumb","itemListElement":[{"@type":"ListItem","position":1,"name":"Home","item":"https:\/\/skaitytaknyga.lt\/"},{"@type":"ListItem","position":2,"name":"Parduotuv\u0117","item":"https:\/\/skaitytaknyga.lt\/knygu-parduotuve\/"},{"@type":"ListItem","position":3,"name":"25 \u017eingsniai norint suprasti Biblij\u0105"}]},{"@type":"WebSite","@id":"https:\/\/skaitytaknyga.lt\/#website","url":"https:\/\/skaitytaknyga.lt\/","name":"skaitytaknyga.lt","description":"Skaitytaknyga.lt \u2013 tai ma\u017eas \u0161eimos verslas, kuris prasid\u0117jo nuo meil\u0117s knygoms ir siekio i\u0161gelb\u0117ti knygas nuo likimo prie konteinerio. Kas vienam nereikalingas daiktas \u2013 kitam lobis, o mes esame tarpininkai, kurie padeda abiems tapti laimingesniems ???? \u017dinome kaip nelengva i\u0161gyventi ma\u017eiems verslams, tad nuo \u0161iol, \u010dia rasite ir kit\u0173, ma\u017e\u0173 \u0161eim\u0173 versl\u0173, rank\u0173 darbo, dovan\u0173 sau ir artimiesiems.","publisher":{"@id":"https:\/\/skaitytaknyga.lt\/#organization"},"potentialAction":[{"@type":"SearchAction","target":{"@type":"EntryPoint","urlTemplate":"https:\/\/skaitytaknyga.lt\/?s={search_term_string}"},"query-input":{"@type":"PropertyValueSpecification","valueRequired":true,"valueName":"search_term_string"}}],"inLanguage":"en-GB"},{"@type":"Organization","@id":"https:\/\/skaitytaknyga.lt\/#organization","name":"skaitytaknyga.lt","url":"https:\/\/skaitytaknyga.lt\/","logo":{"@type":"ImageObject","inLanguage":"en-GB","@id":"https:\/\/skaitytaknyga.lt\/#\/schema\/logo\/image\/","url":"https:\/\/skaitytaknyga.lt\/wp-content\/uploads\/2024\/05\/cropped-cropped-cropped-02_00843_jt3bggkj1j3HLc7SyY6rEUpg.jpeg","contentUrl":"https:\/\/skaitytaknyga.lt\/wp-content\/uploads\/2024\/05\/cropped-cropped-cropped-02_00843_jt3bggkj1j3HLc7SyY6rEUpg.jpeg","width":1600,"height":1600,"caption":"skaitytaknyga.lt"},"image":{"@id":"https:\/\/skaitytaknyga.lt\/#\/schema\/logo\/image\/"},"sameAs":["https:\/\/www.facebook.com\/skaitytaknyga\/"]}]}},"_links":{"self":[{"href":"https:\/\/skaitytaknyga.lt\/en\/wp-json\/wp\/v2\/product\/9864","targetHints":{"allow":["GET"]}}],"collection":[{"href":"https:\/\/skaitytaknyga.lt\/en\/wp-json\/wp\/v2\/product"}],"about":[{"href":"https:\/\/skaitytaknyga.lt\/en\/wp-json\/wp\/v2\/types\/product"}],"replies":[{"embeddable":true,"href":"https:\/\/skaitytaknyga.lt\/en\/wp-json\/wp\/v2\/comments?post=9864"}],"wp:featuredmedia":[{"embeddable":true,"href":"https:\/\/skaitytaknyga.lt\/en\/wp-json\/wp\/v2\/media\/9907"}],"wp:attachment":[{"href":"https:\/\/skaitytaknyga.lt\/en\/wp-json\/wp\/v2\/media?parent=9864"}],"wp:term":[{"taxonomy":"product_brand","embeddable":true,"href":"https:\/\/skaitytaknyga.lt\/en\/wp-json\/wp\/v2\/product_brand?post=9864"},{"taxonomy":"product_cat","embeddable":true,"href":"https:\/\/skaitytaknyga.lt\/en\/wp-json\/wp\/v2\/product_cat?post=9864"},{"taxonomy":"product_tag","embeddable":true,"href":"https:\/\/skaitytaknyga.lt\/en\/wp-json\/wp\/v2\/product_tag?post=9864"}],"curies":[{"name":"wp","href":"https:\/\/api.w.org\/{rel}","templated":true}]}}