{"id":9850,"date":"2024-05-04T17:59:42","date_gmt":"2024-05-04T17:59:42","guid":{"rendered":"https:\/\/skaitytaknyga.lt\/?post_type=product&#038;p=9850"},"modified":"2024-05-04T18:01:22","modified_gmt":"2024-05-04T18:01:22","slug":"sokoladas","status":"publish","type":"product","link":"https:\/\/skaitytaknyga.lt\/en\/produktas\/sokoladas\/","title":{"rendered":"\u0160okoladas"},"content":{"rendered":"<p>Saldus, kartus, pikanti\u0161kas, gabalais, \u0161altas ar kar\u0161tas&#8230; \u0160okoladas, tikras \u201ediev\u0173 maistas\u201c, \u012fvairiais pavidalais jau daugel\u012f am\u017ei\u0173 i\u0161lieka kulto objektu. Knygoje rasite net 300 ypating\u0173 tradicini\u0173 ir nauj\u0173 originali\u0173 recept\u0173.<\/p>\n<p>Gal\u0117site pasigaminti nepakartojamo skonio \u0161okoladini\u0173 gard\u0117si\u0173: nuo sausaini\u0173 iki tort\u0173, nuo saldaini\u0173 iki triufeli\u0173, nuo \u0161okoladini\u0173 g\u0117rim\u0173 iki kokteili\u0173. Paskutin\u0117je knygos dalyje \u2013 gurmani\u0161ki makaron\u0173, m\u0117sos bei j\u016bros g\u0117rybi\u0173 ir \u0161okolado deriniai.<\/p>\n","protected":false},"excerpt":{"rendered":"<p>Saldus, kartus, pikanti\u0161kas, gabalais, \u0161altas ar kar\u0161tas&#8230; \u0160okoladas, tikras \u201ediev\u0173 maistas\u201c, \u012fvairiais pavidalais jau daugel\u012f am\u017ei\u0173 i\u0161lieka kulto objektu. Knygoje rasite net 300 ypating\u0173 tradicini\u0173 ir nauj\u0173 originali\u0173 recept\u0173.<\/p>\n<p>Gal\u0117site pasigaminti nepakartojamo skonio \u0161okoladini\u0173 gard\u0117si\u0173: nuo sausaini\u0173 iki tort\u0173, nuo saldaini\u0173 iki triufeli\u0173, nuo \u0161okoladini\u0173 g\u0117rim\u0173 iki kokteili\u0173. Paskutin\u0117je knygos dalyje \u2013 gurmani\u0161ki makaron\u0173, m\u0117sos bei j\u016bros g\u0117rybi\u0173 ir \u0161okolado deriniai.<\/p>\n","protected":false},"featured_media":9903,"comment_status":"closed","ping_status":"closed","template":"","meta":{"_acf_changed":false,"site-sidebar-layout":"default","site-content-layout":"","ast-site-content-layout":"default","site-content-style":"default","site-sidebar-style":"default","ast-global-header-display":"","ast-banner-title-visibility":"","ast-main-header-display":"","ast-hfb-above-header-display":"","ast-hfb-below-header-display":"","ast-hfb-mobile-header-display":"","site-post-title":"","ast-breadcrumbs-content":"","ast-featured-img":"","footer-sml-layout":"","ast-disable-related-posts":"","theme-transparent-header-meta":"","adv-header-id-meta":"","stick-header-meta":"","header-above-stick-meta":"","header-main-stick-meta":"","header-below-stick-meta":"","astra-migrate-meta-layouts":"default","ast-page-background-enabled":"default","ast-page-background-meta":{"desktop":{"background-color":"","background-image":"","background-repeat":"repeat","background-position":"center center","background-size":"auto","background-attachment":"scroll","background-type":"","background-media":"","overlay-type":"","overlay-color":"","overlay-opacity":"","overlay-gradient":""},"tablet":{"background-color":"","background-image":"","background-repeat":"repeat","background-position":"center center","background-size":"auto","background-attachment":"scroll","background-type":"","background-media":"","overlay-type":"","overlay-color":"","overlay-opacity":"","overlay-gradient":""},"mobile":{"background-color":"","background-image":"","background-repeat":"repeat","background-position":"center center","background-size":"auto","background-attachment":"scroll","background-type":"","background-media":"","overlay-type":"","overlay-color":"","overlay-opacity":"","overlay-gradient":""}},"ast-content-background-meta":{"desktop":{"background-color":"var(--ast-global-color-4)","background-image":"","background-repeat":"repeat","background-position":"center center","background-size":"auto","background-attachment":"scroll","background-type":"","background-media":"","overlay-type":"","overlay-color":"","overlay-opacity":"","overlay-gradient":""},"tablet":{"background-color":"var(--ast-global-color-4)","background-image":"","background-repeat":"repeat","background-position":"center center","background-size":"auto","background-attachment":"scroll","background-type":"","background-media":"","overlay-type":"","overlay-color":"","overlay-opacity":"","overlay-gradient":""},"mobile":{"background-color":"var(--ast-global-color-4)","background-image":"","background-repeat":"repeat","background-position":"center center","background-size":"auto","background-attachment":"scroll","background-type":"","background-media":"","overlay-type":"","overlay-color":"","overlay-opacity":"","overlay-gradient":""}}},"product_brand":[],"product_cat":[58],"product_tag":[],"class_list":{"0":"post-9850","1":"product","2":"type-product","3":"status-publish","4":"has-post-thumbnail","6":"product_cat-receptai","7":"desktop-align-left","8":"tablet-align-left","9":"mobile-align-left","11":"first","12":"outofstock","13":"shipping-taxable","14":"purchasable","15":"product-type-simple"},"acf":[],"yoast_head":"<!-- This site is optimized with the Yoast SEO plugin v27.4 - https:\/\/yoast.com\/product\/yoast-seo-wordpress\/ -->\n<title>\u0160okoladas - Skaitytaknyga<\/title>\n<meta name=\"description\" content=\"Saldus, kartus, pikanti\u0161kas, gabalais, \u0161altas ar kar\u0161tas... \u0160okoladas, tikras \u201ediev\u0173 maistas\u201c, \u012fvairiais pavidalais jau daugel\u012f am\u017ei\u0173 i\u0161lieka kulto objektu. Knygoje rasite net 300 ypating\u0173 tradicini\u0173 ir nauj\u0173 originali\u0173 recept\u0173.  Gal\u0117site pasigaminti nepakartojamo skonio \u0161okoladini\u0173 gard\u0117si\u0173: nuo sausaini\u0173 iki tort\u0173, nuo saldaini\u0173 iki triufeli\u0173, nuo \u0161okoladini\u0173 g\u0117rim\u0173 iki kokteili\u0173. Paskutin\u0117je knygos dalyje \u2013 gurmani\u0161ki makaron\u0173, m\u0117sos bei j\u016bros g\u0117rybi\u0173 ir \u0161okolado deriniai.\" \/>\n<meta name=\"robots\" content=\"index, follow, max-snippet:-1, max-image-preview:large, max-video-preview:-1\" \/>\n<link rel=\"canonical\" href=\"https:\/\/skaitytaknyga.lt\/en\/produktas\/sokoladas\/\" \/>\n<meta property=\"og:locale\" content=\"en_GB\" \/>\n<meta property=\"og:locale:alternate\" content=\"lt_LT\" \/>\n<meta property=\"og:type\" content=\"article\" \/>\n<meta property=\"og:title\" content=\"\u0160okoladas - Skaitytaknyga\" \/>\n<meta property=\"og:description\" content=\"Saldus, kartus, pikanti\u0161kas, gabalais, \u0161altas ar kar\u0161tas... \u0160okoladas, tikras \u201ediev\u0173 maistas\u201c, \u012fvairiais pavidalais jau daugel\u012f am\u017ei\u0173 i\u0161lieka kulto objektu. Knygoje rasite net 300 ypating\u0173 tradicini\u0173 ir nauj\u0173 originali\u0173 recept\u0173.  Gal\u0117site pasigaminti nepakartojamo skonio \u0161okoladini\u0173 gard\u0117si\u0173: nuo sausaini\u0173 iki tort\u0173, nuo saldaini\u0173 iki triufeli\u0173, nuo \u0161okoladini\u0173 g\u0117rim\u0173 iki kokteili\u0173. Paskutin\u0117je knygos dalyje \u2013 gurmani\u0161ki makaron\u0173, m\u0117sos bei j\u016bros g\u0117rybi\u0173 ir \u0161okolado deriniai.\" \/>\n<meta property=\"og:url\" content=\"https:\/\/skaitytaknyga.lt\/en\/produktas\/sokoladas\/\" \/>\n<meta property=\"og:site_name\" content=\"Skaitytaknyga\" \/>\n<meta property=\"article:publisher\" content=\"https:\/\/www.facebook.com\/skaitytaknyga\/\" \/>\n<meta property=\"article:modified_time\" content=\"2024-05-04T18:01:22+00:00\" \/>\n<meta property=\"og:image\" content=\"https:\/\/skaitytaknyga.lt\/wp-content\/uploads\/2024\/05\/1462885377_sokoladas.jpg\" \/>\n\t<meta property=\"og:image:width\" content=\"320\" \/>\n\t<meta property=\"og:image:height\" content=\"428\" \/>\n\t<meta property=\"og:image:type\" content=\"image\/jpeg\" \/>\n<meta name=\"twitter:card\" content=\"summary_large_image\" \/>\n<script type=\"application\/ld+json\" class=\"yoast-schema-graph\">{\"@context\":\"https:\\\/\\\/schema.org\",\"@graph\":[{\"@type\":\"WebPage\",\"@id\":\"https:\\\/\\\/skaitytaknyga.lt\\\/produktas\\\/sokoladas\\\/\",\"url\":\"https:\\\/\\\/skaitytaknyga.lt\\\/produktas\\\/sokoladas\\\/\",\"name\":\"\u0160okoladas - Skaitytaknyga\",\"isPartOf\":{\"@id\":\"https:\\\/\\\/skaitytaknyga.lt\\\/#website\"},\"primaryImageOfPage\":{\"@id\":\"https:\\\/\\\/skaitytaknyga.lt\\\/produktas\\\/sokoladas\\\/#primaryimage\"},\"image\":{\"@id\":\"https:\\\/\\\/skaitytaknyga.lt\\\/produktas\\\/sokoladas\\\/#primaryimage\"},\"thumbnailUrl\":\"https:\\\/\\\/skaitytaknyga.lt\\\/wp-content\\\/uploads\\\/2024\\\/05\\\/1462885377_sokoladas.jpg\",\"datePublished\":\"2024-05-04T17:59:42+00:00\",\"dateModified\":\"2024-05-04T18:01:22+00:00\",\"description\":\"Saldus, kartus, pikanti\u0161kas, gabalais, \u0161altas ar kar\u0161tas... \u0160okoladas, tikras \u201ediev\u0173 maistas\u201c, \u012fvairiais pavidalais jau daugel\u012f am\u017ei\u0173 i\u0161lieka kulto objektu. Knygoje rasite net 300 ypating\u0173 tradicini\u0173 ir nauj\u0173 originali\u0173 recept\u0173. Gal\u0117site pasigaminti nepakartojamo skonio \u0161okoladini\u0173 gard\u0117si\u0173: nuo sausaini\u0173 iki tort\u0173, nuo saldaini\u0173 iki triufeli\u0173, nuo \u0161okoladini\u0173 g\u0117rim\u0173 iki kokteili\u0173. Paskutin\u0117je knygos dalyje \u2013 gurmani\u0161ki makaron\u0173, m\u0117sos bei j\u016bros g\u0117rybi\u0173 ir \u0161okolado deriniai.\",\"breadcrumb\":{\"@id\":\"https:\\\/\\\/skaitytaknyga.lt\\\/produktas\\\/sokoladas\\\/#breadcrumb\"},\"inLanguage\":\"en-GB\",\"potentialAction\":[{\"@type\":\"ReadAction\",\"target\":[\"https:\\\/\\\/skaitytaknyga.lt\\\/produktas\\\/sokoladas\\\/\"]}]},{\"@type\":\"ImageObject\",\"inLanguage\":\"en-GB\",\"@id\":\"https:\\\/\\\/skaitytaknyga.lt\\\/produktas\\\/sokoladas\\\/#primaryimage\",\"url\":\"https:\\\/\\\/skaitytaknyga.lt\\\/wp-content\\\/uploads\\\/2024\\\/05\\\/1462885377_sokoladas.jpg\",\"contentUrl\":\"https:\\\/\\\/skaitytaknyga.lt\\\/wp-content\\\/uploads\\\/2024\\\/05\\\/1462885377_sokoladas.jpg\",\"width\":320,\"height\":428},{\"@type\":\"BreadcrumbList\",\"@id\":\"https:\\\/\\\/skaitytaknyga.lt\\\/produktas\\\/sokoladas\\\/#breadcrumb\",\"itemListElement\":[{\"@type\":\"ListItem\",\"position\":1,\"name\":\"Home\",\"item\":\"https:\\\/\\\/skaitytaknyga.lt\\\/\"},{\"@type\":\"ListItem\",\"position\":2,\"name\":\"Parduotuv\u0117\",\"item\":\"https:\\\/\\\/skaitytaknyga.lt\\\/knygu-parduotuve\\\/\"},{\"@type\":\"ListItem\",\"position\":3,\"name\":\"\u0160okoladas\"}]},{\"@type\":\"WebSite\",\"@id\":\"https:\\\/\\\/skaitytaknyga.lt\\\/#website\",\"url\":\"https:\\\/\\\/skaitytaknyga.lt\\\/\",\"name\":\"skaitytaknyga.lt\",\"description\":\"Skaitytaknyga.lt \u2013 tai ma\u017eas \u0161eimos verslas, kuris prasid\u0117jo nuo meil\u0117s knygoms ir siekio i\u0161gelb\u0117ti knygas nuo likimo prie konteinerio. Kas vienam nereikalingas daiktas \u2013 kitam lobis, o mes esame tarpininkai, kurie padeda abiems tapti laimingesniems ???? \u017dinome kaip nelengva i\u0161gyventi ma\u017eiems verslams, tad nuo \u0161iol, \u010dia rasite ir kit\u0173, ma\u017e\u0173 \u0161eim\u0173 versl\u0173, rank\u0173 darbo, dovan\u0173 sau ir artimiesiems.\",\"publisher\":{\"@id\":\"https:\\\/\\\/skaitytaknyga.lt\\\/#organization\"},\"potentialAction\":[{\"@type\":\"SearchAction\",\"target\":{\"@type\":\"EntryPoint\",\"urlTemplate\":\"https:\\\/\\\/skaitytaknyga.lt\\\/?s={search_term_string}\"},\"query-input\":{\"@type\":\"PropertyValueSpecification\",\"valueRequired\":true,\"valueName\":\"search_term_string\"}}],\"inLanguage\":\"en-GB\"},{\"@type\":\"Organization\",\"@id\":\"https:\\\/\\\/skaitytaknyga.lt\\\/#organization\",\"name\":\"skaitytaknyga.lt\",\"url\":\"https:\\\/\\\/skaitytaknyga.lt\\\/\",\"logo\":{\"@type\":\"ImageObject\",\"inLanguage\":\"en-GB\",\"@id\":\"https:\\\/\\\/skaitytaknyga.lt\\\/#\\\/schema\\\/logo\\\/image\\\/\",\"url\":\"https:\\\/\\\/skaitytaknyga.lt\\\/wp-content\\\/uploads\\\/2024\\\/05\\\/cropped-cropped-cropped-02_00843_jt3bggkj1j3HLc7SyY6rEUpg.jpeg\",\"contentUrl\":\"https:\\\/\\\/skaitytaknyga.lt\\\/wp-content\\\/uploads\\\/2024\\\/05\\\/cropped-cropped-cropped-02_00843_jt3bggkj1j3HLc7SyY6rEUpg.jpeg\",\"width\":1600,\"height\":1600,\"caption\":\"skaitytaknyga.lt\"},\"image\":{\"@id\":\"https:\\\/\\\/skaitytaknyga.lt\\\/#\\\/schema\\\/logo\\\/image\\\/\"},\"sameAs\":[\"https:\\\/\\\/www.facebook.com\\\/skaitytaknyga\\\/\"]}]}<\/script>\n<!-- \/ Yoast SEO plugin. -->","yoast_head_json":{"title":"\u0160okoladas - Skaitytaknyga","description":"Saldus, kartus, pikanti\u0161kas, gabalais, \u0161altas ar kar\u0161tas... \u0160okoladas, tikras \u201ediev\u0173 maistas\u201c, \u012fvairiais pavidalais jau daugel\u012f am\u017ei\u0173 i\u0161lieka kulto objektu. Knygoje rasite net 300 ypating\u0173 tradicini\u0173 ir nauj\u0173 originali\u0173 recept\u0173.  Gal\u0117site pasigaminti nepakartojamo skonio \u0161okoladini\u0173 gard\u0117si\u0173: nuo sausaini\u0173 iki tort\u0173, nuo saldaini\u0173 iki triufeli\u0173, nuo \u0161okoladini\u0173 g\u0117rim\u0173 iki kokteili\u0173. Paskutin\u0117je knygos dalyje \u2013 gurmani\u0161ki makaron\u0173, m\u0117sos bei j\u016bros g\u0117rybi\u0173 ir \u0161okolado deriniai.","robots":{"index":"index","follow":"follow","max-snippet":"max-snippet:-1","max-image-preview":"max-image-preview:large","max-video-preview":"max-video-preview:-1"},"canonical":"https:\/\/skaitytaknyga.lt\/en\/produktas\/sokoladas\/","og_locale":"en_GB","og_type":"article","og_title":"\u0160okoladas - Skaitytaknyga","og_description":"Saldus, kartus, pikanti\u0161kas, gabalais, \u0161altas ar kar\u0161tas... \u0160okoladas, tikras \u201ediev\u0173 maistas\u201c, \u012fvairiais pavidalais jau daugel\u012f am\u017ei\u0173 i\u0161lieka kulto objektu. Knygoje rasite net 300 ypating\u0173 tradicini\u0173 ir nauj\u0173 originali\u0173 recept\u0173.  Gal\u0117site pasigaminti nepakartojamo skonio \u0161okoladini\u0173 gard\u0117si\u0173: nuo sausaini\u0173 iki tort\u0173, nuo saldaini\u0173 iki triufeli\u0173, nuo \u0161okoladini\u0173 g\u0117rim\u0173 iki kokteili\u0173. Paskutin\u0117je knygos dalyje \u2013 gurmani\u0161ki makaron\u0173, m\u0117sos bei j\u016bros g\u0117rybi\u0173 ir \u0161okolado deriniai.","og_url":"https:\/\/skaitytaknyga.lt\/en\/produktas\/sokoladas\/","og_site_name":"Skaitytaknyga","article_publisher":"https:\/\/www.facebook.com\/skaitytaknyga\/","article_modified_time":"2024-05-04T18:01:22+00:00","og_image":[{"width":320,"height":428,"url":"https:\/\/skaitytaknyga.lt\/wp-content\/uploads\/2024\/05\/1462885377_sokoladas.jpg","type":"image\/jpeg"}],"twitter_card":"summary_large_image","schema":{"@context":"https:\/\/schema.org","@graph":[{"@type":"WebPage","@id":"https:\/\/skaitytaknyga.lt\/produktas\/sokoladas\/","url":"https:\/\/skaitytaknyga.lt\/produktas\/sokoladas\/","name":"\u0160okoladas - Skaitytaknyga","isPartOf":{"@id":"https:\/\/skaitytaknyga.lt\/#website"},"primaryImageOfPage":{"@id":"https:\/\/skaitytaknyga.lt\/produktas\/sokoladas\/#primaryimage"},"image":{"@id":"https:\/\/skaitytaknyga.lt\/produktas\/sokoladas\/#primaryimage"},"thumbnailUrl":"https:\/\/skaitytaknyga.lt\/wp-content\/uploads\/2024\/05\/1462885377_sokoladas.jpg","datePublished":"2024-05-04T17:59:42+00:00","dateModified":"2024-05-04T18:01:22+00:00","description":"Saldus, kartus, pikanti\u0161kas, gabalais, \u0161altas ar kar\u0161tas... \u0160okoladas, tikras \u201ediev\u0173 maistas\u201c, \u012fvairiais pavidalais jau daugel\u012f am\u017ei\u0173 i\u0161lieka kulto objektu. Knygoje rasite net 300 ypating\u0173 tradicini\u0173 ir nauj\u0173 originali\u0173 recept\u0173. Gal\u0117site pasigaminti nepakartojamo skonio \u0161okoladini\u0173 gard\u0117si\u0173: nuo sausaini\u0173 iki tort\u0173, nuo saldaini\u0173 iki triufeli\u0173, nuo \u0161okoladini\u0173 g\u0117rim\u0173 iki kokteili\u0173. Paskutin\u0117je knygos dalyje \u2013 gurmani\u0161ki makaron\u0173, m\u0117sos bei j\u016bros g\u0117rybi\u0173 ir \u0161okolado deriniai.","breadcrumb":{"@id":"https:\/\/skaitytaknyga.lt\/produktas\/sokoladas\/#breadcrumb"},"inLanguage":"en-GB","potentialAction":[{"@type":"ReadAction","target":["https:\/\/skaitytaknyga.lt\/produktas\/sokoladas\/"]}]},{"@type":"ImageObject","inLanguage":"en-GB","@id":"https:\/\/skaitytaknyga.lt\/produktas\/sokoladas\/#primaryimage","url":"https:\/\/skaitytaknyga.lt\/wp-content\/uploads\/2024\/05\/1462885377_sokoladas.jpg","contentUrl":"https:\/\/skaitytaknyga.lt\/wp-content\/uploads\/2024\/05\/1462885377_sokoladas.jpg","width":320,"height":428},{"@type":"BreadcrumbList","@id":"https:\/\/skaitytaknyga.lt\/produktas\/sokoladas\/#breadcrumb","itemListElement":[{"@type":"ListItem","position":1,"name":"Home","item":"https:\/\/skaitytaknyga.lt\/"},{"@type":"ListItem","position":2,"name":"Parduotuv\u0117","item":"https:\/\/skaitytaknyga.lt\/knygu-parduotuve\/"},{"@type":"ListItem","position":3,"name":"\u0160okoladas"}]},{"@type":"WebSite","@id":"https:\/\/skaitytaknyga.lt\/#website","url":"https:\/\/skaitytaknyga.lt\/","name":"skaitytaknyga.lt","description":"Skaitytaknyga.lt \u2013 tai ma\u017eas \u0161eimos verslas, kuris prasid\u0117jo nuo meil\u0117s knygoms ir siekio i\u0161gelb\u0117ti knygas nuo likimo prie konteinerio. Kas vienam nereikalingas daiktas \u2013 kitam lobis, o mes esame tarpininkai, kurie padeda abiems tapti laimingesniems ???? \u017dinome kaip nelengva i\u0161gyventi ma\u017eiems verslams, tad nuo \u0161iol, \u010dia rasite ir kit\u0173, ma\u017e\u0173 \u0161eim\u0173 versl\u0173, rank\u0173 darbo, dovan\u0173 sau ir artimiesiems.","publisher":{"@id":"https:\/\/skaitytaknyga.lt\/#organization"},"potentialAction":[{"@type":"SearchAction","target":{"@type":"EntryPoint","urlTemplate":"https:\/\/skaitytaknyga.lt\/?s={search_term_string}"},"query-input":{"@type":"PropertyValueSpecification","valueRequired":true,"valueName":"search_term_string"}}],"inLanguage":"en-GB"},{"@type":"Organization","@id":"https:\/\/skaitytaknyga.lt\/#organization","name":"skaitytaknyga.lt","url":"https:\/\/skaitytaknyga.lt\/","logo":{"@type":"ImageObject","inLanguage":"en-GB","@id":"https:\/\/skaitytaknyga.lt\/#\/schema\/logo\/image\/","url":"https:\/\/skaitytaknyga.lt\/wp-content\/uploads\/2024\/05\/cropped-cropped-cropped-02_00843_jt3bggkj1j3HLc7SyY6rEUpg.jpeg","contentUrl":"https:\/\/skaitytaknyga.lt\/wp-content\/uploads\/2024\/05\/cropped-cropped-cropped-02_00843_jt3bggkj1j3HLc7SyY6rEUpg.jpeg","width":1600,"height":1600,"caption":"skaitytaknyga.lt"},"image":{"@id":"https:\/\/skaitytaknyga.lt\/#\/schema\/logo\/image\/"},"sameAs":["https:\/\/www.facebook.com\/skaitytaknyga\/"]}]}},"_links":{"self":[{"href":"https:\/\/skaitytaknyga.lt\/en\/wp-json\/wp\/v2\/product\/9850","targetHints":{"allow":["GET"]}}],"collection":[{"href":"https:\/\/skaitytaknyga.lt\/en\/wp-json\/wp\/v2\/product"}],"about":[{"href":"https:\/\/skaitytaknyga.lt\/en\/wp-json\/wp\/v2\/types\/product"}],"replies":[{"embeddable":true,"href":"https:\/\/skaitytaknyga.lt\/en\/wp-json\/wp\/v2\/comments?post=9850"}],"wp:featuredmedia":[{"embeddable":true,"href":"https:\/\/skaitytaknyga.lt\/en\/wp-json\/wp\/v2\/media\/9903"}],"wp:attachment":[{"href":"https:\/\/skaitytaknyga.lt\/en\/wp-json\/wp\/v2\/media?parent=9850"}],"wp:term":[{"taxonomy":"product_brand","embeddable":true,"href":"https:\/\/skaitytaknyga.lt\/en\/wp-json\/wp\/v2\/product_brand?post=9850"},{"taxonomy":"product_cat","embeddable":true,"href":"https:\/\/skaitytaknyga.lt\/en\/wp-json\/wp\/v2\/product_cat?post=9850"},{"taxonomy":"product_tag","embeddable":true,"href":"https:\/\/skaitytaknyga.lt\/en\/wp-json\/wp\/v2\/product_tag?post=9850"}],"curies":[{"name":"wp","href":"https:\/\/api.w.org\/{rel}","templated":true}]}}