{"id":9849,"date":"2024-05-04T20:59:42","date_gmt":"2024-05-04T17:59:42","guid":{"rendered":"https:\/\/skaitytaknyga.lt\/?post_type=product&#038;p=9849"},"modified":"2026-02-26T12:57:04","modified_gmt":"2026-02-26T10:57:04","slug":"biblijos-pasakojimai-patiems-maziausiems-1-5-tomai","status":"publish","type":"product","link":"https:\/\/skaitytaknyga.lt\/en\/produktas\/biblijos-pasakojimai-patiems-maziausiems-1-5-tomai\/","title":{"rendered":"Biblijos pasakojimai patiems ma\u017eiausiems 1-5 tomai"},"content":{"rendered":"<p>Prad\u017eioje<\/p>\n<p>Pa\u017ead\u0117toji \u017eem\u0117<\/p>\n<p>Karaliai ir prana\u0161ai<\/p>\n<p>\u012e pasaul\u012f at\u0117jo i\u0161gelb\u0117tojas<\/p>\n<p>Pasaulio karalius<\/p>\n","protected":false},"excerpt":{"rendered":"<p>\u0160is dienora\u0161tis ra\u0161ytas T\u0117vo Stanislovo dukter\u0117\u010dios Birut\u0117s Tiknev<\/p>\n<p>Prad\u017eioje<\/p>\n<p>Pa\u017ead\u0117toji \u017eem\u0117<\/p>\n<p>Karaliai ir prana\u0161ai<\/p>\n<p>\u012e pasaul\u012f at\u0117jo i\u0161gelb\u0117tojas<\/p>\n<p>Pasaulio karalius<\/p>\n<p>i\u010di\u016bt\u0117s 1989-2005 metais. N\u0117 vienas pokalbis nebuvo \u012fra\u0161ytas \u012f diktofon\u0105, nes T\u0117vas Stanislovas sakydavo: \u201eTu juk \u017einai, kaip man tai sunku..&#8221;<\/p>\n<p>Atsipra\u0161au nuotrauk\u0173 autori\u0173, kad nenurod\u017eiau j\u0173 pavard\u017ei\u0173, nes nuotraukas be pa\u017eym\u0117t\u0173 dat\u0173, be pavard\u017ei\u0173 esu gavusi i\u0161 T\u0117vo Stanislovo.<\/p>\n","protected":false},"featured_media":23169,"comment_status":"closed","ping_status":"closed","template":"","meta":{"_acf_changed":false,"site-sidebar-layout":"default","site-content-layout":"","ast-site-content-layout":"default","site-content-style":"default","site-sidebar-style":"default","ast-global-header-display":"","ast-banner-title-visibility":"","ast-main-header-display":"","ast-hfb-above-header-display":"","ast-hfb-below-header-display":"","ast-hfb-mobile-header-display":"","site-post-title":"","ast-breadcrumbs-content":"","ast-featured-img":"","footer-sml-layout":"","ast-disable-related-posts":"","theme-transparent-header-meta":"default","adv-header-id-meta":"","stick-header-meta":"","header-above-stick-meta":"","header-main-stick-meta":"","header-below-stick-meta":"","astra-migrate-meta-layouts":"set","ast-page-background-enabled":"default","ast-page-background-meta":{"desktop":{"background-color":"","background-image":"","background-repeat":"repeat","background-position":"center center","background-size":"auto","background-attachment":"scroll","background-type":"","background-media":"","overlay-type":"","overlay-color":"","overlay-opacity":"","overlay-gradient":""},"tablet":{"background-color":"","background-image":"","background-repeat":"repeat","background-position":"center center","background-size":"auto","background-attachment":"scroll","background-type":"","background-media":"","overlay-type":"","overlay-color":"","overlay-opacity":"","overlay-gradient":""},"mobile":{"background-color":"","background-image":"","background-repeat":"repeat","background-position":"center center","background-size":"auto","background-attachment":"scroll","background-type":"","background-media":"","overlay-type":"","overlay-color":"","overlay-opacity":"","overlay-gradient":""}},"ast-content-background-meta":{"desktop":{"background-color":"var(--ast-global-color-4)","background-image":"","background-repeat":"repeat","background-position":"center center","background-size":"auto","background-attachment":"scroll","background-type":"","background-media":"","overlay-type":"","overlay-color":"","overlay-opacity":"","overlay-gradient":""},"tablet":{"background-color":"var(--ast-global-color-4)","background-image":"","background-repeat":"repeat","background-position":"center center","background-size":"auto","background-attachment":"scroll","background-type":"","background-media":"","overlay-type":"","overlay-color":"","overlay-opacity":"","overlay-gradient":""},"mobile":{"background-color":"var(--ast-global-color-4)","background-image":"","background-repeat":"repeat","background-position":"center center","background-size":"auto","background-attachment":"scroll","background-type":"","background-media":"","overlay-type":"","overlay-color":"","overlay-opacity":"","overlay-gradient":""}}},"product_brand":[],"product_cat":[165,35],"product_tag":[],"class_list":{"0":"post-9849","1":"product","2":"type-product","3":"status-publish","4":"has-post-thumbnail","6":"product_cat-religija-filosofija-ir-ezoterika","7":"product_cat-vaikams-ir-paaugliams","8":"desktop-align-left","9":"tablet-align-left","10":"mobile-align-left","12":"first","13":"instock","14":"shipping-taxable","15":"purchasable","16":"product-type-simple"},"acf":[],"yoast_head":"<!-- This site is optimized with the Yoast SEO plugin v27.0 - https:\/\/yoast.com\/product\/yoast-seo-wordpress\/ -->\n<title>Biblijos pasakojimai patiems ma\u017eiausiems 1-5 tomai<\/title>\n<meta name=\"description\" content=\"\u0160is dienora\u0161tis ra\u0161ytas T\u0117vo Stanislovo dukter\u0117\u010dios Birut\u0117s Tiknev  Prad\u017eioje  Pa\u017ead\u0117toji \u017eem\u0117  Karaliai ir prana\u0161ai  \u012e pasaul\u012f at\u0117jo i\u0161gelb\u0117tojas  Pasaulio karalius  i\u010di\u016bt\u0117s 1989-2005 metais. N\u0117 vienas pokalbis nebuvo \u012fra\u0161ytas \u012f diktofon\u0105, nes T\u0117vas Stanislovas sakydavo: \u201eTu juk \u017einai, kaip man tai sunku..&quot;  Atsipra\u0161au nuotrauk\u0173 autori\u0173, kad nenurod\u017eiau j\u0173 pavard\u017ei\u0173, nes nuotraukas be pa\u017eym\u0117t\u0173 dat\u0173, be pavard\u017ei\u0173 esu gavusi i\u0161 T\u0117vo Stanislovo.\" \/>\n<meta name=\"robots\" content=\"index, follow, max-snippet:-1, max-image-preview:large, max-video-preview:-1\" \/>\n<link rel=\"canonical\" href=\"https:\/\/skaitytaknyga.lt\/en\/produktas\/biblijos-pasakojimai-patiems-maziausiems-1-5-tomai\/\" \/>\n<meta property=\"og:locale\" content=\"en_GB\" \/>\n<meta property=\"og:locale:alternate\" content=\"lt_LT\" \/>\n<meta property=\"og:type\" content=\"article\" \/>\n<meta property=\"og:title\" content=\"Biblijos pasakojimai patiems ma\u017eiausiems 1-5 tomai\" \/>\n<meta property=\"og:description\" content=\"\u0160is dienora\u0161tis ra\u0161ytas T\u0117vo Stanislovo dukter\u0117\u010dios Birut\u0117s Tiknev  Prad\u017eioje  Pa\u017ead\u0117toji \u017eem\u0117  Karaliai ir prana\u0161ai  \u012e pasaul\u012f at\u0117jo i\u0161gelb\u0117tojas  Pasaulio karalius  i\u010di\u016bt\u0117s 1989-2005 metais. N\u0117 vienas pokalbis nebuvo \u012fra\u0161ytas \u012f diktofon\u0105, nes T\u0117vas Stanislovas sakydavo: \u201eTu juk \u017einai, kaip man tai sunku..&quot;  Atsipra\u0161au nuotrauk\u0173 autori\u0173, kad nenurod\u017eiau j\u0173 pavard\u017ei\u0173, nes nuotraukas be pa\u017eym\u0117t\u0173 dat\u0173, be pavard\u017ei\u0173 esu gavusi i\u0161 T\u0117vo Stanislovo.\" \/>\n<meta property=\"og:url\" content=\"https:\/\/skaitytaknyga.lt\/en\/produktas\/biblijos-pasakojimai-patiems-maziausiems-1-5-tomai\/\" \/>\n<meta property=\"og:site_name\" content=\"Skaitytaknyga\" \/>\n<meta property=\"article:publisher\" content=\"https:\/\/www.facebook.com\/skaitytaknyga\/\" \/>\n<meta property=\"article:modified_time\" content=\"2026-02-26T10:57:04+00:00\" \/>\n<meta property=\"og:image\" content=\"https:\/\/skaitytaknyga.lt\/wp-content\/uploads\/2024\/07\/skaitytaknyga.png\" \/>\n\t<meta property=\"og:image:width\" content=\"747\" \/>\n\t<meta property=\"og:image:height\" content=\"496\" \/>\n\t<meta property=\"og:image:type\" content=\"image\/png\" \/>\n<meta name=\"twitter:card\" content=\"summary_large_image\" \/>\n<meta name=\"twitter:label1\" content=\"Estimated reading time\" \/>\n\t<meta name=\"twitter:data1\" content=\"1 minute\" \/>\n<script type=\"application\/ld+json\" class=\"yoast-schema-graph\">{\"@context\":\"https:\/\/schema.org\",\"@graph\":[{\"@type\":\"WebPage\",\"@id\":\"https:\/\/skaitytaknyga.lt\/produktas\/biblijos-pasakojimai-patiems-maziausiems-1-5-tomai\/\",\"url\":\"https:\/\/skaitytaknyga.lt\/produktas\/biblijos-pasakojimai-patiems-maziausiems-1-5-tomai\/\",\"name\":\"Biblijos pasakojimai patiems ma\u017eiausiems 1-5 tomai\",\"isPartOf\":{\"@id\":\"https:\/\/skaitytaknyga.lt\/#website\"},\"primaryImageOfPage\":{\"@id\":\"https:\/\/skaitytaknyga.lt\/produktas\/biblijos-pasakojimai-patiems-maziausiems-1-5-tomai\/#primaryimage\"},\"image\":{\"@id\":\"https:\/\/skaitytaknyga.lt\/produktas\/biblijos-pasakojimai-patiems-maziausiems-1-5-tomai\/#primaryimage\"},\"thumbnailUrl\":\"https:\/\/skaitytaknyga.lt\/wp-content\/uploads\/2024\/05\/Biblijos-pasakojimai-patiems-maziausiems.webp\",\"datePublished\":\"2024-05-04T17:59:42+00:00\",\"dateModified\":\"2026-02-26T10:57:04+00:00\",\"description\":\"\u0160is dienora\u0161tis ra\u0161ytas T\u0117vo Stanislovo dukter\u0117\u010dios Birut\u0117s Tiknev Prad\u017eioje Pa\u017ead\u0117toji \u017eem\u0117 Karaliai ir prana\u0161ai \u012e pasaul\u012f at\u0117jo i\u0161gelb\u0117tojas Pasaulio karalius i\u010di\u016bt\u0117s 1989-2005 metais. N\u0117 vienas pokalbis nebuvo \u012fra\u0161ytas \u012f diktofon\u0105, nes T\u0117vas Stanislovas sakydavo: \u201eTu juk \u017einai, kaip man tai sunku..\\\" Atsipra\u0161au nuotrauk\u0173 autori\u0173, kad nenurod\u017eiau j\u0173 pavard\u017ei\u0173, nes nuotraukas be pa\u017eym\u0117t\u0173 dat\u0173, be pavard\u017ei\u0173 esu gavusi i\u0161 T\u0117vo Stanislovo.\",\"breadcrumb\":{\"@id\":\"https:\/\/skaitytaknyga.lt\/produktas\/biblijos-pasakojimai-patiems-maziausiems-1-5-tomai\/#breadcrumb\"},\"inLanguage\":\"en-GB\",\"potentialAction\":[{\"@type\":\"ReadAction\",\"target\":[\"https:\/\/skaitytaknyga.lt\/produktas\/biblijos-pasakojimai-patiems-maziausiems-1-5-tomai\/\"]}]},{\"@type\":\"ImageObject\",\"inLanguage\":\"en-GB\",\"@id\":\"https:\/\/skaitytaknyga.lt\/produktas\/biblijos-pasakojimai-patiems-maziausiems-1-5-tomai\/#primaryimage\",\"url\":\"https:\/\/skaitytaknyga.lt\/wp-content\/uploads\/2024\/05\/Biblijos-pasakojimai-patiems-maziausiems.webp\",\"contentUrl\":\"https:\/\/skaitytaknyga.lt\/wp-content\/uploads\/2024\/05\/Biblijos-pasakojimai-patiems-maziausiems.webp\",\"width\":300,\"height\":393,\"caption\":\"Biblijos pasakojimai patiems ma\u017eiausiems 1-5 tomai\"},{\"@type\":\"BreadcrumbList\",\"@id\":\"https:\/\/skaitytaknyga.lt\/produktas\/biblijos-pasakojimai-patiems-maziausiems-1-5-tomai\/#breadcrumb\",\"itemListElement\":[{\"@type\":\"ListItem\",\"position\":1,\"name\":\"Home\",\"item\":\"https:\/\/skaitytaknyga.lt\/\"},{\"@type\":\"ListItem\",\"position\":2,\"name\":\"Parduotuv\u0117\",\"item\":\"https:\/\/skaitytaknyga.lt\/knygu-parduotuve\/\"},{\"@type\":\"ListItem\",\"position\":3,\"name\":\"Biblijos pasakojimai patiems ma\u017eiausiems 1-5 tomai\"}]},{\"@type\":\"WebSite\",\"@id\":\"https:\/\/skaitytaknyga.lt\/#website\",\"url\":\"https:\/\/skaitytaknyga.lt\/\",\"name\":\"skaitytaknyga.lt\",\"description\":\"Skaitytaknyga.lt \u2013 tai ma\u017eas \u0161eimos verslas, kuris prasid\u0117jo nuo meil\u0117s knygoms ir siekio i\u0161gelb\u0117ti knygas nuo likimo prie konteinerio. Kas vienam nereikalingas daiktas \u2013 kitam lobis, o mes esame tarpininkai, kurie padeda abiems tapti laimingesniems ???? \u017dinome kaip nelengva i\u0161gyventi ma\u017eiems verslams, tad nuo \u0161iol, \u010dia rasite ir kit\u0173, ma\u017e\u0173 \u0161eim\u0173 versl\u0173, rank\u0173 darbo, dovan\u0173 sau ir artimiesiems.\",\"publisher\":{\"@id\":\"https:\/\/skaitytaknyga.lt\/#organization\"},\"potentialAction\":[{\"@type\":\"SearchAction\",\"target\":{\"@type\":\"EntryPoint\",\"urlTemplate\":\"https:\/\/skaitytaknyga.lt\/?s={search_term_string}\"},\"query-input\":{\"@type\":\"PropertyValueSpecification\",\"valueRequired\":true,\"valueName\":\"search_term_string\"}}],\"inLanguage\":\"en-GB\"},{\"@type\":\"Organization\",\"@id\":\"https:\/\/skaitytaknyga.lt\/#organization\",\"name\":\"skaitytaknyga.lt\",\"url\":\"https:\/\/skaitytaknyga.lt\/\",\"logo\":{\"@type\":\"ImageObject\",\"inLanguage\":\"en-GB\",\"@id\":\"https:\/\/skaitytaknyga.lt\/#\/schema\/logo\/image\/\",\"url\":\"https:\/\/skaitytaknyga.lt\/wp-content\/uploads\/2024\/05\/cropped-cropped-cropped-02_00843_jt3bggkj1j3HLc7SyY6rEUpg.jpeg\",\"contentUrl\":\"https:\/\/skaitytaknyga.lt\/wp-content\/uploads\/2024\/05\/cropped-cropped-cropped-02_00843_jt3bggkj1j3HLc7SyY6rEUpg.jpeg\",\"width\":1600,\"height\":1600,\"caption\":\"skaitytaknyga.lt\"},\"image\":{\"@id\":\"https:\/\/skaitytaknyga.lt\/#\/schema\/logo\/image\/\"},\"sameAs\":[\"https:\/\/www.facebook.com\/skaitytaknyga\/\"]}]}<\/script>\n<!-- \/ Yoast SEO plugin. -->","yoast_head_json":{"title":"Biblijos pasakojimai patiems ma\u017eiausiems 1-5 tomai","description":"\u0160is dienora\u0161tis ra\u0161ytas T\u0117vo Stanislovo dukter\u0117\u010dios Birut\u0117s Tiknev  Prad\u017eioje  Pa\u017ead\u0117toji \u017eem\u0117  Karaliai ir prana\u0161ai  \u012e pasaul\u012f at\u0117jo i\u0161gelb\u0117tojas  Pasaulio karalius  i\u010di\u016bt\u0117s 1989-2005 metais. N\u0117 vienas pokalbis nebuvo \u012fra\u0161ytas \u012f diktofon\u0105, nes T\u0117vas Stanislovas sakydavo: \u201eTu juk \u017einai, kaip man tai sunku..\"  Atsipra\u0161au nuotrauk\u0173 autori\u0173, kad nenurod\u017eiau j\u0173 pavard\u017ei\u0173, nes nuotraukas be pa\u017eym\u0117t\u0173 dat\u0173, be pavard\u017ei\u0173 esu gavusi i\u0161 T\u0117vo Stanislovo.","robots":{"index":"index","follow":"follow","max-snippet":"max-snippet:-1","max-image-preview":"max-image-preview:large","max-video-preview":"max-video-preview:-1"},"canonical":"https:\/\/skaitytaknyga.lt\/en\/produktas\/biblijos-pasakojimai-patiems-maziausiems-1-5-tomai\/","og_locale":"en_GB","og_type":"article","og_title":"[:lt]Biblijos pasakojimai patiems ma\u017eiausiems 1-5 tomai[:] - Skaitytaknyga","og_description":"\u0160is dienora\u0161tis ra\u0161ytas T\u0117vo Stanislovo dukter\u0117\u010dios Birut\u0117s Tiknev  Prad\u017eioje  Pa\u017ead\u0117toji \u017eem\u0117  Karaliai ir prana\u0161ai  \u012e pasaul\u012f at\u0117jo i\u0161gelb\u0117tojas  Pasaulio karalius  i\u010di\u016bt\u0117s 1989-2005 metais. N\u0117 vienas pokalbis nebuvo \u012fra\u0161ytas \u012f diktofon\u0105, nes T\u0117vas Stanislovas sakydavo: \u201eTu juk \u017einai, kaip man tai sunku..\"  Atsipra\u0161au nuotrauk\u0173 autori\u0173, kad nenurod\u017eiau j\u0173 pavard\u017ei\u0173, nes nuotraukas be pa\u017eym\u0117t\u0173 dat\u0173, be pavard\u017ei\u0173 esu gavusi i\u0161 T\u0117vo Stanislovo.","og_url":"https:\/\/skaitytaknyga.lt\/en\/produktas\/biblijos-pasakojimai-patiems-maziausiems-1-5-tomai\/","og_site_name":"Skaitytaknyga","article_publisher":"https:\/\/www.facebook.com\/skaitytaknyga\/","article_modified_time":"2026-02-26T10:57:04+00:00","og_image":[{"width":747,"height":496,"url":"https:\/\/skaitytaknyga.lt\/wp-content\/uploads\/2024\/07\/skaitytaknyga.png","type":"image\/png"}],"twitter_card":"summary_large_image","twitter_misc":{"Estimated reading time":"1 minute"},"schema":{"@context":"https:\/\/schema.org","@graph":[{"@type":"WebPage","@id":"https:\/\/skaitytaknyga.lt\/produktas\/biblijos-pasakojimai-patiems-maziausiems-1-5-tomai\/","url":"https:\/\/skaitytaknyga.lt\/produktas\/biblijos-pasakojimai-patiems-maziausiems-1-5-tomai\/","name":"Biblijos pasakojimai patiems ma\u017eiausiems 1-5 tomai","isPartOf":{"@id":"https:\/\/skaitytaknyga.lt\/#website"},"primaryImageOfPage":{"@id":"https:\/\/skaitytaknyga.lt\/produktas\/biblijos-pasakojimai-patiems-maziausiems-1-5-tomai\/#primaryimage"},"image":{"@id":"https:\/\/skaitytaknyga.lt\/produktas\/biblijos-pasakojimai-patiems-maziausiems-1-5-tomai\/#primaryimage"},"thumbnailUrl":"https:\/\/skaitytaknyga.lt\/wp-content\/uploads\/2024\/05\/Biblijos-pasakojimai-patiems-maziausiems.webp","datePublished":"2024-05-04T17:59:42+00:00","dateModified":"2026-02-26T10:57:04+00:00","description":"\u0160is dienora\u0161tis ra\u0161ytas T\u0117vo Stanislovo dukter\u0117\u010dios Birut\u0117s Tiknev Prad\u017eioje Pa\u017ead\u0117toji \u017eem\u0117 Karaliai ir prana\u0161ai \u012e pasaul\u012f at\u0117jo i\u0161gelb\u0117tojas Pasaulio karalius i\u010di\u016bt\u0117s 1989-2005 metais. N\u0117 vienas pokalbis nebuvo \u012fra\u0161ytas \u012f diktofon\u0105, nes T\u0117vas Stanislovas sakydavo: \u201eTu juk \u017einai, kaip man tai sunku..\" Atsipra\u0161au nuotrauk\u0173 autori\u0173, kad nenurod\u017eiau j\u0173 pavard\u017ei\u0173, nes nuotraukas be pa\u017eym\u0117t\u0173 dat\u0173, be pavard\u017ei\u0173 esu gavusi i\u0161 T\u0117vo Stanislovo.","breadcrumb":{"@id":"https:\/\/skaitytaknyga.lt\/produktas\/biblijos-pasakojimai-patiems-maziausiems-1-5-tomai\/#breadcrumb"},"inLanguage":"en-GB","potentialAction":[{"@type":"ReadAction","target":["https:\/\/skaitytaknyga.lt\/produktas\/biblijos-pasakojimai-patiems-maziausiems-1-5-tomai\/"]}]},{"@type":"ImageObject","inLanguage":"en-GB","@id":"https:\/\/skaitytaknyga.lt\/produktas\/biblijos-pasakojimai-patiems-maziausiems-1-5-tomai\/#primaryimage","url":"https:\/\/skaitytaknyga.lt\/wp-content\/uploads\/2024\/05\/Biblijos-pasakojimai-patiems-maziausiems.webp","contentUrl":"https:\/\/skaitytaknyga.lt\/wp-content\/uploads\/2024\/05\/Biblijos-pasakojimai-patiems-maziausiems.webp","width":300,"height":393,"caption":"Biblijos pasakojimai patiems ma\u017eiausiems 1-5 tomai"},{"@type":"BreadcrumbList","@id":"https:\/\/skaitytaknyga.lt\/produktas\/biblijos-pasakojimai-patiems-maziausiems-1-5-tomai\/#breadcrumb","itemListElement":[{"@type":"ListItem","position":1,"name":"Home","item":"https:\/\/skaitytaknyga.lt\/"},{"@type":"ListItem","position":2,"name":"Parduotuv\u0117","item":"https:\/\/skaitytaknyga.lt\/knygu-parduotuve\/"},{"@type":"ListItem","position":3,"name":"Biblijos pasakojimai patiems ma\u017eiausiems 1-5 tomai"}]},{"@type":"WebSite","@id":"https:\/\/skaitytaknyga.lt\/#website","url":"https:\/\/skaitytaknyga.lt\/","name":"skaitytaknyga.lt","description":"Skaitytaknyga.lt \u2013 tai ma\u017eas \u0161eimos verslas, kuris prasid\u0117jo nuo meil\u0117s knygoms ir siekio i\u0161gelb\u0117ti knygas nuo likimo prie konteinerio. Kas vienam nereikalingas daiktas \u2013 kitam lobis, o mes esame tarpininkai, kurie padeda abiems tapti laimingesniems ???? \u017dinome kaip nelengva i\u0161gyventi ma\u017eiems verslams, tad nuo \u0161iol, \u010dia rasite ir kit\u0173, ma\u017e\u0173 \u0161eim\u0173 versl\u0173, rank\u0173 darbo, dovan\u0173 sau ir artimiesiems.","publisher":{"@id":"https:\/\/skaitytaknyga.lt\/#organization"},"potentialAction":[{"@type":"SearchAction","target":{"@type":"EntryPoint","urlTemplate":"https:\/\/skaitytaknyga.lt\/?s={search_term_string}"},"query-input":{"@type":"PropertyValueSpecification","valueRequired":true,"valueName":"search_term_string"}}],"inLanguage":"en-GB"},{"@type":"Organization","@id":"https:\/\/skaitytaknyga.lt\/#organization","name":"skaitytaknyga.lt","url":"https:\/\/skaitytaknyga.lt\/","logo":{"@type":"ImageObject","inLanguage":"en-GB","@id":"https:\/\/skaitytaknyga.lt\/#\/schema\/logo\/image\/","url":"https:\/\/skaitytaknyga.lt\/wp-content\/uploads\/2024\/05\/cropped-cropped-cropped-02_00843_jt3bggkj1j3HLc7SyY6rEUpg.jpeg","contentUrl":"https:\/\/skaitytaknyga.lt\/wp-content\/uploads\/2024\/05\/cropped-cropped-cropped-02_00843_jt3bggkj1j3HLc7SyY6rEUpg.jpeg","width":1600,"height":1600,"caption":"skaitytaknyga.lt"},"image":{"@id":"https:\/\/skaitytaknyga.lt\/#\/schema\/logo\/image\/"},"sameAs":["https:\/\/www.facebook.com\/skaitytaknyga\/"]}]}},"_links":{"self":[{"href":"https:\/\/skaitytaknyga.lt\/en\/wp-json\/wp\/v2\/product\/9849","targetHints":{"allow":["GET"]}}],"collection":[{"href":"https:\/\/skaitytaknyga.lt\/en\/wp-json\/wp\/v2\/product"}],"about":[{"href":"https:\/\/skaitytaknyga.lt\/en\/wp-json\/wp\/v2\/types\/product"}],"replies":[{"embeddable":true,"href":"https:\/\/skaitytaknyga.lt\/en\/wp-json\/wp\/v2\/comments?post=9849"}],"wp:featuredmedia":[{"embeddable":true,"href":"https:\/\/skaitytaknyga.lt\/en\/wp-json\/wp\/v2\/media\/23169"}],"wp:attachment":[{"href":"https:\/\/skaitytaknyga.lt\/en\/wp-json\/wp\/v2\/media?parent=9849"}],"wp:term":[{"taxonomy":"product_brand","embeddable":true,"href":"https:\/\/skaitytaknyga.lt\/en\/wp-json\/wp\/v2\/product_brand?post=9849"},{"taxonomy":"product_cat","embeddable":true,"href":"https:\/\/skaitytaknyga.lt\/en\/wp-json\/wp\/v2\/product_cat?post=9849"},{"taxonomy":"product_tag","embeddable":true,"href":"https:\/\/skaitytaknyga.lt\/en\/wp-json\/wp\/v2\/product_tag?post=9849"}],"curies":[{"name":"wp","href":"https:\/\/api.w.org\/{rel}","templated":true}]}}