{"id":9846,"date":"2024-05-04T17:59:42","date_gmt":"2024-05-04T17:59:42","guid":{"rendered":"https:\/\/skaitytaknyga.lt\/?post_type=product&#038;p=9846"},"modified":"2024-05-04T18:00:48","modified_gmt":"2024-05-04T18:00:48","slug":"alytaus-rajonas-alytus-district","status":"publish","type":"product","link":"https:\/\/skaitytaknyga.lt\/en\/produktas\/alytaus-rajonas-alytus-district\/","title":{"rendered":"Alytaus rajonas. Alytus district"},"content":{"rendered":"<p>Nenustebkite, jeigu apsilankius Alytaus kra\u0161te garad\u016b\u0161is dz\u016bkas pakvies Jus puodelio garuojan\u010dios gili\u0173 kavos ar \u017eoleli\u0173 arbatos. Tai tik kelion\u0117s ir istorijos apie Alytaus rajon\u0105 prad\u017eia.<\/p>\n<p>Keliausime aplankyti vienuolikos Alytaus rajono seni\u016bnij\u0173. \u010cia apstu ne tik gamtos turt\u0173, bet ir talenting\u0173 \u017emoni\u0173, kuri\u0173 rankomis gimsta tai, k\u0105 mes vadiname kulinariniu paveldu ir amatais. U\u017esuksime ten, kur kvepia tikromis dz\u016bki\u0161komis bandomis, garuoja kar\u0161tas pyragas ar grikin\u0117 babka, smali\u017eiai gal\u0117s paragauti namuose i\u0161kepto \u201e\u0160imtalapio\u201c. Ko jau ko, bet darb\u0161tumo i\u0161 dz\u016bkelio neatimsi \u2013 kelion\u0117je susipa\u017einsime su Alytaus rajono kalviais, dro\u017e\u0117jais, aud\u0117jomis, pyn\u0117jomis. Tiesa, vis\u0173 amatinink\u0173 nam\u0173 dur\u0173 praverti nesp\u0117sime \u2013 j\u0173 tiek daug<span lang=\"EN-US\">!<\/span><\/p>\n<p>Tad jei kartais ir pamir\u0161tume vienas kit\u0105, tai puiki proga pasid\u017eiaugti tuo, k\u0105 turime turtingame Alytaus rajone<span lang=\"EN-US\">!<\/span>\u00a0Tais \u017emon\u0117mis, kurie garsina m\u016bs\u0173 rajon\u0105 tur\u0117dami garb\u0117s pilie\u010dio vard\u0105, ir tais, kuri\u0173 draugyste galime did\u017eiuotis u\u017e \u0161alies sien\u0173, \u2013 m\u016bs\u0173 u\u017esienio partneriais.<\/p>\n<p>Kvie\u010diame drauge leistis \u012f dz\u016bki\u0161k\u0105, paprast\u0105 ir nuo\u0161ird\u017ei\u0105 kelion\u0119 po Alytaus rajon\u0105.<\/p>\n","protected":false},"excerpt":{"rendered":"<div class=\"collapsor\">\n<p>Nenustebkite, jeigu apsilankius Alytaus kra\u0161te garad\u016b\u0161is dz\u016bkas pakvies Jus puodelio garuojan\u010dios gili\u0173 kavos ar \u017eoleli\u0173 arbatos. Tai tik kelion\u0117s ir istorijos apie Alytaus rajon\u0105 prad\u017eia.<\/p>\n<p>Keliausime aplankyti vienuolikos Alytaus rajono seni\u016bnij\u0173. \u010cia apstu ne tik gamtos turt\u0173, bet ir talenting\u0173 \u017emoni\u0173, kuri\u0173 rankomis gimsta tai, k\u0105 mes vadiname kulinariniu paveldu ir amatais. U\u017esuksime ten, kur kvepia tikromis dz\u016bki\u0161komis bandomis, garuoja kar\u0161tas pyragas ar grikin\u0117 babka, smali\u017eiai gal\u0117s paragauti namuose i\u0161kepto \u201e\u0160imtalapio\u201c. Ko jau ko, bet darb\u0161tumo i\u0161 dz\u016bkelio neatimsi \u2013 kelion\u0117je susipa\u017einsime su Alytaus rajono kalviais, dro\u017e\u0117jais, aud\u0117jomis, pyn\u0117jomis. Tiesa, vis\u0173 amatinink\u0173 nam\u0173 dur\u0173 praverti nesp\u0117sime \u2013 j\u0173 tiek daug<span lang=\"EN-US\">!<\/span><\/p>\n<p>Tad jei kartais ir pamir\u0161tume vienas kit\u0105, tai puiki proga pasid\u017eiaugti tuo, k\u0105 turime turtingame Alytaus rajone<span lang=\"EN-US\">!<\/span>\u00a0Tais \u017emon\u0117mis, kurie garsina m\u016bs\u0173 rajon\u0105 tur\u0117dami garb\u0117s pilie\u010dio vard\u0105, ir tais, kuri\u0173 draugyste galime did\u017eiuotis u\u017e \u0161alies sien\u0173, \u2013 m\u016bs\u0173 u\u017esienio partneriais.<\/p>\n<p>Kvie\u010diame drauge leistis \u012f dz\u016bki\u0161k\u0105, paprast\u0105 ir nuo\u0161ird\u017ei\u0105 kelion\u0119 po Alytaus rajon\u0105.<\/p>\n<\/div>\n","protected":false},"featured_media":9892,"comment_status":"closed","ping_status":"closed","template":"","meta":{"_acf_changed":false,"site-sidebar-layout":"default","site-content-layout":"","ast-site-content-layout":"default","site-content-style":"default","site-sidebar-style":"default","ast-global-header-display":"","ast-banner-title-visibility":"","ast-main-header-display":"","ast-hfb-above-header-display":"","ast-hfb-below-header-display":"","ast-hfb-mobile-header-display":"","site-post-title":"","ast-breadcrumbs-content":"","ast-featured-img":"","footer-sml-layout":"","ast-disable-related-posts":"","theme-transparent-header-meta":"","adv-header-id-meta":"","stick-header-meta":"","header-above-stick-meta":"","header-main-stick-meta":"","header-below-stick-meta":"","astra-migrate-meta-layouts":"default","ast-page-background-enabled":"default","ast-page-background-meta":{"desktop":{"background-color":"","background-image":"","background-repeat":"repeat","background-position":"center center","background-size":"auto","background-attachment":"scroll","background-type":"","background-media":"","overlay-type":"","overlay-color":"","overlay-opacity":"","overlay-gradient":""},"tablet":{"background-color":"","background-image":"","background-repeat":"repeat","background-position":"center center","background-size":"auto","background-attachment":"scroll","background-type":"","background-media":"","overlay-type":"","overlay-color":"","overlay-opacity":"","overlay-gradient":""},"mobile":{"background-color":"","background-image":"","background-repeat":"repeat","background-position":"center center","background-size":"auto","background-attachment":"scroll","background-type":"","background-media":"","overlay-type":"","overlay-color":"","overlay-opacity":"","overlay-gradient":""}},"ast-content-background-meta":{"desktop":{"background-color":"var(--ast-global-color-4)","background-image":"","background-repeat":"repeat","background-position":"center center","background-size":"auto","background-attachment":"scroll","background-type":"","background-media":"","overlay-type":"","overlay-color":"","overlay-opacity":"","overlay-gradient":""},"tablet":{"background-color":"var(--ast-global-color-4)","background-image":"","background-repeat":"repeat","background-position":"center center","background-size":"auto","background-attachment":"scroll","background-type":"","background-media":"","overlay-type":"","overlay-color":"","overlay-opacity":"","overlay-gradient":""},"mobile":{"background-color":"var(--ast-global-color-4)","background-image":"","background-repeat":"repeat","background-position":"center center","background-size":"auto","background-attachment":"scroll","background-type":"","background-media":"","overlay-type":"","overlay-color":"","overlay-opacity":"","overlay-gradient":""}}},"product_brand":[],"product_cat":[448],"product_tag":[],"class_list":{"0":"post-9846","1":"product","2":"type-product","3":"status-publish","4":"has-post-thumbnail","6":"product_cat-keliones","7":"desktop-align-left","8":"tablet-align-left","9":"mobile-align-left","11":"first","12":"instock","13":"shipping-taxable","14":"purchasable","15":"product-type-simple"},"acf":[],"yoast_head":"<!-- This site is optimized with the Yoast SEO plugin v27.4 - https:\/\/yoast.com\/product\/yoast-seo-wordpress\/ -->\n<title>Alytaus rajonas. Alytus district - Skaitytaknyga<\/title>\n<meta name=\"description\" content=\"Nenustebkite, jeigu apsilankius Alytaus kra\u0161te garad\u016b\u0161is dz\u016bkas pakvies Jus puodelio garuojan\u010dios gili\u0173 kavos ar \u017eoleli\u0173 arbatos. Tai tik kelion\u0117s ir istorijos apie Alytaus rajon\u0105 prad\u017eia.  Keliausime aplankyti vienuolikos Alytaus rajono seni\u016bnij\u0173. \u010cia apstu ne tik gamtos turt\u0173, bet ir talenting\u0173 \u017emoni\u0173, kuri\u0173 rankomis gimsta tai, k\u0105 mes vadiname kulinariniu paveldu ir amatais. U\u017esuksime ten, kur kvepia tikromis dz\u016bki\u0161komis bandomis, garuoja kar\u0161tas pyragas ar grikin\u0117 babka, smali\u017eiai gal\u0117s paragauti namuose i\u0161kepto \u201e\u0160imtalapio\u201c. Ko jau ko, bet darb\u0161tumo i\u0161 dz\u016bkelio neatimsi \u2013 kelion\u0117je susipa\u017einsime su Alytaus rajono kalviais, dro\u017e\u0117jais, aud\u0117jomis, pyn\u0117jomis. Tiesa, vis\u0173 amatinink\u0173 nam\u0173 dur\u0173 praverti nesp\u0117sime \u2013 j\u0173 tiek daug!  Tad jei kartais ir pamir\u0161tume vienas kit\u0105, tai puiki proga pasid\u017eiaugti tuo, k\u0105 turime turtingame Alytaus rajone!\u00a0Tais \u017emon\u0117mis, kurie garsina m\u016bs\u0173 rajon\u0105 tur\u0117dami garb\u0117s pilie\u010dio vard\u0105, ir tais, kuri\u0173 draugyste galime did\u017eiuotis u\u017e \u0161alies sien\u0173, \u2013 m\u016bs\u0173 u\u017esienio partneriais.  Kvie\u010diame drauge leistis \u012f dz\u016bki\u0161k\u0105, paprast\u0105 ir nuo\u0161ird\u017ei\u0105 kelion\u0119 po Alytaus rajon\u0105.\" \/>\n<meta name=\"robots\" content=\"index, follow, max-snippet:-1, max-image-preview:large, max-video-preview:-1\" \/>\n<link rel=\"canonical\" href=\"https:\/\/skaitytaknyga.lt\/en\/produktas\/alytaus-rajonas-alytus-district\/\" \/>\n<meta property=\"og:locale\" content=\"en_GB\" \/>\n<meta property=\"og:locale:alternate\" content=\"lt_LT\" \/>\n<meta property=\"og:type\" content=\"article\" \/>\n<meta property=\"og:title\" content=\"Alytaus rajonas. Alytus district - Skaitytaknyga\" \/>\n<meta property=\"og:description\" content=\"Nenustebkite, jeigu apsilankius Alytaus kra\u0161te garad\u016b\u0161is dz\u016bkas pakvies Jus puodelio garuojan\u010dios gili\u0173 kavos ar \u017eoleli\u0173 arbatos. Tai tik kelion\u0117s ir istorijos apie Alytaus rajon\u0105 prad\u017eia.  Keliausime aplankyti vienuolikos Alytaus rajono seni\u016bnij\u0173. \u010cia apstu ne tik gamtos turt\u0173, bet ir talenting\u0173 \u017emoni\u0173, kuri\u0173 rankomis gimsta tai, k\u0105 mes vadiname kulinariniu paveldu ir amatais. U\u017esuksime ten, kur kvepia tikromis dz\u016bki\u0161komis bandomis, garuoja kar\u0161tas pyragas ar grikin\u0117 babka, smali\u017eiai gal\u0117s paragauti namuose i\u0161kepto \u201e\u0160imtalapio\u201c. Ko jau ko, bet darb\u0161tumo i\u0161 dz\u016bkelio neatimsi \u2013 kelion\u0117je susipa\u017einsime su Alytaus rajono kalviais, dro\u017e\u0117jais, aud\u0117jomis, pyn\u0117jomis. Tiesa, vis\u0173 amatinink\u0173 nam\u0173 dur\u0173 praverti nesp\u0117sime \u2013 j\u0173 tiek daug!  Tad jei kartais ir pamir\u0161tume vienas kit\u0105, tai puiki proga pasid\u017eiaugti tuo, k\u0105 turime turtingame Alytaus rajone!\u00a0Tais \u017emon\u0117mis, kurie garsina m\u016bs\u0173 rajon\u0105 tur\u0117dami garb\u0117s pilie\u010dio vard\u0105, ir tais, kuri\u0173 draugyste galime did\u017eiuotis u\u017e \u0161alies sien\u0173, \u2013 m\u016bs\u0173 u\u017esienio partneriais.  Kvie\u010diame drauge leistis \u012f dz\u016bki\u0161k\u0105, paprast\u0105 ir nuo\u0161ird\u017ei\u0105 kelion\u0119 po Alytaus rajon\u0105.\" \/>\n<meta property=\"og:url\" content=\"https:\/\/skaitytaknyga.lt\/en\/produktas\/alytaus-rajonas-alytus-district\/\" \/>\n<meta property=\"og:site_name\" content=\"Skaitytaknyga\" \/>\n<meta property=\"article:publisher\" content=\"https:\/\/www.facebook.com\/skaitytaknyga\/\" \/>\n<meta property=\"article:modified_time\" content=\"2024-05-04T18:00:48+00:00\" \/>\n<meta property=\"og:image\" content=\"https:\/\/skaitytaknyga.lt\/wp-content\/uploads\/2024\/05\/Be-pavadinimo-8.png\" \/>\n\t<meta property=\"og:image:width\" content=\"336\" \/>\n\t<meta property=\"og:image:height\" content=\"283\" \/>\n\t<meta property=\"og:image:type\" content=\"image\/png\" \/>\n<meta name=\"twitter:card\" content=\"summary_large_image\" \/>\n<meta name=\"twitter:label1\" content=\"Estimated reading time\" \/>\n\t<meta name=\"twitter:data1\" content=\"1 minute\" \/>\n<script type=\"application\/ld+json\" class=\"yoast-schema-graph\">{\"@context\":\"https:\\\/\\\/schema.org\",\"@graph\":[{\"@type\":\"WebPage\",\"@id\":\"https:\\\/\\\/skaitytaknyga.lt\\\/produktas\\\/alytaus-rajonas-alytus-district\\\/\",\"url\":\"https:\\\/\\\/skaitytaknyga.lt\\\/produktas\\\/alytaus-rajonas-alytus-district\\\/\",\"name\":\"Alytaus rajonas. Alytus district - Skaitytaknyga\",\"isPartOf\":{\"@id\":\"https:\\\/\\\/skaitytaknyga.lt\\\/#website\"},\"primaryImageOfPage\":{\"@id\":\"https:\\\/\\\/skaitytaknyga.lt\\\/produktas\\\/alytaus-rajonas-alytus-district\\\/#primaryimage\"},\"image\":{\"@id\":\"https:\\\/\\\/skaitytaknyga.lt\\\/produktas\\\/alytaus-rajonas-alytus-district\\\/#primaryimage\"},\"thumbnailUrl\":\"https:\\\/\\\/skaitytaknyga.lt\\\/wp-content\\\/uploads\\\/2024\\\/05\\\/Be-pavadinimo-8.png\",\"datePublished\":\"2024-05-04T17:59:42+00:00\",\"dateModified\":\"2024-05-04T18:00:48+00:00\",\"description\":\"Nenustebkite, jeigu apsilankius Alytaus kra\u0161te garad\u016b\u0161is dz\u016bkas pakvies Jus puodelio garuojan\u010dios gili\u0173 kavos ar \u017eoleli\u0173 arbatos. Tai tik kelion\u0117s ir istorijos apie Alytaus rajon\u0105 prad\u017eia. Keliausime aplankyti vienuolikos Alytaus rajono seni\u016bnij\u0173. \u010cia apstu ne tik gamtos turt\u0173, bet ir talenting\u0173 \u017emoni\u0173, kuri\u0173 rankomis gimsta tai, k\u0105 mes vadiname kulinariniu paveldu ir amatais. U\u017esuksime ten, kur kvepia tikromis dz\u016bki\u0161komis bandomis, garuoja kar\u0161tas pyragas ar grikin\u0117 babka, smali\u017eiai gal\u0117s paragauti namuose i\u0161kepto \u201e\u0160imtalapio\u201c. Ko jau ko, bet darb\u0161tumo i\u0161 dz\u016bkelio neatimsi \u2013 kelion\u0117je susipa\u017einsime su Alytaus rajono kalviais, dro\u017e\u0117jais, aud\u0117jomis, pyn\u0117jomis. Tiesa, vis\u0173 amatinink\u0173 nam\u0173 dur\u0173 praverti nesp\u0117sime \u2013 j\u0173 tiek daug! Tad jei kartais ir pamir\u0161tume vienas kit\u0105, tai puiki proga pasid\u017eiaugti tuo, k\u0105 turime turtingame Alytaus rajone!\u00a0Tais \u017emon\u0117mis, kurie garsina m\u016bs\u0173 rajon\u0105 tur\u0117dami garb\u0117s pilie\u010dio vard\u0105, ir tais, kuri\u0173 draugyste galime did\u017eiuotis u\u017e \u0161alies sien\u0173, \u2013 m\u016bs\u0173 u\u017esienio partneriais. Kvie\u010diame drauge leistis \u012f dz\u016bki\u0161k\u0105, paprast\u0105 ir nuo\u0161ird\u017ei\u0105 kelion\u0119 po Alytaus rajon\u0105.\",\"breadcrumb\":{\"@id\":\"https:\\\/\\\/skaitytaknyga.lt\\\/produktas\\\/alytaus-rajonas-alytus-district\\\/#breadcrumb\"},\"inLanguage\":\"en-GB\",\"potentialAction\":[{\"@type\":\"ReadAction\",\"target\":[\"https:\\\/\\\/skaitytaknyga.lt\\\/produktas\\\/alytaus-rajonas-alytus-district\\\/\"]}]},{\"@type\":\"ImageObject\",\"inLanguage\":\"en-GB\",\"@id\":\"https:\\\/\\\/skaitytaknyga.lt\\\/produktas\\\/alytaus-rajonas-alytus-district\\\/#primaryimage\",\"url\":\"https:\\\/\\\/skaitytaknyga.lt\\\/wp-content\\\/uploads\\\/2024\\\/05\\\/Be-pavadinimo-8.png\",\"contentUrl\":\"https:\\\/\\\/skaitytaknyga.lt\\\/wp-content\\\/uploads\\\/2024\\\/05\\\/Be-pavadinimo-8.png\",\"width\":336,\"height\":283},{\"@type\":\"BreadcrumbList\",\"@id\":\"https:\\\/\\\/skaitytaknyga.lt\\\/produktas\\\/alytaus-rajonas-alytus-district\\\/#breadcrumb\",\"itemListElement\":[{\"@type\":\"ListItem\",\"position\":1,\"name\":\"Home\",\"item\":\"https:\\\/\\\/skaitytaknyga.lt\\\/\"},{\"@type\":\"ListItem\",\"position\":2,\"name\":\"Parduotuv\u0117\",\"item\":\"https:\\\/\\\/skaitytaknyga.lt\\\/knygu-parduotuve\\\/\"},{\"@type\":\"ListItem\",\"position\":3,\"name\":\"Alytaus rajonas. Alytus district\"}]},{\"@type\":\"WebSite\",\"@id\":\"https:\\\/\\\/skaitytaknyga.lt\\\/#website\",\"url\":\"https:\\\/\\\/skaitytaknyga.lt\\\/\",\"name\":\"skaitytaknyga.lt\",\"description\":\"Skaitytaknyga.lt \u2013 tai ma\u017eas \u0161eimos verslas, kuris prasid\u0117jo nuo meil\u0117s knygoms ir siekio i\u0161gelb\u0117ti knygas nuo likimo prie konteinerio. Kas vienam nereikalingas daiktas \u2013 kitam lobis, o mes esame tarpininkai, kurie padeda abiems tapti laimingesniems ???? \u017dinome kaip nelengva i\u0161gyventi ma\u017eiems verslams, tad nuo \u0161iol, \u010dia rasite ir kit\u0173, ma\u017e\u0173 \u0161eim\u0173 versl\u0173, rank\u0173 darbo, dovan\u0173 sau ir artimiesiems.\",\"publisher\":{\"@id\":\"https:\\\/\\\/skaitytaknyga.lt\\\/#organization\"},\"potentialAction\":[{\"@type\":\"SearchAction\",\"target\":{\"@type\":\"EntryPoint\",\"urlTemplate\":\"https:\\\/\\\/skaitytaknyga.lt\\\/?s={search_term_string}\"},\"query-input\":{\"@type\":\"PropertyValueSpecification\",\"valueRequired\":true,\"valueName\":\"search_term_string\"}}],\"inLanguage\":\"en-GB\"},{\"@type\":\"Organization\",\"@id\":\"https:\\\/\\\/skaitytaknyga.lt\\\/#organization\",\"name\":\"skaitytaknyga.lt\",\"url\":\"https:\\\/\\\/skaitytaknyga.lt\\\/\",\"logo\":{\"@type\":\"ImageObject\",\"inLanguage\":\"en-GB\",\"@id\":\"https:\\\/\\\/skaitytaknyga.lt\\\/#\\\/schema\\\/logo\\\/image\\\/\",\"url\":\"https:\\\/\\\/skaitytaknyga.lt\\\/wp-content\\\/uploads\\\/2024\\\/05\\\/cropped-cropped-cropped-02_00843_jt3bggkj1j3HLc7SyY6rEUpg.jpeg\",\"contentUrl\":\"https:\\\/\\\/skaitytaknyga.lt\\\/wp-content\\\/uploads\\\/2024\\\/05\\\/cropped-cropped-cropped-02_00843_jt3bggkj1j3HLc7SyY6rEUpg.jpeg\",\"width\":1600,\"height\":1600,\"caption\":\"skaitytaknyga.lt\"},\"image\":{\"@id\":\"https:\\\/\\\/skaitytaknyga.lt\\\/#\\\/schema\\\/logo\\\/image\\\/\"},\"sameAs\":[\"https:\\\/\\\/www.facebook.com\\\/skaitytaknyga\\\/\"]}]}<\/script>\n<!-- \/ Yoast SEO plugin. -->","yoast_head_json":{"title":"Alytaus rajonas. Alytus district - Skaitytaknyga","description":"Nenustebkite, jeigu apsilankius Alytaus kra\u0161te garad\u016b\u0161is dz\u016bkas pakvies Jus puodelio garuojan\u010dios gili\u0173 kavos ar \u017eoleli\u0173 arbatos. Tai tik kelion\u0117s ir istorijos apie Alytaus rajon\u0105 prad\u017eia.  Keliausime aplankyti vienuolikos Alytaus rajono seni\u016bnij\u0173. \u010cia apstu ne tik gamtos turt\u0173, bet ir talenting\u0173 \u017emoni\u0173, kuri\u0173 rankomis gimsta tai, k\u0105 mes vadiname kulinariniu paveldu ir amatais. U\u017esuksime ten, kur kvepia tikromis dz\u016bki\u0161komis bandomis, garuoja kar\u0161tas pyragas ar grikin\u0117 babka, smali\u017eiai gal\u0117s paragauti namuose i\u0161kepto \u201e\u0160imtalapio\u201c. Ko jau ko, bet darb\u0161tumo i\u0161 dz\u016bkelio neatimsi \u2013 kelion\u0117je susipa\u017einsime su Alytaus rajono kalviais, dro\u017e\u0117jais, aud\u0117jomis, pyn\u0117jomis. Tiesa, vis\u0173 amatinink\u0173 nam\u0173 dur\u0173 praverti nesp\u0117sime \u2013 j\u0173 tiek daug!  Tad jei kartais ir pamir\u0161tume vienas kit\u0105, tai puiki proga pasid\u017eiaugti tuo, k\u0105 turime turtingame Alytaus rajone!\u00a0Tais \u017emon\u0117mis, kurie garsina m\u016bs\u0173 rajon\u0105 tur\u0117dami garb\u0117s pilie\u010dio vard\u0105, ir tais, kuri\u0173 draugyste galime did\u017eiuotis u\u017e \u0161alies sien\u0173, \u2013 m\u016bs\u0173 u\u017esienio partneriais.  Kvie\u010diame drauge leistis \u012f dz\u016bki\u0161k\u0105, paprast\u0105 ir nuo\u0161ird\u017ei\u0105 kelion\u0119 po Alytaus rajon\u0105.","robots":{"index":"index","follow":"follow","max-snippet":"max-snippet:-1","max-image-preview":"max-image-preview:large","max-video-preview":"max-video-preview:-1"},"canonical":"https:\/\/skaitytaknyga.lt\/en\/produktas\/alytaus-rajonas-alytus-district\/","og_locale":"en_GB","og_type":"article","og_title":"Alytaus rajonas. Alytus district - Skaitytaknyga","og_description":"Nenustebkite, jeigu apsilankius Alytaus kra\u0161te garad\u016b\u0161is dz\u016bkas pakvies Jus puodelio garuojan\u010dios gili\u0173 kavos ar \u017eoleli\u0173 arbatos. Tai tik kelion\u0117s ir istorijos apie Alytaus rajon\u0105 prad\u017eia.  Keliausime aplankyti vienuolikos Alytaus rajono seni\u016bnij\u0173. \u010cia apstu ne tik gamtos turt\u0173, bet ir talenting\u0173 \u017emoni\u0173, kuri\u0173 rankomis gimsta tai, k\u0105 mes vadiname kulinariniu paveldu ir amatais. U\u017esuksime ten, kur kvepia tikromis dz\u016bki\u0161komis bandomis, garuoja kar\u0161tas pyragas ar grikin\u0117 babka, smali\u017eiai gal\u0117s paragauti namuose i\u0161kepto \u201e\u0160imtalapio\u201c. Ko jau ko, bet darb\u0161tumo i\u0161 dz\u016bkelio neatimsi \u2013 kelion\u0117je susipa\u017einsime su Alytaus rajono kalviais, dro\u017e\u0117jais, aud\u0117jomis, pyn\u0117jomis. Tiesa, vis\u0173 amatinink\u0173 nam\u0173 dur\u0173 praverti nesp\u0117sime \u2013 j\u0173 tiek daug!  Tad jei kartais ir pamir\u0161tume vienas kit\u0105, tai puiki proga pasid\u017eiaugti tuo, k\u0105 turime turtingame Alytaus rajone!\u00a0Tais \u017emon\u0117mis, kurie garsina m\u016bs\u0173 rajon\u0105 tur\u0117dami garb\u0117s pilie\u010dio vard\u0105, ir tais, kuri\u0173 draugyste galime did\u017eiuotis u\u017e \u0161alies sien\u0173, \u2013 m\u016bs\u0173 u\u017esienio partneriais.  Kvie\u010diame drauge leistis \u012f dz\u016bki\u0161k\u0105, paprast\u0105 ir nuo\u0161ird\u017ei\u0105 kelion\u0119 po Alytaus rajon\u0105.","og_url":"https:\/\/skaitytaknyga.lt\/en\/produktas\/alytaus-rajonas-alytus-district\/","og_site_name":"Skaitytaknyga","article_publisher":"https:\/\/www.facebook.com\/skaitytaknyga\/","article_modified_time":"2024-05-04T18:00:48+00:00","og_image":[{"width":336,"height":283,"url":"https:\/\/skaitytaknyga.lt\/wp-content\/uploads\/2024\/05\/Be-pavadinimo-8.png","type":"image\/png"}],"twitter_card":"summary_large_image","twitter_misc":{"Estimated reading time":"1 minute"},"schema":{"@context":"https:\/\/schema.org","@graph":[{"@type":"WebPage","@id":"https:\/\/skaitytaknyga.lt\/produktas\/alytaus-rajonas-alytus-district\/","url":"https:\/\/skaitytaknyga.lt\/produktas\/alytaus-rajonas-alytus-district\/","name":"Alytaus rajonas. Alytus district - Skaitytaknyga","isPartOf":{"@id":"https:\/\/skaitytaknyga.lt\/#website"},"primaryImageOfPage":{"@id":"https:\/\/skaitytaknyga.lt\/produktas\/alytaus-rajonas-alytus-district\/#primaryimage"},"image":{"@id":"https:\/\/skaitytaknyga.lt\/produktas\/alytaus-rajonas-alytus-district\/#primaryimage"},"thumbnailUrl":"https:\/\/skaitytaknyga.lt\/wp-content\/uploads\/2024\/05\/Be-pavadinimo-8.png","datePublished":"2024-05-04T17:59:42+00:00","dateModified":"2024-05-04T18:00:48+00:00","description":"Nenustebkite, jeigu apsilankius Alytaus kra\u0161te garad\u016b\u0161is dz\u016bkas pakvies Jus puodelio garuojan\u010dios gili\u0173 kavos ar \u017eoleli\u0173 arbatos. Tai tik kelion\u0117s ir istorijos apie Alytaus rajon\u0105 prad\u017eia. Keliausime aplankyti vienuolikos Alytaus rajono seni\u016bnij\u0173. \u010cia apstu ne tik gamtos turt\u0173, bet ir talenting\u0173 \u017emoni\u0173, kuri\u0173 rankomis gimsta tai, k\u0105 mes vadiname kulinariniu paveldu ir amatais. U\u017esuksime ten, kur kvepia tikromis dz\u016bki\u0161komis bandomis, garuoja kar\u0161tas pyragas ar grikin\u0117 babka, smali\u017eiai gal\u0117s paragauti namuose i\u0161kepto \u201e\u0160imtalapio\u201c. Ko jau ko, bet darb\u0161tumo i\u0161 dz\u016bkelio neatimsi \u2013 kelion\u0117je susipa\u017einsime su Alytaus rajono kalviais, dro\u017e\u0117jais, aud\u0117jomis, pyn\u0117jomis. Tiesa, vis\u0173 amatinink\u0173 nam\u0173 dur\u0173 praverti nesp\u0117sime \u2013 j\u0173 tiek daug! Tad jei kartais ir pamir\u0161tume vienas kit\u0105, tai puiki proga pasid\u017eiaugti tuo, k\u0105 turime turtingame Alytaus rajone!\u00a0Tais \u017emon\u0117mis, kurie garsina m\u016bs\u0173 rajon\u0105 tur\u0117dami garb\u0117s pilie\u010dio vard\u0105, ir tais, kuri\u0173 draugyste galime did\u017eiuotis u\u017e \u0161alies sien\u0173, \u2013 m\u016bs\u0173 u\u017esienio partneriais. Kvie\u010diame drauge leistis \u012f dz\u016bki\u0161k\u0105, paprast\u0105 ir nuo\u0161ird\u017ei\u0105 kelion\u0119 po Alytaus rajon\u0105.","breadcrumb":{"@id":"https:\/\/skaitytaknyga.lt\/produktas\/alytaus-rajonas-alytus-district\/#breadcrumb"},"inLanguage":"en-GB","potentialAction":[{"@type":"ReadAction","target":["https:\/\/skaitytaknyga.lt\/produktas\/alytaus-rajonas-alytus-district\/"]}]},{"@type":"ImageObject","inLanguage":"en-GB","@id":"https:\/\/skaitytaknyga.lt\/produktas\/alytaus-rajonas-alytus-district\/#primaryimage","url":"https:\/\/skaitytaknyga.lt\/wp-content\/uploads\/2024\/05\/Be-pavadinimo-8.png","contentUrl":"https:\/\/skaitytaknyga.lt\/wp-content\/uploads\/2024\/05\/Be-pavadinimo-8.png","width":336,"height":283},{"@type":"BreadcrumbList","@id":"https:\/\/skaitytaknyga.lt\/produktas\/alytaus-rajonas-alytus-district\/#breadcrumb","itemListElement":[{"@type":"ListItem","position":1,"name":"Home","item":"https:\/\/skaitytaknyga.lt\/"},{"@type":"ListItem","position":2,"name":"Parduotuv\u0117","item":"https:\/\/skaitytaknyga.lt\/knygu-parduotuve\/"},{"@type":"ListItem","position":3,"name":"Alytaus rajonas. Alytus district"}]},{"@type":"WebSite","@id":"https:\/\/skaitytaknyga.lt\/#website","url":"https:\/\/skaitytaknyga.lt\/","name":"skaitytaknyga.lt","description":"Skaitytaknyga.lt \u2013 tai ma\u017eas \u0161eimos verslas, kuris prasid\u0117jo nuo meil\u0117s knygoms ir siekio i\u0161gelb\u0117ti knygas nuo likimo prie konteinerio. Kas vienam nereikalingas daiktas \u2013 kitam lobis, o mes esame tarpininkai, kurie padeda abiems tapti laimingesniems ???? \u017dinome kaip nelengva i\u0161gyventi ma\u017eiems verslams, tad nuo \u0161iol, \u010dia rasite ir kit\u0173, ma\u017e\u0173 \u0161eim\u0173 versl\u0173, rank\u0173 darbo, dovan\u0173 sau ir artimiesiems.","publisher":{"@id":"https:\/\/skaitytaknyga.lt\/#organization"},"potentialAction":[{"@type":"SearchAction","target":{"@type":"EntryPoint","urlTemplate":"https:\/\/skaitytaknyga.lt\/?s={search_term_string}"},"query-input":{"@type":"PropertyValueSpecification","valueRequired":true,"valueName":"search_term_string"}}],"inLanguage":"en-GB"},{"@type":"Organization","@id":"https:\/\/skaitytaknyga.lt\/#organization","name":"skaitytaknyga.lt","url":"https:\/\/skaitytaknyga.lt\/","logo":{"@type":"ImageObject","inLanguage":"en-GB","@id":"https:\/\/skaitytaknyga.lt\/#\/schema\/logo\/image\/","url":"https:\/\/skaitytaknyga.lt\/wp-content\/uploads\/2024\/05\/cropped-cropped-cropped-02_00843_jt3bggkj1j3HLc7SyY6rEUpg.jpeg","contentUrl":"https:\/\/skaitytaknyga.lt\/wp-content\/uploads\/2024\/05\/cropped-cropped-cropped-02_00843_jt3bggkj1j3HLc7SyY6rEUpg.jpeg","width":1600,"height":1600,"caption":"skaitytaknyga.lt"},"image":{"@id":"https:\/\/skaitytaknyga.lt\/#\/schema\/logo\/image\/"},"sameAs":["https:\/\/www.facebook.com\/skaitytaknyga\/"]}]}},"_links":{"self":[{"href":"https:\/\/skaitytaknyga.lt\/en\/wp-json\/wp\/v2\/product\/9846","targetHints":{"allow":["GET"]}}],"collection":[{"href":"https:\/\/skaitytaknyga.lt\/en\/wp-json\/wp\/v2\/product"}],"about":[{"href":"https:\/\/skaitytaknyga.lt\/en\/wp-json\/wp\/v2\/types\/product"}],"replies":[{"embeddable":true,"href":"https:\/\/skaitytaknyga.lt\/en\/wp-json\/wp\/v2\/comments?post=9846"}],"wp:featuredmedia":[{"embeddable":true,"href":"https:\/\/skaitytaknyga.lt\/en\/wp-json\/wp\/v2\/media\/9892"}],"wp:attachment":[{"href":"https:\/\/skaitytaknyga.lt\/en\/wp-json\/wp\/v2\/media?parent=9846"}],"wp:term":[{"taxonomy":"product_brand","embeddable":true,"href":"https:\/\/skaitytaknyga.lt\/en\/wp-json\/wp\/v2\/product_brand?post=9846"},{"taxonomy":"product_cat","embeddable":true,"href":"https:\/\/skaitytaknyga.lt\/en\/wp-json\/wp\/v2\/product_cat?post=9846"},{"taxonomy":"product_tag","embeddable":true,"href":"https:\/\/skaitytaknyga.lt\/en\/wp-json\/wp\/v2\/product_tag?post=9846"}],"curies":[{"name":"wp","href":"https:\/\/api.w.org\/{rel}","templated":true}]}}