{"id":9844,"date":"2024-05-04T17:59:42","date_gmt":"2024-05-04T17:59:42","guid":{"rendered":"https:\/\/skaitytaknyga.lt\/?post_type=product&#038;p=9844"},"modified":"2026-03-05T11:59:19","modified_gmt":"2026-03-05T09:59:19","slug":"sandra-brown-baltasis-karstis-pagelte-lapai","status":"publish","type":"product","link":"https:\/\/skaitytaknyga.lt\/en\/produktas\/sandra-brown-baltasis-karstis-pagelte-lapai\/","title":{"rendered":"Sandra Brown \u201eBaltasis kar\u0161tis\u201c (Pagelt\u0119 lapai)"},"content":{"rendered":"<div>Seira i\u0161kart po laidotuvi\u0173 ketina i\u0161vykti \u012f San Francisk\u0105, ta\u010diau pasijunta \u012ftraukta \u012f Hafo Hailo, savo t\u0117vo, voratinkl\u012f. Jos tironi\u0161kas t\u0117vas be skrupul\u0173 valdo ne tik vienintel\u0119 miestelio gamykl\u0105, bet ir vis\u0173 miestelio gyventoj\u0173 likimus. O uolusis \u0161erifo pavaduotojas \u012ftaria, kas Denio Hoilo mirtis \u2013 ne savi\u017eudyb\u0117, o \u017emog\u017eudyst\u0117.<\/div>\n<div><\/div>\n<div>Sandra Brown jau seniai \u012frod\u0117 esanti nuostabi pasakotoja, puikiai derinanti \u012ftamp\u0105 bei stiprias emocijas, \u2013 tai ry\u0161ku ir naujajame jos romane \u201eBaltasis kar\u0161tis\u201c.<\/div>\n","protected":false},"excerpt":{"rendered":"<div>Seira i\u0161kart po laidotuvi\u0173 ketina i\u0161vykti \u012f San Francisk\u0105, ta\u010diau pasijunta \u012ftraukta \u012f Hafo Hailo, savo t\u0117vo, voratinkl\u012f. Jos tironi\u0161kas t\u0117vas be skrupul\u0173 valdo ne tik vienintel\u0119 miestelio gamykl\u0105, bet ir vis\u0173 miestelio gyventoj\u0173 likimus. O uolusis \u0161erifo pavaduotojas \u012ftaria, kas Denio Hoilo mirtis \u2013 ne savi\u017eudyb\u0117, o \u017emog\u017eudyst\u0117.<\/div>\n<div><\/div>\n<div>Sandra Brown jau seniai \u012frod\u0117 esanti nuostabi pasakotoja, puikiai derinanti \u012ftamp\u0105 bei stiprias emocijas, \u2013 tai ry\u0161ku ir naujajame jos romane \u201eBaltasis kar\u0161tis\u201c.<\/div>\n","protected":false},"featured_media":9890,"comment_status":"closed","ping_status":"closed","template":"","meta":{"_acf_changed":false,"site-sidebar-layout":"default","site-content-layout":"","ast-site-content-layout":"default","site-content-style":"default","site-sidebar-style":"default","ast-global-header-display":"","ast-banner-title-visibility":"","ast-main-header-display":"","ast-hfb-above-header-display":"","ast-hfb-below-header-display":"","ast-hfb-mobile-header-display":"","site-post-title":"","ast-breadcrumbs-content":"","ast-featured-img":"","footer-sml-layout":"","ast-disable-related-posts":"","theme-transparent-header-meta":"","adv-header-id-meta":"","stick-header-meta":"","header-above-stick-meta":"","header-main-stick-meta":"","header-below-stick-meta":"","astra-migrate-meta-layouts":"default","ast-page-background-enabled":"default","ast-page-background-meta":{"desktop":{"background-color":"","background-image":"","background-repeat":"repeat","background-position":"center center","background-size":"auto","background-attachment":"scroll","background-type":"","background-media":"","overlay-type":"","overlay-color":"","overlay-opacity":"","overlay-gradient":""},"tablet":{"background-color":"","background-image":"","background-repeat":"repeat","background-position":"center center","background-size":"auto","background-attachment":"scroll","background-type":"","background-media":"","overlay-type":"","overlay-color":"","overlay-opacity":"","overlay-gradient":""},"mobile":{"background-color":"","background-image":"","background-repeat":"repeat","background-position":"center center","background-size":"auto","background-attachment":"scroll","background-type":"","background-media":"","overlay-type":"","overlay-color":"","overlay-opacity":"","overlay-gradient":""}},"ast-content-background-meta":{"desktop":{"background-color":"var(--ast-global-color-4)","background-image":"","background-repeat":"repeat","background-position":"center center","background-size":"auto","background-attachment":"scroll","background-type":"","background-media":"","overlay-type":"","overlay-color":"","overlay-opacity":"","overlay-gradient":""},"tablet":{"background-color":"var(--ast-global-color-4)","background-image":"","background-repeat":"repeat","background-position":"center center","background-size":"auto","background-attachment":"scroll","background-type":"","background-media":"","overlay-type":"","overlay-color":"","overlay-opacity":"","overlay-gradient":""},"mobile":{"background-color":"var(--ast-global-color-4)","background-image":"","background-repeat":"repeat","background-position":"center center","background-size":"auto","background-attachment":"scroll","background-type":"","background-media":"","overlay-type":"","overlay-color":"","overlay-opacity":"","overlay-gradient":""}}},"product_brand":[],"product_cat":[9581],"product_tag":[6649],"class_list":{"0":"post-9844","1":"product","2":"type-product","3":"status-publish","4":"has-post-thumbnail","6":"product_cat-kriminaliniai-romanai","7":"product_tag-sandra-brown","8":"desktop-align-left","9":"tablet-align-left","10":"mobile-align-left","12":"first","13":"outofstock","14":"shipping-taxable","15":"purchasable","16":"product-type-simple"},"acf":[],"yoast_head":"<!-- This site is optimized with the Yoast SEO plugin v27.0 - https:\/\/yoast.com\/product\/yoast-seo-wordpress\/ -->\n<title>Sandra Brown \u201eBaltasis kar\u0161tis\u201c (Pagelt\u0119 lapai)<\/title>\n<meta name=\"description\" content=\"Seira i\u0161kart po laidotuvi\u0173 ketina i\u0161vykti \u012f San Francisk\u0105, ta\u010diau pasijunta \u012ftraukta \u012f Hafo Hailo, savo t\u0117vo, voratinkl\u012f. Jos tironi\u0161kas t\u0117vas be skrupul\u0173 valdo ne tik vienintel\u0119 miestelio gamykl\u0105, bet ir vis\u0173 miestelio gyventoj\u0173 likimus. O uolusis \u0161erifo pavaduotojas \u012ftaria, kas Denio Hoilo mirtis \u2013 ne savi\u017eudyb\u0117, o \u017emog\u017eudyst\u0117.  Sandra Brown jau seniai \u012frod\u0117 esanti nuostabi pasakotoja, puikiai derinanti \u012ftamp\u0105 bei stiprias emocijas, \u2013 tai ry\u0161ku ir naujajame jos romane \u201eBaltasis kar\u0161tis\u201c.\" \/>\n<meta name=\"robots\" content=\"index, follow, max-snippet:-1, max-image-preview:large, max-video-preview:-1\" \/>\n<link rel=\"canonical\" href=\"https:\/\/skaitytaknyga.lt\/en\/produktas\/sandra-brown-baltasis-karstis-pagelte-lapai\/\" \/>\n<meta property=\"og:locale\" content=\"en_GB\" \/>\n<meta property=\"og:locale:alternate\" content=\"lt_LT\" \/>\n<meta property=\"og:type\" content=\"article\" \/>\n<meta property=\"og:title\" content=\"Sandra Brown \u201eBaltasis kar\u0161tis\u201c (Pagelt\u0119 lapai)\" \/>\n<meta property=\"og:description\" content=\"Seira i\u0161kart po laidotuvi\u0173 ketina i\u0161vykti \u012f San Francisk\u0105, ta\u010diau pasijunta \u012ftraukta \u012f Hafo Hailo, savo t\u0117vo, voratinkl\u012f. Jos tironi\u0161kas t\u0117vas be skrupul\u0173 valdo ne tik vienintel\u0119 miestelio gamykl\u0105, bet ir vis\u0173 miestelio gyventoj\u0173 likimus. O uolusis \u0161erifo pavaduotojas \u012ftaria, kas Denio Hoilo mirtis \u2013 ne savi\u017eudyb\u0117, o \u017emog\u017eudyst\u0117.  Sandra Brown jau seniai \u012frod\u0117 esanti nuostabi pasakotoja, puikiai derinanti \u012ftamp\u0105 bei stiprias emocijas, \u2013 tai ry\u0161ku ir naujajame jos romane \u201eBaltasis kar\u0161tis\u201c.\" \/>\n<meta property=\"og:url\" content=\"https:\/\/skaitytaknyga.lt\/en\/produktas\/sandra-brown-baltasis-karstis-pagelte-lapai\/\" \/>\n<meta property=\"og:site_name\" content=\"Skaitytaknyga\" \/>\n<meta property=\"article:publisher\" content=\"https:\/\/www.facebook.com\/skaitytaknyga\/\" \/>\n<meta property=\"article:modified_time\" content=\"2026-03-05T09:59:19+00:00\" \/>\n<meta property=\"og:image\" content=\"https:\/\/skaitytaknyga.lt\/wp-content\/uploads\/2024\/05\/1479888959_cdb_sviesa_eecf92a8a46c48687b40cbfe4879ea10_th.jpg\" \/>\n\t<meta property=\"og:image:width\" content=\"169\" \/>\n\t<meta property=\"og:image:height\" content=\"276\" \/>\n\t<meta property=\"og:image:type\" content=\"image\/jpeg\" \/>\n<meta name=\"twitter:card\" content=\"summary_large_image\" \/>\n<script type=\"application\/ld+json\" class=\"yoast-schema-graph\">{\"@context\":\"https:\/\/schema.org\",\"@graph\":[{\"@type\":\"WebPage\",\"@id\":\"https:\/\/skaitytaknyga.lt\/produktas\/sandra-brown-baltasis-karstis-pagelte-lapai\/\",\"url\":\"https:\/\/skaitytaknyga.lt\/produktas\/sandra-brown-baltasis-karstis-pagelte-lapai\/\",\"name\":\"Sandra Brown \u201eBaltasis kar\u0161tis\u201c (Pagelt\u0119 lapai)\",\"isPartOf\":{\"@id\":\"https:\/\/skaitytaknyga.lt\/#website\"},\"primaryImageOfPage\":{\"@id\":\"https:\/\/skaitytaknyga.lt\/produktas\/sandra-brown-baltasis-karstis-pagelte-lapai\/#primaryimage\"},\"image\":{\"@id\":\"https:\/\/skaitytaknyga.lt\/produktas\/sandra-brown-baltasis-karstis-pagelte-lapai\/#primaryimage\"},\"thumbnailUrl\":\"https:\/\/skaitytaknyga.lt\/wp-content\/uploads\/2024\/05\/1479888959_cdb_sviesa_eecf92a8a46c48687b40cbfe4879ea10_th.jpg\",\"datePublished\":\"2024-05-04T17:59:42+00:00\",\"dateModified\":\"2026-03-05T09:59:19+00:00\",\"description\":\"Seira i\u0161kart po laidotuvi\u0173 ketina i\u0161vykti \u012f San Francisk\u0105, ta\u010diau pasijunta \u012ftraukta \u012f Hafo Hailo, savo t\u0117vo, voratinkl\u012f. Jos tironi\u0161kas t\u0117vas be skrupul\u0173 valdo ne tik vienintel\u0119 miestelio gamykl\u0105, bet ir vis\u0173 miestelio gyventoj\u0173 likimus. O uolusis \u0161erifo pavaduotojas \u012ftaria, kas Denio Hoilo mirtis \u2013 ne savi\u017eudyb\u0117, o \u017emog\u017eudyst\u0117. Sandra Brown jau seniai \u012frod\u0117 esanti nuostabi pasakotoja, puikiai derinanti \u012ftamp\u0105 bei stiprias emocijas, \u2013 tai ry\u0161ku ir naujajame jos romane \u201eBaltasis kar\u0161tis\u201c.\",\"breadcrumb\":{\"@id\":\"https:\/\/skaitytaknyga.lt\/produktas\/sandra-brown-baltasis-karstis-pagelte-lapai\/#breadcrumb\"},\"inLanguage\":\"en-GB\",\"potentialAction\":[{\"@type\":\"ReadAction\",\"target\":[\"https:\/\/skaitytaknyga.lt\/produktas\/sandra-brown-baltasis-karstis-pagelte-lapai\/\"]}]},{\"@type\":\"ImageObject\",\"inLanguage\":\"en-GB\",\"@id\":\"https:\/\/skaitytaknyga.lt\/produktas\/sandra-brown-baltasis-karstis-pagelte-lapai\/#primaryimage\",\"url\":\"https:\/\/skaitytaknyga.lt\/wp-content\/uploads\/2024\/05\/1479888959_cdb_sviesa_eecf92a8a46c48687b40cbfe4879ea10_th.jpg\",\"contentUrl\":\"https:\/\/skaitytaknyga.lt\/wp-content\/uploads\/2024\/05\/1479888959_cdb_sviesa_eecf92a8a46c48687b40cbfe4879ea10_th.jpg\",\"width\":169,\"height\":276},{\"@type\":\"BreadcrumbList\",\"@id\":\"https:\/\/skaitytaknyga.lt\/produktas\/sandra-brown-baltasis-karstis-pagelte-lapai\/#breadcrumb\",\"itemListElement\":[{\"@type\":\"ListItem\",\"position\":1,\"name\":\"Home\",\"item\":\"https:\/\/skaitytaknyga.lt\/\"},{\"@type\":\"ListItem\",\"position\":2,\"name\":\"Parduotuv\u0117\",\"item\":\"https:\/\/skaitytaknyga.lt\/knygu-parduotuve\/\"},{\"@type\":\"ListItem\",\"position\":3,\"name\":\"Sandra Brown \u201eBaltasis kar\u0161tis\u201c (Pagelt\u0119 lapai)\"}]},{\"@type\":\"WebSite\",\"@id\":\"https:\/\/skaitytaknyga.lt\/#website\",\"url\":\"https:\/\/skaitytaknyga.lt\/\",\"name\":\"skaitytaknyga.lt\",\"description\":\"Skaitytaknyga.lt \u2013 tai ma\u017eas \u0161eimos verslas, kuris prasid\u0117jo nuo meil\u0117s knygoms ir siekio i\u0161gelb\u0117ti knygas nuo likimo prie konteinerio. Kas vienam nereikalingas daiktas \u2013 kitam lobis, o mes esame tarpininkai, kurie padeda abiems tapti laimingesniems ???? \u017dinome kaip nelengva i\u0161gyventi ma\u017eiems verslams, tad nuo \u0161iol, \u010dia rasite ir kit\u0173, ma\u017e\u0173 \u0161eim\u0173 versl\u0173, rank\u0173 darbo, dovan\u0173 sau ir artimiesiems.\",\"publisher\":{\"@id\":\"https:\/\/skaitytaknyga.lt\/#organization\"},\"potentialAction\":[{\"@type\":\"SearchAction\",\"target\":{\"@type\":\"EntryPoint\",\"urlTemplate\":\"https:\/\/skaitytaknyga.lt\/?s={search_term_string}\"},\"query-input\":{\"@type\":\"PropertyValueSpecification\",\"valueRequired\":true,\"valueName\":\"search_term_string\"}}],\"inLanguage\":\"en-GB\"},{\"@type\":\"Organization\",\"@id\":\"https:\/\/skaitytaknyga.lt\/#organization\",\"name\":\"skaitytaknyga.lt\",\"url\":\"https:\/\/skaitytaknyga.lt\/\",\"logo\":{\"@type\":\"ImageObject\",\"inLanguage\":\"en-GB\",\"@id\":\"https:\/\/skaitytaknyga.lt\/#\/schema\/logo\/image\/\",\"url\":\"https:\/\/skaitytaknyga.lt\/wp-content\/uploads\/2024\/05\/cropped-cropped-cropped-02_00843_jt3bggkj1j3HLc7SyY6rEUpg.jpeg\",\"contentUrl\":\"https:\/\/skaitytaknyga.lt\/wp-content\/uploads\/2024\/05\/cropped-cropped-cropped-02_00843_jt3bggkj1j3HLc7SyY6rEUpg.jpeg\",\"width\":1600,\"height\":1600,\"caption\":\"skaitytaknyga.lt\"},\"image\":{\"@id\":\"https:\/\/skaitytaknyga.lt\/#\/schema\/logo\/image\/\"},\"sameAs\":[\"https:\/\/www.facebook.com\/skaitytaknyga\/\"]}]}<\/script>\n<!-- \/ Yoast SEO plugin. -->","yoast_head_json":{"title":"Sandra Brown \u201eBaltasis kar\u0161tis\u201c (Pagelt\u0119 lapai)","description":"Seira i\u0161kart po laidotuvi\u0173 ketina i\u0161vykti \u012f San Francisk\u0105, ta\u010diau pasijunta \u012ftraukta \u012f Hafo Hailo, savo t\u0117vo, voratinkl\u012f. Jos tironi\u0161kas t\u0117vas be skrupul\u0173 valdo ne tik vienintel\u0119 miestelio gamykl\u0105, bet ir vis\u0173 miestelio gyventoj\u0173 likimus. O uolusis \u0161erifo pavaduotojas \u012ftaria, kas Denio Hoilo mirtis \u2013 ne savi\u017eudyb\u0117, o \u017emog\u017eudyst\u0117.  Sandra Brown jau seniai \u012frod\u0117 esanti nuostabi pasakotoja, puikiai derinanti \u012ftamp\u0105 bei stiprias emocijas, \u2013 tai ry\u0161ku ir naujajame jos romane \u201eBaltasis kar\u0161tis\u201c.","robots":{"index":"index","follow":"follow","max-snippet":"max-snippet:-1","max-image-preview":"max-image-preview:large","max-video-preview":"max-video-preview:-1"},"canonical":"https:\/\/skaitytaknyga.lt\/en\/produktas\/sandra-brown-baltasis-karstis-pagelte-lapai\/","og_locale":"en_GB","og_type":"article","og_title":"[:lt]Sandra Brown \u201eBaltasis kar\u0161tis\u201c (Pagelt\u0119 lapai)[:] - Skaitytaknyga","og_description":"Seira i\u0161kart po laidotuvi\u0173 ketina i\u0161vykti \u012f San Francisk\u0105, ta\u010diau pasijunta \u012ftraukta \u012f Hafo Hailo, savo t\u0117vo, voratinkl\u012f. Jos tironi\u0161kas t\u0117vas be skrupul\u0173 valdo ne tik vienintel\u0119 miestelio gamykl\u0105, bet ir vis\u0173 miestelio gyventoj\u0173 likimus. O uolusis \u0161erifo pavaduotojas \u012ftaria, kas Denio Hoilo mirtis \u2013 ne savi\u017eudyb\u0117, o \u017emog\u017eudyst\u0117.  Sandra Brown jau seniai \u012frod\u0117 esanti nuostabi pasakotoja, puikiai derinanti \u012ftamp\u0105 bei stiprias emocijas, \u2013 tai ry\u0161ku ir naujajame jos romane \u201eBaltasis kar\u0161tis\u201c.","og_url":"https:\/\/skaitytaknyga.lt\/en\/produktas\/sandra-brown-baltasis-karstis-pagelte-lapai\/","og_site_name":"Skaitytaknyga","article_publisher":"https:\/\/www.facebook.com\/skaitytaknyga\/","article_modified_time":"2026-03-05T09:59:19+00:00","og_image":[{"width":169,"height":276,"url":"https:\/\/skaitytaknyga.lt\/wp-content\/uploads\/2024\/05\/1479888959_cdb_sviesa_eecf92a8a46c48687b40cbfe4879ea10_th.jpg","type":"image\/jpeg"}],"twitter_card":"summary_large_image","schema":{"@context":"https:\/\/schema.org","@graph":[{"@type":"WebPage","@id":"https:\/\/skaitytaknyga.lt\/produktas\/sandra-brown-baltasis-karstis-pagelte-lapai\/","url":"https:\/\/skaitytaknyga.lt\/produktas\/sandra-brown-baltasis-karstis-pagelte-lapai\/","name":"Sandra Brown \u201eBaltasis kar\u0161tis\u201c (Pagelt\u0119 lapai)","isPartOf":{"@id":"https:\/\/skaitytaknyga.lt\/#website"},"primaryImageOfPage":{"@id":"https:\/\/skaitytaknyga.lt\/produktas\/sandra-brown-baltasis-karstis-pagelte-lapai\/#primaryimage"},"image":{"@id":"https:\/\/skaitytaknyga.lt\/produktas\/sandra-brown-baltasis-karstis-pagelte-lapai\/#primaryimage"},"thumbnailUrl":"https:\/\/skaitytaknyga.lt\/wp-content\/uploads\/2024\/05\/1479888959_cdb_sviesa_eecf92a8a46c48687b40cbfe4879ea10_th.jpg","datePublished":"2024-05-04T17:59:42+00:00","dateModified":"2026-03-05T09:59:19+00:00","description":"Seira i\u0161kart po laidotuvi\u0173 ketina i\u0161vykti \u012f San Francisk\u0105, ta\u010diau pasijunta \u012ftraukta \u012f Hafo Hailo, savo t\u0117vo, voratinkl\u012f. Jos tironi\u0161kas t\u0117vas be skrupul\u0173 valdo ne tik vienintel\u0119 miestelio gamykl\u0105, bet ir vis\u0173 miestelio gyventoj\u0173 likimus. O uolusis \u0161erifo pavaduotojas \u012ftaria, kas Denio Hoilo mirtis \u2013 ne savi\u017eudyb\u0117, o \u017emog\u017eudyst\u0117. Sandra Brown jau seniai \u012frod\u0117 esanti nuostabi pasakotoja, puikiai derinanti \u012ftamp\u0105 bei stiprias emocijas, \u2013 tai ry\u0161ku ir naujajame jos romane \u201eBaltasis kar\u0161tis\u201c.","breadcrumb":{"@id":"https:\/\/skaitytaknyga.lt\/produktas\/sandra-brown-baltasis-karstis-pagelte-lapai\/#breadcrumb"},"inLanguage":"en-GB","potentialAction":[{"@type":"ReadAction","target":["https:\/\/skaitytaknyga.lt\/produktas\/sandra-brown-baltasis-karstis-pagelte-lapai\/"]}]},{"@type":"ImageObject","inLanguage":"en-GB","@id":"https:\/\/skaitytaknyga.lt\/produktas\/sandra-brown-baltasis-karstis-pagelte-lapai\/#primaryimage","url":"https:\/\/skaitytaknyga.lt\/wp-content\/uploads\/2024\/05\/1479888959_cdb_sviesa_eecf92a8a46c48687b40cbfe4879ea10_th.jpg","contentUrl":"https:\/\/skaitytaknyga.lt\/wp-content\/uploads\/2024\/05\/1479888959_cdb_sviesa_eecf92a8a46c48687b40cbfe4879ea10_th.jpg","width":169,"height":276},{"@type":"BreadcrumbList","@id":"https:\/\/skaitytaknyga.lt\/produktas\/sandra-brown-baltasis-karstis-pagelte-lapai\/#breadcrumb","itemListElement":[{"@type":"ListItem","position":1,"name":"Home","item":"https:\/\/skaitytaknyga.lt\/"},{"@type":"ListItem","position":2,"name":"Parduotuv\u0117","item":"https:\/\/skaitytaknyga.lt\/knygu-parduotuve\/"},{"@type":"ListItem","position":3,"name":"Sandra Brown \u201eBaltasis kar\u0161tis\u201c (Pagelt\u0119 lapai)"}]},{"@type":"WebSite","@id":"https:\/\/skaitytaknyga.lt\/#website","url":"https:\/\/skaitytaknyga.lt\/","name":"skaitytaknyga.lt","description":"Skaitytaknyga.lt \u2013 tai ma\u017eas \u0161eimos verslas, kuris prasid\u0117jo nuo meil\u0117s knygoms ir siekio i\u0161gelb\u0117ti knygas nuo likimo prie konteinerio. Kas vienam nereikalingas daiktas \u2013 kitam lobis, o mes esame tarpininkai, kurie padeda abiems tapti laimingesniems ???? \u017dinome kaip nelengva i\u0161gyventi ma\u017eiems verslams, tad nuo \u0161iol, \u010dia rasite ir kit\u0173, ma\u017e\u0173 \u0161eim\u0173 versl\u0173, rank\u0173 darbo, dovan\u0173 sau ir artimiesiems.","publisher":{"@id":"https:\/\/skaitytaknyga.lt\/#organization"},"potentialAction":[{"@type":"SearchAction","target":{"@type":"EntryPoint","urlTemplate":"https:\/\/skaitytaknyga.lt\/?s={search_term_string}"},"query-input":{"@type":"PropertyValueSpecification","valueRequired":true,"valueName":"search_term_string"}}],"inLanguage":"en-GB"},{"@type":"Organization","@id":"https:\/\/skaitytaknyga.lt\/#organization","name":"skaitytaknyga.lt","url":"https:\/\/skaitytaknyga.lt\/","logo":{"@type":"ImageObject","inLanguage":"en-GB","@id":"https:\/\/skaitytaknyga.lt\/#\/schema\/logo\/image\/","url":"https:\/\/skaitytaknyga.lt\/wp-content\/uploads\/2024\/05\/cropped-cropped-cropped-02_00843_jt3bggkj1j3HLc7SyY6rEUpg.jpeg","contentUrl":"https:\/\/skaitytaknyga.lt\/wp-content\/uploads\/2024\/05\/cropped-cropped-cropped-02_00843_jt3bggkj1j3HLc7SyY6rEUpg.jpeg","width":1600,"height":1600,"caption":"skaitytaknyga.lt"},"image":{"@id":"https:\/\/skaitytaknyga.lt\/#\/schema\/logo\/image\/"},"sameAs":["https:\/\/www.facebook.com\/skaitytaknyga\/"]}]}},"_links":{"self":[{"href":"https:\/\/skaitytaknyga.lt\/en\/wp-json\/wp\/v2\/product\/9844","targetHints":{"allow":["GET"]}}],"collection":[{"href":"https:\/\/skaitytaknyga.lt\/en\/wp-json\/wp\/v2\/product"}],"about":[{"href":"https:\/\/skaitytaknyga.lt\/en\/wp-json\/wp\/v2\/types\/product"}],"replies":[{"embeddable":true,"href":"https:\/\/skaitytaknyga.lt\/en\/wp-json\/wp\/v2\/comments?post=9844"}],"wp:featuredmedia":[{"embeddable":true,"href":"https:\/\/skaitytaknyga.lt\/en\/wp-json\/wp\/v2\/media\/9890"}],"wp:attachment":[{"href":"https:\/\/skaitytaknyga.lt\/en\/wp-json\/wp\/v2\/media?parent=9844"}],"wp:term":[{"taxonomy":"product_brand","embeddable":true,"href":"https:\/\/skaitytaknyga.lt\/en\/wp-json\/wp\/v2\/product_brand?post=9844"},{"taxonomy":"product_cat","embeddable":true,"href":"https:\/\/skaitytaknyga.lt\/en\/wp-json\/wp\/v2\/product_cat?post=9844"},{"taxonomy":"product_tag","embeddable":true,"href":"https:\/\/skaitytaknyga.lt\/en\/wp-json\/wp\/v2\/product_tag?post=9844"}],"curies":[{"name":"wp","href":"https:\/\/api.w.org\/{rel}","templated":true}]}}