{"id":9836,"date":"2025-01-24T17:59:19","date_gmt":"2025-01-24T15:59:19","guid":{"rendered":"https:\/\/skaitytaknyga.lt\/?post_type=product&#038;p=9836"},"modified":"2026-03-16T14:18:54","modified_gmt":"2026-03-16T12:18:54","slug":"sandra-brown-riba","status":"publish","type":"product","link":"https:\/\/skaitytaknyga.lt\/en\/produktas\/sandra-brown-riba\/","title":{"rendered":"\u201eRiba\u201c"},"content":{"rendered":"<p>\u017dinomas \u017eurnalistas Dosonas Skotas jau\u010diasi visi\u0161kai sugniu\u017edytas i\u0161gyvenim\u0173, kuriuos patyr\u0117 Afganistane. Ta\u010diau vien\u0105 dien\u0105 j\u012f i\u0161 s\u0105stingio i\u0161judina buvusio FTB agento u\u017eduotis \u2013 prisid\u0117ti prie be \u017einios dingusio kari\u0161kio D\u017eeremio Vesono bylos tyrimo.<\/p>\n<p>D\u017eeremis Vesonas \u2013 dviej\u0173 FTB labiausiai ie\u0161kom\u0173 terorist\u0173 s\u016bnus, ir byloje lik\u0119 nei\u0161ai\u0161kint\u0173 detali\u0173. Prad\u0117j\u0119s gilintis \u012f byl\u0105 Dosonas ima vis artimiau bendrauti su D\u017eeremio \u017emona Amelija. Bet kai randama nu\u017eudyta Amelijos vaik\u0173 aukl\u0117, \u012fvykiai staiga pasisuka netik\u0117ta linkme \u2013 pats Dosonas tampa \u012ftariamuoju. Tvirto alibi neturin\u010diam vyrui nelieka kitos i\u0161eities, kaip tik stoti \u012f akistat\u0105 su mirtinu pavojumi ir pa\u010diam rasti tikruosius nusikalt\u0117lius&#8230;<\/p>\n<p><strong>Sandra Brown<\/strong>\u00a0(Sandra Braun, g. 1948 m.) \u2013 JAV ra\u0161ytoja, detektyvini\u0173 trileri\u0173 autor\u0117, para\u0161\u0117 per 60 knyg\u0173. Jos i\u0161verstos \u012f daugiau kaip 30 kalb\u0173. Lietuvi\u0173 skaitytojams gerai \u017einomi jos romanai: \u201eAlibi\u201c, \u201ePavydas\u201c, \u201eBaltasis kar\u0161tis\u201c, \u201e\u0160al\u010dio faktorius\u201c, \u201eSveika, tamsa\u201c, \u201eSusikeitimas\u201c, \u201eSp\u0105stai\u201c, \u201eSvetimas veidas\u201c, \u201eMirtinos paslaptys\u201c, \u201eNe\u0161varus \u017eaidimas\u201c, \u201eRiko\u0161etas\u201c, \u201e\u0160arada\u201c, \u201eI\u0161skirtinis interviu\u201c, \u201eD\u016bm\u0173 u\u017edanga\u201c, \u201eAklaviet\u0117\u201c, \u201eBe \u017eod\u017ei\u0173\u201c, \u201eLiudytoja\u201c, \u201eL\u016b\u017eio ta\u0161kas\u201c, \u201eYpatinga klient\u0117\u201c, \u201ePranc\u016bzi\u0161kas \u0161ilkas\u201c, \u201eMirtininkas\u201c, \u201e\u017demas sl\u0117gis\u201c, \u201eSkandalas\u201c.<\/p>\n<p>Originalus pavadinimas: Deadline<br \/>\nAutorius: Sandra Brown<br \/>\nLeid\u0117jas: Alma littera<br \/>\nMetai: 2015<br \/>\nPuslapiai: 416<br \/>\nISBN: 9786090119419<br \/>\nVersijos kodas: PT.<br \/>\nFormatas: 23,5 x 14,3 x 3,7 cm, kieti vir\u0161eliai<br \/>\nKalba: Lietuvi\u0173<br \/>\nVert\u0117jas: D\u017eilda Jansonait\u0117<\/p>\n","protected":false},"excerpt":{"rendered":"<p>\u017dinomas \u017eurnalistas Dosonas Skotas jau\u010diasi visi\u0161kai sugniu\u017edytas i\u0161gyvenim\u0173, kuriuos patyr\u0117 Afganistane. Ta\u010diau vien\u0105 dien\u0105 j\u012f i\u0161 s\u0105stingio i\u0161judina buvusio FTB agento u\u017eduotis \u2013 prisid\u0117ti prie be \u017einios dingusio kari\u0161kio D\u017eeremio Vesono bylos tyrimo. D\u017eeremis Vesonas \u2013 dviej\u0173 FTB labiausiai ie\u0161kom\u0173 terorist\u0173 s\u016bnus, ir byloje lik\u0119 nei\u0161ai\u0161kint\u0173 detali\u0173. Prad\u0117j\u0119s gilintis \u012f byl\u0105 Dosonas ima vis artimiau bendrauti su D\u017eeremio \u017emona Amelija. Bet kai randama nu\u017eudyta Amelijos vaik\u0173 aukl\u0117, \u012fvykiai staiga pasisuka netik\u0117ta linkme \u2013 pats Dosonas tampa \u012ftariamuoju. Tvirto alibi neturin\u010diam vyrui nelieka kitos i\u0161eities, kaip tik stoti \u012f akistat\u0105 su mirtinu pavojumi ir pa\u010diam rasti tikruosius nusikalt\u0117lius&#8230; Sandra Brown\u00a0(Sandra Braun, g. 1948 m.) \u2013 JAV ra\u0161ytoja, detektyvini\u0173 trileri\u0173 autor\u0117, para\u0161\u0117 per 60 knyg\u0173. Jos i\u0161verstos \u012f daugiau kaip 30 kalb\u0173. Lietuvi\u0173 skaitytojams gerai \u017einomi jos romanai: \u201eAlibi\u201c, \u201ePavydas\u201c, \u201eBaltasis kar\u0161tis\u201c, \u201e\u0160al\u010dio faktorius\u201c, \u201eSveika, tamsa\u201c, \u201eSusikeitimas\u201c, \u201eSp\u0105stai\u201c, \u201eSvetimas veidas\u201c, \u201eMirtinos paslaptys\u201c, \u201eNe\u0161varus \u017eaidimas\u201c, \u201eRiko\u0161etas\u201c, \u201e\u0160arada\u201c, \u201eI\u0161skirtinis interviu\u201c, \u201eD\u016bm\u0173 u\u017edanga\u201c, \u201eAklaviet\u0117\u201c, \u201eBe \u017eod\u017ei\u0173\u201c, \u201eLiudytoja\u201c, \u201eL\u016b\u017eio ta\u0161kas\u201c, \u201eYpatinga klient\u0117\u201c, \u201ePranc\u016bzi\u0161kas \u0161ilkas\u201c, \u201eMirtininkas\u201c, \u201e\u017demas sl\u0117gis\u201c, \u201eSkandalas\u201c. Originalus pavadinimas: Deadline Autorius: Sandra Brown Leid\u0117jas: Alma littera Metai: 2015 Puslapiai: 416 ISBN: 9786090119419 Versijos kodas: PT. Formatas: 23,5 x 14,3 x 3,7 cm, kieti vir\u0161eliai Kalba: Lietuvi\u0173 Vert\u0117jas: D\u017eilda Jansonait\u0117<\/p>\n","protected":false},"featured_media":9889,"comment_status":"closed","ping_status":"closed","template":"","meta":{"_acf_changed":false,"site-sidebar-layout":"default","site-content-layout":"","ast-site-content-layout":"default","site-content-style":"default","site-sidebar-style":"default","ast-global-header-display":"","ast-banner-title-visibility":"","ast-main-header-display":"","ast-hfb-above-header-display":"","ast-hfb-below-header-display":"","ast-hfb-mobile-header-display":"","site-post-title":"","ast-breadcrumbs-content":"","ast-featured-img":"","footer-sml-layout":"","ast-disable-related-posts":"","theme-transparent-header-meta":"default","adv-header-id-meta":"","stick-header-meta":"","header-above-stick-meta":"","header-main-stick-meta":"","header-below-stick-meta":"","astra-migrate-meta-layouts":"set","ast-page-background-enabled":"default","ast-page-background-meta":{"desktop":{"background-color":"","background-image":"","background-repeat":"repeat","background-position":"center center","background-size":"auto","background-attachment":"scroll","background-type":"","background-media":"","overlay-type":"","overlay-color":"","overlay-opacity":"","overlay-gradient":""},"tablet":{"background-color":"","background-image":"","background-repeat":"repeat","background-position":"center center","background-size":"auto","background-attachment":"scroll","background-type":"","background-media":"","overlay-type":"","overlay-color":"","overlay-opacity":"","overlay-gradient":""},"mobile":{"background-color":"","background-image":"","background-repeat":"repeat","background-position":"center center","background-size":"auto","background-attachment":"scroll","background-type":"","background-media":"","overlay-type":"","overlay-color":"","overlay-opacity":"","overlay-gradient":""}},"ast-content-background-meta":{"desktop":{"background-color":"var(--ast-global-color-4)","background-image":"","background-repeat":"repeat","background-position":"center center","background-size":"auto","background-attachment":"scroll","background-type":"","background-media":"","overlay-type":"","overlay-color":"","overlay-opacity":"","overlay-gradient":""},"tablet":{"background-color":"var(--ast-global-color-4)","background-image":"","background-repeat":"repeat","background-position":"center center","background-size":"auto","background-attachment":"scroll","background-type":"","background-media":"","overlay-type":"","overlay-color":"","overlay-opacity":"","overlay-gradient":""},"mobile":{"background-color":"var(--ast-global-color-4)","background-image":"","background-repeat":"repeat","background-position":"center center","background-size":"auto","background-attachment":"scroll","background-type":"","background-media":"","overlay-type":"","overlay-color":"","overlay-opacity":"","overlay-gradient":""}}},"product_brand":[],"product_cat":[9581],"product_tag":[6649],"class_list":{"0":"post-9836","1":"product","2":"type-product","3":"status-publish","4":"has-post-thumbnail","6":"product_cat-kriminaliniai-romanai","7":"product_tag-sandra-brown","8":"desktop-align-left","9":"tablet-align-left","10":"mobile-align-left","12":"first","13":"outofstock","14":"shipping-taxable","15":"purchasable","16":"product-type-simple"},"acf":[],"yoast_head":"<!-- This site is optimized with the Yoast SEO plugin v27.0 - https:\/\/yoast.com\/product\/yoast-seo-wordpress\/ -->\n<title>\u201eRiba\u201c<\/title>\n<meta name=\"description\" content=\"\u017dinomas \u017eurnalistas Dosonas Skotas jau\u010diasi visi\u0161kai sugniu\u017edytas i\u0161gyvenim\u0173, kuriuos patyr\u0117 Afganistane. Ta\u010diau vien\u0105 dien\u0105 j\u012f i\u0161 s\u0105stingio i\u0161judina\" \/>\n<meta name=\"robots\" content=\"index, follow, max-snippet:-1, max-image-preview:large, max-video-preview:-1\" \/>\n<link rel=\"canonical\" href=\"https:\/\/skaitytaknyga.lt\/en\/produktas\/sandra-brown-riba\/\" \/>\n<meta property=\"og:locale\" content=\"en_GB\" \/>\n<meta property=\"og:locale:alternate\" content=\"lt_LT\" \/>\n<meta property=\"og:type\" content=\"article\" \/>\n<meta property=\"og:title\" content=\"\u201eRiba\u201c\" \/>\n<meta property=\"og:description\" content=\"\u017dinomas \u017eurnalistas Dosonas Skotas jau\u010diasi visi\u0161kai sugniu\u017edytas i\u0161gyvenim\u0173, kuriuos patyr\u0117 Afganistane. Ta\u010diau vien\u0105 dien\u0105 j\u012f i\u0161 s\u0105stingio i\u0161judina\" \/>\n<meta property=\"og:url\" content=\"https:\/\/skaitytaknyga.lt\/en\/produktas\/sandra-brown-riba\/\" \/>\n<meta property=\"og:site_name\" content=\"Skaitytaknyga\" \/>\n<meta property=\"article:publisher\" content=\"https:\/\/www.facebook.com\/skaitytaknyga\/\" \/>\n<meta property=\"article:modified_time\" content=\"2026-03-16T12:18:54+00:00\" \/>\n<meta property=\"og:image\" content=\"https:\/\/skaitytaknyga.lt\/wp-content\/uploads\/2024\/05\/1462888683_cdbribaz1.png\" \/>\n\t<meta property=\"og:image:width\" content=\"260\" \/>\n\t<meta property=\"og:image:height\" content=\"430\" \/>\n\t<meta property=\"og:image:type\" content=\"image\/png\" \/>\n<meta name=\"twitter:card\" content=\"summary_large_image\" \/>\n<meta name=\"twitter:label1\" content=\"Estimated reading time\" \/>\n\t<meta name=\"twitter:data1\" content=\"2 minutes\" \/>\n<script type=\"application\/ld+json\" class=\"yoast-schema-graph\">{\"@context\":\"https:\/\/schema.org\",\"@graph\":[{\"@type\":\"WebPage\",\"@id\":\"https:\/\/skaitytaknyga.lt\/produktas\/sandra-brown-riba\/\",\"url\":\"https:\/\/skaitytaknyga.lt\/produktas\/sandra-brown-riba\/\",\"name\":\"\u201eRiba\u201c\",\"isPartOf\":{\"@id\":\"https:\/\/skaitytaknyga.lt\/#website\"},\"primaryImageOfPage\":{\"@id\":\"https:\/\/skaitytaknyga.lt\/produktas\/sandra-brown-riba\/#primaryimage\"},\"image\":{\"@id\":\"https:\/\/skaitytaknyga.lt\/produktas\/sandra-brown-riba\/#primaryimage\"},\"thumbnailUrl\":\"https:\/\/skaitytaknyga.lt\/wp-content\/uploads\/2024\/05\/1462888683_cdbribaz1.png\",\"datePublished\":\"2025-01-24T15:59:19+00:00\",\"dateModified\":\"2026-03-16T12:18:54+00:00\",\"description\":\"\u017dinomas \u017eurnalistas Dosonas Skotas jau\u010diasi visi\u0161kai sugniu\u017edytas i\u0161gyvenim\u0173, kuriuos patyr\u0117 Afganistane. Ta\u010diau vien\u0105 dien\u0105 j\u012f i\u0161 s\u0105stingio i\u0161judina\",\"breadcrumb\":{\"@id\":\"https:\/\/skaitytaknyga.lt\/produktas\/sandra-brown-riba\/#breadcrumb\"},\"inLanguage\":\"en-GB\",\"potentialAction\":[{\"@type\":\"ReadAction\",\"target\":[\"https:\/\/skaitytaknyga.lt\/produktas\/sandra-brown-riba\/\"]}]},{\"@type\":\"ImageObject\",\"inLanguage\":\"en-GB\",\"@id\":\"https:\/\/skaitytaknyga.lt\/produktas\/sandra-brown-riba\/#primaryimage\",\"url\":\"https:\/\/skaitytaknyga.lt\/wp-content\/uploads\/2024\/05\/1462888683_cdbribaz1.png\",\"contentUrl\":\"https:\/\/skaitytaknyga.lt\/wp-content\/uploads\/2024\/05\/1462888683_cdbribaz1.png\",\"width\":260,\"height\":430,\"caption\":\"Riba (2015) Sandra Brown\"},{\"@type\":\"BreadcrumbList\",\"@id\":\"https:\/\/skaitytaknyga.lt\/produktas\/sandra-brown-riba\/#breadcrumb\",\"itemListElement\":[{\"@type\":\"ListItem\",\"position\":1,\"name\":\"Home\",\"item\":\"https:\/\/skaitytaknyga.lt\/\"},{\"@type\":\"ListItem\",\"position\":2,\"name\":\"Parduotuv\u0117\",\"item\":\"https:\/\/skaitytaknyga.lt\/knygu-parduotuve\/\"},{\"@type\":\"ListItem\",\"position\":3,\"name\":\"\u201eRiba\u201c\"}]},{\"@type\":\"WebSite\",\"@id\":\"https:\/\/skaitytaknyga.lt\/#website\",\"url\":\"https:\/\/skaitytaknyga.lt\/\",\"name\":\"skaitytaknyga.lt\",\"description\":\"Skaitytaknyga.lt \u2013 tai ma\u017eas \u0161eimos verslas, kuris prasid\u0117jo nuo meil\u0117s knygoms ir siekio i\u0161gelb\u0117ti knygas nuo likimo prie konteinerio. Kas vienam nereikalingas daiktas \u2013 kitam lobis, o mes esame tarpininkai, kurie padeda abiems tapti laimingesniems ???? \u017dinome kaip nelengva i\u0161gyventi ma\u017eiems verslams, tad nuo \u0161iol, \u010dia rasite ir kit\u0173, ma\u017e\u0173 \u0161eim\u0173 versl\u0173, rank\u0173 darbo, dovan\u0173 sau ir artimiesiems.\",\"publisher\":{\"@id\":\"https:\/\/skaitytaknyga.lt\/#organization\"},\"potentialAction\":[{\"@type\":\"SearchAction\",\"target\":{\"@type\":\"EntryPoint\",\"urlTemplate\":\"https:\/\/skaitytaknyga.lt\/?s={search_term_string}\"},\"query-input\":{\"@type\":\"PropertyValueSpecification\",\"valueRequired\":true,\"valueName\":\"search_term_string\"}}],\"inLanguage\":\"en-GB\"},{\"@type\":\"Organization\",\"@id\":\"https:\/\/skaitytaknyga.lt\/#organization\",\"name\":\"skaitytaknyga.lt\",\"url\":\"https:\/\/skaitytaknyga.lt\/\",\"logo\":{\"@type\":\"ImageObject\",\"inLanguage\":\"en-GB\",\"@id\":\"https:\/\/skaitytaknyga.lt\/#\/schema\/logo\/image\/\",\"url\":\"https:\/\/skaitytaknyga.lt\/wp-content\/uploads\/2024\/05\/cropped-cropped-cropped-02_00843_jt3bggkj1j3HLc7SyY6rEUpg.jpeg\",\"contentUrl\":\"https:\/\/skaitytaknyga.lt\/wp-content\/uploads\/2024\/05\/cropped-cropped-cropped-02_00843_jt3bggkj1j3HLc7SyY6rEUpg.jpeg\",\"width\":1600,\"height\":1600,\"caption\":\"skaitytaknyga.lt\"},\"image\":{\"@id\":\"https:\/\/skaitytaknyga.lt\/#\/schema\/logo\/image\/\"},\"sameAs\":[\"https:\/\/www.facebook.com\/skaitytaknyga\/\"]}]}<\/script>\n<!-- \/ Yoast SEO plugin. -->","yoast_head_json":{"title":"\u201eRiba\u201c","description":"\u017dinomas \u017eurnalistas Dosonas Skotas jau\u010diasi visi\u0161kai sugniu\u017edytas i\u0161gyvenim\u0173, kuriuos patyr\u0117 Afganistane. Ta\u010diau vien\u0105 dien\u0105 j\u012f i\u0161 s\u0105stingio i\u0161judina","robots":{"index":"index","follow":"follow","max-snippet":"max-snippet:-1","max-image-preview":"max-image-preview:large","max-video-preview":"max-video-preview:-1"},"canonical":"https:\/\/skaitytaknyga.lt\/en\/produktas\/sandra-brown-riba\/","og_locale":"en_GB","og_type":"article","og_title":"[:lt]\u201eRiba\u201c[:] - Skaitytaknyga","og_description":"\u017dinomas \u017eurnalistas Dosonas Skotas jau\u010diasi visi\u0161kai sugniu\u017edytas i\u0161gyvenim\u0173, kuriuos patyr\u0117 Afganistane. Ta\u010diau vien\u0105 dien\u0105 j\u012f i\u0161 s\u0105stingio i\u0161judina","og_url":"https:\/\/skaitytaknyga.lt\/en\/produktas\/sandra-brown-riba\/","og_site_name":"Skaitytaknyga","article_publisher":"https:\/\/www.facebook.com\/skaitytaknyga\/","article_modified_time":"2026-03-16T12:18:54+00:00","og_image":[{"width":260,"height":430,"url":"https:\/\/skaitytaknyga.lt\/wp-content\/uploads\/2024\/05\/1462888683_cdbribaz1.png","type":"image\/png"}],"twitter_card":"summary_large_image","twitter_misc":{"Estimated reading time":"2 minutes"},"schema":{"@context":"https:\/\/schema.org","@graph":[{"@type":"WebPage","@id":"https:\/\/skaitytaknyga.lt\/produktas\/sandra-brown-riba\/","url":"https:\/\/skaitytaknyga.lt\/produktas\/sandra-brown-riba\/","name":"\u201eRiba\u201c","isPartOf":{"@id":"https:\/\/skaitytaknyga.lt\/#website"},"primaryImageOfPage":{"@id":"https:\/\/skaitytaknyga.lt\/produktas\/sandra-brown-riba\/#primaryimage"},"image":{"@id":"https:\/\/skaitytaknyga.lt\/produktas\/sandra-brown-riba\/#primaryimage"},"thumbnailUrl":"https:\/\/skaitytaknyga.lt\/wp-content\/uploads\/2024\/05\/1462888683_cdbribaz1.png","datePublished":"2025-01-24T15:59:19+00:00","dateModified":"2026-03-16T12:18:54+00:00","description":"\u017dinomas \u017eurnalistas Dosonas Skotas jau\u010diasi visi\u0161kai sugniu\u017edytas i\u0161gyvenim\u0173, kuriuos patyr\u0117 Afganistane. Ta\u010diau vien\u0105 dien\u0105 j\u012f i\u0161 s\u0105stingio i\u0161judina","breadcrumb":{"@id":"https:\/\/skaitytaknyga.lt\/produktas\/sandra-brown-riba\/#breadcrumb"},"inLanguage":"en-GB","potentialAction":[{"@type":"ReadAction","target":["https:\/\/skaitytaknyga.lt\/produktas\/sandra-brown-riba\/"]}]},{"@type":"ImageObject","inLanguage":"en-GB","@id":"https:\/\/skaitytaknyga.lt\/produktas\/sandra-brown-riba\/#primaryimage","url":"https:\/\/skaitytaknyga.lt\/wp-content\/uploads\/2024\/05\/1462888683_cdbribaz1.png","contentUrl":"https:\/\/skaitytaknyga.lt\/wp-content\/uploads\/2024\/05\/1462888683_cdbribaz1.png","width":260,"height":430,"caption":"Riba (2015) Sandra Brown"},{"@type":"BreadcrumbList","@id":"https:\/\/skaitytaknyga.lt\/produktas\/sandra-brown-riba\/#breadcrumb","itemListElement":[{"@type":"ListItem","position":1,"name":"Home","item":"https:\/\/skaitytaknyga.lt\/"},{"@type":"ListItem","position":2,"name":"Parduotuv\u0117","item":"https:\/\/skaitytaknyga.lt\/knygu-parduotuve\/"},{"@type":"ListItem","position":3,"name":"\u201eRiba\u201c"}]},{"@type":"WebSite","@id":"https:\/\/skaitytaknyga.lt\/#website","url":"https:\/\/skaitytaknyga.lt\/","name":"skaitytaknyga.lt","description":"Skaitytaknyga.lt \u2013 tai ma\u017eas \u0161eimos verslas, kuris prasid\u0117jo nuo meil\u0117s knygoms ir siekio i\u0161gelb\u0117ti knygas nuo likimo prie konteinerio. Kas vienam nereikalingas daiktas \u2013 kitam lobis, o mes esame tarpininkai, kurie padeda abiems tapti laimingesniems ???? \u017dinome kaip nelengva i\u0161gyventi ma\u017eiems verslams, tad nuo \u0161iol, \u010dia rasite ir kit\u0173, ma\u017e\u0173 \u0161eim\u0173 versl\u0173, rank\u0173 darbo, dovan\u0173 sau ir artimiesiems.","publisher":{"@id":"https:\/\/skaitytaknyga.lt\/#organization"},"potentialAction":[{"@type":"SearchAction","target":{"@type":"EntryPoint","urlTemplate":"https:\/\/skaitytaknyga.lt\/?s={search_term_string}"},"query-input":{"@type":"PropertyValueSpecification","valueRequired":true,"valueName":"search_term_string"}}],"inLanguage":"en-GB"},{"@type":"Organization","@id":"https:\/\/skaitytaknyga.lt\/#organization","name":"skaitytaknyga.lt","url":"https:\/\/skaitytaknyga.lt\/","logo":{"@type":"ImageObject","inLanguage":"en-GB","@id":"https:\/\/skaitytaknyga.lt\/#\/schema\/logo\/image\/","url":"https:\/\/skaitytaknyga.lt\/wp-content\/uploads\/2024\/05\/cropped-cropped-cropped-02_00843_jt3bggkj1j3HLc7SyY6rEUpg.jpeg","contentUrl":"https:\/\/skaitytaknyga.lt\/wp-content\/uploads\/2024\/05\/cropped-cropped-cropped-02_00843_jt3bggkj1j3HLc7SyY6rEUpg.jpeg","width":1600,"height":1600,"caption":"skaitytaknyga.lt"},"image":{"@id":"https:\/\/skaitytaknyga.lt\/#\/schema\/logo\/image\/"},"sameAs":["https:\/\/www.facebook.com\/skaitytaknyga\/"]}]}},"_links":{"self":[{"href":"https:\/\/skaitytaknyga.lt\/en\/wp-json\/wp\/v2\/product\/9836","targetHints":{"allow":["GET"]}}],"collection":[{"href":"https:\/\/skaitytaknyga.lt\/en\/wp-json\/wp\/v2\/product"}],"about":[{"href":"https:\/\/skaitytaknyga.lt\/en\/wp-json\/wp\/v2\/types\/product"}],"replies":[{"embeddable":true,"href":"https:\/\/skaitytaknyga.lt\/en\/wp-json\/wp\/v2\/comments?post=9836"}],"wp:featuredmedia":[{"embeddable":true,"href":"https:\/\/skaitytaknyga.lt\/en\/wp-json\/wp\/v2\/media\/9889"}],"wp:attachment":[{"href":"https:\/\/skaitytaknyga.lt\/en\/wp-json\/wp\/v2\/media?parent=9836"}],"wp:term":[{"taxonomy":"product_brand","embeddable":true,"href":"https:\/\/skaitytaknyga.lt\/en\/wp-json\/wp\/v2\/product_brand?post=9836"},{"taxonomy":"product_cat","embeddable":true,"href":"https:\/\/skaitytaknyga.lt\/en\/wp-json\/wp\/v2\/product_cat?post=9836"},{"taxonomy":"product_tag","embeddable":true,"href":"https:\/\/skaitytaknyga.lt\/en\/wp-json\/wp\/v2\/product_tag?post=9836"}],"curies":[{"name":"wp","href":"https:\/\/api.w.org\/{rel}","templated":true}]}}