{"id":9835,"date":"2024-05-04T17:59:19","date_gmt":"2024-05-04T17:59:19","guid":{"rendered":"https:\/\/skaitytaknyga.lt\/?post_type=product&#038;p=9835"},"modified":"2026-03-05T11:59:19","modified_gmt":"2026-03-05T09:59:19","slug":"sandra-brown-pyktis","status":"publish","type":"product","link":"https:\/\/skaitytaknyga.lt\/en\/produktas\/sandra-brown-pyktis\/","title":{"rendered":"Sandra Brown \u201ePyktis\u201c"},"content":{"rendered":"<p>Kylanti televizijos \u017evaig\u017ed\u0117 Kera Beili pareng\u0117 jos gyvenim\u0105 pakeisiant\u012f interviu su Amerikos didvyriu tituluojamu majoru Traperiu. Po karo Irake \u012f t\u0117vyn\u0119 gr\u012f\u017e\u0119s kari\u0161kis prie\u0161 25 metus bomb\u0173 sprogimo sugriautame \u201ePegaso&#8221; vie\u0161butyje i\u0161gelb\u0117jo b\u016brel\u012f \u017emoni\u0173, o nuotrauka, kurioje jis laiko ant rank\u0173 ma\u017e\u0105 mergait\u0119, pavert\u0117 j\u012f tikru dr\u0105sos ir pasiaukojimo simboliu. Nuo to laiko majoras Traperis tapo geid\u017eiamu pokalbi\u0173 laid\u0173 sve\u010diu, nepamainomu \u012fvairi\u0173 rengini\u0173 dalyviu. Ta\u010diau prie\u0161 trejus metus jis netik\u0117tai pasitrauk\u0117 i\u0161 vie\u0161osios erdv\u0117s ir atsisak\u0117 bendrauti su \u017einiasklaida.<\/p>\n<p>Vis d\u0117lto Kera Beili n\u0117ra tik dar viena pokalbio su majoru Traperiu trok\u0161tanti \u017eurnalist\u0117. Ji \u017eino paslapt\u012f, galin\u010di\u0105 sumink\u0161tinti net kie\u010diausi\u0105 \u0161ird\u012f. M\u0117gindama pasiekti major\u0105 Kera ry\u017etasi pasinaudoti jo s\u016bnumi, buvusiu Alkoholio, tabako, \u0161aunam\u0173j\u0173 ginkl\u0173 ir sprogmen\u0173 biuro agentu D\u017eonu Traperiu. I\u0161vaizdus, ta\u010diau sud\u0117tingo charakterio vyri\u0161kis d\u0117l \u016bmaus b\u016bdo senokai prarado agento licencij\u0105, bet neprarado \u012fg\u016bd\u017ei\u0173. Nors D\u017eono santykiai su t\u0117vu pa\u0161lij\u0119, galiausiai jis sutinka palyd\u0117ti Ker\u0105 pas major\u0105, o \u0161is netik\u0117tai sutinka duoti interviu. Ir taip pasira\u0161o sau mirties nuosprend\u012f.<\/p>\n","protected":false},"excerpt":{"rendered":"<p>Kylanti televizijos \u017evaig\u017ed\u0117 Kera Beili pareng\u0117 jos gyvenim\u0105 pakeisiant\u012f interviu su Amerikos didvyriu tituluojamu majoru Traperiu. Po karo Irake \u012f t\u0117vyn\u0119 gr\u012f\u017e\u0119s kari\u0161kis prie\u0161 25 metus bomb\u0173 sprogimo sugriautame \u201ePegaso&#8221; vie\u0161butyje i\u0161gelb\u0117jo b\u016brel\u012f \u017emoni\u0173, o nuotrauka, kurioje jis laiko ant rank\u0173 ma\u017e\u0105 mergait\u0119, pavert\u0117 j\u012f tikru dr\u0105sos ir pasiaukojimo simboliu. Nuo to laiko majoras Traperis tapo geid\u017eiamu pokalbi\u0173 laid\u0173 sve\u010diu, nepamainomu \u012fvairi\u0173 rengini\u0173 dalyviu. Ta\u010diau prie\u0161 trejus metus jis netik\u0117tai pasitrauk\u0117 i\u0161 vie\u0161osios erdv\u0117s ir atsisak\u0117 bendrauti su \u017einiasklaida.<\/p>\n<p>Vis d\u0117lto Kera Beili n\u0117ra tik dar viena pokalbio su majoru Traperiu trok\u0161tanti \u017eurnalist\u0117. Ji \u017eino paslapt\u012f, galin\u010di\u0105 sumink\u0161tinti net kie\u010diausi\u0105 \u0161ird\u012f. M\u0117gindama pasiekti major\u0105 Kera ry\u017etasi pasinaudoti jo s\u016bnumi, buvusiu Alkoholio, tabako, \u0161aunam\u0173j\u0173 ginkl\u0173 ir sprogmen\u0173 biuro agentu D\u017eonu Traperiu. I\u0161vaizdus, ta\u010diau sud\u0117tingo charakterio vyri\u0161kis d\u0117l \u016bmaus b\u016bdo senokai prarado agento licencij\u0105, bet neprarado \u012fg\u016bd\u017ei\u0173. Nors D\u017eono santykiai su t\u0117vu pa\u0161lij\u0119, galiausiai jis sutinka palyd\u0117ti Ker\u0105 pas major\u0105, o \u0161is netik\u0117tai sutinka duoti interviu. Ir taip pasira\u0161o sau mirties nuosprend\u012f.<\/p>\n","protected":false},"featured_media":9879,"comment_status":"closed","ping_status":"closed","template":"","meta":{"_acf_changed":false,"site-sidebar-layout":"default","site-content-layout":"","ast-site-content-layout":"default","site-content-style":"default","site-sidebar-style":"default","ast-global-header-display":"","ast-banner-title-visibility":"","ast-main-header-display":"","ast-hfb-above-header-display":"","ast-hfb-below-header-display":"","ast-hfb-mobile-header-display":"","site-post-title":"","ast-breadcrumbs-content":"","ast-featured-img":"","footer-sml-layout":"","ast-disable-related-posts":"","theme-transparent-header-meta":"","adv-header-id-meta":"","stick-header-meta":"","header-above-stick-meta":"","header-main-stick-meta":"","header-below-stick-meta":"","astra-migrate-meta-layouts":"default","ast-page-background-enabled":"default","ast-page-background-meta":{"desktop":{"background-color":"","background-image":"","background-repeat":"repeat","background-position":"center center","background-size":"auto","background-attachment":"scroll","background-type":"","background-media":"","overlay-type":"","overlay-color":"","overlay-opacity":"","overlay-gradient":""},"tablet":{"background-color":"","background-image":"","background-repeat":"repeat","background-position":"center center","background-size":"auto","background-attachment":"scroll","background-type":"","background-media":"","overlay-type":"","overlay-color":"","overlay-opacity":"","overlay-gradient":""},"mobile":{"background-color":"","background-image":"","background-repeat":"repeat","background-position":"center center","background-size":"auto","background-attachment":"scroll","background-type":"","background-media":"","overlay-type":"","overlay-color":"","overlay-opacity":"","overlay-gradient":""}},"ast-content-background-meta":{"desktop":{"background-color":"var(--ast-global-color-4)","background-image":"","background-repeat":"repeat","background-position":"center center","background-size":"auto","background-attachment":"scroll","background-type":"","background-media":"","overlay-type":"","overlay-color":"","overlay-opacity":"","overlay-gradient":""},"tablet":{"background-color":"var(--ast-global-color-4)","background-image":"","background-repeat":"repeat","background-position":"center center","background-size":"auto","background-attachment":"scroll","background-type":"","background-media":"","overlay-type":"","overlay-color":"","overlay-opacity":"","overlay-gradient":""},"mobile":{"background-color":"var(--ast-global-color-4)","background-image":"","background-repeat":"repeat","background-position":"center center","background-size":"auto","background-attachment":"scroll","background-type":"","background-media":"","overlay-type":"","overlay-color":"","overlay-opacity":"","overlay-gradient":""}}},"product_brand":[],"product_cat":[9581],"product_tag":[6649],"class_list":{"0":"post-9835","1":"product","2":"type-product","3":"status-publish","4":"has-post-thumbnail","6":"product_cat-kriminaliniai-romanai","7":"product_tag-sandra-brown","8":"desktop-align-left","9":"tablet-align-left","10":"mobile-align-left","12":"first","13":"outofstock","14":"shipping-taxable","15":"purchasable","16":"product-type-simple"},"acf":[],"yoast_head":"<!-- This site is optimized with the Yoast SEO plugin v27.0 - https:\/\/yoast.com\/product\/yoast-seo-wordpress\/ -->\n<title>Sandra Brown \u201ePyktis\u201c<\/title>\n<meta name=\"description\" content=\"Kylanti televizijos \u017evaig\u017ed\u0117 Kera Beili pareng\u0117 jos gyvenim\u0105 pakeisiant\u012f interviu su Amerikos didvyriu tituluojamu majoru Traperiu. Po karo Irake \u012f t\u0117vyn\u0119 gr\u012f\u017e\u0119s kari\u0161kis prie\u0161 25 metus bomb\u0173 sprogimo sugriautame \u201ePegaso&quot; vie\u0161butyje i\u0161gelb\u0117jo b\u016brel\u012f \u017emoni\u0173, o nuotrauka, kurioje jis laiko ant rank\u0173 ma\u017e\u0105 mergait\u0119, pavert\u0117 j\u012f tikru dr\u0105sos ir pasiaukojimo simboliu. Nuo to laiko majoras Traperis tapo geid\u017eiamu pokalbi\u0173 laid\u0173 sve\u010diu, nepamainomu \u012fvairi\u0173 rengini\u0173 dalyviu. Ta\u010diau prie\u0161 trejus metus jis netik\u0117tai pasitrauk\u0117 i\u0161 vie\u0161osios erdv\u0117s ir atsisak\u0117 bendrauti su \u017einiasklaida.Vis d\u0117lto Kera Beili n\u0117ra tik dar viena pokalbio su majoru Traperiu trok\u0161tanti \u017eurnalist\u0117. Ji \u017eino paslapt\u012f, galin\u010di\u0105 sumink\u0161tinti net kie\u010diausi\u0105 \u0161ird\u012f. M\u0117gindama pasiekti major\u0105 Kera ry\u017etasi pasinaudoti jo s\u016bnumi, buvusiu Alkoholio, tabako, \u0161aunam\u0173j\u0173 ginkl\u0173 ir sprogmen\u0173 biuro agentu D\u017eonu Traperiu. I\u0161vaizdus, ta\u010diau sud\u0117tingo charakterio vyri\u0161kis d\u0117l \u016bmaus b\u016bdo senokai prarado agento licencij\u0105, bet neprarado \u012fg\u016bd\u017ei\u0173. Nors D\u017eono santykiai su t\u0117vu pa\u0161lij\u0119, galiausiai jis sutinka palyd\u0117ti Ker\u0105 pas major\u0105, o \u0161is netik\u0117tai sutinka duoti interviu. Ir taip pasira\u0161o sau mirties nuosprend\u012f.\" \/>\n<meta name=\"robots\" content=\"index, follow, max-snippet:-1, max-image-preview:large, max-video-preview:-1\" \/>\n<link rel=\"canonical\" href=\"https:\/\/skaitytaknyga.lt\/en\/produktas\/sandra-brown-pyktis\/\" \/>\n<meta property=\"og:locale\" content=\"en_GB\" \/>\n<meta property=\"og:locale:alternate\" content=\"lt_LT\" \/>\n<meta property=\"og:type\" content=\"article\" \/>\n<meta property=\"og:title\" content=\"Sandra Brown \u201ePyktis\u201c\" \/>\n<meta property=\"og:description\" content=\"Kylanti televizijos \u017evaig\u017ed\u0117 Kera Beili pareng\u0117 jos gyvenim\u0105 pakeisiant\u012f interviu su Amerikos didvyriu tituluojamu majoru Traperiu. Po karo Irake \u012f t\u0117vyn\u0119 gr\u012f\u017e\u0119s kari\u0161kis prie\u0161 25 metus bomb\u0173 sprogimo sugriautame \u201ePegaso&quot; vie\u0161butyje i\u0161gelb\u0117jo b\u016brel\u012f \u017emoni\u0173, o nuotrauka, kurioje jis laiko ant rank\u0173 ma\u017e\u0105 mergait\u0119, pavert\u0117 j\u012f tikru dr\u0105sos ir pasiaukojimo simboliu. Nuo to laiko majoras Traperis tapo geid\u017eiamu pokalbi\u0173 laid\u0173 sve\u010diu, nepamainomu \u012fvairi\u0173 rengini\u0173 dalyviu. Ta\u010diau prie\u0161 trejus metus jis netik\u0117tai pasitrauk\u0117 i\u0161 vie\u0161osios erdv\u0117s ir atsisak\u0117 bendrauti su \u017einiasklaida.Vis d\u0117lto Kera Beili n\u0117ra tik dar viena pokalbio su majoru Traperiu trok\u0161tanti \u017eurnalist\u0117. Ji \u017eino paslapt\u012f, galin\u010di\u0105 sumink\u0161tinti net kie\u010diausi\u0105 \u0161ird\u012f. M\u0117gindama pasiekti major\u0105 Kera ry\u017etasi pasinaudoti jo s\u016bnumi, buvusiu Alkoholio, tabako, \u0161aunam\u0173j\u0173 ginkl\u0173 ir sprogmen\u0173 biuro agentu D\u017eonu Traperiu. I\u0161vaizdus, ta\u010diau sud\u0117tingo charakterio vyri\u0161kis d\u0117l \u016bmaus b\u016bdo senokai prarado agento licencij\u0105, bet neprarado \u012fg\u016bd\u017ei\u0173. Nors D\u017eono santykiai su t\u0117vu pa\u0161lij\u0119, galiausiai jis sutinka palyd\u0117ti Ker\u0105 pas major\u0105, o \u0161is netik\u0117tai sutinka duoti interviu. Ir taip pasira\u0161o sau mirties nuosprend\u012f.\" \/>\n<meta property=\"og:url\" content=\"https:\/\/skaitytaknyga.lt\/en\/produktas\/sandra-brown-pyktis\/\" \/>\n<meta property=\"og:site_name\" content=\"Skaitytaknyga\" \/>\n<meta property=\"article:publisher\" content=\"https:\/\/www.facebook.com\/skaitytaknyga\/\" \/>\n<meta property=\"article:modified_time\" content=\"2026-03-05T09:59:19+00:00\" \/>\n<meta property=\"og:image\" content=\"https:\/\/skaitytaknyga.lt\/wp-content\/uploads\/2024\/05\/1537858277_000000000001111388-5ba8d251a3e02-asset-knyguklubas-pyktis.png\" \/>\n\t<meta property=\"og:image:width\" content=\"262\" \/>\n\t<meta property=\"og:image:height\" content=\"430\" \/>\n\t<meta property=\"og:image:type\" content=\"image\/png\" \/>\n<meta name=\"twitter:card\" content=\"summary_large_image\" \/>\n<meta name=\"twitter:label1\" content=\"Estimated reading time\" \/>\n\t<meta name=\"twitter:data1\" content=\"1 minute\" \/>\n<script type=\"application\/ld+json\" class=\"yoast-schema-graph\">{\"@context\":\"https:\/\/schema.org\",\"@graph\":[{\"@type\":\"WebPage\",\"@id\":\"https:\/\/skaitytaknyga.lt\/produktas\/sandra-brown-pyktis\/\",\"url\":\"https:\/\/skaitytaknyga.lt\/produktas\/sandra-brown-pyktis\/\",\"name\":\"Sandra Brown \u201ePyktis\u201c\",\"isPartOf\":{\"@id\":\"https:\/\/skaitytaknyga.lt\/#website\"},\"primaryImageOfPage\":{\"@id\":\"https:\/\/skaitytaknyga.lt\/produktas\/sandra-brown-pyktis\/#primaryimage\"},\"image\":{\"@id\":\"https:\/\/skaitytaknyga.lt\/produktas\/sandra-brown-pyktis\/#primaryimage\"},\"thumbnailUrl\":\"https:\/\/skaitytaknyga.lt\/wp-content\/uploads\/2024\/05\/1537858277_000000000001111388-5ba8d251a3e02-asset-knyguklubas-pyktis.png\",\"datePublished\":\"2024-05-04T17:59:19+00:00\",\"dateModified\":\"2026-03-05T09:59:19+00:00\",\"description\":\"Kylanti televizijos \u017evaig\u017ed\u0117 Kera Beili pareng\u0117 jos gyvenim\u0105 pakeisiant\u012f interviu su Amerikos didvyriu tituluojamu majoru Traperiu. Po karo Irake \u012f t\u0117vyn\u0119 gr\u012f\u017e\u0119s kari\u0161kis prie\u0161 25 metus bomb\u0173 sprogimo sugriautame \u201ePegaso\\\" vie\u0161butyje i\u0161gelb\u0117jo b\u016brel\u012f \u017emoni\u0173, o nuotrauka, kurioje jis laiko ant rank\u0173 ma\u017e\u0105 mergait\u0119, pavert\u0117 j\u012f tikru dr\u0105sos ir pasiaukojimo simboliu. Nuo to laiko majoras Traperis tapo geid\u017eiamu pokalbi\u0173 laid\u0173 sve\u010diu, nepamainomu \u012fvairi\u0173 rengini\u0173 dalyviu. Ta\u010diau prie\u0161 trejus metus jis netik\u0117tai pasitrauk\u0117 i\u0161 vie\u0161osios erdv\u0117s ir atsisak\u0117 bendrauti su \u017einiasklaida.Vis d\u0117lto Kera Beili n\u0117ra tik dar viena pokalbio su majoru Traperiu trok\u0161tanti \u017eurnalist\u0117. Ji \u017eino paslapt\u012f, galin\u010di\u0105 sumink\u0161tinti net kie\u010diausi\u0105 \u0161ird\u012f. M\u0117gindama pasiekti major\u0105 Kera ry\u017etasi pasinaudoti jo s\u016bnumi, buvusiu Alkoholio, tabako, \u0161aunam\u0173j\u0173 ginkl\u0173 ir sprogmen\u0173 biuro agentu D\u017eonu Traperiu. I\u0161vaizdus, ta\u010diau sud\u0117tingo charakterio vyri\u0161kis d\u0117l \u016bmaus b\u016bdo senokai prarado agento licencij\u0105, bet neprarado \u012fg\u016bd\u017ei\u0173. Nors D\u017eono santykiai su t\u0117vu pa\u0161lij\u0119, galiausiai jis sutinka palyd\u0117ti Ker\u0105 pas major\u0105, o \u0161is netik\u0117tai sutinka duoti interviu. Ir taip pasira\u0161o sau mirties nuosprend\u012f.\",\"breadcrumb\":{\"@id\":\"https:\/\/skaitytaknyga.lt\/produktas\/sandra-brown-pyktis\/#breadcrumb\"},\"inLanguage\":\"en-GB\",\"potentialAction\":[{\"@type\":\"ReadAction\",\"target\":[\"https:\/\/skaitytaknyga.lt\/produktas\/sandra-brown-pyktis\/\"]}]},{\"@type\":\"ImageObject\",\"inLanguage\":\"en-GB\",\"@id\":\"https:\/\/skaitytaknyga.lt\/produktas\/sandra-brown-pyktis\/#primaryimage\",\"url\":\"https:\/\/skaitytaknyga.lt\/wp-content\/uploads\/2024\/05\/1537858277_000000000001111388-5ba8d251a3e02-asset-knyguklubas-pyktis.png\",\"contentUrl\":\"https:\/\/skaitytaknyga.lt\/wp-content\/uploads\/2024\/05\/1537858277_000000000001111388-5ba8d251a3e02-asset-knyguklubas-pyktis.png\",\"width\":262,\"height\":430},{\"@type\":\"BreadcrumbList\",\"@id\":\"https:\/\/skaitytaknyga.lt\/produktas\/sandra-brown-pyktis\/#breadcrumb\",\"itemListElement\":[{\"@type\":\"ListItem\",\"position\":1,\"name\":\"Home\",\"item\":\"https:\/\/skaitytaknyga.lt\/\"},{\"@type\":\"ListItem\",\"position\":2,\"name\":\"Parduotuv\u0117\",\"item\":\"https:\/\/skaitytaknyga.lt\/knygu-parduotuve\/\"},{\"@type\":\"ListItem\",\"position\":3,\"name\":\"Sandra Brown \u201ePyktis\u201c\"}]},{\"@type\":\"WebSite\",\"@id\":\"https:\/\/skaitytaknyga.lt\/#website\",\"url\":\"https:\/\/skaitytaknyga.lt\/\",\"name\":\"skaitytaknyga.lt\",\"description\":\"Skaitytaknyga.lt \u2013 tai ma\u017eas \u0161eimos verslas, kuris prasid\u0117jo nuo meil\u0117s knygoms ir siekio i\u0161gelb\u0117ti knygas nuo likimo prie konteinerio. Kas vienam nereikalingas daiktas \u2013 kitam lobis, o mes esame tarpininkai, kurie padeda abiems tapti laimingesniems ???? \u017dinome kaip nelengva i\u0161gyventi ma\u017eiems verslams, tad nuo \u0161iol, \u010dia rasite ir kit\u0173, ma\u017e\u0173 \u0161eim\u0173 versl\u0173, rank\u0173 darbo, dovan\u0173 sau ir artimiesiems.\",\"publisher\":{\"@id\":\"https:\/\/skaitytaknyga.lt\/#organization\"},\"potentialAction\":[{\"@type\":\"SearchAction\",\"target\":{\"@type\":\"EntryPoint\",\"urlTemplate\":\"https:\/\/skaitytaknyga.lt\/?s={search_term_string}\"},\"query-input\":{\"@type\":\"PropertyValueSpecification\",\"valueRequired\":true,\"valueName\":\"search_term_string\"}}],\"inLanguage\":\"en-GB\"},{\"@type\":\"Organization\",\"@id\":\"https:\/\/skaitytaknyga.lt\/#organization\",\"name\":\"skaitytaknyga.lt\",\"url\":\"https:\/\/skaitytaknyga.lt\/\",\"logo\":{\"@type\":\"ImageObject\",\"inLanguage\":\"en-GB\",\"@id\":\"https:\/\/skaitytaknyga.lt\/#\/schema\/logo\/image\/\",\"url\":\"https:\/\/skaitytaknyga.lt\/wp-content\/uploads\/2024\/05\/cropped-cropped-cropped-02_00843_jt3bggkj1j3HLc7SyY6rEUpg.jpeg\",\"contentUrl\":\"https:\/\/skaitytaknyga.lt\/wp-content\/uploads\/2024\/05\/cropped-cropped-cropped-02_00843_jt3bggkj1j3HLc7SyY6rEUpg.jpeg\",\"width\":1600,\"height\":1600,\"caption\":\"skaitytaknyga.lt\"},\"image\":{\"@id\":\"https:\/\/skaitytaknyga.lt\/#\/schema\/logo\/image\/\"},\"sameAs\":[\"https:\/\/www.facebook.com\/skaitytaknyga\/\"]}]}<\/script>\n<!-- \/ Yoast SEO plugin. -->","yoast_head_json":{"title":"Sandra Brown \u201ePyktis\u201c","description":"Kylanti televizijos \u017evaig\u017ed\u0117 Kera Beili pareng\u0117 jos gyvenim\u0105 pakeisiant\u012f interviu su Amerikos didvyriu tituluojamu majoru Traperiu. Po karo Irake \u012f t\u0117vyn\u0119 gr\u012f\u017e\u0119s kari\u0161kis prie\u0161 25 metus bomb\u0173 sprogimo sugriautame \u201ePegaso\" vie\u0161butyje i\u0161gelb\u0117jo b\u016brel\u012f \u017emoni\u0173, o nuotrauka, kurioje jis laiko ant rank\u0173 ma\u017e\u0105 mergait\u0119, pavert\u0117 j\u012f tikru dr\u0105sos ir pasiaukojimo simboliu. Nuo to laiko majoras Traperis tapo geid\u017eiamu pokalbi\u0173 laid\u0173 sve\u010diu, nepamainomu \u012fvairi\u0173 rengini\u0173 dalyviu. Ta\u010diau prie\u0161 trejus metus jis netik\u0117tai pasitrauk\u0117 i\u0161 vie\u0161osios erdv\u0117s ir atsisak\u0117 bendrauti su \u017einiasklaida.Vis d\u0117lto Kera Beili n\u0117ra tik dar viena pokalbio su majoru Traperiu trok\u0161tanti \u017eurnalist\u0117. Ji \u017eino paslapt\u012f, galin\u010di\u0105 sumink\u0161tinti net kie\u010diausi\u0105 \u0161ird\u012f. M\u0117gindama pasiekti major\u0105 Kera ry\u017etasi pasinaudoti jo s\u016bnumi, buvusiu Alkoholio, tabako, \u0161aunam\u0173j\u0173 ginkl\u0173 ir sprogmen\u0173 biuro agentu D\u017eonu Traperiu. I\u0161vaizdus, ta\u010diau sud\u0117tingo charakterio vyri\u0161kis d\u0117l \u016bmaus b\u016bdo senokai prarado agento licencij\u0105, bet neprarado \u012fg\u016bd\u017ei\u0173. Nors D\u017eono santykiai su t\u0117vu pa\u0161lij\u0119, galiausiai jis sutinka palyd\u0117ti Ker\u0105 pas major\u0105, o \u0161is netik\u0117tai sutinka duoti interviu. Ir taip pasira\u0161o sau mirties nuosprend\u012f.","robots":{"index":"index","follow":"follow","max-snippet":"max-snippet:-1","max-image-preview":"max-image-preview:large","max-video-preview":"max-video-preview:-1"},"canonical":"https:\/\/skaitytaknyga.lt\/en\/produktas\/sandra-brown-pyktis\/","og_locale":"en_GB","og_type":"article","og_title":"[:lt]Sandra Brown \u201ePyktis\u201c[:] - Skaitytaknyga","og_description":"Kylanti televizijos \u017evaig\u017ed\u0117 Kera Beili pareng\u0117 jos gyvenim\u0105 pakeisiant\u012f interviu su Amerikos didvyriu tituluojamu majoru Traperiu. Po karo Irake \u012f t\u0117vyn\u0119 gr\u012f\u017e\u0119s kari\u0161kis prie\u0161 25 metus bomb\u0173 sprogimo sugriautame \u201ePegaso\" vie\u0161butyje i\u0161gelb\u0117jo b\u016brel\u012f \u017emoni\u0173, o nuotrauka, kurioje jis laiko ant rank\u0173 ma\u017e\u0105 mergait\u0119, pavert\u0117 j\u012f tikru dr\u0105sos ir pasiaukojimo simboliu. Nuo to laiko majoras Traperis tapo geid\u017eiamu pokalbi\u0173 laid\u0173 sve\u010diu, nepamainomu \u012fvairi\u0173 rengini\u0173 dalyviu. Ta\u010diau prie\u0161 trejus metus jis netik\u0117tai pasitrauk\u0117 i\u0161 vie\u0161osios erdv\u0117s ir atsisak\u0117 bendrauti su \u017einiasklaida.Vis d\u0117lto Kera Beili n\u0117ra tik dar viena pokalbio su majoru Traperiu trok\u0161tanti \u017eurnalist\u0117. Ji \u017eino paslapt\u012f, galin\u010di\u0105 sumink\u0161tinti net kie\u010diausi\u0105 \u0161ird\u012f. M\u0117gindama pasiekti major\u0105 Kera ry\u017etasi pasinaudoti jo s\u016bnumi, buvusiu Alkoholio, tabako, \u0161aunam\u0173j\u0173 ginkl\u0173 ir sprogmen\u0173 biuro agentu D\u017eonu Traperiu. I\u0161vaizdus, ta\u010diau sud\u0117tingo charakterio vyri\u0161kis d\u0117l \u016bmaus b\u016bdo senokai prarado agento licencij\u0105, bet neprarado \u012fg\u016bd\u017ei\u0173. Nors D\u017eono santykiai su t\u0117vu pa\u0161lij\u0119, galiausiai jis sutinka palyd\u0117ti Ker\u0105 pas major\u0105, o \u0161is netik\u0117tai sutinka duoti interviu. Ir taip pasira\u0161o sau mirties nuosprend\u012f.","og_url":"https:\/\/skaitytaknyga.lt\/en\/produktas\/sandra-brown-pyktis\/","og_site_name":"Skaitytaknyga","article_publisher":"https:\/\/www.facebook.com\/skaitytaknyga\/","article_modified_time":"2026-03-05T09:59:19+00:00","og_image":[{"width":262,"height":430,"url":"https:\/\/skaitytaknyga.lt\/wp-content\/uploads\/2024\/05\/1537858277_000000000001111388-5ba8d251a3e02-asset-knyguklubas-pyktis.png","type":"image\/png"}],"twitter_card":"summary_large_image","twitter_misc":{"Estimated reading time":"1 minute"},"schema":{"@context":"https:\/\/schema.org","@graph":[{"@type":"WebPage","@id":"https:\/\/skaitytaknyga.lt\/produktas\/sandra-brown-pyktis\/","url":"https:\/\/skaitytaknyga.lt\/produktas\/sandra-brown-pyktis\/","name":"Sandra Brown \u201ePyktis\u201c","isPartOf":{"@id":"https:\/\/skaitytaknyga.lt\/#website"},"primaryImageOfPage":{"@id":"https:\/\/skaitytaknyga.lt\/produktas\/sandra-brown-pyktis\/#primaryimage"},"image":{"@id":"https:\/\/skaitytaknyga.lt\/produktas\/sandra-brown-pyktis\/#primaryimage"},"thumbnailUrl":"https:\/\/skaitytaknyga.lt\/wp-content\/uploads\/2024\/05\/1537858277_000000000001111388-5ba8d251a3e02-asset-knyguklubas-pyktis.png","datePublished":"2024-05-04T17:59:19+00:00","dateModified":"2026-03-05T09:59:19+00:00","description":"Kylanti televizijos \u017evaig\u017ed\u0117 Kera Beili pareng\u0117 jos gyvenim\u0105 pakeisiant\u012f interviu su Amerikos didvyriu tituluojamu majoru Traperiu. Po karo Irake \u012f t\u0117vyn\u0119 gr\u012f\u017e\u0119s kari\u0161kis prie\u0161 25 metus bomb\u0173 sprogimo sugriautame \u201ePegaso\" vie\u0161butyje i\u0161gelb\u0117jo b\u016brel\u012f \u017emoni\u0173, o nuotrauka, kurioje jis laiko ant rank\u0173 ma\u017e\u0105 mergait\u0119, pavert\u0117 j\u012f tikru dr\u0105sos ir pasiaukojimo simboliu. Nuo to laiko majoras Traperis tapo geid\u017eiamu pokalbi\u0173 laid\u0173 sve\u010diu, nepamainomu \u012fvairi\u0173 rengini\u0173 dalyviu. Ta\u010diau prie\u0161 trejus metus jis netik\u0117tai pasitrauk\u0117 i\u0161 vie\u0161osios erdv\u0117s ir atsisak\u0117 bendrauti su \u017einiasklaida.Vis d\u0117lto Kera Beili n\u0117ra tik dar viena pokalbio su majoru Traperiu trok\u0161tanti \u017eurnalist\u0117. Ji \u017eino paslapt\u012f, galin\u010di\u0105 sumink\u0161tinti net kie\u010diausi\u0105 \u0161ird\u012f. M\u0117gindama pasiekti major\u0105 Kera ry\u017etasi pasinaudoti jo s\u016bnumi, buvusiu Alkoholio, tabako, \u0161aunam\u0173j\u0173 ginkl\u0173 ir sprogmen\u0173 biuro agentu D\u017eonu Traperiu. I\u0161vaizdus, ta\u010diau sud\u0117tingo charakterio vyri\u0161kis d\u0117l \u016bmaus b\u016bdo senokai prarado agento licencij\u0105, bet neprarado \u012fg\u016bd\u017ei\u0173. Nors D\u017eono santykiai su t\u0117vu pa\u0161lij\u0119, galiausiai jis sutinka palyd\u0117ti Ker\u0105 pas major\u0105, o \u0161is netik\u0117tai sutinka duoti interviu. Ir taip pasira\u0161o sau mirties nuosprend\u012f.","breadcrumb":{"@id":"https:\/\/skaitytaknyga.lt\/produktas\/sandra-brown-pyktis\/#breadcrumb"},"inLanguage":"en-GB","potentialAction":[{"@type":"ReadAction","target":["https:\/\/skaitytaknyga.lt\/produktas\/sandra-brown-pyktis\/"]}]},{"@type":"ImageObject","inLanguage":"en-GB","@id":"https:\/\/skaitytaknyga.lt\/produktas\/sandra-brown-pyktis\/#primaryimage","url":"https:\/\/skaitytaknyga.lt\/wp-content\/uploads\/2024\/05\/1537858277_000000000001111388-5ba8d251a3e02-asset-knyguklubas-pyktis.png","contentUrl":"https:\/\/skaitytaknyga.lt\/wp-content\/uploads\/2024\/05\/1537858277_000000000001111388-5ba8d251a3e02-asset-knyguklubas-pyktis.png","width":262,"height":430},{"@type":"BreadcrumbList","@id":"https:\/\/skaitytaknyga.lt\/produktas\/sandra-brown-pyktis\/#breadcrumb","itemListElement":[{"@type":"ListItem","position":1,"name":"Home","item":"https:\/\/skaitytaknyga.lt\/"},{"@type":"ListItem","position":2,"name":"Parduotuv\u0117","item":"https:\/\/skaitytaknyga.lt\/knygu-parduotuve\/"},{"@type":"ListItem","position":3,"name":"Sandra Brown \u201ePyktis\u201c"}]},{"@type":"WebSite","@id":"https:\/\/skaitytaknyga.lt\/#website","url":"https:\/\/skaitytaknyga.lt\/","name":"skaitytaknyga.lt","description":"Skaitytaknyga.lt \u2013 tai ma\u017eas \u0161eimos verslas, kuris prasid\u0117jo nuo meil\u0117s knygoms ir siekio i\u0161gelb\u0117ti knygas nuo likimo prie konteinerio. Kas vienam nereikalingas daiktas \u2013 kitam lobis, o mes esame tarpininkai, kurie padeda abiems tapti laimingesniems ???? \u017dinome kaip nelengva i\u0161gyventi ma\u017eiems verslams, tad nuo \u0161iol, \u010dia rasite ir kit\u0173, ma\u017e\u0173 \u0161eim\u0173 versl\u0173, rank\u0173 darbo, dovan\u0173 sau ir artimiesiems.","publisher":{"@id":"https:\/\/skaitytaknyga.lt\/#organization"},"potentialAction":[{"@type":"SearchAction","target":{"@type":"EntryPoint","urlTemplate":"https:\/\/skaitytaknyga.lt\/?s={search_term_string}"},"query-input":{"@type":"PropertyValueSpecification","valueRequired":true,"valueName":"search_term_string"}}],"inLanguage":"en-GB"},{"@type":"Organization","@id":"https:\/\/skaitytaknyga.lt\/#organization","name":"skaitytaknyga.lt","url":"https:\/\/skaitytaknyga.lt\/","logo":{"@type":"ImageObject","inLanguage":"en-GB","@id":"https:\/\/skaitytaknyga.lt\/#\/schema\/logo\/image\/","url":"https:\/\/skaitytaknyga.lt\/wp-content\/uploads\/2024\/05\/cropped-cropped-cropped-02_00843_jt3bggkj1j3HLc7SyY6rEUpg.jpeg","contentUrl":"https:\/\/skaitytaknyga.lt\/wp-content\/uploads\/2024\/05\/cropped-cropped-cropped-02_00843_jt3bggkj1j3HLc7SyY6rEUpg.jpeg","width":1600,"height":1600,"caption":"skaitytaknyga.lt"},"image":{"@id":"https:\/\/skaitytaknyga.lt\/#\/schema\/logo\/image\/"},"sameAs":["https:\/\/www.facebook.com\/skaitytaknyga\/"]}]}},"_links":{"self":[{"href":"https:\/\/skaitytaknyga.lt\/en\/wp-json\/wp\/v2\/product\/9835","targetHints":{"allow":["GET"]}}],"collection":[{"href":"https:\/\/skaitytaknyga.lt\/en\/wp-json\/wp\/v2\/product"}],"about":[{"href":"https:\/\/skaitytaknyga.lt\/en\/wp-json\/wp\/v2\/types\/product"}],"replies":[{"embeddable":true,"href":"https:\/\/skaitytaknyga.lt\/en\/wp-json\/wp\/v2\/comments?post=9835"}],"wp:featuredmedia":[{"embeddable":true,"href":"https:\/\/skaitytaknyga.lt\/en\/wp-json\/wp\/v2\/media\/9879"}],"wp:attachment":[{"href":"https:\/\/skaitytaknyga.lt\/en\/wp-json\/wp\/v2\/media?parent=9835"}],"wp:term":[{"taxonomy":"product_brand","embeddable":true,"href":"https:\/\/skaitytaknyga.lt\/en\/wp-json\/wp\/v2\/product_brand?post=9835"},{"taxonomy":"product_cat","embeddable":true,"href":"https:\/\/skaitytaknyga.lt\/en\/wp-json\/wp\/v2\/product_cat?post=9835"},{"taxonomy":"product_tag","embeddable":true,"href":"https:\/\/skaitytaknyga.lt\/en\/wp-json\/wp\/v2\/product_tag?post=9835"}],"curies":[{"name":"wp","href":"https:\/\/api.w.org\/{rel}","templated":true}]}}