{"id":9834,"date":"2024-05-04T17:59:19","date_gmt":"2024-05-04T17:59:19","guid":{"rendered":"https:\/\/skaitytaknyga.lt\/?post_type=product&#038;p=9834"},"modified":"2026-03-05T16:00:49","modified_gmt":"2026-03-05T14:00:49","slug":"lars-kepler-persekiotojas","status":"publish","type":"product","link":"https:\/\/skaitytaknyga.lt\/en\/produktas\/lars-kepler-persekiotojas\/","title":{"rendered":"Lars Kepler \u201ePersekiotojas\u201c"},"content":{"rendered":"<p>Penktoji knyga apie komisar\u0105 Jon\u0105 Lin\u0105 pagerino visus populiarumo rekordus ir tapo geriausiai parduodama 2014 met\u0173 knyga! \u0160iais metais ji bus i\u0161versta \u012f tuzin\u0105 kit\u0173 kalb\u0173, tarp j\u0173 ir lietuvi\u0173.<\/p>\n<p>Policija gauna trump\u0105 filmuk\u0105. \u017dmogus su kamera i\u0161 sodo slapta filmuoja moter\u012f u\u017e lango. Kit\u0105 dien\u0105 ji randama \u017eiauriai subadyta peiliu. Policija gauna antr\u0105 filmuk\u0105, bet nustatyti, kokia moteris nufilmuota jame, kol ne\u012fvyko nelaim\u0117, n\u0117ra joki\u0173 galimybi\u0173. Ai\u0161ku tik, kad veikia serijinis \u017eudikas. Nelaimingos nu\u017eudytosios moters vyr\u0105 taip sukre\u010dia \u017emog\u017eudyst\u0117, kad jis i\u0161tiktas \u0161oko sutvarko visus namus ir paguldo \u017emon\u0105 \u012f lov\u0105. Galb\u016bt jis rado k\u0105 nors labai svarbaus, bet nelaim\u0117lio b\u016bkl\u0117 kliudo policijai j\u012f apklausti. Pagelb\u0117ti kvie\u010diamas talentingas psichiatras ir hipnotizuotojas Erikas Marija Barkas, ta\u010diau tai, k\u0105 vyras papasakoja, ver\u010dia gydytoj\u0105 meluoti policijai\u2026<\/p>\n","protected":false},"excerpt":{"rendered":"<p>Penktoji knyga apie komisar\u0105 Jon\u0105 Lin\u0105 pagerino visus populiarumo rekordus ir tapo geriausiai parduodama 2014 met\u0173 knyga! \u0160iais metais ji bus i\u0161versta \u012f tuzin\u0105 kit\u0173 kalb\u0173, tarp j\u0173 ir lietuvi\u0173.<\/p>\n<p>Policija gauna trump\u0105 filmuk\u0105. \u017dmogus su kamera i\u0161 sodo slapta filmuoja moter\u012f u\u017e lango. Kit\u0105 dien\u0105 ji randama \u017eiauriai subadyta peiliu. Policija gauna antr\u0105 filmuk\u0105, bet nustatyti, kokia moteris nufilmuota jame, kol ne\u012fvyko nelaim\u0117, n\u0117ra joki\u0173 galimybi\u0173. Ai\u0161ku tik, kad veikia serijinis \u017eudikas. Nelaimingos nu\u017eudytosios moters vyr\u0105 taip sukre\u010dia \u017emog\u017eudyst\u0117, kad jis i\u0161tiktas \u0161oko sutvarko visus namus ir paguldo \u017emon\u0105 \u012f lov\u0105. Galb\u016bt jis rado k\u0105 nors labai svarbaus, bet nelaim\u0117lio b\u016bkl\u0117 kliudo policijai j\u012f apklausti. Pagelb\u0117ti kvie\u010diamas talentingas psichiatras ir hipnotizuotojas Erikas Marija Barkas, ta\u010diau tai, k\u0105 vyras papasakoja, ver\u010dia gydytoj\u0105 meluoti policijai\u2026<\/p>\n","protected":false},"featured_media":9878,"comment_status":"closed","ping_status":"closed","template":"","meta":{"_acf_changed":false,"site-sidebar-layout":"default","site-content-layout":"","ast-site-content-layout":"default","site-content-style":"default","site-sidebar-style":"default","ast-global-header-display":"","ast-banner-title-visibility":"","ast-main-header-display":"","ast-hfb-above-header-display":"","ast-hfb-below-header-display":"","ast-hfb-mobile-header-display":"","site-post-title":"","ast-breadcrumbs-content":"","ast-featured-img":"","footer-sml-layout":"","ast-disable-related-posts":"","theme-transparent-header-meta":"","adv-header-id-meta":"","stick-header-meta":"","header-above-stick-meta":"","header-main-stick-meta":"","header-below-stick-meta":"","astra-migrate-meta-layouts":"default","ast-page-background-enabled":"default","ast-page-background-meta":{"desktop":{"background-color":"","background-image":"","background-repeat":"repeat","background-position":"center center","background-size":"auto","background-attachment":"scroll","background-type":"","background-media":"","overlay-type":"","overlay-color":"","overlay-opacity":"","overlay-gradient":""},"tablet":{"background-color":"","background-image":"","background-repeat":"repeat","background-position":"center center","background-size":"auto","background-attachment":"scroll","background-type":"","background-media":"","overlay-type":"","overlay-color":"","overlay-opacity":"","overlay-gradient":""},"mobile":{"background-color":"","background-image":"","background-repeat":"repeat","background-position":"center center","background-size":"auto","background-attachment":"scroll","background-type":"","background-media":"","overlay-type":"","overlay-color":"","overlay-opacity":"","overlay-gradient":""}},"ast-content-background-meta":{"desktop":{"background-color":"var(--ast-global-color-4)","background-image":"","background-repeat":"repeat","background-position":"center center","background-size":"auto","background-attachment":"scroll","background-type":"","background-media":"","overlay-type":"","overlay-color":"","overlay-opacity":"","overlay-gradient":""},"tablet":{"background-color":"var(--ast-global-color-4)","background-image":"","background-repeat":"repeat","background-position":"center center","background-size":"auto","background-attachment":"scroll","background-type":"","background-media":"","overlay-type":"","overlay-color":"","overlay-opacity":"","overlay-gradient":""},"mobile":{"background-color":"var(--ast-global-color-4)","background-image":"","background-repeat":"repeat","background-position":"center center","background-size":"auto","background-attachment":"scroll","background-type":"","background-media":"","overlay-type":"","overlay-color":"","overlay-opacity":"","overlay-gradient":""}}},"product_brand":[],"product_cat":[9581],"product_tag":[],"class_list":{"0":"post-9834","1":"product","2":"type-product","3":"status-publish","4":"has-post-thumbnail","6":"product_cat-kriminaliniai-romanai","7":"desktop-align-left","8":"tablet-align-left","9":"mobile-align-left","11":"first","12":"outofstock","13":"shipping-taxable","14":"purchasable","15":"product-type-simple"},"acf":[],"yoast_head":"<!-- This site is optimized with the Yoast SEO plugin v27.0 - https:\/\/yoast.com\/product\/yoast-seo-wordpress\/ -->\n<title>Lars Kepler \u201ePersekiotojas\u201c<\/title>\n<meta name=\"description\" content=\"Penktoji knyga apie komisar\u0105 Jon\u0105 Lin\u0105 pagerino visus populiarumo rekordus ir tapo geriausiai parduodama 2014 met\u0173 knyga! \u0160iais metais ji bus i\u0161versta \u012f tuzin\u0105 kit\u0173 kalb\u0173, tarp j\u0173 ir lietuvi\u0173.Policija gauna trump\u0105 filmuk\u0105. \u017dmogus su kamera i\u0161 sodo slapta filmuoja moter\u012f u\u017e lango. Kit\u0105 dien\u0105 ji randama \u017eiauriai subadyta peiliu. Policija gauna antr\u0105 filmuk\u0105, bet nustatyti, kokia moteris nufilmuota jame, kol ne\u012fvyko nelaim\u0117, n\u0117ra joki\u0173 galimybi\u0173. Ai\u0161ku tik, kad veikia serijinis \u017eudikas. Nelaimingos nu\u017eudytosios moters vyr\u0105 taip sukre\u010dia \u017emog\u017eudyst\u0117, kad jis i\u0161tiktas \u0161oko sutvarko visus namus ir paguldo \u017emon\u0105 \u012f lov\u0105. Galb\u016bt jis rado k\u0105 nors labai svarbaus, bet nelaim\u0117lio b\u016bkl\u0117 kliudo policijai j\u012f apklausti. Pagelb\u0117ti kvie\u010diamas talentingas psichiatras ir hipnotizuotojas Erikas Marija Barkas, ta\u010diau tai, k\u0105 vyras papasakoja, ver\u010dia gydytoj\u0105 meluoti policijai\u2026\" \/>\n<meta name=\"robots\" content=\"index, follow, max-snippet:-1, max-image-preview:large, max-video-preview:-1\" \/>\n<link rel=\"canonical\" href=\"https:\/\/skaitytaknyga.lt\/en\/produktas\/lars-kepler-persekiotojas\/\" \/>\n<meta property=\"og:locale\" content=\"en_GB\" \/>\n<meta property=\"og:locale:alternate\" content=\"lt_LT\" \/>\n<meta property=\"og:type\" content=\"article\" \/>\n<meta property=\"og:title\" content=\"Lars Kepler \u201ePersekiotojas\u201c\" \/>\n<meta property=\"og:description\" content=\"Penktoji knyga apie komisar\u0105 Jon\u0105 Lin\u0105 pagerino visus populiarumo rekordus ir tapo geriausiai parduodama 2014 met\u0173 knyga! \u0160iais metais ji bus i\u0161versta \u012f tuzin\u0105 kit\u0173 kalb\u0173, tarp j\u0173 ir lietuvi\u0173.Policija gauna trump\u0105 filmuk\u0105. \u017dmogus su kamera i\u0161 sodo slapta filmuoja moter\u012f u\u017e lango. Kit\u0105 dien\u0105 ji randama \u017eiauriai subadyta peiliu. Policija gauna antr\u0105 filmuk\u0105, bet nustatyti, kokia moteris nufilmuota jame, kol ne\u012fvyko nelaim\u0117, n\u0117ra joki\u0173 galimybi\u0173. Ai\u0161ku tik, kad veikia serijinis \u017eudikas. Nelaimingos nu\u017eudytosios moters vyr\u0105 taip sukre\u010dia \u017emog\u017eudyst\u0117, kad jis i\u0161tiktas \u0161oko sutvarko visus namus ir paguldo \u017emon\u0105 \u012f lov\u0105. Galb\u016bt jis rado k\u0105 nors labai svarbaus, bet nelaim\u0117lio b\u016bkl\u0117 kliudo policijai j\u012f apklausti. Pagelb\u0117ti kvie\u010diamas talentingas psichiatras ir hipnotizuotojas Erikas Marija Barkas, ta\u010diau tai, k\u0105 vyras papasakoja, ver\u010dia gydytoj\u0105 meluoti policijai\u2026\" \/>\n<meta property=\"og:url\" content=\"https:\/\/skaitytaknyga.lt\/en\/produktas\/lars-kepler-persekiotojas\/\" \/>\n<meta property=\"og:site_name\" content=\"Skaitytaknyga\" \/>\n<meta property=\"article:publisher\" content=\"https:\/\/www.facebook.com\/skaitytaknyga\/\" \/>\n<meta property=\"article:modified_time\" content=\"2026-03-05T14:00:49+00:00\" \/>\n<meta property=\"og:image\" content=\"https:\/\/skaitytaknyga.lt\/wp-content\/uploads\/2024\/05\/1462889850_persekiotojasvirselis2d1400.jpg\" \/>\n\t<meta property=\"og:image:width\" content=\"287\" \/>\n\t<meta property=\"og:image:height\" content=\"430\" \/>\n\t<meta property=\"og:image:type\" content=\"image\/jpeg\" \/>\n<meta name=\"twitter:card\" content=\"summary_large_image\" \/>\n<meta name=\"twitter:label1\" content=\"Estimated reading time\" \/>\n\t<meta name=\"twitter:data1\" content=\"1 minute\" \/>\n<script type=\"application\/ld+json\" class=\"yoast-schema-graph\">{\"@context\":\"https:\/\/schema.org\",\"@graph\":[{\"@type\":\"WebPage\",\"@id\":\"https:\/\/skaitytaknyga.lt\/produktas\/lars-kepler-persekiotojas\/\",\"url\":\"https:\/\/skaitytaknyga.lt\/produktas\/lars-kepler-persekiotojas\/\",\"name\":\"Lars Kepler \u201ePersekiotojas\u201c\",\"isPartOf\":{\"@id\":\"https:\/\/skaitytaknyga.lt\/#website\"},\"primaryImageOfPage\":{\"@id\":\"https:\/\/skaitytaknyga.lt\/produktas\/lars-kepler-persekiotojas\/#primaryimage\"},\"image\":{\"@id\":\"https:\/\/skaitytaknyga.lt\/produktas\/lars-kepler-persekiotojas\/#primaryimage\"},\"thumbnailUrl\":\"https:\/\/skaitytaknyga.lt\/wp-content\/uploads\/2024\/05\/1462889850_persekiotojasvirselis2d1400.jpg\",\"datePublished\":\"2024-05-04T17:59:19+00:00\",\"dateModified\":\"2026-03-05T14:00:49+00:00\",\"description\":\"Penktoji knyga apie komisar\u0105 Jon\u0105 Lin\u0105 pagerino visus populiarumo rekordus ir tapo geriausiai parduodama 2014 met\u0173 knyga! \u0160iais metais ji bus i\u0161versta \u012f tuzin\u0105 kit\u0173 kalb\u0173, tarp j\u0173 ir lietuvi\u0173.Policija gauna trump\u0105 filmuk\u0105. \u017dmogus su kamera i\u0161 sodo slapta filmuoja moter\u012f u\u017e lango. Kit\u0105 dien\u0105 ji randama \u017eiauriai subadyta peiliu. Policija gauna antr\u0105 filmuk\u0105, bet nustatyti, kokia moteris nufilmuota jame, kol ne\u012fvyko nelaim\u0117, n\u0117ra joki\u0173 galimybi\u0173. Ai\u0161ku tik, kad veikia serijinis \u017eudikas. Nelaimingos nu\u017eudytosios moters vyr\u0105 taip sukre\u010dia \u017emog\u017eudyst\u0117, kad jis i\u0161tiktas \u0161oko sutvarko visus namus ir paguldo \u017emon\u0105 \u012f lov\u0105. Galb\u016bt jis rado k\u0105 nors labai svarbaus, bet nelaim\u0117lio b\u016bkl\u0117 kliudo policijai j\u012f apklausti. Pagelb\u0117ti kvie\u010diamas talentingas psichiatras ir hipnotizuotojas Erikas Marija Barkas, ta\u010diau tai, k\u0105 vyras papasakoja, ver\u010dia gydytoj\u0105 meluoti policijai\u2026\",\"breadcrumb\":{\"@id\":\"https:\/\/skaitytaknyga.lt\/produktas\/lars-kepler-persekiotojas\/#breadcrumb\"},\"inLanguage\":\"en-GB\",\"potentialAction\":[{\"@type\":\"ReadAction\",\"target\":[\"https:\/\/skaitytaknyga.lt\/produktas\/lars-kepler-persekiotojas\/\"]}]},{\"@type\":\"ImageObject\",\"inLanguage\":\"en-GB\",\"@id\":\"https:\/\/skaitytaknyga.lt\/produktas\/lars-kepler-persekiotojas\/#primaryimage\",\"url\":\"https:\/\/skaitytaknyga.lt\/wp-content\/uploads\/2024\/05\/1462889850_persekiotojasvirselis2d1400.jpg\",\"contentUrl\":\"https:\/\/skaitytaknyga.lt\/wp-content\/uploads\/2024\/05\/1462889850_persekiotojasvirselis2d1400.jpg\",\"width\":287,\"height\":430},{\"@type\":\"BreadcrumbList\",\"@id\":\"https:\/\/skaitytaknyga.lt\/produktas\/lars-kepler-persekiotojas\/#breadcrumb\",\"itemListElement\":[{\"@type\":\"ListItem\",\"position\":1,\"name\":\"Home\",\"item\":\"https:\/\/skaitytaknyga.lt\/\"},{\"@type\":\"ListItem\",\"position\":2,\"name\":\"Parduotuv\u0117\",\"item\":\"https:\/\/skaitytaknyga.lt\/knygu-parduotuve\/\"},{\"@type\":\"ListItem\",\"position\":3,\"name\":\"Lars Kepler \u201ePersekiotojas\u201c\"}]},{\"@type\":\"WebSite\",\"@id\":\"https:\/\/skaitytaknyga.lt\/#website\",\"url\":\"https:\/\/skaitytaknyga.lt\/\",\"name\":\"skaitytaknyga.lt\",\"description\":\"Skaitytaknyga.lt \u2013 tai ma\u017eas \u0161eimos verslas, kuris prasid\u0117jo nuo meil\u0117s knygoms ir siekio i\u0161gelb\u0117ti knygas nuo likimo prie konteinerio. Kas vienam nereikalingas daiktas \u2013 kitam lobis, o mes esame tarpininkai, kurie padeda abiems tapti laimingesniems ???? \u017dinome kaip nelengva i\u0161gyventi ma\u017eiems verslams, tad nuo \u0161iol, \u010dia rasite ir kit\u0173, ma\u017e\u0173 \u0161eim\u0173 versl\u0173, rank\u0173 darbo, dovan\u0173 sau ir artimiesiems.\",\"publisher\":{\"@id\":\"https:\/\/skaitytaknyga.lt\/#organization\"},\"potentialAction\":[{\"@type\":\"SearchAction\",\"target\":{\"@type\":\"EntryPoint\",\"urlTemplate\":\"https:\/\/skaitytaknyga.lt\/?s={search_term_string}\"},\"query-input\":{\"@type\":\"PropertyValueSpecification\",\"valueRequired\":true,\"valueName\":\"search_term_string\"}}],\"inLanguage\":\"en-GB\"},{\"@type\":\"Organization\",\"@id\":\"https:\/\/skaitytaknyga.lt\/#organization\",\"name\":\"skaitytaknyga.lt\",\"url\":\"https:\/\/skaitytaknyga.lt\/\",\"logo\":{\"@type\":\"ImageObject\",\"inLanguage\":\"en-GB\",\"@id\":\"https:\/\/skaitytaknyga.lt\/#\/schema\/logo\/image\/\",\"url\":\"https:\/\/skaitytaknyga.lt\/wp-content\/uploads\/2024\/05\/cropped-cropped-cropped-02_00843_jt3bggkj1j3HLc7SyY6rEUpg.jpeg\",\"contentUrl\":\"https:\/\/skaitytaknyga.lt\/wp-content\/uploads\/2024\/05\/cropped-cropped-cropped-02_00843_jt3bggkj1j3HLc7SyY6rEUpg.jpeg\",\"width\":1600,\"height\":1600,\"caption\":\"skaitytaknyga.lt\"},\"image\":{\"@id\":\"https:\/\/skaitytaknyga.lt\/#\/schema\/logo\/image\/\"},\"sameAs\":[\"https:\/\/www.facebook.com\/skaitytaknyga\/\"]}]}<\/script>\n<!-- \/ Yoast SEO plugin. -->","yoast_head_json":{"title":"Lars Kepler \u201ePersekiotojas\u201c","description":"Penktoji knyga apie komisar\u0105 Jon\u0105 Lin\u0105 pagerino visus populiarumo rekordus ir tapo geriausiai parduodama 2014 met\u0173 knyga! \u0160iais metais ji bus i\u0161versta \u012f tuzin\u0105 kit\u0173 kalb\u0173, tarp j\u0173 ir lietuvi\u0173.Policija gauna trump\u0105 filmuk\u0105. \u017dmogus su kamera i\u0161 sodo slapta filmuoja moter\u012f u\u017e lango. Kit\u0105 dien\u0105 ji randama \u017eiauriai subadyta peiliu. Policija gauna antr\u0105 filmuk\u0105, bet nustatyti, kokia moteris nufilmuota jame, kol ne\u012fvyko nelaim\u0117, n\u0117ra joki\u0173 galimybi\u0173. Ai\u0161ku tik, kad veikia serijinis \u017eudikas. Nelaimingos nu\u017eudytosios moters vyr\u0105 taip sukre\u010dia \u017emog\u017eudyst\u0117, kad jis i\u0161tiktas \u0161oko sutvarko visus namus ir paguldo \u017emon\u0105 \u012f lov\u0105. Galb\u016bt jis rado k\u0105 nors labai svarbaus, bet nelaim\u0117lio b\u016bkl\u0117 kliudo policijai j\u012f apklausti. Pagelb\u0117ti kvie\u010diamas talentingas psichiatras ir hipnotizuotojas Erikas Marija Barkas, ta\u010diau tai, k\u0105 vyras papasakoja, ver\u010dia gydytoj\u0105 meluoti policijai\u2026","robots":{"index":"index","follow":"follow","max-snippet":"max-snippet:-1","max-image-preview":"max-image-preview:large","max-video-preview":"max-video-preview:-1"},"canonical":"https:\/\/skaitytaknyga.lt\/en\/produktas\/lars-kepler-persekiotojas\/","og_locale":"en_GB","og_type":"article","og_title":"[:lt]Lars Kepler \u201ePersekiotojas\u201c[:] - Skaitytaknyga","og_description":"Penktoji knyga apie komisar\u0105 Jon\u0105 Lin\u0105 pagerino visus populiarumo rekordus ir tapo geriausiai parduodama 2014 met\u0173 knyga! \u0160iais metais ji bus i\u0161versta \u012f tuzin\u0105 kit\u0173 kalb\u0173, tarp j\u0173 ir lietuvi\u0173.Policija gauna trump\u0105 filmuk\u0105. \u017dmogus su kamera i\u0161 sodo slapta filmuoja moter\u012f u\u017e lango. Kit\u0105 dien\u0105 ji randama \u017eiauriai subadyta peiliu. Policija gauna antr\u0105 filmuk\u0105, bet nustatyti, kokia moteris nufilmuota jame, kol ne\u012fvyko nelaim\u0117, n\u0117ra joki\u0173 galimybi\u0173. Ai\u0161ku tik, kad veikia serijinis \u017eudikas. Nelaimingos nu\u017eudytosios moters vyr\u0105 taip sukre\u010dia \u017emog\u017eudyst\u0117, kad jis i\u0161tiktas \u0161oko sutvarko visus namus ir paguldo \u017emon\u0105 \u012f lov\u0105. Galb\u016bt jis rado k\u0105 nors labai svarbaus, bet nelaim\u0117lio b\u016bkl\u0117 kliudo policijai j\u012f apklausti. Pagelb\u0117ti kvie\u010diamas talentingas psichiatras ir hipnotizuotojas Erikas Marija Barkas, ta\u010diau tai, k\u0105 vyras papasakoja, ver\u010dia gydytoj\u0105 meluoti policijai\u2026","og_url":"https:\/\/skaitytaknyga.lt\/en\/produktas\/lars-kepler-persekiotojas\/","og_site_name":"Skaitytaknyga","article_publisher":"https:\/\/www.facebook.com\/skaitytaknyga\/","article_modified_time":"2026-03-05T14:00:49+00:00","og_image":[{"width":287,"height":430,"url":"https:\/\/skaitytaknyga.lt\/wp-content\/uploads\/2024\/05\/1462889850_persekiotojasvirselis2d1400.jpg","type":"image\/jpeg"}],"twitter_card":"summary_large_image","twitter_misc":{"Estimated reading time":"1 minute"},"schema":{"@context":"https:\/\/schema.org","@graph":[{"@type":"WebPage","@id":"https:\/\/skaitytaknyga.lt\/produktas\/lars-kepler-persekiotojas\/","url":"https:\/\/skaitytaknyga.lt\/produktas\/lars-kepler-persekiotojas\/","name":"Lars Kepler \u201ePersekiotojas\u201c","isPartOf":{"@id":"https:\/\/skaitytaknyga.lt\/#website"},"primaryImageOfPage":{"@id":"https:\/\/skaitytaknyga.lt\/produktas\/lars-kepler-persekiotojas\/#primaryimage"},"image":{"@id":"https:\/\/skaitytaknyga.lt\/produktas\/lars-kepler-persekiotojas\/#primaryimage"},"thumbnailUrl":"https:\/\/skaitytaknyga.lt\/wp-content\/uploads\/2024\/05\/1462889850_persekiotojasvirselis2d1400.jpg","datePublished":"2024-05-04T17:59:19+00:00","dateModified":"2026-03-05T14:00:49+00:00","description":"Penktoji knyga apie komisar\u0105 Jon\u0105 Lin\u0105 pagerino visus populiarumo rekordus ir tapo geriausiai parduodama 2014 met\u0173 knyga! \u0160iais metais ji bus i\u0161versta \u012f tuzin\u0105 kit\u0173 kalb\u0173, tarp j\u0173 ir lietuvi\u0173.Policija gauna trump\u0105 filmuk\u0105. \u017dmogus su kamera i\u0161 sodo slapta filmuoja moter\u012f u\u017e lango. Kit\u0105 dien\u0105 ji randama \u017eiauriai subadyta peiliu. Policija gauna antr\u0105 filmuk\u0105, bet nustatyti, kokia moteris nufilmuota jame, kol ne\u012fvyko nelaim\u0117, n\u0117ra joki\u0173 galimybi\u0173. Ai\u0161ku tik, kad veikia serijinis \u017eudikas. Nelaimingos nu\u017eudytosios moters vyr\u0105 taip sukre\u010dia \u017emog\u017eudyst\u0117, kad jis i\u0161tiktas \u0161oko sutvarko visus namus ir paguldo \u017emon\u0105 \u012f lov\u0105. Galb\u016bt jis rado k\u0105 nors labai svarbaus, bet nelaim\u0117lio b\u016bkl\u0117 kliudo policijai j\u012f apklausti. Pagelb\u0117ti kvie\u010diamas talentingas psichiatras ir hipnotizuotojas Erikas Marija Barkas, ta\u010diau tai, k\u0105 vyras papasakoja, ver\u010dia gydytoj\u0105 meluoti policijai\u2026","breadcrumb":{"@id":"https:\/\/skaitytaknyga.lt\/produktas\/lars-kepler-persekiotojas\/#breadcrumb"},"inLanguage":"en-GB","potentialAction":[{"@type":"ReadAction","target":["https:\/\/skaitytaknyga.lt\/produktas\/lars-kepler-persekiotojas\/"]}]},{"@type":"ImageObject","inLanguage":"en-GB","@id":"https:\/\/skaitytaknyga.lt\/produktas\/lars-kepler-persekiotojas\/#primaryimage","url":"https:\/\/skaitytaknyga.lt\/wp-content\/uploads\/2024\/05\/1462889850_persekiotojasvirselis2d1400.jpg","contentUrl":"https:\/\/skaitytaknyga.lt\/wp-content\/uploads\/2024\/05\/1462889850_persekiotojasvirselis2d1400.jpg","width":287,"height":430},{"@type":"BreadcrumbList","@id":"https:\/\/skaitytaknyga.lt\/produktas\/lars-kepler-persekiotojas\/#breadcrumb","itemListElement":[{"@type":"ListItem","position":1,"name":"Home","item":"https:\/\/skaitytaknyga.lt\/"},{"@type":"ListItem","position":2,"name":"Parduotuv\u0117","item":"https:\/\/skaitytaknyga.lt\/knygu-parduotuve\/"},{"@type":"ListItem","position":3,"name":"Lars Kepler \u201ePersekiotojas\u201c"}]},{"@type":"WebSite","@id":"https:\/\/skaitytaknyga.lt\/#website","url":"https:\/\/skaitytaknyga.lt\/","name":"skaitytaknyga.lt","description":"Skaitytaknyga.lt \u2013 tai ma\u017eas \u0161eimos verslas, kuris prasid\u0117jo nuo meil\u0117s knygoms ir siekio i\u0161gelb\u0117ti knygas nuo likimo prie konteinerio. Kas vienam nereikalingas daiktas \u2013 kitam lobis, o mes esame tarpininkai, kurie padeda abiems tapti laimingesniems ???? \u017dinome kaip nelengva i\u0161gyventi ma\u017eiems verslams, tad nuo \u0161iol, \u010dia rasite ir kit\u0173, ma\u017e\u0173 \u0161eim\u0173 versl\u0173, rank\u0173 darbo, dovan\u0173 sau ir artimiesiems.","publisher":{"@id":"https:\/\/skaitytaknyga.lt\/#organization"},"potentialAction":[{"@type":"SearchAction","target":{"@type":"EntryPoint","urlTemplate":"https:\/\/skaitytaknyga.lt\/?s={search_term_string}"},"query-input":{"@type":"PropertyValueSpecification","valueRequired":true,"valueName":"search_term_string"}}],"inLanguage":"en-GB"},{"@type":"Organization","@id":"https:\/\/skaitytaknyga.lt\/#organization","name":"skaitytaknyga.lt","url":"https:\/\/skaitytaknyga.lt\/","logo":{"@type":"ImageObject","inLanguage":"en-GB","@id":"https:\/\/skaitytaknyga.lt\/#\/schema\/logo\/image\/","url":"https:\/\/skaitytaknyga.lt\/wp-content\/uploads\/2024\/05\/cropped-cropped-cropped-02_00843_jt3bggkj1j3HLc7SyY6rEUpg.jpeg","contentUrl":"https:\/\/skaitytaknyga.lt\/wp-content\/uploads\/2024\/05\/cropped-cropped-cropped-02_00843_jt3bggkj1j3HLc7SyY6rEUpg.jpeg","width":1600,"height":1600,"caption":"skaitytaknyga.lt"},"image":{"@id":"https:\/\/skaitytaknyga.lt\/#\/schema\/logo\/image\/"},"sameAs":["https:\/\/www.facebook.com\/skaitytaknyga\/"]}]}},"_links":{"self":[{"href":"https:\/\/skaitytaknyga.lt\/en\/wp-json\/wp\/v2\/product\/9834","targetHints":{"allow":["GET"]}}],"collection":[{"href":"https:\/\/skaitytaknyga.lt\/en\/wp-json\/wp\/v2\/product"}],"about":[{"href":"https:\/\/skaitytaknyga.lt\/en\/wp-json\/wp\/v2\/types\/product"}],"replies":[{"embeddable":true,"href":"https:\/\/skaitytaknyga.lt\/en\/wp-json\/wp\/v2\/comments?post=9834"}],"wp:featuredmedia":[{"embeddable":true,"href":"https:\/\/skaitytaknyga.lt\/en\/wp-json\/wp\/v2\/media\/9878"}],"wp:attachment":[{"href":"https:\/\/skaitytaknyga.lt\/en\/wp-json\/wp\/v2\/media?parent=9834"}],"wp:term":[{"taxonomy":"product_brand","embeddable":true,"href":"https:\/\/skaitytaknyga.lt\/en\/wp-json\/wp\/v2\/product_brand?post=9834"},{"taxonomy":"product_cat","embeddable":true,"href":"https:\/\/skaitytaknyga.lt\/en\/wp-json\/wp\/v2\/product_cat?post=9834"},{"taxonomy":"product_tag","embeddable":true,"href":"https:\/\/skaitytaknyga.lt\/en\/wp-json\/wp\/v2\/product_tag?post=9834"}],"curies":[{"name":"wp","href":"https:\/\/api.w.org\/{rel}","templated":true}]}}