{"id":9829,"date":"2024-05-04T17:59:19","date_gmt":"2024-05-04T17:59:19","guid":{"rendered":"https:\/\/skaitytaknyga.lt\/?post_type=product&#038;p=9829"},"modified":"2024-05-04T18:00:18","modified_gmt":"2024-05-04T18:00:18","slug":"judith-mcnaught-lemties-pirslys","status":"publish","type":"product","link":"https:\/\/skaitytaknyga.lt\/en\/produktas\/judith-mcnaught-lemties-pirslys\/","title":{"rendered":"Judith McNaught \u201eLemties pir\u0161lys\u201c"},"content":{"rendered":"<div class=\"tab-content col-xs-12\">\n<div id=\"tab-description\" class=\"tab-pane active\">\n<div id=\"collapse-description\" class=\"desc-collapse\">\n<p>Jie susitiko rojuje: Keit\u0117 Donovan, gra\u017euol\u0117 restorano savinink\u0117, visko pasiekusi pati, ir Mit\u010delas Vajatas, be\u0161irdis verslininkas, pasaki\u0161kai turtingos Vajat\u0173 \u0161eimos palikuonis, nepriimantis neigiamo atsakymo. Atogr\u0105\u017e\u0173 saloje Angilijoje u\u017esimezgus j\u0173dviej\u0173 idilei, abu pasineria \u012f toki\u0105 jausm\u0173 bang\u0105, kokios dar nebuvo patyr\u0119. Ta\u010diau viskas subyra \u012f \u0161ipulius, kai Mit\u010delas gauna \u0161aukim\u0105 gr\u012f\u017eti namo ir dalyvauti apklausoje, tiriant jo netikro brolio dingim\u0105. Jis pasitraukia \u012f savo pasaul\u012f, palikdamas Keit\u0119 abejoti viskuo, k\u0105 ji \u017einojo apie mylim\u0105j\u012f. Ar jis i\u0161 ties\u0173 \u012fvykd\u0117 \u017eiaur\u0173 nusikaltim\u0105? Kokios jo praeities paslaptys?<\/p>\n<p>&nbsp;<\/p>\n<p>Nepamir\u0161tami herojai, kaitinanti romantika, prikaustanti ne\u017einia \u2013 tai b\u016bdinga milijon\u0173 skaitytoj\u0173 pamiltos ra\u0161ytojos Judith McNaught k\u016brybai. Jos stilius neprilygstamas, o bendras knyg\u0173 tira\u017eas \u2013 30 milijon\u0173. \u201eLemties pir\u0161lys\u201c i\u0161verstas \u012f 20 pasaulio kalb\u0173.<\/p>\n<\/div>\n<\/div>\n<\/div>\n","protected":false},"excerpt":{"rendered":"<div class=\"tab-content col-xs-12\">\n<div id=\"tab-description\" class=\"tab-pane active\">\n<div id=\"collapse-description\" class=\"desc-collapse\">\n<div class=\"tab-content col-xs-12\">\n<div id=\"tab-description\" class=\"tab-pane active\">\n<div id=\"collapse-description\" class=\"desc-collapse\">\n<p>Jie susitiko rojuje: Keit\u0117 Donovan, gra\u017euol\u0117 restorano savinink\u0117, visko pasiekusi pati, ir Mit\u010delas Vajatas, be\u0161irdis verslininkas, pasaki\u0161kai turtingos Vajat\u0173 \u0161eimos palikuonis, nepriimantis neigiamo atsakymo. Atogr\u0105\u017e\u0173 saloje Angilijoje u\u017esimezgus j\u0173dviej\u0173 idilei, abu pasineria \u012f toki\u0105 jausm\u0173 bang\u0105, kokios dar nebuvo patyr\u0119. Ta\u010diau viskas subyra \u012f \u0161ipulius, kai Mit\u010delas gauna \u0161aukim\u0105 gr\u012f\u017eti namo ir dalyvauti apklausoje, tiriant jo netikro brolio dingim\u0105. Jis pasitraukia \u012f savo pasaul\u012f, palikdamas Keit\u0119 abejoti viskuo, k\u0105 ji \u017einojo apie mylim\u0105j\u012f. Ar jis i\u0161 ties\u0173 \u012fvykd\u0117 \u017eiaur\u0173 nusikaltim\u0105? Kokios jo praeities paslaptys?<\/p>\n<p>&nbsp;<\/p>\n<p>Nepamir\u0161tami herojai, kaitinanti romantika, prikaustanti ne\u017einia \u2013 tai b\u016bdinga milijon\u0173 skaitytoj\u0173 pamiltos ra\u0161ytojos Judith McNaught k\u016brybai. Jos stilius neprilygstamas, o bendras knyg\u0173 tira\u017eas \u2013 30 milijon\u0173. \u201eLemties pir\u0161lys\u201c i\u0161verstas \u012f 20 pasaulio kalb\u0173.<\/p>\n<\/div>\n<\/div>\n<\/div>\n<\/div>\n<\/div>\n<\/div>\n","protected":false},"featured_media":9873,"comment_status":"closed","ping_status":"closed","template":"","meta":{"_acf_changed":false,"site-sidebar-layout":"default","site-content-layout":"","ast-site-content-layout":"default","site-content-style":"default","site-sidebar-style":"default","ast-global-header-display":"","ast-banner-title-visibility":"","ast-main-header-display":"","ast-hfb-above-header-display":"","ast-hfb-below-header-display":"","ast-hfb-mobile-header-display":"","site-post-title":"","ast-breadcrumbs-content":"","ast-featured-img":"","footer-sml-layout":"","ast-disable-related-posts":"","theme-transparent-header-meta":"","adv-header-id-meta":"","stick-header-meta":"","header-above-stick-meta":"","header-main-stick-meta":"","header-below-stick-meta":"","astra-migrate-meta-layouts":"default","ast-page-background-enabled":"default","ast-page-background-meta":{"desktop":{"background-color":"","background-image":"","background-repeat":"repeat","background-position":"center center","background-size":"auto","background-attachment":"scroll","background-type":"","background-media":"","overlay-type":"","overlay-color":"","overlay-opacity":"","overlay-gradient":""},"tablet":{"background-color":"","background-image":"","background-repeat":"repeat","background-position":"center center","background-size":"auto","background-attachment":"scroll","background-type":"","background-media":"","overlay-type":"","overlay-color":"","overlay-opacity":"","overlay-gradient":""},"mobile":{"background-color":"","background-image":"","background-repeat":"repeat","background-position":"center center","background-size":"auto","background-attachment":"scroll","background-type":"","background-media":"","overlay-type":"","overlay-color":"","overlay-opacity":"","overlay-gradient":""}},"ast-content-background-meta":{"desktop":{"background-color":"var(--ast-global-color-4)","background-image":"","background-repeat":"repeat","background-position":"center center","background-size":"auto","background-attachment":"scroll","background-type":"","background-media":"","overlay-type":"","overlay-color":"","overlay-opacity":"","overlay-gradient":""},"tablet":{"background-color":"var(--ast-global-color-4)","background-image":"","background-repeat":"repeat","background-position":"center center","background-size":"auto","background-attachment":"scroll","background-type":"","background-media":"","overlay-type":"","overlay-color":"","overlay-opacity":"","overlay-gradient":""},"mobile":{"background-color":"var(--ast-global-color-4)","background-image":"","background-repeat":"repeat","background-position":"center center","background-size":"auto","background-attachment":"scroll","background-type":"","background-media":"","overlay-type":"","overlay-color":"","overlay-opacity":"","overlay-gradient":""}}},"product_brand":[],"product_cat":[31],"product_tag":[],"class_list":{"0":"post-9829","1":"product","2":"type-product","3":"status-publish","4":"has-post-thumbnail","6":"product_cat-grozine-literatura","7":"pa_leidimo-metai-647","8":"desktop-align-left","9":"tablet-align-left","10":"mobile-align-left","12":"first","13":"instock","14":"shipping-taxable","15":"purchasable","16":"product-type-simple"},"acf":[],"yoast_head":"<!-- This site is optimized with the Yoast SEO plugin v27.0 - https:\/\/yoast.com\/product\/yoast-seo-wordpress\/ -->\n<title>Judith McNaught \u201eLemties pir\u0161lys\u201c - Skaitytaknyga<\/title>\n<meta name=\"description\" content=\"Jie susitiko rojuje: Keit\u0117 Donovan, gra\u017euol\u0117 restorano savinink\u0117, visko pasiekusi pati, ir Mit\u010delas Vajatas, be\u0161irdis verslininkas, pasaki\u0161kai turtingos Vajat\u0173 \u0161eimos palikuonis, nepriimantis neigiamo atsakymo. Atogr\u0105\u017e\u0173 saloje Angilijoje u\u017esimezgus j\u0173dviej\u0173 idilei, abu pasineria \u012f toki\u0105 jausm\u0173 bang\u0105, kokios dar nebuvo patyr\u0119. Ta\u010diau viskas subyra \u012f \u0161ipulius, kai Mit\u010delas gauna \u0161aukim\u0105 gr\u012f\u017eti namo ir dalyvauti apklausoje, tiriant jo netikro brolio dingim\u0105. Jis pasitraukia \u012f savo pasaul\u012f, palikdamas Keit\u0119 abejoti viskuo, k\u0105 ji \u017einojo apie mylim\u0105j\u012f. Ar jis i\u0161 ties\u0173 \u012fvykd\u0117 \u017eiaur\u0173 nusikaltim\u0105? Kokios jo praeities paslaptys?  &nbsp;  Nepamir\u0161tami herojai, kaitinanti romantika, prikaustanti ne\u017einia \u2013 tai b\u016bdinga milijon\u0173 skaitytoj\u0173 pamiltos ra\u0161ytojos Judith McNaught k\u016brybai. Jos stilius neprilygstamas, o bendras knyg\u0173 tira\u017eas \u2013 30 milijon\u0173. \u201eLemties pir\u0161lys\u201c i\u0161verstas \u012f 20 pasaulio kalb\u0173.\" \/>\n<meta name=\"robots\" content=\"index, follow, max-snippet:-1, max-image-preview:large, max-video-preview:-1\" \/>\n<link rel=\"canonical\" href=\"https:\/\/skaitytaknyga.lt\/en\/produktas\/judith-mcnaught-lemties-pirslys\/\" \/>\n<meta property=\"og:locale\" content=\"en_GB\" \/>\n<meta property=\"og:locale:alternate\" content=\"lt_LT\" \/>\n<meta property=\"og:type\" content=\"article\" \/>\n<meta property=\"og:title\" content=\"Judith McNaught \u201eLemties pir\u0161lys\u201c - Skaitytaknyga\" \/>\n<meta property=\"og:description\" content=\"Jie susitiko rojuje: Keit\u0117 Donovan, gra\u017euol\u0117 restorano savinink\u0117, visko pasiekusi pati, ir Mit\u010delas Vajatas, be\u0161irdis verslininkas, pasaki\u0161kai turtingos Vajat\u0173 \u0161eimos palikuonis, nepriimantis neigiamo atsakymo. Atogr\u0105\u017e\u0173 saloje Angilijoje u\u017esimezgus j\u0173dviej\u0173 idilei, abu pasineria \u012f toki\u0105 jausm\u0173 bang\u0105, kokios dar nebuvo patyr\u0119. Ta\u010diau viskas subyra \u012f \u0161ipulius, kai Mit\u010delas gauna \u0161aukim\u0105 gr\u012f\u017eti namo ir dalyvauti apklausoje, tiriant jo netikro brolio dingim\u0105. Jis pasitraukia \u012f savo pasaul\u012f, palikdamas Keit\u0119 abejoti viskuo, k\u0105 ji \u017einojo apie mylim\u0105j\u012f. Ar jis i\u0161 ties\u0173 \u012fvykd\u0117 \u017eiaur\u0173 nusikaltim\u0105? Kokios jo praeities paslaptys?  &nbsp;  Nepamir\u0161tami herojai, kaitinanti romantika, prikaustanti ne\u017einia \u2013 tai b\u016bdinga milijon\u0173 skaitytoj\u0173 pamiltos ra\u0161ytojos Judith McNaught k\u016brybai. Jos stilius neprilygstamas, o bendras knyg\u0173 tira\u017eas \u2013 30 milijon\u0173. \u201eLemties pir\u0161lys\u201c i\u0161verstas \u012f 20 pasaulio kalb\u0173.\" \/>\n<meta property=\"og:url\" content=\"https:\/\/skaitytaknyga.lt\/en\/produktas\/judith-mcnaught-lemties-pirslys\/\" \/>\n<meta property=\"og:site_name\" content=\"Skaitytaknyga\" \/>\n<meta property=\"article:publisher\" content=\"https:\/\/www.facebook.com\/skaitytaknyga\/\" \/>\n<meta property=\"article:modified_time\" content=\"2024-05-04T18:00:18+00:00\" \/>\n<meta property=\"og:image\" content=\"https:\/\/skaitytaknyga.lt\/wp-content\/uploads\/2024\/05\/1462875735_lemtie.jpg\" \/>\n\t<meta property=\"og:image:width\" content=\"259\" \/>\n\t<meta property=\"og:image:height\" content=\"430\" \/>\n\t<meta property=\"og:image:type\" content=\"image\/jpeg\" \/>\n<meta name=\"twitter:card\" content=\"summary_large_image\" \/>\n<meta name=\"twitter:label1\" content=\"Estimated reading time\" \/>\n\t<meta name=\"twitter:data1\" content=\"1 minute\" \/>\n<script type=\"application\/ld+json\" class=\"yoast-schema-graph\">{\"@context\":\"https:\/\/schema.org\",\"@graph\":[{\"@type\":\"WebPage\",\"@id\":\"https:\/\/skaitytaknyga.lt\/en\/produktas\/judith-mcnaught-lemties-pirslys\/\",\"url\":\"https:\/\/skaitytaknyga.lt\/en\/produktas\/judith-mcnaught-lemties-pirslys\/\",\"name\":\"Judith McNaught \u201eLemties pir\u0161lys\u201c - Skaitytaknyga\",\"isPartOf\":{\"@id\":\"https:\/\/skaitytaknyga.lt\/#website\"},\"primaryImageOfPage\":{\"@id\":\"https:\/\/skaitytaknyga.lt\/en\/produktas\/judith-mcnaught-lemties-pirslys\/#primaryimage\"},\"image\":{\"@id\":\"https:\/\/skaitytaknyga.lt\/en\/produktas\/judith-mcnaught-lemties-pirslys\/#primaryimage\"},\"thumbnailUrl\":\"https:\/\/skaitytaknyga.lt\/wp-content\/uploads\/2024\/05\/1462875735_lemtie.jpg\",\"datePublished\":\"2024-05-04T17:59:19+00:00\",\"dateModified\":\"2024-05-04T18:00:18+00:00\",\"description\":\"Jie susitiko rojuje: Keit\u0117 Donovan, gra\u017euol\u0117 restorano savinink\u0117, visko pasiekusi pati, ir Mit\u010delas Vajatas, be\u0161irdis verslininkas, pasaki\u0161kai turtingos Vajat\u0173 \u0161eimos palikuonis, nepriimantis neigiamo atsakymo. Atogr\u0105\u017e\u0173 saloje Angilijoje u\u017esimezgus j\u0173dviej\u0173 idilei, abu pasineria \u012f toki\u0105 jausm\u0173 bang\u0105, kokios dar nebuvo patyr\u0119. Ta\u010diau viskas subyra \u012f \u0161ipulius, kai Mit\u010delas gauna \u0161aukim\u0105 gr\u012f\u017eti namo ir dalyvauti apklausoje, tiriant jo netikro brolio dingim\u0105. Jis pasitraukia \u012f savo pasaul\u012f, palikdamas Keit\u0119 abejoti viskuo, k\u0105 ji \u017einojo apie mylim\u0105j\u012f. Ar jis i\u0161 ties\u0173 \u012fvykd\u0117 \u017eiaur\u0173 nusikaltim\u0105? Kokios jo praeities paslaptys? &nbsp; Nepamir\u0161tami herojai, kaitinanti romantika, prikaustanti ne\u017einia \u2013 tai b\u016bdinga milijon\u0173 skaitytoj\u0173 pamiltos ra\u0161ytojos Judith McNaught k\u016brybai. Jos stilius neprilygstamas, o bendras knyg\u0173 tira\u017eas \u2013 30 milijon\u0173. \u201eLemties pir\u0161lys\u201c i\u0161verstas \u012f 20 pasaulio kalb\u0173.\",\"breadcrumb\":{\"@id\":\"https:\/\/skaitytaknyga.lt\/en\/produktas\/judith-mcnaught-lemties-pirslys\/#breadcrumb\"},\"inLanguage\":\"en-GB\",\"potentialAction\":[{\"@type\":\"ReadAction\",\"target\":[\"https:\/\/skaitytaknyga.lt\/en\/produktas\/judith-mcnaught-lemties-pirslys\/\"]}]},{\"@type\":\"ImageObject\",\"inLanguage\":\"en-GB\",\"@id\":\"https:\/\/skaitytaknyga.lt\/en\/produktas\/judith-mcnaught-lemties-pirslys\/#primaryimage\",\"url\":\"https:\/\/skaitytaknyga.lt\/wp-content\/uploads\/2024\/05\/1462875735_lemtie.jpg\",\"contentUrl\":\"https:\/\/skaitytaknyga.lt\/wp-content\/uploads\/2024\/05\/1462875735_lemtie.jpg\",\"width\":259,\"height\":430},{\"@type\":\"BreadcrumbList\",\"@id\":\"https:\/\/skaitytaknyga.lt\/en\/produktas\/judith-mcnaught-lemties-pirslys\/#breadcrumb\",\"itemListElement\":[{\"@type\":\"ListItem\",\"position\":1,\"name\":\"Home\",\"item\":\"https:\/\/skaitytaknyga.lt\/\"},{\"@type\":\"ListItem\",\"position\":2,\"name\":\"Parduotuv\u0117\",\"item\":\"https:\/\/skaitytaknyga.lt\/knygu-parduotuve\/\"},{\"@type\":\"ListItem\",\"position\":3,\"name\":\"Judith McNaught \u201eLemties pir\u0161lys\u201c\"}]},{\"@type\":\"WebSite\",\"@id\":\"https:\/\/skaitytaknyga.lt\/#website\",\"url\":\"https:\/\/skaitytaknyga.lt\/\",\"name\":\"skaitytaknyga.lt\",\"description\":\"Skaitytaknyga.lt \u2013 tai ma\u017eas \u0161eimos verslas, kuris prasid\u0117jo nuo meil\u0117s knygoms ir siekio i\u0161gelb\u0117ti knygas nuo likimo prie konteinerio. Kas vienam nereikalingas daiktas \u2013 kitam lobis, o mes esame tarpininkai, kurie padeda abiems tapti laimingesniems ???? \u017dinome kaip nelengva i\u0161gyventi ma\u017eiems verslams, tad nuo \u0161iol, \u010dia rasite ir kit\u0173, ma\u017e\u0173 \u0161eim\u0173 versl\u0173, rank\u0173 darbo, dovan\u0173 sau ir artimiesiems.\",\"publisher\":{\"@id\":\"https:\/\/skaitytaknyga.lt\/#organization\"},\"potentialAction\":[{\"@type\":\"SearchAction\",\"target\":{\"@type\":\"EntryPoint\",\"urlTemplate\":\"https:\/\/skaitytaknyga.lt\/?s={search_term_string}\"},\"query-input\":{\"@type\":\"PropertyValueSpecification\",\"valueRequired\":true,\"valueName\":\"search_term_string\"}}],\"inLanguage\":\"en-GB\"},{\"@type\":\"Organization\",\"@id\":\"https:\/\/skaitytaknyga.lt\/#organization\",\"name\":\"skaitytaknyga.lt\",\"url\":\"https:\/\/skaitytaknyga.lt\/\",\"logo\":{\"@type\":\"ImageObject\",\"inLanguage\":\"en-GB\",\"@id\":\"https:\/\/skaitytaknyga.lt\/#\/schema\/logo\/image\/\",\"url\":\"https:\/\/skaitytaknyga.lt\/wp-content\/uploads\/2024\/05\/cropped-cropped-cropped-02_00843_jt3bggkj1j3HLc7SyY6rEUpg.jpeg\",\"contentUrl\":\"https:\/\/skaitytaknyga.lt\/wp-content\/uploads\/2024\/05\/cropped-cropped-cropped-02_00843_jt3bggkj1j3HLc7SyY6rEUpg.jpeg\",\"width\":1600,\"height\":1600,\"caption\":\"skaitytaknyga.lt\"},\"image\":{\"@id\":\"https:\/\/skaitytaknyga.lt\/#\/schema\/logo\/image\/\"},\"sameAs\":[\"https:\/\/www.facebook.com\/skaitytaknyga\/\"]}]}<\/script>\n<!-- \/ Yoast SEO plugin. -->","yoast_head_json":{"title":"Judith McNaught \u201eLemties pir\u0161lys\u201c - Skaitytaknyga","description":"Jie susitiko rojuje: Keit\u0117 Donovan, gra\u017euol\u0117 restorano savinink\u0117, visko pasiekusi pati, ir Mit\u010delas Vajatas, be\u0161irdis verslininkas, pasaki\u0161kai turtingos Vajat\u0173 \u0161eimos palikuonis, nepriimantis neigiamo atsakymo. Atogr\u0105\u017e\u0173 saloje Angilijoje u\u017esimezgus j\u0173dviej\u0173 idilei, abu pasineria \u012f toki\u0105 jausm\u0173 bang\u0105, kokios dar nebuvo patyr\u0119. Ta\u010diau viskas subyra \u012f \u0161ipulius, kai Mit\u010delas gauna \u0161aukim\u0105 gr\u012f\u017eti namo ir dalyvauti apklausoje, tiriant jo netikro brolio dingim\u0105. Jis pasitraukia \u012f savo pasaul\u012f, palikdamas Keit\u0119 abejoti viskuo, k\u0105 ji \u017einojo apie mylim\u0105j\u012f. Ar jis i\u0161 ties\u0173 \u012fvykd\u0117 \u017eiaur\u0173 nusikaltim\u0105? Kokios jo praeities paslaptys?  &nbsp;  Nepamir\u0161tami herojai, kaitinanti romantika, prikaustanti ne\u017einia \u2013 tai b\u016bdinga milijon\u0173 skaitytoj\u0173 pamiltos ra\u0161ytojos Judith McNaught k\u016brybai. Jos stilius neprilygstamas, o bendras knyg\u0173 tira\u017eas \u2013 30 milijon\u0173. \u201eLemties pir\u0161lys\u201c i\u0161verstas \u012f 20 pasaulio kalb\u0173.","robots":{"index":"index","follow":"follow","max-snippet":"max-snippet:-1","max-image-preview":"max-image-preview:large","max-video-preview":"max-video-preview:-1"},"canonical":"https:\/\/skaitytaknyga.lt\/en\/produktas\/judith-mcnaught-lemties-pirslys\/","og_locale":"en_GB","og_type":"article","og_title":"Judith McNaught \u201eLemties pir\u0161lys\u201c - Skaitytaknyga","og_description":"Jie susitiko rojuje: Keit\u0117 Donovan, gra\u017euol\u0117 restorano savinink\u0117, visko pasiekusi pati, ir Mit\u010delas Vajatas, be\u0161irdis verslininkas, pasaki\u0161kai turtingos Vajat\u0173 \u0161eimos palikuonis, nepriimantis neigiamo atsakymo. Atogr\u0105\u017e\u0173 saloje Angilijoje u\u017esimezgus j\u0173dviej\u0173 idilei, abu pasineria \u012f toki\u0105 jausm\u0173 bang\u0105, kokios dar nebuvo patyr\u0119. Ta\u010diau viskas subyra \u012f \u0161ipulius, kai Mit\u010delas gauna \u0161aukim\u0105 gr\u012f\u017eti namo ir dalyvauti apklausoje, tiriant jo netikro brolio dingim\u0105. Jis pasitraukia \u012f savo pasaul\u012f, palikdamas Keit\u0119 abejoti viskuo, k\u0105 ji \u017einojo apie mylim\u0105j\u012f. Ar jis i\u0161 ties\u0173 \u012fvykd\u0117 \u017eiaur\u0173 nusikaltim\u0105? Kokios jo praeities paslaptys?  &nbsp;  Nepamir\u0161tami herojai, kaitinanti romantika, prikaustanti ne\u017einia \u2013 tai b\u016bdinga milijon\u0173 skaitytoj\u0173 pamiltos ra\u0161ytojos Judith McNaught k\u016brybai. Jos stilius neprilygstamas, o bendras knyg\u0173 tira\u017eas \u2013 30 milijon\u0173. \u201eLemties pir\u0161lys\u201c i\u0161verstas \u012f 20 pasaulio kalb\u0173.","og_url":"https:\/\/skaitytaknyga.lt\/en\/produktas\/judith-mcnaught-lemties-pirslys\/","og_site_name":"Skaitytaknyga","article_publisher":"https:\/\/www.facebook.com\/skaitytaknyga\/","article_modified_time":"2024-05-04T18:00:18+00:00","og_image":[{"width":259,"height":430,"url":"https:\/\/skaitytaknyga.lt\/wp-content\/uploads\/2024\/05\/1462875735_lemtie.jpg","type":"image\/jpeg"}],"twitter_card":"summary_large_image","twitter_misc":{"Estimated reading time":"1 minute"},"schema":{"@context":"https:\/\/schema.org","@graph":[{"@type":"WebPage","@id":"https:\/\/skaitytaknyga.lt\/en\/produktas\/judith-mcnaught-lemties-pirslys\/","url":"https:\/\/skaitytaknyga.lt\/en\/produktas\/judith-mcnaught-lemties-pirslys\/","name":"Judith McNaught \u201eLemties pir\u0161lys\u201c - Skaitytaknyga","isPartOf":{"@id":"https:\/\/skaitytaknyga.lt\/#website"},"primaryImageOfPage":{"@id":"https:\/\/skaitytaknyga.lt\/en\/produktas\/judith-mcnaught-lemties-pirslys\/#primaryimage"},"image":{"@id":"https:\/\/skaitytaknyga.lt\/en\/produktas\/judith-mcnaught-lemties-pirslys\/#primaryimage"},"thumbnailUrl":"https:\/\/skaitytaknyga.lt\/wp-content\/uploads\/2024\/05\/1462875735_lemtie.jpg","datePublished":"2024-05-04T17:59:19+00:00","dateModified":"2024-05-04T18:00:18+00:00","description":"Jie susitiko rojuje: Keit\u0117 Donovan, gra\u017euol\u0117 restorano savinink\u0117, visko pasiekusi pati, ir Mit\u010delas Vajatas, be\u0161irdis verslininkas, pasaki\u0161kai turtingos Vajat\u0173 \u0161eimos palikuonis, nepriimantis neigiamo atsakymo. Atogr\u0105\u017e\u0173 saloje Angilijoje u\u017esimezgus j\u0173dviej\u0173 idilei, abu pasineria \u012f toki\u0105 jausm\u0173 bang\u0105, kokios dar nebuvo patyr\u0119. Ta\u010diau viskas subyra \u012f \u0161ipulius, kai Mit\u010delas gauna \u0161aukim\u0105 gr\u012f\u017eti namo ir dalyvauti apklausoje, tiriant jo netikro brolio dingim\u0105. Jis pasitraukia \u012f savo pasaul\u012f, palikdamas Keit\u0119 abejoti viskuo, k\u0105 ji \u017einojo apie mylim\u0105j\u012f. Ar jis i\u0161 ties\u0173 \u012fvykd\u0117 \u017eiaur\u0173 nusikaltim\u0105? Kokios jo praeities paslaptys? &nbsp; Nepamir\u0161tami herojai, kaitinanti romantika, prikaustanti ne\u017einia \u2013 tai b\u016bdinga milijon\u0173 skaitytoj\u0173 pamiltos ra\u0161ytojos Judith McNaught k\u016brybai. Jos stilius neprilygstamas, o bendras knyg\u0173 tira\u017eas \u2013 30 milijon\u0173. \u201eLemties pir\u0161lys\u201c i\u0161verstas \u012f 20 pasaulio kalb\u0173.","breadcrumb":{"@id":"https:\/\/skaitytaknyga.lt\/en\/produktas\/judith-mcnaught-lemties-pirslys\/#breadcrumb"},"inLanguage":"en-GB","potentialAction":[{"@type":"ReadAction","target":["https:\/\/skaitytaknyga.lt\/en\/produktas\/judith-mcnaught-lemties-pirslys\/"]}]},{"@type":"ImageObject","inLanguage":"en-GB","@id":"https:\/\/skaitytaknyga.lt\/en\/produktas\/judith-mcnaught-lemties-pirslys\/#primaryimage","url":"https:\/\/skaitytaknyga.lt\/wp-content\/uploads\/2024\/05\/1462875735_lemtie.jpg","contentUrl":"https:\/\/skaitytaknyga.lt\/wp-content\/uploads\/2024\/05\/1462875735_lemtie.jpg","width":259,"height":430},{"@type":"BreadcrumbList","@id":"https:\/\/skaitytaknyga.lt\/en\/produktas\/judith-mcnaught-lemties-pirslys\/#breadcrumb","itemListElement":[{"@type":"ListItem","position":1,"name":"Home","item":"https:\/\/skaitytaknyga.lt\/"},{"@type":"ListItem","position":2,"name":"Parduotuv\u0117","item":"https:\/\/skaitytaknyga.lt\/knygu-parduotuve\/"},{"@type":"ListItem","position":3,"name":"Judith McNaught \u201eLemties pir\u0161lys\u201c"}]},{"@type":"WebSite","@id":"https:\/\/skaitytaknyga.lt\/#website","url":"https:\/\/skaitytaknyga.lt\/","name":"skaitytaknyga.lt","description":"Skaitytaknyga.lt \u2013 tai ma\u017eas \u0161eimos verslas, kuris prasid\u0117jo nuo meil\u0117s knygoms ir siekio i\u0161gelb\u0117ti knygas nuo likimo prie konteinerio. Kas vienam nereikalingas daiktas \u2013 kitam lobis, o mes esame tarpininkai, kurie padeda abiems tapti laimingesniems ???? \u017dinome kaip nelengva i\u0161gyventi ma\u017eiems verslams, tad nuo \u0161iol, \u010dia rasite ir kit\u0173, ma\u017e\u0173 \u0161eim\u0173 versl\u0173, rank\u0173 darbo, dovan\u0173 sau ir artimiesiems.","publisher":{"@id":"https:\/\/skaitytaknyga.lt\/#organization"},"potentialAction":[{"@type":"SearchAction","target":{"@type":"EntryPoint","urlTemplate":"https:\/\/skaitytaknyga.lt\/?s={search_term_string}"},"query-input":{"@type":"PropertyValueSpecification","valueRequired":true,"valueName":"search_term_string"}}],"inLanguage":"en-GB"},{"@type":"Organization","@id":"https:\/\/skaitytaknyga.lt\/#organization","name":"skaitytaknyga.lt","url":"https:\/\/skaitytaknyga.lt\/","logo":{"@type":"ImageObject","inLanguage":"en-GB","@id":"https:\/\/skaitytaknyga.lt\/#\/schema\/logo\/image\/","url":"https:\/\/skaitytaknyga.lt\/wp-content\/uploads\/2024\/05\/cropped-cropped-cropped-02_00843_jt3bggkj1j3HLc7SyY6rEUpg.jpeg","contentUrl":"https:\/\/skaitytaknyga.lt\/wp-content\/uploads\/2024\/05\/cropped-cropped-cropped-02_00843_jt3bggkj1j3HLc7SyY6rEUpg.jpeg","width":1600,"height":1600,"caption":"skaitytaknyga.lt"},"image":{"@id":"https:\/\/skaitytaknyga.lt\/#\/schema\/logo\/image\/"},"sameAs":["https:\/\/www.facebook.com\/skaitytaknyga\/"]}]}},"_links":{"self":[{"href":"https:\/\/skaitytaknyga.lt\/en\/wp-json\/wp\/v2\/product\/9829","targetHints":{"allow":["GET"]}}],"collection":[{"href":"https:\/\/skaitytaknyga.lt\/en\/wp-json\/wp\/v2\/product"}],"about":[{"href":"https:\/\/skaitytaknyga.lt\/en\/wp-json\/wp\/v2\/types\/product"}],"replies":[{"embeddable":true,"href":"https:\/\/skaitytaknyga.lt\/en\/wp-json\/wp\/v2\/comments?post=9829"}],"wp:featuredmedia":[{"embeddable":true,"href":"https:\/\/skaitytaknyga.lt\/en\/wp-json\/wp\/v2\/media\/9873"}],"wp:attachment":[{"href":"https:\/\/skaitytaknyga.lt\/en\/wp-json\/wp\/v2\/media?parent=9829"}],"wp:term":[{"taxonomy":"product_brand","embeddable":true,"href":"https:\/\/skaitytaknyga.lt\/en\/wp-json\/wp\/v2\/product_brand?post=9829"},{"taxonomy":"product_cat","embeddable":true,"href":"https:\/\/skaitytaknyga.lt\/en\/wp-json\/wp\/v2\/product_cat?post=9829"},{"taxonomy":"product_tag","embeddable":true,"href":"https:\/\/skaitytaknyga.lt\/en\/wp-json\/wp\/v2\/product_tag?post=9829"}],"curies":[{"name":"wp","href":"https:\/\/api.w.org\/{rel}","templated":true}]}}