{"id":9819,"date":"2024-05-04T17:58:55","date_gmt":"2024-05-04T17:58:55","guid":{"rendered":"https:\/\/skaitytaknyga.lt\/?post_type=product&#038;p=9819"},"modified":"2026-03-05T10:56:16","modified_gmt":"2026-03-05T08:56:16","slug":"lisa-gardner-myliu-dar-labiau","status":"publish","type":"product","link":"https:\/\/skaitytaknyga.lt\/en\/produktas\/lisa-gardner-myliu-dar-labiau\/","title":{"rendered":"Myliu dar labiau"},"content":{"rendered":"<p>I\u0161 pirmo \u017evilgsnio tai atrodo \u012fprastas nusikaltimas. Pareig\u016bn\u0117 Tesa Leoni nebeapsikent\u0117 vyro smurto ir nu\u0161ov\u0117 j\u012f tarnybiniu ginklu. M\u0117lyn\u0117s ant moters k\u016bno patvirtina, kad ji gyn\u0117si. Ta\u010diau kur dingo \u0161eimos dram\u0105 tur\u0117jusi matyti \u0161e\u0161iamet\u0117 dukra? Byl\u0105 pradeda tirti patyrusi detektyv\u0117 Didi Voran ir buv\u0119s jos mylimasis Bobis Dod\u017eas.<\/p>\n<p>Sekdami bylos p\u0117dsakais pareig\u016bnai kiekviename \u017eingsnyje susiduria su paslaptimis. Jie su\u017eino apie bais\u0173 nusikaltim\u0105 Tesos Leoni paauglyst\u0117je, g\u0117ding\u0105 jos vyro pom\u0117g\u012f ir ne\u012fsivaizduojam\u0105 draug\u0173 i\u0161davyst\u0119. Ta\u010diau blogiausia dar ateityje&#8230;<\/p>\n<p><strong>Lisa Gardner<\/strong>\u00a0\u2013 \u201eThe New York Times\u201c bestseleri\u0173 autor\u0117, para\u0161iusi per dvide\u0161imt trileri\u0173. Visame pasaulyje ir Lietuvoje m\u0117gstama detektyv\u0173 ra\u0161ytoja gyvena Naujajame Hamp\u0161yre, JAV. \u201eMyliu dar labiau\u201c lietuvi\u0173 kalba pirm\u0105syk pasirod\u0117 2011 m. Didelio skaitytoj\u0173 susidom\u0117jimo sulaukusi knyga v\u0117l d\u017eiugins \u012ftempt\u0173 dram\u0173 gerb\u0117jus.<\/p>\n","protected":false},"excerpt":{"rendered":"<p>I\u0161 pirmo \u017evilgsnio tai atrodo \u012fprastas nusikaltimas. Pareig\u016bn\u0117 Tesa Leoni nebeapsikent\u0117 vyro smurto ir nu\u0161ov\u0117 j\u012f tarnybiniu ginklu. M\u0117lyn\u0117s ant moters k\u016bno patvirtina, kad ji gyn\u0117si. Ta\u010diau kur dingo \u0161eimos dram\u0105 tur\u0117jusi matyti \u0161e\u0161iamet\u0117 dukra? Byl\u0105 pradeda tirti patyrusi detektyv\u0117 Didi Voran ir buv\u0119s jos mylimasis Bobis Dod\u017eas.<\/p>\n<p>Sekdami bylos p\u0117dsakais pareig\u016bnai kiekviename \u017eingsnyje susiduria su paslaptimis. Jie su\u017eino apie bais\u0173 nusikaltim\u0105 Tesos Leoni paauglyst\u0117je, g\u0117ding\u0105 jos vyro pom\u0117g\u012f ir ne\u012fsivaizduojam\u0105 draug\u0173 i\u0161davyst\u0119. Ta\u010diau blogiausia dar ateityje&#8230;<\/p>\n<p><strong>Lisa Gardner<\/strong>\u00a0\u2013 \u201eThe New York Times\u201c bestseleri\u0173 autor\u0117, para\u0161iusi per dvide\u0161imt trileri\u0173. Visame pasaulyje ir Lietuvoje m\u0117gstama detektyv\u0173 ra\u0161ytoja gyvena Naujajame Hamp\u0161yre, JAV. \u201eMyliu dar labiau\u201c lietuvi\u0173 kalba pirm\u0105syk pasirod\u0117 2011 m. Didelio skaitytoj\u0173 susidom\u0117jimo sulaukusi knyga v\u0117l d\u017eiugins \u012ftempt\u0173 dram\u0173 gerb\u0117jus.<\/p>\n","protected":false},"featured_media":9871,"comment_status":"closed","ping_status":"closed","template":"","meta":{"_acf_changed":false,"site-sidebar-layout":"default","site-content-layout":"","ast-site-content-layout":"default","site-content-style":"default","site-sidebar-style":"default","ast-global-header-display":"","ast-banner-title-visibility":"","ast-main-header-display":"","ast-hfb-above-header-display":"","ast-hfb-below-header-display":"","ast-hfb-mobile-header-display":"","site-post-title":"","ast-breadcrumbs-content":"","ast-featured-img":"","footer-sml-layout":"","ast-disable-related-posts":"","theme-transparent-header-meta":"","adv-header-id-meta":"","stick-header-meta":"","header-above-stick-meta":"","header-main-stick-meta":"","header-below-stick-meta":"","astra-migrate-meta-layouts":"default","ast-page-background-enabled":"default","ast-page-background-meta":{"desktop":{"background-color":"","background-image":"","background-repeat":"repeat","background-position":"center center","background-size":"auto","background-attachment":"scroll","background-type":"","background-media":"","overlay-type":"","overlay-color":"","overlay-opacity":"","overlay-gradient":""},"tablet":{"background-color":"","background-image":"","background-repeat":"repeat","background-position":"center center","background-size":"auto","background-attachment":"scroll","background-type":"","background-media":"","overlay-type":"","overlay-color":"","overlay-opacity":"","overlay-gradient":""},"mobile":{"background-color":"","background-image":"","background-repeat":"repeat","background-position":"center center","background-size":"auto","background-attachment":"scroll","background-type":"","background-media":"","overlay-type":"","overlay-color":"","overlay-opacity":"","overlay-gradient":""}},"ast-content-background-meta":{"desktop":{"background-color":"var(--ast-global-color-4)","background-image":"","background-repeat":"repeat","background-position":"center center","background-size":"auto","background-attachment":"scroll","background-type":"","background-media":"","overlay-type":"","overlay-color":"","overlay-opacity":"","overlay-gradient":""},"tablet":{"background-color":"var(--ast-global-color-4)","background-image":"","background-repeat":"repeat","background-position":"center center","background-size":"auto","background-attachment":"scroll","background-type":"","background-media":"","overlay-type":"","overlay-color":"","overlay-opacity":"","overlay-gradient":""},"mobile":{"background-color":"var(--ast-global-color-4)","background-image":"","background-repeat":"repeat","background-position":"center center","background-size":"auto","background-attachment":"scroll","background-type":"","background-media":"","overlay-type":"","overlay-color":"","overlay-opacity":"","overlay-gradient":""}}},"product_brand":[],"product_cat":[9581],"product_tag":[1476,4377,3198,1478,4376,1587],"class_list":{"0":"post-9819","1":"product","2":"type-product","3":"status-publish","4":"has-post-thumbnail","6":"product_cat-kriminaliniai-romanai","7":"product_tag-detektyvas","8":"product_tag-lisa-gardner","9":"product_tag-moteris","10":"product_tag-paslaptys","11":"product_tag-smurtas-seimoje","12":"product_tag-trileris","13":"desktop-align-left","14":"tablet-align-left","15":"mobile-align-left","17":"first","18":"instock","19":"shipping-taxable","20":"purchasable","21":"product-type-simple"},"acf":[],"yoast_head":"<!-- This site is optimized with the Yoast SEO plugin v27.0 - https:\/\/yoast.com\/product\/yoast-seo-wordpress\/ -->\n<title>Myliu dar labiau<\/title>\n<meta name=\"description\" content=\"I\u0161 pirmo \u017evilgsnio tai atrodo \u012fprastas nusikaltimas. Pareig\u016bn\u0117 Tesa Leoni nebeapsikent\u0117 vyro smurto ir nu\u0161ov\u0117 j\u012f tarnybiniu ginklu. M\u0117lyn\u0117s ant moters k\u016bno patvirtina, kad ji gyn\u0117si. Ta\u010diau kur dingo \u0161eimos dram\u0105 tur\u0117jusi matyti \u0161e\u0161iamet\u0117 dukra? Byl\u0105 pradeda tirti patyrusi detektyv\u0117 Didi Voran ir buv\u0119s jos mylimasis Bobis Dod\u017eas.  Sekdami bylos p\u0117dsakais pareig\u016bnai kiekviename \u017eingsnyje susiduria su paslaptimis. Jie su\u017eino apie bais\u0173 nusikaltim\u0105 Tesos Leoni paauglyst\u0117je, g\u0117ding\u0105 jos vyro pom\u0117g\u012f ir ne\u012fsivaizduojam\u0105 draug\u0173 i\u0161davyst\u0119. Ta\u010diau blogiausia dar ateityje...  Lisa Gardner\u00a0\u2013 \u201eThe New York Times\u201c bestseleri\u0173 autor\u0117, para\u0161iusi per dvide\u0161imt trileri\u0173. Visame pasaulyje ir Lietuvoje m\u0117gstama detektyv\u0173 ra\u0161ytoja gyvena Naujajame Hamp\u0161yre, JAV. \u201eMyliu dar labiau\u201c lietuvi\u0173 kalba pirm\u0105syk pasirod\u0117 2011 m. Didelio skaitytoj\u0173 susidom\u0117jimo sulaukusi knyga v\u0117l d\u017eiugins \u012ftempt\u0173 dram\u0173 gerb\u0117jus.\" \/>\n<meta name=\"robots\" content=\"index, follow, max-snippet:-1, max-image-preview:large, max-video-preview:-1\" \/>\n<link rel=\"canonical\" href=\"https:\/\/skaitytaknyga.lt\/en\/produktas\/lisa-gardner-myliu-dar-labiau\/\" \/>\n<meta property=\"og:locale\" content=\"en_GB\" \/>\n<meta property=\"og:locale:alternate\" content=\"lt_LT\" \/>\n<meta property=\"og:type\" content=\"article\" \/>\n<meta property=\"og:title\" content=\"Myliu dar labiau\" \/>\n<meta property=\"og:description\" content=\"I\u0161 pirmo \u017evilgsnio tai atrodo \u012fprastas nusikaltimas. Pareig\u016bn\u0117 Tesa Leoni nebeapsikent\u0117 vyro smurto ir nu\u0161ov\u0117 j\u012f tarnybiniu ginklu. M\u0117lyn\u0117s ant moters k\u016bno patvirtina, kad ji gyn\u0117si. Ta\u010diau kur dingo \u0161eimos dram\u0105 tur\u0117jusi matyti \u0161e\u0161iamet\u0117 dukra? Byl\u0105 pradeda tirti patyrusi detektyv\u0117 Didi Voran ir buv\u0119s jos mylimasis Bobis Dod\u017eas.  Sekdami bylos p\u0117dsakais pareig\u016bnai kiekviename \u017eingsnyje susiduria su paslaptimis. Jie su\u017eino apie bais\u0173 nusikaltim\u0105 Tesos Leoni paauglyst\u0117je, g\u0117ding\u0105 jos vyro pom\u0117g\u012f ir ne\u012fsivaizduojam\u0105 draug\u0173 i\u0161davyst\u0119. Ta\u010diau blogiausia dar ateityje...  Lisa Gardner\u00a0\u2013 \u201eThe New York Times\u201c bestseleri\u0173 autor\u0117, para\u0161iusi per dvide\u0161imt trileri\u0173. Visame pasaulyje ir Lietuvoje m\u0117gstama detektyv\u0173 ra\u0161ytoja gyvena Naujajame Hamp\u0161yre, JAV. \u201eMyliu dar labiau\u201c lietuvi\u0173 kalba pirm\u0105syk pasirod\u0117 2011 m. Didelio skaitytoj\u0173 susidom\u0117jimo sulaukusi knyga v\u0117l d\u017eiugins \u012ftempt\u0173 dram\u0173 gerb\u0117jus.\" \/>\n<meta property=\"og:url\" content=\"https:\/\/skaitytaknyga.lt\/en\/produktas\/lisa-gardner-myliu-dar-labiau\/\" \/>\n<meta property=\"og:site_name\" content=\"Skaitytaknyga\" \/>\n<meta property=\"article:publisher\" content=\"https:\/\/www.facebook.com\/skaitytaknyga\/\" \/>\n<meta property=\"article:modified_time\" content=\"2026-03-05T08:56:16+00:00\" \/>\n<meta property=\"og:image\" content=\"https:\/\/skaitytaknyga.lt\/wp-content\/uploads\/2024\/05\/1474872344_1462873994_myliu-dar-labiau.jpg\" \/>\n\t<meta property=\"og:image:width\" content=\"288\" \/>\n\t<meta property=\"og:image:height\" content=\"430\" \/>\n\t<meta property=\"og:image:type\" content=\"image\/jpeg\" \/>\n<meta name=\"twitter:card\" content=\"summary_large_image\" \/>\n<meta name=\"twitter:label1\" content=\"Estimated reading time\" \/>\n\t<meta name=\"twitter:data1\" content=\"1 minute\" \/>\n<script type=\"application\/ld+json\" class=\"yoast-schema-graph\">{\"@context\":\"https:\/\/schema.org\",\"@graph\":[{\"@type\":\"WebPage\",\"@id\":\"https:\/\/skaitytaknyga.lt\/produktas\/lisa-gardner-myliu-dar-labiau\/\",\"url\":\"https:\/\/skaitytaknyga.lt\/produktas\/lisa-gardner-myliu-dar-labiau\/\",\"name\":\"Myliu dar labiau\",\"isPartOf\":{\"@id\":\"https:\/\/skaitytaknyga.lt\/#website\"},\"primaryImageOfPage\":{\"@id\":\"https:\/\/skaitytaknyga.lt\/produktas\/lisa-gardner-myliu-dar-labiau\/#primaryimage\"},\"image\":{\"@id\":\"https:\/\/skaitytaknyga.lt\/produktas\/lisa-gardner-myliu-dar-labiau\/#primaryimage\"},\"thumbnailUrl\":\"https:\/\/skaitytaknyga.lt\/wp-content\/uploads\/2024\/05\/1474872344_1462873994_myliu-dar-labiau.jpg\",\"datePublished\":\"2024-05-04T17:58:55+00:00\",\"dateModified\":\"2026-03-05T08:56:16+00:00\",\"description\":\"I\u0161 pirmo \u017evilgsnio tai atrodo \u012fprastas nusikaltimas. Pareig\u016bn\u0117 Tesa Leoni nebeapsikent\u0117 vyro smurto ir nu\u0161ov\u0117 j\u012f tarnybiniu ginklu. M\u0117lyn\u0117s ant moters k\u016bno patvirtina, kad ji gyn\u0117si. Ta\u010diau kur dingo \u0161eimos dram\u0105 tur\u0117jusi matyti \u0161e\u0161iamet\u0117 dukra? Byl\u0105 pradeda tirti patyrusi detektyv\u0117 Didi Voran ir buv\u0119s jos mylimasis Bobis Dod\u017eas. Sekdami bylos p\u0117dsakais pareig\u016bnai kiekviename \u017eingsnyje susiduria su paslaptimis. Jie su\u017eino apie bais\u0173 nusikaltim\u0105 Tesos Leoni paauglyst\u0117je, g\u0117ding\u0105 jos vyro pom\u0117g\u012f ir ne\u012fsivaizduojam\u0105 draug\u0173 i\u0161davyst\u0119. Ta\u010diau blogiausia dar ateityje... Lisa Gardner\u00a0\u2013 \u201eThe New York Times\u201c bestseleri\u0173 autor\u0117, para\u0161iusi per dvide\u0161imt trileri\u0173. Visame pasaulyje ir Lietuvoje m\u0117gstama detektyv\u0173 ra\u0161ytoja gyvena Naujajame Hamp\u0161yre, JAV. \u201eMyliu dar labiau\u201c lietuvi\u0173 kalba pirm\u0105syk pasirod\u0117 2011 m. Didelio skaitytoj\u0173 susidom\u0117jimo sulaukusi knyga v\u0117l d\u017eiugins \u012ftempt\u0173 dram\u0173 gerb\u0117jus.\",\"breadcrumb\":{\"@id\":\"https:\/\/skaitytaknyga.lt\/produktas\/lisa-gardner-myliu-dar-labiau\/#breadcrumb\"},\"inLanguage\":\"en-GB\",\"potentialAction\":[{\"@type\":\"ReadAction\",\"target\":[\"https:\/\/skaitytaknyga.lt\/produktas\/lisa-gardner-myliu-dar-labiau\/\"]}]},{\"@type\":\"ImageObject\",\"inLanguage\":\"en-GB\",\"@id\":\"https:\/\/skaitytaknyga.lt\/produktas\/lisa-gardner-myliu-dar-labiau\/#primaryimage\",\"url\":\"https:\/\/skaitytaknyga.lt\/wp-content\/uploads\/2024\/05\/1474872344_1462873994_myliu-dar-labiau.jpg\",\"contentUrl\":\"https:\/\/skaitytaknyga.lt\/wp-content\/uploads\/2024\/05\/1474872344_1462873994_myliu-dar-labiau.jpg\",\"width\":288,\"height\":430},{\"@type\":\"BreadcrumbList\",\"@id\":\"https:\/\/skaitytaknyga.lt\/produktas\/lisa-gardner-myliu-dar-labiau\/#breadcrumb\",\"itemListElement\":[{\"@type\":\"ListItem\",\"position\":1,\"name\":\"Home\",\"item\":\"https:\/\/skaitytaknyga.lt\/\"},{\"@type\":\"ListItem\",\"position\":2,\"name\":\"Parduotuv\u0117\",\"item\":\"https:\/\/skaitytaknyga.lt\/knygu-parduotuve\/\"},{\"@type\":\"ListItem\",\"position\":3,\"name\":\"Myliu dar labiau\"}]},{\"@type\":\"WebSite\",\"@id\":\"https:\/\/skaitytaknyga.lt\/#website\",\"url\":\"https:\/\/skaitytaknyga.lt\/\",\"name\":\"skaitytaknyga.lt\",\"description\":\"Skaitytaknyga.lt \u2013 tai ma\u017eas \u0161eimos verslas, kuris prasid\u0117jo nuo meil\u0117s knygoms ir siekio i\u0161gelb\u0117ti knygas nuo likimo prie konteinerio. Kas vienam nereikalingas daiktas \u2013 kitam lobis, o mes esame tarpininkai, kurie padeda abiems tapti laimingesniems ???? \u017dinome kaip nelengva i\u0161gyventi ma\u017eiems verslams, tad nuo \u0161iol, \u010dia rasite ir kit\u0173, ma\u017e\u0173 \u0161eim\u0173 versl\u0173, rank\u0173 darbo, dovan\u0173 sau ir artimiesiems.\",\"publisher\":{\"@id\":\"https:\/\/skaitytaknyga.lt\/#organization\"},\"potentialAction\":[{\"@type\":\"SearchAction\",\"target\":{\"@type\":\"EntryPoint\",\"urlTemplate\":\"https:\/\/skaitytaknyga.lt\/?s={search_term_string}\"},\"query-input\":{\"@type\":\"PropertyValueSpecification\",\"valueRequired\":true,\"valueName\":\"search_term_string\"}}],\"inLanguage\":\"en-GB\"},{\"@type\":\"Organization\",\"@id\":\"https:\/\/skaitytaknyga.lt\/#organization\",\"name\":\"skaitytaknyga.lt\",\"url\":\"https:\/\/skaitytaknyga.lt\/\",\"logo\":{\"@type\":\"ImageObject\",\"inLanguage\":\"en-GB\",\"@id\":\"https:\/\/skaitytaknyga.lt\/#\/schema\/logo\/image\/\",\"url\":\"https:\/\/skaitytaknyga.lt\/wp-content\/uploads\/2024\/05\/cropped-cropped-cropped-02_00843_jt3bggkj1j3HLc7SyY6rEUpg.jpeg\",\"contentUrl\":\"https:\/\/skaitytaknyga.lt\/wp-content\/uploads\/2024\/05\/cropped-cropped-cropped-02_00843_jt3bggkj1j3HLc7SyY6rEUpg.jpeg\",\"width\":1600,\"height\":1600,\"caption\":\"skaitytaknyga.lt\"},\"image\":{\"@id\":\"https:\/\/skaitytaknyga.lt\/#\/schema\/logo\/image\/\"},\"sameAs\":[\"https:\/\/www.facebook.com\/skaitytaknyga\/\"]}]}<\/script>\n<!-- \/ Yoast SEO plugin. -->","yoast_head_json":{"title":"Myliu dar labiau","description":"I\u0161 pirmo \u017evilgsnio tai atrodo \u012fprastas nusikaltimas. Pareig\u016bn\u0117 Tesa Leoni nebeapsikent\u0117 vyro smurto ir nu\u0161ov\u0117 j\u012f tarnybiniu ginklu. M\u0117lyn\u0117s ant moters k\u016bno patvirtina, kad ji gyn\u0117si. Ta\u010diau kur dingo \u0161eimos dram\u0105 tur\u0117jusi matyti \u0161e\u0161iamet\u0117 dukra? Byl\u0105 pradeda tirti patyrusi detektyv\u0117 Didi Voran ir buv\u0119s jos mylimasis Bobis Dod\u017eas.  Sekdami bylos p\u0117dsakais pareig\u016bnai kiekviename \u017eingsnyje susiduria su paslaptimis. Jie su\u017eino apie bais\u0173 nusikaltim\u0105 Tesos Leoni paauglyst\u0117je, g\u0117ding\u0105 jos vyro pom\u0117g\u012f ir ne\u012fsivaizduojam\u0105 draug\u0173 i\u0161davyst\u0119. Ta\u010diau blogiausia dar ateityje...  Lisa Gardner\u00a0\u2013 \u201eThe New York Times\u201c bestseleri\u0173 autor\u0117, para\u0161iusi per dvide\u0161imt trileri\u0173. Visame pasaulyje ir Lietuvoje m\u0117gstama detektyv\u0173 ra\u0161ytoja gyvena Naujajame Hamp\u0161yre, JAV. \u201eMyliu dar labiau\u201c lietuvi\u0173 kalba pirm\u0105syk pasirod\u0117 2011 m. Didelio skaitytoj\u0173 susidom\u0117jimo sulaukusi knyga v\u0117l d\u017eiugins \u012ftempt\u0173 dram\u0173 gerb\u0117jus.","robots":{"index":"index","follow":"follow","max-snippet":"max-snippet:-1","max-image-preview":"max-image-preview:large","max-video-preview":"max-video-preview:-1"},"canonical":"https:\/\/skaitytaknyga.lt\/en\/produktas\/lisa-gardner-myliu-dar-labiau\/","og_locale":"en_GB","og_type":"article","og_title":"[:lt]Myliu dar labiau[:] - Skaitytaknyga","og_description":"I\u0161 pirmo \u017evilgsnio tai atrodo \u012fprastas nusikaltimas. Pareig\u016bn\u0117 Tesa Leoni nebeapsikent\u0117 vyro smurto ir nu\u0161ov\u0117 j\u012f tarnybiniu ginklu. M\u0117lyn\u0117s ant moters k\u016bno patvirtina, kad ji gyn\u0117si. Ta\u010diau kur dingo \u0161eimos dram\u0105 tur\u0117jusi matyti \u0161e\u0161iamet\u0117 dukra? Byl\u0105 pradeda tirti patyrusi detektyv\u0117 Didi Voran ir buv\u0119s jos mylimasis Bobis Dod\u017eas.  Sekdami bylos p\u0117dsakais pareig\u016bnai kiekviename \u017eingsnyje susiduria su paslaptimis. Jie su\u017eino apie bais\u0173 nusikaltim\u0105 Tesos Leoni paauglyst\u0117je, g\u0117ding\u0105 jos vyro pom\u0117g\u012f ir ne\u012fsivaizduojam\u0105 draug\u0173 i\u0161davyst\u0119. Ta\u010diau blogiausia dar ateityje...  Lisa Gardner\u00a0\u2013 \u201eThe New York Times\u201c bestseleri\u0173 autor\u0117, para\u0161iusi per dvide\u0161imt trileri\u0173. Visame pasaulyje ir Lietuvoje m\u0117gstama detektyv\u0173 ra\u0161ytoja gyvena Naujajame Hamp\u0161yre, JAV. \u201eMyliu dar labiau\u201c lietuvi\u0173 kalba pirm\u0105syk pasirod\u0117 2011 m. Didelio skaitytoj\u0173 susidom\u0117jimo sulaukusi knyga v\u0117l d\u017eiugins \u012ftempt\u0173 dram\u0173 gerb\u0117jus.","og_url":"https:\/\/skaitytaknyga.lt\/en\/produktas\/lisa-gardner-myliu-dar-labiau\/","og_site_name":"Skaitytaknyga","article_publisher":"https:\/\/www.facebook.com\/skaitytaknyga\/","article_modified_time":"2026-03-05T08:56:16+00:00","og_image":[{"width":288,"height":430,"url":"https:\/\/skaitytaknyga.lt\/wp-content\/uploads\/2024\/05\/1474872344_1462873994_myliu-dar-labiau.jpg","type":"image\/jpeg"}],"twitter_card":"summary_large_image","twitter_misc":{"Estimated reading time":"1 minute"},"schema":{"@context":"https:\/\/schema.org","@graph":[{"@type":"WebPage","@id":"https:\/\/skaitytaknyga.lt\/produktas\/lisa-gardner-myliu-dar-labiau\/","url":"https:\/\/skaitytaknyga.lt\/produktas\/lisa-gardner-myliu-dar-labiau\/","name":"Myliu dar labiau","isPartOf":{"@id":"https:\/\/skaitytaknyga.lt\/#website"},"primaryImageOfPage":{"@id":"https:\/\/skaitytaknyga.lt\/produktas\/lisa-gardner-myliu-dar-labiau\/#primaryimage"},"image":{"@id":"https:\/\/skaitytaknyga.lt\/produktas\/lisa-gardner-myliu-dar-labiau\/#primaryimage"},"thumbnailUrl":"https:\/\/skaitytaknyga.lt\/wp-content\/uploads\/2024\/05\/1474872344_1462873994_myliu-dar-labiau.jpg","datePublished":"2024-05-04T17:58:55+00:00","dateModified":"2026-03-05T08:56:16+00:00","description":"I\u0161 pirmo \u017evilgsnio tai atrodo \u012fprastas nusikaltimas. Pareig\u016bn\u0117 Tesa Leoni nebeapsikent\u0117 vyro smurto ir nu\u0161ov\u0117 j\u012f tarnybiniu ginklu. M\u0117lyn\u0117s ant moters k\u016bno patvirtina, kad ji gyn\u0117si. Ta\u010diau kur dingo \u0161eimos dram\u0105 tur\u0117jusi matyti \u0161e\u0161iamet\u0117 dukra? Byl\u0105 pradeda tirti patyrusi detektyv\u0117 Didi Voran ir buv\u0119s jos mylimasis Bobis Dod\u017eas. Sekdami bylos p\u0117dsakais pareig\u016bnai kiekviename \u017eingsnyje susiduria su paslaptimis. Jie su\u017eino apie bais\u0173 nusikaltim\u0105 Tesos Leoni paauglyst\u0117je, g\u0117ding\u0105 jos vyro pom\u0117g\u012f ir ne\u012fsivaizduojam\u0105 draug\u0173 i\u0161davyst\u0119. Ta\u010diau blogiausia dar ateityje... Lisa Gardner\u00a0\u2013 \u201eThe New York Times\u201c bestseleri\u0173 autor\u0117, para\u0161iusi per dvide\u0161imt trileri\u0173. Visame pasaulyje ir Lietuvoje m\u0117gstama detektyv\u0173 ra\u0161ytoja gyvena Naujajame Hamp\u0161yre, JAV. \u201eMyliu dar labiau\u201c lietuvi\u0173 kalba pirm\u0105syk pasirod\u0117 2011 m. Didelio skaitytoj\u0173 susidom\u0117jimo sulaukusi knyga v\u0117l d\u017eiugins \u012ftempt\u0173 dram\u0173 gerb\u0117jus.","breadcrumb":{"@id":"https:\/\/skaitytaknyga.lt\/produktas\/lisa-gardner-myliu-dar-labiau\/#breadcrumb"},"inLanguage":"en-GB","potentialAction":[{"@type":"ReadAction","target":["https:\/\/skaitytaknyga.lt\/produktas\/lisa-gardner-myliu-dar-labiau\/"]}]},{"@type":"ImageObject","inLanguage":"en-GB","@id":"https:\/\/skaitytaknyga.lt\/produktas\/lisa-gardner-myliu-dar-labiau\/#primaryimage","url":"https:\/\/skaitytaknyga.lt\/wp-content\/uploads\/2024\/05\/1474872344_1462873994_myliu-dar-labiau.jpg","contentUrl":"https:\/\/skaitytaknyga.lt\/wp-content\/uploads\/2024\/05\/1474872344_1462873994_myliu-dar-labiau.jpg","width":288,"height":430},{"@type":"BreadcrumbList","@id":"https:\/\/skaitytaknyga.lt\/produktas\/lisa-gardner-myliu-dar-labiau\/#breadcrumb","itemListElement":[{"@type":"ListItem","position":1,"name":"Home","item":"https:\/\/skaitytaknyga.lt\/"},{"@type":"ListItem","position":2,"name":"Parduotuv\u0117","item":"https:\/\/skaitytaknyga.lt\/knygu-parduotuve\/"},{"@type":"ListItem","position":3,"name":"Myliu dar labiau"}]},{"@type":"WebSite","@id":"https:\/\/skaitytaknyga.lt\/#website","url":"https:\/\/skaitytaknyga.lt\/","name":"skaitytaknyga.lt","description":"Skaitytaknyga.lt \u2013 tai ma\u017eas \u0161eimos verslas, kuris prasid\u0117jo nuo meil\u0117s knygoms ir siekio i\u0161gelb\u0117ti knygas nuo likimo prie konteinerio. Kas vienam nereikalingas daiktas \u2013 kitam lobis, o mes esame tarpininkai, kurie padeda abiems tapti laimingesniems ???? \u017dinome kaip nelengva i\u0161gyventi ma\u017eiems verslams, tad nuo \u0161iol, \u010dia rasite ir kit\u0173, ma\u017e\u0173 \u0161eim\u0173 versl\u0173, rank\u0173 darbo, dovan\u0173 sau ir artimiesiems.","publisher":{"@id":"https:\/\/skaitytaknyga.lt\/#organization"},"potentialAction":[{"@type":"SearchAction","target":{"@type":"EntryPoint","urlTemplate":"https:\/\/skaitytaknyga.lt\/?s={search_term_string}"},"query-input":{"@type":"PropertyValueSpecification","valueRequired":true,"valueName":"search_term_string"}}],"inLanguage":"en-GB"},{"@type":"Organization","@id":"https:\/\/skaitytaknyga.lt\/#organization","name":"skaitytaknyga.lt","url":"https:\/\/skaitytaknyga.lt\/","logo":{"@type":"ImageObject","inLanguage":"en-GB","@id":"https:\/\/skaitytaknyga.lt\/#\/schema\/logo\/image\/","url":"https:\/\/skaitytaknyga.lt\/wp-content\/uploads\/2024\/05\/cropped-cropped-cropped-02_00843_jt3bggkj1j3HLc7SyY6rEUpg.jpeg","contentUrl":"https:\/\/skaitytaknyga.lt\/wp-content\/uploads\/2024\/05\/cropped-cropped-cropped-02_00843_jt3bggkj1j3HLc7SyY6rEUpg.jpeg","width":1600,"height":1600,"caption":"skaitytaknyga.lt"},"image":{"@id":"https:\/\/skaitytaknyga.lt\/#\/schema\/logo\/image\/"},"sameAs":["https:\/\/www.facebook.com\/skaitytaknyga\/"]}]}},"_links":{"self":[{"href":"https:\/\/skaitytaknyga.lt\/en\/wp-json\/wp\/v2\/product\/9819","targetHints":{"allow":["GET"]}}],"collection":[{"href":"https:\/\/skaitytaknyga.lt\/en\/wp-json\/wp\/v2\/product"}],"about":[{"href":"https:\/\/skaitytaknyga.lt\/en\/wp-json\/wp\/v2\/types\/product"}],"replies":[{"embeddable":true,"href":"https:\/\/skaitytaknyga.lt\/en\/wp-json\/wp\/v2\/comments?post=9819"}],"wp:featuredmedia":[{"embeddable":true,"href":"https:\/\/skaitytaknyga.lt\/en\/wp-json\/wp\/v2\/media\/9871"}],"wp:attachment":[{"href":"https:\/\/skaitytaknyga.lt\/en\/wp-json\/wp\/v2\/media?parent=9819"}],"wp:term":[{"taxonomy":"product_brand","embeddable":true,"href":"https:\/\/skaitytaknyga.lt\/en\/wp-json\/wp\/v2\/product_brand?post=9819"},{"taxonomy":"product_cat","embeddable":true,"href":"https:\/\/skaitytaknyga.lt\/en\/wp-json\/wp\/v2\/product_cat?post=9819"},{"taxonomy":"product_tag","embeddable":true,"href":"https:\/\/skaitytaknyga.lt\/en\/wp-json\/wp\/v2\/product_tag?post=9819"}],"curies":[{"name":"wp","href":"https:\/\/api.w.org\/{rel}","templated":true}]}}