{"id":9818,"date":"2024-05-04T17:58:55","date_gmt":"2024-05-04T17:58:55","guid":{"rendered":"https:\/\/skaitytaknyga.lt\/?post_type=product&#038;p=9818"},"modified":"2026-03-05T12:35:29","modified_gmt":"2026-03-05T10:35:29","slug":"david-morrell-nakties-valdovas","status":"publish","type":"product","link":"https:\/\/skaitytaknyga.lt\/en\/produktas\/david-morrell-nakties-valdovas\/","title":{"rendered":"Nakties valdovas"},"content":{"rendered":"<p>Viktorijos laik\u0173 Anglijos literatas ir tyr\u0117jas Tomas de Kvinsis \u0161\u012fkart imasi tirti pirm\u0105j\u0105 \u017emog\u017eudyst\u0119, \u012fvykdyt\u0105 traukinyje.<\/p>\n<p>1855 m. Anglija. Britus sukre\u010dia \u017einia apie kraup\u0173 nusikaltim\u0105: pirmos klas\u0117s vagone randamas \u017eiauriai nu\u017eudytas vyras. Kaip tik tuo metu gretimoje to paties traukinio kajut\u0117je kartu su dukra Emile keliavo Tomas de Kvinsis. Pastabaus literato parodymai Skotland Jardo detektyvams Rajanui ir Bekeriui padeda u\u017e\u010diuopti si\u016blo gal\u0105.<\/p>\n<p>Traukinyje mirt\u012f pas\u0117j\u0119s nusikalt\u0117lis sostin\u0117je \u012fvykdo dar kelias \u017emog\u017eudystes. Sekdami jo p\u0117dsakais, Tomas de Kvinsis, Emil\u0117 ir detektyvai pama\u017eu atskleid\u017eia kraup\u0173 s\u0105moksl\u0105. Paai\u0161k\u0117ja, kad pavojus gresia pa\u010diai Anglijos karalienei Viktorijai&#8230;<\/p>\n<p>Film\u0173 apie nenugalim\u0105 kovotoj\u0105 Rembo serijai prad\u017ei\u0105 davusio romano autorius Deividas Morelas savo skaitytojus tre\u010di\u0105 kart\u0105 pakvie\u010dia \u012f paslapting\u0105, ni\u016br\u0173 ir pavoj\u0173 kupin\u0105 XIX a. vidurio London\u0105. Paskutin\u0117 trilogijos apie \u017eym\u0173 literat\u0105 ir opioman\u0105 Tom\u0105 de Kvins\u012f knyga, meistri\u0161kai supinanti tikrus \u012fvykius ir nei\u0161senkan\u010di\u0105 ra\u0161ytojo vaizduot\u0119.<\/p>\n<p>U\u017eburiantis, \u012ftraukiantis ir d\u0117mes\u012f kaustantis detektyvas karalien\u0117s Viktorijos ir \u0160erloko Holmso laik\u0173 Anglijoje.<\/p>\n","protected":false},"excerpt":{"rendered":"<p>Viktorijos laik\u0173 Anglijos literatas ir tyr\u0117jas Tomas de Kvinsis \u0161\u012fkart imasi tirti pirm\u0105j\u0105 \u017emog\u017eudyst\u0119, \u012fvykdyt\u0105 traukinyje.<\/p>\n<p>1855 m. Anglija. Britus sukre\u010dia \u017einia apie kraup\u0173 nusikaltim\u0105: pirmos klas\u0117s vagone randamas \u017eiauriai nu\u017eudytas vyras. Kaip tik tuo metu gretimoje to paties traukinio kajut\u0117je kartu su dukra Emile keliavo Tomas de Kvinsis. Pastabaus literato parodymai Skotland Jardo detektyvams Rajanui ir Bekeriui padeda u\u017e\u010diuopti si\u016blo gal\u0105.<\/p>\n<p>Traukinyje mirt\u012f pas\u0117j\u0119s nusikalt\u0117lis sostin\u0117je \u012fvykdo dar kelias \u017emog\u017eudystes. Sekdami jo p\u0117dsakais, Tomas de Kvinsis, Emil\u0117 ir detektyvai pama\u017eu atskleid\u017eia kraup\u0173 s\u0105moksl\u0105. Paai\u0161k\u0117ja, kad pavojus gresia pa\u010diai Anglijos karalienei Viktorijai&#8230;<\/p>\n<p>Film\u0173 apie nenugalim\u0105 kovotoj\u0105 Rembo serijai prad\u017ei\u0105 davusio romano autorius Deividas Morelas savo skaitytojus tre\u010di\u0105 kart\u0105 pakvie\u010dia \u012f paslapting\u0105, ni\u016br\u0173 ir pavoj\u0173 kupin\u0105 XIX a. vidurio London\u0105. Paskutin\u0117 trilogijos apie \u017eym\u0173 literat\u0105 ir opioman\u0105 Tom\u0105 de Kvins\u012f knyga, meistri\u0161kai supinanti tikrus \u012fvykius ir nei\u0161senkan\u010di\u0105 ra\u0161ytojo vaizduot\u0119.<\/p>\n<p>U\u017eburiantis, \u012ftraukiantis ir d\u0117mes\u012f kaustantis detektyvas karalien\u0117s Viktorijos ir \u0160erloko Holmso laik\u0173 Anglijoje.<\/p>\n","protected":false},"featured_media":9860,"comment_status":"closed","ping_status":"closed","template":"","meta":{"_acf_changed":false,"site-sidebar-layout":"default","site-content-layout":"","ast-site-content-layout":"default","site-content-style":"default","site-sidebar-style":"default","ast-global-header-display":"","ast-banner-title-visibility":"","ast-main-header-display":"","ast-hfb-above-header-display":"","ast-hfb-below-header-display":"","ast-hfb-mobile-header-display":"","site-post-title":"","ast-breadcrumbs-content":"","ast-featured-img":"","footer-sml-layout":"","ast-disable-related-posts":"","theme-transparent-header-meta":"","adv-header-id-meta":"","stick-header-meta":"","header-above-stick-meta":"","header-main-stick-meta":"","header-below-stick-meta":"","astra-migrate-meta-layouts":"default","ast-page-background-enabled":"default","ast-page-background-meta":{"desktop":{"background-color":"","background-image":"","background-repeat":"repeat","background-position":"center center","background-size":"auto","background-attachment":"scroll","background-type":"","background-media":"","overlay-type":"","overlay-color":"","overlay-opacity":"","overlay-gradient":""},"tablet":{"background-color":"","background-image":"","background-repeat":"repeat","background-position":"center center","background-size":"auto","background-attachment":"scroll","background-type":"","background-media":"","overlay-type":"","overlay-color":"","overlay-opacity":"","overlay-gradient":""},"mobile":{"background-color":"","background-image":"","background-repeat":"repeat","background-position":"center center","background-size":"auto","background-attachment":"scroll","background-type":"","background-media":"","overlay-type":"","overlay-color":"","overlay-opacity":"","overlay-gradient":""}},"ast-content-background-meta":{"desktop":{"background-color":"var(--ast-global-color-4)","background-image":"","background-repeat":"repeat","background-position":"center center","background-size":"auto","background-attachment":"scroll","background-type":"","background-media":"","overlay-type":"","overlay-color":"","overlay-opacity":"","overlay-gradient":""},"tablet":{"background-color":"var(--ast-global-color-4)","background-image":"","background-repeat":"repeat","background-position":"center center","background-size":"auto","background-attachment":"scroll","background-type":"","background-media":"","overlay-type":"","overlay-color":"","overlay-opacity":"","overlay-gradient":""},"mobile":{"background-color":"var(--ast-global-color-4)","background-image":"","background-repeat":"repeat","background-position":"center center","background-size":"auto","background-attachment":"scroll","background-type":"","background-media":"","overlay-type":"","overlay-color":"","overlay-opacity":"","overlay-gradient":""}}},"product_brand":[],"product_cat":[9618],"product_tag":[],"class_list":{"0":"post-9818","1":"product","2":"type-product","3":"status-publish","4":"has-post-thumbnail","6":"product_cat-istoriniai-romanai","7":"desktop-align-left","8":"tablet-align-left","9":"mobile-align-left","11":"first","12":"instock","13":"shipping-taxable","14":"purchasable","15":"product-type-simple"},"acf":[],"yoast_head":"<!-- This site is optimized with the Yoast SEO plugin v27.0 - https:\/\/yoast.com\/product\/yoast-seo-wordpress\/ -->\n<title>Nakties valdovas<\/title>\n<meta name=\"description\" content=\"Viktorijos laik\u0173 Anglijos literatas ir tyr\u0117jas Tomas de Kvinsis \u0161\u012fkart imasi tirti pirm\u0105j\u0105 \u017emog\u017eudyst\u0119, \u012fvykdyt\u0105 traukinyje.  1855 m. Anglija. Britus sukre\u010dia \u017einia apie kraup\u0173 nusikaltim\u0105: pirmos klas\u0117s vagone randamas \u017eiauriai nu\u017eudytas vyras. Kaip tik tuo metu gretimoje to paties traukinio kajut\u0117je kartu su dukra Emile keliavo Tomas de Kvinsis. Pastabaus literato parodymai Skotland Jardo detektyvams Rajanui ir Bekeriui padeda u\u017e\u010diuopti si\u016blo gal\u0105.  Traukinyje mirt\u012f pas\u0117j\u0119s nusikalt\u0117lis sostin\u0117je \u012fvykdo dar kelias \u017emog\u017eudystes. Sekdami jo p\u0117dsakais, Tomas de Kvinsis, Emil\u0117 ir detektyvai pama\u017eu atskleid\u017eia kraup\u0173 s\u0105moksl\u0105. Paai\u0161k\u0117ja, kad pavojus gresia pa\u010diai Anglijos karalienei Viktorijai...  Film\u0173 apie nenugalim\u0105 kovotoj\u0105 Rembo serijai prad\u017ei\u0105 davusio romano autorius Deividas Morelas savo skaitytojus tre\u010di\u0105 kart\u0105 pakvie\u010dia \u012f paslapting\u0105, ni\u016br\u0173 ir pavoj\u0173 kupin\u0105 XIX a. vidurio London\u0105. Paskutin\u0117 trilogijos apie \u017eym\u0173 literat\u0105 ir opioman\u0105 Tom\u0105 de Kvins\u012f knyga, meistri\u0161kai supinanti tikrus \u012fvykius ir nei\u0161senkan\u010di\u0105 ra\u0161ytojo vaizduot\u0119.  U\u017eburiantis, \u012ftraukiantis ir d\u0117mes\u012f kaustantis detektyvas karalien\u0117s Viktorijos ir \u0160erloko Holmso laik\u0173 Anglijoje.\" \/>\n<meta name=\"robots\" content=\"index, follow, max-snippet:-1, max-image-preview:large, max-video-preview:-1\" \/>\n<link rel=\"canonical\" href=\"https:\/\/skaitytaknyga.lt\/en\/produktas\/david-morrell-nakties-valdovas\/\" \/>\n<meta property=\"og:locale\" content=\"en_GB\" \/>\n<meta property=\"og:locale:alternate\" content=\"lt_LT\" \/>\n<meta property=\"og:type\" content=\"article\" \/>\n<meta property=\"og:title\" content=\"Nakties valdovas\" \/>\n<meta property=\"og:description\" content=\"Viktorijos laik\u0173 Anglijos literatas ir tyr\u0117jas Tomas de Kvinsis \u0161\u012fkart imasi tirti pirm\u0105j\u0105 \u017emog\u017eudyst\u0119, \u012fvykdyt\u0105 traukinyje.  1855 m. Anglija. Britus sukre\u010dia \u017einia apie kraup\u0173 nusikaltim\u0105: pirmos klas\u0117s vagone randamas \u017eiauriai nu\u017eudytas vyras. Kaip tik tuo metu gretimoje to paties traukinio kajut\u0117je kartu su dukra Emile keliavo Tomas de Kvinsis. Pastabaus literato parodymai Skotland Jardo detektyvams Rajanui ir Bekeriui padeda u\u017e\u010diuopti si\u016blo gal\u0105.  Traukinyje mirt\u012f pas\u0117j\u0119s nusikalt\u0117lis sostin\u0117je \u012fvykdo dar kelias \u017emog\u017eudystes. Sekdami jo p\u0117dsakais, Tomas de Kvinsis, Emil\u0117 ir detektyvai pama\u017eu atskleid\u017eia kraup\u0173 s\u0105moksl\u0105. Paai\u0161k\u0117ja, kad pavojus gresia pa\u010diai Anglijos karalienei Viktorijai...  Film\u0173 apie nenugalim\u0105 kovotoj\u0105 Rembo serijai prad\u017ei\u0105 davusio romano autorius Deividas Morelas savo skaitytojus tre\u010di\u0105 kart\u0105 pakvie\u010dia \u012f paslapting\u0105, ni\u016br\u0173 ir pavoj\u0173 kupin\u0105 XIX a. vidurio London\u0105. Paskutin\u0117 trilogijos apie \u017eym\u0173 literat\u0105 ir opioman\u0105 Tom\u0105 de Kvins\u012f knyga, meistri\u0161kai supinanti tikrus \u012fvykius ir nei\u0161senkan\u010di\u0105 ra\u0161ytojo vaizduot\u0119.  U\u017eburiantis, \u012ftraukiantis ir d\u0117mes\u012f kaustantis detektyvas karalien\u0117s Viktorijos ir \u0160erloko Holmso laik\u0173 Anglijoje.\" \/>\n<meta property=\"og:url\" content=\"https:\/\/skaitytaknyga.lt\/en\/produktas\/david-morrell-nakties-valdovas\/\" \/>\n<meta property=\"og:site_name\" content=\"Skaitytaknyga\" \/>\n<meta property=\"article:publisher\" content=\"https:\/\/www.facebook.com\/skaitytaknyga\/\" \/>\n<meta property=\"article:modified_time\" content=\"2026-03-05T10:35:29+00:00\" \/>\n<meta property=\"og:image\" content=\"https:\/\/skaitytaknyga.lt\/wp-content\/uploads\/2024\/05\/281399303_554823489324254_2406695477552074631_n.jpg\" \/>\n\t<meta property=\"og:image:width\" content=\"864\" \/>\n\t<meta property=\"og:image:height\" content=\"1156\" \/>\n\t<meta property=\"og:image:type\" content=\"image\/jpeg\" \/>\n<meta name=\"twitter:card\" content=\"summary_large_image\" \/>\n<meta name=\"twitter:label1\" content=\"Estimated reading time\" \/>\n\t<meta name=\"twitter:data1\" content=\"1 minute\" \/>\n<script type=\"application\/ld+json\" class=\"yoast-schema-graph\">{\"@context\":\"https:\/\/schema.org\",\"@graph\":[{\"@type\":\"WebPage\",\"@id\":\"https:\/\/skaitytaknyga.lt\/produktas\/david-morrell-nakties-valdovas\/\",\"url\":\"https:\/\/skaitytaknyga.lt\/produktas\/david-morrell-nakties-valdovas\/\",\"name\":\"Nakties valdovas\",\"isPartOf\":{\"@id\":\"https:\/\/skaitytaknyga.lt\/#website\"},\"primaryImageOfPage\":{\"@id\":\"https:\/\/skaitytaknyga.lt\/produktas\/david-morrell-nakties-valdovas\/#primaryimage\"},\"image\":{\"@id\":\"https:\/\/skaitytaknyga.lt\/produktas\/david-morrell-nakties-valdovas\/#primaryimage\"},\"thumbnailUrl\":\"https:\/\/skaitytaknyga.lt\/wp-content\/uploads\/2024\/05\/281399303_554823489324254_2406695477552074631_n.jpg\",\"datePublished\":\"2024-05-04T17:58:55+00:00\",\"dateModified\":\"2026-03-05T10:35:29+00:00\",\"description\":\"Viktorijos laik\u0173 Anglijos literatas ir tyr\u0117jas Tomas de Kvinsis \u0161\u012fkart imasi tirti pirm\u0105j\u0105 \u017emog\u017eudyst\u0119, \u012fvykdyt\u0105 traukinyje. 1855 m. Anglija. Britus sukre\u010dia \u017einia apie kraup\u0173 nusikaltim\u0105: pirmos klas\u0117s vagone randamas \u017eiauriai nu\u017eudytas vyras. Kaip tik tuo metu gretimoje to paties traukinio kajut\u0117je kartu su dukra Emile keliavo Tomas de Kvinsis. Pastabaus literato parodymai Skotland Jardo detektyvams Rajanui ir Bekeriui padeda u\u017e\u010diuopti si\u016blo gal\u0105. Traukinyje mirt\u012f pas\u0117j\u0119s nusikalt\u0117lis sostin\u0117je \u012fvykdo dar kelias \u017emog\u017eudystes. Sekdami jo p\u0117dsakais, Tomas de Kvinsis, Emil\u0117 ir detektyvai pama\u017eu atskleid\u017eia kraup\u0173 s\u0105moksl\u0105. Paai\u0161k\u0117ja, kad pavojus gresia pa\u010diai Anglijos karalienei Viktorijai... Film\u0173 apie nenugalim\u0105 kovotoj\u0105 Rembo serijai prad\u017ei\u0105 davusio romano autorius Deividas Morelas savo skaitytojus tre\u010di\u0105 kart\u0105 pakvie\u010dia \u012f paslapting\u0105, ni\u016br\u0173 ir pavoj\u0173 kupin\u0105 XIX a. vidurio London\u0105. Paskutin\u0117 trilogijos apie \u017eym\u0173 literat\u0105 ir opioman\u0105 Tom\u0105 de Kvins\u012f knyga, meistri\u0161kai supinanti tikrus \u012fvykius ir nei\u0161senkan\u010di\u0105 ra\u0161ytojo vaizduot\u0119. U\u017eburiantis, \u012ftraukiantis ir d\u0117mes\u012f kaustantis detektyvas karalien\u0117s Viktorijos ir \u0160erloko Holmso laik\u0173 Anglijoje.\",\"breadcrumb\":{\"@id\":\"https:\/\/skaitytaknyga.lt\/produktas\/david-morrell-nakties-valdovas\/#breadcrumb\"},\"inLanguage\":\"en-GB\",\"potentialAction\":[{\"@type\":\"ReadAction\",\"target\":[\"https:\/\/skaitytaknyga.lt\/produktas\/david-morrell-nakties-valdovas\/\"]}]},{\"@type\":\"ImageObject\",\"inLanguage\":\"en-GB\",\"@id\":\"https:\/\/skaitytaknyga.lt\/produktas\/david-morrell-nakties-valdovas\/#primaryimage\",\"url\":\"https:\/\/skaitytaknyga.lt\/wp-content\/uploads\/2024\/05\/281399303_554823489324254_2406695477552074631_n.jpg\",\"contentUrl\":\"https:\/\/skaitytaknyga.lt\/wp-content\/uploads\/2024\/05\/281399303_554823489324254_2406695477552074631_n.jpg\",\"width\":864,\"height\":1156},{\"@type\":\"BreadcrumbList\",\"@id\":\"https:\/\/skaitytaknyga.lt\/produktas\/david-morrell-nakties-valdovas\/#breadcrumb\",\"itemListElement\":[{\"@type\":\"ListItem\",\"position\":1,\"name\":\"Home\",\"item\":\"https:\/\/skaitytaknyga.lt\/\"},{\"@type\":\"ListItem\",\"position\":2,\"name\":\"Parduotuv\u0117\",\"item\":\"https:\/\/skaitytaknyga.lt\/knygu-parduotuve\/\"},{\"@type\":\"ListItem\",\"position\":3,\"name\":\"Nakties valdovas\"}]},{\"@type\":\"WebSite\",\"@id\":\"https:\/\/skaitytaknyga.lt\/#website\",\"url\":\"https:\/\/skaitytaknyga.lt\/\",\"name\":\"skaitytaknyga.lt\",\"description\":\"Skaitytaknyga.lt \u2013 tai ma\u017eas \u0161eimos verslas, kuris prasid\u0117jo nuo meil\u0117s knygoms ir siekio i\u0161gelb\u0117ti knygas nuo likimo prie konteinerio. Kas vienam nereikalingas daiktas \u2013 kitam lobis, o mes esame tarpininkai, kurie padeda abiems tapti laimingesniems ???? \u017dinome kaip nelengva i\u0161gyventi ma\u017eiems verslams, tad nuo \u0161iol, \u010dia rasite ir kit\u0173, ma\u017e\u0173 \u0161eim\u0173 versl\u0173, rank\u0173 darbo, dovan\u0173 sau ir artimiesiems.\",\"publisher\":{\"@id\":\"https:\/\/skaitytaknyga.lt\/#organization\"},\"potentialAction\":[{\"@type\":\"SearchAction\",\"target\":{\"@type\":\"EntryPoint\",\"urlTemplate\":\"https:\/\/skaitytaknyga.lt\/?s={search_term_string}\"},\"query-input\":{\"@type\":\"PropertyValueSpecification\",\"valueRequired\":true,\"valueName\":\"search_term_string\"}}],\"inLanguage\":\"en-GB\"},{\"@type\":\"Organization\",\"@id\":\"https:\/\/skaitytaknyga.lt\/#organization\",\"name\":\"skaitytaknyga.lt\",\"url\":\"https:\/\/skaitytaknyga.lt\/\",\"logo\":{\"@type\":\"ImageObject\",\"inLanguage\":\"en-GB\",\"@id\":\"https:\/\/skaitytaknyga.lt\/#\/schema\/logo\/image\/\",\"url\":\"https:\/\/skaitytaknyga.lt\/wp-content\/uploads\/2024\/05\/cropped-cropped-cropped-02_00843_jt3bggkj1j3HLc7SyY6rEUpg.jpeg\",\"contentUrl\":\"https:\/\/skaitytaknyga.lt\/wp-content\/uploads\/2024\/05\/cropped-cropped-cropped-02_00843_jt3bggkj1j3HLc7SyY6rEUpg.jpeg\",\"width\":1600,\"height\":1600,\"caption\":\"skaitytaknyga.lt\"},\"image\":{\"@id\":\"https:\/\/skaitytaknyga.lt\/#\/schema\/logo\/image\/\"},\"sameAs\":[\"https:\/\/www.facebook.com\/skaitytaknyga\/\"]}]}<\/script>\n<!-- \/ Yoast SEO plugin. -->","yoast_head_json":{"title":"Nakties valdovas","description":"Viktorijos laik\u0173 Anglijos literatas ir tyr\u0117jas Tomas de Kvinsis \u0161\u012fkart imasi tirti pirm\u0105j\u0105 \u017emog\u017eudyst\u0119, \u012fvykdyt\u0105 traukinyje.  1855 m. Anglija. Britus sukre\u010dia \u017einia apie kraup\u0173 nusikaltim\u0105: pirmos klas\u0117s vagone randamas \u017eiauriai nu\u017eudytas vyras. Kaip tik tuo metu gretimoje to paties traukinio kajut\u0117je kartu su dukra Emile keliavo Tomas de Kvinsis. Pastabaus literato parodymai Skotland Jardo detektyvams Rajanui ir Bekeriui padeda u\u017e\u010diuopti si\u016blo gal\u0105.  Traukinyje mirt\u012f pas\u0117j\u0119s nusikalt\u0117lis sostin\u0117je \u012fvykdo dar kelias \u017emog\u017eudystes. Sekdami jo p\u0117dsakais, Tomas de Kvinsis, Emil\u0117 ir detektyvai pama\u017eu atskleid\u017eia kraup\u0173 s\u0105moksl\u0105. Paai\u0161k\u0117ja, kad pavojus gresia pa\u010diai Anglijos karalienei Viktorijai...  Film\u0173 apie nenugalim\u0105 kovotoj\u0105 Rembo serijai prad\u017ei\u0105 davusio romano autorius Deividas Morelas savo skaitytojus tre\u010di\u0105 kart\u0105 pakvie\u010dia \u012f paslapting\u0105, ni\u016br\u0173 ir pavoj\u0173 kupin\u0105 XIX a. vidurio London\u0105. Paskutin\u0117 trilogijos apie \u017eym\u0173 literat\u0105 ir opioman\u0105 Tom\u0105 de Kvins\u012f knyga, meistri\u0161kai supinanti tikrus \u012fvykius ir nei\u0161senkan\u010di\u0105 ra\u0161ytojo vaizduot\u0119.  U\u017eburiantis, \u012ftraukiantis ir d\u0117mes\u012f kaustantis detektyvas karalien\u0117s Viktorijos ir \u0160erloko Holmso laik\u0173 Anglijoje.","robots":{"index":"index","follow":"follow","max-snippet":"max-snippet:-1","max-image-preview":"max-image-preview:large","max-video-preview":"max-video-preview:-1"},"canonical":"https:\/\/skaitytaknyga.lt\/en\/produktas\/david-morrell-nakties-valdovas\/","og_locale":"en_GB","og_type":"article","og_title":"[:lt]Nakties valdovas[:] - Skaitytaknyga","og_description":"Viktorijos laik\u0173 Anglijos literatas ir tyr\u0117jas Tomas de Kvinsis \u0161\u012fkart imasi tirti pirm\u0105j\u0105 \u017emog\u017eudyst\u0119, \u012fvykdyt\u0105 traukinyje.  1855 m. Anglija. Britus sukre\u010dia \u017einia apie kraup\u0173 nusikaltim\u0105: pirmos klas\u0117s vagone randamas \u017eiauriai nu\u017eudytas vyras. Kaip tik tuo metu gretimoje to paties traukinio kajut\u0117je kartu su dukra Emile keliavo Tomas de Kvinsis. Pastabaus literato parodymai Skotland Jardo detektyvams Rajanui ir Bekeriui padeda u\u017e\u010diuopti si\u016blo gal\u0105.  Traukinyje mirt\u012f pas\u0117j\u0119s nusikalt\u0117lis sostin\u0117je \u012fvykdo dar kelias \u017emog\u017eudystes. Sekdami jo p\u0117dsakais, Tomas de Kvinsis, Emil\u0117 ir detektyvai pama\u017eu atskleid\u017eia kraup\u0173 s\u0105moksl\u0105. Paai\u0161k\u0117ja, kad pavojus gresia pa\u010diai Anglijos karalienei Viktorijai...  Film\u0173 apie nenugalim\u0105 kovotoj\u0105 Rembo serijai prad\u017ei\u0105 davusio romano autorius Deividas Morelas savo skaitytojus tre\u010di\u0105 kart\u0105 pakvie\u010dia \u012f paslapting\u0105, ni\u016br\u0173 ir pavoj\u0173 kupin\u0105 XIX a. vidurio London\u0105. Paskutin\u0117 trilogijos apie \u017eym\u0173 literat\u0105 ir opioman\u0105 Tom\u0105 de Kvins\u012f knyga, meistri\u0161kai supinanti tikrus \u012fvykius ir nei\u0161senkan\u010di\u0105 ra\u0161ytojo vaizduot\u0119.  U\u017eburiantis, \u012ftraukiantis ir d\u0117mes\u012f kaustantis detektyvas karalien\u0117s Viktorijos ir \u0160erloko Holmso laik\u0173 Anglijoje.","og_url":"https:\/\/skaitytaknyga.lt\/en\/produktas\/david-morrell-nakties-valdovas\/","og_site_name":"Skaitytaknyga","article_publisher":"https:\/\/www.facebook.com\/skaitytaknyga\/","article_modified_time":"2026-03-05T10:35:29+00:00","og_image":[{"width":864,"height":1156,"url":"https:\/\/skaitytaknyga.lt\/wp-content\/uploads\/2024\/05\/281399303_554823489324254_2406695477552074631_n.jpg","type":"image\/jpeg"}],"twitter_card":"summary_large_image","twitter_misc":{"Estimated reading time":"1 minute"},"schema":{"@context":"https:\/\/schema.org","@graph":[{"@type":"WebPage","@id":"https:\/\/skaitytaknyga.lt\/produktas\/david-morrell-nakties-valdovas\/","url":"https:\/\/skaitytaknyga.lt\/produktas\/david-morrell-nakties-valdovas\/","name":"Nakties valdovas","isPartOf":{"@id":"https:\/\/skaitytaknyga.lt\/#website"},"primaryImageOfPage":{"@id":"https:\/\/skaitytaknyga.lt\/produktas\/david-morrell-nakties-valdovas\/#primaryimage"},"image":{"@id":"https:\/\/skaitytaknyga.lt\/produktas\/david-morrell-nakties-valdovas\/#primaryimage"},"thumbnailUrl":"https:\/\/skaitytaknyga.lt\/wp-content\/uploads\/2024\/05\/281399303_554823489324254_2406695477552074631_n.jpg","datePublished":"2024-05-04T17:58:55+00:00","dateModified":"2026-03-05T10:35:29+00:00","description":"Viktorijos laik\u0173 Anglijos literatas ir tyr\u0117jas Tomas de Kvinsis \u0161\u012fkart imasi tirti pirm\u0105j\u0105 \u017emog\u017eudyst\u0119, \u012fvykdyt\u0105 traukinyje. 1855 m. Anglija. Britus sukre\u010dia \u017einia apie kraup\u0173 nusikaltim\u0105: pirmos klas\u0117s vagone randamas \u017eiauriai nu\u017eudytas vyras. Kaip tik tuo metu gretimoje to paties traukinio kajut\u0117je kartu su dukra Emile keliavo Tomas de Kvinsis. Pastabaus literato parodymai Skotland Jardo detektyvams Rajanui ir Bekeriui padeda u\u017e\u010diuopti si\u016blo gal\u0105. Traukinyje mirt\u012f pas\u0117j\u0119s nusikalt\u0117lis sostin\u0117je \u012fvykdo dar kelias \u017emog\u017eudystes. Sekdami jo p\u0117dsakais, Tomas de Kvinsis, Emil\u0117 ir detektyvai pama\u017eu atskleid\u017eia kraup\u0173 s\u0105moksl\u0105. Paai\u0161k\u0117ja, kad pavojus gresia pa\u010diai Anglijos karalienei Viktorijai... Film\u0173 apie nenugalim\u0105 kovotoj\u0105 Rembo serijai prad\u017ei\u0105 davusio romano autorius Deividas Morelas savo skaitytojus tre\u010di\u0105 kart\u0105 pakvie\u010dia \u012f paslapting\u0105, ni\u016br\u0173 ir pavoj\u0173 kupin\u0105 XIX a. vidurio London\u0105. Paskutin\u0117 trilogijos apie \u017eym\u0173 literat\u0105 ir opioman\u0105 Tom\u0105 de Kvins\u012f knyga, meistri\u0161kai supinanti tikrus \u012fvykius ir nei\u0161senkan\u010di\u0105 ra\u0161ytojo vaizduot\u0119. U\u017eburiantis, \u012ftraukiantis ir d\u0117mes\u012f kaustantis detektyvas karalien\u0117s Viktorijos ir \u0160erloko Holmso laik\u0173 Anglijoje.","breadcrumb":{"@id":"https:\/\/skaitytaknyga.lt\/produktas\/david-morrell-nakties-valdovas\/#breadcrumb"},"inLanguage":"en-GB","potentialAction":[{"@type":"ReadAction","target":["https:\/\/skaitytaknyga.lt\/produktas\/david-morrell-nakties-valdovas\/"]}]},{"@type":"ImageObject","inLanguage":"en-GB","@id":"https:\/\/skaitytaknyga.lt\/produktas\/david-morrell-nakties-valdovas\/#primaryimage","url":"https:\/\/skaitytaknyga.lt\/wp-content\/uploads\/2024\/05\/281399303_554823489324254_2406695477552074631_n.jpg","contentUrl":"https:\/\/skaitytaknyga.lt\/wp-content\/uploads\/2024\/05\/281399303_554823489324254_2406695477552074631_n.jpg","width":864,"height":1156},{"@type":"BreadcrumbList","@id":"https:\/\/skaitytaknyga.lt\/produktas\/david-morrell-nakties-valdovas\/#breadcrumb","itemListElement":[{"@type":"ListItem","position":1,"name":"Home","item":"https:\/\/skaitytaknyga.lt\/"},{"@type":"ListItem","position":2,"name":"Parduotuv\u0117","item":"https:\/\/skaitytaknyga.lt\/knygu-parduotuve\/"},{"@type":"ListItem","position":3,"name":"Nakties valdovas"}]},{"@type":"WebSite","@id":"https:\/\/skaitytaknyga.lt\/#website","url":"https:\/\/skaitytaknyga.lt\/","name":"skaitytaknyga.lt","description":"Skaitytaknyga.lt \u2013 tai ma\u017eas \u0161eimos verslas, kuris prasid\u0117jo nuo meil\u0117s knygoms ir siekio i\u0161gelb\u0117ti knygas nuo likimo prie konteinerio. Kas vienam nereikalingas daiktas \u2013 kitam lobis, o mes esame tarpininkai, kurie padeda abiems tapti laimingesniems ???? \u017dinome kaip nelengva i\u0161gyventi ma\u017eiems verslams, tad nuo \u0161iol, \u010dia rasite ir kit\u0173, ma\u017e\u0173 \u0161eim\u0173 versl\u0173, rank\u0173 darbo, dovan\u0173 sau ir artimiesiems.","publisher":{"@id":"https:\/\/skaitytaknyga.lt\/#organization"},"potentialAction":[{"@type":"SearchAction","target":{"@type":"EntryPoint","urlTemplate":"https:\/\/skaitytaknyga.lt\/?s={search_term_string}"},"query-input":{"@type":"PropertyValueSpecification","valueRequired":true,"valueName":"search_term_string"}}],"inLanguage":"en-GB"},{"@type":"Organization","@id":"https:\/\/skaitytaknyga.lt\/#organization","name":"skaitytaknyga.lt","url":"https:\/\/skaitytaknyga.lt\/","logo":{"@type":"ImageObject","inLanguage":"en-GB","@id":"https:\/\/skaitytaknyga.lt\/#\/schema\/logo\/image\/","url":"https:\/\/skaitytaknyga.lt\/wp-content\/uploads\/2024\/05\/cropped-cropped-cropped-02_00843_jt3bggkj1j3HLc7SyY6rEUpg.jpeg","contentUrl":"https:\/\/skaitytaknyga.lt\/wp-content\/uploads\/2024\/05\/cropped-cropped-cropped-02_00843_jt3bggkj1j3HLc7SyY6rEUpg.jpeg","width":1600,"height":1600,"caption":"skaitytaknyga.lt"},"image":{"@id":"https:\/\/skaitytaknyga.lt\/#\/schema\/logo\/image\/"},"sameAs":["https:\/\/www.facebook.com\/skaitytaknyga\/"]}]}},"_links":{"self":[{"href":"https:\/\/skaitytaknyga.lt\/en\/wp-json\/wp\/v2\/product\/9818","targetHints":{"allow":["GET"]}}],"collection":[{"href":"https:\/\/skaitytaknyga.lt\/en\/wp-json\/wp\/v2\/product"}],"about":[{"href":"https:\/\/skaitytaknyga.lt\/en\/wp-json\/wp\/v2\/types\/product"}],"replies":[{"embeddable":true,"href":"https:\/\/skaitytaknyga.lt\/en\/wp-json\/wp\/v2\/comments?post=9818"}],"wp:featuredmedia":[{"embeddable":true,"href":"https:\/\/skaitytaknyga.lt\/en\/wp-json\/wp\/v2\/media\/9860"}],"wp:attachment":[{"href":"https:\/\/skaitytaknyga.lt\/en\/wp-json\/wp\/v2\/media?parent=9818"}],"wp:term":[{"taxonomy":"product_brand","embeddable":true,"href":"https:\/\/skaitytaknyga.lt\/en\/wp-json\/wp\/v2\/product_brand?post=9818"},{"taxonomy":"product_cat","embeddable":true,"href":"https:\/\/skaitytaknyga.lt\/en\/wp-json\/wp\/v2\/product_cat?post=9818"},{"taxonomy":"product_tag","embeddable":true,"href":"https:\/\/skaitytaknyga.lt\/en\/wp-json\/wp\/v2\/product_tag?post=9818"}],"curies":[{"name":"wp","href":"https:\/\/api.w.org\/{rel}","templated":true}]}}