{"id":9816,"date":"2024-05-04T17:58:54","date_gmt":"2024-05-04T17:58:54","guid":{"rendered":"https:\/\/skaitytaknyga.lt\/?post_type=product&#038;p=9816"},"modified":"2025-05-15T09:26:21","modified_gmt":"2025-05-15T06:26:21","slug":"danielle-steel-namas","status":"publish","type":"product","link":"https:\/\/skaitytaknyga.lt\/en\/produktas\/danielle-steel-namas\/","title":{"rendered":"Namas"},"content":{"rendered":"<div class=\"tab-content col-xs-12\">\n<div id=\"tab-description\" class=\"tab-pane active\">\n<div id=\"collapse-description\" class=\"desc-collapse\">\n<div>Ant kalno, nuo kurio matyti visas San Franciskas, stovi didingas namas. Beveik prie\u0161 \u0161imtmet\u012f turtingas vyras j\u012f pastat\u0117 savo mylimajai, o dabar tu\u0161\u010diais \u0161io kitados nuostabaus namo kambariais vaik\u0161to jauna moteris \u2013 garsi teisinink\u0117 Sara Anderson.<\/div>\n<div>Saros gyvenime ilg\u0105 laik\u0105 tebuvo darbas ir pastov\u016bs, bet ne\u012fpareigojantys santykiai, kuriuos vargu ar b\u016bt\u0173 galima pavadinti meile. Ta\u010diau po pa\u017einties su garbaus am\u017eiaus ekscentri\u0161ku klientu\u00a0 viskas apvirsta auk\u0161tyn kojom: testamentu vyras palieka jai nemenk\u0105 turt\u0105 ir ne\u012fkainojam\u0105 patarim\u0105 \u2013 gautus pinigus panaudoti kokiam nors dr\u0105siam ir nuostabiam tikslui. Gavus apleisto didingo namo raktus, Sar\u0105 u\u017evaldo jo \u017eavesys ir paslaptinga istorija. Moteris ry\u017etasi u\u017e paveld\u0117tus pinigus nam\u0105 prikelti&#8230;<\/div>\n<div>Kas buvo kadaise \u0161iame name gyvenusi moteris ir kod\u0117l ji paslaptingai dingo? Kaip susiklost\u0117 \u010dia u\u017eaugusio vaiko gyvenimas? Kokias meil\u0117s istorijas mat\u0117 \u0161io namo sienos? O gal jis saugo ir daugiau paslap\u010di\u0173, kuri\u0173 Sara n\u0117 nenumano?<\/div>\n<div>Ie\u0161kant atsakym\u0173 \u012f \u0161iuos ir daugel\u012f kit\u0173 klausim\u0173, ima keistis ir Saros gyvenimas&#8230;<\/div>\n<\/div>\n<\/div>\n<\/div>\n","protected":false},"excerpt":{"rendered":"<div class=\"tab-content col-xs-12\">\n<div id=\"tab-description\" class=\"tab-pane active\">\n<div id=\"collapse-description\" class=\"desc-collapse\">\n<div class=\"tab-content col-xs-12\">\n<div id=\"tab-description\" class=\"tab-pane active\">\n<div id=\"collapse-description\" class=\"desc-collapse\">\n<div>Ant kalno, nuo kurio matyti visas San Franciskas, stovi didingas namas. Beveik prie\u0161 \u0161imtmet\u012f turtingas vyras j\u012f pastat\u0117 savo mylimajai, o dabar tu\u0161\u010diais \u0161io kitados nuostabaus namo kambariais vaik\u0161to jauna moteris \u2013 garsi teisinink\u0117 Sara Anderson.<\/div>\n<div>Saros gyvenime ilg\u0105 laik\u0105 tebuvo darbas ir pastov\u016bs, bet ne\u012fpareigojantys santykiai, kuriuos vargu ar b\u016bt\u0173 galima pavadinti meile. Ta\u010diau po pa\u017einties su garbaus am\u017eiaus ekscentri\u0161ku klientu\u00a0 viskas apvirsta auk\u0161tyn kojom: testamentu vyras palieka jai nemenk\u0105 turt\u0105 ir ne\u012fkainojam\u0105 patarim\u0105 \u2013 gautus pinigus panaudoti kokiam nors dr\u0105siam ir nuostabiam tikslui. Gavus apleisto didingo namo raktus, Sar\u0105 u\u017evaldo jo \u017eavesys ir paslaptinga istorija. Moteris ry\u017etasi u\u017e paveld\u0117tus pinigus nam\u0105 prikelti&#8230;<\/div>\n<div>Kas buvo kadaise \u0161iame name gyvenusi moteris ir kod\u0117l ji paslaptingai dingo? Kaip susiklost\u0117 \u010dia u\u017eaugusio vaiko gyvenimas? Kokias meil\u0117s istorijas mat\u0117 \u0161io namo sienos? O gal jis saugo ir daugiau paslap\u010di\u0173, kuri\u0173 Sara n\u0117 nenumano?<\/div>\n<div>Ie\u0161kant atsakym\u0173 \u012f \u0161iuos ir daugel\u012f kit\u0173 klausim\u0173, ima keistis ir Saros gyvenimas&#8230;<\/div>\n<\/div>\n<\/div>\n<\/div>\n<\/div>\n<\/div>\n<\/div>\n","protected":false},"featured_media":9858,"comment_status":"closed","ping_status":"closed","template":"","meta":{"_acf_changed":false,"site-sidebar-layout":"default","site-content-layout":"","ast-site-content-layout":"default","site-content-style":"default","site-sidebar-style":"default","ast-global-header-display":"","ast-banner-title-visibility":"","ast-main-header-display":"","ast-hfb-above-header-display":"","ast-hfb-below-header-display":"","ast-hfb-mobile-header-display":"","site-post-title":"","ast-breadcrumbs-content":"","ast-featured-img":"","footer-sml-layout":"","ast-disable-related-posts":"","theme-transparent-header-meta":"","adv-header-id-meta":"","stick-header-meta":"","header-above-stick-meta":"","header-main-stick-meta":"","header-below-stick-meta":"","astra-migrate-meta-layouts":"default","ast-page-background-enabled":"default","ast-page-background-meta":{"desktop":{"background-color":"","background-image":"","background-repeat":"repeat","background-position":"center center","background-size":"auto","background-attachment":"scroll","background-type":"","background-media":"","overlay-type":"","overlay-color":"","overlay-opacity":"","overlay-gradient":""},"tablet":{"background-color":"","background-image":"","background-repeat":"repeat","background-position":"center center","background-size":"auto","background-attachment":"scroll","background-type":"","background-media":"","overlay-type":"","overlay-color":"","overlay-opacity":"","overlay-gradient":""},"mobile":{"background-color":"","background-image":"","background-repeat":"repeat","background-position":"center center","background-size":"auto","background-attachment":"scroll","background-type":"","background-media":"","overlay-type":"","overlay-color":"","overlay-opacity":"","overlay-gradient":""}},"ast-content-background-meta":{"desktop":{"background-color":"var(--ast-global-color-4)","background-image":"","background-repeat":"repeat","background-position":"center center","background-size":"auto","background-attachment":"scroll","background-type":"","background-media":"","overlay-type":"","overlay-color":"","overlay-opacity":"","overlay-gradient":""},"tablet":{"background-color":"var(--ast-global-color-4)","background-image":"","background-repeat":"repeat","background-position":"center center","background-size":"auto","background-attachment":"scroll","background-type":"","background-media":"","overlay-type":"","overlay-color":"","overlay-opacity":"","overlay-gradient":""},"mobile":{"background-color":"var(--ast-global-color-4)","background-image":"","background-repeat":"repeat","background-position":"center center","background-size":"auto","background-attachment":"scroll","background-type":"","background-media":"","overlay-type":"","overlay-color":"","overlay-opacity":"","overlay-gradient":""}}},"product_brand":[],"product_cat":[31],"product_tag":[2737,2733,2734,1796,2736,2735,1417,1455],"class_list":{"0":"post-9816","1":"product","2":"type-product","3":"status-publish","4":"has-post-thumbnail","6":"product_cat-grozine-literatura","7":"product_tag-atleidimas","8":"product_tag-danielle-steel","9":"product_tag-gyvenimo-issukiai","10":"product_tag-meile","11":"product_tag-netektis","12":"product_tag-prabanga","13":"product_tag-santykiai","14":"product_tag-seimos-drama","15":"pa_leidimo-metai-647","16":"desktop-align-left","17":"tablet-align-left","18":"mobile-align-left","20":"first","21":"outofstock","22":"shipping-taxable","23":"purchasable","24":"product-type-simple"},"acf":[],"yoast_head":"<!-- This site is optimized with the Yoast SEO plugin v27.0 - https:\/\/yoast.com\/product\/yoast-seo-wordpress\/ -->\n<title>Namas<\/title>\n<meta name=\"description\" content=\"Ant kalno, nuo kurio matyti visas San Franciskas, stovi didingas namas. Beveik prie\u0161 \u0161imtmet\u012f turtingas vyras j\u012f pastat\u0117 savo mylimajai, o dabar tu\u0161\u010diais \u0161io kitados nuostabaus namo kambariais vaik\u0161to jauna moteris \u2013 garsi teisinink\u0117 Sara Anderson. Saros gyvenime ilg\u0105 laik\u0105 tebuvo darbas ir pastov\u016bs, bet ne\u012fpareigojantys santykiai, kuriuos vargu ar b\u016bt\u0173 galima pavadinti meile. Ta\u010diau po pa\u017einties su garbaus am\u017eiaus ekscentri\u0161ku klientu\u00a0 viskas apvirsta auk\u0161tyn kojom: testamentu vyras palieka jai nemenk\u0105 turt\u0105 ir ne\u012fkainojam\u0105 patarim\u0105 \u2013 gautus pinigus panaudoti kokiam nors dr\u0105siam ir nuostabiam tikslui. Gavus apleisto didingo namo raktus, Sar\u0105 u\u017evaldo jo \u017eavesys ir paslaptinga istorija. Moteris ry\u017etasi u\u017e paveld\u0117tus pinigus nam\u0105 prikelti... Kas buvo kadaise \u0161iame name gyvenusi moteris ir kod\u0117l ji paslaptingai dingo? Kaip susiklost\u0117 \u010dia u\u017eaugusio vaiko gyvenimas? Kokias meil\u0117s istorijas mat\u0117 \u0161io namo sienos? O gal jis saugo ir daugiau paslap\u010di\u0173, kuri\u0173 Sara n\u0117 nenumano? Ie\u0161kant atsakym\u0173 \u012f \u0161iuos ir daugel\u012f kit\u0173 klausim\u0173, ima keistis ir Saros gyvenimas...\" \/>\n<meta name=\"robots\" content=\"index, follow, max-snippet:-1, max-image-preview:large, max-video-preview:-1\" \/>\n<link rel=\"canonical\" href=\"https:\/\/skaitytaknyga.lt\/en\/produktas\/danielle-steel-namas\/\" \/>\n<meta property=\"og:locale\" content=\"en_GB\" \/>\n<meta property=\"og:locale:alternate\" content=\"lt_LT\" \/>\n<meta property=\"og:type\" content=\"article\" \/>\n<meta property=\"og:title\" content=\"Namas\" \/>\n<meta property=\"og:description\" content=\"Ant kalno, nuo kurio matyti visas San Franciskas, stovi didingas namas. Beveik prie\u0161 \u0161imtmet\u012f turtingas vyras j\u012f pastat\u0117 savo mylimajai, o dabar tu\u0161\u010diais \u0161io kitados nuostabaus namo kambariais vaik\u0161to jauna moteris \u2013 garsi teisinink\u0117 Sara Anderson. Saros gyvenime ilg\u0105 laik\u0105 tebuvo darbas ir pastov\u016bs, bet ne\u012fpareigojantys santykiai, kuriuos vargu ar b\u016bt\u0173 galima pavadinti meile. Ta\u010diau po pa\u017einties su garbaus am\u017eiaus ekscentri\u0161ku klientu\u00a0 viskas apvirsta auk\u0161tyn kojom: testamentu vyras palieka jai nemenk\u0105 turt\u0105 ir ne\u012fkainojam\u0105 patarim\u0105 \u2013 gautus pinigus panaudoti kokiam nors dr\u0105siam ir nuostabiam tikslui. Gavus apleisto didingo namo raktus, Sar\u0105 u\u017evaldo jo \u017eavesys ir paslaptinga istorija. Moteris ry\u017etasi u\u017e paveld\u0117tus pinigus nam\u0105 prikelti... Kas buvo kadaise \u0161iame name gyvenusi moteris ir kod\u0117l ji paslaptingai dingo? Kaip susiklost\u0117 \u010dia u\u017eaugusio vaiko gyvenimas? Kokias meil\u0117s istorijas mat\u0117 \u0161io namo sienos? O gal jis saugo ir daugiau paslap\u010di\u0173, kuri\u0173 Sara n\u0117 nenumano? Ie\u0161kant atsakym\u0173 \u012f \u0161iuos ir daugel\u012f kit\u0173 klausim\u0173, ima keistis ir Saros gyvenimas...\" \/>\n<meta property=\"og:url\" content=\"https:\/\/skaitytaknyga.lt\/en\/produktas\/danielle-steel-namas\/\" \/>\n<meta property=\"og:site_name\" content=\"Skaitytaknyga\" \/>\n<meta property=\"article:publisher\" content=\"https:\/\/www.facebook.com\/skaitytaknyga\/\" \/>\n<meta property=\"article:modified_time\" content=\"2025-05-15T06:26:21+00:00\" \/>\n<meta property=\"og:image\" content=\"https:\/\/skaitytaknyga.lt\/wp-content\/uploads\/2024\/05\/000000000001103601-59de7f07eb1b6-asset-knyguklubas-cdb_kk_e6e00505636d4b8ee90544417ce74741_p1.jpg\" \/>\n\t<meta property=\"og:image:width\" content=\"285\" \/>\n\t<meta property=\"og:image:height\" content=\"464\" \/>\n\t<meta property=\"og:image:type\" content=\"image\/jpeg\" \/>\n<meta name=\"twitter:card\" content=\"summary_large_image\" \/>\n<meta name=\"twitter:label1\" content=\"Estimated reading time\" \/>\n\t<meta name=\"twitter:data1\" content=\"1 minute\" \/>\n<script type=\"application\/ld+json\" class=\"yoast-schema-graph\">{\"@context\":\"https:\/\/schema.org\",\"@graph\":[{\"@type\":\"WebPage\",\"@id\":\"https:\/\/skaitytaknyga.lt\/produktas\/danielle-steel-namas\/\",\"url\":\"https:\/\/skaitytaknyga.lt\/produktas\/danielle-steel-namas\/\",\"name\":\"Namas\",\"isPartOf\":{\"@id\":\"https:\/\/skaitytaknyga.lt\/#website\"},\"primaryImageOfPage\":{\"@id\":\"https:\/\/skaitytaknyga.lt\/produktas\/danielle-steel-namas\/#primaryimage\"},\"image\":{\"@id\":\"https:\/\/skaitytaknyga.lt\/produktas\/danielle-steel-namas\/#primaryimage\"},\"thumbnailUrl\":\"https:\/\/skaitytaknyga.lt\/wp-content\/uploads\/2024\/05\/000000000001103601-59de7f07eb1b6-asset-knyguklubas-cdb_kk_e6e00505636d4b8ee90544417ce74741_p1.jpg\",\"datePublished\":\"2024-05-04T17:58:54+00:00\",\"dateModified\":\"2025-05-15T06:26:21+00:00\",\"description\":\"Ant kalno, nuo kurio matyti visas San Franciskas, stovi didingas namas. Beveik prie\u0161 \u0161imtmet\u012f turtingas vyras j\u012f pastat\u0117 savo mylimajai, o dabar tu\u0161\u010diais \u0161io kitados nuostabaus namo kambariais vaik\u0161to jauna moteris \u2013 garsi teisinink\u0117 Sara Anderson. Saros gyvenime ilg\u0105 laik\u0105 tebuvo darbas ir pastov\u016bs, bet ne\u012fpareigojantys santykiai, kuriuos vargu ar b\u016bt\u0173 galima pavadinti meile. Ta\u010diau po pa\u017einties su garbaus am\u017eiaus ekscentri\u0161ku klientu\u00a0 viskas apvirsta auk\u0161tyn kojom: testamentu vyras palieka jai nemenk\u0105 turt\u0105 ir ne\u012fkainojam\u0105 patarim\u0105 \u2013 gautus pinigus panaudoti kokiam nors dr\u0105siam ir nuostabiam tikslui. Gavus apleisto didingo namo raktus, Sar\u0105 u\u017evaldo jo \u017eavesys ir paslaptinga istorija. Moteris ry\u017etasi u\u017e paveld\u0117tus pinigus nam\u0105 prikelti... Kas buvo kadaise \u0161iame name gyvenusi moteris ir kod\u0117l ji paslaptingai dingo? Kaip susiklost\u0117 \u010dia u\u017eaugusio vaiko gyvenimas? Kokias meil\u0117s istorijas mat\u0117 \u0161io namo sienos? O gal jis saugo ir daugiau paslap\u010di\u0173, kuri\u0173 Sara n\u0117 nenumano? Ie\u0161kant atsakym\u0173 \u012f \u0161iuos ir daugel\u012f kit\u0173 klausim\u0173, ima keistis ir Saros gyvenimas...\",\"breadcrumb\":{\"@id\":\"https:\/\/skaitytaknyga.lt\/produktas\/danielle-steel-namas\/#breadcrumb\"},\"inLanguage\":\"en-GB\",\"potentialAction\":[{\"@type\":\"ReadAction\",\"target\":[\"https:\/\/skaitytaknyga.lt\/produktas\/danielle-steel-namas\/\"]}]},{\"@type\":\"ImageObject\",\"inLanguage\":\"en-GB\",\"@id\":\"https:\/\/skaitytaknyga.lt\/produktas\/danielle-steel-namas\/#primaryimage\",\"url\":\"https:\/\/skaitytaknyga.lt\/wp-content\/uploads\/2024\/05\/000000000001103601-59de7f07eb1b6-asset-knyguklubas-cdb_kk_e6e00505636d4b8ee90544417ce74741_p1.jpg\",\"contentUrl\":\"https:\/\/skaitytaknyga.lt\/wp-content\/uploads\/2024\/05\/000000000001103601-59de7f07eb1b6-asset-knyguklubas-cdb_kk_e6e00505636d4b8ee90544417ce74741_p1.jpg\",\"width\":285,\"height\":464},{\"@type\":\"BreadcrumbList\",\"@id\":\"https:\/\/skaitytaknyga.lt\/produktas\/danielle-steel-namas\/#breadcrumb\",\"itemListElement\":[{\"@type\":\"ListItem\",\"position\":1,\"name\":\"Home\",\"item\":\"https:\/\/skaitytaknyga.lt\/\"},{\"@type\":\"ListItem\",\"position\":2,\"name\":\"Parduotuv\u0117\",\"item\":\"https:\/\/skaitytaknyga.lt\/knygu-parduotuve\/\"},{\"@type\":\"ListItem\",\"position\":3,\"name\":\"Namas\"}]},{\"@type\":\"WebSite\",\"@id\":\"https:\/\/skaitytaknyga.lt\/#website\",\"url\":\"https:\/\/skaitytaknyga.lt\/\",\"name\":\"skaitytaknyga.lt\",\"description\":\"Skaitytaknyga.lt \u2013 tai ma\u017eas \u0161eimos verslas, kuris prasid\u0117jo nuo meil\u0117s knygoms ir siekio i\u0161gelb\u0117ti knygas nuo likimo prie konteinerio. Kas vienam nereikalingas daiktas \u2013 kitam lobis, o mes esame tarpininkai, kurie padeda abiems tapti laimingesniems ???? \u017dinome kaip nelengva i\u0161gyventi ma\u017eiems verslams, tad nuo \u0161iol, \u010dia rasite ir kit\u0173, ma\u017e\u0173 \u0161eim\u0173 versl\u0173, rank\u0173 darbo, dovan\u0173 sau ir artimiesiems.\",\"publisher\":{\"@id\":\"https:\/\/skaitytaknyga.lt\/#organization\"},\"potentialAction\":[{\"@type\":\"SearchAction\",\"target\":{\"@type\":\"EntryPoint\",\"urlTemplate\":\"https:\/\/skaitytaknyga.lt\/?s={search_term_string}\"},\"query-input\":{\"@type\":\"PropertyValueSpecification\",\"valueRequired\":true,\"valueName\":\"search_term_string\"}}],\"inLanguage\":\"en-GB\"},{\"@type\":\"Organization\",\"@id\":\"https:\/\/skaitytaknyga.lt\/#organization\",\"name\":\"skaitytaknyga.lt\",\"url\":\"https:\/\/skaitytaknyga.lt\/\",\"logo\":{\"@type\":\"ImageObject\",\"inLanguage\":\"en-GB\",\"@id\":\"https:\/\/skaitytaknyga.lt\/#\/schema\/logo\/image\/\",\"url\":\"https:\/\/skaitytaknyga.lt\/wp-content\/uploads\/2024\/05\/cropped-cropped-cropped-02_00843_jt3bggkj1j3HLc7SyY6rEUpg.jpeg\",\"contentUrl\":\"https:\/\/skaitytaknyga.lt\/wp-content\/uploads\/2024\/05\/cropped-cropped-cropped-02_00843_jt3bggkj1j3HLc7SyY6rEUpg.jpeg\",\"width\":1600,\"height\":1600,\"caption\":\"skaitytaknyga.lt\"},\"image\":{\"@id\":\"https:\/\/skaitytaknyga.lt\/#\/schema\/logo\/image\/\"},\"sameAs\":[\"https:\/\/www.facebook.com\/skaitytaknyga\/\"]}]}<\/script>\n<!-- \/ Yoast SEO plugin. -->","yoast_head_json":{"title":"Namas","description":"Ant kalno, nuo kurio matyti visas San Franciskas, stovi didingas namas. Beveik prie\u0161 \u0161imtmet\u012f turtingas vyras j\u012f pastat\u0117 savo mylimajai, o dabar tu\u0161\u010diais \u0161io kitados nuostabaus namo kambariais vaik\u0161to jauna moteris \u2013 garsi teisinink\u0117 Sara Anderson. Saros gyvenime ilg\u0105 laik\u0105 tebuvo darbas ir pastov\u016bs, bet ne\u012fpareigojantys santykiai, kuriuos vargu ar b\u016bt\u0173 galima pavadinti meile. Ta\u010diau po pa\u017einties su garbaus am\u017eiaus ekscentri\u0161ku klientu\u00a0 viskas apvirsta auk\u0161tyn kojom: testamentu vyras palieka jai nemenk\u0105 turt\u0105 ir ne\u012fkainojam\u0105 patarim\u0105 \u2013 gautus pinigus panaudoti kokiam nors dr\u0105siam ir nuostabiam tikslui. Gavus apleisto didingo namo raktus, Sar\u0105 u\u017evaldo jo \u017eavesys ir paslaptinga istorija. Moteris ry\u017etasi u\u017e paveld\u0117tus pinigus nam\u0105 prikelti... Kas buvo kadaise \u0161iame name gyvenusi moteris ir kod\u0117l ji paslaptingai dingo? Kaip susiklost\u0117 \u010dia u\u017eaugusio vaiko gyvenimas? Kokias meil\u0117s istorijas mat\u0117 \u0161io namo sienos? O gal jis saugo ir daugiau paslap\u010di\u0173, kuri\u0173 Sara n\u0117 nenumano? Ie\u0161kant atsakym\u0173 \u012f \u0161iuos ir daugel\u012f kit\u0173 klausim\u0173, ima keistis ir Saros gyvenimas...","robots":{"index":"index","follow":"follow","max-snippet":"max-snippet:-1","max-image-preview":"max-image-preview:large","max-video-preview":"max-video-preview:-1"},"canonical":"https:\/\/skaitytaknyga.lt\/en\/produktas\/danielle-steel-namas\/","og_locale":"en_GB","og_type":"article","og_title":"[:lt]Namas[:] - Skaitytaknyga","og_description":"Ant kalno, nuo kurio matyti visas San Franciskas, stovi didingas namas. Beveik prie\u0161 \u0161imtmet\u012f turtingas vyras j\u012f pastat\u0117 savo mylimajai, o dabar tu\u0161\u010diais \u0161io kitados nuostabaus namo kambariais vaik\u0161to jauna moteris \u2013 garsi teisinink\u0117 Sara Anderson. Saros gyvenime ilg\u0105 laik\u0105 tebuvo darbas ir pastov\u016bs, bet ne\u012fpareigojantys santykiai, kuriuos vargu ar b\u016bt\u0173 galima pavadinti meile. Ta\u010diau po pa\u017einties su garbaus am\u017eiaus ekscentri\u0161ku klientu\u00a0 viskas apvirsta auk\u0161tyn kojom: testamentu vyras palieka jai nemenk\u0105 turt\u0105 ir ne\u012fkainojam\u0105 patarim\u0105 \u2013 gautus pinigus panaudoti kokiam nors dr\u0105siam ir nuostabiam tikslui. Gavus apleisto didingo namo raktus, Sar\u0105 u\u017evaldo jo \u017eavesys ir paslaptinga istorija. Moteris ry\u017etasi u\u017e paveld\u0117tus pinigus nam\u0105 prikelti... Kas buvo kadaise \u0161iame name gyvenusi moteris ir kod\u0117l ji paslaptingai dingo? Kaip susiklost\u0117 \u010dia u\u017eaugusio vaiko gyvenimas? Kokias meil\u0117s istorijas mat\u0117 \u0161io namo sienos? O gal jis saugo ir daugiau paslap\u010di\u0173, kuri\u0173 Sara n\u0117 nenumano? Ie\u0161kant atsakym\u0173 \u012f \u0161iuos ir daugel\u012f kit\u0173 klausim\u0173, ima keistis ir Saros gyvenimas...","og_url":"https:\/\/skaitytaknyga.lt\/en\/produktas\/danielle-steel-namas\/","og_site_name":"Skaitytaknyga","article_publisher":"https:\/\/www.facebook.com\/skaitytaknyga\/","article_modified_time":"2025-05-15T06:26:21+00:00","og_image":[{"width":285,"height":464,"url":"https:\/\/skaitytaknyga.lt\/wp-content\/uploads\/2024\/05\/000000000001103601-59de7f07eb1b6-asset-knyguklubas-cdb_kk_e6e00505636d4b8ee90544417ce74741_p1.jpg","type":"image\/jpeg"}],"twitter_card":"summary_large_image","twitter_misc":{"Estimated reading time":"1 minute"},"schema":{"@context":"https:\/\/schema.org","@graph":[{"@type":"WebPage","@id":"https:\/\/skaitytaknyga.lt\/produktas\/danielle-steel-namas\/","url":"https:\/\/skaitytaknyga.lt\/produktas\/danielle-steel-namas\/","name":"Namas","isPartOf":{"@id":"https:\/\/skaitytaknyga.lt\/#website"},"primaryImageOfPage":{"@id":"https:\/\/skaitytaknyga.lt\/produktas\/danielle-steel-namas\/#primaryimage"},"image":{"@id":"https:\/\/skaitytaknyga.lt\/produktas\/danielle-steel-namas\/#primaryimage"},"thumbnailUrl":"https:\/\/skaitytaknyga.lt\/wp-content\/uploads\/2024\/05\/000000000001103601-59de7f07eb1b6-asset-knyguklubas-cdb_kk_e6e00505636d4b8ee90544417ce74741_p1.jpg","datePublished":"2024-05-04T17:58:54+00:00","dateModified":"2025-05-15T06:26:21+00:00","description":"Ant kalno, nuo kurio matyti visas San Franciskas, stovi didingas namas. Beveik prie\u0161 \u0161imtmet\u012f turtingas vyras j\u012f pastat\u0117 savo mylimajai, o dabar tu\u0161\u010diais \u0161io kitados nuostabaus namo kambariais vaik\u0161to jauna moteris \u2013 garsi teisinink\u0117 Sara Anderson. Saros gyvenime ilg\u0105 laik\u0105 tebuvo darbas ir pastov\u016bs, bet ne\u012fpareigojantys santykiai, kuriuos vargu ar b\u016bt\u0173 galima pavadinti meile. Ta\u010diau po pa\u017einties su garbaus am\u017eiaus ekscentri\u0161ku klientu\u00a0 viskas apvirsta auk\u0161tyn kojom: testamentu vyras palieka jai nemenk\u0105 turt\u0105 ir ne\u012fkainojam\u0105 patarim\u0105 \u2013 gautus pinigus panaudoti kokiam nors dr\u0105siam ir nuostabiam tikslui. Gavus apleisto didingo namo raktus, Sar\u0105 u\u017evaldo jo \u017eavesys ir paslaptinga istorija. Moteris ry\u017etasi u\u017e paveld\u0117tus pinigus nam\u0105 prikelti... Kas buvo kadaise \u0161iame name gyvenusi moteris ir kod\u0117l ji paslaptingai dingo? Kaip susiklost\u0117 \u010dia u\u017eaugusio vaiko gyvenimas? Kokias meil\u0117s istorijas mat\u0117 \u0161io namo sienos? O gal jis saugo ir daugiau paslap\u010di\u0173, kuri\u0173 Sara n\u0117 nenumano? Ie\u0161kant atsakym\u0173 \u012f \u0161iuos ir daugel\u012f kit\u0173 klausim\u0173, ima keistis ir Saros gyvenimas...","breadcrumb":{"@id":"https:\/\/skaitytaknyga.lt\/produktas\/danielle-steel-namas\/#breadcrumb"},"inLanguage":"en-GB","potentialAction":[{"@type":"ReadAction","target":["https:\/\/skaitytaknyga.lt\/produktas\/danielle-steel-namas\/"]}]},{"@type":"ImageObject","inLanguage":"en-GB","@id":"https:\/\/skaitytaknyga.lt\/produktas\/danielle-steel-namas\/#primaryimage","url":"https:\/\/skaitytaknyga.lt\/wp-content\/uploads\/2024\/05\/000000000001103601-59de7f07eb1b6-asset-knyguklubas-cdb_kk_e6e00505636d4b8ee90544417ce74741_p1.jpg","contentUrl":"https:\/\/skaitytaknyga.lt\/wp-content\/uploads\/2024\/05\/000000000001103601-59de7f07eb1b6-asset-knyguklubas-cdb_kk_e6e00505636d4b8ee90544417ce74741_p1.jpg","width":285,"height":464},{"@type":"BreadcrumbList","@id":"https:\/\/skaitytaknyga.lt\/produktas\/danielle-steel-namas\/#breadcrumb","itemListElement":[{"@type":"ListItem","position":1,"name":"Home","item":"https:\/\/skaitytaknyga.lt\/"},{"@type":"ListItem","position":2,"name":"Parduotuv\u0117","item":"https:\/\/skaitytaknyga.lt\/knygu-parduotuve\/"},{"@type":"ListItem","position":3,"name":"Namas"}]},{"@type":"WebSite","@id":"https:\/\/skaitytaknyga.lt\/#website","url":"https:\/\/skaitytaknyga.lt\/","name":"skaitytaknyga.lt","description":"Skaitytaknyga.lt \u2013 tai ma\u017eas \u0161eimos verslas, kuris prasid\u0117jo nuo meil\u0117s knygoms ir siekio i\u0161gelb\u0117ti knygas nuo likimo prie konteinerio. Kas vienam nereikalingas daiktas \u2013 kitam lobis, o mes esame tarpininkai, kurie padeda abiems tapti laimingesniems ???? \u017dinome kaip nelengva i\u0161gyventi ma\u017eiems verslams, tad nuo \u0161iol, \u010dia rasite ir kit\u0173, ma\u017e\u0173 \u0161eim\u0173 versl\u0173, rank\u0173 darbo, dovan\u0173 sau ir artimiesiems.","publisher":{"@id":"https:\/\/skaitytaknyga.lt\/#organization"},"potentialAction":[{"@type":"SearchAction","target":{"@type":"EntryPoint","urlTemplate":"https:\/\/skaitytaknyga.lt\/?s={search_term_string}"},"query-input":{"@type":"PropertyValueSpecification","valueRequired":true,"valueName":"search_term_string"}}],"inLanguage":"en-GB"},{"@type":"Organization","@id":"https:\/\/skaitytaknyga.lt\/#organization","name":"skaitytaknyga.lt","url":"https:\/\/skaitytaknyga.lt\/","logo":{"@type":"ImageObject","inLanguage":"en-GB","@id":"https:\/\/skaitytaknyga.lt\/#\/schema\/logo\/image\/","url":"https:\/\/skaitytaknyga.lt\/wp-content\/uploads\/2024\/05\/cropped-cropped-cropped-02_00843_jt3bggkj1j3HLc7SyY6rEUpg.jpeg","contentUrl":"https:\/\/skaitytaknyga.lt\/wp-content\/uploads\/2024\/05\/cropped-cropped-cropped-02_00843_jt3bggkj1j3HLc7SyY6rEUpg.jpeg","width":1600,"height":1600,"caption":"skaitytaknyga.lt"},"image":{"@id":"https:\/\/skaitytaknyga.lt\/#\/schema\/logo\/image\/"},"sameAs":["https:\/\/www.facebook.com\/skaitytaknyga\/"]}]}},"_links":{"self":[{"href":"https:\/\/skaitytaknyga.lt\/en\/wp-json\/wp\/v2\/product\/9816","targetHints":{"allow":["GET"]}}],"collection":[{"href":"https:\/\/skaitytaknyga.lt\/en\/wp-json\/wp\/v2\/product"}],"about":[{"href":"https:\/\/skaitytaknyga.lt\/en\/wp-json\/wp\/v2\/types\/product"}],"replies":[{"embeddable":true,"href":"https:\/\/skaitytaknyga.lt\/en\/wp-json\/wp\/v2\/comments?post=9816"}],"wp:featuredmedia":[{"embeddable":true,"href":"https:\/\/skaitytaknyga.lt\/en\/wp-json\/wp\/v2\/media\/9858"}],"wp:attachment":[{"href":"https:\/\/skaitytaknyga.lt\/en\/wp-json\/wp\/v2\/media?parent=9816"}],"wp:term":[{"taxonomy":"product_brand","embeddable":true,"href":"https:\/\/skaitytaknyga.lt\/en\/wp-json\/wp\/v2\/product_brand?post=9816"},{"taxonomy":"product_cat","embeddable":true,"href":"https:\/\/skaitytaknyga.lt\/en\/wp-json\/wp\/v2\/product_cat?post=9816"},{"taxonomy":"product_tag","embeddable":true,"href":"https:\/\/skaitytaknyga.lt\/en\/wp-json\/wp\/v2\/product_tag?post=9816"}],"curies":[{"name":"wp","href":"https:\/\/api.w.org\/{rel}","templated":true}]}}