{"id":9815,"date":"2024-05-04T17:58:54","date_gmt":"2024-05-04T17:58:54","guid":{"rendered":"https:\/\/skaitytaknyga.lt\/?post_type=product&#038;p=9815"},"modified":"2025-05-15T10:58:23","modified_gmt":"2025-05-15T07:58:23","slug":"danielle-steel-tetis-pagelte-lapai","status":"publish","type":"product","link":"https:\/\/skaitytaknyga.lt\/en\/produktas\/danielle-steel-tetis-pagelte-lapai\/","title":{"rendered":"T\u0117tis"},"content":{"rendered":"<div class=\"tab-content col-xs-12\">\n<div id=\"tab-description\" class=\"tab-pane active\">\n<div id=\"collapse-description\" class=\"desc-collapse\">\n<p>Oliverio Votsono pasaulis netik\u0117tai apvirsta auk\u0161tyn kojomis. Sara, jo \u017emona, su kuria kartu gyveno a\u0161tuoniolika met\u0173, visk\u0105 meta ir i\u0161vyksta \u012f Harvard\u0105 t\u0119sti studij\u0173 ir tapti ra\u0161ytoja. Oliveris lieka namie su trimis vaikais ir laisve, kurios niekada netro\u0161ko.<\/p>\n<p>Benas, vyriausias Oliverio s\u016bnus, atsisako t\u0117vo pagalbos ir nori susitvarkyti gyvenim\u0105 pats, \u012fsivaizduodamas, kad septyniolika met\u0173 yra slenkstis, u\u017e kurio prasideda suaugusi\u0173j\u0173 gyvenimas ir atsakomyb\u0117. Melisa, vidurin\u0117 dukrel\u0117, kaltina Oliver\u012f, kad mama paliko namus. O Semas, pats jauniausias i\u0161 vis\u0173, apskritai nepaj\u0117gia susidoroti su u\u017egriuvusiomis permainomis.<\/p>\n<p>Vieni\u0161as t\u0117vas Oliveris, j\u0173 vis\u0173 t\u0117tis, turi rasti j\u0117g\u0173 ir \u012fveikti u\u017eklupusias negandas. Ta\u010diau staiga ir j\u012f pat\u012f u\u017egri\u016bva naujos gyvenimo patirtys \u2013 naujos moterys ir naujos pareigos.<\/p>\n<\/div>\n<\/div>\n<\/div>\n","protected":false},"excerpt":{"rendered":"<div class=\"tab-content col-xs-12\">\n<div id=\"tab-description\" class=\"tab-pane active\">\n<div id=\"collapse-description\" class=\"desc-collapse\">\n<div class=\"tab-content col-xs-12\">\n<div id=\"tab-description\" class=\"tab-pane active\">\n<div id=\"collapse-description\" class=\"desc-collapse\">\n<p>Oliverio Votsono pasaulis netik\u0117tai apvirsta auk\u0161tyn kojomis. Sara, jo \u017emona, su kuria kartu gyveno a\u0161tuoniolika met\u0173, visk\u0105 meta ir i\u0161vyksta \u012f Harvard\u0105 t\u0119sti studij\u0173 ir tapti ra\u0161ytoja. Oliveris lieka namie su trimis vaikais ir laisve, kurios niekada netro\u0161ko.<\/p>\n<p>Benas, vyriausias Oliverio s\u016bnus, atsisako t\u0117vo pagalbos ir nori susitvarkyti gyvenim\u0105 pats, \u012fsivaizduodamas, kad septyniolika met\u0173 yra slenkstis, u\u017e kurio prasideda suaugusi\u0173j\u0173 gyvenimas ir atsakomyb\u0117. Melisa, vidurin\u0117 dukrel\u0117, kaltina Oliver\u012f, kad mama paliko namus. O Semas, pats jauniausias i\u0161 vis\u0173, apskritai nepaj\u0117gia susidoroti su u\u017egriuvusiomis permainomis.<\/p>\n<p>Vieni\u0161as t\u0117vas Oliveris, j\u0173 vis\u0173 t\u0117tis, turi rasti j\u0117g\u0173 ir \u012fveikti u\u017eklupusias negandas. Ta\u010diau staiga ir j\u012f pat\u012f u\u017egri\u016bva naujos gyvenimo patirtys \u2013 naujos moterys ir naujos pareigos.<\/p>\n<\/div>\n<\/div>\n<\/div>\n<\/div>\n<\/div>\n<\/div>\n","protected":false},"featured_media":9857,"comment_status":"closed","ping_status":"closed","template":"","meta":{"_acf_changed":false,"site-sidebar-layout":"default","site-content-layout":"","ast-site-content-layout":"default","site-content-style":"default","site-sidebar-style":"default","ast-global-header-display":"","ast-banner-title-visibility":"","ast-main-header-display":"","ast-hfb-above-header-display":"","ast-hfb-below-header-display":"","ast-hfb-mobile-header-display":"","site-post-title":"","ast-breadcrumbs-content":"","ast-featured-img":"","footer-sml-layout":"","ast-disable-related-posts":"","theme-transparent-header-meta":"","adv-header-id-meta":"","stick-header-meta":"","header-above-stick-meta":"","header-main-stick-meta":"","header-below-stick-meta":"","astra-migrate-meta-layouts":"default","ast-page-background-enabled":"default","ast-page-background-meta":{"desktop":{"background-color":"","background-image":"","background-repeat":"repeat","background-position":"center center","background-size":"auto","background-attachment":"scroll","background-type":"","background-media":"","overlay-type":"","overlay-color":"","overlay-opacity":"","overlay-gradient":""},"tablet":{"background-color":"","background-image":"","background-repeat":"repeat","background-position":"center center","background-size":"auto","background-attachment":"scroll","background-type":"","background-media":"","overlay-type":"","overlay-color":"","overlay-opacity":"","overlay-gradient":""},"mobile":{"background-color":"","background-image":"","background-repeat":"repeat","background-position":"center center","background-size":"auto","background-attachment":"scroll","background-type":"","background-media":"","overlay-type":"","overlay-color":"","overlay-opacity":"","overlay-gradient":""}},"ast-content-background-meta":{"desktop":{"background-color":"var(--ast-global-color-4)","background-image":"","background-repeat":"repeat","background-position":"center center","background-size":"auto","background-attachment":"scroll","background-type":"","background-media":"","overlay-type":"","overlay-color":"","overlay-opacity":"","overlay-gradient":""},"tablet":{"background-color":"var(--ast-global-color-4)","background-image":"","background-repeat":"repeat","background-position":"center center","background-size":"auto","background-attachment":"scroll","background-type":"","background-media":"","overlay-type":"","overlay-color":"","overlay-opacity":"","overlay-gradient":""},"mobile":{"background-color":"var(--ast-global-color-4)","background-image":"","background-repeat":"repeat","background-position":"center center","background-size":"auto","background-attachment":"scroll","background-type":"","background-media":"","overlay-type":"","overlay-color":"","overlay-opacity":"","overlay-gradient":""}}},"product_brand":[],"product_cat":[31],"product_tag":[2733,2407,3073,3069,3070,2206,3071,3072],"class_list":{"0":"post-9815","1":"product","2":"type-product","3":"status-publish","4":"has-post-thumbnail","6":"product_cat-grozine-literatura","7":"product_tag-danielle-steel","8":"product_tag-gyvenimo-pokyciai","9":"product_tag-meile-ir-pareiga","10":"product_tag-seimos-krize","11":"product_tag-skyrybos","12":"product_tag-tevyste","13":"product_tag-vaikai","14":"product_tag-vienisas-tevas","15":"pa_leidimo-metai-647","16":"desktop-align-left","17":"tablet-align-left","18":"mobile-align-left","20":"first","21":"instock","22":"shipping-taxable","23":"purchasable","24":"product-type-simple"},"acf":[],"yoast_head":"<!-- This site is optimized with the Yoast SEO plugin v27.0 - https:\/\/yoast.com\/product\/yoast-seo-wordpress\/ -->\n<title>T\u0117tis<\/title>\n<meta name=\"description\" content=\"Oliverio Votsono pasaulis netik\u0117tai apvirsta auk\u0161tyn kojomis. Sara, jo \u017emona, su kuria kartu gyveno a\u0161tuoniolika met\u0173, visk\u0105 meta ir i\u0161vyksta \u012f Harvard\u0105 t\u0119sti studij\u0173 ir tapti ra\u0161ytoja. Oliveris lieka namie su trimis vaikais ir laisve, kurios niekada netro\u0161ko.  Benas, vyriausias Oliverio s\u016bnus, atsisako t\u0117vo pagalbos ir nori susitvarkyti gyvenim\u0105 pats, \u012fsivaizduodamas, kad septyniolika met\u0173 yra slenkstis, u\u017e kurio prasideda suaugusi\u0173j\u0173 gyvenimas ir atsakomyb\u0117. Melisa, vidurin\u0117 dukrel\u0117, kaltina Oliver\u012f, kad mama paliko namus. O Semas, pats jauniausias i\u0161 vis\u0173, apskritai nepaj\u0117gia susidoroti su u\u017egriuvusiomis permainomis.  Vieni\u0161as t\u0117vas Oliveris, j\u0173 vis\u0173 t\u0117tis, turi rasti j\u0117g\u0173 ir \u012fveikti u\u017eklupusias negandas. Ta\u010diau staiga ir j\u012f pat\u012f u\u017egri\u016bva naujos gyvenimo patirtys \u2013 naujos moterys ir naujos pareigos.\" \/>\n<meta name=\"robots\" content=\"index, follow, max-snippet:-1, max-image-preview:large, max-video-preview:-1\" \/>\n<link rel=\"canonical\" href=\"https:\/\/skaitytaknyga.lt\/en\/produktas\/danielle-steel-tetis-pagelte-lapai\/\" \/>\n<meta property=\"og:locale\" content=\"en_GB\" \/>\n<meta property=\"og:locale:alternate\" content=\"lt_LT\" \/>\n<meta property=\"og:type\" content=\"article\" \/>\n<meta property=\"og:title\" content=\"T\u0117tis\" \/>\n<meta property=\"og:description\" content=\"Oliverio Votsono pasaulis netik\u0117tai apvirsta auk\u0161tyn kojomis. Sara, jo \u017emona, su kuria kartu gyveno a\u0161tuoniolika met\u0173, visk\u0105 meta ir i\u0161vyksta \u012f Harvard\u0105 t\u0119sti studij\u0173 ir tapti ra\u0161ytoja. Oliveris lieka namie su trimis vaikais ir laisve, kurios niekada netro\u0161ko.  Benas, vyriausias Oliverio s\u016bnus, atsisako t\u0117vo pagalbos ir nori susitvarkyti gyvenim\u0105 pats, \u012fsivaizduodamas, kad septyniolika met\u0173 yra slenkstis, u\u017e kurio prasideda suaugusi\u0173j\u0173 gyvenimas ir atsakomyb\u0117. Melisa, vidurin\u0117 dukrel\u0117, kaltina Oliver\u012f, kad mama paliko namus. O Semas, pats jauniausias i\u0161 vis\u0173, apskritai nepaj\u0117gia susidoroti su u\u017egriuvusiomis permainomis.  Vieni\u0161as t\u0117vas Oliveris, j\u0173 vis\u0173 t\u0117tis, turi rasti j\u0117g\u0173 ir \u012fveikti u\u017eklupusias negandas. Ta\u010diau staiga ir j\u012f pat\u012f u\u017egri\u016bva naujos gyvenimo patirtys \u2013 naujos moterys ir naujos pareigos.\" \/>\n<meta property=\"og:url\" content=\"https:\/\/skaitytaknyga.lt\/en\/produktas\/danielle-steel-tetis-pagelte-lapai\/\" \/>\n<meta property=\"og:site_name\" content=\"Skaitytaknyga\" \/>\n<meta property=\"article:publisher\" content=\"https:\/\/www.facebook.com\/skaitytaknyga\/\" \/>\n<meta property=\"article:modified_time\" content=\"2025-05-15T07:58:23+00:00\" \/>\n<meta property=\"og:image\" content=\"https:\/\/skaitytaknyga.lt\/wp-content\/uploads\/2024\/05\/1462878496_img0002.jpg\" \/>\n\t<meta property=\"og:image:width\" content=\"256\" \/>\n\t<meta property=\"og:image:height\" content=\"430\" \/>\n\t<meta property=\"og:image:type\" content=\"image\/jpeg\" \/>\n<meta name=\"twitter:card\" content=\"summary_large_image\" \/>\n<meta name=\"twitter:label1\" content=\"Estimated reading time\" \/>\n\t<meta name=\"twitter:data1\" content=\"1 minute\" \/>\n<script type=\"application\/ld+json\" class=\"yoast-schema-graph\">{\"@context\":\"https:\/\/schema.org\",\"@graph\":[{\"@type\":\"WebPage\",\"@id\":\"https:\/\/skaitytaknyga.lt\/produktas\/danielle-steel-tetis-pagelte-lapai\/\",\"url\":\"https:\/\/skaitytaknyga.lt\/produktas\/danielle-steel-tetis-pagelte-lapai\/\",\"name\":\"T\u0117tis\",\"isPartOf\":{\"@id\":\"https:\/\/skaitytaknyga.lt\/#website\"},\"primaryImageOfPage\":{\"@id\":\"https:\/\/skaitytaknyga.lt\/produktas\/danielle-steel-tetis-pagelte-lapai\/#primaryimage\"},\"image\":{\"@id\":\"https:\/\/skaitytaknyga.lt\/produktas\/danielle-steel-tetis-pagelte-lapai\/#primaryimage\"},\"thumbnailUrl\":\"https:\/\/skaitytaknyga.lt\/wp-content\/uploads\/2024\/05\/1462878496_img0002.jpg\",\"datePublished\":\"2024-05-04T17:58:54+00:00\",\"dateModified\":\"2025-05-15T07:58:23+00:00\",\"description\":\"Oliverio Votsono pasaulis netik\u0117tai apvirsta auk\u0161tyn kojomis. Sara, jo \u017emona, su kuria kartu gyveno a\u0161tuoniolika met\u0173, visk\u0105 meta ir i\u0161vyksta \u012f Harvard\u0105 t\u0119sti studij\u0173 ir tapti ra\u0161ytoja. Oliveris lieka namie su trimis vaikais ir laisve, kurios niekada netro\u0161ko. Benas, vyriausias Oliverio s\u016bnus, atsisako t\u0117vo pagalbos ir nori susitvarkyti gyvenim\u0105 pats, \u012fsivaizduodamas, kad septyniolika met\u0173 yra slenkstis, u\u017e kurio prasideda suaugusi\u0173j\u0173 gyvenimas ir atsakomyb\u0117. Melisa, vidurin\u0117 dukrel\u0117, kaltina Oliver\u012f, kad mama paliko namus. O Semas, pats jauniausias i\u0161 vis\u0173, apskritai nepaj\u0117gia susidoroti su u\u017egriuvusiomis permainomis. Vieni\u0161as t\u0117vas Oliveris, j\u0173 vis\u0173 t\u0117tis, turi rasti j\u0117g\u0173 ir \u012fveikti u\u017eklupusias negandas. Ta\u010diau staiga ir j\u012f pat\u012f u\u017egri\u016bva naujos gyvenimo patirtys \u2013 naujos moterys ir naujos pareigos.\",\"breadcrumb\":{\"@id\":\"https:\/\/skaitytaknyga.lt\/produktas\/danielle-steel-tetis-pagelte-lapai\/#breadcrumb\"},\"inLanguage\":\"en-GB\",\"potentialAction\":[{\"@type\":\"ReadAction\",\"target\":[\"https:\/\/skaitytaknyga.lt\/produktas\/danielle-steel-tetis-pagelte-lapai\/\"]}]},{\"@type\":\"ImageObject\",\"inLanguage\":\"en-GB\",\"@id\":\"https:\/\/skaitytaknyga.lt\/produktas\/danielle-steel-tetis-pagelte-lapai\/#primaryimage\",\"url\":\"https:\/\/skaitytaknyga.lt\/wp-content\/uploads\/2024\/05\/1462878496_img0002.jpg\",\"contentUrl\":\"https:\/\/skaitytaknyga.lt\/wp-content\/uploads\/2024\/05\/1462878496_img0002.jpg\",\"width\":256,\"height\":430},{\"@type\":\"BreadcrumbList\",\"@id\":\"https:\/\/skaitytaknyga.lt\/produktas\/danielle-steel-tetis-pagelte-lapai\/#breadcrumb\",\"itemListElement\":[{\"@type\":\"ListItem\",\"position\":1,\"name\":\"Home\",\"item\":\"https:\/\/skaitytaknyga.lt\/\"},{\"@type\":\"ListItem\",\"position\":2,\"name\":\"Parduotuv\u0117\",\"item\":\"https:\/\/skaitytaknyga.lt\/knygu-parduotuve\/\"},{\"@type\":\"ListItem\",\"position\":3,\"name\":\"T\u0117tis\"}]},{\"@type\":\"WebSite\",\"@id\":\"https:\/\/skaitytaknyga.lt\/#website\",\"url\":\"https:\/\/skaitytaknyga.lt\/\",\"name\":\"skaitytaknyga.lt\",\"description\":\"Skaitytaknyga.lt \u2013 tai ma\u017eas \u0161eimos verslas, kuris prasid\u0117jo nuo meil\u0117s knygoms ir siekio i\u0161gelb\u0117ti knygas nuo likimo prie konteinerio. Kas vienam nereikalingas daiktas \u2013 kitam lobis, o mes esame tarpininkai, kurie padeda abiems tapti laimingesniems ???? \u017dinome kaip nelengva i\u0161gyventi ma\u017eiems verslams, tad nuo \u0161iol, \u010dia rasite ir kit\u0173, ma\u017e\u0173 \u0161eim\u0173 versl\u0173, rank\u0173 darbo, dovan\u0173 sau ir artimiesiems.\",\"publisher\":{\"@id\":\"https:\/\/skaitytaknyga.lt\/#organization\"},\"potentialAction\":[{\"@type\":\"SearchAction\",\"target\":{\"@type\":\"EntryPoint\",\"urlTemplate\":\"https:\/\/skaitytaknyga.lt\/?s={search_term_string}\"},\"query-input\":{\"@type\":\"PropertyValueSpecification\",\"valueRequired\":true,\"valueName\":\"search_term_string\"}}],\"inLanguage\":\"en-GB\"},{\"@type\":\"Organization\",\"@id\":\"https:\/\/skaitytaknyga.lt\/#organization\",\"name\":\"skaitytaknyga.lt\",\"url\":\"https:\/\/skaitytaknyga.lt\/\",\"logo\":{\"@type\":\"ImageObject\",\"inLanguage\":\"en-GB\",\"@id\":\"https:\/\/skaitytaknyga.lt\/#\/schema\/logo\/image\/\",\"url\":\"https:\/\/skaitytaknyga.lt\/wp-content\/uploads\/2024\/05\/cropped-cropped-cropped-02_00843_jt3bggkj1j3HLc7SyY6rEUpg.jpeg\",\"contentUrl\":\"https:\/\/skaitytaknyga.lt\/wp-content\/uploads\/2024\/05\/cropped-cropped-cropped-02_00843_jt3bggkj1j3HLc7SyY6rEUpg.jpeg\",\"width\":1600,\"height\":1600,\"caption\":\"skaitytaknyga.lt\"},\"image\":{\"@id\":\"https:\/\/skaitytaknyga.lt\/#\/schema\/logo\/image\/\"},\"sameAs\":[\"https:\/\/www.facebook.com\/skaitytaknyga\/\"]}]}<\/script>\n<!-- \/ Yoast SEO plugin. -->","yoast_head_json":{"title":"T\u0117tis","description":"Oliverio Votsono pasaulis netik\u0117tai apvirsta auk\u0161tyn kojomis. Sara, jo \u017emona, su kuria kartu gyveno a\u0161tuoniolika met\u0173, visk\u0105 meta ir i\u0161vyksta \u012f Harvard\u0105 t\u0119sti studij\u0173 ir tapti ra\u0161ytoja. Oliveris lieka namie su trimis vaikais ir laisve, kurios niekada netro\u0161ko.  Benas, vyriausias Oliverio s\u016bnus, atsisako t\u0117vo pagalbos ir nori susitvarkyti gyvenim\u0105 pats, \u012fsivaizduodamas, kad septyniolika met\u0173 yra slenkstis, u\u017e kurio prasideda suaugusi\u0173j\u0173 gyvenimas ir atsakomyb\u0117. Melisa, vidurin\u0117 dukrel\u0117, kaltina Oliver\u012f, kad mama paliko namus. O Semas, pats jauniausias i\u0161 vis\u0173, apskritai nepaj\u0117gia susidoroti su u\u017egriuvusiomis permainomis.  Vieni\u0161as t\u0117vas Oliveris, j\u0173 vis\u0173 t\u0117tis, turi rasti j\u0117g\u0173 ir \u012fveikti u\u017eklupusias negandas. Ta\u010diau staiga ir j\u012f pat\u012f u\u017egri\u016bva naujos gyvenimo patirtys \u2013 naujos moterys ir naujos pareigos.","robots":{"index":"index","follow":"follow","max-snippet":"max-snippet:-1","max-image-preview":"max-image-preview:large","max-video-preview":"max-video-preview:-1"},"canonical":"https:\/\/skaitytaknyga.lt\/en\/produktas\/danielle-steel-tetis-pagelte-lapai\/","og_locale":"en_GB","og_type":"article","og_title":"[:lt]T\u0117tis[:] - Skaitytaknyga","og_description":"Oliverio Votsono pasaulis netik\u0117tai apvirsta auk\u0161tyn kojomis. Sara, jo \u017emona, su kuria kartu gyveno a\u0161tuoniolika met\u0173, visk\u0105 meta ir i\u0161vyksta \u012f Harvard\u0105 t\u0119sti studij\u0173 ir tapti ra\u0161ytoja. Oliveris lieka namie su trimis vaikais ir laisve, kurios niekada netro\u0161ko.  Benas, vyriausias Oliverio s\u016bnus, atsisako t\u0117vo pagalbos ir nori susitvarkyti gyvenim\u0105 pats, \u012fsivaizduodamas, kad septyniolika met\u0173 yra slenkstis, u\u017e kurio prasideda suaugusi\u0173j\u0173 gyvenimas ir atsakomyb\u0117. Melisa, vidurin\u0117 dukrel\u0117, kaltina Oliver\u012f, kad mama paliko namus. O Semas, pats jauniausias i\u0161 vis\u0173, apskritai nepaj\u0117gia susidoroti su u\u017egriuvusiomis permainomis.  Vieni\u0161as t\u0117vas Oliveris, j\u0173 vis\u0173 t\u0117tis, turi rasti j\u0117g\u0173 ir \u012fveikti u\u017eklupusias negandas. Ta\u010diau staiga ir j\u012f pat\u012f u\u017egri\u016bva naujos gyvenimo patirtys \u2013 naujos moterys ir naujos pareigos.","og_url":"https:\/\/skaitytaknyga.lt\/en\/produktas\/danielle-steel-tetis-pagelte-lapai\/","og_site_name":"Skaitytaknyga","article_publisher":"https:\/\/www.facebook.com\/skaitytaknyga\/","article_modified_time":"2025-05-15T07:58:23+00:00","og_image":[{"width":256,"height":430,"url":"https:\/\/skaitytaknyga.lt\/wp-content\/uploads\/2024\/05\/1462878496_img0002.jpg","type":"image\/jpeg"}],"twitter_card":"summary_large_image","twitter_misc":{"Estimated reading time":"1 minute"},"schema":{"@context":"https:\/\/schema.org","@graph":[{"@type":"WebPage","@id":"https:\/\/skaitytaknyga.lt\/produktas\/danielle-steel-tetis-pagelte-lapai\/","url":"https:\/\/skaitytaknyga.lt\/produktas\/danielle-steel-tetis-pagelte-lapai\/","name":"T\u0117tis","isPartOf":{"@id":"https:\/\/skaitytaknyga.lt\/#website"},"primaryImageOfPage":{"@id":"https:\/\/skaitytaknyga.lt\/produktas\/danielle-steel-tetis-pagelte-lapai\/#primaryimage"},"image":{"@id":"https:\/\/skaitytaknyga.lt\/produktas\/danielle-steel-tetis-pagelte-lapai\/#primaryimage"},"thumbnailUrl":"https:\/\/skaitytaknyga.lt\/wp-content\/uploads\/2024\/05\/1462878496_img0002.jpg","datePublished":"2024-05-04T17:58:54+00:00","dateModified":"2025-05-15T07:58:23+00:00","description":"Oliverio Votsono pasaulis netik\u0117tai apvirsta auk\u0161tyn kojomis. Sara, jo \u017emona, su kuria kartu gyveno a\u0161tuoniolika met\u0173, visk\u0105 meta ir i\u0161vyksta \u012f Harvard\u0105 t\u0119sti studij\u0173 ir tapti ra\u0161ytoja. Oliveris lieka namie su trimis vaikais ir laisve, kurios niekada netro\u0161ko. Benas, vyriausias Oliverio s\u016bnus, atsisako t\u0117vo pagalbos ir nori susitvarkyti gyvenim\u0105 pats, \u012fsivaizduodamas, kad septyniolika met\u0173 yra slenkstis, u\u017e kurio prasideda suaugusi\u0173j\u0173 gyvenimas ir atsakomyb\u0117. Melisa, vidurin\u0117 dukrel\u0117, kaltina Oliver\u012f, kad mama paliko namus. O Semas, pats jauniausias i\u0161 vis\u0173, apskritai nepaj\u0117gia susidoroti su u\u017egriuvusiomis permainomis. Vieni\u0161as t\u0117vas Oliveris, j\u0173 vis\u0173 t\u0117tis, turi rasti j\u0117g\u0173 ir \u012fveikti u\u017eklupusias negandas. Ta\u010diau staiga ir j\u012f pat\u012f u\u017egri\u016bva naujos gyvenimo patirtys \u2013 naujos moterys ir naujos pareigos.","breadcrumb":{"@id":"https:\/\/skaitytaknyga.lt\/produktas\/danielle-steel-tetis-pagelte-lapai\/#breadcrumb"},"inLanguage":"en-GB","potentialAction":[{"@type":"ReadAction","target":["https:\/\/skaitytaknyga.lt\/produktas\/danielle-steel-tetis-pagelte-lapai\/"]}]},{"@type":"ImageObject","inLanguage":"en-GB","@id":"https:\/\/skaitytaknyga.lt\/produktas\/danielle-steel-tetis-pagelte-lapai\/#primaryimage","url":"https:\/\/skaitytaknyga.lt\/wp-content\/uploads\/2024\/05\/1462878496_img0002.jpg","contentUrl":"https:\/\/skaitytaknyga.lt\/wp-content\/uploads\/2024\/05\/1462878496_img0002.jpg","width":256,"height":430},{"@type":"BreadcrumbList","@id":"https:\/\/skaitytaknyga.lt\/produktas\/danielle-steel-tetis-pagelte-lapai\/#breadcrumb","itemListElement":[{"@type":"ListItem","position":1,"name":"Home","item":"https:\/\/skaitytaknyga.lt\/"},{"@type":"ListItem","position":2,"name":"Parduotuv\u0117","item":"https:\/\/skaitytaknyga.lt\/knygu-parduotuve\/"},{"@type":"ListItem","position":3,"name":"T\u0117tis"}]},{"@type":"WebSite","@id":"https:\/\/skaitytaknyga.lt\/#website","url":"https:\/\/skaitytaknyga.lt\/","name":"skaitytaknyga.lt","description":"Skaitytaknyga.lt \u2013 tai ma\u017eas \u0161eimos verslas, kuris prasid\u0117jo nuo meil\u0117s knygoms ir siekio i\u0161gelb\u0117ti knygas nuo likimo prie konteinerio. Kas vienam nereikalingas daiktas \u2013 kitam lobis, o mes esame tarpininkai, kurie padeda abiems tapti laimingesniems ???? \u017dinome kaip nelengva i\u0161gyventi ma\u017eiems verslams, tad nuo \u0161iol, \u010dia rasite ir kit\u0173, ma\u017e\u0173 \u0161eim\u0173 versl\u0173, rank\u0173 darbo, dovan\u0173 sau ir artimiesiems.","publisher":{"@id":"https:\/\/skaitytaknyga.lt\/#organization"},"potentialAction":[{"@type":"SearchAction","target":{"@type":"EntryPoint","urlTemplate":"https:\/\/skaitytaknyga.lt\/?s={search_term_string}"},"query-input":{"@type":"PropertyValueSpecification","valueRequired":true,"valueName":"search_term_string"}}],"inLanguage":"en-GB"},{"@type":"Organization","@id":"https:\/\/skaitytaknyga.lt\/#organization","name":"skaitytaknyga.lt","url":"https:\/\/skaitytaknyga.lt\/","logo":{"@type":"ImageObject","inLanguage":"en-GB","@id":"https:\/\/skaitytaknyga.lt\/#\/schema\/logo\/image\/","url":"https:\/\/skaitytaknyga.lt\/wp-content\/uploads\/2024\/05\/cropped-cropped-cropped-02_00843_jt3bggkj1j3HLc7SyY6rEUpg.jpeg","contentUrl":"https:\/\/skaitytaknyga.lt\/wp-content\/uploads\/2024\/05\/cropped-cropped-cropped-02_00843_jt3bggkj1j3HLc7SyY6rEUpg.jpeg","width":1600,"height":1600,"caption":"skaitytaknyga.lt"},"image":{"@id":"https:\/\/skaitytaknyga.lt\/#\/schema\/logo\/image\/"},"sameAs":["https:\/\/www.facebook.com\/skaitytaknyga\/"]}]}},"_links":{"self":[{"href":"https:\/\/skaitytaknyga.lt\/en\/wp-json\/wp\/v2\/product\/9815","targetHints":{"allow":["GET"]}}],"collection":[{"href":"https:\/\/skaitytaknyga.lt\/en\/wp-json\/wp\/v2\/product"}],"about":[{"href":"https:\/\/skaitytaknyga.lt\/en\/wp-json\/wp\/v2\/types\/product"}],"replies":[{"embeddable":true,"href":"https:\/\/skaitytaknyga.lt\/en\/wp-json\/wp\/v2\/comments?post=9815"}],"wp:featuredmedia":[{"embeddable":true,"href":"https:\/\/skaitytaknyga.lt\/en\/wp-json\/wp\/v2\/media\/9857"}],"wp:attachment":[{"href":"https:\/\/skaitytaknyga.lt\/en\/wp-json\/wp\/v2\/media?parent=9815"}],"wp:term":[{"taxonomy":"product_brand","embeddable":true,"href":"https:\/\/skaitytaknyga.lt\/en\/wp-json\/wp\/v2\/product_brand?post=9815"},{"taxonomy":"product_cat","embeddable":true,"href":"https:\/\/skaitytaknyga.lt\/en\/wp-json\/wp\/v2\/product_cat?post=9815"},{"taxonomy":"product_tag","embeddable":true,"href":"https:\/\/skaitytaknyga.lt\/en\/wp-json\/wp\/v2\/product_tag?post=9815"}],"curies":[{"name":"wp","href":"https:\/\/api.w.org\/{rel}","templated":true}]}}