{"id":9814,"date":"2024-05-04T20:58:54","date_gmt":"2024-05-04T17:58:54","guid":{"rendered":"https:\/\/skaitytaknyga.lt\/?post_type=product&#038;p=9814"},"modified":"2026-03-05T11:59:19","modified_gmt":"2026-03-05T09:59:19","slug":"mary-higgins-clark-nuo-manes-nepabegsi-pagelte-lapai","status":"publish","type":"product","link":"https:\/\/skaitytaknyga.lt\/en\/produktas\/mary-higgins-clark-nuo-manes-nepabegsi-pagelte-lapai\/","title":{"rendered":"Nuo man\u0119s nepab\u0117gsi (Pagelt\u0119 lapai)"},"content":{"rendered":"<p>Po skausming\u0173 skyryb\u0173 baud\u017eiam\u0173j\u0173 byl\u0173 advokat\u0117 Emil\u0117 Greiham priima pasi\u016blym\u0105 i\u0161 Olbanio kraustytis dirbti \u012f garsi\u0105 advokat\u0173 kontor\u0105 Manhatane. \u010cia ji taip pat tikisi pasisl\u0117pti ir nuo j\u0105 persekiojan\u010dio paslaptingo keistuolio.<\/p>\n<p>Susidom\u0117jusi savo \u0161aknimis, Emil\u0117 nusiperka prot\u0117vi\u0173 nam\u0105 &#8211; Viktorijos laik\u0173 pastat\u0105 paj\u016brio kurorte. Jos \u0161eima \u0161\u012f nam\u0105 pardav\u0117 daugiau kaip prie\u0161 \u0161imt\u0105 met\u0173, kai dar visai jaunut\u0117 keistomis aplinkyb\u0117mis pradingo Emil\u0117s proprosenel\u0117s sesuo &#8211; Madlina \u0160apli. Nam\u0105 buv\u0119 \u0161eimininkai bema\u017e restaurav\u0119, jo kieme dabar rengia basein\u0105. Ta\u010diau rausiant duob\u0119 netik\u0117tai randami jaunos merginos palaikai. Paai\u0161k\u0117ja, kad tai daugiau nei prie\u0161 ketverius metus dingusi Marta Lorens. Jai \u012f rank\u0105 \u012fspraustas kitos moters pir\u0161tikaulis su \u017eiedu &#8211; \u0160apli\u0173 \u0161eimos relikvija.<\/p>\n<p>Galb\u016bt tarp Emil\u0117s \u0161eimos praeities ir Martos Lorens mirties esama ry\u0161io, o Marta Lorens &#8211; ne paskutinis gudraus \u017eudiko taikinys? Jei taip, kas kita auka? Ar jai pavyks i\u0161vengti maniako pasp\u0119st\u0173 sp\u0105st\u0173?<\/p>\n<ul class=\"about-product mb-3\">\n<li><strong style=\"font-weight: 700\">Autorius:<\/strong><span class=\"Apple-converted-space\">&nbsp;<\/span>Mary Higgins Clark<\/li>\n<li><strong style=\"font-weight: 700\">Leid\u0117jas:<\/strong><span class=\"Apple-converted-space\">&nbsp;<\/span>Alma littera<\/li>\n<li><strong style=\"font-weight: 700\">Metai:<\/strong><span class=\"Apple-converted-space\">&nbsp;<\/span>2009<\/li>\n<li><strong style=\"font-weight: 700\">Puslapiai:<\/strong><span class=\"Apple-converted-space\">&nbsp;<\/span>352<\/li>\n<li><strong style=\"font-weight: 700\">ISBN:<\/strong><span class=\"Apple-converted-space\">&nbsp;<\/span>9789955383659<\/li>\n<li><strong style=\"font-weight: 700\">Versijos kodas:<\/strong><span class=\"Apple-converted-space\">&nbsp;<\/span>PT.<\/li>\n<li class=\"toggleable type-new-formats \"><strong style=\"font-weight: 700\">Formatas:<\/strong><span class=\"Apple-converted-space\">&nbsp;<\/span>14,5 x 23 cm, kieti vir\u0161eliai<\/li>\n<li><strong style=\"font-weight: 700\">Kalba:<\/strong><span class=\"Apple-converted-space\">&nbsp;<\/span><span>Lietuvi\u0173<\/span><\/li>\n<li><strong style=\"font-weight: 700\">Vert\u0117jas:<\/strong><span class=\"Apple-converted-space\">&nbsp;<\/span>Rima Kardelyt\u0117<\/li>\n<\/ul>\n","protected":false},"excerpt":{"rendered":"<p>Po skausming\u0173 skyryb\u0173 baud\u017eiam\u0173j\u0173 byl\u0173 advokat\u0117 Emil\u0117 Greiham priima pasi\u016blym\u0105 i\u0161 Olbanio kraustytis dirbti \u012f garsi\u0105 advokat\u0173 kontor\u0105 Manhatane. \u010cia ji taip pat tikisi pasisl\u0117pti ir nuo j\u0105 persekiojan\u010dio paslaptingo keistuolio.<\/p>\n<p>Susidom\u0117jusi savo \u0161aknimis, Emil\u0117 nusiperka prot\u0117vi\u0173 nam\u0105 &#8211; Viktorijos laik\u0173 pastat\u0105 paj\u016brio kurorte. Jos \u0161eima \u0161\u012f nam\u0105 pardav\u0117 daugiau kaip prie\u0161 \u0161imt\u0105 met\u0173, kai dar visai jaunut\u0117 keistomis aplinkyb\u0117mis pradingo Emil\u0117s proprosenel\u0117s sesuo &#8211; Madlina \u0160apli. Nam\u0105 buv\u0119 \u0161eimininkai bema\u017e restaurav\u0119, jo kieme dabar rengia basein\u0105. Ta\u010diau rausiant duob\u0119 netik\u0117tai randami jaunos merginos palaikai. Paai\u0161k\u0117ja, kad tai daugiau nei prie\u0161 ketverius metus dingusi Marta Lorens. Jai \u012f rank\u0105 \u012fspraustas kitos moters pir\u0161tikaulis su \u017eiedu &#8211; \u0160apli\u0173 \u0161eimos relikvija.<\/p>\n<p>Galb\u016bt tarp Emil\u0117s \u0161eimos praeities ir Martos Lorens mirties esama ry\u0161io, o Marta Lorens &#8211; ne paskutinis gudraus \u017eudiko taikinys? Jei taip, kas kita auka? Ar jai pavyks i\u0161vengti maniako pasp\u0119st\u0173 sp\u0105st\u0173?<\/p>\n","protected":false},"featured_media":9856,"comment_status":"closed","ping_status":"closed","template":"","meta":{"_acf_changed":false,"site-sidebar-layout":"default","site-content-layout":"","ast-site-content-layout":"default","site-content-style":"default","site-sidebar-style":"default","ast-global-header-display":"","ast-banner-title-visibility":"","ast-main-header-display":"","ast-hfb-above-header-display":"","ast-hfb-below-header-display":"","ast-hfb-mobile-header-display":"","site-post-title":"","ast-breadcrumbs-content":"","ast-featured-img":"","footer-sml-layout":"","ast-disable-related-posts":"","theme-transparent-header-meta":"","adv-header-id-meta":"","stick-header-meta":"","header-above-stick-meta":"","header-main-stick-meta":"","header-below-stick-meta":"","astra-migrate-meta-layouts":"default","ast-page-background-enabled":"default","ast-page-background-meta":{"desktop":{"background-color":"","background-image":"","background-repeat":"repeat","background-position":"center center","background-size":"auto","background-attachment":"scroll","background-type":"","background-media":"","overlay-type":"","overlay-color":"","overlay-opacity":"","overlay-gradient":""},"tablet":{"background-color":"","background-image":"","background-repeat":"repeat","background-position":"center center","background-size":"auto","background-attachment":"scroll","background-type":"","background-media":"","overlay-type":"","overlay-color":"","overlay-opacity":"","overlay-gradient":""},"mobile":{"background-color":"","background-image":"","background-repeat":"repeat","background-position":"center center","background-size":"auto","background-attachment":"scroll","background-type":"","background-media":"","overlay-type":"","overlay-color":"","overlay-opacity":"","overlay-gradient":""}},"ast-content-background-meta":{"desktop":{"background-color":"var(--ast-global-color-4)","background-image":"","background-repeat":"repeat","background-position":"center center","background-size":"auto","background-attachment":"scroll","background-type":"","background-media":"","overlay-type":"","overlay-color":"","overlay-opacity":"","overlay-gradient":""},"tablet":{"background-color":"var(--ast-global-color-4)","background-image":"","background-repeat":"repeat","background-position":"center center","background-size":"auto","background-attachment":"scroll","background-type":"","background-media":"","overlay-type":"","overlay-color":"","overlay-opacity":"","overlay-gradient":""},"mobile":{"background-color":"var(--ast-global-color-4)","background-image":"","background-repeat":"repeat","background-position":"center center","background-size":"auto","background-attachment":"scroll","background-type":"","background-media":"","overlay-type":"","overlay-color":"","overlay-opacity":"","overlay-gradient":""}}},"product_brand":[],"product_cat":[9581],"product_tag":[],"class_list":{"0":"post-9814","1":"product","2":"type-product","3":"status-publish","4":"has-post-thumbnail","6":"product_cat-kriminaliniai-romanai","7":"desktop-align-left","8":"tablet-align-left","9":"mobile-align-left","11":"first","12":"instock","13":"shipping-taxable","14":"purchasable","15":"product-type-simple"},"acf":[],"yoast_head":"<!-- This site is optimized with the Yoast SEO plugin v27.0 - https:\/\/yoast.com\/product\/yoast-seo-wordpress\/ -->\n<title>Nuo man\u0119s nepab\u0117gsi (Pagelt\u0119 lapai)<\/title>\n<meta name=\"description\" content=\"Po skausming\u0173 skyryb\u0173 baud\u017eiam\u0173j\u0173 byl\u0173 advokat\u0117 Emil\u0117 Greiham priima pasi\u016blym\u0105 i\u0161 Olbanio kraustytis dirbti \u012f garsi\u0105 advokat\u0173 kontor\u0105 Manhatane. \u010cia ji taip pat tikisi pasisl\u0117pti ir nuo j\u0105 persekiojan\u010dio paslaptingo keistuolio.  Susidom\u0117jusi savo \u0161aknimis, Emil\u0117 nusiperka prot\u0117vi\u0173 nam\u0105 - Viktorijos laik\u0173 pastat\u0105 paj\u016brio kurorte. Jos \u0161eima \u0161\u012f nam\u0105 pardav\u0117 daugiau kaip prie\u0161 \u0161imt\u0105 met\u0173, kai dar visai jaunut\u0117 keistomis aplinkyb\u0117mis pradingo Emil\u0117s proprosenel\u0117s sesuo - Madlina \u0160apli. Nam\u0105 buv\u0119 \u0161eimininkai bema\u017e restaurav\u0119, jo kieme dabar rengia basein\u0105. Ta\u010diau rausiant duob\u0119 netik\u0117tai randami jaunos merginos palaikai. Paai\u0161k\u0117ja, kad tai daugiau nei prie\u0161 ketverius metus dingusi Marta Lorens. Jai \u012f rank\u0105 \u012fspraustas kitos moters pir\u0161tikaulis su \u017eiedu - \u0160apli\u0173 \u0161eimos relikvija.  Galb\u016bt tarp Emil\u0117s \u0161eimos praeities ir Martos Lorens mirties esama ry\u0161io, o Marta Lorens - ne paskutinis gudraus \u017eudiko taikinys? Jei taip, kas kita auka? Ar jai pavyks i\u0161vengti maniako pasp\u0119st\u0173 sp\u0105st\u0173?\" \/>\n<meta name=\"robots\" content=\"index, follow, max-snippet:-1, max-image-preview:large, max-video-preview:-1\" \/>\n<link rel=\"canonical\" href=\"https:\/\/skaitytaknyga.lt\/en\/produktas\/mary-higgins-clark-nuo-manes-nepabegsi-pagelte-lapai\/\" \/>\n<meta property=\"og:locale\" content=\"en_GB\" \/>\n<meta property=\"og:locale:alternate\" content=\"lt_LT\" \/>\n<meta property=\"og:type\" content=\"article\" \/>\n<meta property=\"og:title\" content=\"Nuo man\u0119s nepab\u0117gsi (Pagelt\u0119 lapai)\" \/>\n<meta property=\"og:description\" content=\"Po skausming\u0173 skyryb\u0173 baud\u017eiam\u0173j\u0173 byl\u0173 advokat\u0117 Emil\u0117 Greiham priima pasi\u016blym\u0105 i\u0161 Olbanio kraustytis dirbti \u012f garsi\u0105 advokat\u0173 kontor\u0105 Manhatane. \u010cia ji taip pat tikisi pasisl\u0117pti ir nuo j\u0105 persekiojan\u010dio paslaptingo keistuolio.  Susidom\u0117jusi savo \u0161aknimis, Emil\u0117 nusiperka prot\u0117vi\u0173 nam\u0105 - Viktorijos laik\u0173 pastat\u0105 paj\u016brio kurorte. Jos \u0161eima \u0161\u012f nam\u0105 pardav\u0117 daugiau kaip prie\u0161 \u0161imt\u0105 met\u0173, kai dar visai jaunut\u0117 keistomis aplinkyb\u0117mis pradingo Emil\u0117s proprosenel\u0117s sesuo - Madlina \u0160apli. Nam\u0105 buv\u0119 \u0161eimininkai bema\u017e restaurav\u0119, jo kieme dabar rengia basein\u0105. Ta\u010diau rausiant duob\u0119 netik\u0117tai randami jaunos merginos palaikai. Paai\u0161k\u0117ja, kad tai daugiau nei prie\u0161 ketverius metus dingusi Marta Lorens. Jai \u012f rank\u0105 \u012fspraustas kitos moters pir\u0161tikaulis su \u017eiedu - \u0160apli\u0173 \u0161eimos relikvija.  Galb\u016bt tarp Emil\u0117s \u0161eimos praeities ir Martos Lorens mirties esama ry\u0161io, o Marta Lorens - ne paskutinis gudraus \u017eudiko taikinys? Jei taip, kas kita auka? Ar jai pavyks i\u0161vengti maniako pasp\u0119st\u0173 sp\u0105st\u0173?\" \/>\n<meta property=\"og:url\" content=\"https:\/\/skaitytaknyga.lt\/en\/produktas\/mary-higgins-clark-nuo-manes-nepabegsi-pagelte-lapai\/\" \/>\n<meta property=\"og:site_name\" content=\"Skaitytaknyga\" \/>\n<meta property=\"article:publisher\" content=\"https:\/\/www.facebook.com\/skaitytaknyga\/\" \/>\n<meta property=\"article:modified_time\" content=\"2026-03-05T09:59:19+00:00\" \/>\n<meta property=\"og:image\" content=\"https:\/\/skaitytaknyga.lt\/wp-content\/uploads\/2024\/05\/1462873013_Nuo-manes-nepabegsi.jpg\" \/>\n\t<meta property=\"og:image:width\" content=\"266\" \/>\n\t<meta property=\"og:image:height\" content=\"430\" \/>\n\t<meta property=\"og:image:type\" content=\"image\/jpeg\" \/>\n<meta name=\"twitter:card\" content=\"summary_large_image\" \/>\n<meta name=\"twitter:label1\" content=\"Estimated reading time\" \/>\n\t<meta name=\"twitter:data1\" content=\"1 minute\" \/>\n<script type=\"application\/ld+json\" class=\"yoast-schema-graph\">{\"@context\":\"https:\/\/schema.org\",\"@graph\":[{\"@type\":\"WebPage\",\"@id\":\"https:\/\/skaitytaknyga.lt\/produktas\/mary-higgins-clark-nuo-manes-nepabegsi-pagelte-lapai\/\",\"url\":\"https:\/\/skaitytaknyga.lt\/produktas\/mary-higgins-clark-nuo-manes-nepabegsi-pagelte-lapai\/\",\"name\":\"Nuo man\u0119s nepab\u0117gsi (Pagelt\u0119 lapai)\",\"isPartOf\":{\"@id\":\"https:\/\/skaitytaknyga.lt\/#website\"},\"primaryImageOfPage\":{\"@id\":\"https:\/\/skaitytaknyga.lt\/produktas\/mary-higgins-clark-nuo-manes-nepabegsi-pagelte-lapai\/#primaryimage\"},\"image\":{\"@id\":\"https:\/\/skaitytaknyga.lt\/produktas\/mary-higgins-clark-nuo-manes-nepabegsi-pagelte-lapai\/#primaryimage\"},\"thumbnailUrl\":\"https:\/\/skaitytaknyga.lt\/wp-content\/uploads\/2024\/05\/1462873013_Nuo-manes-nepabegsi.jpg\",\"datePublished\":\"2024-05-04T17:58:54+00:00\",\"dateModified\":\"2026-03-05T09:59:19+00:00\",\"description\":\"Po skausming\u0173 skyryb\u0173 baud\u017eiam\u0173j\u0173 byl\u0173 advokat\u0117 Emil\u0117 Greiham priima pasi\u016blym\u0105 i\u0161 Olbanio kraustytis dirbti \u012f garsi\u0105 advokat\u0173 kontor\u0105 Manhatane. \u010cia ji taip pat tikisi pasisl\u0117pti ir nuo j\u0105 persekiojan\u010dio paslaptingo keistuolio. Susidom\u0117jusi savo \u0161aknimis, Emil\u0117 nusiperka prot\u0117vi\u0173 nam\u0105 - Viktorijos laik\u0173 pastat\u0105 paj\u016brio kurorte. Jos \u0161eima \u0161\u012f nam\u0105 pardav\u0117 daugiau kaip prie\u0161 \u0161imt\u0105 met\u0173, kai dar visai jaunut\u0117 keistomis aplinkyb\u0117mis pradingo Emil\u0117s proprosenel\u0117s sesuo - Madlina \u0160apli. Nam\u0105 buv\u0119 \u0161eimininkai bema\u017e restaurav\u0119, jo kieme dabar rengia basein\u0105. Ta\u010diau rausiant duob\u0119 netik\u0117tai randami jaunos merginos palaikai. Paai\u0161k\u0117ja, kad tai daugiau nei prie\u0161 ketverius metus dingusi Marta Lorens. Jai \u012f rank\u0105 \u012fspraustas kitos moters pir\u0161tikaulis su \u017eiedu - \u0160apli\u0173 \u0161eimos relikvija. Galb\u016bt tarp Emil\u0117s \u0161eimos praeities ir Martos Lorens mirties esama ry\u0161io, o Marta Lorens - ne paskutinis gudraus \u017eudiko taikinys? Jei taip, kas kita auka? Ar jai pavyks i\u0161vengti maniako pasp\u0119st\u0173 sp\u0105st\u0173?\",\"breadcrumb\":{\"@id\":\"https:\/\/skaitytaknyga.lt\/produktas\/mary-higgins-clark-nuo-manes-nepabegsi-pagelte-lapai\/#breadcrumb\"},\"inLanguage\":\"en-GB\",\"potentialAction\":[{\"@type\":\"ReadAction\",\"target\":[\"https:\/\/skaitytaknyga.lt\/produktas\/mary-higgins-clark-nuo-manes-nepabegsi-pagelte-lapai\/\"]}]},{\"@type\":\"ImageObject\",\"inLanguage\":\"en-GB\",\"@id\":\"https:\/\/skaitytaknyga.lt\/produktas\/mary-higgins-clark-nuo-manes-nepabegsi-pagelte-lapai\/#primaryimage\",\"url\":\"https:\/\/skaitytaknyga.lt\/wp-content\/uploads\/2024\/05\/1462873013_Nuo-manes-nepabegsi.jpg\",\"contentUrl\":\"https:\/\/skaitytaknyga.lt\/wp-content\/uploads\/2024\/05\/1462873013_Nuo-manes-nepabegsi.jpg\",\"width\":266,\"height\":430,\"caption\":\"Nuo man\u0119s nepab\u0117gsi\"},{\"@type\":\"BreadcrumbList\",\"@id\":\"https:\/\/skaitytaknyga.lt\/produktas\/mary-higgins-clark-nuo-manes-nepabegsi-pagelte-lapai\/#breadcrumb\",\"itemListElement\":[{\"@type\":\"ListItem\",\"position\":1,\"name\":\"Home\",\"item\":\"https:\/\/skaitytaknyga.lt\/\"},{\"@type\":\"ListItem\",\"position\":2,\"name\":\"Parduotuv\u0117\",\"item\":\"https:\/\/skaitytaknyga.lt\/knygu-parduotuve\/\"},{\"@type\":\"ListItem\",\"position\":3,\"name\":\"Nuo man\u0119s nepab\u0117gsi (Pagelt\u0119 lapai)\"}]},{\"@type\":\"WebSite\",\"@id\":\"https:\/\/skaitytaknyga.lt\/#website\",\"url\":\"https:\/\/skaitytaknyga.lt\/\",\"name\":\"skaitytaknyga.lt\",\"description\":\"Skaitytaknyga.lt \u2013 tai ma\u017eas \u0161eimos verslas, kuris prasid\u0117jo nuo meil\u0117s knygoms ir siekio i\u0161gelb\u0117ti knygas nuo likimo prie konteinerio. Kas vienam nereikalingas daiktas \u2013 kitam lobis, o mes esame tarpininkai, kurie padeda abiems tapti laimingesniems ???? \u017dinome kaip nelengva i\u0161gyventi ma\u017eiems verslams, tad nuo \u0161iol, \u010dia rasite ir kit\u0173, ma\u017e\u0173 \u0161eim\u0173 versl\u0173, rank\u0173 darbo, dovan\u0173 sau ir artimiesiems.\",\"publisher\":{\"@id\":\"https:\/\/skaitytaknyga.lt\/#organization\"},\"potentialAction\":[{\"@type\":\"SearchAction\",\"target\":{\"@type\":\"EntryPoint\",\"urlTemplate\":\"https:\/\/skaitytaknyga.lt\/?s={search_term_string}\"},\"query-input\":{\"@type\":\"PropertyValueSpecification\",\"valueRequired\":true,\"valueName\":\"search_term_string\"}}],\"inLanguage\":\"en-GB\"},{\"@type\":\"Organization\",\"@id\":\"https:\/\/skaitytaknyga.lt\/#organization\",\"name\":\"skaitytaknyga.lt\",\"url\":\"https:\/\/skaitytaknyga.lt\/\",\"logo\":{\"@type\":\"ImageObject\",\"inLanguage\":\"en-GB\",\"@id\":\"https:\/\/skaitytaknyga.lt\/#\/schema\/logo\/image\/\",\"url\":\"https:\/\/skaitytaknyga.lt\/wp-content\/uploads\/2024\/05\/cropped-cropped-cropped-02_00843_jt3bggkj1j3HLc7SyY6rEUpg.jpeg\",\"contentUrl\":\"https:\/\/skaitytaknyga.lt\/wp-content\/uploads\/2024\/05\/cropped-cropped-cropped-02_00843_jt3bggkj1j3HLc7SyY6rEUpg.jpeg\",\"width\":1600,\"height\":1600,\"caption\":\"skaitytaknyga.lt\"},\"image\":{\"@id\":\"https:\/\/skaitytaknyga.lt\/#\/schema\/logo\/image\/\"},\"sameAs\":[\"https:\/\/www.facebook.com\/skaitytaknyga\/\"]}]}<\/script>\n<!-- \/ Yoast SEO plugin. -->","yoast_head_json":{"title":"Nuo man\u0119s nepab\u0117gsi (Pagelt\u0119 lapai)","description":"Po skausming\u0173 skyryb\u0173 baud\u017eiam\u0173j\u0173 byl\u0173 advokat\u0117 Emil\u0117 Greiham priima pasi\u016blym\u0105 i\u0161 Olbanio kraustytis dirbti \u012f garsi\u0105 advokat\u0173 kontor\u0105 Manhatane. \u010cia ji taip pat tikisi pasisl\u0117pti ir nuo j\u0105 persekiojan\u010dio paslaptingo keistuolio.  Susidom\u0117jusi savo \u0161aknimis, Emil\u0117 nusiperka prot\u0117vi\u0173 nam\u0105 - Viktorijos laik\u0173 pastat\u0105 paj\u016brio kurorte. Jos \u0161eima \u0161\u012f nam\u0105 pardav\u0117 daugiau kaip prie\u0161 \u0161imt\u0105 met\u0173, kai dar visai jaunut\u0117 keistomis aplinkyb\u0117mis pradingo Emil\u0117s proprosenel\u0117s sesuo - Madlina \u0160apli. Nam\u0105 buv\u0119 \u0161eimininkai bema\u017e restaurav\u0119, jo kieme dabar rengia basein\u0105. Ta\u010diau rausiant duob\u0119 netik\u0117tai randami jaunos merginos palaikai. Paai\u0161k\u0117ja, kad tai daugiau nei prie\u0161 ketverius metus dingusi Marta Lorens. Jai \u012f rank\u0105 \u012fspraustas kitos moters pir\u0161tikaulis su \u017eiedu - \u0160apli\u0173 \u0161eimos relikvija.  Galb\u016bt tarp Emil\u0117s \u0161eimos praeities ir Martos Lorens mirties esama ry\u0161io, o Marta Lorens - ne paskutinis gudraus \u017eudiko taikinys? Jei taip, kas kita auka? Ar jai pavyks i\u0161vengti maniako pasp\u0119st\u0173 sp\u0105st\u0173?","robots":{"index":"index","follow":"follow","max-snippet":"max-snippet:-1","max-image-preview":"max-image-preview:large","max-video-preview":"max-video-preview:-1"},"canonical":"https:\/\/skaitytaknyga.lt\/en\/produktas\/mary-higgins-clark-nuo-manes-nepabegsi-pagelte-lapai\/","og_locale":"en_GB","og_type":"article","og_title":"[:lt]Nuo man\u0119s nepab\u0117gsi (Pagelt\u0119 lapai)[:] - Skaitytaknyga","og_description":"Po skausming\u0173 skyryb\u0173 baud\u017eiam\u0173j\u0173 byl\u0173 advokat\u0117 Emil\u0117 Greiham priima pasi\u016blym\u0105 i\u0161 Olbanio kraustytis dirbti \u012f garsi\u0105 advokat\u0173 kontor\u0105 Manhatane. \u010cia ji taip pat tikisi pasisl\u0117pti ir nuo j\u0105 persekiojan\u010dio paslaptingo keistuolio.  Susidom\u0117jusi savo \u0161aknimis, Emil\u0117 nusiperka prot\u0117vi\u0173 nam\u0105 - Viktorijos laik\u0173 pastat\u0105 paj\u016brio kurorte. Jos \u0161eima \u0161\u012f nam\u0105 pardav\u0117 daugiau kaip prie\u0161 \u0161imt\u0105 met\u0173, kai dar visai jaunut\u0117 keistomis aplinkyb\u0117mis pradingo Emil\u0117s proprosenel\u0117s sesuo - Madlina \u0160apli. Nam\u0105 buv\u0119 \u0161eimininkai bema\u017e restaurav\u0119, jo kieme dabar rengia basein\u0105. Ta\u010diau rausiant duob\u0119 netik\u0117tai randami jaunos merginos palaikai. Paai\u0161k\u0117ja, kad tai daugiau nei prie\u0161 ketverius metus dingusi Marta Lorens. Jai \u012f rank\u0105 \u012fspraustas kitos moters pir\u0161tikaulis su \u017eiedu - \u0160apli\u0173 \u0161eimos relikvija.  Galb\u016bt tarp Emil\u0117s \u0161eimos praeities ir Martos Lorens mirties esama ry\u0161io, o Marta Lorens - ne paskutinis gudraus \u017eudiko taikinys? Jei taip, kas kita auka? Ar jai pavyks i\u0161vengti maniako pasp\u0119st\u0173 sp\u0105st\u0173?","og_url":"https:\/\/skaitytaknyga.lt\/en\/produktas\/mary-higgins-clark-nuo-manes-nepabegsi-pagelte-lapai\/","og_site_name":"Skaitytaknyga","article_publisher":"https:\/\/www.facebook.com\/skaitytaknyga\/","article_modified_time":"2026-03-05T09:59:19+00:00","og_image":[{"width":266,"height":430,"url":"https:\/\/skaitytaknyga.lt\/wp-content\/uploads\/2024\/05\/1462873013_Nuo-manes-nepabegsi.jpg","type":"image\/jpeg"}],"twitter_card":"summary_large_image","twitter_misc":{"Estimated reading time":"1 minute"},"schema":{"@context":"https:\/\/schema.org","@graph":[{"@type":"WebPage","@id":"https:\/\/skaitytaknyga.lt\/produktas\/mary-higgins-clark-nuo-manes-nepabegsi-pagelte-lapai\/","url":"https:\/\/skaitytaknyga.lt\/produktas\/mary-higgins-clark-nuo-manes-nepabegsi-pagelte-lapai\/","name":"Nuo man\u0119s nepab\u0117gsi (Pagelt\u0119 lapai)","isPartOf":{"@id":"https:\/\/skaitytaknyga.lt\/#website"},"primaryImageOfPage":{"@id":"https:\/\/skaitytaknyga.lt\/produktas\/mary-higgins-clark-nuo-manes-nepabegsi-pagelte-lapai\/#primaryimage"},"image":{"@id":"https:\/\/skaitytaknyga.lt\/produktas\/mary-higgins-clark-nuo-manes-nepabegsi-pagelte-lapai\/#primaryimage"},"thumbnailUrl":"https:\/\/skaitytaknyga.lt\/wp-content\/uploads\/2024\/05\/1462873013_Nuo-manes-nepabegsi.jpg","datePublished":"2024-05-04T17:58:54+00:00","dateModified":"2026-03-05T09:59:19+00:00","description":"Po skausming\u0173 skyryb\u0173 baud\u017eiam\u0173j\u0173 byl\u0173 advokat\u0117 Emil\u0117 Greiham priima pasi\u016blym\u0105 i\u0161 Olbanio kraustytis dirbti \u012f garsi\u0105 advokat\u0173 kontor\u0105 Manhatane. \u010cia ji taip pat tikisi pasisl\u0117pti ir nuo j\u0105 persekiojan\u010dio paslaptingo keistuolio. Susidom\u0117jusi savo \u0161aknimis, Emil\u0117 nusiperka prot\u0117vi\u0173 nam\u0105 - Viktorijos laik\u0173 pastat\u0105 paj\u016brio kurorte. Jos \u0161eima \u0161\u012f nam\u0105 pardav\u0117 daugiau kaip prie\u0161 \u0161imt\u0105 met\u0173, kai dar visai jaunut\u0117 keistomis aplinkyb\u0117mis pradingo Emil\u0117s proprosenel\u0117s sesuo - Madlina \u0160apli. Nam\u0105 buv\u0119 \u0161eimininkai bema\u017e restaurav\u0119, jo kieme dabar rengia basein\u0105. Ta\u010diau rausiant duob\u0119 netik\u0117tai randami jaunos merginos palaikai. Paai\u0161k\u0117ja, kad tai daugiau nei prie\u0161 ketverius metus dingusi Marta Lorens. Jai \u012f rank\u0105 \u012fspraustas kitos moters pir\u0161tikaulis su \u017eiedu - \u0160apli\u0173 \u0161eimos relikvija. Galb\u016bt tarp Emil\u0117s \u0161eimos praeities ir Martos Lorens mirties esama ry\u0161io, o Marta Lorens - ne paskutinis gudraus \u017eudiko taikinys? Jei taip, kas kita auka? Ar jai pavyks i\u0161vengti maniako pasp\u0119st\u0173 sp\u0105st\u0173?","breadcrumb":{"@id":"https:\/\/skaitytaknyga.lt\/produktas\/mary-higgins-clark-nuo-manes-nepabegsi-pagelte-lapai\/#breadcrumb"},"inLanguage":"en-GB","potentialAction":[{"@type":"ReadAction","target":["https:\/\/skaitytaknyga.lt\/produktas\/mary-higgins-clark-nuo-manes-nepabegsi-pagelte-lapai\/"]}]},{"@type":"ImageObject","inLanguage":"en-GB","@id":"https:\/\/skaitytaknyga.lt\/produktas\/mary-higgins-clark-nuo-manes-nepabegsi-pagelte-lapai\/#primaryimage","url":"https:\/\/skaitytaknyga.lt\/wp-content\/uploads\/2024\/05\/1462873013_Nuo-manes-nepabegsi.jpg","contentUrl":"https:\/\/skaitytaknyga.lt\/wp-content\/uploads\/2024\/05\/1462873013_Nuo-manes-nepabegsi.jpg","width":266,"height":430,"caption":"Nuo man\u0119s nepab\u0117gsi"},{"@type":"BreadcrumbList","@id":"https:\/\/skaitytaknyga.lt\/produktas\/mary-higgins-clark-nuo-manes-nepabegsi-pagelte-lapai\/#breadcrumb","itemListElement":[{"@type":"ListItem","position":1,"name":"Home","item":"https:\/\/skaitytaknyga.lt\/"},{"@type":"ListItem","position":2,"name":"Parduotuv\u0117","item":"https:\/\/skaitytaknyga.lt\/knygu-parduotuve\/"},{"@type":"ListItem","position":3,"name":"Nuo man\u0119s nepab\u0117gsi (Pagelt\u0119 lapai)"}]},{"@type":"WebSite","@id":"https:\/\/skaitytaknyga.lt\/#website","url":"https:\/\/skaitytaknyga.lt\/","name":"skaitytaknyga.lt","description":"Skaitytaknyga.lt \u2013 tai ma\u017eas \u0161eimos verslas, kuris prasid\u0117jo nuo meil\u0117s knygoms ir siekio i\u0161gelb\u0117ti knygas nuo likimo prie konteinerio. Kas vienam nereikalingas daiktas \u2013 kitam lobis, o mes esame tarpininkai, kurie padeda abiems tapti laimingesniems ???? \u017dinome kaip nelengva i\u0161gyventi ma\u017eiems verslams, tad nuo \u0161iol, \u010dia rasite ir kit\u0173, ma\u017e\u0173 \u0161eim\u0173 versl\u0173, rank\u0173 darbo, dovan\u0173 sau ir artimiesiems.","publisher":{"@id":"https:\/\/skaitytaknyga.lt\/#organization"},"potentialAction":[{"@type":"SearchAction","target":{"@type":"EntryPoint","urlTemplate":"https:\/\/skaitytaknyga.lt\/?s={search_term_string}"},"query-input":{"@type":"PropertyValueSpecification","valueRequired":true,"valueName":"search_term_string"}}],"inLanguage":"en-GB"},{"@type":"Organization","@id":"https:\/\/skaitytaknyga.lt\/#organization","name":"skaitytaknyga.lt","url":"https:\/\/skaitytaknyga.lt\/","logo":{"@type":"ImageObject","inLanguage":"en-GB","@id":"https:\/\/skaitytaknyga.lt\/#\/schema\/logo\/image\/","url":"https:\/\/skaitytaknyga.lt\/wp-content\/uploads\/2024\/05\/cropped-cropped-cropped-02_00843_jt3bggkj1j3HLc7SyY6rEUpg.jpeg","contentUrl":"https:\/\/skaitytaknyga.lt\/wp-content\/uploads\/2024\/05\/cropped-cropped-cropped-02_00843_jt3bggkj1j3HLc7SyY6rEUpg.jpeg","width":1600,"height":1600,"caption":"skaitytaknyga.lt"},"image":{"@id":"https:\/\/skaitytaknyga.lt\/#\/schema\/logo\/image\/"},"sameAs":["https:\/\/www.facebook.com\/skaitytaknyga\/"]}]}},"_links":{"self":[{"href":"https:\/\/skaitytaknyga.lt\/en\/wp-json\/wp\/v2\/product\/9814","targetHints":{"allow":["GET"]}}],"collection":[{"href":"https:\/\/skaitytaknyga.lt\/en\/wp-json\/wp\/v2\/product"}],"about":[{"href":"https:\/\/skaitytaknyga.lt\/en\/wp-json\/wp\/v2\/types\/product"}],"replies":[{"embeddable":true,"href":"https:\/\/skaitytaknyga.lt\/en\/wp-json\/wp\/v2\/comments?post=9814"}],"wp:featuredmedia":[{"embeddable":true,"href":"https:\/\/skaitytaknyga.lt\/en\/wp-json\/wp\/v2\/media\/9856"}],"wp:attachment":[{"href":"https:\/\/skaitytaknyga.lt\/en\/wp-json\/wp\/v2\/media?parent=9814"}],"wp:term":[{"taxonomy":"product_brand","embeddable":true,"href":"https:\/\/skaitytaknyga.lt\/en\/wp-json\/wp\/v2\/product_brand?post=9814"},{"taxonomy":"product_cat","embeddable":true,"href":"https:\/\/skaitytaknyga.lt\/en\/wp-json\/wp\/v2\/product_cat?post=9814"},{"taxonomy":"product_tag","embeddable":true,"href":"https:\/\/skaitytaknyga.lt\/en\/wp-json\/wp\/v2\/product_tag?post=9814"}],"curies":[{"name":"wp","href":"https:\/\/api.w.org\/{rel}","templated":true}]}}