{"id":9813,"date":"2024-05-04T17:58:54","date_gmt":"2024-05-04T17:58:54","guid":{"rendered":"https:\/\/skaitytaknyga.lt\/?post_type=product&#038;p=9813"},"modified":"2026-03-05T11:59:19","modified_gmt":"2026-03-05T09:59:19","slug":"mary-higgins-clark-as-eisiu-viena","status":"publish","type":"product","link":"https:\/\/skaitytaknyga.lt\/en\/produktas\/mary-higgins-clark-as-eisiu-viena\/","title":{"rendered":"\u201eA\u0161 eisiu viena\u201c"},"content":{"rendered":"<div><em>\u201eNesl\u016bgstan\u010dios \u012ftampos ir nenusp\u0117jam\u0173 pos\u016bki\u0173 kupinas provokuojantis ir \u012ftraukiantis Mary Higgins Clark romanas, kuriame meistri\u0161kai supintos tapatyb\u0117s vagyst\u0117s, ker\u0161to ir \u017emog\u017eudyst\u0117s siu\u017eetin\u0117s linijos.<\/em>\u201c &#8211; Booklist<\/div>\n<div><\/div>\n<div>\n<p>Talentinga interjero dizainer\u0117 Aleksandra (Zana) Morland vis dar gyvena viltimi susigr\u0105\u017einti s\u016bnel\u012f, kuris prie\u0161 dvejus metus paslaptingai pradingo i\u0161 Niujorko Centrinio parko. Ma\u017eojo Metju penktojo gimtadienio dien\u0105 Aleksandra sulaukia netik\u0117tos \u017einios \u2013 ka\u017ekas atsiskaito jos kredito kortel\u0117mis ir naudojasi jos banko s\u0105skaitomis. Negana to, t\u0105 pa\u010di\u0105 dien\u0105 spaudoje pasirodo nuotraukos, kuriose \u2013 nenugin\u010dijami \u012frodymai, kad berniuk\u0105 pagrob\u0117&#8230; ji pati.<\/p>\n<p>Persekiojama \u017eurnalist\u0173, tardoma s\u016bnaus dingimo byl\u0105 tirian\u010di\u0173 detektyv\u0173, u\u017egauliojama tiek t\u016b\u017etan\u010dio buvusio vyro, tiek ker\u0161to trok\u0161tan\u010dio buvusio vir\u0161ininko, Aleksandra pasiry\u017eta su\u017einoti, kas ir kod\u0117l bando j\u0105 su\u017elugdyti.<\/p>\n<p>Ta\u010diau ji n\u0117 ne\u012ftaria, kad kiekvienas \u017eingsnis artinantis prie tiesos kelia vis didesn\u0119 gr\u0117sm\u0119 jos pa\u010dios ir mylim\u0173 \u017emoni\u0173 gyvybei&#8230;<\/p>\n<\/div>\n","protected":false},"excerpt":{"rendered":"<div><em>\u201eNesl\u016bgstan\u010dios \u012ftampos ir nenusp\u0117jam\u0173 pos\u016bki\u0173 kupinas provokuojantis ir \u012ftraukiantis Mary Higgins Clark romanas, kuriame meistri\u0161kai supintos tapatyb\u0117s vagyst\u0117s, ker\u0161to ir \u017emog\u017eudyst\u0117s siu\u017eetin\u0117s linijos.<\/em>\u201c &#8211; Booklist<\/div>\n<div><\/div>\n<div>\n<p>Talentinga interjero dizainer\u0117 Aleksandra (Zana) Morland vis dar gyvena viltimi susigr\u0105\u017einti s\u016bnel\u012f, kuris prie\u0161 dvejus metus paslaptingai pradingo i\u0161 Niujorko Centrinio parko. Ma\u017eojo Metju penktojo gimtadienio dien\u0105 Aleksandra sulaukia netik\u0117tos \u017einios \u2013 ka\u017ekas atsiskaito jos kredito kortel\u0117mis ir naudojasi jos banko s\u0105skaitomis. Negana to, t\u0105 pa\u010di\u0105 dien\u0105 spaudoje pasirodo nuotraukos, kuriose \u2013 nenugin\u010dijami \u012frodymai, kad berniuk\u0105 pagrob\u0117&#8230; ji pati.<\/p>\n<p>Persekiojama \u017eurnalist\u0173, tardoma s\u016bnaus dingimo byl\u0105 tirian\u010di\u0173 detektyv\u0173, u\u017egauliojama tiek t\u016b\u017etan\u010dio buvusio vyro, tiek ker\u0161to trok\u0161tan\u010dio buvusio vir\u0161ininko, Aleksandra pasiry\u017eta su\u017einoti, kas ir kod\u0117l bando j\u0105 su\u017elugdyti.<\/p>\n<p>Ta\u010diau ji n\u0117 ne\u012ftaria, kad kiekvienas \u017eingsnis artinantis prie tiesos kelia vis didesn\u0119 gr\u0117sm\u0119 jos pa\u010dios ir mylim\u0173 \u017emoni\u0173 gyvybei&#8230;<\/p>\n<\/div>\n","protected":false},"featured_media":9855,"comment_status":"closed","ping_status":"closed","template":"","meta":{"_acf_changed":false,"site-sidebar-layout":"default","site-content-layout":"","ast-site-content-layout":"default","site-content-style":"default","site-sidebar-style":"default","ast-global-header-display":"","ast-banner-title-visibility":"","ast-main-header-display":"","ast-hfb-above-header-display":"","ast-hfb-below-header-display":"","ast-hfb-mobile-header-display":"","site-post-title":"","ast-breadcrumbs-content":"","ast-featured-img":"","footer-sml-layout":"","ast-disable-related-posts":"","theme-transparent-header-meta":"","adv-header-id-meta":"","stick-header-meta":"","header-above-stick-meta":"","header-main-stick-meta":"","header-below-stick-meta":"","astra-migrate-meta-layouts":"default","ast-page-background-enabled":"default","ast-page-background-meta":{"desktop":{"background-color":"","background-image":"","background-repeat":"repeat","background-position":"center center","background-size":"auto","background-attachment":"scroll","background-type":"","background-media":"","overlay-type":"","overlay-color":"","overlay-opacity":"","overlay-gradient":""},"tablet":{"background-color":"","background-image":"","background-repeat":"repeat","background-position":"center center","background-size":"auto","background-attachment":"scroll","background-type":"","background-media":"","overlay-type":"","overlay-color":"","overlay-opacity":"","overlay-gradient":""},"mobile":{"background-color":"","background-image":"","background-repeat":"repeat","background-position":"center center","background-size":"auto","background-attachment":"scroll","background-type":"","background-media":"","overlay-type":"","overlay-color":"","overlay-opacity":"","overlay-gradient":""}},"ast-content-background-meta":{"desktop":{"background-color":"var(--ast-global-color-4)","background-image":"","background-repeat":"repeat","background-position":"center center","background-size":"auto","background-attachment":"scroll","background-type":"","background-media":"","overlay-type":"","overlay-color":"","overlay-opacity":"","overlay-gradient":""},"tablet":{"background-color":"var(--ast-global-color-4)","background-image":"","background-repeat":"repeat","background-position":"center center","background-size":"auto","background-attachment":"scroll","background-type":"","background-media":"","overlay-type":"","overlay-color":"","overlay-opacity":"","overlay-gradient":""},"mobile":{"background-color":"var(--ast-global-color-4)","background-image":"","background-repeat":"repeat","background-position":"center center","background-size":"auto","background-attachment":"scroll","background-type":"","background-media":"","overlay-type":"","overlay-color":"","overlay-opacity":"","overlay-gradient":""}}},"product_brand":[],"product_cat":[9581],"product_tag":[2943],"class_list":{"0":"post-9813","1":"product","2":"type-product","3":"status-publish","4":"has-post-thumbnail","6":"product_cat-kriminaliniai-romanai","7":"product_tag-mary-higgins-clark","8":"desktop-align-left","9":"tablet-align-left","10":"mobile-align-left","12":"first","13":"outofstock","14":"shipping-taxable","15":"purchasable","16":"product-type-simple"},"acf":[],"yoast_head":"<!-- This site is optimized with the Yoast SEO plugin v27.0 - https:\/\/yoast.com\/product\/yoast-seo-wordpress\/ -->\n<title>\u201eA\u0161 eisiu viena\u201c<\/title>\n<meta name=\"description\" content=\"\u201eNesl\u016bgstan\u010dios \u012ftampos ir nenusp\u0117jam\u0173 pos\u016bki\u0173 kupinas provokuojantis ir \u012ftraukiantis Mary Higgins Clark romanas, kuriame meistri\u0161kai supintos tapatyb\u0117s vagyst\u0117s, ker\u0161to ir \u017emog\u017eudyst\u0117s siu\u017eetin\u0117s linijos.\u201c - Booklist    Talentinga interjero dizainer\u0117 Aleksandra (Zana) Morland vis dar gyvena viltimi susigr\u0105\u017einti s\u016bnel\u012f, kuris prie\u0161 dvejus metus paslaptingai pradingo i\u0161 Niujorko Centrinio parko. Ma\u017eojo Metju penktojo gimtadienio dien\u0105 Aleksandra sulaukia netik\u0117tos \u017einios \u2013 ka\u017ekas atsiskaito jos kredito kortel\u0117mis ir naudojasi jos banko s\u0105skaitomis. Negana to, t\u0105 pa\u010di\u0105 dien\u0105 spaudoje pasirodo nuotraukos, kuriose \u2013 nenugin\u010dijami \u012frodymai, kad berniuk\u0105 pagrob\u0117... ji pati.  Persekiojama \u017eurnalist\u0173, tardoma s\u016bnaus dingimo byl\u0105 tirian\u010di\u0173 detektyv\u0173, u\u017egauliojama tiek t\u016b\u017etan\u010dio buvusio vyro, tiek ker\u0161to trok\u0161tan\u010dio buvusio vir\u0161ininko, Aleksandra pasiry\u017eta su\u017einoti, kas ir kod\u0117l bando j\u0105 su\u017elugdyti.  Ta\u010diau ji n\u0117 ne\u012ftaria, kad kiekvienas \u017eingsnis artinantis prie tiesos kelia vis didesn\u0119 gr\u0117sm\u0119 jos pa\u010dios ir mylim\u0173 \u017emoni\u0173 gyvybei...\" \/>\n<meta name=\"robots\" content=\"index, follow, max-snippet:-1, max-image-preview:large, max-video-preview:-1\" \/>\n<link rel=\"canonical\" href=\"https:\/\/skaitytaknyga.lt\/en\/produktas\/mary-higgins-clark-as-eisiu-viena\/\" \/>\n<meta property=\"og:locale\" content=\"en_GB\" \/>\n<meta property=\"og:locale:alternate\" content=\"lt_LT\" \/>\n<meta property=\"og:type\" content=\"article\" \/>\n<meta property=\"og:title\" content=\"\u201eA\u0161 eisiu viena\u201c\" \/>\n<meta property=\"og:description\" content=\"\u201eNesl\u016bgstan\u010dios \u012ftampos ir nenusp\u0117jam\u0173 pos\u016bki\u0173 kupinas provokuojantis ir \u012ftraukiantis Mary Higgins Clark romanas, kuriame meistri\u0161kai supintos tapatyb\u0117s vagyst\u0117s, ker\u0161to ir \u017emog\u017eudyst\u0117s siu\u017eetin\u0117s linijos.\u201c - Booklist    Talentinga interjero dizainer\u0117 Aleksandra (Zana) Morland vis dar gyvena viltimi susigr\u0105\u017einti s\u016bnel\u012f, kuris prie\u0161 dvejus metus paslaptingai pradingo i\u0161 Niujorko Centrinio parko. Ma\u017eojo Metju penktojo gimtadienio dien\u0105 Aleksandra sulaukia netik\u0117tos \u017einios \u2013 ka\u017ekas atsiskaito jos kredito kortel\u0117mis ir naudojasi jos banko s\u0105skaitomis. Negana to, t\u0105 pa\u010di\u0105 dien\u0105 spaudoje pasirodo nuotraukos, kuriose \u2013 nenugin\u010dijami \u012frodymai, kad berniuk\u0105 pagrob\u0117... ji pati.  Persekiojama \u017eurnalist\u0173, tardoma s\u016bnaus dingimo byl\u0105 tirian\u010di\u0173 detektyv\u0173, u\u017egauliojama tiek t\u016b\u017etan\u010dio buvusio vyro, tiek ker\u0161to trok\u0161tan\u010dio buvusio vir\u0161ininko, Aleksandra pasiry\u017eta su\u017einoti, kas ir kod\u0117l bando j\u0105 su\u017elugdyti.  Ta\u010diau ji n\u0117 ne\u012ftaria, kad kiekvienas \u017eingsnis artinantis prie tiesos kelia vis didesn\u0119 gr\u0117sm\u0119 jos pa\u010dios ir mylim\u0173 \u017emoni\u0173 gyvybei...\" \/>\n<meta property=\"og:url\" content=\"https:\/\/skaitytaknyga.lt\/en\/produktas\/mary-higgins-clark-as-eisiu-viena\/\" \/>\n<meta property=\"og:site_name\" content=\"Skaitytaknyga\" \/>\n<meta property=\"article:publisher\" content=\"https:\/\/www.facebook.com\/skaitytaknyga\/\" \/>\n<meta property=\"article:modified_time\" content=\"2026-03-05T09:59:19+00:00\" \/>\n<meta property=\"og:image\" content=\"https:\/\/skaitytaknyga.lt\/wp-content\/uploads\/2024\/05\/1462879347_cdbas-eisiu-vienaz1.jpg\" \/>\n\t<meta property=\"og:image:width\" content=\"263\" \/>\n\t<meta property=\"og:image:height\" content=\"430\" \/>\n\t<meta property=\"og:image:type\" content=\"image\/jpeg\" \/>\n<meta name=\"twitter:card\" content=\"summary_large_image\" \/>\n<meta name=\"twitter:label1\" content=\"Estimated reading time\" \/>\n\t<meta name=\"twitter:data1\" content=\"1 minute\" \/>\n<script type=\"application\/ld+json\" class=\"yoast-schema-graph\">{\"@context\":\"https:\/\/schema.org\",\"@graph\":[{\"@type\":\"WebPage\",\"@id\":\"https:\/\/skaitytaknyga.lt\/produktas\/mary-higgins-clark-as-eisiu-viena\/\",\"url\":\"https:\/\/skaitytaknyga.lt\/produktas\/mary-higgins-clark-as-eisiu-viena\/\",\"name\":\"\u201eA\u0161 eisiu viena\u201c\",\"isPartOf\":{\"@id\":\"https:\/\/skaitytaknyga.lt\/#website\"},\"primaryImageOfPage\":{\"@id\":\"https:\/\/skaitytaknyga.lt\/produktas\/mary-higgins-clark-as-eisiu-viena\/#primaryimage\"},\"image\":{\"@id\":\"https:\/\/skaitytaknyga.lt\/produktas\/mary-higgins-clark-as-eisiu-viena\/#primaryimage\"},\"thumbnailUrl\":\"https:\/\/skaitytaknyga.lt\/wp-content\/uploads\/2024\/05\/1462879347_cdbas-eisiu-vienaz1.jpg\",\"datePublished\":\"2024-05-04T17:58:54+00:00\",\"dateModified\":\"2026-03-05T09:59:19+00:00\",\"description\":\"\u201eNesl\u016bgstan\u010dios \u012ftampos ir nenusp\u0117jam\u0173 pos\u016bki\u0173 kupinas provokuojantis ir \u012ftraukiantis Mary Higgins Clark romanas, kuriame meistri\u0161kai supintos tapatyb\u0117s vagyst\u0117s, ker\u0161to ir \u017emog\u017eudyst\u0117s siu\u017eetin\u0117s linijos.\u201c - Booklist Talentinga interjero dizainer\u0117 Aleksandra (Zana) Morland vis dar gyvena viltimi susigr\u0105\u017einti s\u016bnel\u012f, kuris prie\u0161 dvejus metus paslaptingai pradingo i\u0161 Niujorko Centrinio parko. Ma\u017eojo Metju penktojo gimtadienio dien\u0105 Aleksandra sulaukia netik\u0117tos \u017einios \u2013 ka\u017ekas atsiskaito jos kredito kortel\u0117mis ir naudojasi jos banko s\u0105skaitomis. Negana to, t\u0105 pa\u010di\u0105 dien\u0105 spaudoje pasirodo nuotraukos, kuriose \u2013 nenugin\u010dijami \u012frodymai, kad berniuk\u0105 pagrob\u0117... ji pati. Persekiojama \u017eurnalist\u0173, tardoma s\u016bnaus dingimo byl\u0105 tirian\u010di\u0173 detektyv\u0173, u\u017egauliojama tiek t\u016b\u017etan\u010dio buvusio vyro, tiek ker\u0161to trok\u0161tan\u010dio buvusio vir\u0161ininko, Aleksandra pasiry\u017eta su\u017einoti, kas ir kod\u0117l bando j\u0105 su\u017elugdyti. Ta\u010diau ji n\u0117 ne\u012ftaria, kad kiekvienas \u017eingsnis artinantis prie tiesos kelia vis didesn\u0119 gr\u0117sm\u0119 jos pa\u010dios ir mylim\u0173 \u017emoni\u0173 gyvybei...\",\"breadcrumb\":{\"@id\":\"https:\/\/skaitytaknyga.lt\/produktas\/mary-higgins-clark-as-eisiu-viena\/#breadcrumb\"},\"inLanguage\":\"en-GB\",\"potentialAction\":[{\"@type\":\"ReadAction\",\"target\":[\"https:\/\/skaitytaknyga.lt\/produktas\/mary-higgins-clark-as-eisiu-viena\/\"]}]},{\"@type\":\"ImageObject\",\"inLanguage\":\"en-GB\",\"@id\":\"https:\/\/skaitytaknyga.lt\/produktas\/mary-higgins-clark-as-eisiu-viena\/#primaryimage\",\"url\":\"https:\/\/skaitytaknyga.lt\/wp-content\/uploads\/2024\/05\/1462879347_cdbas-eisiu-vienaz1.jpg\",\"contentUrl\":\"https:\/\/skaitytaknyga.lt\/wp-content\/uploads\/2024\/05\/1462879347_cdbas-eisiu-vienaz1.jpg\",\"width\":263,\"height\":430},{\"@type\":\"BreadcrumbList\",\"@id\":\"https:\/\/skaitytaknyga.lt\/produktas\/mary-higgins-clark-as-eisiu-viena\/#breadcrumb\",\"itemListElement\":[{\"@type\":\"ListItem\",\"position\":1,\"name\":\"Home\",\"item\":\"https:\/\/skaitytaknyga.lt\/\"},{\"@type\":\"ListItem\",\"position\":2,\"name\":\"Parduotuv\u0117\",\"item\":\"https:\/\/skaitytaknyga.lt\/knygu-parduotuve\/\"},{\"@type\":\"ListItem\",\"position\":3,\"name\":\"\u201eA\u0161 eisiu viena\u201c\"}]},{\"@type\":\"WebSite\",\"@id\":\"https:\/\/skaitytaknyga.lt\/#website\",\"url\":\"https:\/\/skaitytaknyga.lt\/\",\"name\":\"skaitytaknyga.lt\",\"description\":\"Skaitytaknyga.lt \u2013 tai ma\u017eas \u0161eimos verslas, kuris prasid\u0117jo nuo meil\u0117s knygoms ir siekio i\u0161gelb\u0117ti knygas nuo likimo prie konteinerio. Kas vienam nereikalingas daiktas \u2013 kitam lobis, o mes esame tarpininkai, kurie padeda abiems tapti laimingesniems ???? \u017dinome kaip nelengva i\u0161gyventi ma\u017eiems verslams, tad nuo \u0161iol, \u010dia rasite ir kit\u0173, ma\u017e\u0173 \u0161eim\u0173 versl\u0173, rank\u0173 darbo, dovan\u0173 sau ir artimiesiems.\",\"publisher\":{\"@id\":\"https:\/\/skaitytaknyga.lt\/#organization\"},\"potentialAction\":[{\"@type\":\"SearchAction\",\"target\":{\"@type\":\"EntryPoint\",\"urlTemplate\":\"https:\/\/skaitytaknyga.lt\/?s={search_term_string}\"},\"query-input\":{\"@type\":\"PropertyValueSpecification\",\"valueRequired\":true,\"valueName\":\"search_term_string\"}}],\"inLanguage\":\"en-GB\"},{\"@type\":\"Organization\",\"@id\":\"https:\/\/skaitytaknyga.lt\/#organization\",\"name\":\"skaitytaknyga.lt\",\"url\":\"https:\/\/skaitytaknyga.lt\/\",\"logo\":{\"@type\":\"ImageObject\",\"inLanguage\":\"en-GB\",\"@id\":\"https:\/\/skaitytaknyga.lt\/#\/schema\/logo\/image\/\",\"url\":\"https:\/\/skaitytaknyga.lt\/wp-content\/uploads\/2024\/05\/cropped-cropped-cropped-02_00843_jt3bggkj1j3HLc7SyY6rEUpg.jpeg\",\"contentUrl\":\"https:\/\/skaitytaknyga.lt\/wp-content\/uploads\/2024\/05\/cropped-cropped-cropped-02_00843_jt3bggkj1j3HLc7SyY6rEUpg.jpeg\",\"width\":1600,\"height\":1600,\"caption\":\"skaitytaknyga.lt\"},\"image\":{\"@id\":\"https:\/\/skaitytaknyga.lt\/#\/schema\/logo\/image\/\"},\"sameAs\":[\"https:\/\/www.facebook.com\/skaitytaknyga\/\"]}]}<\/script>\n<!-- \/ Yoast SEO plugin. -->","yoast_head_json":{"title":"\u201eA\u0161 eisiu viena\u201c","description":"\u201eNesl\u016bgstan\u010dios \u012ftampos ir nenusp\u0117jam\u0173 pos\u016bki\u0173 kupinas provokuojantis ir \u012ftraukiantis Mary Higgins Clark romanas, kuriame meistri\u0161kai supintos tapatyb\u0117s vagyst\u0117s, ker\u0161to ir \u017emog\u017eudyst\u0117s siu\u017eetin\u0117s linijos.\u201c - Booklist    Talentinga interjero dizainer\u0117 Aleksandra (Zana) Morland vis dar gyvena viltimi susigr\u0105\u017einti s\u016bnel\u012f, kuris prie\u0161 dvejus metus paslaptingai pradingo i\u0161 Niujorko Centrinio parko. Ma\u017eojo Metju penktojo gimtadienio dien\u0105 Aleksandra sulaukia netik\u0117tos \u017einios \u2013 ka\u017ekas atsiskaito jos kredito kortel\u0117mis ir naudojasi jos banko s\u0105skaitomis. Negana to, t\u0105 pa\u010di\u0105 dien\u0105 spaudoje pasirodo nuotraukos, kuriose \u2013 nenugin\u010dijami \u012frodymai, kad berniuk\u0105 pagrob\u0117... ji pati.  Persekiojama \u017eurnalist\u0173, tardoma s\u016bnaus dingimo byl\u0105 tirian\u010di\u0173 detektyv\u0173, u\u017egauliojama tiek t\u016b\u017etan\u010dio buvusio vyro, tiek ker\u0161to trok\u0161tan\u010dio buvusio vir\u0161ininko, Aleksandra pasiry\u017eta su\u017einoti, kas ir kod\u0117l bando j\u0105 su\u017elugdyti.  Ta\u010diau ji n\u0117 ne\u012ftaria, kad kiekvienas \u017eingsnis artinantis prie tiesos kelia vis didesn\u0119 gr\u0117sm\u0119 jos pa\u010dios ir mylim\u0173 \u017emoni\u0173 gyvybei...","robots":{"index":"index","follow":"follow","max-snippet":"max-snippet:-1","max-image-preview":"max-image-preview:large","max-video-preview":"max-video-preview:-1"},"canonical":"https:\/\/skaitytaknyga.lt\/en\/produktas\/mary-higgins-clark-as-eisiu-viena\/","og_locale":"en_GB","og_type":"article","og_title":"[:lt]\u201eA\u0161 eisiu viena\u201c[:] - Skaitytaknyga","og_description":"\u201eNesl\u016bgstan\u010dios \u012ftampos ir nenusp\u0117jam\u0173 pos\u016bki\u0173 kupinas provokuojantis ir \u012ftraukiantis Mary Higgins Clark romanas, kuriame meistri\u0161kai supintos tapatyb\u0117s vagyst\u0117s, ker\u0161to ir \u017emog\u017eudyst\u0117s siu\u017eetin\u0117s linijos.\u201c - Booklist    Talentinga interjero dizainer\u0117 Aleksandra (Zana) Morland vis dar gyvena viltimi susigr\u0105\u017einti s\u016bnel\u012f, kuris prie\u0161 dvejus metus paslaptingai pradingo i\u0161 Niujorko Centrinio parko. Ma\u017eojo Metju penktojo gimtadienio dien\u0105 Aleksandra sulaukia netik\u0117tos \u017einios \u2013 ka\u017ekas atsiskaito jos kredito kortel\u0117mis ir naudojasi jos banko s\u0105skaitomis. Negana to, t\u0105 pa\u010di\u0105 dien\u0105 spaudoje pasirodo nuotraukos, kuriose \u2013 nenugin\u010dijami \u012frodymai, kad berniuk\u0105 pagrob\u0117... ji pati.  Persekiojama \u017eurnalist\u0173, tardoma s\u016bnaus dingimo byl\u0105 tirian\u010di\u0173 detektyv\u0173, u\u017egauliojama tiek t\u016b\u017etan\u010dio buvusio vyro, tiek ker\u0161to trok\u0161tan\u010dio buvusio vir\u0161ininko, Aleksandra pasiry\u017eta su\u017einoti, kas ir kod\u0117l bando j\u0105 su\u017elugdyti.  Ta\u010diau ji n\u0117 ne\u012ftaria, kad kiekvienas \u017eingsnis artinantis prie tiesos kelia vis didesn\u0119 gr\u0117sm\u0119 jos pa\u010dios ir mylim\u0173 \u017emoni\u0173 gyvybei...","og_url":"https:\/\/skaitytaknyga.lt\/en\/produktas\/mary-higgins-clark-as-eisiu-viena\/","og_site_name":"Skaitytaknyga","article_publisher":"https:\/\/www.facebook.com\/skaitytaknyga\/","article_modified_time":"2026-03-05T09:59:19+00:00","og_image":[{"width":263,"height":430,"url":"https:\/\/skaitytaknyga.lt\/wp-content\/uploads\/2024\/05\/1462879347_cdbas-eisiu-vienaz1.jpg","type":"image\/jpeg"}],"twitter_card":"summary_large_image","twitter_misc":{"Estimated reading time":"1 minute"},"schema":{"@context":"https:\/\/schema.org","@graph":[{"@type":"WebPage","@id":"https:\/\/skaitytaknyga.lt\/produktas\/mary-higgins-clark-as-eisiu-viena\/","url":"https:\/\/skaitytaknyga.lt\/produktas\/mary-higgins-clark-as-eisiu-viena\/","name":"\u201eA\u0161 eisiu viena\u201c","isPartOf":{"@id":"https:\/\/skaitytaknyga.lt\/#website"},"primaryImageOfPage":{"@id":"https:\/\/skaitytaknyga.lt\/produktas\/mary-higgins-clark-as-eisiu-viena\/#primaryimage"},"image":{"@id":"https:\/\/skaitytaknyga.lt\/produktas\/mary-higgins-clark-as-eisiu-viena\/#primaryimage"},"thumbnailUrl":"https:\/\/skaitytaknyga.lt\/wp-content\/uploads\/2024\/05\/1462879347_cdbas-eisiu-vienaz1.jpg","datePublished":"2024-05-04T17:58:54+00:00","dateModified":"2026-03-05T09:59:19+00:00","description":"\u201eNesl\u016bgstan\u010dios \u012ftampos ir nenusp\u0117jam\u0173 pos\u016bki\u0173 kupinas provokuojantis ir \u012ftraukiantis Mary Higgins Clark romanas, kuriame meistri\u0161kai supintos tapatyb\u0117s vagyst\u0117s, ker\u0161to ir \u017emog\u017eudyst\u0117s siu\u017eetin\u0117s linijos.\u201c - Booklist Talentinga interjero dizainer\u0117 Aleksandra (Zana) Morland vis dar gyvena viltimi susigr\u0105\u017einti s\u016bnel\u012f, kuris prie\u0161 dvejus metus paslaptingai pradingo i\u0161 Niujorko Centrinio parko. Ma\u017eojo Metju penktojo gimtadienio dien\u0105 Aleksandra sulaukia netik\u0117tos \u017einios \u2013 ka\u017ekas atsiskaito jos kredito kortel\u0117mis ir naudojasi jos banko s\u0105skaitomis. Negana to, t\u0105 pa\u010di\u0105 dien\u0105 spaudoje pasirodo nuotraukos, kuriose \u2013 nenugin\u010dijami \u012frodymai, kad berniuk\u0105 pagrob\u0117... ji pati. Persekiojama \u017eurnalist\u0173, tardoma s\u016bnaus dingimo byl\u0105 tirian\u010di\u0173 detektyv\u0173, u\u017egauliojama tiek t\u016b\u017etan\u010dio buvusio vyro, tiek ker\u0161to trok\u0161tan\u010dio buvusio vir\u0161ininko, Aleksandra pasiry\u017eta su\u017einoti, kas ir kod\u0117l bando j\u0105 su\u017elugdyti. Ta\u010diau ji n\u0117 ne\u012ftaria, kad kiekvienas \u017eingsnis artinantis prie tiesos kelia vis didesn\u0119 gr\u0117sm\u0119 jos pa\u010dios ir mylim\u0173 \u017emoni\u0173 gyvybei...","breadcrumb":{"@id":"https:\/\/skaitytaknyga.lt\/produktas\/mary-higgins-clark-as-eisiu-viena\/#breadcrumb"},"inLanguage":"en-GB","potentialAction":[{"@type":"ReadAction","target":["https:\/\/skaitytaknyga.lt\/produktas\/mary-higgins-clark-as-eisiu-viena\/"]}]},{"@type":"ImageObject","inLanguage":"en-GB","@id":"https:\/\/skaitytaknyga.lt\/produktas\/mary-higgins-clark-as-eisiu-viena\/#primaryimage","url":"https:\/\/skaitytaknyga.lt\/wp-content\/uploads\/2024\/05\/1462879347_cdbas-eisiu-vienaz1.jpg","contentUrl":"https:\/\/skaitytaknyga.lt\/wp-content\/uploads\/2024\/05\/1462879347_cdbas-eisiu-vienaz1.jpg","width":263,"height":430},{"@type":"BreadcrumbList","@id":"https:\/\/skaitytaknyga.lt\/produktas\/mary-higgins-clark-as-eisiu-viena\/#breadcrumb","itemListElement":[{"@type":"ListItem","position":1,"name":"Home","item":"https:\/\/skaitytaknyga.lt\/"},{"@type":"ListItem","position":2,"name":"Parduotuv\u0117","item":"https:\/\/skaitytaknyga.lt\/knygu-parduotuve\/"},{"@type":"ListItem","position":3,"name":"\u201eA\u0161 eisiu viena\u201c"}]},{"@type":"WebSite","@id":"https:\/\/skaitytaknyga.lt\/#website","url":"https:\/\/skaitytaknyga.lt\/","name":"skaitytaknyga.lt","description":"Skaitytaknyga.lt \u2013 tai ma\u017eas \u0161eimos verslas, kuris prasid\u0117jo nuo meil\u0117s knygoms ir siekio i\u0161gelb\u0117ti knygas nuo likimo prie konteinerio. Kas vienam nereikalingas daiktas \u2013 kitam lobis, o mes esame tarpininkai, kurie padeda abiems tapti laimingesniems ???? \u017dinome kaip nelengva i\u0161gyventi ma\u017eiems verslams, tad nuo \u0161iol, \u010dia rasite ir kit\u0173, ma\u017e\u0173 \u0161eim\u0173 versl\u0173, rank\u0173 darbo, dovan\u0173 sau ir artimiesiems.","publisher":{"@id":"https:\/\/skaitytaknyga.lt\/#organization"},"potentialAction":[{"@type":"SearchAction","target":{"@type":"EntryPoint","urlTemplate":"https:\/\/skaitytaknyga.lt\/?s={search_term_string}"},"query-input":{"@type":"PropertyValueSpecification","valueRequired":true,"valueName":"search_term_string"}}],"inLanguage":"en-GB"},{"@type":"Organization","@id":"https:\/\/skaitytaknyga.lt\/#organization","name":"skaitytaknyga.lt","url":"https:\/\/skaitytaknyga.lt\/","logo":{"@type":"ImageObject","inLanguage":"en-GB","@id":"https:\/\/skaitytaknyga.lt\/#\/schema\/logo\/image\/","url":"https:\/\/skaitytaknyga.lt\/wp-content\/uploads\/2024\/05\/cropped-cropped-cropped-02_00843_jt3bggkj1j3HLc7SyY6rEUpg.jpeg","contentUrl":"https:\/\/skaitytaknyga.lt\/wp-content\/uploads\/2024\/05\/cropped-cropped-cropped-02_00843_jt3bggkj1j3HLc7SyY6rEUpg.jpeg","width":1600,"height":1600,"caption":"skaitytaknyga.lt"},"image":{"@id":"https:\/\/skaitytaknyga.lt\/#\/schema\/logo\/image\/"},"sameAs":["https:\/\/www.facebook.com\/skaitytaknyga\/"]}]}},"_links":{"self":[{"href":"https:\/\/skaitytaknyga.lt\/en\/wp-json\/wp\/v2\/product\/9813","targetHints":{"allow":["GET"]}}],"collection":[{"href":"https:\/\/skaitytaknyga.lt\/en\/wp-json\/wp\/v2\/product"}],"about":[{"href":"https:\/\/skaitytaknyga.lt\/en\/wp-json\/wp\/v2\/types\/product"}],"replies":[{"embeddable":true,"href":"https:\/\/skaitytaknyga.lt\/en\/wp-json\/wp\/v2\/comments?post=9813"}],"wp:featuredmedia":[{"embeddable":true,"href":"https:\/\/skaitytaknyga.lt\/en\/wp-json\/wp\/v2\/media\/9855"}],"wp:attachment":[{"href":"https:\/\/skaitytaknyga.lt\/en\/wp-json\/wp\/v2\/media?parent=9813"}],"wp:term":[{"taxonomy":"product_brand","embeddable":true,"href":"https:\/\/skaitytaknyga.lt\/en\/wp-json\/wp\/v2\/product_brand?post=9813"},{"taxonomy":"product_cat","embeddable":true,"href":"https:\/\/skaitytaknyga.lt\/en\/wp-json\/wp\/v2\/product_cat?post=9813"},{"taxonomy":"product_tag","embeddable":true,"href":"https:\/\/skaitytaknyga.lt\/en\/wp-json\/wp\/v2\/product_tag?post=9813"}],"curies":[{"name":"wp","href":"https:\/\/api.w.org\/{rel}","templated":true}]}}