{"id":9802,"date":"2024-05-04T17:58:33","date_gmt":"2024-05-04T17:58:33","guid":{"rendered":"https:\/\/skaitytaknyga.lt\/?post_type=product&#038;p=9802"},"modified":"2024-05-04T17:59:46","modified_gmt":"2024-05-04T17:59:46","slug":"catherine-alliott-po-velniu-as-tave-myliu","status":"publish","type":"product","link":"https:\/\/skaitytaknyga.lt\/en\/produktas\/catherine-alliott-po-velniu-as-tave-myliu\/","title":{"rendered":"Catherine Alliott \u201ePo velni\u0173, a\u0161 tave myliu!\u201c"},"content":{"rendered":"<div class=\"tab-content col-xs-12\">\n<div id=\"tab-description\" class=\"tab-pane active\">\n<div id=\"collapse-description\" class=\"desc-collapse\">\n<p>Catherine Alliott romanas \u2013 dar vienas \u0161iltas ir \u0161maik\u0161tus autor\u0117s pasakojimas su laiminga pabaiga. Jis priver\u010dia patik\u0117ti meile, ne kart\u0105 nusi\u0161ypsoti i\u0161 komi\u0161k\u0173, ta\u010diau toki\u0173 artim\u0173 kiekvienam i\u0161 m\u016bs\u0173 situacij\u0173. Knygos veik\u0117jai \u017eavi savitumu ir i\u0161gyvena tokius kuriozi\u0161kus atsitikimus, kuri\u0173 gyvenime ver\u010diau nepasitaikyt\u0173 (ta\u010diau juos skaityti be galo malonu!).<\/p>\n<p>Catherine Alliott \u2013 brit\u0173 autor\u0117, para\u0161iusi apie de\u0161imt\u012f knyg\u0173, lietuvi\u0173 skaitytojams pa\u017e\u012fstama kaip romano \u201eVestuvi\u0173 diena\u201c (\u201eAlma littera\u201c, 2006) autor\u0117.<\/p>\n<p>\u0160is romanas toks vaiskus ir juokingas, o veik\u0117jai \u2013 patrak\u0119 ir ekscentri\u0161ki, kad norisi tuoj pat pakviesti puodelio arbatos!<\/p>\n<\/div>\n<\/div>\n<\/div>\n","protected":false},"excerpt":{"rendered":"<div class=\"tab-content col-xs-12\">\n<div id=\"tab-description\" class=\"tab-pane active\">\n<div id=\"collapse-description\" class=\"desc-collapse\">\n<div class=\"tab-content col-xs-12\">\n<div id=\"tab-description\" class=\"tab-pane active\">\n<div id=\"collapse-description\" class=\"desc-collapse\">\n<p>Catherine Alliott romanas \u2013 dar vienas \u0161iltas ir \u0161maik\u0161tus autor\u0117s pasakojimas su laiminga pabaiga. Jis priver\u010dia patik\u0117ti meile, ne kart\u0105 nusi\u0161ypsoti i\u0161 komi\u0161k\u0173, ta\u010diau toki\u0173 artim\u0173 kiekvienam i\u0161 m\u016bs\u0173 situacij\u0173. Knygos veik\u0117jai \u017eavi savitumu ir i\u0161gyvena tokius kuriozi\u0161kus atsitikimus, kuri\u0173 gyvenime ver\u010diau nepasitaikyt\u0173 (ta\u010diau juos skaityti be galo malonu!).<\/p>\n<p>Catherine Alliott \u2013 brit\u0173 autor\u0117, para\u0161iusi apie de\u0161imt\u012f knyg\u0173, lietuvi\u0173 skaitytojams pa\u017e\u012fstama kaip romano \u201eVestuvi\u0173 diena\u201c (\u201eAlma littera\u201c, 2006) autor\u0117.<\/p>\n<p>\u0160is romanas toks vaiskus ir juokingas, o veik\u0117jai \u2013 patrak\u0119 ir ekscentri\u0161ki, kad norisi tuoj pat pakviesti puodelio arbatos!<\/p>\n<\/div>\n<\/div>\n<\/div>\n<\/div>\n<\/div>\n<\/div>\n","protected":false},"featured_media":9852,"comment_status":"closed","ping_status":"closed","template":"","meta":{"_acf_changed":false,"site-sidebar-layout":"default","site-content-layout":"","ast-site-content-layout":"default","site-content-style":"default","site-sidebar-style":"default","ast-global-header-display":"","ast-banner-title-visibility":"","ast-main-header-display":"","ast-hfb-above-header-display":"","ast-hfb-below-header-display":"","ast-hfb-mobile-header-display":"","site-post-title":"","ast-breadcrumbs-content":"","ast-featured-img":"","footer-sml-layout":"","ast-disable-related-posts":"","theme-transparent-header-meta":"","adv-header-id-meta":"","stick-header-meta":"","header-above-stick-meta":"","header-main-stick-meta":"","header-below-stick-meta":"","astra-migrate-meta-layouts":"default","ast-page-background-enabled":"default","ast-page-background-meta":{"desktop":{"background-color":"","background-image":"","background-repeat":"repeat","background-position":"center center","background-size":"auto","background-attachment":"scroll","background-type":"","background-media":"","overlay-type":"","overlay-color":"","overlay-opacity":"","overlay-gradient":""},"tablet":{"background-color":"","background-image":"","background-repeat":"repeat","background-position":"center center","background-size":"auto","background-attachment":"scroll","background-type":"","background-media":"","overlay-type":"","overlay-color":"","overlay-opacity":"","overlay-gradient":""},"mobile":{"background-color":"","background-image":"","background-repeat":"repeat","background-position":"center center","background-size":"auto","background-attachment":"scroll","background-type":"","background-media":"","overlay-type":"","overlay-color":"","overlay-opacity":"","overlay-gradient":""}},"ast-content-background-meta":{"desktop":{"background-color":"var(--ast-global-color-4)","background-image":"","background-repeat":"repeat","background-position":"center center","background-size":"auto","background-attachment":"scroll","background-type":"","background-media":"","overlay-type":"","overlay-color":"","overlay-opacity":"","overlay-gradient":""},"tablet":{"background-color":"var(--ast-global-color-4)","background-image":"","background-repeat":"repeat","background-position":"center center","background-size":"auto","background-attachment":"scroll","background-type":"","background-media":"","overlay-type":"","overlay-color":"","overlay-opacity":"","overlay-gradient":""},"mobile":{"background-color":"var(--ast-global-color-4)","background-image":"","background-repeat":"repeat","background-position":"center center","background-size":"auto","background-attachment":"scroll","background-type":"","background-media":"","overlay-type":"","overlay-color":"","overlay-opacity":"","overlay-gradient":""}}},"product_brand":[],"product_cat":[31],"product_tag":[],"class_list":{"0":"post-9802","1":"product","2":"type-product","3":"status-publish","4":"has-post-thumbnail","6":"product_cat-grozine-literatura","7":"pa_leidimo-metai-647","8":"desktop-align-left","9":"tablet-align-left","10":"mobile-align-left","12":"first","13":"instock","14":"shipping-taxable","15":"purchasable","16":"product-type-simple"},"acf":[],"yoast_head":"<!-- This site is optimized with the Yoast SEO plugin v27.0 - https:\/\/yoast.com\/product\/yoast-seo-wordpress\/ -->\n<title>Catherine Alliott \u201ePo velni\u0173, a\u0161 tave myliu!\u201c - Skaitytaknyga<\/title>\n<meta name=\"description\" content=\"Catherine Alliott romanas \u2013 dar vienas \u0161iltas ir \u0161maik\u0161tus autor\u0117s pasakojimas su laiminga pabaiga. Jis priver\u010dia patik\u0117ti meile, ne kart\u0105 nusi\u0161ypsoti i\u0161 komi\u0161k\u0173, ta\u010diau toki\u0173 artim\u0173 kiekvienam i\u0161 m\u016bs\u0173 situacij\u0173. Knygos veik\u0117jai \u017eavi savitumu ir i\u0161gyvena tokius kuriozi\u0161kus atsitikimus, kuri\u0173 gyvenime ver\u010diau nepasitaikyt\u0173 (ta\u010diau juos skaityti be galo malonu!).  Catherine Alliott \u2013 brit\u0173 autor\u0117, para\u0161iusi apie de\u0161imt\u012f knyg\u0173, lietuvi\u0173 skaitytojams pa\u017e\u012fstama kaip romano \u201eVestuvi\u0173 diena\u201c (\u201eAlma littera\u201c, 2006) autor\u0117.  \u0160is romanas toks vaiskus ir juokingas, o veik\u0117jai \u2013 patrak\u0119 ir ekscentri\u0161ki, kad norisi tuoj pat pakviesti puodelio arbatos!\" \/>\n<meta name=\"robots\" content=\"index, follow, max-snippet:-1, max-image-preview:large, max-video-preview:-1\" \/>\n<link rel=\"canonical\" href=\"https:\/\/skaitytaknyga.lt\/en\/produktas\/catherine-alliott-po-velniu-as-tave-myliu\/\" \/>\n<meta property=\"og:locale\" content=\"en_GB\" \/>\n<meta property=\"og:locale:alternate\" content=\"lt_LT\" \/>\n<meta property=\"og:type\" content=\"article\" \/>\n<meta property=\"og:title\" content=\"Catherine Alliott \u201ePo velni\u0173, a\u0161 tave myliu!\u201c - Skaitytaknyga\" \/>\n<meta property=\"og:description\" content=\"Catherine Alliott romanas \u2013 dar vienas \u0161iltas ir \u0161maik\u0161tus autor\u0117s pasakojimas su laiminga pabaiga. Jis priver\u010dia patik\u0117ti meile, ne kart\u0105 nusi\u0161ypsoti i\u0161 komi\u0161k\u0173, ta\u010diau toki\u0173 artim\u0173 kiekvienam i\u0161 m\u016bs\u0173 situacij\u0173. Knygos veik\u0117jai \u017eavi savitumu ir i\u0161gyvena tokius kuriozi\u0161kus atsitikimus, kuri\u0173 gyvenime ver\u010diau nepasitaikyt\u0173 (ta\u010diau juos skaityti be galo malonu!).  Catherine Alliott \u2013 brit\u0173 autor\u0117, para\u0161iusi apie de\u0161imt\u012f knyg\u0173, lietuvi\u0173 skaitytojams pa\u017e\u012fstama kaip romano \u201eVestuvi\u0173 diena\u201c (\u201eAlma littera\u201c, 2006) autor\u0117.  \u0160is romanas toks vaiskus ir juokingas, o veik\u0117jai \u2013 patrak\u0119 ir ekscentri\u0161ki, kad norisi tuoj pat pakviesti puodelio arbatos!\" \/>\n<meta property=\"og:url\" content=\"https:\/\/skaitytaknyga.lt\/en\/produktas\/catherine-alliott-po-velniu-as-tave-myliu\/\" \/>\n<meta property=\"og:site_name\" content=\"Skaitytaknyga\" \/>\n<meta property=\"article:publisher\" content=\"https:\/\/www.facebook.com\/skaitytaknyga\/\" \/>\n<meta property=\"article:modified_time\" content=\"2024-05-04T17:59:46+00:00\" \/>\n<meta property=\"og:image\" content=\"https:\/\/skaitytaknyga.lt\/wp-content\/uploads\/2024\/05\/1462873241_povelniuastave.jpg\" \/>\n\t<meta property=\"og:image:width\" content=\"245\" \/>\n\t<meta property=\"og:image:height\" content=\"430\" \/>\n\t<meta property=\"og:image:type\" content=\"image\/jpeg\" \/>\n<meta name=\"twitter:card\" content=\"summary_large_image\" \/>\n<meta name=\"twitter:label1\" content=\"Estimated reading time\" \/>\n\t<meta name=\"twitter:data1\" content=\"1 minute\" \/>\n<script type=\"application\/ld+json\" class=\"yoast-schema-graph\">{\"@context\":\"https:\/\/schema.org\",\"@graph\":[{\"@type\":\"WebPage\",\"@id\":\"https:\/\/skaitytaknyga.lt\/produktas\/catherine-alliott-po-velniu-as-tave-myliu\/\",\"url\":\"https:\/\/skaitytaknyga.lt\/produktas\/catherine-alliott-po-velniu-as-tave-myliu\/\",\"name\":\"Catherine Alliott \u201ePo velni\u0173, a\u0161 tave myliu!\u201c - Skaitytaknyga\",\"isPartOf\":{\"@id\":\"https:\/\/skaitytaknyga.lt\/#website\"},\"primaryImageOfPage\":{\"@id\":\"https:\/\/skaitytaknyga.lt\/produktas\/catherine-alliott-po-velniu-as-tave-myliu\/#primaryimage\"},\"image\":{\"@id\":\"https:\/\/skaitytaknyga.lt\/produktas\/catherine-alliott-po-velniu-as-tave-myliu\/#primaryimage\"},\"thumbnailUrl\":\"https:\/\/skaitytaknyga.lt\/wp-content\/uploads\/2024\/05\/1462873241_povelniuastave.jpg\",\"datePublished\":\"2024-05-04T17:58:33+00:00\",\"dateModified\":\"2024-05-04T17:59:46+00:00\",\"description\":\"Catherine Alliott romanas \u2013 dar vienas \u0161iltas ir \u0161maik\u0161tus autor\u0117s pasakojimas su laiminga pabaiga. Jis priver\u010dia patik\u0117ti meile, ne kart\u0105 nusi\u0161ypsoti i\u0161 komi\u0161k\u0173, ta\u010diau toki\u0173 artim\u0173 kiekvienam i\u0161 m\u016bs\u0173 situacij\u0173. Knygos veik\u0117jai \u017eavi savitumu ir i\u0161gyvena tokius kuriozi\u0161kus atsitikimus, kuri\u0173 gyvenime ver\u010diau nepasitaikyt\u0173 (ta\u010diau juos skaityti be galo malonu!). Catherine Alliott \u2013 brit\u0173 autor\u0117, para\u0161iusi apie de\u0161imt\u012f knyg\u0173, lietuvi\u0173 skaitytojams pa\u017e\u012fstama kaip romano \u201eVestuvi\u0173 diena\u201c (\u201eAlma littera\u201c, 2006) autor\u0117. \u0160is romanas toks vaiskus ir juokingas, o veik\u0117jai \u2013 patrak\u0119 ir ekscentri\u0161ki, kad norisi tuoj pat pakviesti puodelio arbatos!\",\"breadcrumb\":{\"@id\":\"https:\/\/skaitytaknyga.lt\/produktas\/catherine-alliott-po-velniu-as-tave-myliu\/#breadcrumb\"},\"inLanguage\":\"en-GB\",\"potentialAction\":[{\"@type\":\"ReadAction\",\"target\":[\"https:\/\/skaitytaknyga.lt\/produktas\/catherine-alliott-po-velniu-as-tave-myliu\/\"]}]},{\"@type\":\"ImageObject\",\"inLanguage\":\"en-GB\",\"@id\":\"https:\/\/skaitytaknyga.lt\/produktas\/catherine-alliott-po-velniu-as-tave-myliu\/#primaryimage\",\"url\":\"https:\/\/skaitytaknyga.lt\/wp-content\/uploads\/2024\/05\/1462873241_povelniuastave.jpg\",\"contentUrl\":\"https:\/\/skaitytaknyga.lt\/wp-content\/uploads\/2024\/05\/1462873241_povelniuastave.jpg\",\"width\":245,\"height\":430},{\"@type\":\"BreadcrumbList\",\"@id\":\"https:\/\/skaitytaknyga.lt\/produktas\/catherine-alliott-po-velniu-as-tave-myliu\/#breadcrumb\",\"itemListElement\":[{\"@type\":\"ListItem\",\"position\":1,\"name\":\"Home\",\"item\":\"https:\/\/skaitytaknyga.lt\/\"},{\"@type\":\"ListItem\",\"position\":2,\"name\":\"Parduotuv\u0117\",\"item\":\"https:\/\/skaitytaknyga.lt\/knygu-parduotuve\/\"},{\"@type\":\"ListItem\",\"position\":3,\"name\":\"Catherine Alliott \u201ePo velni\u0173, a\u0161 tave myliu!\u201c\"}]},{\"@type\":\"WebSite\",\"@id\":\"https:\/\/skaitytaknyga.lt\/#website\",\"url\":\"https:\/\/skaitytaknyga.lt\/\",\"name\":\"skaitytaknyga.lt\",\"description\":\"Skaitytaknyga.lt \u2013 tai ma\u017eas \u0161eimos verslas, kuris prasid\u0117jo nuo meil\u0117s knygoms ir siekio i\u0161gelb\u0117ti knygas nuo likimo prie konteinerio. Kas vienam nereikalingas daiktas \u2013 kitam lobis, o mes esame tarpininkai, kurie padeda abiems tapti laimingesniems ???? \u017dinome kaip nelengva i\u0161gyventi ma\u017eiems verslams, tad nuo \u0161iol, \u010dia rasite ir kit\u0173, ma\u017e\u0173 \u0161eim\u0173 versl\u0173, rank\u0173 darbo, dovan\u0173 sau ir artimiesiems.\",\"publisher\":{\"@id\":\"https:\/\/skaitytaknyga.lt\/#organization\"},\"potentialAction\":[{\"@type\":\"SearchAction\",\"target\":{\"@type\":\"EntryPoint\",\"urlTemplate\":\"https:\/\/skaitytaknyga.lt\/?s={search_term_string}\"},\"query-input\":{\"@type\":\"PropertyValueSpecification\",\"valueRequired\":true,\"valueName\":\"search_term_string\"}}],\"inLanguage\":\"en-GB\"},{\"@type\":\"Organization\",\"@id\":\"https:\/\/skaitytaknyga.lt\/#organization\",\"name\":\"skaitytaknyga.lt\",\"url\":\"https:\/\/skaitytaknyga.lt\/\",\"logo\":{\"@type\":\"ImageObject\",\"inLanguage\":\"en-GB\",\"@id\":\"https:\/\/skaitytaknyga.lt\/#\/schema\/logo\/image\/\",\"url\":\"https:\/\/skaitytaknyga.lt\/wp-content\/uploads\/2024\/05\/cropped-cropped-cropped-02_00843_jt3bggkj1j3HLc7SyY6rEUpg.jpeg\",\"contentUrl\":\"https:\/\/skaitytaknyga.lt\/wp-content\/uploads\/2024\/05\/cropped-cropped-cropped-02_00843_jt3bggkj1j3HLc7SyY6rEUpg.jpeg\",\"width\":1600,\"height\":1600,\"caption\":\"skaitytaknyga.lt\"},\"image\":{\"@id\":\"https:\/\/skaitytaknyga.lt\/#\/schema\/logo\/image\/\"},\"sameAs\":[\"https:\/\/www.facebook.com\/skaitytaknyga\/\"]}]}<\/script>\n<!-- \/ Yoast SEO plugin. -->","yoast_head_json":{"title":"Catherine Alliott \u201ePo velni\u0173, a\u0161 tave myliu!\u201c - Skaitytaknyga","description":"Catherine Alliott romanas \u2013 dar vienas \u0161iltas ir \u0161maik\u0161tus autor\u0117s pasakojimas su laiminga pabaiga. Jis priver\u010dia patik\u0117ti meile, ne kart\u0105 nusi\u0161ypsoti i\u0161 komi\u0161k\u0173, ta\u010diau toki\u0173 artim\u0173 kiekvienam i\u0161 m\u016bs\u0173 situacij\u0173. Knygos veik\u0117jai \u017eavi savitumu ir i\u0161gyvena tokius kuriozi\u0161kus atsitikimus, kuri\u0173 gyvenime ver\u010diau nepasitaikyt\u0173 (ta\u010diau juos skaityti be galo malonu!).  Catherine Alliott \u2013 brit\u0173 autor\u0117, para\u0161iusi apie de\u0161imt\u012f knyg\u0173, lietuvi\u0173 skaitytojams pa\u017e\u012fstama kaip romano \u201eVestuvi\u0173 diena\u201c (\u201eAlma littera\u201c, 2006) autor\u0117.  \u0160is romanas toks vaiskus ir juokingas, o veik\u0117jai \u2013 patrak\u0119 ir ekscentri\u0161ki, kad norisi tuoj pat pakviesti puodelio arbatos!","robots":{"index":"index","follow":"follow","max-snippet":"max-snippet:-1","max-image-preview":"max-image-preview:large","max-video-preview":"max-video-preview:-1"},"canonical":"https:\/\/skaitytaknyga.lt\/en\/produktas\/catherine-alliott-po-velniu-as-tave-myliu\/","og_locale":"en_GB","og_type":"article","og_title":"Catherine Alliott \u201ePo velni\u0173, a\u0161 tave myliu!\u201c - Skaitytaknyga","og_description":"Catherine Alliott romanas \u2013 dar vienas \u0161iltas ir \u0161maik\u0161tus autor\u0117s pasakojimas su laiminga pabaiga. Jis priver\u010dia patik\u0117ti meile, ne kart\u0105 nusi\u0161ypsoti i\u0161 komi\u0161k\u0173, ta\u010diau toki\u0173 artim\u0173 kiekvienam i\u0161 m\u016bs\u0173 situacij\u0173. Knygos veik\u0117jai \u017eavi savitumu ir i\u0161gyvena tokius kuriozi\u0161kus atsitikimus, kuri\u0173 gyvenime ver\u010diau nepasitaikyt\u0173 (ta\u010diau juos skaityti be galo malonu!).  Catherine Alliott \u2013 brit\u0173 autor\u0117, para\u0161iusi apie de\u0161imt\u012f knyg\u0173, lietuvi\u0173 skaitytojams pa\u017e\u012fstama kaip romano \u201eVestuvi\u0173 diena\u201c (\u201eAlma littera\u201c, 2006) autor\u0117.  \u0160is romanas toks vaiskus ir juokingas, o veik\u0117jai \u2013 patrak\u0119 ir ekscentri\u0161ki, kad norisi tuoj pat pakviesti puodelio arbatos!","og_url":"https:\/\/skaitytaknyga.lt\/en\/produktas\/catherine-alliott-po-velniu-as-tave-myliu\/","og_site_name":"Skaitytaknyga","article_publisher":"https:\/\/www.facebook.com\/skaitytaknyga\/","article_modified_time":"2024-05-04T17:59:46+00:00","og_image":[{"width":245,"height":430,"url":"https:\/\/skaitytaknyga.lt\/wp-content\/uploads\/2024\/05\/1462873241_povelniuastave.jpg","type":"image\/jpeg"}],"twitter_card":"summary_large_image","twitter_misc":{"Estimated reading time":"1 minute"},"schema":{"@context":"https:\/\/schema.org","@graph":[{"@type":"WebPage","@id":"https:\/\/skaitytaknyga.lt\/produktas\/catherine-alliott-po-velniu-as-tave-myliu\/","url":"https:\/\/skaitytaknyga.lt\/produktas\/catherine-alliott-po-velniu-as-tave-myliu\/","name":"Catherine Alliott \u201ePo velni\u0173, a\u0161 tave myliu!\u201c - Skaitytaknyga","isPartOf":{"@id":"https:\/\/skaitytaknyga.lt\/#website"},"primaryImageOfPage":{"@id":"https:\/\/skaitytaknyga.lt\/produktas\/catherine-alliott-po-velniu-as-tave-myliu\/#primaryimage"},"image":{"@id":"https:\/\/skaitytaknyga.lt\/produktas\/catherine-alliott-po-velniu-as-tave-myliu\/#primaryimage"},"thumbnailUrl":"https:\/\/skaitytaknyga.lt\/wp-content\/uploads\/2024\/05\/1462873241_povelniuastave.jpg","datePublished":"2024-05-04T17:58:33+00:00","dateModified":"2024-05-04T17:59:46+00:00","description":"Catherine Alliott romanas \u2013 dar vienas \u0161iltas ir \u0161maik\u0161tus autor\u0117s pasakojimas su laiminga pabaiga. Jis priver\u010dia patik\u0117ti meile, ne kart\u0105 nusi\u0161ypsoti i\u0161 komi\u0161k\u0173, ta\u010diau toki\u0173 artim\u0173 kiekvienam i\u0161 m\u016bs\u0173 situacij\u0173. Knygos veik\u0117jai \u017eavi savitumu ir i\u0161gyvena tokius kuriozi\u0161kus atsitikimus, kuri\u0173 gyvenime ver\u010diau nepasitaikyt\u0173 (ta\u010diau juos skaityti be galo malonu!). Catherine Alliott \u2013 brit\u0173 autor\u0117, para\u0161iusi apie de\u0161imt\u012f knyg\u0173, lietuvi\u0173 skaitytojams pa\u017e\u012fstama kaip romano \u201eVestuvi\u0173 diena\u201c (\u201eAlma littera\u201c, 2006) autor\u0117. \u0160is romanas toks vaiskus ir juokingas, o veik\u0117jai \u2013 patrak\u0119 ir ekscentri\u0161ki, kad norisi tuoj pat pakviesti puodelio arbatos!","breadcrumb":{"@id":"https:\/\/skaitytaknyga.lt\/produktas\/catherine-alliott-po-velniu-as-tave-myliu\/#breadcrumb"},"inLanguage":"en-GB","potentialAction":[{"@type":"ReadAction","target":["https:\/\/skaitytaknyga.lt\/produktas\/catherine-alliott-po-velniu-as-tave-myliu\/"]}]},{"@type":"ImageObject","inLanguage":"en-GB","@id":"https:\/\/skaitytaknyga.lt\/produktas\/catherine-alliott-po-velniu-as-tave-myliu\/#primaryimage","url":"https:\/\/skaitytaknyga.lt\/wp-content\/uploads\/2024\/05\/1462873241_povelniuastave.jpg","contentUrl":"https:\/\/skaitytaknyga.lt\/wp-content\/uploads\/2024\/05\/1462873241_povelniuastave.jpg","width":245,"height":430},{"@type":"BreadcrumbList","@id":"https:\/\/skaitytaknyga.lt\/produktas\/catherine-alliott-po-velniu-as-tave-myliu\/#breadcrumb","itemListElement":[{"@type":"ListItem","position":1,"name":"Home","item":"https:\/\/skaitytaknyga.lt\/"},{"@type":"ListItem","position":2,"name":"Parduotuv\u0117","item":"https:\/\/skaitytaknyga.lt\/knygu-parduotuve\/"},{"@type":"ListItem","position":3,"name":"Catherine Alliott \u201ePo velni\u0173, a\u0161 tave myliu!\u201c"}]},{"@type":"WebSite","@id":"https:\/\/skaitytaknyga.lt\/#website","url":"https:\/\/skaitytaknyga.lt\/","name":"skaitytaknyga.lt","description":"Skaitytaknyga.lt \u2013 tai ma\u017eas \u0161eimos verslas, kuris prasid\u0117jo nuo meil\u0117s knygoms ir siekio i\u0161gelb\u0117ti knygas nuo likimo prie konteinerio. Kas vienam nereikalingas daiktas \u2013 kitam lobis, o mes esame tarpininkai, kurie padeda abiems tapti laimingesniems ???? \u017dinome kaip nelengva i\u0161gyventi ma\u017eiems verslams, tad nuo \u0161iol, \u010dia rasite ir kit\u0173, ma\u017e\u0173 \u0161eim\u0173 versl\u0173, rank\u0173 darbo, dovan\u0173 sau ir artimiesiems.","publisher":{"@id":"https:\/\/skaitytaknyga.lt\/#organization"},"potentialAction":[{"@type":"SearchAction","target":{"@type":"EntryPoint","urlTemplate":"https:\/\/skaitytaknyga.lt\/?s={search_term_string}"},"query-input":{"@type":"PropertyValueSpecification","valueRequired":true,"valueName":"search_term_string"}}],"inLanguage":"en-GB"},{"@type":"Organization","@id":"https:\/\/skaitytaknyga.lt\/#organization","name":"skaitytaknyga.lt","url":"https:\/\/skaitytaknyga.lt\/","logo":{"@type":"ImageObject","inLanguage":"en-GB","@id":"https:\/\/skaitytaknyga.lt\/#\/schema\/logo\/image\/","url":"https:\/\/skaitytaknyga.lt\/wp-content\/uploads\/2024\/05\/cropped-cropped-cropped-02_00843_jt3bggkj1j3HLc7SyY6rEUpg.jpeg","contentUrl":"https:\/\/skaitytaknyga.lt\/wp-content\/uploads\/2024\/05\/cropped-cropped-cropped-02_00843_jt3bggkj1j3HLc7SyY6rEUpg.jpeg","width":1600,"height":1600,"caption":"skaitytaknyga.lt"},"image":{"@id":"https:\/\/skaitytaknyga.lt\/#\/schema\/logo\/image\/"},"sameAs":["https:\/\/www.facebook.com\/skaitytaknyga\/"]}]}},"_links":{"self":[{"href":"https:\/\/skaitytaknyga.lt\/en\/wp-json\/wp\/v2\/product\/9802","targetHints":{"allow":["GET"]}}],"collection":[{"href":"https:\/\/skaitytaknyga.lt\/en\/wp-json\/wp\/v2\/product"}],"about":[{"href":"https:\/\/skaitytaknyga.lt\/en\/wp-json\/wp\/v2\/types\/product"}],"replies":[{"embeddable":true,"href":"https:\/\/skaitytaknyga.lt\/en\/wp-json\/wp\/v2\/comments?post=9802"}],"wp:featuredmedia":[{"embeddable":true,"href":"https:\/\/skaitytaknyga.lt\/en\/wp-json\/wp\/v2\/media\/9852"}],"wp:attachment":[{"href":"https:\/\/skaitytaknyga.lt\/en\/wp-json\/wp\/v2\/media?parent=9802"}],"wp:term":[{"taxonomy":"product_brand","embeddable":true,"href":"https:\/\/skaitytaknyga.lt\/en\/wp-json\/wp\/v2\/product_brand?post=9802"},{"taxonomy":"product_cat","embeddable":true,"href":"https:\/\/skaitytaknyga.lt\/en\/wp-json\/wp\/v2\/product_cat?post=9802"},{"taxonomy":"product_tag","embeddable":true,"href":"https:\/\/skaitytaknyga.lt\/en\/wp-json\/wp\/v2\/product_tag?post=9802"}],"curies":[{"name":"wp","href":"https:\/\/api.w.org\/{rel}","templated":true}]}}