{"id":9801,"date":"2024-05-04T17:58:33","date_gmt":"2024-05-04T17:58:33","guid":{"rendered":"https:\/\/skaitytaknyga.lt\/?post_type=product&#038;p=9801"},"modified":"2024-05-04T17:59:44","modified_gmt":"2024-05-04T17:59:44","slug":"emyl-jenkins-stilinga-vagyste","status":"publish","type":"product","link":"https:\/\/skaitytaknyga.lt\/en\/produktas\/emyl-jenkins-stilinga-vagyste\/","title":{"rendered":"Emyl Jenkins \u201eStilinga vagyst\u0117\u201c"},"content":{"rendered":"<div class=\"tab-content col-xs-12\">\n<div id=\"tab-description\" class=\"tab-pane active\">\n<div id=\"collapse-description\" class=\"desc-collapse\">\n<p>Pagrindin\u0117 heroj\u0117 Sterling Glas yra antikvarini\u0173 daikt\u0173 vertintoja. Kart\u0105, nor\u0117dama i\u0161siai\u0161kinti senovinio kaitintuvo istorij\u0105, ji aptinka sud\u0117ting\u0105 suk\u010diavimo mechanizm\u0105 ir \u012fklimpsta \u012f besaikio godulio, apgaul\u0117s ir pavoj\u0173 li\u016bn\u0105. Pasirodo, pa\u010dios brangiausios vertyb\u0117s saugo did\u017eiules paslaptis.<\/p>\n<\/div>\n<p>Cappuccino serija<\/p>\n<\/div>\n<\/div>\n","protected":false},"excerpt":{"rendered":"<div class=\"tab-content col-xs-12\">\n<div id=\"tab-description\" class=\"tab-pane active\">\n<div id=\"collapse-description\" class=\"desc-collapse\">\n<div class=\"tab-content col-xs-12\">\n<div id=\"tab-description\" class=\"tab-pane active\">\n<div id=\"collapse-description\" class=\"desc-collapse\">\n<p>Pagrindin\u0117 heroj\u0117 Sterling Glas yra antikvarini\u0173 daikt\u0173 vertintoja. Kart\u0105, nor\u0117dama i\u0161siai\u0161kinti senovinio kaitintuvo istorij\u0105, ji aptinka sud\u0117ting\u0105 suk\u010diavimo mechanizm\u0105 ir \u012fklimpsta \u012f besaikio godulio, apgaul\u0117s ir pavoj\u0173 li\u016bn\u0105. Pasirodo, pa\u010dios brangiausios vertyb\u0117s saugo did\u017eiules paslaptis.<\/p>\n<\/div>\n<p>Cappuccino serija<\/p>\n<\/div>\n<\/div>\n<\/div>\n<\/div>\n<\/div>\n","protected":false},"featured_media":9851,"comment_status":"closed","ping_status":"closed","template":"","meta":{"_acf_changed":false,"site-sidebar-layout":"default","site-content-layout":"","ast-site-content-layout":"default","site-content-style":"default","site-sidebar-style":"default","ast-global-header-display":"","ast-banner-title-visibility":"","ast-main-header-display":"","ast-hfb-above-header-display":"","ast-hfb-below-header-display":"","ast-hfb-mobile-header-display":"","site-post-title":"","ast-breadcrumbs-content":"","ast-featured-img":"","footer-sml-layout":"","ast-disable-related-posts":"","theme-transparent-header-meta":"","adv-header-id-meta":"","stick-header-meta":"","header-above-stick-meta":"","header-main-stick-meta":"","header-below-stick-meta":"","astra-migrate-meta-layouts":"default","ast-page-background-enabled":"default","ast-page-background-meta":{"desktop":{"background-color":"","background-image":"","background-repeat":"repeat","background-position":"center center","background-size":"auto","background-attachment":"scroll","background-type":"","background-media":"","overlay-type":"","overlay-color":"","overlay-opacity":"","overlay-gradient":""},"tablet":{"background-color":"","background-image":"","background-repeat":"repeat","background-position":"center center","background-size":"auto","background-attachment":"scroll","background-type":"","background-media":"","overlay-type":"","overlay-color":"","overlay-opacity":"","overlay-gradient":""},"mobile":{"background-color":"","background-image":"","background-repeat":"repeat","background-position":"center center","background-size":"auto","background-attachment":"scroll","background-type":"","background-media":"","overlay-type":"","overlay-color":"","overlay-opacity":"","overlay-gradient":""}},"ast-content-background-meta":{"desktop":{"background-color":"var(--ast-global-color-4)","background-image":"","background-repeat":"repeat","background-position":"center center","background-size":"auto","background-attachment":"scroll","background-type":"","background-media":"","overlay-type":"","overlay-color":"","overlay-opacity":"","overlay-gradient":""},"tablet":{"background-color":"var(--ast-global-color-4)","background-image":"","background-repeat":"repeat","background-position":"center center","background-size":"auto","background-attachment":"scroll","background-type":"","background-media":"","overlay-type":"","overlay-color":"","overlay-opacity":"","overlay-gradient":""},"mobile":{"background-color":"var(--ast-global-color-4)","background-image":"","background-repeat":"repeat","background-position":"center center","background-size":"auto","background-attachment":"scroll","background-type":"","background-media":"","overlay-type":"","overlay-color":"","overlay-opacity":"","overlay-gradient":""}}},"product_brand":[],"product_cat":[31],"product_tag":[],"class_list":{"0":"post-9801","1":"product","2":"type-product","3":"status-publish","4":"has-post-thumbnail","6":"product_cat-grozine-literatura","7":"pa_leidimo-metai-647","8":"desktop-align-left","9":"tablet-align-left","10":"mobile-align-left","12":"first","13":"instock","14":"shipping-taxable","15":"purchasable","16":"product-type-simple"},"acf":[],"yoast_head":"<!-- This site is optimized with the Yoast SEO plugin v27.0 - https:\/\/yoast.com\/product\/yoast-seo-wordpress\/ -->\n<title>Emyl Jenkins \u201eStilinga vagyst\u0117\u201c - Skaitytaknyga<\/title>\n<meta name=\"description\" content=\"Pagrindin\u0117 heroj\u0117 Sterling Glas yra antikvarini\u0173 daikt\u0173 vertintoja. Kart\u0105, nor\u0117dama i\u0161siai\u0161kinti senovinio kaitintuvo istorij\u0105, ji aptinka sud\u0117ting\u0105 suk\u010diavimo mechanizm\u0105 ir \u012fklimpsta \u012f besaikio godulio, apgaul\u0117s ir pavoj\u0173 li\u016bn\u0105. Pasirodo, pa\u010dios brangiausios vertyb\u0117s saugo did\u017eiules paslaptis.   Cappuccino serija\" \/>\n<meta name=\"robots\" content=\"index, follow, max-snippet:-1, max-image-preview:large, max-video-preview:-1\" \/>\n<link rel=\"canonical\" href=\"https:\/\/skaitytaknyga.lt\/en\/produktas\/emyl-jenkins-stilinga-vagyste\/\" \/>\n<meta property=\"og:locale\" content=\"en_GB\" \/>\n<meta property=\"og:locale:alternate\" content=\"lt_LT\" \/>\n<meta property=\"og:type\" content=\"article\" \/>\n<meta property=\"og:title\" content=\"Emyl Jenkins \u201eStilinga vagyst\u0117\u201c - Skaitytaknyga\" \/>\n<meta property=\"og:description\" content=\"Pagrindin\u0117 heroj\u0117 Sterling Glas yra antikvarini\u0173 daikt\u0173 vertintoja. Kart\u0105, nor\u0117dama i\u0161siai\u0161kinti senovinio kaitintuvo istorij\u0105, ji aptinka sud\u0117ting\u0105 suk\u010diavimo mechanizm\u0105 ir \u012fklimpsta \u012f besaikio godulio, apgaul\u0117s ir pavoj\u0173 li\u016bn\u0105. Pasirodo, pa\u010dios brangiausios vertyb\u0117s saugo did\u017eiules paslaptis.   Cappuccino serija\" \/>\n<meta property=\"og:url\" content=\"https:\/\/skaitytaknyga.lt\/en\/produktas\/emyl-jenkins-stilinga-vagyste\/\" \/>\n<meta property=\"og:site_name\" content=\"Skaitytaknyga\" \/>\n<meta property=\"article:publisher\" content=\"https:\/\/www.facebook.com\/skaitytaknyga\/\" \/>\n<meta property=\"article:modified_time\" content=\"2024-05-04T17:59:44+00:00\" \/>\n<meta property=\"og:image\" content=\"https:\/\/skaitytaknyga.lt\/wp-content\/uploads\/2024\/05\/1462880634_img0027.jpg\" \/>\n\t<meta property=\"og:image:width\" content=\"282\" \/>\n\t<meta property=\"og:image:height\" content=\"430\" \/>\n\t<meta property=\"og:image:type\" content=\"image\/jpeg\" \/>\n<meta name=\"twitter:card\" content=\"summary_large_image\" \/>\n<script type=\"application\/ld+json\" class=\"yoast-schema-graph\">{\"@context\":\"https:\/\/schema.org\",\"@graph\":[{\"@type\":\"WebPage\",\"@id\":\"https:\/\/skaitytaknyga.lt\/produktas\/emyl-jenkins-stilinga-vagyste\/\",\"url\":\"https:\/\/skaitytaknyga.lt\/produktas\/emyl-jenkins-stilinga-vagyste\/\",\"name\":\"Emyl Jenkins \u201eStilinga vagyst\u0117\u201c - Skaitytaknyga\",\"isPartOf\":{\"@id\":\"https:\/\/skaitytaknyga.lt\/#website\"},\"primaryImageOfPage\":{\"@id\":\"https:\/\/skaitytaknyga.lt\/produktas\/emyl-jenkins-stilinga-vagyste\/#primaryimage\"},\"image\":{\"@id\":\"https:\/\/skaitytaknyga.lt\/produktas\/emyl-jenkins-stilinga-vagyste\/#primaryimage\"},\"thumbnailUrl\":\"https:\/\/skaitytaknyga.lt\/wp-content\/uploads\/2024\/05\/1462880634_img0027.jpg\",\"datePublished\":\"2024-05-04T17:58:33+00:00\",\"dateModified\":\"2024-05-04T17:59:44+00:00\",\"description\":\"Pagrindin\u0117 heroj\u0117 Sterling Glas yra antikvarini\u0173 daikt\u0173 vertintoja. Kart\u0105, nor\u0117dama i\u0161siai\u0161kinti senovinio kaitintuvo istorij\u0105, ji aptinka sud\u0117ting\u0105 suk\u010diavimo mechanizm\u0105 ir \u012fklimpsta \u012f besaikio godulio, apgaul\u0117s ir pavoj\u0173 li\u016bn\u0105. Pasirodo, pa\u010dios brangiausios vertyb\u0117s saugo did\u017eiules paslaptis. Cappuccino serija\",\"breadcrumb\":{\"@id\":\"https:\/\/skaitytaknyga.lt\/produktas\/emyl-jenkins-stilinga-vagyste\/#breadcrumb\"},\"inLanguage\":\"en-GB\",\"potentialAction\":[{\"@type\":\"ReadAction\",\"target\":[\"https:\/\/skaitytaknyga.lt\/produktas\/emyl-jenkins-stilinga-vagyste\/\"]}]},{\"@type\":\"ImageObject\",\"inLanguage\":\"en-GB\",\"@id\":\"https:\/\/skaitytaknyga.lt\/produktas\/emyl-jenkins-stilinga-vagyste\/#primaryimage\",\"url\":\"https:\/\/skaitytaknyga.lt\/wp-content\/uploads\/2024\/05\/1462880634_img0027.jpg\",\"contentUrl\":\"https:\/\/skaitytaknyga.lt\/wp-content\/uploads\/2024\/05\/1462880634_img0027.jpg\",\"width\":282,\"height\":430},{\"@type\":\"BreadcrumbList\",\"@id\":\"https:\/\/skaitytaknyga.lt\/produktas\/emyl-jenkins-stilinga-vagyste\/#breadcrumb\",\"itemListElement\":[{\"@type\":\"ListItem\",\"position\":1,\"name\":\"Home\",\"item\":\"https:\/\/skaitytaknyga.lt\/\"},{\"@type\":\"ListItem\",\"position\":2,\"name\":\"Parduotuv\u0117\",\"item\":\"https:\/\/skaitytaknyga.lt\/knygu-parduotuve\/\"},{\"@type\":\"ListItem\",\"position\":3,\"name\":\"Emyl Jenkins \u201eStilinga vagyst\u0117\u201c\"}]},{\"@type\":\"WebSite\",\"@id\":\"https:\/\/skaitytaknyga.lt\/#website\",\"url\":\"https:\/\/skaitytaknyga.lt\/\",\"name\":\"skaitytaknyga.lt\",\"description\":\"Skaitytaknyga.lt \u2013 tai ma\u017eas \u0161eimos verslas, kuris prasid\u0117jo nuo meil\u0117s knygoms ir siekio i\u0161gelb\u0117ti knygas nuo likimo prie konteinerio. Kas vienam nereikalingas daiktas \u2013 kitam lobis, o mes esame tarpininkai, kurie padeda abiems tapti laimingesniems ???? \u017dinome kaip nelengva i\u0161gyventi ma\u017eiems verslams, tad nuo \u0161iol, \u010dia rasite ir kit\u0173, ma\u017e\u0173 \u0161eim\u0173 versl\u0173, rank\u0173 darbo, dovan\u0173 sau ir artimiesiems.\",\"publisher\":{\"@id\":\"https:\/\/skaitytaknyga.lt\/#organization\"},\"potentialAction\":[{\"@type\":\"SearchAction\",\"target\":{\"@type\":\"EntryPoint\",\"urlTemplate\":\"https:\/\/skaitytaknyga.lt\/?s={search_term_string}\"},\"query-input\":{\"@type\":\"PropertyValueSpecification\",\"valueRequired\":true,\"valueName\":\"search_term_string\"}}],\"inLanguage\":\"en-GB\"},{\"@type\":\"Organization\",\"@id\":\"https:\/\/skaitytaknyga.lt\/#organization\",\"name\":\"skaitytaknyga.lt\",\"url\":\"https:\/\/skaitytaknyga.lt\/\",\"logo\":{\"@type\":\"ImageObject\",\"inLanguage\":\"en-GB\",\"@id\":\"https:\/\/skaitytaknyga.lt\/#\/schema\/logo\/image\/\",\"url\":\"https:\/\/skaitytaknyga.lt\/wp-content\/uploads\/2024\/05\/cropped-cropped-cropped-02_00843_jt3bggkj1j3HLc7SyY6rEUpg.jpeg\",\"contentUrl\":\"https:\/\/skaitytaknyga.lt\/wp-content\/uploads\/2024\/05\/cropped-cropped-cropped-02_00843_jt3bggkj1j3HLc7SyY6rEUpg.jpeg\",\"width\":1600,\"height\":1600,\"caption\":\"skaitytaknyga.lt\"},\"image\":{\"@id\":\"https:\/\/skaitytaknyga.lt\/#\/schema\/logo\/image\/\"},\"sameAs\":[\"https:\/\/www.facebook.com\/skaitytaknyga\/\"]}]}<\/script>\n<!-- \/ Yoast SEO plugin. -->","yoast_head_json":{"title":"Emyl Jenkins \u201eStilinga vagyst\u0117\u201c - Skaitytaknyga","description":"Pagrindin\u0117 heroj\u0117 Sterling Glas yra antikvarini\u0173 daikt\u0173 vertintoja. Kart\u0105, nor\u0117dama i\u0161siai\u0161kinti senovinio kaitintuvo istorij\u0105, ji aptinka sud\u0117ting\u0105 suk\u010diavimo mechanizm\u0105 ir \u012fklimpsta \u012f besaikio godulio, apgaul\u0117s ir pavoj\u0173 li\u016bn\u0105. Pasirodo, pa\u010dios brangiausios vertyb\u0117s saugo did\u017eiules paslaptis.   Cappuccino serija","robots":{"index":"index","follow":"follow","max-snippet":"max-snippet:-1","max-image-preview":"max-image-preview:large","max-video-preview":"max-video-preview:-1"},"canonical":"https:\/\/skaitytaknyga.lt\/en\/produktas\/emyl-jenkins-stilinga-vagyste\/","og_locale":"en_GB","og_type":"article","og_title":"Emyl Jenkins \u201eStilinga vagyst\u0117\u201c - Skaitytaknyga","og_description":"Pagrindin\u0117 heroj\u0117 Sterling Glas yra antikvarini\u0173 daikt\u0173 vertintoja. Kart\u0105, nor\u0117dama i\u0161siai\u0161kinti senovinio kaitintuvo istorij\u0105, ji aptinka sud\u0117ting\u0105 suk\u010diavimo mechanizm\u0105 ir \u012fklimpsta \u012f besaikio godulio, apgaul\u0117s ir pavoj\u0173 li\u016bn\u0105. Pasirodo, pa\u010dios brangiausios vertyb\u0117s saugo did\u017eiules paslaptis.   Cappuccino serija","og_url":"https:\/\/skaitytaknyga.lt\/en\/produktas\/emyl-jenkins-stilinga-vagyste\/","og_site_name":"Skaitytaknyga","article_publisher":"https:\/\/www.facebook.com\/skaitytaknyga\/","article_modified_time":"2024-05-04T17:59:44+00:00","og_image":[{"width":282,"height":430,"url":"https:\/\/skaitytaknyga.lt\/wp-content\/uploads\/2024\/05\/1462880634_img0027.jpg","type":"image\/jpeg"}],"twitter_card":"summary_large_image","schema":{"@context":"https:\/\/schema.org","@graph":[{"@type":"WebPage","@id":"https:\/\/skaitytaknyga.lt\/produktas\/emyl-jenkins-stilinga-vagyste\/","url":"https:\/\/skaitytaknyga.lt\/produktas\/emyl-jenkins-stilinga-vagyste\/","name":"Emyl Jenkins \u201eStilinga vagyst\u0117\u201c - Skaitytaknyga","isPartOf":{"@id":"https:\/\/skaitytaknyga.lt\/#website"},"primaryImageOfPage":{"@id":"https:\/\/skaitytaknyga.lt\/produktas\/emyl-jenkins-stilinga-vagyste\/#primaryimage"},"image":{"@id":"https:\/\/skaitytaknyga.lt\/produktas\/emyl-jenkins-stilinga-vagyste\/#primaryimage"},"thumbnailUrl":"https:\/\/skaitytaknyga.lt\/wp-content\/uploads\/2024\/05\/1462880634_img0027.jpg","datePublished":"2024-05-04T17:58:33+00:00","dateModified":"2024-05-04T17:59:44+00:00","description":"Pagrindin\u0117 heroj\u0117 Sterling Glas yra antikvarini\u0173 daikt\u0173 vertintoja. Kart\u0105, nor\u0117dama i\u0161siai\u0161kinti senovinio kaitintuvo istorij\u0105, ji aptinka sud\u0117ting\u0105 suk\u010diavimo mechanizm\u0105 ir \u012fklimpsta \u012f besaikio godulio, apgaul\u0117s ir pavoj\u0173 li\u016bn\u0105. Pasirodo, pa\u010dios brangiausios vertyb\u0117s saugo did\u017eiules paslaptis. Cappuccino serija","breadcrumb":{"@id":"https:\/\/skaitytaknyga.lt\/produktas\/emyl-jenkins-stilinga-vagyste\/#breadcrumb"},"inLanguage":"en-GB","potentialAction":[{"@type":"ReadAction","target":["https:\/\/skaitytaknyga.lt\/produktas\/emyl-jenkins-stilinga-vagyste\/"]}]},{"@type":"ImageObject","inLanguage":"en-GB","@id":"https:\/\/skaitytaknyga.lt\/produktas\/emyl-jenkins-stilinga-vagyste\/#primaryimage","url":"https:\/\/skaitytaknyga.lt\/wp-content\/uploads\/2024\/05\/1462880634_img0027.jpg","contentUrl":"https:\/\/skaitytaknyga.lt\/wp-content\/uploads\/2024\/05\/1462880634_img0027.jpg","width":282,"height":430},{"@type":"BreadcrumbList","@id":"https:\/\/skaitytaknyga.lt\/produktas\/emyl-jenkins-stilinga-vagyste\/#breadcrumb","itemListElement":[{"@type":"ListItem","position":1,"name":"Home","item":"https:\/\/skaitytaknyga.lt\/"},{"@type":"ListItem","position":2,"name":"Parduotuv\u0117","item":"https:\/\/skaitytaknyga.lt\/knygu-parduotuve\/"},{"@type":"ListItem","position":3,"name":"Emyl Jenkins \u201eStilinga vagyst\u0117\u201c"}]},{"@type":"WebSite","@id":"https:\/\/skaitytaknyga.lt\/#website","url":"https:\/\/skaitytaknyga.lt\/","name":"skaitytaknyga.lt","description":"Skaitytaknyga.lt \u2013 tai ma\u017eas \u0161eimos verslas, kuris prasid\u0117jo nuo meil\u0117s knygoms ir siekio i\u0161gelb\u0117ti knygas nuo likimo prie konteinerio. Kas vienam nereikalingas daiktas \u2013 kitam lobis, o mes esame tarpininkai, kurie padeda abiems tapti laimingesniems ???? \u017dinome kaip nelengva i\u0161gyventi ma\u017eiems verslams, tad nuo \u0161iol, \u010dia rasite ir kit\u0173, ma\u017e\u0173 \u0161eim\u0173 versl\u0173, rank\u0173 darbo, dovan\u0173 sau ir artimiesiems.","publisher":{"@id":"https:\/\/skaitytaknyga.lt\/#organization"},"potentialAction":[{"@type":"SearchAction","target":{"@type":"EntryPoint","urlTemplate":"https:\/\/skaitytaknyga.lt\/?s={search_term_string}"},"query-input":{"@type":"PropertyValueSpecification","valueRequired":true,"valueName":"search_term_string"}}],"inLanguage":"en-GB"},{"@type":"Organization","@id":"https:\/\/skaitytaknyga.lt\/#organization","name":"skaitytaknyga.lt","url":"https:\/\/skaitytaknyga.lt\/","logo":{"@type":"ImageObject","inLanguage":"en-GB","@id":"https:\/\/skaitytaknyga.lt\/#\/schema\/logo\/image\/","url":"https:\/\/skaitytaknyga.lt\/wp-content\/uploads\/2024\/05\/cropped-cropped-cropped-02_00843_jt3bggkj1j3HLc7SyY6rEUpg.jpeg","contentUrl":"https:\/\/skaitytaknyga.lt\/wp-content\/uploads\/2024\/05\/cropped-cropped-cropped-02_00843_jt3bggkj1j3HLc7SyY6rEUpg.jpeg","width":1600,"height":1600,"caption":"skaitytaknyga.lt"},"image":{"@id":"https:\/\/skaitytaknyga.lt\/#\/schema\/logo\/image\/"},"sameAs":["https:\/\/www.facebook.com\/skaitytaknyga\/"]}]}},"_links":{"self":[{"href":"https:\/\/skaitytaknyga.lt\/en\/wp-json\/wp\/v2\/product\/9801","targetHints":{"allow":["GET"]}}],"collection":[{"href":"https:\/\/skaitytaknyga.lt\/en\/wp-json\/wp\/v2\/product"}],"about":[{"href":"https:\/\/skaitytaknyga.lt\/en\/wp-json\/wp\/v2\/types\/product"}],"replies":[{"embeddable":true,"href":"https:\/\/skaitytaknyga.lt\/en\/wp-json\/wp\/v2\/comments?post=9801"}],"wp:featuredmedia":[{"embeddable":true,"href":"https:\/\/skaitytaknyga.lt\/en\/wp-json\/wp\/v2\/media\/9851"}],"wp:attachment":[{"href":"https:\/\/skaitytaknyga.lt\/en\/wp-json\/wp\/v2\/media?parent=9801"}],"wp:term":[{"taxonomy":"product_brand","embeddable":true,"href":"https:\/\/skaitytaknyga.lt\/en\/wp-json\/wp\/v2\/product_brand?post=9801"},{"taxonomy":"product_cat","embeddable":true,"href":"https:\/\/skaitytaknyga.lt\/en\/wp-json\/wp\/v2\/product_cat?post=9801"},{"taxonomy":"product_tag","embeddable":true,"href":"https:\/\/skaitytaknyga.lt\/en\/wp-json\/wp\/v2\/product_tag?post=9801"}],"curies":[{"name":"wp","href":"https:\/\/api.w.org\/{rel}","templated":true}]}}