{"id":9800,"date":"2024-05-04T17:58:33","date_gmt":"2024-05-04T17:58:33","guid":{"rendered":"https:\/\/skaitytaknyga.lt\/?post_type=product&#038;p=9800"},"modified":"2024-05-04T17:59:40","modified_gmt":"2024-05-04T17:59:40","slug":"christina-jones-gal-ir-ne-juokai-tad-gerai-pagalvokite-ko-noreti","status":"publish","type":"product","link":"https:\/\/skaitytaknyga.lt\/en\/produktas\/christina-jones-gal-ir-ne-juokai-tad-gerai-pagalvokite-ko-noreti\/","title":{"rendered":"Christina Jones \u201eGal ir ne juokai&#8230; tad gerai pagalvokite, ko nor\u0117ti&#8230;\u201c"},"content":{"rendered":"<div class=\"tab-content col-xs-12\">\n<div id=\"tab-description\" class=\"tab-pane active\">\n<div id=\"collapse-description\" class=\"desc-collapse\">\n<p>Chrizantem\u0173 puok\u0161t\u0117, kri\u0161tolo vaza, pinig\u0173 \u010dekis ir atvirukai su linksmais u\u017era\u0161ais \u2013 dovanos Mitsi, kaip kompensacija u\u017e priverstin\u012f i\u0161\u0117jim\u0105 \u012f pensij\u0105&#8230; Prie\u0161 akis \u2013 li\u016bdnas ateities vaizdas: r\u016bpinimasis g\u0117l\u0117mis ba\u017eny\u010dioje ir kriketo arbat\u0117li\u0173 ruo\u0161imas.<\/p>\n<p>Mitsi, jos draug\u0173 bei \u0161eimos gyvenimas pakrypsta labai \u012fdomiai, kai mansardoje ji suranda senel\u0117s valgi\u0173 gaminimo knyg\u0105. O senovini\u0173 recept\u0173 tokie keisti pavadinimai: pyragas \u201eNorai i\u0161sipildo\u201c, tortas \u201ePok\u0161t\u0173 naktis\u201c, pyragai\u010diai \u201e\u012etikinimo galios\u201c&#8230;<\/p>\n<p>Pasirodo, patiekalai pagal senel\u0117s receptus.<\/p>\n<\/div>\n<p>Cappuccino serija<\/p>\n<\/div>\n<\/div>\n","protected":false},"excerpt":{"rendered":"<div class=\"tab-content col-xs-12\">\n<div id=\"tab-description\" class=\"tab-pane active\">\n<div id=\"collapse-description\" class=\"desc-collapse\">\n<p>Chrizantem\u0173 puok\u0161t\u0117, kri\u0161tolo vaza, pinig\u0173 \u010dekis ir atvirukai su linksmais u\u017era\u0161ais \u2013 dovanos Mitsi, kaip kompensacija u\u017e priverstin\u012f i\u0161\u0117jim\u0105 \u012f pensij\u0105&#8230; Prie\u0161 akis \u2013 li\u016bdnas ateities vaizdas: r\u016bpinimasis g\u0117l\u0117mis ba\u017eny\u010dioje ir kriketo arbat\u0117li\u0173 ruo\u0161imas.<\/p>\n<p>Mitsi, jos draug\u0173 bei \u0161eimos gyvenimas pakrypsta labai \u012fdomiai, kai mansardoje ji suranda senel\u0117s valgi\u0173 gaminimo knyg\u0105. O senovini\u0173 recept\u0173 tokie keisti pavadinimai: pyragas \u201eNorai i\u0161sipildo\u201c, tortas \u201ePok\u0161t\u0173 naktis\u201c, pyragai\u010diai \u201e\u012etikinimo galios\u201c&#8230;<\/p>\n<p>Pasirodo, patiekalai pagal senel\u0117s receptus.<\/p>\n<\/div>\n<\/div>\n<\/div>\n","protected":false},"featured_media":9843,"comment_status":"closed","ping_status":"closed","template":"","meta":{"_acf_changed":false,"site-sidebar-layout":"default","site-content-layout":"","ast-site-content-layout":"default","site-content-style":"default","site-sidebar-style":"default","ast-global-header-display":"","ast-banner-title-visibility":"","ast-main-header-display":"","ast-hfb-above-header-display":"","ast-hfb-below-header-display":"","ast-hfb-mobile-header-display":"","site-post-title":"","ast-breadcrumbs-content":"","ast-featured-img":"","footer-sml-layout":"","ast-disable-related-posts":"","theme-transparent-header-meta":"","adv-header-id-meta":"","stick-header-meta":"","header-above-stick-meta":"","header-main-stick-meta":"","header-below-stick-meta":"","astra-migrate-meta-layouts":"default","ast-page-background-enabled":"default","ast-page-background-meta":{"desktop":{"background-color":"","background-image":"","background-repeat":"repeat","background-position":"center center","background-size":"auto","background-attachment":"scroll","background-type":"","background-media":"","overlay-type":"","overlay-color":"","overlay-opacity":"","overlay-gradient":""},"tablet":{"background-color":"","background-image":"","background-repeat":"repeat","background-position":"center center","background-size":"auto","background-attachment":"scroll","background-type":"","background-media":"","overlay-type":"","overlay-color":"","overlay-opacity":"","overlay-gradient":""},"mobile":{"background-color":"","background-image":"","background-repeat":"repeat","background-position":"center center","background-size":"auto","background-attachment":"scroll","background-type":"","background-media":"","overlay-type":"","overlay-color":"","overlay-opacity":"","overlay-gradient":""}},"ast-content-background-meta":{"desktop":{"background-color":"var(--ast-global-color-4)","background-image":"","background-repeat":"repeat","background-position":"center center","background-size":"auto","background-attachment":"scroll","background-type":"","background-media":"","overlay-type":"","overlay-color":"","overlay-opacity":"","overlay-gradient":""},"tablet":{"background-color":"var(--ast-global-color-4)","background-image":"","background-repeat":"repeat","background-position":"center center","background-size":"auto","background-attachment":"scroll","background-type":"","background-media":"","overlay-type":"","overlay-color":"","overlay-opacity":"","overlay-gradient":""},"mobile":{"background-color":"var(--ast-global-color-4)","background-image":"","background-repeat":"repeat","background-position":"center center","background-size":"auto","background-attachment":"scroll","background-type":"","background-media":"","overlay-type":"","overlay-color":"","overlay-opacity":"","overlay-gradient":""}}},"product_brand":[],"product_cat":[31],"product_tag":[],"class_list":{"0":"post-9800","1":"product","2":"type-product","3":"status-publish","4":"has-post-thumbnail","6":"product_cat-grozine-literatura","7":"pa_leidimo-metai-647","8":"desktop-align-left","9":"tablet-align-left","10":"mobile-align-left","12":"first","13":"instock","14":"shipping-taxable","15":"purchasable","16":"product-type-simple"},"acf":[],"yoast_head":"<!-- This site is optimized with the Yoast SEO plugin v27.0 - https:\/\/yoast.com\/product\/yoast-seo-wordpress\/ -->\n<title>Christina Jones \u201eGal ir ne juokai... tad gerai pagalvokite, ko nor\u0117ti...\u201c - Skaitytaknyga<\/title>\n<meta name=\"description\" content=\"Chrizantem\u0173 puok\u0161t\u0117, kri\u0161tolo vaza, pinig\u0173 \u010dekis ir atvirukai su linksmais u\u017era\u0161ais \u2013 dovanos Mitsi, kaip kompensacija u\u017e priverstin\u012f i\u0161\u0117jim\u0105 \u012f pensij\u0105... Prie\u0161 akis \u2013 li\u016bdnas ateities vaizdas: r\u016bpinimasis g\u0117l\u0117mis ba\u017eny\u010dioje ir kriketo arbat\u0117li\u0173 ruo\u0161imas.  Mitsi, jos draug\u0173 bei \u0161eimos gyvenimas pakrypsta labai \u012fdomiai, kai mansardoje ji suranda senel\u0117s valgi\u0173 gaminimo knyg\u0105. O senovini\u0173 recept\u0173 tokie keisti pavadinimai: pyragas \u201eNorai i\u0161sipildo\u201c, tortas \u201ePok\u0161t\u0173 naktis\u201c, pyragai\u010diai \u201e\u012etikinimo galios\u201c...  Pasirodo, patiekalai pagal senel\u0117s receptus.\" \/>\n<meta name=\"robots\" content=\"index, follow, max-snippet:-1, max-image-preview:large, max-video-preview:-1\" \/>\n<link rel=\"canonical\" href=\"https:\/\/skaitytaknyga.lt\/en\/produktas\/christina-jones-gal-ir-ne-juokai-tad-gerai-pagalvokite-ko-noreti\/\" \/>\n<meta property=\"og:locale\" content=\"en_GB\" \/>\n<meta property=\"og:locale:alternate\" content=\"lt_LT\" \/>\n<meta property=\"og:type\" content=\"article\" \/>\n<meta property=\"og:title\" content=\"Christina Jones \u201eGal ir ne juokai... tad gerai pagalvokite, ko nor\u0117ti...\u201c - Skaitytaknyga\" \/>\n<meta property=\"og:description\" content=\"Chrizantem\u0173 puok\u0161t\u0117, kri\u0161tolo vaza, pinig\u0173 \u010dekis ir atvirukai su linksmais u\u017era\u0161ais \u2013 dovanos Mitsi, kaip kompensacija u\u017e priverstin\u012f i\u0161\u0117jim\u0105 \u012f pensij\u0105... Prie\u0161 akis \u2013 li\u016bdnas ateities vaizdas: r\u016bpinimasis g\u0117l\u0117mis ba\u017eny\u010dioje ir kriketo arbat\u0117li\u0173 ruo\u0161imas.  Mitsi, jos draug\u0173 bei \u0161eimos gyvenimas pakrypsta labai \u012fdomiai, kai mansardoje ji suranda senel\u0117s valgi\u0173 gaminimo knyg\u0105. O senovini\u0173 recept\u0173 tokie keisti pavadinimai: pyragas \u201eNorai i\u0161sipildo\u201c, tortas \u201ePok\u0161t\u0173 naktis\u201c, pyragai\u010diai \u201e\u012etikinimo galios\u201c...  Pasirodo, patiekalai pagal senel\u0117s receptus.\" \/>\n<meta property=\"og:url\" content=\"https:\/\/skaitytaknyga.lt\/en\/produktas\/christina-jones-gal-ir-ne-juokai-tad-gerai-pagalvokite-ko-noreti\/\" \/>\n<meta property=\"og:site_name\" content=\"Skaitytaknyga\" \/>\n<meta property=\"article:publisher\" content=\"https:\/\/www.facebook.com\/skaitytaknyga\/\" \/>\n<meta property=\"article:modified_time\" content=\"2024-05-04T17:59:40+00:00\" \/>\n<meta property=\"og:image\" content=\"https:\/\/skaitytaknyga.lt\/wp-content\/uploads\/2024\/05\/1462885442_img0007-001.jpg\" \/>\n\t<meta property=\"og:image:width\" content=\"280\" \/>\n\t<meta property=\"og:image:height\" content=\"430\" \/>\n\t<meta property=\"og:image:type\" content=\"image\/jpeg\" \/>\n<meta name=\"twitter:card\" content=\"summary_large_image\" \/>\n<script type=\"application\/ld+json\" class=\"yoast-schema-graph\">{\"@context\":\"https:\/\/schema.org\",\"@graph\":[{\"@type\":\"WebPage\",\"@id\":\"https:\/\/skaitytaknyga.lt\/produktas\/christina-jones-gal-ir-ne-juokai-tad-gerai-pagalvokite-ko-noreti\/\",\"url\":\"https:\/\/skaitytaknyga.lt\/produktas\/christina-jones-gal-ir-ne-juokai-tad-gerai-pagalvokite-ko-noreti\/\",\"name\":\"Christina Jones \u201eGal ir ne juokai... tad gerai pagalvokite, ko nor\u0117ti...\u201c - Skaitytaknyga\",\"isPartOf\":{\"@id\":\"https:\/\/skaitytaknyga.lt\/#website\"},\"primaryImageOfPage\":{\"@id\":\"https:\/\/skaitytaknyga.lt\/produktas\/christina-jones-gal-ir-ne-juokai-tad-gerai-pagalvokite-ko-noreti\/#primaryimage\"},\"image\":{\"@id\":\"https:\/\/skaitytaknyga.lt\/produktas\/christina-jones-gal-ir-ne-juokai-tad-gerai-pagalvokite-ko-noreti\/#primaryimage\"},\"thumbnailUrl\":\"https:\/\/skaitytaknyga.lt\/wp-content\/uploads\/2024\/05\/1462885442_img0007-001.jpg\",\"datePublished\":\"2024-05-04T17:58:33+00:00\",\"dateModified\":\"2024-05-04T17:59:40+00:00\",\"description\":\"Chrizantem\u0173 puok\u0161t\u0117, kri\u0161tolo vaza, pinig\u0173 \u010dekis ir atvirukai su linksmais u\u017era\u0161ais \u2013 dovanos Mitsi, kaip kompensacija u\u017e priverstin\u012f i\u0161\u0117jim\u0105 \u012f pensij\u0105... Prie\u0161 akis \u2013 li\u016bdnas ateities vaizdas: r\u016bpinimasis g\u0117l\u0117mis ba\u017eny\u010dioje ir kriketo arbat\u0117li\u0173 ruo\u0161imas. Mitsi, jos draug\u0173 bei \u0161eimos gyvenimas pakrypsta labai \u012fdomiai, kai mansardoje ji suranda senel\u0117s valgi\u0173 gaminimo knyg\u0105. O senovini\u0173 recept\u0173 tokie keisti pavadinimai: pyragas \u201eNorai i\u0161sipildo\u201c, tortas \u201ePok\u0161t\u0173 naktis\u201c, pyragai\u010diai \u201e\u012etikinimo galios\u201c... Pasirodo, patiekalai pagal senel\u0117s receptus.\",\"breadcrumb\":{\"@id\":\"https:\/\/skaitytaknyga.lt\/produktas\/christina-jones-gal-ir-ne-juokai-tad-gerai-pagalvokite-ko-noreti\/#breadcrumb\"},\"inLanguage\":\"en-GB\",\"potentialAction\":[{\"@type\":\"ReadAction\",\"target\":[\"https:\/\/skaitytaknyga.lt\/produktas\/christina-jones-gal-ir-ne-juokai-tad-gerai-pagalvokite-ko-noreti\/\"]}]},{\"@type\":\"ImageObject\",\"inLanguage\":\"en-GB\",\"@id\":\"https:\/\/skaitytaknyga.lt\/produktas\/christina-jones-gal-ir-ne-juokai-tad-gerai-pagalvokite-ko-noreti\/#primaryimage\",\"url\":\"https:\/\/skaitytaknyga.lt\/wp-content\/uploads\/2024\/05\/1462885442_img0007-001.jpg\",\"contentUrl\":\"https:\/\/skaitytaknyga.lt\/wp-content\/uploads\/2024\/05\/1462885442_img0007-001.jpg\",\"width\":280,\"height\":430},{\"@type\":\"BreadcrumbList\",\"@id\":\"https:\/\/skaitytaknyga.lt\/produktas\/christina-jones-gal-ir-ne-juokai-tad-gerai-pagalvokite-ko-noreti\/#breadcrumb\",\"itemListElement\":[{\"@type\":\"ListItem\",\"position\":1,\"name\":\"Home\",\"item\":\"https:\/\/skaitytaknyga.lt\/\"},{\"@type\":\"ListItem\",\"position\":2,\"name\":\"Parduotuv\u0117\",\"item\":\"https:\/\/skaitytaknyga.lt\/knygu-parduotuve\/\"},{\"@type\":\"ListItem\",\"position\":3,\"name\":\"Christina Jones \u201eGal ir ne juokai&#8230; tad gerai pagalvokite, ko nor\u0117ti&#8230;\u201c\"}]},{\"@type\":\"WebSite\",\"@id\":\"https:\/\/skaitytaknyga.lt\/#website\",\"url\":\"https:\/\/skaitytaknyga.lt\/\",\"name\":\"skaitytaknyga.lt\",\"description\":\"Skaitytaknyga.lt \u2013 tai ma\u017eas \u0161eimos verslas, kuris prasid\u0117jo nuo meil\u0117s knygoms ir siekio i\u0161gelb\u0117ti knygas nuo likimo prie konteinerio. Kas vienam nereikalingas daiktas \u2013 kitam lobis, o mes esame tarpininkai, kurie padeda abiems tapti laimingesniems ???? \u017dinome kaip nelengva i\u0161gyventi ma\u017eiems verslams, tad nuo \u0161iol, \u010dia rasite ir kit\u0173, ma\u017e\u0173 \u0161eim\u0173 versl\u0173, rank\u0173 darbo, dovan\u0173 sau ir artimiesiems.\",\"publisher\":{\"@id\":\"https:\/\/skaitytaknyga.lt\/#organization\"},\"potentialAction\":[{\"@type\":\"SearchAction\",\"target\":{\"@type\":\"EntryPoint\",\"urlTemplate\":\"https:\/\/skaitytaknyga.lt\/?s={search_term_string}\"},\"query-input\":{\"@type\":\"PropertyValueSpecification\",\"valueRequired\":true,\"valueName\":\"search_term_string\"}}],\"inLanguage\":\"en-GB\"},{\"@type\":\"Organization\",\"@id\":\"https:\/\/skaitytaknyga.lt\/#organization\",\"name\":\"skaitytaknyga.lt\",\"url\":\"https:\/\/skaitytaknyga.lt\/\",\"logo\":{\"@type\":\"ImageObject\",\"inLanguage\":\"en-GB\",\"@id\":\"https:\/\/skaitytaknyga.lt\/#\/schema\/logo\/image\/\",\"url\":\"https:\/\/skaitytaknyga.lt\/wp-content\/uploads\/2024\/05\/cropped-cropped-cropped-02_00843_jt3bggkj1j3HLc7SyY6rEUpg.jpeg\",\"contentUrl\":\"https:\/\/skaitytaknyga.lt\/wp-content\/uploads\/2024\/05\/cropped-cropped-cropped-02_00843_jt3bggkj1j3HLc7SyY6rEUpg.jpeg\",\"width\":1600,\"height\":1600,\"caption\":\"skaitytaknyga.lt\"},\"image\":{\"@id\":\"https:\/\/skaitytaknyga.lt\/#\/schema\/logo\/image\/\"},\"sameAs\":[\"https:\/\/www.facebook.com\/skaitytaknyga\/\"]}]}<\/script>\n<!-- \/ Yoast SEO plugin. -->","yoast_head_json":{"title":"Christina Jones \u201eGal ir ne juokai... tad gerai pagalvokite, ko nor\u0117ti...\u201c - Skaitytaknyga","description":"Chrizantem\u0173 puok\u0161t\u0117, kri\u0161tolo vaza, pinig\u0173 \u010dekis ir atvirukai su linksmais u\u017era\u0161ais \u2013 dovanos Mitsi, kaip kompensacija u\u017e priverstin\u012f i\u0161\u0117jim\u0105 \u012f pensij\u0105... Prie\u0161 akis \u2013 li\u016bdnas ateities vaizdas: r\u016bpinimasis g\u0117l\u0117mis ba\u017eny\u010dioje ir kriketo arbat\u0117li\u0173 ruo\u0161imas.  Mitsi, jos draug\u0173 bei \u0161eimos gyvenimas pakrypsta labai \u012fdomiai, kai mansardoje ji suranda senel\u0117s valgi\u0173 gaminimo knyg\u0105. O senovini\u0173 recept\u0173 tokie keisti pavadinimai: pyragas \u201eNorai i\u0161sipildo\u201c, tortas \u201ePok\u0161t\u0173 naktis\u201c, pyragai\u010diai \u201e\u012etikinimo galios\u201c...  Pasirodo, patiekalai pagal senel\u0117s receptus.","robots":{"index":"index","follow":"follow","max-snippet":"max-snippet:-1","max-image-preview":"max-image-preview:large","max-video-preview":"max-video-preview:-1"},"canonical":"https:\/\/skaitytaknyga.lt\/en\/produktas\/christina-jones-gal-ir-ne-juokai-tad-gerai-pagalvokite-ko-noreti\/","og_locale":"en_GB","og_type":"article","og_title":"Christina Jones \u201eGal ir ne juokai... tad gerai pagalvokite, ko nor\u0117ti...\u201c - Skaitytaknyga","og_description":"Chrizantem\u0173 puok\u0161t\u0117, kri\u0161tolo vaza, pinig\u0173 \u010dekis ir atvirukai su linksmais u\u017era\u0161ais \u2013 dovanos Mitsi, kaip kompensacija u\u017e priverstin\u012f i\u0161\u0117jim\u0105 \u012f pensij\u0105... Prie\u0161 akis \u2013 li\u016bdnas ateities vaizdas: r\u016bpinimasis g\u0117l\u0117mis ba\u017eny\u010dioje ir kriketo arbat\u0117li\u0173 ruo\u0161imas.  Mitsi, jos draug\u0173 bei \u0161eimos gyvenimas pakrypsta labai \u012fdomiai, kai mansardoje ji suranda senel\u0117s valgi\u0173 gaminimo knyg\u0105. O senovini\u0173 recept\u0173 tokie keisti pavadinimai: pyragas \u201eNorai i\u0161sipildo\u201c, tortas \u201ePok\u0161t\u0173 naktis\u201c, pyragai\u010diai \u201e\u012etikinimo galios\u201c...  Pasirodo, patiekalai pagal senel\u0117s receptus.","og_url":"https:\/\/skaitytaknyga.lt\/en\/produktas\/christina-jones-gal-ir-ne-juokai-tad-gerai-pagalvokite-ko-noreti\/","og_site_name":"Skaitytaknyga","article_publisher":"https:\/\/www.facebook.com\/skaitytaknyga\/","article_modified_time":"2024-05-04T17:59:40+00:00","og_image":[{"width":280,"height":430,"url":"https:\/\/skaitytaknyga.lt\/wp-content\/uploads\/2024\/05\/1462885442_img0007-001.jpg","type":"image\/jpeg"}],"twitter_card":"summary_large_image","schema":{"@context":"https:\/\/schema.org","@graph":[{"@type":"WebPage","@id":"https:\/\/skaitytaknyga.lt\/produktas\/christina-jones-gal-ir-ne-juokai-tad-gerai-pagalvokite-ko-noreti\/","url":"https:\/\/skaitytaknyga.lt\/produktas\/christina-jones-gal-ir-ne-juokai-tad-gerai-pagalvokite-ko-noreti\/","name":"Christina Jones \u201eGal ir ne juokai... tad gerai pagalvokite, ko nor\u0117ti...\u201c - Skaitytaknyga","isPartOf":{"@id":"https:\/\/skaitytaknyga.lt\/#website"},"primaryImageOfPage":{"@id":"https:\/\/skaitytaknyga.lt\/produktas\/christina-jones-gal-ir-ne-juokai-tad-gerai-pagalvokite-ko-noreti\/#primaryimage"},"image":{"@id":"https:\/\/skaitytaknyga.lt\/produktas\/christina-jones-gal-ir-ne-juokai-tad-gerai-pagalvokite-ko-noreti\/#primaryimage"},"thumbnailUrl":"https:\/\/skaitytaknyga.lt\/wp-content\/uploads\/2024\/05\/1462885442_img0007-001.jpg","datePublished":"2024-05-04T17:58:33+00:00","dateModified":"2024-05-04T17:59:40+00:00","description":"Chrizantem\u0173 puok\u0161t\u0117, kri\u0161tolo vaza, pinig\u0173 \u010dekis ir atvirukai su linksmais u\u017era\u0161ais \u2013 dovanos Mitsi, kaip kompensacija u\u017e priverstin\u012f i\u0161\u0117jim\u0105 \u012f pensij\u0105... Prie\u0161 akis \u2013 li\u016bdnas ateities vaizdas: r\u016bpinimasis g\u0117l\u0117mis ba\u017eny\u010dioje ir kriketo arbat\u0117li\u0173 ruo\u0161imas. Mitsi, jos draug\u0173 bei \u0161eimos gyvenimas pakrypsta labai \u012fdomiai, kai mansardoje ji suranda senel\u0117s valgi\u0173 gaminimo knyg\u0105. O senovini\u0173 recept\u0173 tokie keisti pavadinimai: pyragas \u201eNorai i\u0161sipildo\u201c, tortas \u201ePok\u0161t\u0173 naktis\u201c, pyragai\u010diai \u201e\u012etikinimo galios\u201c... Pasirodo, patiekalai pagal senel\u0117s receptus.","breadcrumb":{"@id":"https:\/\/skaitytaknyga.lt\/produktas\/christina-jones-gal-ir-ne-juokai-tad-gerai-pagalvokite-ko-noreti\/#breadcrumb"},"inLanguage":"en-GB","potentialAction":[{"@type":"ReadAction","target":["https:\/\/skaitytaknyga.lt\/produktas\/christina-jones-gal-ir-ne-juokai-tad-gerai-pagalvokite-ko-noreti\/"]}]},{"@type":"ImageObject","inLanguage":"en-GB","@id":"https:\/\/skaitytaknyga.lt\/produktas\/christina-jones-gal-ir-ne-juokai-tad-gerai-pagalvokite-ko-noreti\/#primaryimage","url":"https:\/\/skaitytaknyga.lt\/wp-content\/uploads\/2024\/05\/1462885442_img0007-001.jpg","contentUrl":"https:\/\/skaitytaknyga.lt\/wp-content\/uploads\/2024\/05\/1462885442_img0007-001.jpg","width":280,"height":430},{"@type":"BreadcrumbList","@id":"https:\/\/skaitytaknyga.lt\/produktas\/christina-jones-gal-ir-ne-juokai-tad-gerai-pagalvokite-ko-noreti\/#breadcrumb","itemListElement":[{"@type":"ListItem","position":1,"name":"Home","item":"https:\/\/skaitytaknyga.lt\/"},{"@type":"ListItem","position":2,"name":"Parduotuv\u0117","item":"https:\/\/skaitytaknyga.lt\/knygu-parduotuve\/"},{"@type":"ListItem","position":3,"name":"Christina Jones \u201eGal ir ne juokai&#8230; tad gerai pagalvokite, ko nor\u0117ti&#8230;\u201c"}]},{"@type":"WebSite","@id":"https:\/\/skaitytaknyga.lt\/#website","url":"https:\/\/skaitytaknyga.lt\/","name":"skaitytaknyga.lt","description":"Skaitytaknyga.lt \u2013 tai ma\u017eas \u0161eimos verslas, kuris prasid\u0117jo nuo meil\u0117s knygoms ir siekio i\u0161gelb\u0117ti knygas nuo likimo prie konteinerio. Kas vienam nereikalingas daiktas \u2013 kitam lobis, o mes esame tarpininkai, kurie padeda abiems tapti laimingesniems ???? \u017dinome kaip nelengva i\u0161gyventi ma\u017eiems verslams, tad nuo \u0161iol, \u010dia rasite ir kit\u0173, ma\u017e\u0173 \u0161eim\u0173 versl\u0173, rank\u0173 darbo, dovan\u0173 sau ir artimiesiems.","publisher":{"@id":"https:\/\/skaitytaknyga.lt\/#organization"},"potentialAction":[{"@type":"SearchAction","target":{"@type":"EntryPoint","urlTemplate":"https:\/\/skaitytaknyga.lt\/?s={search_term_string}"},"query-input":{"@type":"PropertyValueSpecification","valueRequired":true,"valueName":"search_term_string"}}],"inLanguage":"en-GB"},{"@type":"Organization","@id":"https:\/\/skaitytaknyga.lt\/#organization","name":"skaitytaknyga.lt","url":"https:\/\/skaitytaknyga.lt\/","logo":{"@type":"ImageObject","inLanguage":"en-GB","@id":"https:\/\/skaitytaknyga.lt\/#\/schema\/logo\/image\/","url":"https:\/\/skaitytaknyga.lt\/wp-content\/uploads\/2024\/05\/cropped-cropped-cropped-02_00843_jt3bggkj1j3HLc7SyY6rEUpg.jpeg","contentUrl":"https:\/\/skaitytaknyga.lt\/wp-content\/uploads\/2024\/05\/cropped-cropped-cropped-02_00843_jt3bggkj1j3HLc7SyY6rEUpg.jpeg","width":1600,"height":1600,"caption":"skaitytaknyga.lt"},"image":{"@id":"https:\/\/skaitytaknyga.lt\/#\/schema\/logo\/image\/"},"sameAs":["https:\/\/www.facebook.com\/skaitytaknyga\/"]}]}},"_links":{"self":[{"href":"https:\/\/skaitytaknyga.lt\/en\/wp-json\/wp\/v2\/product\/9800","targetHints":{"allow":["GET"]}}],"collection":[{"href":"https:\/\/skaitytaknyga.lt\/en\/wp-json\/wp\/v2\/product"}],"about":[{"href":"https:\/\/skaitytaknyga.lt\/en\/wp-json\/wp\/v2\/types\/product"}],"replies":[{"embeddable":true,"href":"https:\/\/skaitytaknyga.lt\/en\/wp-json\/wp\/v2\/comments?post=9800"}],"wp:featuredmedia":[{"embeddable":true,"href":"https:\/\/skaitytaknyga.lt\/en\/wp-json\/wp\/v2\/media\/9843"}],"wp:attachment":[{"href":"https:\/\/skaitytaknyga.lt\/en\/wp-json\/wp\/v2\/media?parent=9800"}],"wp:term":[{"taxonomy":"product_brand","embeddable":true,"href":"https:\/\/skaitytaknyga.lt\/en\/wp-json\/wp\/v2\/product_brand?post=9800"},{"taxonomy":"product_cat","embeddable":true,"href":"https:\/\/skaitytaknyga.lt\/en\/wp-json\/wp\/v2\/product_cat?post=9800"},{"taxonomy":"product_tag","embeddable":true,"href":"https:\/\/skaitytaknyga.lt\/en\/wp-json\/wp\/v2\/product_tag?post=9800"}],"curies":[{"name":"wp","href":"https:\/\/api.w.org\/{rel}","templated":true}]}}