{"id":9798,"date":"2024-05-04T17:58:33","date_gmt":"2024-05-04T17:58:33","guid":{"rendered":"https:\/\/skaitytaknyga.lt\/?post_type=product&#038;p=9798"},"modified":"2026-03-05T13:24:23","modified_gmt":"2026-03-05T11:24:23","slug":"tess-gerritsen-prazuvele","status":"publish","type":"product","link":"https:\/\/skaitytaknyga.lt\/en\/produktas\/tess-gerritsen-prazuvele\/","title":{"rendered":"Pra\u017euv\u0117l\u0117"},"content":{"rendered":"<p>PIRMAS RASTAS GATV\u0116JE K\u016aNAS BUVO M\u012eSL\u0116. Moteris jauna, gra\u017ei. O jos lavonas, paguldytas ant Albiono teismo medicinos ekspert\u0117s Ket\u0117s Novak akmeninio skrodim\u0173 stalo, nei\u0161duoda joki\u0173 paslap\u010di\u0173 \u2013 i\u0161skyrus sustingusiame delne gniau\u017eiam\u0105 degtuk\u0173 d\u0117\u017eut\u0119 su viduje pakrevezotais septyniais skai\u010diais.<\/p>\n<p>KITAS K\u016aNAS \u2013 JAU PERSP\u0116JIMAS. Kai randama antra auka, Ket\u0117 pradeda baimintis, kad gatv\u0117se tyko \u017eudikas maniakas. Policija \u012f tai \u017ei\u016bri skepti\u0161kai. Meras nenori jos klausytis. O pagrindinis Ket\u0117s \u012ftariamasis \u2013 vienas \u017eymiausi\u0173 miesto pilie\u010di\u0173.<\/p>\n<p>IR PASKUTINIS RASTAS K\u016aNAS&#8230; GAL\u0116T\u0172 B\u016aTI JOS PA\u010cIOS. Mir\u010di\u0173 skai\u010dius vis did\u0117ja, ir Ket\u0117 skuba rasti mirtin\u0105 grobuon\u012f, kuris yra ar\u010diau, negu kada nors jai sapnavosi. Ir kiekvienas \u017eingsnis, kurio teismo medicinos ekspert\u0117 imasi, gali tapti jai paskutinis.<\/p>\n","protected":false},"excerpt":{"rendered":"<p>PIRMAS RASTAS GATV\u0116JE K\u016aNAS BUVO M\u012eSL\u0116. Moteris jauna, gra\u017ei. O jos lavonas, paguldytas ant Albiono teismo medicinos ekspert\u0117s Ket\u0117s Novak akmeninio skrodim\u0173 stalo, nei\u0161duoda joki\u0173 paslap\u010di\u0173 \u2013 i\u0161skyrus sustingusiame delne gniau\u017eiam\u0105 degtuk\u0173 d\u0117\u017eut\u0119 su viduje pakrevezotais septyniais skai\u010diais.<\/p>\n<p>KITAS K\u016aNAS \u2013 JAU PERSP\u0116JIMAS. Kai randama antra auka, Ket\u0117 pradeda baimintis, kad gatv\u0117se tyko \u017eudikas maniakas. Policija \u012f tai \u017ei\u016bri skepti\u0161kai. Meras nenori jos klausytis. O pagrindinis Ket\u0117s \u012ftariamasis \u2013 vienas \u017eymiausi\u0173 miesto pilie\u010di\u0173.<\/p>\n<p>IR PASKUTINIS RASTAS K\u016aNAS&#8230; GAL\u0116T\u0172 B\u016aTI JOS PA\u010cIOS. Mir\u010di\u0173 skai\u010dius vis did\u0117ja, ir Ket\u0117 skuba rasti mirtin\u0105 grobuon\u012f, kuris yra ar\u010diau, negu kada nors jai sapnavosi. Ir kiekvienas \u017eingsnis, kurio teismo medicinos ekspert\u0117 imasi, gali tapti jai paskutinis.<\/p>\n","protected":false},"featured_media":9841,"comment_status":"closed","ping_status":"closed","template":"","meta":{"_acf_changed":false,"site-sidebar-layout":"default","site-content-layout":"","ast-site-content-layout":"default","site-content-style":"default","site-sidebar-style":"default","ast-global-header-display":"","ast-banner-title-visibility":"","ast-main-header-display":"","ast-hfb-above-header-display":"","ast-hfb-below-header-display":"","ast-hfb-mobile-header-display":"","site-post-title":"","ast-breadcrumbs-content":"","ast-featured-img":"","footer-sml-layout":"","ast-disable-related-posts":"","theme-transparent-header-meta":"","adv-header-id-meta":"","stick-header-meta":"","header-above-stick-meta":"","header-main-stick-meta":"","header-below-stick-meta":"","astra-migrate-meta-layouts":"default","ast-page-background-enabled":"default","ast-page-background-meta":{"desktop":{"background-color":"","background-image":"","background-repeat":"repeat","background-position":"center center","background-size":"auto","background-attachment":"scroll","background-type":"","background-media":"","overlay-type":"","overlay-color":"","overlay-opacity":"","overlay-gradient":""},"tablet":{"background-color":"","background-image":"","background-repeat":"repeat","background-position":"center center","background-size":"auto","background-attachment":"scroll","background-type":"","background-media":"","overlay-type":"","overlay-color":"","overlay-opacity":"","overlay-gradient":""},"mobile":{"background-color":"","background-image":"","background-repeat":"repeat","background-position":"center center","background-size":"auto","background-attachment":"scroll","background-type":"","background-media":"","overlay-type":"","overlay-color":"","overlay-opacity":"","overlay-gradient":""}},"ast-content-background-meta":{"desktop":{"background-color":"var(--ast-global-color-4)","background-image":"","background-repeat":"repeat","background-position":"center center","background-size":"auto","background-attachment":"scroll","background-type":"","background-media":"","overlay-type":"","overlay-color":"","overlay-opacity":"","overlay-gradient":""},"tablet":{"background-color":"var(--ast-global-color-4)","background-image":"","background-repeat":"repeat","background-position":"center center","background-size":"auto","background-attachment":"scroll","background-type":"","background-media":"","overlay-type":"","overlay-color":"","overlay-opacity":"","overlay-gradient":""},"mobile":{"background-color":"var(--ast-global-color-4)","background-image":"","background-repeat":"repeat","background-position":"center center","background-size":"auto","background-attachment":"scroll","background-type":"","background-media":"","overlay-type":"","overlay-color":"","overlay-opacity":"","overlay-gradient":""}}},"product_brand":[],"product_cat":[9581],"product_tag":[],"class_list":{"0":"post-9798","1":"product","2":"type-product","3":"status-publish","4":"has-post-thumbnail","6":"product_cat-kriminaliniai-romanai","7":"desktop-align-left","8":"tablet-align-left","9":"mobile-align-left","11":"first","12":"outofstock","13":"shipping-taxable","14":"purchasable","15":"product-type-simple"},"acf":[],"yoast_head":"<!-- This site is optimized with the Yoast SEO plugin v27.4 - https:\/\/yoast.com\/product\/yoast-seo-wordpress\/ -->\n<title>Pra\u017euv\u0117l\u0117<\/title>\n<meta name=\"description\" content=\"PIRMAS RASTAS GATV\u0116JE K\u016aNAS BUVO M\u012eSL\u0116. Moteris jauna, gra\u017ei. O jos lavonas, paguldytas ant Albiono teismo medicinos ekspert\u0117s Ket\u0117s Novak akmeninio skrodim\u0173 stalo, nei\u0161duoda joki\u0173 paslap\u010di\u0173 \u2013 i\u0161skyrus sustingusiame delne gniau\u017eiam\u0105 degtuk\u0173 d\u0117\u017eut\u0119 su viduje pakrevezotais septyniais skai\u010diais.KITAS K\u016aNAS \u2013 JAU PERSP\u0116JIMAS. Kai randama antra auka, Ket\u0117 pradeda baimintis, kad gatv\u0117se tyko \u017eudikas maniakas. Policija \u012f tai \u017ei\u016bri skepti\u0161kai. Meras nenori jos klausytis. O pagrindinis Ket\u0117s \u012ftariamasis \u2013 vienas \u017eymiausi\u0173 miesto pilie\u010di\u0173.IR PASKUTINIS RASTAS K\u016aNAS... GAL\u0116T\u0172 B\u016aTI JOS PA\u010cIOS. Mir\u010di\u0173 skai\u010dius vis did\u0117ja, ir Ket\u0117 skuba rasti mirtin\u0105 grobuon\u012f, kuris yra ar\u010diau, negu kada nors jai sapnavosi. Ir kiekvienas \u017eingsnis, kurio teismo medicinos ekspert\u0117 imasi, gali tapti jai paskutinis.\" \/>\n<meta name=\"robots\" content=\"index, follow, max-snippet:-1, max-image-preview:large, max-video-preview:-1\" \/>\n<link rel=\"canonical\" href=\"https:\/\/skaitytaknyga.lt\/en\/produktas\/tess-gerritsen-prazuvele\/\" \/>\n<meta property=\"og:locale\" content=\"en_GB\" \/>\n<meta property=\"og:locale:alternate\" content=\"lt_LT\" \/>\n<meta property=\"og:type\" content=\"article\" \/>\n<meta property=\"og:title\" content=\"Pra\u017euv\u0117l\u0117\" \/>\n<meta property=\"og:description\" content=\"PIRMAS RASTAS GATV\u0116JE K\u016aNAS BUVO M\u012eSL\u0116. Moteris jauna, gra\u017ei. O jos lavonas, paguldytas ant Albiono teismo medicinos ekspert\u0117s Ket\u0117s Novak akmeninio skrodim\u0173 stalo, nei\u0161duoda joki\u0173 paslap\u010di\u0173 \u2013 i\u0161skyrus sustingusiame delne gniau\u017eiam\u0105 degtuk\u0173 d\u0117\u017eut\u0119 su viduje pakrevezotais septyniais skai\u010diais.KITAS K\u016aNAS \u2013 JAU PERSP\u0116JIMAS. Kai randama antra auka, Ket\u0117 pradeda baimintis, kad gatv\u0117se tyko \u017eudikas maniakas. Policija \u012f tai \u017ei\u016bri skepti\u0161kai. Meras nenori jos klausytis. O pagrindinis Ket\u0117s \u012ftariamasis \u2013 vienas \u017eymiausi\u0173 miesto pilie\u010di\u0173.IR PASKUTINIS RASTAS K\u016aNAS... GAL\u0116T\u0172 B\u016aTI JOS PA\u010cIOS. Mir\u010di\u0173 skai\u010dius vis did\u0117ja, ir Ket\u0117 skuba rasti mirtin\u0105 grobuon\u012f, kuris yra ar\u010diau, negu kada nors jai sapnavosi. Ir kiekvienas \u017eingsnis, kurio teismo medicinos ekspert\u0117 imasi, gali tapti jai paskutinis.\" \/>\n<meta property=\"og:url\" content=\"https:\/\/skaitytaknyga.lt\/en\/produktas\/tess-gerritsen-prazuvele\/\" \/>\n<meta property=\"og:site_name\" content=\"Skaitytaknyga\" \/>\n<meta property=\"article:publisher\" content=\"https:\/\/www.facebook.com\/skaitytaknyga\/\" \/>\n<meta property=\"article:modified_time\" content=\"2026-03-05T11:24:23+00:00\" \/>\n<meta property=\"og:image\" content=\"https:\/\/skaitytaknyga.lt\/wp-content\/uploads\/2024\/05\/1462881995_lkjhg.jpg\" \/>\n\t<meta property=\"og:image:width\" content=\"277\" \/>\n\t<meta property=\"og:image:height\" content=\"430\" \/>\n\t<meta property=\"og:image:type\" content=\"image\/jpeg\" \/>\n<meta name=\"twitter:card\" content=\"summary_large_image\" \/>\n<meta name=\"twitter:label1\" content=\"Estimated reading time\" \/>\n\t<meta name=\"twitter:data1\" content=\"1 minute\" \/>\n<script type=\"application\/ld+json\" class=\"yoast-schema-graph\">{\"@context\":\"https:\\\/\\\/schema.org\",\"@graph\":[{\"@type\":\"WebPage\",\"@id\":\"https:\\\/\\\/skaitytaknyga.lt\\\/produktas\\\/tess-gerritsen-prazuvele\\\/\",\"url\":\"https:\\\/\\\/skaitytaknyga.lt\\\/produktas\\\/tess-gerritsen-prazuvele\\\/\",\"name\":\"Pra\u017euv\u0117l\u0117\",\"isPartOf\":{\"@id\":\"https:\\\/\\\/skaitytaknyga.lt\\\/#website\"},\"primaryImageOfPage\":{\"@id\":\"https:\\\/\\\/skaitytaknyga.lt\\\/produktas\\\/tess-gerritsen-prazuvele\\\/#primaryimage\"},\"image\":{\"@id\":\"https:\\\/\\\/skaitytaknyga.lt\\\/produktas\\\/tess-gerritsen-prazuvele\\\/#primaryimage\"},\"thumbnailUrl\":\"https:\\\/\\\/skaitytaknyga.lt\\\/wp-content\\\/uploads\\\/2024\\\/05\\\/1462881995_lkjhg.jpg\",\"datePublished\":\"2024-05-04T17:58:33+00:00\",\"dateModified\":\"2026-03-05T11:24:23+00:00\",\"description\":\"PIRMAS RASTAS GATV\u0116JE K\u016aNAS BUVO M\u012eSL\u0116. Moteris jauna, gra\u017ei. O jos lavonas, paguldytas ant Albiono teismo medicinos ekspert\u0117s Ket\u0117s Novak akmeninio skrodim\u0173 stalo, nei\u0161duoda joki\u0173 paslap\u010di\u0173 \u2013 i\u0161skyrus sustingusiame delne gniau\u017eiam\u0105 degtuk\u0173 d\u0117\u017eut\u0119 su viduje pakrevezotais septyniais skai\u010diais.KITAS K\u016aNAS \u2013 JAU PERSP\u0116JIMAS. Kai randama antra auka, Ket\u0117 pradeda baimintis, kad gatv\u0117se tyko \u017eudikas maniakas. Policija \u012f tai \u017ei\u016bri skepti\u0161kai. Meras nenori jos klausytis. O pagrindinis Ket\u0117s \u012ftariamasis \u2013 vienas \u017eymiausi\u0173 miesto pilie\u010di\u0173.IR PASKUTINIS RASTAS K\u016aNAS... GAL\u0116T\u0172 B\u016aTI JOS PA\u010cIOS. Mir\u010di\u0173 skai\u010dius vis did\u0117ja, ir Ket\u0117 skuba rasti mirtin\u0105 grobuon\u012f, kuris yra ar\u010diau, negu kada nors jai sapnavosi. Ir kiekvienas \u017eingsnis, kurio teismo medicinos ekspert\u0117 imasi, gali tapti jai paskutinis.\",\"breadcrumb\":{\"@id\":\"https:\\\/\\\/skaitytaknyga.lt\\\/produktas\\\/tess-gerritsen-prazuvele\\\/#breadcrumb\"},\"inLanguage\":\"en-GB\",\"potentialAction\":[{\"@type\":\"ReadAction\",\"target\":[\"https:\\\/\\\/skaitytaknyga.lt\\\/produktas\\\/tess-gerritsen-prazuvele\\\/\"]}]},{\"@type\":\"ImageObject\",\"inLanguage\":\"en-GB\",\"@id\":\"https:\\\/\\\/skaitytaknyga.lt\\\/produktas\\\/tess-gerritsen-prazuvele\\\/#primaryimage\",\"url\":\"https:\\\/\\\/skaitytaknyga.lt\\\/wp-content\\\/uploads\\\/2024\\\/05\\\/1462881995_lkjhg.jpg\",\"contentUrl\":\"https:\\\/\\\/skaitytaknyga.lt\\\/wp-content\\\/uploads\\\/2024\\\/05\\\/1462881995_lkjhg.jpg\",\"width\":277,\"height\":430},{\"@type\":\"BreadcrumbList\",\"@id\":\"https:\\\/\\\/skaitytaknyga.lt\\\/produktas\\\/tess-gerritsen-prazuvele\\\/#breadcrumb\",\"itemListElement\":[{\"@type\":\"ListItem\",\"position\":1,\"name\":\"Home\",\"item\":\"https:\\\/\\\/skaitytaknyga.lt\\\/\"},{\"@type\":\"ListItem\",\"position\":2,\"name\":\"Parduotuv\u0117\",\"item\":\"https:\\\/\\\/skaitytaknyga.lt\\\/knygu-parduotuve\\\/\"},{\"@type\":\"ListItem\",\"position\":3,\"name\":\"Pra\u017euv\u0117l\u0117\"}]},{\"@type\":\"WebSite\",\"@id\":\"https:\\\/\\\/skaitytaknyga.lt\\\/#website\",\"url\":\"https:\\\/\\\/skaitytaknyga.lt\\\/\",\"name\":\"skaitytaknyga.lt\",\"description\":\"Skaitytaknyga.lt \u2013 tai ma\u017eas \u0161eimos verslas, kuris prasid\u0117jo nuo meil\u0117s knygoms ir siekio i\u0161gelb\u0117ti knygas nuo likimo prie konteinerio. Kas vienam nereikalingas daiktas \u2013 kitam lobis, o mes esame tarpininkai, kurie padeda abiems tapti laimingesniems ???? \u017dinome kaip nelengva i\u0161gyventi ma\u017eiems verslams, tad nuo \u0161iol, \u010dia rasite ir kit\u0173, ma\u017e\u0173 \u0161eim\u0173 versl\u0173, rank\u0173 darbo, dovan\u0173 sau ir artimiesiems.\",\"publisher\":{\"@id\":\"https:\\\/\\\/skaitytaknyga.lt\\\/#organization\"},\"potentialAction\":[{\"@type\":\"SearchAction\",\"target\":{\"@type\":\"EntryPoint\",\"urlTemplate\":\"https:\\\/\\\/skaitytaknyga.lt\\\/?s={search_term_string}\"},\"query-input\":{\"@type\":\"PropertyValueSpecification\",\"valueRequired\":true,\"valueName\":\"search_term_string\"}}],\"inLanguage\":\"en-GB\"},{\"@type\":\"Organization\",\"@id\":\"https:\\\/\\\/skaitytaknyga.lt\\\/#organization\",\"name\":\"skaitytaknyga.lt\",\"url\":\"https:\\\/\\\/skaitytaknyga.lt\\\/\",\"logo\":{\"@type\":\"ImageObject\",\"inLanguage\":\"en-GB\",\"@id\":\"https:\\\/\\\/skaitytaknyga.lt\\\/#\\\/schema\\\/logo\\\/image\\\/\",\"url\":\"https:\\\/\\\/skaitytaknyga.lt\\\/wp-content\\\/uploads\\\/2024\\\/05\\\/cropped-cropped-cropped-02_00843_jt3bggkj1j3HLc7SyY6rEUpg.jpeg\",\"contentUrl\":\"https:\\\/\\\/skaitytaknyga.lt\\\/wp-content\\\/uploads\\\/2024\\\/05\\\/cropped-cropped-cropped-02_00843_jt3bggkj1j3HLc7SyY6rEUpg.jpeg\",\"width\":1600,\"height\":1600,\"caption\":\"skaitytaknyga.lt\"},\"image\":{\"@id\":\"https:\\\/\\\/skaitytaknyga.lt\\\/#\\\/schema\\\/logo\\\/image\\\/\"},\"sameAs\":[\"https:\\\/\\\/www.facebook.com\\\/skaitytaknyga\\\/\"]}]}<\/script>\n<!-- \/ Yoast SEO plugin. -->","yoast_head_json":{"title":"Pra\u017euv\u0117l\u0117","description":"PIRMAS RASTAS GATV\u0116JE K\u016aNAS BUVO M\u012eSL\u0116. Moteris jauna, gra\u017ei. O jos lavonas, paguldytas ant Albiono teismo medicinos ekspert\u0117s Ket\u0117s Novak akmeninio skrodim\u0173 stalo, nei\u0161duoda joki\u0173 paslap\u010di\u0173 \u2013 i\u0161skyrus sustingusiame delne gniau\u017eiam\u0105 degtuk\u0173 d\u0117\u017eut\u0119 su viduje pakrevezotais septyniais skai\u010diais.KITAS K\u016aNAS \u2013 JAU PERSP\u0116JIMAS. Kai randama antra auka, Ket\u0117 pradeda baimintis, kad gatv\u0117se tyko \u017eudikas maniakas. Policija \u012f tai \u017ei\u016bri skepti\u0161kai. Meras nenori jos klausytis. O pagrindinis Ket\u0117s \u012ftariamasis \u2013 vienas \u017eymiausi\u0173 miesto pilie\u010di\u0173.IR PASKUTINIS RASTAS K\u016aNAS... GAL\u0116T\u0172 B\u016aTI JOS PA\u010cIOS. Mir\u010di\u0173 skai\u010dius vis did\u0117ja, ir Ket\u0117 skuba rasti mirtin\u0105 grobuon\u012f, kuris yra ar\u010diau, negu kada nors jai sapnavosi. Ir kiekvienas \u017eingsnis, kurio teismo medicinos ekspert\u0117 imasi, gali tapti jai paskutinis.","robots":{"index":"index","follow":"follow","max-snippet":"max-snippet:-1","max-image-preview":"max-image-preview:large","max-video-preview":"max-video-preview:-1"},"canonical":"https:\/\/skaitytaknyga.lt\/en\/produktas\/tess-gerritsen-prazuvele\/","og_locale":"en_GB","og_type":"article","og_title":"[:lt]Pra\u017euv\u0117l\u0117[:] - Skaitytaknyga","og_description":"PIRMAS RASTAS GATV\u0116JE K\u016aNAS BUVO M\u012eSL\u0116. Moteris jauna, gra\u017ei. O jos lavonas, paguldytas ant Albiono teismo medicinos ekspert\u0117s Ket\u0117s Novak akmeninio skrodim\u0173 stalo, nei\u0161duoda joki\u0173 paslap\u010di\u0173 \u2013 i\u0161skyrus sustingusiame delne gniau\u017eiam\u0105 degtuk\u0173 d\u0117\u017eut\u0119 su viduje pakrevezotais septyniais skai\u010diais.KITAS K\u016aNAS \u2013 JAU PERSP\u0116JIMAS. Kai randama antra auka, Ket\u0117 pradeda baimintis, kad gatv\u0117se tyko \u017eudikas maniakas. Policija \u012f tai \u017ei\u016bri skepti\u0161kai. Meras nenori jos klausytis. O pagrindinis Ket\u0117s \u012ftariamasis \u2013 vienas \u017eymiausi\u0173 miesto pilie\u010di\u0173.IR PASKUTINIS RASTAS K\u016aNAS... GAL\u0116T\u0172 B\u016aTI JOS PA\u010cIOS. Mir\u010di\u0173 skai\u010dius vis did\u0117ja, ir Ket\u0117 skuba rasti mirtin\u0105 grobuon\u012f, kuris yra ar\u010diau, negu kada nors jai sapnavosi. Ir kiekvienas \u017eingsnis, kurio teismo medicinos ekspert\u0117 imasi, gali tapti jai paskutinis.","og_url":"https:\/\/skaitytaknyga.lt\/en\/produktas\/tess-gerritsen-prazuvele\/","og_site_name":"Skaitytaknyga","article_publisher":"https:\/\/www.facebook.com\/skaitytaknyga\/","article_modified_time":"2026-03-05T11:24:23+00:00","og_image":[{"width":277,"height":430,"url":"https:\/\/skaitytaknyga.lt\/wp-content\/uploads\/2024\/05\/1462881995_lkjhg.jpg","type":"image\/jpeg"}],"twitter_card":"summary_large_image","twitter_misc":{"Estimated reading time":"1 minute"},"schema":{"@context":"https:\/\/schema.org","@graph":[{"@type":"WebPage","@id":"https:\/\/skaitytaknyga.lt\/produktas\/tess-gerritsen-prazuvele\/","url":"https:\/\/skaitytaknyga.lt\/produktas\/tess-gerritsen-prazuvele\/","name":"Pra\u017euv\u0117l\u0117","isPartOf":{"@id":"https:\/\/skaitytaknyga.lt\/#website"},"primaryImageOfPage":{"@id":"https:\/\/skaitytaknyga.lt\/produktas\/tess-gerritsen-prazuvele\/#primaryimage"},"image":{"@id":"https:\/\/skaitytaknyga.lt\/produktas\/tess-gerritsen-prazuvele\/#primaryimage"},"thumbnailUrl":"https:\/\/skaitytaknyga.lt\/wp-content\/uploads\/2024\/05\/1462881995_lkjhg.jpg","datePublished":"2024-05-04T17:58:33+00:00","dateModified":"2026-03-05T11:24:23+00:00","description":"PIRMAS RASTAS GATV\u0116JE K\u016aNAS BUVO M\u012eSL\u0116. Moteris jauna, gra\u017ei. O jos lavonas, paguldytas ant Albiono teismo medicinos ekspert\u0117s Ket\u0117s Novak akmeninio skrodim\u0173 stalo, nei\u0161duoda joki\u0173 paslap\u010di\u0173 \u2013 i\u0161skyrus sustingusiame delne gniau\u017eiam\u0105 degtuk\u0173 d\u0117\u017eut\u0119 su viduje pakrevezotais septyniais skai\u010diais.KITAS K\u016aNAS \u2013 JAU PERSP\u0116JIMAS. Kai randama antra auka, Ket\u0117 pradeda baimintis, kad gatv\u0117se tyko \u017eudikas maniakas. Policija \u012f tai \u017ei\u016bri skepti\u0161kai. Meras nenori jos klausytis. O pagrindinis Ket\u0117s \u012ftariamasis \u2013 vienas \u017eymiausi\u0173 miesto pilie\u010di\u0173.IR PASKUTINIS RASTAS K\u016aNAS... GAL\u0116T\u0172 B\u016aTI JOS PA\u010cIOS. Mir\u010di\u0173 skai\u010dius vis did\u0117ja, ir Ket\u0117 skuba rasti mirtin\u0105 grobuon\u012f, kuris yra ar\u010diau, negu kada nors jai sapnavosi. Ir kiekvienas \u017eingsnis, kurio teismo medicinos ekspert\u0117 imasi, gali tapti jai paskutinis.","breadcrumb":{"@id":"https:\/\/skaitytaknyga.lt\/produktas\/tess-gerritsen-prazuvele\/#breadcrumb"},"inLanguage":"en-GB","potentialAction":[{"@type":"ReadAction","target":["https:\/\/skaitytaknyga.lt\/produktas\/tess-gerritsen-prazuvele\/"]}]},{"@type":"ImageObject","inLanguage":"en-GB","@id":"https:\/\/skaitytaknyga.lt\/produktas\/tess-gerritsen-prazuvele\/#primaryimage","url":"https:\/\/skaitytaknyga.lt\/wp-content\/uploads\/2024\/05\/1462881995_lkjhg.jpg","contentUrl":"https:\/\/skaitytaknyga.lt\/wp-content\/uploads\/2024\/05\/1462881995_lkjhg.jpg","width":277,"height":430},{"@type":"BreadcrumbList","@id":"https:\/\/skaitytaknyga.lt\/produktas\/tess-gerritsen-prazuvele\/#breadcrumb","itemListElement":[{"@type":"ListItem","position":1,"name":"Home","item":"https:\/\/skaitytaknyga.lt\/"},{"@type":"ListItem","position":2,"name":"Parduotuv\u0117","item":"https:\/\/skaitytaknyga.lt\/knygu-parduotuve\/"},{"@type":"ListItem","position":3,"name":"Pra\u017euv\u0117l\u0117"}]},{"@type":"WebSite","@id":"https:\/\/skaitytaknyga.lt\/#website","url":"https:\/\/skaitytaknyga.lt\/","name":"skaitytaknyga.lt","description":"Skaitytaknyga.lt \u2013 tai ma\u017eas \u0161eimos verslas, kuris prasid\u0117jo nuo meil\u0117s knygoms ir siekio i\u0161gelb\u0117ti knygas nuo likimo prie konteinerio. Kas vienam nereikalingas daiktas \u2013 kitam lobis, o mes esame tarpininkai, kurie padeda abiems tapti laimingesniems ???? \u017dinome kaip nelengva i\u0161gyventi ma\u017eiems verslams, tad nuo \u0161iol, \u010dia rasite ir kit\u0173, ma\u017e\u0173 \u0161eim\u0173 versl\u0173, rank\u0173 darbo, dovan\u0173 sau ir artimiesiems.","publisher":{"@id":"https:\/\/skaitytaknyga.lt\/#organization"},"potentialAction":[{"@type":"SearchAction","target":{"@type":"EntryPoint","urlTemplate":"https:\/\/skaitytaknyga.lt\/?s={search_term_string}"},"query-input":{"@type":"PropertyValueSpecification","valueRequired":true,"valueName":"search_term_string"}}],"inLanguage":"en-GB"},{"@type":"Organization","@id":"https:\/\/skaitytaknyga.lt\/#organization","name":"skaitytaknyga.lt","url":"https:\/\/skaitytaknyga.lt\/","logo":{"@type":"ImageObject","inLanguage":"en-GB","@id":"https:\/\/skaitytaknyga.lt\/#\/schema\/logo\/image\/","url":"https:\/\/skaitytaknyga.lt\/wp-content\/uploads\/2024\/05\/cropped-cropped-cropped-02_00843_jt3bggkj1j3HLc7SyY6rEUpg.jpeg","contentUrl":"https:\/\/skaitytaknyga.lt\/wp-content\/uploads\/2024\/05\/cropped-cropped-cropped-02_00843_jt3bggkj1j3HLc7SyY6rEUpg.jpeg","width":1600,"height":1600,"caption":"skaitytaknyga.lt"},"image":{"@id":"https:\/\/skaitytaknyga.lt\/#\/schema\/logo\/image\/"},"sameAs":["https:\/\/www.facebook.com\/skaitytaknyga\/"]}]}},"_links":{"self":[{"href":"https:\/\/skaitytaknyga.lt\/en\/wp-json\/wp\/v2\/product\/9798","targetHints":{"allow":["GET"]}}],"collection":[{"href":"https:\/\/skaitytaknyga.lt\/en\/wp-json\/wp\/v2\/product"}],"about":[{"href":"https:\/\/skaitytaknyga.lt\/en\/wp-json\/wp\/v2\/types\/product"}],"replies":[{"embeddable":true,"href":"https:\/\/skaitytaknyga.lt\/en\/wp-json\/wp\/v2\/comments?post=9798"}],"wp:featuredmedia":[{"embeddable":true,"href":"https:\/\/skaitytaknyga.lt\/en\/wp-json\/wp\/v2\/media\/9841"}],"wp:attachment":[{"href":"https:\/\/skaitytaknyga.lt\/en\/wp-json\/wp\/v2\/media?parent=9798"}],"wp:term":[{"taxonomy":"product_brand","embeddable":true,"href":"https:\/\/skaitytaknyga.lt\/en\/wp-json\/wp\/v2\/product_brand?post=9798"},{"taxonomy":"product_cat","embeddable":true,"href":"https:\/\/skaitytaknyga.lt\/en\/wp-json\/wp\/v2\/product_cat?post=9798"},{"taxonomy":"product_tag","embeddable":true,"href":"https:\/\/skaitytaknyga.lt\/en\/wp-json\/wp\/v2\/product_tag?post=9798"}],"curies":[{"name":"wp","href":"https:\/\/api.w.org\/{rel}","templated":true}]}}