{"id":9790,"date":"2024-05-04T17:58:11","date_gmt":"2024-05-04T17:58:11","guid":{"rendered":"https:\/\/skaitytaknyga.lt\/?post_type=product&#038;p=9790"},"modified":"2024-05-04T17:59:34","modified_gmt":"2024-05-04T17:59:34","slug":"sejal-badani-istoriju-pasakotojos-dukra","status":"publish","type":"product","link":"https:\/\/skaitytaknyga.lt\/en\/produktas\/sejal-badani-istoriju-pasakotojos-dukra\/","title":{"rendered":"Sejal Badani \u201eIstorij\u0173 pasakotojos dukra\u201c"},"content":{"rendered":"<div class=\"tab-content col-xs-12\">\n<div id=\"tab-description\" class=\"tab-pane active\">\n<div id=\"collapse-description\" class=\"desc-collapse\">\n<p>\u017durnalist\u0117 D\u017e\u0117ja po tre\u010dio persileidimo visi\u0161kai pal\u016b\u017eta, jos santuoka ima byr\u0117ti. Gelb\u0117damasi nuo skausmo ji palieka Niujork\u0105 ir keliauja \u012f t\u0117v\u0173 gimtin\u0119 Indij\u0105. \u010cia tikisi ne tik surasti ramyb\u0119, bet ir i\u0161siai\u0161kinti, kod\u0117l mama vis\u0105 gyvenim\u0105 buvo apimta nepaai\u0161kinamo li\u016bdesio ir n\u0117 karto \u012f Indij\u0105 negr\u012f\u017eo \u2013 net atsisveikinti su mir\u0161tan\u010diu t\u0117vu.<\/p>\n<p>Indijoje D\u017e\u0117ja sutinka Rav\u012f, buvus\u012f senel\u0117s tarn\u0105 ir i\u0161tikim\u0105 draug\u0105. Jo papasakota istorija atveria \u0161eimos paslap\u010di\u0173 lobyn\u0105, kurio did\u017eiausias brangakmenis \u2013 D\u017e\u0117jos senel\u0117 Ami\u0161a.<\/p>\n<p>Tais laikais, kai \u0161al\u012f vald\u0117 britai, Ami\u0161ai buvo lemta tapti klusnia \u017emona ir gera motina. Ta\u010diau jauna moteris tro\u0161ko daugiau: jos galvoje gimdavo nuostab\u016bs pasakojimai ir ji svajojo u\u017era\u0161yti juos angl\u0173 kalba, kurios i\u0161mokti gal\u0117jo tik brit\u0173 mokykloje. Bet kaip siekti savo svajon\u0117s, kai tam prie\u0161tarauja negailestingi papro\u010diai ir net \u0161eima?<\/p>\n<p>Su de\u0161imtme\u010dius saugota Ami\u0161os paslaptimi D\u017e\u0117ja gauna ne\u012fkainojam\u0105 palikim\u0105. Ir jos gyvenimas jau niekada nebebus toks, koks buvo&#8230;<\/p>\n<\/div>\n<\/div>\n<\/div>\n","protected":false},"excerpt":{"rendered":"<div class=\"tab-content col-xs-12\">\n<div id=\"tab-description\" class=\"tab-pane active\">\n<div id=\"collapse-description\" class=\"desc-collapse\">\n<p>\u017durnalist\u0117 D\u017e\u0117ja po tre\u010dio persileidimo visi\u0161kai pal\u016b\u017eta, jos santuoka ima byr\u0117ti. Gelb\u0117damasi nuo skausmo ji palieka Niujork\u0105 ir keliauja \u012f t\u0117v\u0173 gimtin\u0119 Indij\u0105. \u010cia tikisi ne tik surasti ramyb\u0119, bet ir i\u0161siai\u0161kinti, kod\u0117l mama vis\u0105 gyvenim\u0105 buvo apimta nepaai\u0161kinamo li\u016bdesio ir n\u0117 karto \u012f Indij\u0105 negr\u012f\u017eo \u2013 net atsisveikinti su mir\u0161tan\u010diu t\u0117vu.<\/p>\n<p>Indijoje D\u017e\u0117ja sutinka Rav\u012f, buvus\u012f senel\u0117s tarn\u0105 ir i\u0161tikim\u0105 draug\u0105. Jo papasakota istorija atveria \u0161eimos paslap\u010di\u0173 lobyn\u0105, kurio did\u017eiausias brangakmenis \u2013 D\u017e\u0117jos senel\u0117 Ami\u0161a.<\/p>\n<p>Tais laikais, kai \u0161al\u012f vald\u0117 britai, Ami\u0161ai buvo lemta tapti klusnia \u017emona ir gera motina. Ta\u010diau jauna moteris tro\u0161ko daugiau: jos galvoje gimdavo nuostab\u016bs pasakojimai ir ji svajojo u\u017era\u0161yti juos angl\u0173 kalba, kurios i\u0161mokti gal\u0117jo tik brit\u0173 mokykloje. Bet kaip siekti savo svajon\u0117s, kai tam prie\u0161tarauja negailestingi papro\u010diai ir net \u0161eima?<\/p>\n<p>Su de\u0161imtme\u010dius saugota Ami\u0161os paslaptimi D\u017e\u0117ja gauna ne\u012fkainojam\u0105 palikim\u0105. Ir jos gyvenimas jau niekada nebebus toks, koks buvo&#8230;<\/p>\n<\/div>\n<\/div>\n<\/div>\n","protected":false},"featured_media":9840,"comment_status":"closed","ping_status":"closed","template":"","meta":{"_acf_changed":false,"site-sidebar-layout":"default","site-content-layout":"","ast-site-content-layout":"default","site-content-style":"default","site-sidebar-style":"default","ast-global-header-display":"","ast-banner-title-visibility":"","ast-main-header-display":"","ast-hfb-above-header-display":"","ast-hfb-below-header-display":"","ast-hfb-mobile-header-display":"","site-post-title":"","ast-breadcrumbs-content":"","ast-featured-img":"","footer-sml-layout":"","ast-disable-related-posts":"","theme-transparent-header-meta":"","adv-header-id-meta":"","stick-header-meta":"","header-above-stick-meta":"","header-main-stick-meta":"","header-below-stick-meta":"","astra-migrate-meta-layouts":"default","ast-page-background-enabled":"default","ast-page-background-meta":{"desktop":{"background-color":"","background-image":"","background-repeat":"repeat","background-position":"center center","background-size":"auto","background-attachment":"scroll","background-type":"","background-media":"","overlay-type":"","overlay-color":"","overlay-opacity":"","overlay-gradient":""},"tablet":{"background-color":"","background-image":"","background-repeat":"repeat","background-position":"center center","background-size":"auto","background-attachment":"scroll","background-type":"","background-media":"","overlay-type":"","overlay-color":"","overlay-opacity":"","overlay-gradient":""},"mobile":{"background-color":"","background-image":"","background-repeat":"repeat","background-position":"center center","background-size":"auto","background-attachment":"scroll","background-type":"","background-media":"","overlay-type":"","overlay-color":"","overlay-opacity":"","overlay-gradient":""}},"ast-content-background-meta":{"desktop":{"background-color":"var(--ast-global-color-4)","background-image":"","background-repeat":"repeat","background-position":"center center","background-size":"auto","background-attachment":"scroll","background-type":"","background-media":"","overlay-type":"","overlay-color":"","overlay-opacity":"","overlay-gradient":""},"tablet":{"background-color":"var(--ast-global-color-4)","background-image":"","background-repeat":"repeat","background-position":"center center","background-size":"auto","background-attachment":"scroll","background-type":"","background-media":"","overlay-type":"","overlay-color":"","overlay-opacity":"","overlay-gradient":""},"mobile":{"background-color":"var(--ast-global-color-4)","background-image":"","background-repeat":"repeat","background-position":"center center","background-size":"auto","background-attachment":"scroll","background-type":"","background-media":"","overlay-type":"","overlay-color":"","overlay-opacity":"","overlay-gradient":""}}},"product_brand":[],"product_cat":[31],"product_tag":[],"class_list":{"0":"post-9790","1":"product","2":"type-product","3":"status-publish","4":"has-post-thumbnail","6":"product_cat-grozine-literatura","7":"pa_leidimo-metai-647","8":"desktop-align-left","9":"tablet-align-left","10":"mobile-align-left","12":"first","13":"outofstock","14":"shipping-taxable","15":"purchasable","16":"product-type-simple"},"acf":[],"yoast_head":"<!-- This site is optimized with the Yoast SEO plugin v27.0 - https:\/\/yoast.com\/product\/yoast-seo-wordpress\/ -->\n<title>Sejal Badani \u201eIstorij\u0173 pasakotojos dukra\u201c - Skaitytaknyga<\/title>\n<meta name=\"description\" content=\"\u017durnalist\u0117 D\u017e\u0117ja po tre\u010dio persileidimo visi\u0161kai pal\u016b\u017eta, jos santuoka ima byr\u0117ti. Gelb\u0117damasi nuo skausmo ji palieka Niujork\u0105 ir keliauja \u012f t\u0117v\u0173 gimtin\u0119 Indij\u0105. \u010cia tikisi ne tik surasti ramyb\u0119, bet ir i\u0161siai\u0161kinti, kod\u0117l mama vis\u0105 gyvenim\u0105 buvo apimta nepaai\u0161kinamo li\u016bdesio ir n\u0117 karto \u012f Indij\u0105 negr\u012f\u017eo \u2013 net atsisveikinti su mir\u0161tan\u010diu t\u0117vu.  Indijoje D\u017e\u0117ja sutinka Rav\u012f, buvus\u012f senel\u0117s tarn\u0105 ir i\u0161tikim\u0105 draug\u0105. Jo papasakota istorija atveria \u0161eimos paslap\u010di\u0173 lobyn\u0105, kurio did\u017eiausias brangakmenis \u2013 D\u017e\u0117jos senel\u0117 Ami\u0161a.  Tais laikais, kai \u0161al\u012f vald\u0117 britai, Ami\u0161ai buvo lemta tapti klusnia \u017emona ir gera motina. Ta\u010diau jauna moteris tro\u0161ko daugiau: jos galvoje gimdavo nuostab\u016bs pasakojimai ir ji svajojo u\u017era\u0161yti juos angl\u0173 kalba, kurios i\u0161mokti gal\u0117jo tik brit\u0173 mokykloje. Bet kaip siekti savo svajon\u0117s, kai tam prie\u0161tarauja negailestingi papro\u010diai ir net \u0161eima?  Su de\u0161imtme\u010dius saugota Ami\u0161os paslaptimi D\u017e\u0117ja gauna ne\u012fkainojam\u0105 palikim\u0105. Ir jos gyvenimas jau niekada nebebus toks, koks buvo...\" \/>\n<meta name=\"robots\" content=\"index, follow, max-snippet:-1, max-image-preview:large, max-video-preview:-1\" \/>\n<link rel=\"canonical\" href=\"https:\/\/skaitytaknyga.lt\/en\/produktas\/sejal-badani-istoriju-pasakotojos-dukra\/\" \/>\n<meta property=\"og:locale\" content=\"en_GB\" \/>\n<meta property=\"og:locale:alternate\" content=\"lt_LT\" \/>\n<meta property=\"og:type\" content=\"article\" \/>\n<meta property=\"og:title\" content=\"Sejal Badani \u201eIstorij\u0173 pasakotojos dukra\u201c - Skaitytaknyga\" \/>\n<meta property=\"og:description\" content=\"\u017durnalist\u0117 D\u017e\u0117ja po tre\u010dio persileidimo visi\u0161kai pal\u016b\u017eta, jos santuoka ima byr\u0117ti. Gelb\u0117damasi nuo skausmo ji palieka Niujork\u0105 ir keliauja \u012f t\u0117v\u0173 gimtin\u0119 Indij\u0105. \u010cia tikisi ne tik surasti ramyb\u0119, bet ir i\u0161siai\u0161kinti, kod\u0117l mama vis\u0105 gyvenim\u0105 buvo apimta nepaai\u0161kinamo li\u016bdesio ir n\u0117 karto \u012f Indij\u0105 negr\u012f\u017eo \u2013 net atsisveikinti su mir\u0161tan\u010diu t\u0117vu.  Indijoje D\u017e\u0117ja sutinka Rav\u012f, buvus\u012f senel\u0117s tarn\u0105 ir i\u0161tikim\u0105 draug\u0105. Jo papasakota istorija atveria \u0161eimos paslap\u010di\u0173 lobyn\u0105, kurio did\u017eiausias brangakmenis \u2013 D\u017e\u0117jos senel\u0117 Ami\u0161a.  Tais laikais, kai \u0161al\u012f vald\u0117 britai, Ami\u0161ai buvo lemta tapti klusnia \u017emona ir gera motina. Ta\u010diau jauna moteris tro\u0161ko daugiau: jos galvoje gimdavo nuostab\u016bs pasakojimai ir ji svajojo u\u017era\u0161yti juos angl\u0173 kalba, kurios i\u0161mokti gal\u0117jo tik brit\u0173 mokykloje. Bet kaip siekti savo svajon\u0117s, kai tam prie\u0161tarauja negailestingi papro\u010diai ir net \u0161eima?  Su de\u0161imtme\u010dius saugota Ami\u0161os paslaptimi D\u017e\u0117ja gauna ne\u012fkainojam\u0105 palikim\u0105. Ir jos gyvenimas jau niekada nebebus toks, koks buvo...\" \/>\n<meta property=\"og:url\" content=\"https:\/\/skaitytaknyga.lt\/en\/produktas\/sejal-badani-istoriju-pasakotojos-dukra\/\" \/>\n<meta property=\"og:site_name\" content=\"Skaitytaknyga\" \/>\n<meta property=\"article:publisher\" content=\"https:\/\/www.facebook.com\/skaitytaknyga\/\" \/>\n<meta property=\"article:modified_time\" content=\"2024-05-04T17:59:34+00:00\" \/>\n<meta property=\"og:image\" content=\"https:\/\/skaitytaknyga.lt\/wp-content\/uploads\/2024\/05\/1558962069_pasakotojopaslaptis_2d.jpg\" \/>\n\t<meta property=\"og:image:width\" content=\"289\" \/>\n\t<meta property=\"og:image:height\" content=\"430\" \/>\n\t<meta property=\"og:image:type\" content=\"image\/jpeg\" \/>\n<meta name=\"twitter:card\" content=\"summary_large_image\" \/>\n<meta name=\"twitter:label1\" content=\"Estimated reading time\" \/>\n\t<meta name=\"twitter:data1\" content=\"1 minute\" \/>\n<script type=\"application\/ld+json\" class=\"yoast-schema-graph\">{\"@context\":\"https:\/\/schema.org\",\"@graph\":[{\"@type\":\"WebPage\",\"@id\":\"https:\/\/skaitytaknyga.lt\/produktas\/sejal-badani-istoriju-pasakotojos-dukra\/\",\"url\":\"https:\/\/skaitytaknyga.lt\/produktas\/sejal-badani-istoriju-pasakotojos-dukra\/\",\"name\":\"Sejal Badani \u201eIstorij\u0173 pasakotojos dukra\u201c - Skaitytaknyga\",\"isPartOf\":{\"@id\":\"https:\/\/skaitytaknyga.lt\/#website\"},\"primaryImageOfPage\":{\"@id\":\"https:\/\/skaitytaknyga.lt\/produktas\/sejal-badani-istoriju-pasakotojos-dukra\/#primaryimage\"},\"image\":{\"@id\":\"https:\/\/skaitytaknyga.lt\/produktas\/sejal-badani-istoriju-pasakotojos-dukra\/#primaryimage\"},\"thumbnailUrl\":\"https:\/\/skaitytaknyga.lt\/wp-content\/uploads\/2024\/05\/1558962069_pasakotojopaslaptis_2d.jpg\",\"datePublished\":\"2024-05-04T17:58:11+00:00\",\"dateModified\":\"2024-05-04T17:59:34+00:00\",\"description\":\"\u017durnalist\u0117 D\u017e\u0117ja po tre\u010dio persileidimo visi\u0161kai pal\u016b\u017eta, jos santuoka ima byr\u0117ti. Gelb\u0117damasi nuo skausmo ji palieka Niujork\u0105 ir keliauja \u012f t\u0117v\u0173 gimtin\u0119 Indij\u0105. \u010cia tikisi ne tik surasti ramyb\u0119, bet ir i\u0161siai\u0161kinti, kod\u0117l mama vis\u0105 gyvenim\u0105 buvo apimta nepaai\u0161kinamo li\u016bdesio ir n\u0117 karto \u012f Indij\u0105 negr\u012f\u017eo \u2013 net atsisveikinti su mir\u0161tan\u010diu t\u0117vu. Indijoje D\u017e\u0117ja sutinka Rav\u012f, buvus\u012f senel\u0117s tarn\u0105 ir i\u0161tikim\u0105 draug\u0105. Jo papasakota istorija atveria \u0161eimos paslap\u010di\u0173 lobyn\u0105, kurio did\u017eiausias brangakmenis \u2013 D\u017e\u0117jos senel\u0117 Ami\u0161a. Tais laikais, kai \u0161al\u012f vald\u0117 britai, Ami\u0161ai buvo lemta tapti klusnia \u017emona ir gera motina. Ta\u010diau jauna moteris tro\u0161ko daugiau: jos galvoje gimdavo nuostab\u016bs pasakojimai ir ji svajojo u\u017era\u0161yti juos angl\u0173 kalba, kurios i\u0161mokti gal\u0117jo tik brit\u0173 mokykloje. Bet kaip siekti savo svajon\u0117s, kai tam prie\u0161tarauja negailestingi papro\u010diai ir net \u0161eima? Su de\u0161imtme\u010dius saugota Ami\u0161os paslaptimi D\u017e\u0117ja gauna ne\u012fkainojam\u0105 palikim\u0105. Ir jos gyvenimas jau niekada nebebus toks, koks buvo...\",\"breadcrumb\":{\"@id\":\"https:\/\/skaitytaknyga.lt\/produktas\/sejal-badani-istoriju-pasakotojos-dukra\/#breadcrumb\"},\"inLanguage\":\"en-GB\",\"potentialAction\":[{\"@type\":\"ReadAction\",\"target\":[\"https:\/\/skaitytaknyga.lt\/produktas\/sejal-badani-istoriju-pasakotojos-dukra\/\"]}]},{\"@type\":\"ImageObject\",\"inLanguage\":\"en-GB\",\"@id\":\"https:\/\/skaitytaknyga.lt\/produktas\/sejal-badani-istoriju-pasakotojos-dukra\/#primaryimage\",\"url\":\"https:\/\/skaitytaknyga.lt\/wp-content\/uploads\/2024\/05\/1558962069_pasakotojopaslaptis_2d.jpg\",\"contentUrl\":\"https:\/\/skaitytaknyga.lt\/wp-content\/uploads\/2024\/05\/1558962069_pasakotojopaslaptis_2d.jpg\",\"width\":289,\"height\":430},{\"@type\":\"BreadcrumbList\",\"@id\":\"https:\/\/skaitytaknyga.lt\/produktas\/sejal-badani-istoriju-pasakotojos-dukra\/#breadcrumb\",\"itemListElement\":[{\"@type\":\"ListItem\",\"position\":1,\"name\":\"Home\",\"item\":\"https:\/\/skaitytaknyga.lt\/\"},{\"@type\":\"ListItem\",\"position\":2,\"name\":\"Parduotuv\u0117\",\"item\":\"https:\/\/skaitytaknyga.lt\/knygu-parduotuve\/\"},{\"@type\":\"ListItem\",\"position\":3,\"name\":\"Sejal Badani \u201eIstorij\u0173 pasakotojos dukra\u201c\"}]},{\"@type\":\"WebSite\",\"@id\":\"https:\/\/skaitytaknyga.lt\/#website\",\"url\":\"https:\/\/skaitytaknyga.lt\/\",\"name\":\"skaitytaknyga.lt\",\"description\":\"Skaitytaknyga.lt \u2013 tai ma\u017eas \u0161eimos verslas, kuris prasid\u0117jo nuo meil\u0117s knygoms ir siekio i\u0161gelb\u0117ti knygas nuo likimo prie konteinerio. Kas vienam nereikalingas daiktas \u2013 kitam lobis, o mes esame tarpininkai, kurie padeda abiems tapti laimingesniems ???? \u017dinome kaip nelengva i\u0161gyventi ma\u017eiems verslams, tad nuo \u0161iol, \u010dia rasite ir kit\u0173, ma\u017e\u0173 \u0161eim\u0173 versl\u0173, rank\u0173 darbo, dovan\u0173 sau ir artimiesiems.\",\"publisher\":{\"@id\":\"https:\/\/skaitytaknyga.lt\/#organization\"},\"potentialAction\":[{\"@type\":\"SearchAction\",\"target\":{\"@type\":\"EntryPoint\",\"urlTemplate\":\"https:\/\/skaitytaknyga.lt\/?s={search_term_string}\"},\"query-input\":{\"@type\":\"PropertyValueSpecification\",\"valueRequired\":true,\"valueName\":\"search_term_string\"}}],\"inLanguage\":\"en-GB\"},{\"@type\":\"Organization\",\"@id\":\"https:\/\/skaitytaknyga.lt\/#organization\",\"name\":\"skaitytaknyga.lt\",\"url\":\"https:\/\/skaitytaknyga.lt\/\",\"logo\":{\"@type\":\"ImageObject\",\"inLanguage\":\"en-GB\",\"@id\":\"https:\/\/skaitytaknyga.lt\/#\/schema\/logo\/image\/\",\"url\":\"https:\/\/skaitytaknyga.lt\/wp-content\/uploads\/2024\/05\/cropped-cropped-cropped-02_00843_jt3bggkj1j3HLc7SyY6rEUpg.jpeg\",\"contentUrl\":\"https:\/\/skaitytaknyga.lt\/wp-content\/uploads\/2024\/05\/cropped-cropped-cropped-02_00843_jt3bggkj1j3HLc7SyY6rEUpg.jpeg\",\"width\":1600,\"height\":1600,\"caption\":\"skaitytaknyga.lt\"},\"image\":{\"@id\":\"https:\/\/skaitytaknyga.lt\/#\/schema\/logo\/image\/\"},\"sameAs\":[\"https:\/\/www.facebook.com\/skaitytaknyga\/\"]}]}<\/script>\n<!-- \/ Yoast SEO plugin. -->","yoast_head_json":{"title":"Sejal Badani \u201eIstorij\u0173 pasakotojos dukra\u201c - Skaitytaknyga","description":"\u017durnalist\u0117 D\u017e\u0117ja po tre\u010dio persileidimo visi\u0161kai pal\u016b\u017eta, jos santuoka ima byr\u0117ti. Gelb\u0117damasi nuo skausmo ji palieka Niujork\u0105 ir keliauja \u012f t\u0117v\u0173 gimtin\u0119 Indij\u0105. \u010cia tikisi ne tik surasti ramyb\u0119, bet ir i\u0161siai\u0161kinti, kod\u0117l mama vis\u0105 gyvenim\u0105 buvo apimta nepaai\u0161kinamo li\u016bdesio ir n\u0117 karto \u012f Indij\u0105 negr\u012f\u017eo \u2013 net atsisveikinti su mir\u0161tan\u010diu t\u0117vu.  Indijoje D\u017e\u0117ja sutinka Rav\u012f, buvus\u012f senel\u0117s tarn\u0105 ir i\u0161tikim\u0105 draug\u0105. Jo papasakota istorija atveria \u0161eimos paslap\u010di\u0173 lobyn\u0105, kurio did\u017eiausias brangakmenis \u2013 D\u017e\u0117jos senel\u0117 Ami\u0161a.  Tais laikais, kai \u0161al\u012f vald\u0117 britai, Ami\u0161ai buvo lemta tapti klusnia \u017emona ir gera motina. Ta\u010diau jauna moteris tro\u0161ko daugiau: jos galvoje gimdavo nuostab\u016bs pasakojimai ir ji svajojo u\u017era\u0161yti juos angl\u0173 kalba, kurios i\u0161mokti gal\u0117jo tik brit\u0173 mokykloje. Bet kaip siekti savo svajon\u0117s, kai tam prie\u0161tarauja negailestingi papro\u010diai ir net \u0161eima?  Su de\u0161imtme\u010dius saugota Ami\u0161os paslaptimi D\u017e\u0117ja gauna ne\u012fkainojam\u0105 palikim\u0105. Ir jos gyvenimas jau niekada nebebus toks, koks buvo...","robots":{"index":"index","follow":"follow","max-snippet":"max-snippet:-1","max-image-preview":"max-image-preview:large","max-video-preview":"max-video-preview:-1"},"canonical":"https:\/\/skaitytaknyga.lt\/en\/produktas\/sejal-badani-istoriju-pasakotojos-dukra\/","og_locale":"en_GB","og_type":"article","og_title":"Sejal Badani \u201eIstorij\u0173 pasakotojos dukra\u201c - Skaitytaknyga","og_description":"\u017durnalist\u0117 D\u017e\u0117ja po tre\u010dio persileidimo visi\u0161kai pal\u016b\u017eta, jos santuoka ima byr\u0117ti. Gelb\u0117damasi nuo skausmo ji palieka Niujork\u0105 ir keliauja \u012f t\u0117v\u0173 gimtin\u0119 Indij\u0105. \u010cia tikisi ne tik surasti ramyb\u0119, bet ir i\u0161siai\u0161kinti, kod\u0117l mama vis\u0105 gyvenim\u0105 buvo apimta nepaai\u0161kinamo li\u016bdesio ir n\u0117 karto \u012f Indij\u0105 negr\u012f\u017eo \u2013 net atsisveikinti su mir\u0161tan\u010diu t\u0117vu.  Indijoje D\u017e\u0117ja sutinka Rav\u012f, buvus\u012f senel\u0117s tarn\u0105 ir i\u0161tikim\u0105 draug\u0105. Jo papasakota istorija atveria \u0161eimos paslap\u010di\u0173 lobyn\u0105, kurio did\u017eiausias brangakmenis \u2013 D\u017e\u0117jos senel\u0117 Ami\u0161a.  Tais laikais, kai \u0161al\u012f vald\u0117 britai, Ami\u0161ai buvo lemta tapti klusnia \u017emona ir gera motina. Ta\u010diau jauna moteris tro\u0161ko daugiau: jos galvoje gimdavo nuostab\u016bs pasakojimai ir ji svajojo u\u017era\u0161yti juos angl\u0173 kalba, kurios i\u0161mokti gal\u0117jo tik brit\u0173 mokykloje. Bet kaip siekti savo svajon\u0117s, kai tam prie\u0161tarauja negailestingi papro\u010diai ir net \u0161eima?  Su de\u0161imtme\u010dius saugota Ami\u0161os paslaptimi D\u017e\u0117ja gauna ne\u012fkainojam\u0105 palikim\u0105. Ir jos gyvenimas jau niekada nebebus toks, koks buvo...","og_url":"https:\/\/skaitytaknyga.lt\/en\/produktas\/sejal-badani-istoriju-pasakotojos-dukra\/","og_site_name":"Skaitytaknyga","article_publisher":"https:\/\/www.facebook.com\/skaitytaknyga\/","article_modified_time":"2024-05-04T17:59:34+00:00","og_image":[{"width":289,"height":430,"url":"https:\/\/skaitytaknyga.lt\/wp-content\/uploads\/2024\/05\/1558962069_pasakotojopaslaptis_2d.jpg","type":"image\/jpeg"}],"twitter_card":"summary_large_image","twitter_misc":{"Estimated reading time":"1 minute"},"schema":{"@context":"https:\/\/schema.org","@graph":[{"@type":"WebPage","@id":"https:\/\/skaitytaknyga.lt\/produktas\/sejal-badani-istoriju-pasakotojos-dukra\/","url":"https:\/\/skaitytaknyga.lt\/produktas\/sejal-badani-istoriju-pasakotojos-dukra\/","name":"Sejal Badani \u201eIstorij\u0173 pasakotojos dukra\u201c - Skaitytaknyga","isPartOf":{"@id":"https:\/\/skaitytaknyga.lt\/#website"},"primaryImageOfPage":{"@id":"https:\/\/skaitytaknyga.lt\/produktas\/sejal-badani-istoriju-pasakotojos-dukra\/#primaryimage"},"image":{"@id":"https:\/\/skaitytaknyga.lt\/produktas\/sejal-badani-istoriju-pasakotojos-dukra\/#primaryimage"},"thumbnailUrl":"https:\/\/skaitytaknyga.lt\/wp-content\/uploads\/2024\/05\/1558962069_pasakotojopaslaptis_2d.jpg","datePublished":"2024-05-04T17:58:11+00:00","dateModified":"2024-05-04T17:59:34+00:00","description":"\u017durnalist\u0117 D\u017e\u0117ja po tre\u010dio persileidimo visi\u0161kai pal\u016b\u017eta, jos santuoka ima byr\u0117ti. Gelb\u0117damasi nuo skausmo ji palieka Niujork\u0105 ir keliauja \u012f t\u0117v\u0173 gimtin\u0119 Indij\u0105. \u010cia tikisi ne tik surasti ramyb\u0119, bet ir i\u0161siai\u0161kinti, kod\u0117l mama vis\u0105 gyvenim\u0105 buvo apimta nepaai\u0161kinamo li\u016bdesio ir n\u0117 karto \u012f Indij\u0105 negr\u012f\u017eo \u2013 net atsisveikinti su mir\u0161tan\u010diu t\u0117vu. Indijoje D\u017e\u0117ja sutinka Rav\u012f, buvus\u012f senel\u0117s tarn\u0105 ir i\u0161tikim\u0105 draug\u0105. Jo papasakota istorija atveria \u0161eimos paslap\u010di\u0173 lobyn\u0105, kurio did\u017eiausias brangakmenis \u2013 D\u017e\u0117jos senel\u0117 Ami\u0161a. Tais laikais, kai \u0161al\u012f vald\u0117 britai, Ami\u0161ai buvo lemta tapti klusnia \u017emona ir gera motina. Ta\u010diau jauna moteris tro\u0161ko daugiau: jos galvoje gimdavo nuostab\u016bs pasakojimai ir ji svajojo u\u017era\u0161yti juos angl\u0173 kalba, kurios i\u0161mokti gal\u0117jo tik brit\u0173 mokykloje. Bet kaip siekti savo svajon\u0117s, kai tam prie\u0161tarauja negailestingi papro\u010diai ir net \u0161eima? Su de\u0161imtme\u010dius saugota Ami\u0161os paslaptimi D\u017e\u0117ja gauna ne\u012fkainojam\u0105 palikim\u0105. Ir jos gyvenimas jau niekada nebebus toks, koks buvo...","breadcrumb":{"@id":"https:\/\/skaitytaknyga.lt\/produktas\/sejal-badani-istoriju-pasakotojos-dukra\/#breadcrumb"},"inLanguage":"en-GB","potentialAction":[{"@type":"ReadAction","target":["https:\/\/skaitytaknyga.lt\/produktas\/sejal-badani-istoriju-pasakotojos-dukra\/"]}]},{"@type":"ImageObject","inLanguage":"en-GB","@id":"https:\/\/skaitytaknyga.lt\/produktas\/sejal-badani-istoriju-pasakotojos-dukra\/#primaryimage","url":"https:\/\/skaitytaknyga.lt\/wp-content\/uploads\/2024\/05\/1558962069_pasakotojopaslaptis_2d.jpg","contentUrl":"https:\/\/skaitytaknyga.lt\/wp-content\/uploads\/2024\/05\/1558962069_pasakotojopaslaptis_2d.jpg","width":289,"height":430},{"@type":"BreadcrumbList","@id":"https:\/\/skaitytaknyga.lt\/produktas\/sejal-badani-istoriju-pasakotojos-dukra\/#breadcrumb","itemListElement":[{"@type":"ListItem","position":1,"name":"Home","item":"https:\/\/skaitytaknyga.lt\/"},{"@type":"ListItem","position":2,"name":"Parduotuv\u0117","item":"https:\/\/skaitytaknyga.lt\/knygu-parduotuve\/"},{"@type":"ListItem","position":3,"name":"Sejal Badani \u201eIstorij\u0173 pasakotojos dukra\u201c"}]},{"@type":"WebSite","@id":"https:\/\/skaitytaknyga.lt\/#website","url":"https:\/\/skaitytaknyga.lt\/","name":"skaitytaknyga.lt","description":"Skaitytaknyga.lt \u2013 tai ma\u017eas \u0161eimos verslas, kuris prasid\u0117jo nuo meil\u0117s knygoms ir siekio i\u0161gelb\u0117ti knygas nuo likimo prie konteinerio. Kas vienam nereikalingas daiktas \u2013 kitam lobis, o mes esame tarpininkai, kurie padeda abiems tapti laimingesniems ???? \u017dinome kaip nelengva i\u0161gyventi ma\u017eiems verslams, tad nuo \u0161iol, \u010dia rasite ir kit\u0173, ma\u017e\u0173 \u0161eim\u0173 versl\u0173, rank\u0173 darbo, dovan\u0173 sau ir artimiesiems.","publisher":{"@id":"https:\/\/skaitytaknyga.lt\/#organization"},"potentialAction":[{"@type":"SearchAction","target":{"@type":"EntryPoint","urlTemplate":"https:\/\/skaitytaknyga.lt\/?s={search_term_string}"},"query-input":{"@type":"PropertyValueSpecification","valueRequired":true,"valueName":"search_term_string"}}],"inLanguage":"en-GB"},{"@type":"Organization","@id":"https:\/\/skaitytaknyga.lt\/#organization","name":"skaitytaknyga.lt","url":"https:\/\/skaitytaknyga.lt\/","logo":{"@type":"ImageObject","inLanguage":"en-GB","@id":"https:\/\/skaitytaknyga.lt\/#\/schema\/logo\/image\/","url":"https:\/\/skaitytaknyga.lt\/wp-content\/uploads\/2024\/05\/cropped-cropped-cropped-02_00843_jt3bggkj1j3HLc7SyY6rEUpg.jpeg","contentUrl":"https:\/\/skaitytaknyga.lt\/wp-content\/uploads\/2024\/05\/cropped-cropped-cropped-02_00843_jt3bggkj1j3HLc7SyY6rEUpg.jpeg","width":1600,"height":1600,"caption":"skaitytaknyga.lt"},"image":{"@id":"https:\/\/skaitytaknyga.lt\/#\/schema\/logo\/image\/"},"sameAs":["https:\/\/www.facebook.com\/skaitytaknyga\/"]}]}},"_links":{"self":[{"href":"https:\/\/skaitytaknyga.lt\/en\/wp-json\/wp\/v2\/product\/9790","targetHints":{"allow":["GET"]}}],"collection":[{"href":"https:\/\/skaitytaknyga.lt\/en\/wp-json\/wp\/v2\/product"}],"about":[{"href":"https:\/\/skaitytaknyga.lt\/en\/wp-json\/wp\/v2\/types\/product"}],"replies":[{"embeddable":true,"href":"https:\/\/skaitytaknyga.lt\/en\/wp-json\/wp\/v2\/comments?post=9790"}],"wp:featuredmedia":[{"embeddable":true,"href":"https:\/\/skaitytaknyga.lt\/en\/wp-json\/wp\/v2\/media\/9840"}],"wp:attachment":[{"href":"https:\/\/skaitytaknyga.lt\/en\/wp-json\/wp\/v2\/media?parent=9790"}],"wp:term":[{"taxonomy":"product_brand","embeddable":true,"href":"https:\/\/skaitytaknyga.lt\/en\/wp-json\/wp\/v2\/product_brand?post=9790"},{"taxonomy":"product_cat","embeddable":true,"href":"https:\/\/skaitytaknyga.lt\/en\/wp-json\/wp\/v2\/product_cat?post=9790"},{"taxonomy":"product_tag","embeddable":true,"href":"https:\/\/skaitytaknyga.lt\/en\/wp-json\/wp\/v2\/product_tag?post=9790"}],"curies":[{"name":"wp","href":"https:\/\/api.w.org\/{rel}","templated":true}]}}