{"id":9789,"date":"2024-05-04T17:58:11","date_gmt":"2024-05-04T17:58:11","guid":{"rendered":"https:\/\/skaitytaknyga.lt\/?post_type=product&#038;p=9789"},"modified":"2024-05-04T17:59:31","modified_gmt":"2024-05-04T17:59:31","slug":"nele-neuhaus-moteris-kurios-nekente","status":"publish","type":"product","link":"https:\/\/skaitytaknyga.lt\/en\/produktas\/nele-neuhaus-moteris-kurios-nekente\/","title":{"rendered":"Nele Neuhaus \u201eMoteris, kurios nekent\u0117\u201c"},"content":{"rendered":"<p>Vien\u0105 rugpj\u016b\u010dio sekmadienio ryt\u0105 vynuogyne sodininkas randa vyriausiojo prokuroro lavon\u0105. D\u0117l to, kad \u017emogus nusi\u017eud\u0117 pats, abejoni\u0173 nekyla: ekspertai nustat\u0117, kad jis nusi\u0161ov\u0117 ap\u017eioj\u0119s med\u017eioklinio \u0161autuvo vamzd\u012f.<\/p>\n<p>Po valandos ap\u017evalgos bok\u0161to pap\u0117d\u0117je randama negyva jauna moteris Izabel\u0117 Kerstner. I\u0161kvie\u010diami detektyvai Pija Kirchhof ir Oliveris fon Boden\u0161teinas. Nors i\u0161 pirmo \u017evilgsnio atrodo, kad moteris nu\u0161oko pati, kriminalistai \u012ftaria, jog tai labai gerai apgalvota \u017emog\u017eudyst\u0117. \u012etarimus kursto nerastas vienas moters batelis ir tai, kad prie\u0161 \u012fvyk\u012f ji degalin\u0117je prisipyl\u0117 piln\u0105 bak\u0105 degal\u0173.<\/p>\n<p>Apsilank\u0119 pra\u0161matnioje dvaro jojykloje tyr\u0117jai su\u017eino, kad \u010dia daug kas nem\u0117go Izabel\u0117s Kerstner, jaunos gra\u017eios veterinaro \u017emonos, \u012f\u017e\u016bliai apgaudin\u0117jusios savo vyr\u0105 ir bjaurios intrigant\u0117s. \u017dmoni\u0173, gal\u0117jusi\u0173 j\u0105 nu\u017eudyti, tarp jos pa\u017e\u012fstam\u0173 netr\u016bko. Be to, i\u0161 pikanti\u0161ko vaizdo \u012fra\u0161o paai\u0161k\u0117ja, kad Izabel\u0117 artimai bendravo su nusi\u017eud\u017eiusiu vyriausiuoju prokuroru. Tyr\u0117jams tenka narplioti sud\u0117tingas nusikaltimo peripetijas, o nu\u017eudymo motyv\u0173, kaip ir \u012ftariam\u0173j\u0173, kiekvien\u0105 dien\u0105 vis daug\u0117ja&#8230;<\/p>\n","protected":false},"excerpt":{"rendered":"<p>Vien\u0105 rugpj\u016b\u010dio sekmadienio ryt\u0105 vynuogyne sodininkas randa vyriausiojo prokuroro lavon\u0105. D\u0117l to, kad \u017emogus nusi\u017eud\u0117 pats, abejoni\u0173 nekyla: ekspertai nustat\u0117, kad jis nusi\u0161ov\u0117 ap\u017eioj\u0119s med\u017eioklinio \u0161autuvo vamzd\u012f.<\/p>\n<p>Po valandos ap\u017evalgos bok\u0161to pap\u0117d\u0117je randama negyva jauna moteris Izabel\u0117 Kerstner. I\u0161kvie\u010diami detektyvai Pija Kirchhof ir Oliveris fon Boden\u0161teinas. Nors i\u0161 pirmo \u017evilgsnio atrodo, kad moteris nu\u0161oko pati, kriminalistai \u012ftaria, jog tai labai gerai apgalvota \u017emog\u017eudyst\u0117. \u012etarimus kursto nerastas vienas moters batelis ir tai, kad prie\u0161 \u012fvyk\u012f ji degalin\u0117je prisipyl\u0117 piln\u0105 bak\u0105 degal\u0173.<\/p>\n<p>Apsilank\u0119 pra\u0161matnioje dvaro jojykloje tyr\u0117jai su\u017eino, kad \u010dia daug kas nem\u0117go Izabel\u0117s Kerstner, jaunos gra\u017eios veterinaro \u017emonos, \u012f\u017e\u016bliai apgaudin\u0117jusios savo vyr\u0105 ir bjaurios intrigant\u0117s. \u017dmoni\u0173, gal\u0117jusi\u0173 j\u0105 nu\u017eudyti, tarp jos pa\u017e\u012fstam\u0173 netr\u016bko. Be to, i\u0161 pikanti\u0161ko vaizdo \u012fra\u0161o paai\u0161k\u0117ja, kad Izabel\u0117 artimai bendravo su nusi\u017eud\u017eiusiu vyriausiuoju prokuroru. Tyr\u0117jams tenka narplioti sud\u0117tingas nusikaltimo peripetijas, o nu\u017eudymo motyv\u0173, kaip ir \u012ftariam\u0173j\u0173, kiekvien\u0105 dien\u0105 vis daug\u0117ja&#8230;<\/p>\n","protected":false},"featured_media":9839,"comment_status":"closed","ping_status":"closed","template":"","meta":{"_acf_changed":false,"site-sidebar-layout":"default","site-content-layout":"","ast-site-content-layout":"default","site-content-style":"default","site-sidebar-style":"default","ast-global-header-display":"","ast-banner-title-visibility":"","ast-main-header-display":"","ast-hfb-above-header-display":"","ast-hfb-below-header-display":"","ast-hfb-mobile-header-display":"","site-post-title":"","ast-breadcrumbs-content":"","ast-featured-img":"","footer-sml-layout":"","ast-disable-related-posts":"","theme-transparent-header-meta":"","adv-header-id-meta":"","stick-header-meta":"","header-above-stick-meta":"","header-main-stick-meta":"","header-below-stick-meta":"","astra-migrate-meta-layouts":"default","ast-page-background-enabled":"default","ast-page-background-meta":{"desktop":{"background-color":"","background-image":"","background-repeat":"repeat","background-position":"center center","background-size":"auto","background-attachment":"scroll","background-type":"","background-media":"","overlay-type":"","overlay-color":"","overlay-opacity":"","overlay-gradient":""},"tablet":{"background-color":"","background-image":"","background-repeat":"repeat","background-position":"center center","background-size":"auto","background-attachment":"scroll","background-type":"","background-media":"","overlay-type":"","overlay-color":"","overlay-opacity":"","overlay-gradient":""},"mobile":{"background-color":"","background-image":"","background-repeat":"repeat","background-position":"center center","background-size":"auto","background-attachment":"scroll","background-type":"","background-media":"","overlay-type":"","overlay-color":"","overlay-opacity":"","overlay-gradient":""}},"ast-content-background-meta":{"desktop":{"background-color":"var(--ast-global-color-4)","background-image":"","background-repeat":"repeat","background-position":"center center","background-size":"auto","background-attachment":"scroll","background-type":"","background-media":"","overlay-type":"","overlay-color":"","overlay-opacity":"","overlay-gradient":""},"tablet":{"background-color":"var(--ast-global-color-4)","background-image":"","background-repeat":"repeat","background-position":"center center","background-size":"auto","background-attachment":"scroll","background-type":"","background-media":"","overlay-type":"","overlay-color":"","overlay-opacity":"","overlay-gradient":""},"mobile":{"background-color":"var(--ast-global-color-4)","background-image":"","background-repeat":"repeat","background-position":"center center","background-size":"auto","background-attachment":"scroll","background-type":"","background-media":"","overlay-type":"","overlay-color":"","overlay-opacity":"","overlay-gradient":""}}},"product_brand":[],"product_cat":[31],"product_tag":[],"class_list":{"0":"post-9789","1":"product","2":"type-product","3":"status-publish","4":"has-post-thumbnail","6":"product_cat-grozine-literatura","7":"desktop-align-left","8":"tablet-align-left","9":"mobile-align-left","11":"first","12":"instock","13":"shipping-taxable","14":"purchasable","15":"product-type-simple"},"acf":[],"yoast_head":"<!-- This site is optimized with the Yoast SEO plugin v27.4 - https:\/\/yoast.com\/product\/yoast-seo-wordpress\/ -->\n<title>Nele Neuhaus \u201eMoteris, kurios nekent\u0117\u201c - Skaitytaknyga<\/title>\n<meta name=\"description\" content=\"Vien\u0105 rugpj\u016b\u010dio sekmadienio ryt\u0105 vynuogyne sodininkas randa vyriausiojo prokuroro lavon\u0105. D\u0117l to, kad \u017emogus nusi\u017eud\u0117 pats, abejoni\u0173 nekyla: ekspertai nustat\u0117, kad jis nusi\u0161ov\u0117 ap\u017eioj\u0119s med\u017eioklinio \u0161autuvo vamzd\u012f.  Po valandos ap\u017evalgos bok\u0161to pap\u0117d\u0117je randama negyva jauna moteris Izabel\u0117 Kerstner. I\u0161kvie\u010diami detektyvai Pija Kirchhof ir Oliveris fon Boden\u0161teinas. Nors i\u0161 pirmo \u017evilgsnio atrodo, kad moteris nu\u0161oko pati, kriminalistai \u012ftaria, jog tai labai gerai apgalvota \u017emog\u017eudyst\u0117. \u012etarimus kursto nerastas vienas moters batelis ir tai, kad prie\u0161 \u012fvyk\u012f ji degalin\u0117je prisipyl\u0117 piln\u0105 bak\u0105 degal\u0173.  Apsilank\u0119 pra\u0161matnioje dvaro jojykloje tyr\u0117jai su\u017eino, kad \u010dia daug kas nem\u0117go Izabel\u0117s Kerstner, jaunos gra\u017eios veterinaro \u017emonos, \u012f\u017e\u016bliai apgaudin\u0117jusios savo vyr\u0105 ir bjaurios intrigant\u0117s. \u017dmoni\u0173, gal\u0117jusi\u0173 j\u0105 nu\u017eudyti, tarp jos pa\u017e\u012fstam\u0173 netr\u016bko. Be to, i\u0161 pikanti\u0161ko vaizdo \u012fra\u0161o paai\u0161k\u0117ja, kad Izabel\u0117 artimai bendravo su nusi\u017eud\u017eiusiu vyriausiuoju prokuroru. Tyr\u0117jams tenka narplioti sud\u0117tingas nusikaltimo peripetijas, o nu\u017eudymo motyv\u0173, kaip ir \u012ftariam\u0173j\u0173, kiekvien\u0105 dien\u0105 vis daug\u0117ja...\" \/>\n<meta name=\"robots\" content=\"index, follow, max-snippet:-1, max-image-preview:large, max-video-preview:-1\" \/>\n<link rel=\"canonical\" href=\"https:\/\/skaitytaknyga.lt\/en\/produktas\/nele-neuhaus-moteris-kurios-nekente\/\" \/>\n<meta property=\"og:locale\" content=\"en_GB\" \/>\n<meta property=\"og:locale:alternate\" content=\"lt_LT\" \/>\n<meta property=\"og:type\" content=\"article\" \/>\n<meta property=\"og:title\" content=\"Nele Neuhaus \u201eMoteris, kurios nekent\u0117\u201c - Skaitytaknyga\" \/>\n<meta property=\"og:description\" content=\"Vien\u0105 rugpj\u016b\u010dio sekmadienio ryt\u0105 vynuogyne sodininkas randa vyriausiojo prokuroro lavon\u0105. D\u0117l to, kad \u017emogus nusi\u017eud\u0117 pats, abejoni\u0173 nekyla: ekspertai nustat\u0117, kad jis nusi\u0161ov\u0117 ap\u017eioj\u0119s med\u017eioklinio \u0161autuvo vamzd\u012f.  Po valandos ap\u017evalgos bok\u0161to pap\u0117d\u0117je randama negyva jauna moteris Izabel\u0117 Kerstner. I\u0161kvie\u010diami detektyvai Pija Kirchhof ir Oliveris fon Boden\u0161teinas. Nors i\u0161 pirmo \u017evilgsnio atrodo, kad moteris nu\u0161oko pati, kriminalistai \u012ftaria, jog tai labai gerai apgalvota \u017emog\u017eudyst\u0117. \u012etarimus kursto nerastas vienas moters batelis ir tai, kad prie\u0161 \u012fvyk\u012f ji degalin\u0117je prisipyl\u0117 piln\u0105 bak\u0105 degal\u0173.  Apsilank\u0119 pra\u0161matnioje dvaro jojykloje tyr\u0117jai su\u017eino, kad \u010dia daug kas nem\u0117go Izabel\u0117s Kerstner, jaunos gra\u017eios veterinaro \u017emonos, \u012f\u017e\u016bliai apgaudin\u0117jusios savo vyr\u0105 ir bjaurios intrigant\u0117s. \u017dmoni\u0173, gal\u0117jusi\u0173 j\u0105 nu\u017eudyti, tarp jos pa\u017e\u012fstam\u0173 netr\u016bko. Be to, i\u0161 pikanti\u0161ko vaizdo \u012fra\u0161o paai\u0161k\u0117ja, kad Izabel\u0117 artimai bendravo su nusi\u017eud\u017eiusiu vyriausiuoju prokuroru. Tyr\u0117jams tenka narplioti sud\u0117tingas nusikaltimo peripetijas, o nu\u017eudymo motyv\u0173, kaip ir \u012ftariam\u0173j\u0173, kiekvien\u0105 dien\u0105 vis daug\u0117ja...\" \/>\n<meta property=\"og:url\" content=\"https:\/\/skaitytaknyga.lt\/en\/produktas\/nele-neuhaus-moteris-kurios-nekente\/\" \/>\n<meta property=\"og:site_name\" content=\"Skaitytaknyga\" \/>\n<meta property=\"article:publisher\" content=\"https:\/\/www.facebook.com\/skaitytaknyga\/\" \/>\n<meta property=\"article:modified_time\" content=\"2024-05-04T17:59:31+00:00\" \/>\n<meta property=\"og:image\" content=\"https:\/\/skaitytaknyga.lt\/wp-content\/uploads\/2024\/05\/281653867_1375872019506807_39363737303344053_n.jpg\" \/>\n\t<meta property=\"og:image:width\" content=\"864\" \/>\n\t<meta property=\"og:image:height\" content=\"1156\" \/>\n\t<meta property=\"og:image:type\" content=\"image\/jpeg\" \/>\n<meta name=\"twitter:card\" content=\"summary_large_image\" \/>\n<meta name=\"twitter:label1\" content=\"Estimated reading time\" \/>\n\t<meta name=\"twitter:data1\" content=\"1 minute\" \/>\n<script type=\"application\/ld+json\" class=\"yoast-schema-graph\">{\"@context\":\"https:\\\/\\\/schema.org\",\"@graph\":[{\"@type\":\"WebPage\",\"@id\":\"https:\\\/\\\/skaitytaknyga.lt\\\/produktas\\\/nele-neuhaus-moteris-kurios-nekente\\\/\",\"url\":\"https:\\\/\\\/skaitytaknyga.lt\\\/produktas\\\/nele-neuhaus-moteris-kurios-nekente\\\/\",\"name\":\"Nele Neuhaus \u201eMoteris, kurios nekent\u0117\u201c - Skaitytaknyga\",\"isPartOf\":{\"@id\":\"https:\\\/\\\/skaitytaknyga.lt\\\/#website\"},\"primaryImageOfPage\":{\"@id\":\"https:\\\/\\\/skaitytaknyga.lt\\\/produktas\\\/nele-neuhaus-moteris-kurios-nekente\\\/#primaryimage\"},\"image\":{\"@id\":\"https:\\\/\\\/skaitytaknyga.lt\\\/produktas\\\/nele-neuhaus-moteris-kurios-nekente\\\/#primaryimage\"},\"thumbnailUrl\":\"https:\\\/\\\/skaitytaknyga.lt\\\/wp-content\\\/uploads\\\/2024\\\/05\\\/281653867_1375872019506807_39363737303344053_n.jpg\",\"datePublished\":\"2024-05-04T17:58:11+00:00\",\"dateModified\":\"2024-05-04T17:59:31+00:00\",\"description\":\"Vien\u0105 rugpj\u016b\u010dio sekmadienio ryt\u0105 vynuogyne sodininkas randa vyriausiojo prokuroro lavon\u0105. D\u0117l to, kad \u017emogus nusi\u017eud\u0117 pats, abejoni\u0173 nekyla: ekspertai nustat\u0117, kad jis nusi\u0161ov\u0117 ap\u017eioj\u0119s med\u017eioklinio \u0161autuvo vamzd\u012f. Po valandos ap\u017evalgos bok\u0161to pap\u0117d\u0117je randama negyva jauna moteris Izabel\u0117 Kerstner. I\u0161kvie\u010diami detektyvai Pija Kirchhof ir Oliveris fon Boden\u0161teinas. Nors i\u0161 pirmo \u017evilgsnio atrodo, kad moteris nu\u0161oko pati, kriminalistai \u012ftaria, jog tai labai gerai apgalvota \u017emog\u017eudyst\u0117. \u012etarimus kursto nerastas vienas moters batelis ir tai, kad prie\u0161 \u012fvyk\u012f ji degalin\u0117je prisipyl\u0117 piln\u0105 bak\u0105 degal\u0173. Apsilank\u0119 pra\u0161matnioje dvaro jojykloje tyr\u0117jai su\u017eino, kad \u010dia daug kas nem\u0117go Izabel\u0117s Kerstner, jaunos gra\u017eios veterinaro \u017emonos, \u012f\u017e\u016bliai apgaudin\u0117jusios savo vyr\u0105 ir bjaurios intrigant\u0117s. \u017dmoni\u0173, gal\u0117jusi\u0173 j\u0105 nu\u017eudyti, tarp jos pa\u017e\u012fstam\u0173 netr\u016bko. Be to, i\u0161 pikanti\u0161ko vaizdo \u012fra\u0161o paai\u0161k\u0117ja, kad Izabel\u0117 artimai bendravo su nusi\u017eud\u017eiusiu vyriausiuoju prokuroru. Tyr\u0117jams tenka narplioti sud\u0117tingas nusikaltimo peripetijas, o nu\u017eudymo motyv\u0173, kaip ir \u012ftariam\u0173j\u0173, kiekvien\u0105 dien\u0105 vis daug\u0117ja...\",\"breadcrumb\":{\"@id\":\"https:\\\/\\\/skaitytaknyga.lt\\\/produktas\\\/nele-neuhaus-moteris-kurios-nekente\\\/#breadcrumb\"},\"inLanguage\":\"en-GB\",\"potentialAction\":[{\"@type\":\"ReadAction\",\"target\":[\"https:\\\/\\\/skaitytaknyga.lt\\\/produktas\\\/nele-neuhaus-moteris-kurios-nekente\\\/\"]}]},{\"@type\":\"ImageObject\",\"inLanguage\":\"en-GB\",\"@id\":\"https:\\\/\\\/skaitytaknyga.lt\\\/produktas\\\/nele-neuhaus-moteris-kurios-nekente\\\/#primaryimage\",\"url\":\"https:\\\/\\\/skaitytaknyga.lt\\\/wp-content\\\/uploads\\\/2024\\\/05\\\/281653867_1375872019506807_39363737303344053_n.jpg\",\"contentUrl\":\"https:\\\/\\\/skaitytaknyga.lt\\\/wp-content\\\/uploads\\\/2024\\\/05\\\/281653867_1375872019506807_39363737303344053_n.jpg\",\"width\":864,\"height\":1156},{\"@type\":\"BreadcrumbList\",\"@id\":\"https:\\\/\\\/skaitytaknyga.lt\\\/produktas\\\/nele-neuhaus-moteris-kurios-nekente\\\/#breadcrumb\",\"itemListElement\":[{\"@type\":\"ListItem\",\"position\":1,\"name\":\"Home\",\"item\":\"https:\\\/\\\/skaitytaknyga.lt\\\/\"},{\"@type\":\"ListItem\",\"position\":2,\"name\":\"Parduotuv\u0117\",\"item\":\"https:\\\/\\\/skaitytaknyga.lt\\\/knygu-parduotuve\\\/\"},{\"@type\":\"ListItem\",\"position\":3,\"name\":\"Nele Neuhaus \u201eMoteris, kurios nekent\u0117\u201c\"}]},{\"@type\":\"WebSite\",\"@id\":\"https:\\\/\\\/skaitytaknyga.lt\\\/#website\",\"url\":\"https:\\\/\\\/skaitytaknyga.lt\\\/\",\"name\":\"skaitytaknyga.lt\",\"description\":\"Skaitytaknyga.lt \u2013 tai ma\u017eas \u0161eimos verslas, kuris prasid\u0117jo nuo meil\u0117s knygoms ir siekio i\u0161gelb\u0117ti knygas nuo likimo prie konteinerio. Kas vienam nereikalingas daiktas \u2013 kitam lobis, o mes esame tarpininkai, kurie padeda abiems tapti laimingesniems ???? \u017dinome kaip nelengva i\u0161gyventi ma\u017eiems verslams, tad nuo \u0161iol, \u010dia rasite ir kit\u0173, ma\u017e\u0173 \u0161eim\u0173 versl\u0173, rank\u0173 darbo, dovan\u0173 sau ir artimiesiems.\",\"publisher\":{\"@id\":\"https:\\\/\\\/skaitytaknyga.lt\\\/#organization\"},\"potentialAction\":[{\"@type\":\"SearchAction\",\"target\":{\"@type\":\"EntryPoint\",\"urlTemplate\":\"https:\\\/\\\/skaitytaknyga.lt\\\/?s={search_term_string}\"},\"query-input\":{\"@type\":\"PropertyValueSpecification\",\"valueRequired\":true,\"valueName\":\"search_term_string\"}}],\"inLanguage\":\"en-GB\"},{\"@type\":\"Organization\",\"@id\":\"https:\\\/\\\/skaitytaknyga.lt\\\/#organization\",\"name\":\"skaitytaknyga.lt\",\"url\":\"https:\\\/\\\/skaitytaknyga.lt\\\/\",\"logo\":{\"@type\":\"ImageObject\",\"inLanguage\":\"en-GB\",\"@id\":\"https:\\\/\\\/skaitytaknyga.lt\\\/#\\\/schema\\\/logo\\\/image\\\/\",\"url\":\"https:\\\/\\\/skaitytaknyga.lt\\\/wp-content\\\/uploads\\\/2024\\\/05\\\/cropped-cropped-cropped-02_00843_jt3bggkj1j3HLc7SyY6rEUpg.jpeg\",\"contentUrl\":\"https:\\\/\\\/skaitytaknyga.lt\\\/wp-content\\\/uploads\\\/2024\\\/05\\\/cropped-cropped-cropped-02_00843_jt3bggkj1j3HLc7SyY6rEUpg.jpeg\",\"width\":1600,\"height\":1600,\"caption\":\"skaitytaknyga.lt\"},\"image\":{\"@id\":\"https:\\\/\\\/skaitytaknyga.lt\\\/#\\\/schema\\\/logo\\\/image\\\/\"},\"sameAs\":[\"https:\\\/\\\/www.facebook.com\\\/skaitytaknyga\\\/\"]}]}<\/script>\n<!-- \/ Yoast SEO plugin. -->","yoast_head_json":{"title":"Nele Neuhaus \u201eMoteris, kurios nekent\u0117\u201c - Skaitytaknyga","description":"Vien\u0105 rugpj\u016b\u010dio sekmadienio ryt\u0105 vynuogyne sodininkas randa vyriausiojo prokuroro lavon\u0105. D\u0117l to, kad \u017emogus nusi\u017eud\u0117 pats, abejoni\u0173 nekyla: ekspertai nustat\u0117, kad jis nusi\u0161ov\u0117 ap\u017eioj\u0119s med\u017eioklinio \u0161autuvo vamzd\u012f.  Po valandos ap\u017evalgos bok\u0161to pap\u0117d\u0117je randama negyva jauna moteris Izabel\u0117 Kerstner. I\u0161kvie\u010diami detektyvai Pija Kirchhof ir Oliveris fon Boden\u0161teinas. Nors i\u0161 pirmo \u017evilgsnio atrodo, kad moteris nu\u0161oko pati, kriminalistai \u012ftaria, jog tai labai gerai apgalvota \u017emog\u017eudyst\u0117. \u012etarimus kursto nerastas vienas moters batelis ir tai, kad prie\u0161 \u012fvyk\u012f ji degalin\u0117je prisipyl\u0117 piln\u0105 bak\u0105 degal\u0173.  Apsilank\u0119 pra\u0161matnioje dvaro jojykloje tyr\u0117jai su\u017eino, kad \u010dia daug kas nem\u0117go Izabel\u0117s Kerstner, jaunos gra\u017eios veterinaro \u017emonos, \u012f\u017e\u016bliai apgaudin\u0117jusios savo vyr\u0105 ir bjaurios intrigant\u0117s. \u017dmoni\u0173, gal\u0117jusi\u0173 j\u0105 nu\u017eudyti, tarp jos pa\u017e\u012fstam\u0173 netr\u016bko. Be to, i\u0161 pikanti\u0161ko vaizdo \u012fra\u0161o paai\u0161k\u0117ja, kad Izabel\u0117 artimai bendravo su nusi\u017eud\u017eiusiu vyriausiuoju prokuroru. Tyr\u0117jams tenka narplioti sud\u0117tingas nusikaltimo peripetijas, o nu\u017eudymo motyv\u0173, kaip ir \u012ftariam\u0173j\u0173, kiekvien\u0105 dien\u0105 vis daug\u0117ja...","robots":{"index":"index","follow":"follow","max-snippet":"max-snippet:-1","max-image-preview":"max-image-preview:large","max-video-preview":"max-video-preview:-1"},"canonical":"https:\/\/skaitytaknyga.lt\/en\/produktas\/nele-neuhaus-moteris-kurios-nekente\/","og_locale":"en_GB","og_type":"article","og_title":"Nele Neuhaus \u201eMoteris, kurios nekent\u0117\u201c - Skaitytaknyga","og_description":"Vien\u0105 rugpj\u016b\u010dio sekmadienio ryt\u0105 vynuogyne sodininkas randa vyriausiojo prokuroro lavon\u0105. D\u0117l to, kad \u017emogus nusi\u017eud\u0117 pats, abejoni\u0173 nekyla: ekspertai nustat\u0117, kad jis nusi\u0161ov\u0117 ap\u017eioj\u0119s med\u017eioklinio \u0161autuvo vamzd\u012f.  Po valandos ap\u017evalgos bok\u0161to pap\u0117d\u0117je randama negyva jauna moteris Izabel\u0117 Kerstner. I\u0161kvie\u010diami detektyvai Pija Kirchhof ir Oliveris fon Boden\u0161teinas. Nors i\u0161 pirmo \u017evilgsnio atrodo, kad moteris nu\u0161oko pati, kriminalistai \u012ftaria, jog tai labai gerai apgalvota \u017emog\u017eudyst\u0117. \u012etarimus kursto nerastas vienas moters batelis ir tai, kad prie\u0161 \u012fvyk\u012f ji degalin\u0117je prisipyl\u0117 piln\u0105 bak\u0105 degal\u0173.  Apsilank\u0119 pra\u0161matnioje dvaro jojykloje tyr\u0117jai su\u017eino, kad \u010dia daug kas nem\u0117go Izabel\u0117s Kerstner, jaunos gra\u017eios veterinaro \u017emonos, \u012f\u017e\u016bliai apgaudin\u0117jusios savo vyr\u0105 ir bjaurios intrigant\u0117s. \u017dmoni\u0173, gal\u0117jusi\u0173 j\u0105 nu\u017eudyti, tarp jos pa\u017e\u012fstam\u0173 netr\u016bko. Be to, i\u0161 pikanti\u0161ko vaizdo \u012fra\u0161o paai\u0161k\u0117ja, kad Izabel\u0117 artimai bendravo su nusi\u017eud\u017eiusiu vyriausiuoju prokuroru. Tyr\u0117jams tenka narplioti sud\u0117tingas nusikaltimo peripetijas, o nu\u017eudymo motyv\u0173, kaip ir \u012ftariam\u0173j\u0173, kiekvien\u0105 dien\u0105 vis daug\u0117ja...","og_url":"https:\/\/skaitytaknyga.lt\/en\/produktas\/nele-neuhaus-moteris-kurios-nekente\/","og_site_name":"Skaitytaknyga","article_publisher":"https:\/\/www.facebook.com\/skaitytaknyga\/","article_modified_time":"2024-05-04T17:59:31+00:00","og_image":[{"width":864,"height":1156,"url":"https:\/\/skaitytaknyga.lt\/wp-content\/uploads\/2024\/05\/281653867_1375872019506807_39363737303344053_n.jpg","type":"image\/jpeg"}],"twitter_card":"summary_large_image","twitter_misc":{"Estimated reading time":"1 minute"},"schema":{"@context":"https:\/\/schema.org","@graph":[{"@type":"WebPage","@id":"https:\/\/skaitytaknyga.lt\/produktas\/nele-neuhaus-moteris-kurios-nekente\/","url":"https:\/\/skaitytaknyga.lt\/produktas\/nele-neuhaus-moteris-kurios-nekente\/","name":"Nele Neuhaus \u201eMoteris, kurios nekent\u0117\u201c - Skaitytaknyga","isPartOf":{"@id":"https:\/\/skaitytaknyga.lt\/#website"},"primaryImageOfPage":{"@id":"https:\/\/skaitytaknyga.lt\/produktas\/nele-neuhaus-moteris-kurios-nekente\/#primaryimage"},"image":{"@id":"https:\/\/skaitytaknyga.lt\/produktas\/nele-neuhaus-moteris-kurios-nekente\/#primaryimage"},"thumbnailUrl":"https:\/\/skaitytaknyga.lt\/wp-content\/uploads\/2024\/05\/281653867_1375872019506807_39363737303344053_n.jpg","datePublished":"2024-05-04T17:58:11+00:00","dateModified":"2024-05-04T17:59:31+00:00","description":"Vien\u0105 rugpj\u016b\u010dio sekmadienio ryt\u0105 vynuogyne sodininkas randa vyriausiojo prokuroro lavon\u0105. D\u0117l to, kad \u017emogus nusi\u017eud\u0117 pats, abejoni\u0173 nekyla: ekspertai nustat\u0117, kad jis nusi\u0161ov\u0117 ap\u017eioj\u0119s med\u017eioklinio \u0161autuvo vamzd\u012f. Po valandos ap\u017evalgos bok\u0161to pap\u0117d\u0117je randama negyva jauna moteris Izabel\u0117 Kerstner. I\u0161kvie\u010diami detektyvai Pija Kirchhof ir Oliveris fon Boden\u0161teinas. Nors i\u0161 pirmo \u017evilgsnio atrodo, kad moteris nu\u0161oko pati, kriminalistai \u012ftaria, jog tai labai gerai apgalvota \u017emog\u017eudyst\u0117. \u012etarimus kursto nerastas vienas moters batelis ir tai, kad prie\u0161 \u012fvyk\u012f ji degalin\u0117je prisipyl\u0117 piln\u0105 bak\u0105 degal\u0173. Apsilank\u0119 pra\u0161matnioje dvaro jojykloje tyr\u0117jai su\u017eino, kad \u010dia daug kas nem\u0117go Izabel\u0117s Kerstner, jaunos gra\u017eios veterinaro \u017emonos, \u012f\u017e\u016bliai apgaudin\u0117jusios savo vyr\u0105 ir bjaurios intrigant\u0117s. \u017dmoni\u0173, gal\u0117jusi\u0173 j\u0105 nu\u017eudyti, tarp jos pa\u017e\u012fstam\u0173 netr\u016bko. Be to, i\u0161 pikanti\u0161ko vaizdo \u012fra\u0161o paai\u0161k\u0117ja, kad Izabel\u0117 artimai bendravo su nusi\u017eud\u017eiusiu vyriausiuoju prokuroru. Tyr\u0117jams tenka narplioti sud\u0117tingas nusikaltimo peripetijas, o nu\u017eudymo motyv\u0173, kaip ir \u012ftariam\u0173j\u0173, kiekvien\u0105 dien\u0105 vis daug\u0117ja...","breadcrumb":{"@id":"https:\/\/skaitytaknyga.lt\/produktas\/nele-neuhaus-moteris-kurios-nekente\/#breadcrumb"},"inLanguage":"en-GB","potentialAction":[{"@type":"ReadAction","target":["https:\/\/skaitytaknyga.lt\/produktas\/nele-neuhaus-moteris-kurios-nekente\/"]}]},{"@type":"ImageObject","inLanguage":"en-GB","@id":"https:\/\/skaitytaknyga.lt\/produktas\/nele-neuhaus-moteris-kurios-nekente\/#primaryimage","url":"https:\/\/skaitytaknyga.lt\/wp-content\/uploads\/2024\/05\/281653867_1375872019506807_39363737303344053_n.jpg","contentUrl":"https:\/\/skaitytaknyga.lt\/wp-content\/uploads\/2024\/05\/281653867_1375872019506807_39363737303344053_n.jpg","width":864,"height":1156},{"@type":"BreadcrumbList","@id":"https:\/\/skaitytaknyga.lt\/produktas\/nele-neuhaus-moteris-kurios-nekente\/#breadcrumb","itemListElement":[{"@type":"ListItem","position":1,"name":"Home","item":"https:\/\/skaitytaknyga.lt\/"},{"@type":"ListItem","position":2,"name":"Parduotuv\u0117","item":"https:\/\/skaitytaknyga.lt\/knygu-parduotuve\/"},{"@type":"ListItem","position":3,"name":"Nele Neuhaus \u201eMoteris, kurios nekent\u0117\u201c"}]},{"@type":"WebSite","@id":"https:\/\/skaitytaknyga.lt\/#website","url":"https:\/\/skaitytaknyga.lt\/","name":"skaitytaknyga.lt","description":"Skaitytaknyga.lt \u2013 tai ma\u017eas \u0161eimos verslas, kuris prasid\u0117jo nuo meil\u0117s knygoms ir siekio i\u0161gelb\u0117ti knygas nuo likimo prie konteinerio. Kas vienam nereikalingas daiktas \u2013 kitam lobis, o mes esame tarpininkai, kurie padeda abiems tapti laimingesniems ???? \u017dinome kaip nelengva i\u0161gyventi ma\u017eiems verslams, tad nuo \u0161iol, \u010dia rasite ir kit\u0173, ma\u017e\u0173 \u0161eim\u0173 versl\u0173, rank\u0173 darbo, dovan\u0173 sau ir artimiesiems.","publisher":{"@id":"https:\/\/skaitytaknyga.lt\/#organization"},"potentialAction":[{"@type":"SearchAction","target":{"@type":"EntryPoint","urlTemplate":"https:\/\/skaitytaknyga.lt\/?s={search_term_string}"},"query-input":{"@type":"PropertyValueSpecification","valueRequired":true,"valueName":"search_term_string"}}],"inLanguage":"en-GB"},{"@type":"Organization","@id":"https:\/\/skaitytaknyga.lt\/#organization","name":"skaitytaknyga.lt","url":"https:\/\/skaitytaknyga.lt\/","logo":{"@type":"ImageObject","inLanguage":"en-GB","@id":"https:\/\/skaitytaknyga.lt\/#\/schema\/logo\/image\/","url":"https:\/\/skaitytaknyga.lt\/wp-content\/uploads\/2024\/05\/cropped-cropped-cropped-02_00843_jt3bggkj1j3HLc7SyY6rEUpg.jpeg","contentUrl":"https:\/\/skaitytaknyga.lt\/wp-content\/uploads\/2024\/05\/cropped-cropped-cropped-02_00843_jt3bggkj1j3HLc7SyY6rEUpg.jpeg","width":1600,"height":1600,"caption":"skaitytaknyga.lt"},"image":{"@id":"https:\/\/skaitytaknyga.lt\/#\/schema\/logo\/image\/"},"sameAs":["https:\/\/www.facebook.com\/skaitytaknyga\/"]}]}},"_links":{"self":[{"href":"https:\/\/skaitytaknyga.lt\/en\/wp-json\/wp\/v2\/product\/9789","targetHints":{"allow":["GET"]}}],"collection":[{"href":"https:\/\/skaitytaknyga.lt\/en\/wp-json\/wp\/v2\/product"}],"about":[{"href":"https:\/\/skaitytaknyga.lt\/en\/wp-json\/wp\/v2\/types\/product"}],"replies":[{"embeddable":true,"href":"https:\/\/skaitytaknyga.lt\/en\/wp-json\/wp\/v2\/comments?post=9789"}],"wp:featuredmedia":[{"embeddable":true,"href":"https:\/\/skaitytaknyga.lt\/en\/wp-json\/wp\/v2\/media\/9839"}],"wp:attachment":[{"href":"https:\/\/skaitytaknyga.lt\/en\/wp-json\/wp\/v2\/media?parent=9789"}],"wp:term":[{"taxonomy":"product_brand","embeddable":true,"href":"https:\/\/skaitytaknyga.lt\/en\/wp-json\/wp\/v2\/product_brand?post=9789"},{"taxonomy":"product_cat","embeddable":true,"href":"https:\/\/skaitytaknyga.lt\/en\/wp-json\/wp\/v2\/product_cat?post=9789"},{"taxonomy":"product_tag","embeddable":true,"href":"https:\/\/skaitytaknyga.lt\/en\/wp-json\/wp\/v2\/product_tag?post=9789"}],"curies":[{"name":"wp","href":"https:\/\/api.w.org\/{rel}","templated":true}]}}