{"id":9788,"date":"2024-05-04T17:58:11","date_gmt":"2024-05-04T17:58:11","guid":{"rendered":"https:\/\/skaitytaknyga.lt\/?post_type=product&#038;p=9788"},"modified":"2025-05-19T14:42:13","modified_gmt":"2025-05-19T11:42:13","slug":"robert-bryndza-gresme-naktyje","status":"publish","type":"product","link":"https:\/\/skaitytaknyga.lt\/en\/produktas\/robert-bryndza-gresme-naktyje\/","title":{"rendered":"Gr\u0117sm\u0117 naktyje"},"content":{"rendered":"<p>Pasaulinio bestselerio\u00a0<strong>\u201eMergina lede&#8221;<\/strong>\u00a0autorius gr\u012f\u017eta su jaudinan\u010diu trileriu.<\/p>\n<p>Vidury tro\u0161kios vasaros nakties detektyv\u0117 Erika Foster i\u0161kvie\u010diama \u012f \u017emog\u017eudyst\u0117s viet\u0105. Auka \u2014 gydytojas, u\u017edusintas savo lovoje.<\/p>\n<p>Po keli\u0173 dien\u0173 randama dar viena lygiai taip pat nu\u017eudyta auka. Erika su savo komanda ima kapstyti giliau ir i\u0161siai\u0161kina, kad susid\u016br\u0117 su kruop\u0161\u010diai veiksmus apgalvojan\u010diu serijiniu \u017eudiku.<\/p>\n<p>Visos aukos \u2014 vieni\u0161i, u\u017edari vyrai. Kod\u0117l j\u0173 praeit\u012f gaubia paslaptis? Kas juos sieja su \u017eudiku?<\/p>\n<p>Londonas d\u016bsta kar\u0161\u010dio bangoje, o Erika pasiry\u017eusi padaryti visk\u0105, kad su\u010diupt\u0173 naktin\u012f \u017eudik\u0105.<\/p>\n","protected":false},"excerpt":{"rendered":"<p>Pasaulinio bestselerio\u00a0<strong>\u201eMergina lede&#8221;<\/strong>\u00a0autorius gr\u012f\u017eta su jaudinan\u010diu trileriu.<\/p>\n<p>Vidury tro\u0161kios vasaros nakties detektyv\u0117 Erika Foster i\u0161kvie\u010diama \u012f \u017emog\u017eudyst\u0117s viet\u0105. Auka \u2014 gydytojas, u\u017edusintas savo lovoje.<\/p>\n<p>Po keli\u0173 dien\u0173 randama dar viena lygiai taip pat nu\u017eudyta auka. Erika su savo komanda ima kapstyti giliau ir i\u0161siai\u0161kina, kad susid\u016br\u0117 su kruop\u0161\u010diai veiksmus apgalvojan\u010diu serijiniu \u017eudiku.<\/p>\n<p>Visos aukos \u2014 vieni\u0161i, u\u017edari vyrai. Kod\u0117l j\u0173 praeit\u012f gaubia paslaptis? Kas juos sieja su \u017eudiku?<\/p>\n<p>Londonas d\u016bsta kar\u0161\u010dio bangoje, o Erika pasiry\u017eusi padaryti visk\u0105, kad su\u010diupt\u0173 naktin\u012f \u017eudik\u0105.<\/p>\n","protected":false},"featured_media":9838,"comment_status":"closed","ping_status":"closed","template":"","meta":{"_acf_changed":false,"site-sidebar-layout":"default","site-content-layout":"","ast-site-content-layout":"default","site-content-style":"default","site-sidebar-style":"default","ast-global-header-display":"","ast-banner-title-visibility":"","ast-main-header-display":"","ast-hfb-above-header-display":"","ast-hfb-below-header-display":"","ast-hfb-mobile-header-display":"","site-post-title":"","ast-breadcrumbs-content":"","ast-featured-img":"","footer-sml-layout":"","ast-disable-related-posts":"","theme-transparent-header-meta":"","adv-header-id-meta":"","stick-header-meta":"","header-above-stick-meta":"","header-main-stick-meta":"","header-below-stick-meta":"","astra-migrate-meta-layouts":"default","ast-page-background-enabled":"default","ast-page-background-meta":{"desktop":{"background-color":"","background-image":"","background-repeat":"repeat","background-position":"center center","background-size":"auto","background-attachment":"scroll","background-type":"","background-media":"","overlay-type":"","overlay-color":"","overlay-opacity":"","overlay-gradient":""},"tablet":{"background-color":"","background-image":"","background-repeat":"repeat","background-position":"center center","background-size":"auto","background-attachment":"scroll","background-type":"","background-media":"","overlay-type":"","overlay-color":"","overlay-opacity":"","overlay-gradient":""},"mobile":{"background-color":"","background-image":"","background-repeat":"repeat","background-position":"center center","background-size":"auto","background-attachment":"scroll","background-type":"","background-media":"","overlay-type":"","overlay-color":"","overlay-opacity":"","overlay-gradient":""}},"ast-content-background-meta":{"desktop":{"background-color":"var(--ast-global-color-4)","background-image":"","background-repeat":"repeat","background-position":"center center","background-size":"auto","background-attachment":"scroll","background-type":"","background-media":"","overlay-type":"","overlay-color":"","overlay-opacity":"","overlay-gradient":""},"tablet":{"background-color":"var(--ast-global-color-4)","background-image":"","background-repeat":"repeat","background-position":"center center","background-size":"auto","background-attachment":"scroll","background-type":"","background-media":"","overlay-type":"","overlay-color":"","overlay-opacity":"","overlay-gradient":""},"mobile":{"background-color":"var(--ast-global-color-4)","background-image":"","background-repeat":"repeat","background-position":"center center","background-size":"auto","background-attachment":"scroll","background-type":"","background-media":"","overlay-type":"","overlay-color":"","overlay-opacity":"","overlay-gradient":""}}},"product_brand":[],"product_cat":[31],"product_tag":[3981,3983,1478,3982,1587,3305],"class_list":{"0":"post-9788","1":"product","2":"type-product","3":"status-publish","4":"has-post-thumbnail","6":"product_cat-grozine-literatura","7":"product_tag-detektyve-erika-foster","8":"product_tag-londonas","9":"product_tag-paslaptys","10":"product_tag-serijinis-zudikas","11":"product_tag-trileris","12":"product_tag-zmogzudystes","13":"desktop-align-left","14":"tablet-align-left","15":"mobile-align-left","17":"first","18":"outofstock","19":"shipping-taxable","20":"purchasable","21":"product-type-simple"},"acf":[],"yoast_head":"<!-- This site is optimized with the Yoast SEO plugin v27.4 - https:\/\/yoast.com\/product\/yoast-seo-wordpress\/ -->\n<title>Gr\u0117sm\u0117 naktyje<\/title>\n<meta name=\"description\" content=\"Pasaulinio bestselerio\u00a0\u201eMergina lede&quot;\u00a0autorius gr\u012f\u017eta su jaudinan\u010diu trileriu.  Vidury tro\u0161kios vasaros nakties detektyv\u0117 Erika Foster i\u0161kvie\u010diama \u012f \u017emog\u017eudyst\u0117s viet\u0105. Auka \u2014 gydytojas, u\u017edusintas savo lovoje.  Po keli\u0173 dien\u0173 randama dar viena lygiai taip pat nu\u017eudyta auka. Erika su savo komanda ima kapstyti giliau ir i\u0161siai\u0161kina, kad susid\u016br\u0117 su kruop\u0161\u010diai veiksmus apgalvojan\u010diu serijiniu \u017eudiku.  Visos aukos \u2014 vieni\u0161i, u\u017edari vyrai. Kod\u0117l j\u0173 praeit\u012f gaubia paslaptis? Kas juos sieja su \u017eudiku?  Londonas d\u016bsta kar\u0161\u010dio bangoje, o Erika pasiry\u017eusi padaryti visk\u0105, kad su\u010diupt\u0173 naktin\u012f \u017eudik\u0105.\" \/>\n<meta name=\"robots\" content=\"index, follow, max-snippet:-1, max-image-preview:large, max-video-preview:-1\" \/>\n<link rel=\"canonical\" href=\"https:\/\/skaitytaknyga.lt\/en\/produktas\/robert-bryndza-gresme-naktyje\/\" \/>\n<meta property=\"og:locale\" content=\"en_GB\" \/>\n<meta property=\"og:locale:alternate\" content=\"lt_LT\" \/>\n<meta property=\"og:type\" content=\"article\" \/>\n<meta property=\"og:title\" content=\"Gr\u0117sm\u0117 naktyje\" \/>\n<meta property=\"og:description\" content=\"Pasaulinio bestselerio\u00a0\u201eMergina lede&quot;\u00a0autorius gr\u012f\u017eta su jaudinan\u010diu trileriu.  Vidury tro\u0161kios vasaros nakties detektyv\u0117 Erika Foster i\u0161kvie\u010diama \u012f \u017emog\u017eudyst\u0117s viet\u0105. Auka \u2014 gydytojas, u\u017edusintas savo lovoje.  Po keli\u0173 dien\u0173 randama dar viena lygiai taip pat nu\u017eudyta auka. Erika su savo komanda ima kapstyti giliau ir i\u0161siai\u0161kina, kad susid\u016br\u0117 su kruop\u0161\u010diai veiksmus apgalvojan\u010diu serijiniu \u017eudiku.  Visos aukos \u2014 vieni\u0161i, u\u017edari vyrai. Kod\u0117l j\u0173 praeit\u012f gaubia paslaptis? Kas juos sieja su \u017eudiku?  Londonas d\u016bsta kar\u0161\u010dio bangoje, o Erika pasiry\u017eusi padaryti visk\u0105, kad su\u010diupt\u0173 naktin\u012f \u017eudik\u0105.\" \/>\n<meta property=\"og:url\" content=\"https:\/\/skaitytaknyga.lt\/en\/produktas\/robert-bryndza-gresme-naktyje\/\" \/>\n<meta property=\"og:site_name\" content=\"Skaitytaknyga\" \/>\n<meta property=\"article:publisher\" content=\"https:\/\/www.facebook.com\/skaitytaknyga\/\" \/>\n<meta property=\"article:modified_time\" content=\"2025-05-19T11:42:13+00:00\" \/>\n<meta property=\"og:image\" content=\"https:\/\/skaitytaknyga.lt\/wp-content\/uploads\/2024\/05\/1504528516_gresme_naktyje_1504257525.jpg\" \/>\n\t<meta property=\"og:image:width\" content=\"285\" \/>\n\t<meta property=\"og:image:height\" content=\"430\" \/>\n\t<meta property=\"og:image:type\" content=\"image\/jpeg\" \/>\n<meta name=\"twitter:card\" content=\"summary_large_image\" \/>\n<meta name=\"twitter:label1\" content=\"Estimated reading time\" \/>\n\t<meta name=\"twitter:data1\" content=\"1 minute\" \/>\n<script type=\"application\/ld+json\" class=\"yoast-schema-graph\">{\"@context\":\"https:\\\/\\\/schema.org\",\"@graph\":[{\"@type\":\"WebPage\",\"@id\":\"https:\\\/\\\/skaitytaknyga.lt\\\/produktas\\\/robert-bryndza-gresme-naktyje\\\/\",\"url\":\"https:\\\/\\\/skaitytaknyga.lt\\\/produktas\\\/robert-bryndza-gresme-naktyje\\\/\",\"name\":\"Gr\u0117sm\u0117 naktyje\",\"isPartOf\":{\"@id\":\"https:\\\/\\\/skaitytaknyga.lt\\\/#website\"},\"primaryImageOfPage\":{\"@id\":\"https:\\\/\\\/skaitytaknyga.lt\\\/produktas\\\/robert-bryndza-gresme-naktyje\\\/#primaryimage\"},\"image\":{\"@id\":\"https:\\\/\\\/skaitytaknyga.lt\\\/produktas\\\/robert-bryndza-gresme-naktyje\\\/#primaryimage\"},\"thumbnailUrl\":\"https:\\\/\\\/skaitytaknyga.lt\\\/wp-content\\\/uploads\\\/2024\\\/05\\\/1504528516_gresme_naktyje_1504257525.jpg\",\"datePublished\":\"2024-05-04T17:58:11+00:00\",\"dateModified\":\"2025-05-19T11:42:13+00:00\",\"description\":\"Pasaulinio bestselerio\u00a0\u201eMergina lede\\\"\u00a0autorius gr\u012f\u017eta su jaudinan\u010diu trileriu. Vidury tro\u0161kios vasaros nakties detektyv\u0117 Erika Foster i\u0161kvie\u010diama \u012f \u017emog\u017eudyst\u0117s viet\u0105. Auka \u2014 gydytojas, u\u017edusintas savo lovoje. Po keli\u0173 dien\u0173 randama dar viena lygiai taip pat nu\u017eudyta auka. Erika su savo komanda ima kapstyti giliau ir i\u0161siai\u0161kina, kad susid\u016br\u0117 su kruop\u0161\u010diai veiksmus apgalvojan\u010diu serijiniu \u017eudiku. Visos aukos \u2014 vieni\u0161i, u\u017edari vyrai. Kod\u0117l j\u0173 praeit\u012f gaubia paslaptis? Kas juos sieja su \u017eudiku? Londonas d\u016bsta kar\u0161\u010dio bangoje, o Erika pasiry\u017eusi padaryti visk\u0105, kad su\u010diupt\u0173 naktin\u012f \u017eudik\u0105.\",\"breadcrumb\":{\"@id\":\"https:\\\/\\\/skaitytaknyga.lt\\\/produktas\\\/robert-bryndza-gresme-naktyje\\\/#breadcrumb\"},\"inLanguage\":\"en-GB\",\"potentialAction\":[{\"@type\":\"ReadAction\",\"target\":[\"https:\\\/\\\/skaitytaknyga.lt\\\/produktas\\\/robert-bryndza-gresme-naktyje\\\/\"]}]},{\"@type\":\"ImageObject\",\"inLanguage\":\"en-GB\",\"@id\":\"https:\\\/\\\/skaitytaknyga.lt\\\/produktas\\\/robert-bryndza-gresme-naktyje\\\/#primaryimage\",\"url\":\"https:\\\/\\\/skaitytaknyga.lt\\\/wp-content\\\/uploads\\\/2024\\\/05\\\/1504528516_gresme_naktyje_1504257525.jpg\",\"contentUrl\":\"https:\\\/\\\/skaitytaknyga.lt\\\/wp-content\\\/uploads\\\/2024\\\/05\\\/1504528516_gresme_naktyje_1504257525.jpg\",\"width\":285,\"height\":430,\"caption\":\"Gr\u0117sm\u0117 naktyje\"},{\"@type\":\"BreadcrumbList\",\"@id\":\"https:\\\/\\\/skaitytaknyga.lt\\\/produktas\\\/robert-bryndza-gresme-naktyje\\\/#breadcrumb\",\"itemListElement\":[{\"@type\":\"ListItem\",\"position\":1,\"name\":\"Home\",\"item\":\"https:\\\/\\\/skaitytaknyga.lt\\\/\"},{\"@type\":\"ListItem\",\"position\":2,\"name\":\"Parduotuv\u0117\",\"item\":\"https:\\\/\\\/skaitytaknyga.lt\\\/knygu-parduotuve\\\/\"},{\"@type\":\"ListItem\",\"position\":3,\"name\":\"Gr\u0117sm\u0117 naktyje\"}]},{\"@type\":\"WebSite\",\"@id\":\"https:\\\/\\\/skaitytaknyga.lt\\\/#website\",\"url\":\"https:\\\/\\\/skaitytaknyga.lt\\\/\",\"name\":\"skaitytaknyga.lt\",\"description\":\"Skaitytaknyga.lt \u2013 tai ma\u017eas \u0161eimos verslas, kuris prasid\u0117jo nuo meil\u0117s knygoms ir siekio i\u0161gelb\u0117ti knygas nuo likimo prie konteinerio. Kas vienam nereikalingas daiktas \u2013 kitam lobis, o mes esame tarpininkai, kurie padeda abiems tapti laimingesniems ???? \u017dinome kaip nelengva i\u0161gyventi ma\u017eiems verslams, tad nuo \u0161iol, \u010dia rasite ir kit\u0173, ma\u017e\u0173 \u0161eim\u0173 versl\u0173, rank\u0173 darbo, dovan\u0173 sau ir artimiesiems.\",\"publisher\":{\"@id\":\"https:\\\/\\\/skaitytaknyga.lt\\\/#organization\"},\"potentialAction\":[{\"@type\":\"SearchAction\",\"target\":{\"@type\":\"EntryPoint\",\"urlTemplate\":\"https:\\\/\\\/skaitytaknyga.lt\\\/?s={search_term_string}\"},\"query-input\":{\"@type\":\"PropertyValueSpecification\",\"valueRequired\":true,\"valueName\":\"search_term_string\"}}],\"inLanguage\":\"en-GB\"},{\"@type\":\"Organization\",\"@id\":\"https:\\\/\\\/skaitytaknyga.lt\\\/#organization\",\"name\":\"skaitytaknyga.lt\",\"url\":\"https:\\\/\\\/skaitytaknyga.lt\\\/\",\"logo\":{\"@type\":\"ImageObject\",\"inLanguage\":\"en-GB\",\"@id\":\"https:\\\/\\\/skaitytaknyga.lt\\\/#\\\/schema\\\/logo\\\/image\\\/\",\"url\":\"https:\\\/\\\/skaitytaknyga.lt\\\/wp-content\\\/uploads\\\/2024\\\/05\\\/cropped-cropped-cropped-02_00843_jt3bggkj1j3HLc7SyY6rEUpg.jpeg\",\"contentUrl\":\"https:\\\/\\\/skaitytaknyga.lt\\\/wp-content\\\/uploads\\\/2024\\\/05\\\/cropped-cropped-cropped-02_00843_jt3bggkj1j3HLc7SyY6rEUpg.jpeg\",\"width\":1600,\"height\":1600,\"caption\":\"skaitytaknyga.lt\"},\"image\":{\"@id\":\"https:\\\/\\\/skaitytaknyga.lt\\\/#\\\/schema\\\/logo\\\/image\\\/\"},\"sameAs\":[\"https:\\\/\\\/www.facebook.com\\\/skaitytaknyga\\\/\"]}]}<\/script>\n<!-- \/ Yoast SEO plugin. -->","yoast_head_json":{"title":"Gr\u0117sm\u0117 naktyje","description":"Pasaulinio bestselerio\u00a0\u201eMergina lede\"\u00a0autorius gr\u012f\u017eta su jaudinan\u010diu trileriu.  Vidury tro\u0161kios vasaros nakties detektyv\u0117 Erika Foster i\u0161kvie\u010diama \u012f \u017emog\u017eudyst\u0117s viet\u0105. Auka \u2014 gydytojas, u\u017edusintas savo lovoje.  Po keli\u0173 dien\u0173 randama dar viena lygiai taip pat nu\u017eudyta auka. Erika su savo komanda ima kapstyti giliau ir i\u0161siai\u0161kina, kad susid\u016br\u0117 su kruop\u0161\u010diai veiksmus apgalvojan\u010diu serijiniu \u017eudiku.  Visos aukos \u2014 vieni\u0161i, u\u017edari vyrai. Kod\u0117l j\u0173 praeit\u012f gaubia paslaptis? Kas juos sieja su \u017eudiku?  Londonas d\u016bsta kar\u0161\u010dio bangoje, o Erika pasiry\u017eusi padaryti visk\u0105, kad su\u010diupt\u0173 naktin\u012f \u017eudik\u0105.","robots":{"index":"index","follow":"follow","max-snippet":"max-snippet:-1","max-image-preview":"max-image-preview:large","max-video-preview":"max-video-preview:-1"},"canonical":"https:\/\/skaitytaknyga.lt\/en\/produktas\/robert-bryndza-gresme-naktyje\/","og_locale":"en_GB","og_type":"article","og_title":"[:lt]Gr\u0117sm\u0117 naktyje[:] - Skaitytaknyga","og_description":"Pasaulinio bestselerio\u00a0\u201eMergina lede\"\u00a0autorius gr\u012f\u017eta su jaudinan\u010diu trileriu.  Vidury tro\u0161kios vasaros nakties detektyv\u0117 Erika Foster i\u0161kvie\u010diama \u012f \u017emog\u017eudyst\u0117s viet\u0105. Auka \u2014 gydytojas, u\u017edusintas savo lovoje.  Po keli\u0173 dien\u0173 randama dar viena lygiai taip pat nu\u017eudyta auka. Erika su savo komanda ima kapstyti giliau ir i\u0161siai\u0161kina, kad susid\u016br\u0117 su kruop\u0161\u010diai veiksmus apgalvojan\u010diu serijiniu \u017eudiku.  Visos aukos \u2014 vieni\u0161i, u\u017edari vyrai. Kod\u0117l j\u0173 praeit\u012f gaubia paslaptis? Kas juos sieja su \u017eudiku?  Londonas d\u016bsta kar\u0161\u010dio bangoje, o Erika pasiry\u017eusi padaryti visk\u0105, kad su\u010diupt\u0173 naktin\u012f \u017eudik\u0105.","og_url":"https:\/\/skaitytaknyga.lt\/en\/produktas\/robert-bryndza-gresme-naktyje\/","og_site_name":"Skaitytaknyga","article_publisher":"https:\/\/www.facebook.com\/skaitytaknyga\/","article_modified_time":"2025-05-19T11:42:13+00:00","og_image":[{"width":285,"height":430,"url":"https:\/\/skaitytaknyga.lt\/wp-content\/uploads\/2024\/05\/1504528516_gresme_naktyje_1504257525.jpg","type":"image\/jpeg"}],"twitter_card":"summary_large_image","twitter_misc":{"Estimated reading time":"1 minute"},"schema":{"@context":"https:\/\/schema.org","@graph":[{"@type":"WebPage","@id":"https:\/\/skaitytaknyga.lt\/produktas\/robert-bryndza-gresme-naktyje\/","url":"https:\/\/skaitytaknyga.lt\/produktas\/robert-bryndza-gresme-naktyje\/","name":"Gr\u0117sm\u0117 naktyje","isPartOf":{"@id":"https:\/\/skaitytaknyga.lt\/#website"},"primaryImageOfPage":{"@id":"https:\/\/skaitytaknyga.lt\/produktas\/robert-bryndza-gresme-naktyje\/#primaryimage"},"image":{"@id":"https:\/\/skaitytaknyga.lt\/produktas\/robert-bryndza-gresme-naktyje\/#primaryimage"},"thumbnailUrl":"https:\/\/skaitytaknyga.lt\/wp-content\/uploads\/2024\/05\/1504528516_gresme_naktyje_1504257525.jpg","datePublished":"2024-05-04T17:58:11+00:00","dateModified":"2025-05-19T11:42:13+00:00","description":"Pasaulinio bestselerio\u00a0\u201eMergina lede\"\u00a0autorius gr\u012f\u017eta su jaudinan\u010diu trileriu. Vidury tro\u0161kios vasaros nakties detektyv\u0117 Erika Foster i\u0161kvie\u010diama \u012f \u017emog\u017eudyst\u0117s viet\u0105. Auka \u2014 gydytojas, u\u017edusintas savo lovoje. Po keli\u0173 dien\u0173 randama dar viena lygiai taip pat nu\u017eudyta auka. Erika su savo komanda ima kapstyti giliau ir i\u0161siai\u0161kina, kad susid\u016br\u0117 su kruop\u0161\u010diai veiksmus apgalvojan\u010diu serijiniu \u017eudiku. Visos aukos \u2014 vieni\u0161i, u\u017edari vyrai. Kod\u0117l j\u0173 praeit\u012f gaubia paslaptis? Kas juos sieja su \u017eudiku? Londonas d\u016bsta kar\u0161\u010dio bangoje, o Erika pasiry\u017eusi padaryti visk\u0105, kad su\u010diupt\u0173 naktin\u012f \u017eudik\u0105.","breadcrumb":{"@id":"https:\/\/skaitytaknyga.lt\/produktas\/robert-bryndza-gresme-naktyje\/#breadcrumb"},"inLanguage":"en-GB","potentialAction":[{"@type":"ReadAction","target":["https:\/\/skaitytaknyga.lt\/produktas\/robert-bryndza-gresme-naktyje\/"]}]},{"@type":"ImageObject","inLanguage":"en-GB","@id":"https:\/\/skaitytaknyga.lt\/produktas\/robert-bryndza-gresme-naktyje\/#primaryimage","url":"https:\/\/skaitytaknyga.lt\/wp-content\/uploads\/2024\/05\/1504528516_gresme_naktyje_1504257525.jpg","contentUrl":"https:\/\/skaitytaknyga.lt\/wp-content\/uploads\/2024\/05\/1504528516_gresme_naktyje_1504257525.jpg","width":285,"height":430,"caption":"Gr\u0117sm\u0117 naktyje"},{"@type":"BreadcrumbList","@id":"https:\/\/skaitytaknyga.lt\/produktas\/robert-bryndza-gresme-naktyje\/#breadcrumb","itemListElement":[{"@type":"ListItem","position":1,"name":"Home","item":"https:\/\/skaitytaknyga.lt\/"},{"@type":"ListItem","position":2,"name":"Parduotuv\u0117","item":"https:\/\/skaitytaknyga.lt\/knygu-parduotuve\/"},{"@type":"ListItem","position":3,"name":"Gr\u0117sm\u0117 naktyje"}]},{"@type":"WebSite","@id":"https:\/\/skaitytaknyga.lt\/#website","url":"https:\/\/skaitytaknyga.lt\/","name":"skaitytaknyga.lt","description":"Skaitytaknyga.lt \u2013 tai ma\u017eas \u0161eimos verslas, kuris prasid\u0117jo nuo meil\u0117s knygoms ir siekio i\u0161gelb\u0117ti knygas nuo likimo prie konteinerio. Kas vienam nereikalingas daiktas \u2013 kitam lobis, o mes esame tarpininkai, kurie padeda abiems tapti laimingesniems ???? \u017dinome kaip nelengva i\u0161gyventi ma\u017eiems verslams, tad nuo \u0161iol, \u010dia rasite ir kit\u0173, ma\u017e\u0173 \u0161eim\u0173 versl\u0173, rank\u0173 darbo, dovan\u0173 sau ir artimiesiems.","publisher":{"@id":"https:\/\/skaitytaknyga.lt\/#organization"},"potentialAction":[{"@type":"SearchAction","target":{"@type":"EntryPoint","urlTemplate":"https:\/\/skaitytaknyga.lt\/?s={search_term_string}"},"query-input":{"@type":"PropertyValueSpecification","valueRequired":true,"valueName":"search_term_string"}}],"inLanguage":"en-GB"},{"@type":"Organization","@id":"https:\/\/skaitytaknyga.lt\/#organization","name":"skaitytaknyga.lt","url":"https:\/\/skaitytaknyga.lt\/","logo":{"@type":"ImageObject","inLanguage":"en-GB","@id":"https:\/\/skaitytaknyga.lt\/#\/schema\/logo\/image\/","url":"https:\/\/skaitytaknyga.lt\/wp-content\/uploads\/2024\/05\/cropped-cropped-cropped-02_00843_jt3bggkj1j3HLc7SyY6rEUpg.jpeg","contentUrl":"https:\/\/skaitytaknyga.lt\/wp-content\/uploads\/2024\/05\/cropped-cropped-cropped-02_00843_jt3bggkj1j3HLc7SyY6rEUpg.jpeg","width":1600,"height":1600,"caption":"skaitytaknyga.lt"},"image":{"@id":"https:\/\/skaitytaknyga.lt\/#\/schema\/logo\/image\/"},"sameAs":["https:\/\/www.facebook.com\/skaitytaknyga\/"]}]}},"_links":{"self":[{"href":"https:\/\/skaitytaknyga.lt\/en\/wp-json\/wp\/v2\/product\/9788","targetHints":{"allow":["GET"]}}],"collection":[{"href":"https:\/\/skaitytaknyga.lt\/en\/wp-json\/wp\/v2\/product"}],"about":[{"href":"https:\/\/skaitytaknyga.lt\/en\/wp-json\/wp\/v2\/types\/product"}],"replies":[{"embeddable":true,"href":"https:\/\/skaitytaknyga.lt\/en\/wp-json\/wp\/v2\/comments?post=9788"}],"wp:featuredmedia":[{"embeddable":true,"href":"https:\/\/skaitytaknyga.lt\/en\/wp-json\/wp\/v2\/media\/9838"}],"wp:attachment":[{"href":"https:\/\/skaitytaknyga.lt\/en\/wp-json\/wp\/v2\/media?parent=9788"}],"wp:term":[{"taxonomy":"product_brand","embeddable":true,"href":"https:\/\/skaitytaknyga.lt\/en\/wp-json\/wp\/v2\/product_brand?post=9788"},{"taxonomy":"product_cat","embeddable":true,"href":"https:\/\/skaitytaknyga.lt\/en\/wp-json\/wp\/v2\/product_cat?post=9788"},{"taxonomy":"product_tag","embeddable":true,"href":"https:\/\/skaitytaknyga.lt\/en\/wp-json\/wp\/v2\/product_tag?post=9788"}],"curies":[{"name":"wp","href":"https:\/\/api.w.org\/{rel}","templated":true}]}}