{"id":9786,"date":"2024-05-04T17:58:11","date_gmt":"2024-05-04T17:58:11","guid":{"rendered":"https:\/\/skaitytaknyga.lt\/?post_type=product&#038;p=9786"},"modified":"2025-07-22T15:52:40","modified_gmt":"2025-07-22T12:52:40","slug":"investiciju-ekonomika-realios-investicijos","status":"publish","type":"product","link":"https:\/\/skaitytaknyga.lt\/en\/produktas\/investiciju-ekonomika-realios-investicijos\/","title":{"rendered":"Investicij\u0173 ekonomika. Realios investicijos"},"content":{"rendered":"<p>Bet kurio investicinio projekto patrauklumo vertinimas reikalauja detalios daugelio rodikli\u0173 analiz\u0117s, ta\u010diau apsisprend\u017eiant reikia \u012fvertinti ir galimus rizikos veiksnius. Sunkiausia yra \u012fvertinti investicijas \u012f realiuosius aktyvus. Knygoje\u00a0<strong>&#8220;<\/strong><a class=\"listitem4\"><strong>Investicij\u0173 ekonomika: realiosios investicijos&#8221;<\/strong><\/a>apib\u016bdinama investicij\u0173 ekonomin\u0117 prasm\u0117, j\u0173 klasifikavimas, investicij\u0173 kaina; apra\u0161omas investavimo \u012f realiuosius aktyvus procesas; daug d\u0117mesio skiriama investicini\u0173 projekt\u0173 efektyvumo vertinimo metod\u0173 naudojimo logikai, rizikos vertinimo ir ilgalaiki\u0173 investicij\u0173 finansavimo \u0161altini\u0173 kainos nustatymo metodams ir kt.<\/p>\n<p>Mokomoji knyga &#8220;<a class=\"listitem4\">Investicij\u0173 ekonomika: realiosios investicijos&#8221;\u00a0<\/a>skiriama bakalauro ir magistrant\u016bros studij\u0173 studentams, studijuojantiems ekonomik\u0105, verslo \u012fmoni\u0173, \u012fstaig\u0173 ir organizacij\u0173 vadovams, ekonomikos ir finans\u0173 padalini\u0173 darbuotojams ir visiems, kurie domisi investicij\u0173 valdymo ypatumais.<\/p>\n","protected":false},"excerpt":{"rendered":"<p>Bet kurio investicinio projekto patrauklumo vertinimas reikalauja detalios daugelio rodikli\u0173 analiz\u0117s, ta\u010diau apsisprend\u017eiant reikia \u012fvertinti ir galimus rizikos veiksnius. Sunkiausia yra \u012fvertinti investicijas \u012f realiuosius aktyvus. Knygoje\u00a0<strong>&#8220;<\/strong><a class=\"listitem4\"><strong>Investicij\u0173 ekonomika: realiosios investicijos&#8221;<\/strong><\/a>apib\u016bdinama investicij\u0173 ekonomin\u0117 prasm\u0117, j\u0173 klasifikavimas, investicij\u0173 kaina; apra\u0161omas investavimo \u012f realiuosius aktyvus procesas; daug d\u0117mesio skiriama investicini\u0173 projekt\u0173 efektyvumo vertinimo metod\u0173 naudojimo logikai, rizikos vertinimo ir ilgalaiki\u0173 investicij\u0173 finansavimo \u0161altini\u0173 kainos nustatymo metodams ir kt.<\/p>\n<p>Mokomoji knyga &#8220;<a class=\"listitem4\">Investicij\u0173 ekonomika: realiosios investicijos&#8221;\u00a0<\/a>skiriama bakalauro ir magistrant\u016bros studij\u0173 studentams, studijuojantiems ekonomik\u0105, verslo \u012fmoni\u0173, \u012fstaig\u0173 ir organizacij\u0173 vadovams, ekonomikos ir finans\u0173 padalini\u0173 darbuotojams ir visiems, kurie domisi investicij\u0173 valdymo ypatumais.<\/p>\n","protected":false},"featured_media":9828,"comment_status":"closed","ping_status":"closed","template":"","meta":{"_acf_changed":false,"site-sidebar-layout":"default","site-content-layout":"","ast-site-content-layout":"default","site-content-style":"default","site-sidebar-style":"default","ast-global-header-display":"","ast-banner-title-visibility":"","ast-main-header-display":"","ast-hfb-above-header-display":"","ast-hfb-below-header-display":"","ast-hfb-mobile-header-display":"","site-post-title":"","ast-breadcrumbs-content":"","ast-featured-img":"","footer-sml-layout":"","ast-disable-related-posts":"","theme-transparent-header-meta":"","adv-header-id-meta":"","stick-header-meta":"","header-above-stick-meta":"","header-main-stick-meta":"","header-below-stick-meta":"","astra-migrate-meta-layouts":"default","ast-page-background-enabled":"default","ast-page-background-meta":{"desktop":{"background-color":"","background-image":"","background-repeat":"repeat","background-position":"center center","background-size":"auto","background-attachment":"scroll","background-type":"","background-media":"","overlay-type":"","overlay-color":"","overlay-opacity":"","overlay-gradient":""},"tablet":{"background-color":"","background-image":"","background-repeat":"repeat","background-position":"center center","background-size":"auto","background-attachment":"scroll","background-type":"","background-media":"","overlay-type":"","overlay-color":"","overlay-opacity":"","overlay-gradient":""},"mobile":{"background-color":"","background-image":"","background-repeat":"repeat","background-position":"center center","background-size":"auto","background-attachment":"scroll","background-type":"","background-media":"","overlay-type":"","overlay-color":"","overlay-opacity":"","overlay-gradient":""}},"ast-content-background-meta":{"desktop":{"background-color":"var(--ast-global-color-4)","background-image":"","background-repeat":"repeat","background-position":"center center","background-size":"auto","background-attachment":"scroll","background-type":"","background-media":"","overlay-type":"","overlay-color":"","overlay-opacity":"","overlay-gradient":""},"tablet":{"background-color":"var(--ast-global-color-4)","background-image":"","background-repeat":"repeat","background-position":"center center","background-size":"auto","background-attachment":"scroll","background-type":"","background-media":"","overlay-type":"","overlay-color":"","overlay-opacity":"","overlay-gradient":""},"mobile":{"background-color":"var(--ast-global-color-4)","background-image":"","background-repeat":"repeat","background-position":"center center","background-size":"auto","background-attachment":"scroll","background-type":"","background-media":"","overlay-type":"","overlay-color":"","overlay-opacity":"","overlay-gradient":""}}},"product_brand":[],"product_cat":[26],"product_tag":[],"class_list":{"0":"post-9786","1":"product","2":"type-product","3":"status-publish","4":"has-post-thumbnail","6":"product_cat-verslas-vadyba-ir-finansai","7":"desktop-align-left","8":"tablet-align-left","9":"mobile-align-left","11":"first","12":"instock","13":"shipping-taxable","14":"purchasable","15":"product-type-simple"},"acf":[],"yoast_head":"<!-- This site is optimized with the Yoast SEO plugin v27.4 - https:\/\/yoast.com\/product\/yoast-seo-wordpress\/ -->\n<title>Investicij\u0173 ekonomika. Realios investicijos - Skaitytaknyga<\/title>\n<meta name=\"description\" content=\"Bet kurio investicinio projekto patrauklumo vertinimas reikalauja detalios daugelio rodikli\u0173 analiz\u0117s, ta\u010diau apsisprend\u017eiant reikia \u012fvertinti ir galimus rizikos veiksnius. Sunkiausia yra \u012fvertinti investicijas \u012f realiuosius aktyvus. Knygoje\u00a0&quot;Investicij\u0173 ekonomika: realiosios investicijos&quot;apib\u016bdinama investicij\u0173 ekonomin\u0117 prasm\u0117, j\u0173 klasifikavimas, investicij\u0173 kaina; apra\u0161omas investavimo \u012f realiuosius aktyvus procesas; daug d\u0117mesio skiriama investicini\u0173 projekt\u0173 efektyvumo vertinimo metod\u0173 naudojimo logikai, rizikos vertinimo ir ilgalaiki\u0173 investicij\u0173 finansavimo \u0161altini\u0173 kainos nustatymo metodams ir kt.  Mokomoji knyga &quot;Investicij\u0173 ekonomika: realiosios investicijos&quot;\u00a0skiriama bakalauro ir magistrant\u016bros studij\u0173 studentams, studijuojantiems ekonomik\u0105, verslo \u012fmoni\u0173, \u012fstaig\u0173 ir organizacij\u0173 vadovams, ekonomikos ir finans\u0173 padalini\u0173 darbuotojams ir visiems, kurie domisi investicij\u0173 valdymo ypatumais.\" \/>\n<meta name=\"robots\" content=\"index, follow, max-snippet:-1, max-image-preview:large, max-video-preview:-1\" \/>\n<link rel=\"canonical\" href=\"https:\/\/skaitytaknyga.lt\/en\/produktas\/investiciju-ekonomika-realios-investicijos\/\" \/>\n<meta property=\"og:locale\" content=\"en_GB\" \/>\n<meta property=\"og:locale:alternate\" content=\"lt_LT\" \/>\n<meta property=\"og:type\" content=\"article\" \/>\n<meta property=\"og:title\" content=\"Investicij\u0173 ekonomika. Realios investicijos - Skaitytaknyga\" \/>\n<meta property=\"og:description\" content=\"Bet kurio investicinio projekto patrauklumo vertinimas reikalauja detalios daugelio rodikli\u0173 analiz\u0117s, ta\u010diau apsisprend\u017eiant reikia \u012fvertinti ir galimus rizikos veiksnius. Sunkiausia yra \u012fvertinti investicijas \u012f realiuosius aktyvus. Knygoje\u00a0&quot;Investicij\u0173 ekonomika: realiosios investicijos&quot;apib\u016bdinama investicij\u0173 ekonomin\u0117 prasm\u0117, j\u0173 klasifikavimas, investicij\u0173 kaina; apra\u0161omas investavimo \u012f realiuosius aktyvus procesas; daug d\u0117mesio skiriama investicini\u0173 projekt\u0173 efektyvumo vertinimo metod\u0173 naudojimo logikai, rizikos vertinimo ir ilgalaiki\u0173 investicij\u0173 finansavimo \u0161altini\u0173 kainos nustatymo metodams ir kt.  Mokomoji knyga &quot;Investicij\u0173 ekonomika: realiosios investicijos&quot;\u00a0skiriama bakalauro ir magistrant\u016bros studij\u0173 studentams, studijuojantiems ekonomik\u0105, verslo \u012fmoni\u0173, \u012fstaig\u0173 ir organizacij\u0173 vadovams, ekonomikos ir finans\u0173 padalini\u0173 darbuotojams ir visiems, kurie domisi investicij\u0173 valdymo ypatumais.\" \/>\n<meta property=\"og:url\" content=\"https:\/\/skaitytaknyga.lt\/en\/produktas\/investiciju-ekonomika-realios-investicijos\/\" \/>\n<meta property=\"og:site_name\" content=\"Skaitytaknyga\" \/>\n<meta property=\"article:publisher\" content=\"https:\/\/www.facebook.com\/skaitytaknyga\/\" \/>\n<meta property=\"article:modified_time\" content=\"2025-07-22T12:52:40+00:00\" \/>\n<meta property=\"og:image\" content=\"https:\/\/skaitytaknyga.lt\/wp-content\/uploads\/2024\/05\/investiciju-ekonomika-realiosios-investicijos441.jpg\" \/>\n\t<meta property=\"og:image:width\" content=\"600\" \/>\n\t<meta property=\"og:image:height\" content=\"832\" \/>\n\t<meta property=\"og:image:type\" content=\"image\/jpeg\" \/>\n<meta name=\"twitter:card\" content=\"summary_large_image\" \/>\n<meta name=\"twitter:label1\" content=\"Estimated reading time\" \/>\n\t<meta name=\"twitter:data1\" content=\"1 minute\" \/>\n<script type=\"application\/ld+json\" class=\"yoast-schema-graph\">{\"@context\":\"https:\\\/\\\/schema.org\",\"@graph\":[{\"@type\":\"WebPage\",\"@id\":\"https:\\\/\\\/skaitytaknyga.lt\\\/produktas\\\/investiciju-ekonomika-realios-investicijos\\\/\",\"url\":\"https:\\\/\\\/skaitytaknyga.lt\\\/produktas\\\/investiciju-ekonomika-realios-investicijos\\\/\",\"name\":\"Investicij\u0173 ekonomika. Realios investicijos - Skaitytaknyga\",\"isPartOf\":{\"@id\":\"https:\\\/\\\/skaitytaknyga.lt\\\/#website\"},\"primaryImageOfPage\":{\"@id\":\"https:\\\/\\\/skaitytaknyga.lt\\\/produktas\\\/investiciju-ekonomika-realios-investicijos\\\/#primaryimage\"},\"image\":{\"@id\":\"https:\\\/\\\/skaitytaknyga.lt\\\/produktas\\\/investiciju-ekonomika-realios-investicijos\\\/#primaryimage\"},\"thumbnailUrl\":\"https:\\\/\\\/skaitytaknyga.lt\\\/wp-content\\\/uploads\\\/2024\\\/05\\\/investiciju-ekonomika-realiosios-investicijos441.jpg\",\"datePublished\":\"2024-05-04T17:58:11+00:00\",\"dateModified\":\"2025-07-22T12:52:40+00:00\",\"description\":\"Bet kurio investicinio projekto patrauklumo vertinimas reikalauja detalios daugelio rodikli\u0173 analiz\u0117s, ta\u010diau apsisprend\u017eiant reikia \u012fvertinti ir galimus rizikos veiksnius. Sunkiausia yra \u012fvertinti investicijas \u012f realiuosius aktyvus. Knygoje\u00a0\\\"Investicij\u0173 ekonomika: realiosios investicijos\\\"apib\u016bdinama investicij\u0173 ekonomin\u0117 prasm\u0117, j\u0173 klasifikavimas, investicij\u0173 kaina; apra\u0161omas investavimo \u012f realiuosius aktyvus procesas; daug d\u0117mesio skiriama investicini\u0173 projekt\u0173 efektyvumo vertinimo metod\u0173 naudojimo logikai, rizikos vertinimo ir ilgalaiki\u0173 investicij\u0173 finansavimo \u0161altini\u0173 kainos nustatymo metodams ir kt. Mokomoji knyga \\\"Investicij\u0173 ekonomika: realiosios investicijos\\\"\u00a0skiriama bakalauro ir magistrant\u016bros studij\u0173 studentams, studijuojantiems ekonomik\u0105, verslo \u012fmoni\u0173, \u012fstaig\u0173 ir organizacij\u0173 vadovams, ekonomikos ir finans\u0173 padalini\u0173 darbuotojams ir visiems, kurie domisi investicij\u0173 valdymo ypatumais.\",\"breadcrumb\":{\"@id\":\"https:\\\/\\\/skaitytaknyga.lt\\\/produktas\\\/investiciju-ekonomika-realios-investicijos\\\/#breadcrumb\"},\"inLanguage\":\"en-GB\",\"potentialAction\":[{\"@type\":\"ReadAction\",\"target\":[\"https:\\\/\\\/skaitytaknyga.lt\\\/produktas\\\/investiciju-ekonomika-realios-investicijos\\\/\"]}]},{\"@type\":\"ImageObject\",\"inLanguage\":\"en-GB\",\"@id\":\"https:\\\/\\\/skaitytaknyga.lt\\\/produktas\\\/investiciju-ekonomika-realios-investicijos\\\/#primaryimage\",\"url\":\"https:\\\/\\\/skaitytaknyga.lt\\\/wp-content\\\/uploads\\\/2024\\\/05\\\/investiciju-ekonomika-realiosios-investicijos441.jpg\",\"contentUrl\":\"https:\\\/\\\/skaitytaknyga.lt\\\/wp-content\\\/uploads\\\/2024\\\/05\\\/investiciju-ekonomika-realiosios-investicijos441.jpg\",\"width\":600,\"height\":832},{\"@type\":\"BreadcrumbList\",\"@id\":\"https:\\\/\\\/skaitytaknyga.lt\\\/produktas\\\/investiciju-ekonomika-realios-investicijos\\\/#breadcrumb\",\"itemListElement\":[{\"@type\":\"ListItem\",\"position\":1,\"name\":\"Home\",\"item\":\"https:\\\/\\\/skaitytaknyga.lt\\\/\"},{\"@type\":\"ListItem\",\"position\":2,\"name\":\"Parduotuv\u0117\",\"item\":\"https:\\\/\\\/skaitytaknyga.lt\\\/knygu-parduotuve\\\/\"},{\"@type\":\"ListItem\",\"position\":3,\"name\":\"Investicij\u0173 ekonomika. Realios investicijos\"}]},{\"@type\":\"WebSite\",\"@id\":\"https:\\\/\\\/skaitytaknyga.lt\\\/#website\",\"url\":\"https:\\\/\\\/skaitytaknyga.lt\\\/\",\"name\":\"skaitytaknyga.lt\",\"description\":\"Skaitytaknyga.lt \u2013 tai ma\u017eas \u0161eimos verslas, kuris prasid\u0117jo nuo meil\u0117s knygoms ir siekio i\u0161gelb\u0117ti knygas nuo likimo prie konteinerio. Kas vienam nereikalingas daiktas \u2013 kitam lobis, o mes esame tarpininkai, kurie padeda abiems tapti laimingesniems ???? \u017dinome kaip nelengva i\u0161gyventi ma\u017eiems verslams, tad nuo \u0161iol, \u010dia rasite ir kit\u0173, ma\u017e\u0173 \u0161eim\u0173 versl\u0173, rank\u0173 darbo, dovan\u0173 sau ir artimiesiems.\",\"publisher\":{\"@id\":\"https:\\\/\\\/skaitytaknyga.lt\\\/#organization\"},\"potentialAction\":[{\"@type\":\"SearchAction\",\"target\":{\"@type\":\"EntryPoint\",\"urlTemplate\":\"https:\\\/\\\/skaitytaknyga.lt\\\/?s={search_term_string}\"},\"query-input\":{\"@type\":\"PropertyValueSpecification\",\"valueRequired\":true,\"valueName\":\"search_term_string\"}}],\"inLanguage\":\"en-GB\"},{\"@type\":\"Organization\",\"@id\":\"https:\\\/\\\/skaitytaknyga.lt\\\/#organization\",\"name\":\"skaitytaknyga.lt\",\"url\":\"https:\\\/\\\/skaitytaknyga.lt\\\/\",\"logo\":{\"@type\":\"ImageObject\",\"inLanguage\":\"en-GB\",\"@id\":\"https:\\\/\\\/skaitytaknyga.lt\\\/#\\\/schema\\\/logo\\\/image\\\/\",\"url\":\"https:\\\/\\\/skaitytaknyga.lt\\\/wp-content\\\/uploads\\\/2024\\\/05\\\/cropped-cropped-cropped-02_00843_jt3bggkj1j3HLc7SyY6rEUpg.jpeg\",\"contentUrl\":\"https:\\\/\\\/skaitytaknyga.lt\\\/wp-content\\\/uploads\\\/2024\\\/05\\\/cropped-cropped-cropped-02_00843_jt3bggkj1j3HLc7SyY6rEUpg.jpeg\",\"width\":1600,\"height\":1600,\"caption\":\"skaitytaknyga.lt\"},\"image\":{\"@id\":\"https:\\\/\\\/skaitytaknyga.lt\\\/#\\\/schema\\\/logo\\\/image\\\/\"},\"sameAs\":[\"https:\\\/\\\/www.facebook.com\\\/skaitytaknyga\\\/\"]}]}<\/script>\n<!-- \/ Yoast SEO plugin. -->","yoast_head_json":{"title":"Investicij\u0173 ekonomika. Realios investicijos - Skaitytaknyga","description":"Bet kurio investicinio projekto patrauklumo vertinimas reikalauja detalios daugelio rodikli\u0173 analiz\u0117s, ta\u010diau apsisprend\u017eiant reikia \u012fvertinti ir galimus rizikos veiksnius. Sunkiausia yra \u012fvertinti investicijas \u012f realiuosius aktyvus. Knygoje\u00a0\"Investicij\u0173 ekonomika: realiosios investicijos\"apib\u016bdinama investicij\u0173 ekonomin\u0117 prasm\u0117, j\u0173 klasifikavimas, investicij\u0173 kaina; apra\u0161omas investavimo \u012f realiuosius aktyvus procesas; daug d\u0117mesio skiriama investicini\u0173 projekt\u0173 efektyvumo vertinimo metod\u0173 naudojimo logikai, rizikos vertinimo ir ilgalaiki\u0173 investicij\u0173 finansavimo \u0161altini\u0173 kainos nustatymo metodams ir kt.  Mokomoji knyga \"Investicij\u0173 ekonomika: realiosios investicijos\"\u00a0skiriama bakalauro ir magistrant\u016bros studij\u0173 studentams, studijuojantiems ekonomik\u0105, verslo \u012fmoni\u0173, \u012fstaig\u0173 ir organizacij\u0173 vadovams, ekonomikos ir finans\u0173 padalini\u0173 darbuotojams ir visiems, kurie domisi investicij\u0173 valdymo ypatumais.","robots":{"index":"index","follow":"follow","max-snippet":"max-snippet:-1","max-image-preview":"max-image-preview:large","max-video-preview":"max-video-preview:-1"},"canonical":"https:\/\/skaitytaknyga.lt\/en\/produktas\/investiciju-ekonomika-realios-investicijos\/","og_locale":"en_GB","og_type":"article","og_title":"Investicij\u0173 ekonomika. Realios investicijos - Skaitytaknyga","og_description":"Bet kurio investicinio projekto patrauklumo vertinimas reikalauja detalios daugelio rodikli\u0173 analiz\u0117s, ta\u010diau apsisprend\u017eiant reikia \u012fvertinti ir galimus rizikos veiksnius. Sunkiausia yra \u012fvertinti investicijas \u012f realiuosius aktyvus. Knygoje\u00a0\"Investicij\u0173 ekonomika: realiosios investicijos\"apib\u016bdinama investicij\u0173 ekonomin\u0117 prasm\u0117, j\u0173 klasifikavimas, investicij\u0173 kaina; apra\u0161omas investavimo \u012f realiuosius aktyvus procesas; daug d\u0117mesio skiriama investicini\u0173 projekt\u0173 efektyvumo vertinimo metod\u0173 naudojimo logikai, rizikos vertinimo ir ilgalaiki\u0173 investicij\u0173 finansavimo \u0161altini\u0173 kainos nustatymo metodams ir kt.  Mokomoji knyga \"Investicij\u0173 ekonomika: realiosios investicijos\"\u00a0skiriama bakalauro ir magistrant\u016bros studij\u0173 studentams, studijuojantiems ekonomik\u0105, verslo \u012fmoni\u0173, \u012fstaig\u0173 ir organizacij\u0173 vadovams, ekonomikos ir finans\u0173 padalini\u0173 darbuotojams ir visiems, kurie domisi investicij\u0173 valdymo ypatumais.","og_url":"https:\/\/skaitytaknyga.lt\/en\/produktas\/investiciju-ekonomika-realios-investicijos\/","og_site_name":"Skaitytaknyga","article_publisher":"https:\/\/www.facebook.com\/skaitytaknyga\/","article_modified_time":"2025-07-22T12:52:40+00:00","og_image":[{"width":600,"height":832,"url":"https:\/\/skaitytaknyga.lt\/wp-content\/uploads\/2024\/05\/investiciju-ekonomika-realiosios-investicijos441.jpg","type":"image\/jpeg"}],"twitter_card":"summary_large_image","twitter_misc":{"Estimated reading time":"1 minute"},"schema":{"@context":"https:\/\/schema.org","@graph":[{"@type":"WebPage","@id":"https:\/\/skaitytaknyga.lt\/produktas\/investiciju-ekonomika-realios-investicijos\/","url":"https:\/\/skaitytaknyga.lt\/produktas\/investiciju-ekonomika-realios-investicijos\/","name":"Investicij\u0173 ekonomika. Realios investicijos - Skaitytaknyga","isPartOf":{"@id":"https:\/\/skaitytaknyga.lt\/#website"},"primaryImageOfPage":{"@id":"https:\/\/skaitytaknyga.lt\/produktas\/investiciju-ekonomika-realios-investicijos\/#primaryimage"},"image":{"@id":"https:\/\/skaitytaknyga.lt\/produktas\/investiciju-ekonomika-realios-investicijos\/#primaryimage"},"thumbnailUrl":"https:\/\/skaitytaknyga.lt\/wp-content\/uploads\/2024\/05\/investiciju-ekonomika-realiosios-investicijos441.jpg","datePublished":"2024-05-04T17:58:11+00:00","dateModified":"2025-07-22T12:52:40+00:00","description":"Bet kurio investicinio projekto patrauklumo vertinimas reikalauja detalios daugelio rodikli\u0173 analiz\u0117s, ta\u010diau apsisprend\u017eiant reikia \u012fvertinti ir galimus rizikos veiksnius. Sunkiausia yra \u012fvertinti investicijas \u012f realiuosius aktyvus. Knygoje\u00a0\"Investicij\u0173 ekonomika: realiosios investicijos\"apib\u016bdinama investicij\u0173 ekonomin\u0117 prasm\u0117, j\u0173 klasifikavimas, investicij\u0173 kaina; apra\u0161omas investavimo \u012f realiuosius aktyvus procesas; daug d\u0117mesio skiriama investicini\u0173 projekt\u0173 efektyvumo vertinimo metod\u0173 naudojimo logikai, rizikos vertinimo ir ilgalaiki\u0173 investicij\u0173 finansavimo \u0161altini\u0173 kainos nustatymo metodams ir kt. Mokomoji knyga \"Investicij\u0173 ekonomika: realiosios investicijos\"\u00a0skiriama bakalauro ir magistrant\u016bros studij\u0173 studentams, studijuojantiems ekonomik\u0105, verslo \u012fmoni\u0173, \u012fstaig\u0173 ir organizacij\u0173 vadovams, ekonomikos ir finans\u0173 padalini\u0173 darbuotojams ir visiems, kurie domisi investicij\u0173 valdymo ypatumais.","breadcrumb":{"@id":"https:\/\/skaitytaknyga.lt\/produktas\/investiciju-ekonomika-realios-investicijos\/#breadcrumb"},"inLanguage":"en-GB","potentialAction":[{"@type":"ReadAction","target":["https:\/\/skaitytaknyga.lt\/produktas\/investiciju-ekonomika-realios-investicijos\/"]}]},{"@type":"ImageObject","inLanguage":"en-GB","@id":"https:\/\/skaitytaknyga.lt\/produktas\/investiciju-ekonomika-realios-investicijos\/#primaryimage","url":"https:\/\/skaitytaknyga.lt\/wp-content\/uploads\/2024\/05\/investiciju-ekonomika-realiosios-investicijos441.jpg","contentUrl":"https:\/\/skaitytaknyga.lt\/wp-content\/uploads\/2024\/05\/investiciju-ekonomika-realiosios-investicijos441.jpg","width":600,"height":832},{"@type":"BreadcrumbList","@id":"https:\/\/skaitytaknyga.lt\/produktas\/investiciju-ekonomika-realios-investicijos\/#breadcrumb","itemListElement":[{"@type":"ListItem","position":1,"name":"Home","item":"https:\/\/skaitytaknyga.lt\/"},{"@type":"ListItem","position":2,"name":"Parduotuv\u0117","item":"https:\/\/skaitytaknyga.lt\/knygu-parduotuve\/"},{"@type":"ListItem","position":3,"name":"Investicij\u0173 ekonomika. Realios investicijos"}]},{"@type":"WebSite","@id":"https:\/\/skaitytaknyga.lt\/#website","url":"https:\/\/skaitytaknyga.lt\/","name":"skaitytaknyga.lt","description":"Skaitytaknyga.lt \u2013 tai ma\u017eas \u0161eimos verslas, kuris prasid\u0117jo nuo meil\u0117s knygoms ir siekio i\u0161gelb\u0117ti knygas nuo likimo prie konteinerio. Kas vienam nereikalingas daiktas \u2013 kitam lobis, o mes esame tarpininkai, kurie padeda abiems tapti laimingesniems ???? \u017dinome kaip nelengva i\u0161gyventi ma\u017eiems verslams, tad nuo \u0161iol, \u010dia rasite ir kit\u0173, ma\u017e\u0173 \u0161eim\u0173 versl\u0173, rank\u0173 darbo, dovan\u0173 sau ir artimiesiems.","publisher":{"@id":"https:\/\/skaitytaknyga.lt\/#organization"},"potentialAction":[{"@type":"SearchAction","target":{"@type":"EntryPoint","urlTemplate":"https:\/\/skaitytaknyga.lt\/?s={search_term_string}"},"query-input":{"@type":"PropertyValueSpecification","valueRequired":true,"valueName":"search_term_string"}}],"inLanguage":"en-GB"},{"@type":"Organization","@id":"https:\/\/skaitytaknyga.lt\/#organization","name":"skaitytaknyga.lt","url":"https:\/\/skaitytaknyga.lt\/","logo":{"@type":"ImageObject","inLanguage":"en-GB","@id":"https:\/\/skaitytaknyga.lt\/#\/schema\/logo\/image\/","url":"https:\/\/skaitytaknyga.lt\/wp-content\/uploads\/2024\/05\/cropped-cropped-cropped-02_00843_jt3bggkj1j3HLc7SyY6rEUpg.jpeg","contentUrl":"https:\/\/skaitytaknyga.lt\/wp-content\/uploads\/2024\/05\/cropped-cropped-cropped-02_00843_jt3bggkj1j3HLc7SyY6rEUpg.jpeg","width":1600,"height":1600,"caption":"skaitytaknyga.lt"},"image":{"@id":"https:\/\/skaitytaknyga.lt\/#\/schema\/logo\/image\/"},"sameAs":["https:\/\/www.facebook.com\/skaitytaknyga\/"]}]}},"_links":{"self":[{"href":"https:\/\/skaitytaknyga.lt\/en\/wp-json\/wp\/v2\/product\/9786","targetHints":{"allow":["GET"]}}],"collection":[{"href":"https:\/\/skaitytaknyga.lt\/en\/wp-json\/wp\/v2\/product"}],"about":[{"href":"https:\/\/skaitytaknyga.lt\/en\/wp-json\/wp\/v2\/types\/product"}],"replies":[{"embeddable":true,"href":"https:\/\/skaitytaknyga.lt\/en\/wp-json\/wp\/v2\/comments?post=9786"}],"wp:featuredmedia":[{"embeddable":true,"href":"https:\/\/skaitytaknyga.lt\/en\/wp-json\/wp\/v2\/media\/9828"}],"wp:attachment":[{"href":"https:\/\/skaitytaknyga.lt\/en\/wp-json\/wp\/v2\/media?parent=9786"}],"wp:term":[{"taxonomy":"product_brand","embeddable":true,"href":"https:\/\/skaitytaknyga.lt\/en\/wp-json\/wp\/v2\/product_brand?post=9786"},{"taxonomy":"product_cat","embeddable":true,"href":"https:\/\/skaitytaknyga.lt\/en\/wp-json\/wp\/v2\/product_cat?post=9786"},{"taxonomy":"product_tag","embeddable":true,"href":"https:\/\/skaitytaknyga.lt\/en\/wp-json\/wp\/v2\/product_tag?post=9786"}],"curies":[{"name":"wp","href":"https:\/\/api.w.org\/{rel}","templated":true}]}}