{"id":9777,"date":"2024-05-04T17:57:49","date_gmt":"2024-05-04T17:57:49","guid":{"rendered":"https:\/\/skaitytaknyga.lt\/?post_type=product&#038;p=9777"},"modified":"2024-05-04T17:59:08","modified_gmt":"2024-05-04T17:59:08","slug":"robert-ludlum-bornas-sunaikinta-tapatybe","status":"publish","type":"product","link":"https:\/\/skaitytaknyga.lt\/en\/produktas\/robert-ludlum-bornas-sunaikinta-tapatybe\/","title":{"rendered":"Robert Ludlum \u201eBornas. Sunaikinta tapatyb\u0117\u201c"},"content":{"rendered":"<p><strong>Jis neturi praeities. Galb\u016bt netur\u0117s ir ateities. Jo atmintis &#8211; tu\u0161\u010dias lapas.<\/strong><\/p>\n<p>Kulk\u0173 suvarpyt\u0105 tavo k\u016bn\u0105 j\u016bros bangos i\u0161plukdo \u012f krant\u0105. Atsibundi i\u0161 komos nepa\u017e\u012fstamoje aplinkoje ir i\u0161kart stoji \u012f lenktynes su mirtimi. Rodos, u\u017e kiekvieno kampo tyko \u017emon\u0117s, kurie nori tave nu\u017eudyti. Blogiausia, kad n\u0117 ne\u012ftari, kas \u012f tave k\u0117sinasi, nes net neprisimeni, kas pats esi ir k\u0105 padarei!<\/p>\n<p>Ta\u010diau tavo k\u016bnas instinktyviai \u017eino, kaip reaguoti kiekvienoje situacijoje, kur\u012f mygtuk\u0105 paspausti, kaip smarkiai. I\u0161 kur? Kod\u0117l sugebi meistri\u0161kai valdyti ginkl\u0105\u2026 laisvai kalb\u0117ti keletu u\u017esienio kalb\u0173\u2026 i\u0161manai mirtin\u0105 kovos men\u0105\u2026 ir moki neatpa\u017e\u012fstamai u\u017esimaskuoti? Kriti\u0161kais momentais atgyja pamir\u0161tos praeities nuotrupos ir dar labiau komplikuoja situacij\u0105. Bet kieno tai praeitis? Samdomo \u017eudiko? \u0160nipo? Kieno? Kas gi tas D\u017eeisonas Bornas?<\/p>\n","protected":false},"excerpt":{"rendered":"<p><strong>Jis neturi praeities. Galb\u016bt netur\u0117s ir ateities. Jo atmintis &#8211; tu\u0161\u010dias lapas.<\/strong><\/p>\n<p>Kulk\u0173 suvarpyt\u0105 tavo k\u016bn\u0105 j\u016bros bangos i\u0161plukdo \u012f krant\u0105. Atsibundi i\u0161 komos nepa\u017e\u012fstamoje aplinkoje ir i\u0161kart stoji \u012f lenktynes su mirtimi. Rodos, u\u017e kiekvieno kampo tyko \u017emon\u0117s, kurie nori tave nu\u017eudyti. Blogiausia, kad n\u0117 ne\u012ftari, kas \u012f tave k\u0117sinasi, nes net neprisimeni, kas pats esi ir k\u0105 padarei!<\/p>\n<p>Ta\u010diau tavo k\u016bnas instinktyviai \u017eino, kaip reaguoti kiekvienoje situacijoje, kur\u012f mygtuk\u0105 paspausti, kaip smarkiai. I\u0161 kur? Kod\u0117l sugebi meistri\u0161kai valdyti ginkl\u0105\u2026 laisvai kalb\u0117ti keletu u\u017esienio kalb\u0173\u2026 i\u0161manai mirtin\u0105 kovos men\u0105\u2026 ir moki neatpa\u017e\u012fstamai u\u017esimaskuoti? Kriti\u0161kais momentais atgyja pamir\u0161tos praeities nuotrupos ir dar labiau komplikuoja situacij\u0105. Bet kieno tai praeitis? Samdomo \u017eudiko? \u0160nipo? Kieno? Kas gi tas D\u017eeisonas Bornas?<\/p>\n","protected":false},"featured_media":9825,"comment_status":"closed","ping_status":"closed","template":"","meta":{"_acf_changed":false,"site-sidebar-layout":"default","site-content-layout":"","ast-site-content-layout":"default","site-content-style":"default","site-sidebar-style":"default","ast-global-header-display":"","ast-banner-title-visibility":"","ast-main-header-display":"","ast-hfb-above-header-display":"","ast-hfb-below-header-display":"","ast-hfb-mobile-header-display":"","site-post-title":"","ast-breadcrumbs-content":"","ast-featured-img":"","footer-sml-layout":"","ast-disable-related-posts":"","theme-transparent-header-meta":"","adv-header-id-meta":"","stick-header-meta":"","header-above-stick-meta":"","header-main-stick-meta":"","header-below-stick-meta":"","astra-migrate-meta-layouts":"default","ast-page-background-enabled":"default","ast-page-background-meta":{"desktop":{"background-color":"","background-image":"","background-repeat":"repeat","background-position":"center center","background-size":"auto","background-attachment":"scroll","background-type":"","background-media":"","overlay-type":"","overlay-color":"","overlay-opacity":"","overlay-gradient":""},"tablet":{"background-color":"","background-image":"","background-repeat":"repeat","background-position":"center center","background-size":"auto","background-attachment":"scroll","background-type":"","background-media":"","overlay-type":"","overlay-color":"","overlay-opacity":"","overlay-gradient":""},"mobile":{"background-color":"","background-image":"","background-repeat":"repeat","background-position":"center center","background-size":"auto","background-attachment":"scroll","background-type":"","background-media":"","overlay-type":"","overlay-color":"","overlay-opacity":"","overlay-gradient":""}},"ast-content-background-meta":{"desktop":{"background-color":"var(--ast-global-color-4)","background-image":"","background-repeat":"repeat","background-position":"center center","background-size":"auto","background-attachment":"scroll","background-type":"","background-media":"","overlay-type":"","overlay-color":"","overlay-opacity":"","overlay-gradient":""},"tablet":{"background-color":"var(--ast-global-color-4)","background-image":"","background-repeat":"repeat","background-position":"center center","background-size":"auto","background-attachment":"scroll","background-type":"","background-media":"","overlay-type":"","overlay-color":"","overlay-opacity":"","overlay-gradient":""},"mobile":{"background-color":"var(--ast-global-color-4)","background-image":"","background-repeat":"repeat","background-position":"center center","background-size":"auto","background-attachment":"scroll","background-type":"","background-media":"","overlay-type":"","overlay-color":"","overlay-opacity":"","overlay-gradient":""}}},"product_brand":[],"product_cat":[31],"product_tag":[],"class_list":{"0":"post-9777","1":"product","2":"type-product","3":"status-publish","4":"has-post-thumbnail","6":"product_cat-grozine-literatura","7":"desktop-align-left","8":"tablet-align-left","9":"mobile-align-left","11":"first","12":"instock","13":"shipping-taxable","14":"purchasable","15":"product-type-simple"},"acf":[],"yoast_head":"<!-- This site is optimized with the Yoast SEO plugin v27.4 - https:\/\/yoast.com\/product\/yoast-seo-wordpress\/ -->\n<title>Robert Ludlum \u201eBornas. Sunaikinta tapatyb\u0117\u201c - Skaitytaknyga<\/title>\n<meta name=\"description\" content=\"Jis neturi praeities. Galb\u016bt netur\u0117s ir ateities. Jo atmintis - tu\u0161\u010dias lapas.  Kulk\u0173 suvarpyt\u0105 tavo k\u016bn\u0105 j\u016bros bangos i\u0161plukdo \u012f krant\u0105. Atsibundi i\u0161 komos nepa\u017e\u012fstamoje aplinkoje ir i\u0161kart stoji \u012f lenktynes su mirtimi. Rodos, u\u017e kiekvieno kampo tyko \u017emon\u0117s, kurie nori tave nu\u017eudyti. Blogiausia, kad n\u0117 ne\u012ftari, kas \u012f tave k\u0117sinasi, nes net neprisimeni, kas pats esi ir k\u0105 padarei!  Ta\u010diau tavo k\u016bnas instinktyviai \u017eino, kaip reaguoti kiekvienoje situacijoje, kur\u012f mygtuk\u0105 paspausti, kaip smarkiai. I\u0161 kur? Kod\u0117l sugebi meistri\u0161kai valdyti ginkl\u0105\u2026 laisvai kalb\u0117ti keletu u\u017esienio kalb\u0173\u2026 i\u0161manai mirtin\u0105 kovos men\u0105\u2026 ir moki neatpa\u017e\u012fstamai u\u017esimaskuoti? Kriti\u0161kais momentais atgyja pamir\u0161tos praeities nuotrupos ir dar labiau komplikuoja situacij\u0105. Bet kieno tai praeitis? Samdomo \u017eudiko? \u0160nipo? Kieno? Kas gi tas D\u017eeisonas Bornas?\" \/>\n<meta name=\"robots\" content=\"index, follow, max-snippet:-1, max-image-preview:large, max-video-preview:-1\" \/>\n<link rel=\"canonical\" href=\"https:\/\/skaitytaknyga.lt\/en\/produktas\/robert-ludlum-bornas-sunaikinta-tapatybe\/\" \/>\n<meta property=\"og:locale\" content=\"en_GB\" \/>\n<meta property=\"og:locale:alternate\" content=\"lt_LT\" \/>\n<meta property=\"og:type\" content=\"article\" \/>\n<meta property=\"og:title\" content=\"Robert Ludlum \u201eBornas. Sunaikinta tapatyb\u0117\u201c - Skaitytaknyga\" \/>\n<meta property=\"og:description\" content=\"Jis neturi praeities. Galb\u016bt netur\u0117s ir ateities. Jo atmintis - tu\u0161\u010dias lapas.  Kulk\u0173 suvarpyt\u0105 tavo k\u016bn\u0105 j\u016bros bangos i\u0161plukdo \u012f krant\u0105. Atsibundi i\u0161 komos nepa\u017e\u012fstamoje aplinkoje ir i\u0161kart stoji \u012f lenktynes su mirtimi. Rodos, u\u017e kiekvieno kampo tyko \u017emon\u0117s, kurie nori tave nu\u017eudyti. Blogiausia, kad n\u0117 ne\u012ftari, kas \u012f tave k\u0117sinasi, nes net neprisimeni, kas pats esi ir k\u0105 padarei!  Ta\u010diau tavo k\u016bnas instinktyviai \u017eino, kaip reaguoti kiekvienoje situacijoje, kur\u012f mygtuk\u0105 paspausti, kaip smarkiai. I\u0161 kur? Kod\u0117l sugebi meistri\u0161kai valdyti ginkl\u0105\u2026 laisvai kalb\u0117ti keletu u\u017esienio kalb\u0173\u2026 i\u0161manai mirtin\u0105 kovos men\u0105\u2026 ir moki neatpa\u017e\u012fstamai u\u017esimaskuoti? Kriti\u0161kais momentais atgyja pamir\u0161tos praeities nuotrupos ir dar labiau komplikuoja situacij\u0105. Bet kieno tai praeitis? Samdomo \u017eudiko? \u0160nipo? Kieno? Kas gi tas D\u017eeisonas Bornas?\" \/>\n<meta property=\"og:url\" content=\"https:\/\/skaitytaknyga.lt\/en\/produktas\/robert-ludlum-bornas-sunaikinta-tapatybe\/\" \/>\n<meta property=\"og:site_name\" content=\"Skaitytaknyga\" \/>\n<meta property=\"article:publisher\" content=\"https:\/\/www.facebook.com\/skaitytaknyga\/\" \/>\n<meta property=\"article:modified_time\" content=\"2024-05-04T17:59:08+00:00\" \/>\n<meta property=\"og:image\" content=\"https:\/\/skaitytaknyga.lt\/wp-content\/uploads\/2024\/05\/1462872968_3dbornas.png\" \/>\n\t<meta property=\"og:image:width\" content=\"320\" \/>\n\t<meta property=\"og:image:height\" content=\"422\" \/>\n\t<meta property=\"og:image:type\" content=\"image\/png\" \/>\n<meta name=\"twitter:card\" content=\"summary_large_image\" \/>\n<meta name=\"twitter:label1\" content=\"Estimated reading time\" \/>\n\t<meta name=\"twitter:data1\" content=\"1 minute\" \/>\n<script type=\"application\/ld+json\" class=\"yoast-schema-graph\">{\"@context\":\"https:\\\/\\\/schema.org\",\"@graph\":[{\"@type\":\"WebPage\",\"@id\":\"https:\\\/\\\/skaitytaknyga.lt\\\/produktas\\\/robert-ludlum-bornas-sunaikinta-tapatybe\\\/\",\"url\":\"https:\\\/\\\/skaitytaknyga.lt\\\/produktas\\\/robert-ludlum-bornas-sunaikinta-tapatybe\\\/\",\"name\":\"Robert Ludlum \u201eBornas. Sunaikinta tapatyb\u0117\u201c - Skaitytaknyga\",\"isPartOf\":{\"@id\":\"https:\\\/\\\/skaitytaknyga.lt\\\/#website\"},\"primaryImageOfPage\":{\"@id\":\"https:\\\/\\\/skaitytaknyga.lt\\\/produktas\\\/robert-ludlum-bornas-sunaikinta-tapatybe\\\/#primaryimage\"},\"image\":{\"@id\":\"https:\\\/\\\/skaitytaknyga.lt\\\/produktas\\\/robert-ludlum-bornas-sunaikinta-tapatybe\\\/#primaryimage\"},\"thumbnailUrl\":\"https:\\\/\\\/skaitytaknyga.lt\\\/wp-content\\\/uploads\\\/2024\\\/05\\\/1462872968_3dbornas.png\",\"datePublished\":\"2024-05-04T17:57:49+00:00\",\"dateModified\":\"2024-05-04T17:59:08+00:00\",\"description\":\"Jis neturi praeities. Galb\u016bt netur\u0117s ir ateities. Jo atmintis - tu\u0161\u010dias lapas. Kulk\u0173 suvarpyt\u0105 tavo k\u016bn\u0105 j\u016bros bangos i\u0161plukdo \u012f krant\u0105. Atsibundi i\u0161 komos nepa\u017e\u012fstamoje aplinkoje ir i\u0161kart stoji \u012f lenktynes su mirtimi. Rodos, u\u017e kiekvieno kampo tyko \u017emon\u0117s, kurie nori tave nu\u017eudyti. Blogiausia, kad n\u0117 ne\u012ftari, kas \u012f tave k\u0117sinasi, nes net neprisimeni, kas pats esi ir k\u0105 padarei! Ta\u010diau tavo k\u016bnas instinktyviai \u017eino, kaip reaguoti kiekvienoje situacijoje, kur\u012f mygtuk\u0105 paspausti, kaip smarkiai. I\u0161 kur? Kod\u0117l sugebi meistri\u0161kai valdyti ginkl\u0105\u2026 laisvai kalb\u0117ti keletu u\u017esienio kalb\u0173\u2026 i\u0161manai mirtin\u0105 kovos men\u0105\u2026 ir moki neatpa\u017e\u012fstamai u\u017esimaskuoti? Kriti\u0161kais momentais atgyja pamir\u0161tos praeities nuotrupos ir dar labiau komplikuoja situacij\u0105. Bet kieno tai praeitis? Samdomo \u017eudiko? \u0160nipo? Kieno? Kas gi tas D\u017eeisonas Bornas?\",\"breadcrumb\":{\"@id\":\"https:\\\/\\\/skaitytaknyga.lt\\\/produktas\\\/robert-ludlum-bornas-sunaikinta-tapatybe\\\/#breadcrumb\"},\"inLanguage\":\"en-GB\",\"potentialAction\":[{\"@type\":\"ReadAction\",\"target\":[\"https:\\\/\\\/skaitytaknyga.lt\\\/produktas\\\/robert-ludlum-bornas-sunaikinta-tapatybe\\\/\"]}]},{\"@type\":\"ImageObject\",\"inLanguage\":\"en-GB\",\"@id\":\"https:\\\/\\\/skaitytaknyga.lt\\\/produktas\\\/robert-ludlum-bornas-sunaikinta-tapatybe\\\/#primaryimage\",\"url\":\"https:\\\/\\\/skaitytaknyga.lt\\\/wp-content\\\/uploads\\\/2024\\\/05\\\/1462872968_3dbornas.png\",\"contentUrl\":\"https:\\\/\\\/skaitytaknyga.lt\\\/wp-content\\\/uploads\\\/2024\\\/05\\\/1462872968_3dbornas.png\",\"width\":320,\"height\":422},{\"@type\":\"BreadcrumbList\",\"@id\":\"https:\\\/\\\/skaitytaknyga.lt\\\/produktas\\\/robert-ludlum-bornas-sunaikinta-tapatybe\\\/#breadcrumb\",\"itemListElement\":[{\"@type\":\"ListItem\",\"position\":1,\"name\":\"Home\",\"item\":\"https:\\\/\\\/skaitytaknyga.lt\\\/\"},{\"@type\":\"ListItem\",\"position\":2,\"name\":\"Parduotuv\u0117\",\"item\":\"https:\\\/\\\/skaitytaknyga.lt\\\/knygu-parduotuve\\\/\"},{\"@type\":\"ListItem\",\"position\":3,\"name\":\"Robert Ludlum \u201eBornas. Sunaikinta tapatyb\u0117\u201c\"}]},{\"@type\":\"WebSite\",\"@id\":\"https:\\\/\\\/skaitytaknyga.lt\\\/#website\",\"url\":\"https:\\\/\\\/skaitytaknyga.lt\\\/\",\"name\":\"skaitytaknyga.lt\",\"description\":\"Skaitytaknyga.lt \u2013 tai ma\u017eas \u0161eimos verslas, kuris prasid\u0117jo nuo meil\u0117s knygoms ir siekio i\u0161gelb\u0117ti knygas nuo likimo prie konteinerio. Kas vienam nereikalingas daiktas \u2013 kitam lobis, o mes esame tarpininkai, kurie padeda abiems tapti laimingesniems ???? \u017dinome kaip nelengva i\u0161gyventi ma\u017eiems verslams, tad nuo \u0161iol, \u010dia rasite ir kit\u0173, ma\u017e\u0173 \u0161eim\u0173 versl\u0173, rank\u0173 darbo, dovan\u0173 sau ir artimiesiems.\",\"publisher\":{\"@id\":\"https:\\\/\\\/skaitytaknyga.lt\\\/#organization\"},\"potentialAction\":[{\"@type\":\"SearchAction\",\"target\":{\"@type\":\"EntryPoint\",\"urlTemplate\":\"https:\\\/\\\/skaitytaknyga.lt\\\/?s={search_term_string}\"},\"query-input\":{\"@type\":\"PropertyValueSpecification\",\"valueRequired\":true,\"valueName\":\"search_term_string\"}}],\"inLanguage\":\"en-GB\"},{\"@type\":\"Organization\",\"@id\":\"https:\\\/\\\/skaitytaknyga.lt\\\/#organization\",\"name\":\"skaitytaknyga.lt\",\"url\":\"https:\\\/\\\/skaitytaknyga.lt\\\/\",\"logo\":{\"@type\":\"ImageObject\",\"inLanguage\":\"en-GB\",\"@id\":\"https:\\\/\\\/skaitytaknyga.lt\\\/#\\\/schema\\\/logo\\\/image\\\/\",\"url\":\"https:\\\/\\\/skaitytaknyga.lt\\\/wp-content\\\/uploads\\\/2024\\\/05\\\/cropped-cropped-cropped-02_00843_jt3bggkj1j3HLc7SyY6rEUpg.jpeg\",\"contentUrl\":\"https:\\\/\\\/skaitytaknyga.lt\\\/wp-content\\\/uploads\\\/2024\\\/05\\\/cropped-cropped-cropped-02_00843_jt3bggkj1j3HLc7SyY6rEUpg.jpeg\",\"width\":1600,\"height\":1600,\"caption\":\"skaitytaknyga.lt\"},\"image\":{\"@id\":\"https:\\\/\\\/skaitytaknyga.lt\\\/#\\\/schema\\\/logo\\\/image\\\/\"},\"sameAs\":[\"https:\\\/\\\/www.facebook.com\\\/skaitytaknyga\\\/\"]}]}<\/script>\n<!-- \/ Yoast SEO plugin. -->","yoast_head_json":{"title":"Robert Ludlum \u201eBornas. Sunaikinta tapatyb\u0117\u201c - Skaitytaknyga","description":"Jis neturi praeities. Galb\u016bt netur\u0117s ir ateities. Jo atmintis - tu\u0161\u010dias lapas.  Kulk\u0173 suvarpyt\u0105 tavo k\u016bn\u0105 j\u016bros bangos i\u0161plukdo \u012f krant\u0105. Atsibundi i\u0161 komos nepa\u017e\u012fstamoje aplinkoje ir i\u0161kart stoji \u012f lenktynes su mirtimi. Rodos, u\u017e kiekvieno kampo tyko \u017emon\u0117s, kurie nori tave nu\u017eudyti. Blogiausia, kad n\u0117 ne\u012ftari, kas \u012f tave k\u0117sinasi, nes net neprisimeni, kas pats esi ir k\u0105 padarei!  Ta\u010diau tavo k\u016bnas instinktyviai \u017eino, kaip reaguoti kiekvienoje situacijoje, kur\u012f mygtuk\u0105 paspausti, kaip smarkiai. I\u0161 kur? Kod\u0117l sugebi meistri\u0161kai valdyti ginkl\u0105\u2026 laisvai kalb\u0117ti keletu u\u017esienio kalb\u0173\u2026 i\u0161manai mirtin\u0105 kovos men\u0105\u2026 ir moki neatpa\u017e\u012fstamai u\u017esimaskuoti? Kriti\u0161kais momentais atgyja pamir\u0161tos praeities nuotrupos ir dar labiau komplikuoja situacij\u0105. Bet kieno tai praeitis? Samdomo \u017eudiko? \u0160nipo? Kieno? Kas gi tas D\u017eeisonas Bornas?","robots":{"index":"index","follow":"follow","max-snippet":"max-snippet:-1","max-image-preview":"max-image-preview:large","max-video-preview":"max-video-preview:-1"},"canonical":"https:\/\/skaitytaknyga.lt\/en\/produktas\/robert-ludlum-bornas-sunaikinta-tapatybe\/","og_locale":"en_GB","og_type":"article","og_title":"Robert Ludlum \u201eBornas. Sunaikinta tapatyb\u0117\u201c - Skaitytaknyga","og_description":"Jis neturi praeities. Galb\u016bt netur\u0117s ir ateities. Jo atmintis - tu\u0161\u010dias lapas.  Kulk\u0173 suvarpyt\u0105 tavo k\u016bn\u0105 j\u016bros bangos i\u0161plukdo \u012f krant\u0105. Atsibundi i\u0161 komos nepa\u017e\u012fstamoje aplinkoje ir i\u0161kart stoji \u012f lenktynes su mirtimi. Rodos, u\u017e kiekvieno kampo tyko \u017emon\u0117s, kurie nori tave nu\u017eudyti. Blogiausia, kad n\u0117 ne\u012ftari, kas \u012f tave k\u0117sinasi, nes net neprisimeni, kas pats esi ir k\u0105 padarei!  Ta\u010diau tavo k\u016bnas instinktyviai \u017eino, kaip reaguoti kiekvienoje situacijoje, kur\u012f mygtuk\u0105 paspausti, kaip smarkiai. I\u0161 kur? Kod\u0117l sugebi meistri\u0161kai valdyti ginkl\u0105\u2026 laisvai kalb\u0117ti keletu u\u017esienio kalb\u0173\u2026 i\u0161manai mirtin\u0105 kovos men\u0105\u2026 ir moki neatpa\u017e\u012fstamai u\u017esimaskuoti? Kriti\u0161kais momentais atgyja pamir\u0161tos praeities nuotrupos ir dar labiau komplikuoja situacij\u0105. Bet kieno tai praeitis? Samdomo \u017eudiko? \u0160nipo? Kieno? Kas gi tas D\u017eeisonas Bornas?","og_url":"https:\/\/skaitytaknyga.lt\/en\/produktas\/robert-ludlum-bornas-sunaikinta-tapatybe\/","og_site_name":"Skaitytaknyga","article_publisher":"https:\/\/www.facebook.com\/skaitytaknyga\/","article_modified_time":"2024-05-04T17:59:08+00:00","og_image":[{"width":320,"height":422,"url":"https:\/\/skaitytaknyga.lt\/wp-content\/uploads\/2024\/05\/1462872968_3dbornas.png","type":"image\/png"}],"twitter_card":"summary_large_image","twitter_misc":{"Estimated reading time":"1 minute"},"schema":{"@context":"https:\/\/schema.org","@graph":[{"@type":"WebPage","@id":"https:\/\/skaitytaknyga.lt\/produktas\/robert-ludlum-bornas-sunaikinta-tapatybe\/","url":"https:\/\/skaitytaknyga.lt\/produktas\/robert-ludlum-bornas-sunaikinta-tapatybe\/","name":"Robert Ludlum \u201eBornas. Sunaikinta tapatyb\u0117\u201c - Skaitytaknyga","isPartOf":{"@id":"https:\/\/skaitytaknyga.lt\/#website"},"primaryImageOfPage":{"@id":"https:\/\/skaitytaknyga.lt\/produktas\/robert-ludlum-bornas-sunaikinta-tapatybe\/#primaryimage"},"image":{"@id":"https:\/\/skaitytaknyga.lt\/produktas\/robert-ludlum-bornas-sunaikinta-tapatybe\/#primaryimage"},"thumbnailUrl":"https:\/\/skaitytaknyga.lt\/wp-content\/uploads\/2024\/05\/1462872968_3dbornas.png","datePublished":"2024-05-04T17:57:49+00:00","dateModified":"2024-05-04T17:59:08+00:00","description":"Jis neturi praeities. Galb\u016bt netur\u0117s ir ateities. Jo atmintis - tu\u0161\u010dias lapas. Kulk\u0173 suvarpyt\u0105 tavo k\u016bn\u0105 j\u016bros bangos i\u0161plukdo \u012f krant\u0105. Atsibundi i\u0161 komos nepa\u017e\u012fstamoje aplinkoje ir i\u0161kart stoji \u012f lenktynes su mirtimi. Rodos, u\u017e kiekvieno kampo tyko \u017emon\u0117s, kurie nori tave nu\u017eudyti. Blogiausia, kad n\u0117 ne\u012ftari, kas \u012f tave k\u0117sinasi, nes net neprisimeni, kas pats esi ir k\u0105 padarei! Ta\u010diau tavo k\u016bnas instinktyviai \u017eino, kaip reaguoti kiekvienoje situacijoje, kur\u012f mygtuk\u0105 paspausti, kaip smarkiai. I\u0161 kur? Kod\u0117l sugebi meistri\u0161kai valdyti ginkl\u0105\u2026 laisvai kalb\u0117ti keletu u\u017esienio kalb\u0173\u2026 i\u0161manai mirtin\u0105 kovos men\u0105\u2026 ir moki neatpa\u017e\u012fstamai u\u017esimaskuoti? Kriti\u0161kais momentais atgyja pamir\u0161tos praeities nuotrupos ir dar labiau komplikuoja situacij\u0105. Bet kieno tai praeitis? Samdomo \u017eudiko? \u0160nipo? Kieno? Kas gi tas D\u017eeisonas Bornas?","breadcrumb":{"@id":"https:\/\/skaitytaknyga.lt\/produktas\/robert-ludlum-bornas-sunaikinta-tapatybe\/#breadcrumb"},"inLanguage":"en-GB","potentialAction":[{"@type":"ReadAction","target":["https:\/\/skaitytaknyga.lt\/produktas\/robert-ludlum-bornas-sunaikinta-tapatybe\/"]}]},{"@type":"ImageObject","inLanguage":"en-GB","@id":"https:\/\/skaitytaknyga.lt\/produktas\/robert-ludlum-bornas-sunaikinta-tapatybe\/#primaryimage","url":"https:\/\/skaitytaknyga.lt\/wp-content\/uploads\/2024\/05\/1462872968_3dbornas.png","contentUrl":"https:\/\/skaitytaknyga.lt\/wp-content\/uploads\/2024\/05\/1462872968_3dbornas.png","width":320,"height":422},{"@type":"BreadcrumbList","@id":"https:\/\/skaitytaknyga.lt\/produktas\/robert-ludlum-bornas-sunaikinta-tapatybe\/#breadcrumb","itemListElement":[{"@type":"ListItem","position":1,"name":"Home","item":"https:\/\/skaitytaknyga.lt\/"},{"@type":"ListItem","position":2,"name":"Parduotuv\u0117","item":"https:\/\/skaitytaknyga.lt\/knygu-parduotuve\/"},{"@type":"ListItem","position":3,"name":"Robert Ludlum \u201eBornas. Sunaikinta tapatyb\u0117\u201c"}]},{"@type":"WebSite","@id":"https:\/\/skaitytaknyga.lt\/#website","url":"https:\/\/skaitytaknyga.lt\/","name":"skaitytaknyga.lt","description":"Skaitytaknyga.lt \u2013 tai ma\u017eas \u0161eimos verslas, kuris prasid\u0117jo nuo meil\u0117s knygoms ir siekio i\u0161gelb\u0117ti knygas nuo likimo prie konteinerio. Kas vienam nereikalingas daiktas \u2013 kitam lobis, o mes esame tarpininkai, kurie padeda abiems tapti laimingesniems ???? \u017dinome kaip nelengva i\u0161gyventi ma\u017eiems verslams, tad nuo \u0161iol, \u010dia rasite ir kit\u0173, ma\u017e\u0173 \u0161eim\u0173 versl\u0173, rank\u0173 darbo, dovan\u0173 sau ir artimiesiems.","publisher":{"@id":"https:\/\/skaitytaknyga.lt\/#organization"},"potentialAction":[{"@type":"SearchAction","target":{"@type":"EntryPoint","urlTemplate":"https:\/\/skaitytaknyga.lt\/?s={search_term_string}"},"query-input":{"@type":"PropertyValueSpecification","valueRequired":true,"valueName":"search_term_string"}}],"inLanguage":"en-GB"},{"@type":"Organization","@id":"https:\/\/skaitytaknyga.lt\/#organization","name":"skaitytaknyga.lt","url":"https:\/\/skaitytaknyga.lt\/","logo":{"@type":"ImageObject","inLanguage":"en-GB","@id":"https:\/\/skaitytaknyga.lt\/#\/schema\/logo\/image\/","url":"https:\/\/skaitytaknyga.lt\/wp-content\/uploads\/2024\/05\/cropped-cropped-cropped-02_00843_jt3bggkj1j3HLc7SyY6rEUpg.jpeg","contentUrl":"https:\/\/skaitytaknyga.lt\/wp-content\/uploads\/2024\/05\/cropped-cropped-cropped-02_00843_jt3bggkj1j3HLc7SyY6rEUpg.jpeg","width":1600,"height":1600,"caption":"skaitytaknyga.lt"},"image":{"@id":"https:\/\/skaitytaknyga.lt\/#\/schema\/logo\/image\/"},"sameAs":["https:\/\/www.facebook.com\/skaitytaknyga\/"]}]}},"_links":{"self":[{"href":"https:\/\/skaitytaknyga.lt\/en\/wp-json\/wp\/v2\/product\/9777","targetHints":{"allow":["GET"]}}],"collection":[{"href":"https:\/\/skaitytaknyga.lt\/en\/wp-json\/wp\/v2\/product"}],"about":[{"href":"https:\/\/skaitytaknyga.lt\/en\/wp-json\/wp\/v2\/types\/product"}],"replies":[{"embeddable":true,"href":"https:\/\/skaitytaknyga.lt\/en\/wp-json\/wp\/v2\/comments?post=9777"}],"wp:featuredmedia":[{"embeddable":true,"href":"https:\/\/skaitytaknyga.lt\/en\/wp-json\/wp\/v2\/media\/9825"}],"wp:attachment":[{"href":"https:\/\/skaitytaknyga.lt\/en\/wp-json\/wp\/v2\/media?parent=9777"}],"wp:term":[{"taxonomy":"product_brand","embeddable":true,"href":"https:\/\/skaitytaknyga.lt\/en\/wp-json\/wp\/v2\/product_brand?post=9777"},{"taxonomy":"product_cat","embeddable":true,"href":"https:\/\/skaitytaknyga.lt\/en\/wp-json\/wp\/v2\/product_cat?post=9777"},{"taxonomy":"product_tag","embeddable":true,"href":"https:\/\/skaitytaknyga.lt\/en\/wp-json\/wp\/v2\/product_tag?post=9777"}],"curies":[{"name":"wp","href":"https:\/\/api.w.org\/{rel}","templated":true}]}}