{"id":9773,"date":"2024-05-04T17:57:49","date_gmt":"2024-05-04T17:57:49","guid":{"rendered":"https:\/\/skaitytaknyga.lt\/?post_type=product&#038;p=9773"},"modified":"2025-07-22T15:52:40","modified_gmt":"2025-07-22T12:52:40","slug":"robert-slater-jackas-welchas-ir-ge-taktika","status":"publish","type":"product","link":"https:\/\/skaitytaknyga.lt\/en\/produktas\/robert-slater-jackas-welchas-ir-ge-taktika\/","title":{"rendered":"Robert Slater \u201eJackas Welchas ir GE taktika\u201c"},"content":{"rendered":"<p>Kai Jackas Welchas tapo\u00a0<em>General Electric<\/em>\u00a0vadovu, verslo pasauliui GE atrod\u0117 pakankamai sveika industrijos sektoriuje pirmaujanti korporacija, ta\u010diau Welchas i\u0161 karto numat\u0117 jai gr\u0119sian\u010dius pavojus. GE jam atrod\u0117 ne stipri kaip uola, o veikiau stovinti ant bedugn\u0117s kra\u0161to. Ji buvo per daug didel\u0117, kad i\u0161 karto \u017elugt\u0173, ir per daug grem\u0117zdi\u0161ka, kad prisitaikyt\u0173 ir toliau augt\u0173.<\/p>\n<p>Welchas nedelsdamas \u0117m\u0117si darbo. Jam vadovaujant GE buvo \u012fgyvendintos revoliucin\u0117s permainos, kurios i\u0161garsino Jack\u0105 Welch\u0105 kaip geriausi\u0105 vis\u0173 laik\u0173 verslo vadov\u0105. Knygos autorius Robertas Slateris ra\u0161o apie tuos Welcho bruo\u017eus, kuriuos Business Week \u012fvertino, kaip&#8230; \u201eaukso standart\u0105, pagal kur\u012f reik\u0117t\u0173 vertinti kitus verslo vadovus\u201c. K\u0105 beveikt\u0173 \u2013 ar kalb\u0117t\u0173 su vidurin\u0117s grandies vadovais apie GE mokymosi kult\u016br\u0105 ar svarstyt\u0173 su NBC vadovu Robertu Wrightu, kaip paversti \u0161i\u0105 kompanij\u0105 pirmaujan\u010dia rinkoje \u2013 Welchas laik\u0117si tos pa\u010dios nuostatos: \u201eSiekdami to, kas atrodo beveik ne\u012fmanoma, mes da\u017enai to pasiekiame.\u201c<\/p>\n","protected":false},"excerpt":{"rendered":"<p>Kai Jackas Welchas tapo\u00a0<em>General Electric<\/em>\u00a0vadovu, verslo pasauliui GE atrod\u0117 pakankamai sveika industrijos sektoriuje pirmaujanti korporacija, ta\u010diau Welchas i\u0161 karto numat\u0117 jai gr\u0119sian\u010dius pavojus. GE jam atrod\u0117 ne stipri kaip uola, o veikiau stovinti ant bedugn\u0117s kra\u0161to. Ji buvo per daug didel\u0117, kad i\u0161 karto \u017elugt\u0173, ir per daug grem\u0117zdi\u0161ka, kad prisitaikyt\u0173 ir toliau augt\u0173.<\/p>\n<p>Welchas nedelsdamas \u0117m\u0117si darbo. Jam vadovaujant GE buvo \u012fgyvendintos revoliucin\u0117s permainos, kurios i\u0161garsino Jack\u0105 Welch\u0105 kaip geriausi\u0105 vis\u0173 laik\u0173 verslo vadov\u0105. Knygos autorius Robertas Slateris ra\u0161o apie tuos Welcho bruo\u017eus, kuriuos Business Week \u012fvertino, kaip&#8230; \u201eaukso standart\u0105, pagal kur\u012f reik\u0117t\u0173 vertinti kitus verslo vadovus\u201c. K\u0105 beveikt\u0173 \u2013 ar kalb\u0117t\u0173 su vidurin\u0117s grandies vadovais apie GE mokymosi kult\u016br\u0105 ar svarstyt\u0173 su NBC vadovu Robertu Wrightu, kaip paversti \u0161i\u0105 kompanij\u0105 pirmaujan\u010dia rinkoje \u2013 Welchas laik\u0117si tos pa\u010dios nuostatos: \u201eSiekdami to, kas atrodo beveik ne\u012fmanoma, mes da\u017enai to pasiekiame.\u201c<\/p>\n","protected":false},"featured_media":9821,"comment_status":"closed","ping_status":"closed","template":"","meta":{"_acf_changed":false,"site-sidebar-layout":"default","site-content-layout":"","ast-site-content-layout":"default","site-content-style":"default","site-sidebar-style":"default","ast-global-header-display":"","ast-banner-title-visibility":"","ast-main-header-display":"","ast-hfb-above-header-display":"","ast-hfb-below-header-display":"","ast-hfb-mobile-header-display":"","site-post-title":"","ast-breadcrumbs-content":"","ast-featured-img":"","footer-sml-layout":"","ast-disable-related-posts":"","theme-transparent-header-meta":"","adv-header-id-meta":"","stick-header-meta":"","header-above-stick-meta":"","header-main-stick-meta":"","header-below-stick-meta":"","astra-migrate-meta-layouts":"default","ast-page-background-enabled":"default","ast-page-background-meta":{"desktop":{"background-color":"","background-image":"","background-repeat":"repeat","background-position":"center center","background-size":"auto","background-attachment":"scroll","background-type":"","background-media":"","overlay-type":"","overlay-color":"","overlay-opacity":"","overlay-gradient":""},"tablet":{"background-color":"","background-image":"","background-repeat":"repeat","background-position":"center center","background-size":"auto","background-attachment":"scroll","background-type":"","background-media":"","overlay-type":"","overlay-color":"","overlay-opacity":"","overlay-gradient":""},"mobile":{"background-color":"","background-image":"","background-repeat":"repeat","background-position":"center center","background-size":"auto","background-attachment":"scroll","background-type":"","background-media":"","overlay-type":"","overlay-color":"","overlay-opacity":"","overlay-gradient":""}},"ast-content-background-meta":{"desktop":{"background-color":"var(--ast-global-color-4)","background-image":"","background-repeat":"repeat","background-position":"center center","background-size":"auto","background-attachment":"scroll","background-type":"","background-media":"","overlay-type":"","overlay-color":"","overlay-opacity":"","overlay-gradient":""},"tablet":{"background-color":"var(--ast-global-color-4)","background-image":"","background-repeat":"repeat","background-position":"center center","background-size":"auto","background-attachment":"scroll","background-type":"","background-media":"","overlay-type":"","overlay-color":"","overlay-opacity":"","overlay-gradient":""},"mobile":{"background-color":"var(--ast-global-color-4)","background-image":"","background-repeat":"repeat","background-position":"center center","background-size":"auto","background-attachment":"scroll","background-type":"","background-media":"","overlay-type":"","overlay-color":"","overlay-opacity":"","overlay-gradient":""}}},"product_brand":[],"product_cat":[26],"product_tag":[2308,2309,1408,2310,1559],"class_list":{"0":"post-9773","1":"product","2":"type-product","3":"status-publish","4":"has-post-thumbnail","6":"product_cat-verslas-vadyba-ir-finansai","7":"product_tag-general-electric","8":"product_tag-jack-welch","9":"product_tag-lyderyste","10":"product_tag-vadyba","11":"product_tag-verslo-strategija","12":"desktop-align-left","13":"tablet-align-left","14":"mobile-align-left","16":"first","17":"instock","18":"shipping-taxable","19":"purchasable","20":"product-type-simple"},"acf":[],"yoast_head":"<!-- This site is optimized with the Yoast SEO plugin v27.4 - https:\/\/yoast.com\/product\/yoast-seo-wordpress\/ -->\n<title>Robert Slater \u201eJackas Welchas ir GE taktika\u201c - Skaitytaknyga<\/title>\n<meta name=\"description\" content=\"Kai Jackas Welchas tapo\u00a0General Electric\u00a0vadovu, verslo pasauliui GE atrod\u0117 pakankamai sveika industrijos sektoriuje pirmaujanti korporacija, ta\u010diau Welchas i\u0161 karto numat\u0117 jai gr\u0119sian\u010dius pavojus. GE jam atrod\u0117 ne stipri kaip uola, o veikiau stovinti ant bedugn\u0117s kra\u0161to. Ji buvo per daug didel\u0117, kad i\u0161 karto \u017elugt\u0173, ir per daug grem\u0117zdi\u0161ka, kad prisitaikyt\u0173 ir toliau augt\u0173.Welchas nedelsdamas \u0117m\u0117si darbo. Jam vadovaujant GE buvo \u012fgyvendintos revoliucin\u0117s permainos, kurios i\u0161garsino Jack\u0105 Welch\u0105 kaip geriausi\u0105 vis\u0173 laik\u0173 verslo vadov\u0105. Knygos autorius Robertas Slateris ra\u0161o apie tuos Welcho bruo\u017eus, kuriuos Business Week \u012fvertino, kaip... \u201eaukso standart\u0105, pagal kur\u012f reik\u0117t\u0173 vertinti kitus verslo vadovus\u201c. K\u0105 beveikt\u0173 \u2013 ar kalb\u0117t\u0173 su vidurin\u0117s grandies vadovais apie GE mokymosi kult\u016br\u0105 ar svarstyt\u0173 su NBC vadovu Robertu Wrightu, kaip paversti \u0161i\u0105 kompanij\u0105 pirmaujan\u010dia rinkoje \u2013 Welchas laik\u0117si tos pa\u010dios nuostatos: \u201eSiekdami to, kas atrodo beveik ne\u012fmanoma, mes da\u017enai to pasiekiame.\u201c\" \/>\n<meta name=\"robots\" content=\"index, follow, max-snippet:-1, max-image-preview:large, max-video-preview:-1\" \/>\n<link rel=\"canonical\" href=\"https:\/\/skaitytaknyga.lt\/en\/produktas\/robert-slater-jackas-welchas-ir-ge-taktika\/\" \/>\n<meta property=\"og:locale\" content=\"en_GB\" \/>\n<meta property=\"og:locale:alternate\" content=\"lt_LT\" \/>\n<meta property=\"og:type\" content=\"article\" \/>\n<meta property=\"og:title\" content=\"Robert Slater \u201eJackas Welchas ir GE taktika\u201c - Skaitytaknyga\" \/>\n<meta property=\"og:description\" content=\"Kai Jackas Welchas tapo\u00a0General Electric\u00a0vadovu, verslo pasauliui GE atrod\u0117 pakankamai sveika industrijos sektoriuje pirmaujanti korporacija, ta\u010diau Welchas i\u0161 karto numat\u0117 jai gr\u0119sian\u010dius pavojus. GE jam atrod\u0117 ne stipri kaip uola, o veikiau stovinti ant bedugn\u0117s kra\u0161to. Ji buvo per daug didel\u0117, kad i\u0161 karto \u017elugt\u0173, ir per daug grem\u0117zdi\u0161ka, kad prisitaikyt\u0173 ir toliau augt\u0173.Welchas nedelsdamas \u0117m\u0117si darbo. Jam vadovaujant GE buvo \u012fgyvendintos revoliucin\u0117s permainos, kurios i\u0161garsino Jack\u0105 Welch\u0105 kaip geriausi\u0105 vis\u0173 laik\u0173 verslo vadov\u0105. Knygos autorius Robertas Slateris ra\u0161o apie tuos Welcho bruo\u017eus, kuriuos Business Week \u012fvertino, kaip... \u201eaukso standart\u0105, pagal kur\u012f reik\u0117t\u0173 vertinti kitus verslo vadovus\u201c. K\u0105 beveikt\u0173 \u2013 ar kalb\u0117t\u0173 su vidurin\u0117s grandies vadovais apie GE mokymosi kult\u016br\u0105 ar svarstyt\u0173 su NBC vadovu Robertu Wrightu, kaip paversti \u0161i\u0105 kompanij\u0105 pirmaujan\u010dia rinkoje \u2013 Welchas laik\u0117si tos pa\u010dios nuostatos: \u201eSiekdami to, kas atrodo beveik ne\u012fmanoma, mes da\u017enai to pasiekiame.\u201c\" \/>\n<meta property=\"og:url\" content=\"https:\/\/skaitytaknyga.lt\/en\/produktas\/robert-slater-jackas-welchas-ir-ge-taktika\/\" \/>\n<meta property=\"og:site_name\" content=\"Skaitytaknyga\" \/>\n<meta property=\"article:publisher\" content=\"https:\/\/www.facebook.com\/skaitytaknyga\/\" \/>\n<meta property=\"article:modified_time\" content=\"2025-07-22T12:52:40+00:00\" \/>\n<meta property=\"og:image\" content=\"https:\/\/skaitytaknyga.lt\/wp-content\/uploads\/2024\/05\/1462873747_ge-taktika.jpg\" \/>\n\t<meta property=\"og:image:width\" content=\"289\" \/>\n\t<meta property=\"og:image:height\" content=\"430\" \/>\n\t<meta property=\"og:image:type\" content=\"image\/jpeg\" \/>\n<meta name=\"twitter:card\" content=\"summary_large_image\" \/>\n<meta name=\"twitter:label1\" content=\"Estimated reading time\" \/>\n\t<meta name=\"twitter:data1\" content=\"1 minute\" \/>\n<script type=\"application\/ld+json\" class=\"yoast-schema-graph\">{\"@context\":\"https:\\\/\\\/schema.org\",\"@graph\":[{\"@type\":\"WebPage\",\"@id\":\"https:\\\/\\\/skaitytaknyga.lt\\\/produktas\\\/robert-slater-jackas-welchas-ir-ge-taktika\\\/\",\"url\":\"https:\\\/\\\/skaitytaknyga.lt\\\/produktas\\\/robert-slater-jackas-welchas-ir-ge-taktika\\\/\",\"name\":\"Robert Slater \u201eJackas Welchas ir GE taktika\u201c - Skaitytaknyga\",\"isPartOf\":{\"@id\":\"https:\\\/\\\/skaitytaknyga.lt\\\/#website\"},\"primaryImageOfPage\":{\"@id\":\"https:\\\/\\\/skaitytaknyga.lt\\\/produktas\\\/robert-slater-jackas-welchas-ir-ge-taktika\\\/#primaryimage\"},\"image\":{\"@id\":\"https:\\\/\\\/skaitytaknyga.lt\\\/produktas\\\/robert-slater-jackas-welchas-ir-ge-taktika\\\/#primaryimage\"},\"thumbnailUrl\":\"https:\\\/\\\/skaitytaknyga.lt\\\/wp-content\\\/uploads\\\/2024\\\/05\\\/1462873747_ge-taktika.jpg\",\"datePublished\":\"2024-05-04T17:57:49+00:00\",\"dateModified\":\"2025-07-22T12:52:40+00:00\",\"description\":\"Kai Jackas Welchas tapo\u00a0General Electric\u00a0vadovu, verslo pasauliui GE atrod\u0117 pakankamai sveika industrijos sektoriuje pirmaujanti korporacija, ta\u010diau Welchas i\u0161 karto numat\u0117 jai gr\u0119sian\u010dius pavojus. GE jam atrod\u0117 ne stipri kaip uola, o veikiau stovinti ant bedugn\u0117s kra\u0161to. Ji buvo per daug didel\u0117, kad i\u0161 karto \u017elugt\u0173, ir per daug grem\u0117zdi\u0161ka, kad prisitaikyt\u0173 ir toliau augt\u0173.Welchas nedelsdamas \u0117m\u0117si darbo. Jam vadovaujant GE buvo \u012fgyvendintos revoliucin\u0117s permainos, kurios i\u0161garsino Jack\u0105 Welch\u0105 kaip geriausi\u0105 vis\u0173 laik\u0173 verslo vadov\u0105. Knygos autorius Robertas Slateris ra\u0161o apie tuos Welcho bruo\u017eus, kuriuos Business Week \u012fvertino, kaip... \u201eaukso standart\u0105, pagal kur\u012f reik\u0117t\u0173 vertinti kitus verslo vadovus\u201c. K\u0105 beveikt\u0173 \u2013 ar kalb\u0117t\u0173 su vidurin\u0117s grandies vadovais apie GE mokymosi kult\u016br\u0105 ar svarstyt\u0173 su NBC vadovu Robertu Wrightu, kaip paversti \u0161i\u0105 kompanij\u0105 pirmaujan\u010dia rinkoje \u2013 Welchas laik\u0117si tos pa\u010dios nuostatos: \u201eSiekdami to, kas atrodo beveik ne\u012fmanoma, mes da\u017enai to pasiekiame.\u201c\",\"breadcrumb\":{\"@id\":\"https:\\\/\\\/skaitytaknyga.lt\\\/produktas\\\/robert-slater-jackas-welchas-ir-ge-taktika\\\/#breadcrumb\"},\"inLanguage\":\"en-GB\",\"potentialAction\":[{\"@type\":\"ReadAction\",\"target\":[\"https:\\\/\\\/skaitytaknyga.lt\\\/produktas\\\/robert-slater-jackas-welchas-ir-ge-taktika\\\/\"]}]},{\"@type\":\"ImageObject\",\"inLanguage\":\"en-GB\",\"@id\":\"https:\\\/\\\/skaitytaknyga.lt\\\/produktas\\\/robert-slater-jackas-welchas-ir-ge-taktika\\\/#primaryimage\",\"url\":\"https:\\\/\\\/skaitytaknyga.lt\\\/wp-content\\\/uploads\\\/2024\\\/05\\\/1462873747_ge-taktika.jpg\",\"contentUrl\":\"https:\\\/\\\/skaitytaknyga.lt\\\/wp-content\\\/uploads\\\/2024\\\/05\\\/1462873747_ge-taktika.jpg\",\"width\":289,\"height\":430},{\"@type\":\"BreadcrumbList\",\"@id\":\"https:\\\/\\\/skaitytaknyga.lt\\\/produktas\\\/robert-slater-jackas-welchas-ir-ge-taktika\\\/#breadcrumb\",\"itemListElement\":[{\"@type\":\"ListItem\",\"position\":1,\"name\":\"Home\",\"item\":\"https:\\\/\\\/skaitytaknyga.lt\\\/\"},{\"@type\":\"ListItem\",\"position\":2,\"name\":\"Parduotuv\u0117\",\"item\":\"https:\\\/\\\/skaitytaknyga.lt\\\/knygu-parduotuve\\\/\"},{\"@type\":\"ListItem\",\"position\":3,\"name\":\"Robert Slater \u201eJackas Welchas ir GE taktika\u201c\"}]},{\"@type\":\"WebSite\",\"@id\":\"https:\\\/\\\/skaitytaknyga.lt\\\/#website\",\"url\":\"https:\\\/\\\/skaitytaknyga.lt\\\/\",\"name\":\"skaitytaknyga.lt\",\"description\":\"Skaitytaknyga.lt \u2013 tai ma\u017eas \u0161eimos verslas, kuris prasid\u0117jo nuo meil\u0117s knygoms ir siekio i\u0161gelb\u0117ti knygas nuo likimo prie konteinerio. Kas vienam nereikalingas daiktas \u2013 kitam lobis, o mes esame tarpininkai, kurie padeda abiems tapti laimingesniems ???? \u017dinome kaip nelengva i\u0161gyventi ma\u017eiems verslams, tad nuo \u0161iol, \u010dia rasite ir kit\u0173, ma\u017e\u0173 \u0161eim\u0173 versl\u0173, rank\u0173 darbo, dovan\u0173 sau ir artimiesiems.\",\"publisher\":{\"@id\":\"https:\\\/\\\/skaitytaknyga.lt\\\/#organization\"},\"potentialAction\":[{\"@type\":\"SearchAction\",\"target\":{\"@type\":\"EntryPoint\",\"urlTemplate\":\"https:\\\/\\\/skaitytaknyga.lt\\\/?s={search_term_string}\"},\"query-input\":{\"@type\":\"PropertyValueSpecification\",\"valueRequired\":true,\"valueName\":\"search_term_string\"}}],\"inLanguage\":\"en-GB\"},{\"@type\":\"Organization\",\"@id\":\"https:\\\/\\\/skaitytaknyga.lt\\\/#organization\",\"name\":\"skaitytaknyga.lt\",\"url\":\"https:\\\/\\\/skaitytaknyga.lt\\\/\",\"logo\":{\"@type\":\"ImageObject\",\"inLanguage\":\"en-GB\",\"@id\":\"https:\\\/\\\/skaitytaknyga.lt\\\/#\\\/schema\\\/logo\\\/image\\\/\",\"url\":\"https:\\\/\\\/skaitytaknyga.lt\\\/wp-content\\\/uploads\\\/2024\\\/05\\\/cropped-cropped-cropped-02_00843_jt3bggkj1j3HLc7SyY6rEUpg.jpeg\",\"contentUrl\":\"https:\\\/\\\/skaitytaknyga.lt\\\/wp-content\\\/uploads\\\/2024\\\/05\\\/cropped-cropped-cropped-02_00843_jt3bggkj1j3HLc7SyY6rEUpg.jpeg\",\"width\":1600,\"height\":1600,\"caption\":\"skaitytaknyga.lt\"},\"image\":{\"@id\":\"https:\\\/\\\/skaitytaknyga.lt\\\/#\\\/schema\\\/logo\\\/image\\\/\"},\"sameAs\":[\"https:\\\/\\\/www.facebook.com\\\/skaitytaknyga\\\/\"]}]}<\/script>\n<!-- \/ Yoast SEO plugin. -->","yoast_head_json":{"title":"Robert Slater \u201eJackas Welchas ir GE taktika\u201c - Skaitytaknyga","description":"Kai Jackas Welchas tapo\u00a0General Electric\u00a0vadovu, verslo pasauliui GE atrod\u0117 pakankamai sveika industrijos sektoriuje pirmaujanti korporacija, ta\u010diau Welchas i\u0161 karto numat\u0117 jai gr\u0119sian\u010dius pavojus. GE jam atrod\u0117 ne stipri kaip uola, o veikiau stovinti ant bedugn\u0117s kra\u0161to. Ji buvo per daug didel\u0117, kad i\u0161 karto \u017elugt\u0173, ir per daug grem\u0117zdi\u0161ka, kad prisitaikyt\u0173 ir toliau augt\u0173.Welchas nedelsdamas \u0117m\u0117si darbo. Jam vadovaujant GE buvo \u012fgyvendintos revoliucin\u0117s permainos, kurios i\u0161garsino Jack\u0105 Welch\u0105 kaip geriausi\u0105 vis\u0173 laik\u0173 verslo vadov\u0105. Knygos autorius Robertas Slateris ra\u0161o apie tuos Welcho bruo\u017eus, kuriuos Business Week \u012fvertino, kaip... \u201eaukso standart\u0105, pagal kur\u012f reik\u0117t\u0173 vertinti kitus verslo vadovus\u201c. K\u0105 beveikt\u0173 \u2013 ar kalb\u0117t\u0173 su vidurin\u0117s grandies vadovais apie GE mokymosi kult\u016br\u0105 ar svarstyt\u0173 su NBC vadovu Robertu Wrightu, kaip paversti \u0161i\u0105 kompanij\u0105 pirmaujan\u010dia rinkoje \u2013 Welchas laik\u0117si tos pa\u010dios nuostatos: \u201eSiekdami to, kas atrodo beveik ne\u012fmanoma, mes da\u017enai to pasiekiame.\u201c","robots":{"index":"index","follow":"follow","max-snippet":"max-snippet:-1","max-image-preview":"max-image-preview:large","max-video-preview":"max-video-preview:-1"},"canonical":"https:\/\/skaitytaknyga.lt\/en\/produktas\/robert-slater-jackas-welchas-ir-ge-taktika\/","og_locale":"en_GB","og_type":"article","og_title":"Robert Slater \u201eJackas Welchas ir GE taktika\u201c - Skaitytaknyga","og_description":"Kai Jackas Welchas tapo\u00a0General Electric\u00a0vadovu, verslo pasauliui GE atrod\u0117 pakankamai sveika industrijos sektoriuje pirmaujanti korporacija, ta\u010diau Welchas i\u0161 karto numat\u0117 jai gr\u0119sian\u010dius pavojus. GE jam atrod\u0117 ne stipri kaip uola, o veikiau stovinti ant bedugn\u0117s kra\u0161to. Ji buvo per daug didel\u0117, kad i\u0161 karto \u017elugt\u0173, ir per daug grem\u0117zdi\u0161ka, kad prisitaikyt\u0173 ir toliau augt\u0173.Welchas nedelsdamas \u0117m\u0117si darbo. Jam vadovaujant GE buvo \u012fgyvendintos revoliucin\u0117s permainos, kurios i\u0161garsino Jack\u0105 Welch\u0105 kaip geriausi\u0105 vis\u0173 laik\u0173 verslo vadov\u0105. Knygos autorius Robertas Slateris ra\u0161o apie tuos Welcho bruo\u017eus, kuriuos Business Week \u012fvertino, kaip... \u201eaukso standart\u0105, pagal kur\u012f reik\u0117t\u0173 vertinti kitus verslo vadovus\u201c. K\u0105 beveikt\u0173 \u2013 ar kalb\u0117t\u0173 su vidurin\u0117s grandies vadovais apie GE mokymosi kult\u016br\u0105 ar svarstyt\u0173 su NBC vadovu Robertu Wrightu, kaip paversti \u0161i\u0105 kompanij\u0105 pirmaujan\u010dia rinkoje \u2013 Welchas laik\u0117si tos pa\u010dios nuostatos: \u201eSiekdami to, kas atrodo beveik ne\u012fmanoma, mes da\u017enai to pasiekiame.\u201c","og_url":"https:\/\/skaitytaknyga.lt\/en\/produktas\/robert-slater-jackas-welchas-ir-ge-taktika\/","og_site_name":"Skaitytaknyga","article_publisher":"https:\/\/www.facebook.com\/skaitytaknyga\/","article_modified_time":"2025-07-22T12:52:40+00:00","og_image":[{"width":289,"height":430,"url":"https:\/\/skaitytaknyga.lt\/wp-content\/uploads\/2024\/05\/1462873747_ge-taktika.jpg","type":"image\/jpeg"}],"twitter_card":"summary_large_image","twitter_misc":{"Estimated reading time":"1 minute"},"schema":{"@context":"https:\/\/schema.org","@graph":[{"@type":"WebPage","@id":"https:\/\/skaitytaknyga.lt\/produktas\/robert-slater-jackas-welchas-ir-ge-taktika\/","url":"https:\/\/skaitytaknyga.lt\/produktas\/robert-slater-jackas-welchas-ir-ge-taktika\/","name":"Robert Slater \u201eJackas Welchas ir GE taktika\u201c - Skaitytaknyga","isPartOf":{"@id":"https:\/\/skaitytaknyga.lt\/#website"},"primaryImageOfPage":{"@id":"https:\/\/skaitytaknyga.lt\/produktas\/robert-slater-jackas-welchas-ir-ge-taktika\/#primaryimage"},"image":{"@id":"https:\/\/skaitytaknyga.lt\/produktas\/robert-slater-jackas-welchas-ir-ge-taktika\/#primaryimage"},"thumbnailUrl":"https:\/\/skaitytaknyga.lt\/wp-content\/uploads\/2024\/05\/1462873747_ge-taktika.jpg","datePublished":"2024-05-04T17:57:49+00:00","dateModified":"2025-07-22T12:52:40+00:00","description":"Kai Jackas Welchas tapo\u00a0General Electric\u00a0vadovu, verslo pasauliui GE atrod\u0117 pakankamai sveika industrijos sektoriuje pirmaujanti korporacija, ta\u010diau Welchas i\u0161 karto numat\u0117 jai gr\u0119sian\u010dius pavojus. GE jam atrod\u0117 ne stipri kaip uola, o veikiau stovinti ant bedugn\u0117s kra\u0161to. Ji buvo per daug didel\u0117, kad i\u0161 karto \u017elugt\u0173, ir per daug grem\u0117zdi\u0161ka, kad prisitaikyt\u0173 ir toliau augt\u0173.Welchas nedelsdamas \u0117m\u0117si darbo. Jam vadovaujant GE buvo \u012fgyvendintos revoliucin\u0117s permainos, kurios i\u0161garsino Jack\u0105 Welch\u0105 kaip geriausi\u0105 vis\u0173 laik\u0173 verslo vadov\u0105. Knygos autorius Robertas Slateris ra\u0161o apie tuos Welcho bruo\u017eus, kuriuos Business Week \u012fvertino, kaip... \u201eaukso standart\u0105, pagal kur\u012f reik\u0117t\u0173 vertinti kitus verslo vadovus\u201c. K\u0105 beveikt\u0173 \u2013 ar kalb\u0117t\u0173 su vidurin\u0117s grandies vadovais apie GE mokymosi kult\u016br\u0105 ar svarstyt\u0173 su NBC vadovu Robertu Wrightu, kaip paversti \u0161i\u0105 kompanij\u0105 pirmaujan\u010dia rinkoje \u2013 Welchas laik\u0117si tos pa\u010dios nuostatos: \u201eSiekdami to, kas atrodo beveik ne\u012fmanoma, mes da\u017enai to pasiekiame.\u201c","breadcrumb":{"@id":"https:\/\/skaitytaknyga.lt\/produktas\/robert-slater-jackas-welchas-ir-ge-taktika\/#breadcrumb"},"inLanguage":"en-GB","potentialAction":[{"@type":"ReadAction","target":["https:\/\/skaitytaknyga.lt\/produktas\/robert-slater-jackas-welchas-ir-ge-taktika\/"]}]},{"@type":"ImageObject","inLanguage":"en-GB","@id":"https:\/\/skaitytaknyga.lt\/produktas\/robert-slater-jackas-welchas-ir-ge-taktika\/#primaryimage","url":"https:\/\/skaitytaknyga.lt\/wp-content\/uploads\/2024\/05\/1462873747_ge-taktika.jpg","contentUrl":"https:\/\/skaitytaknyga.lt\/wp-content\/uploads\/2024\/05\/1462873747_ge-taktika.jpg","width":289,"height":430},{"@type":"BreadcrumbList","@id":"https:\/\/skaitytaknyga.lt\/produktas\/robert-slater-jackas-welchas-ir-ge-taktika\/#breadcrumb","itemListElement":[{"@type":"ListItem","position":1,"name":"Home","item":"https:\/\/skaitytaknyga.lt\/"},{"@type":"ListItem","position":2,"name":"Parduotuv\u0117","item":"https:\/\/skaitytaknyga.lt\/knygu-parduotuve\/"},{"@type":"ListItem","position":3,"name":"Robert Slater \u201eJackas Welchas ir GE taktika\u201c"}]},{"@type":"WebSite","@id":"https:\/\/skaitytaknyga.lt\/#website","url":"https:\/\/skaitytaknyga.lt\/","name":"skaitytaknyga.lt","description":"Skaitytaknyga.lt \u2013 tai ma\u017eas \u0161eimos verslas, kuris prasid\u0117jo nuo meil\u0117s knygoms ir siekio i\u0161gelb\u0117ti knygas nuo likimo prie konteinerio. Kas vienam nereikalingas daiktas \u2013 kitam lobis, o mes esame tarpininkai, kurie padeda abiems tapti laimingesniems ???? \u017dinome kaip nelengva i\u0161gyventi ma\u017eiems verslams, tad nuo \u0161iol, \u010dia rasite ir kit\u0173, ma\u017e\u0173 \u0161eim\u0173 versl\u0173, rank\u0173 darbo, dovan\u0173 sau ir artimiesiems.","publisher":{"@id":"https:\/\/skaitytaknyga.lt\/#organization"},"potentialAction":[{"@type":"SearchAction","target":{"@type":"EntryPoint","urlTemplate":"https:\/\/skaitytaknyga.lt\/?s={search_term_string}"},"query-input":{"@type":"PropertyValueSpecification","valueRequired":true,"valueName":"search_term_string"}}],"inLanguage":"en-GB"},{"@type":"Organization","@id":"https:\/\/skaitytaknyga.lt\/#organization","name":"skaitytaknyga.lt","url":"https:\/\/skaitytaknyga.lt\/","logo":{"@type":"ImageObject","inLanguage":"en-GB","@id":"https:\/\/skaitytaknyga.lt\/#\/schema\/logo\/image\/","url":"https:\/\/skaitytaknyga.lt\/wp-content\/uploads\/2024\/05\/cropped-cropped-cropped-02_00843_jt3bggkj1j3HLc7SyY6rEUpg.jpeg","contentUrl":"https:\/\/skaitytaknyga.lt\/wp-content\/uploads\/2024\/05\/cropped-cropped-cropped-02_00843_jt3bggkj1j3HLc7SyY6rEUpg.jpeg","width":1600,"height":1600,"caption":"skaitytaknyga.lt"},"image":{"@id":"https:\/\/skaitytaknyga.lt\/#\/schema\/logo\/image\/"},"sameAs":["https:\/\/www.facebook.com\/skaitytaknyga\/"]}]}},"_links":{"self":[{"href":"https:\/\/skaitytaknyga.lt\/en\/wp-json\/wp\/v2\/product\/9773","targetHints":{"allow":["GET"]}}],"collection":[{"href":"https:\/\/skaitytaknyga.lt\/en\/wp-json\/wp\/v2\/product"}],"about":[{"href":"https:\/\/skaitytaknyga.lt\/en\/wp-json\/wp\/v2\/types\/product"}],"replies":[{"embeddable":true,"href":"https:\/\/skaitytaknyga.lt\/en\/wp-json\/wp\/v2\/comments?post=9773"}],"wp:featuredmedia":[{"embeddable":true,"href":"https:\/\/skaitytaknyga.lt\/en\/wp-json\/wp\/v2\/media\/9821"}],"wp:attachment":[{"href":"https:\/\/skaitytaknyga.lt\/en\/wp-json\/wp\/v2\/media?parent=9773"}],"wp:term":[{"taxonomy":"product_brand","embeddable":true,"href":"https:\/\/skaitytaknyga.lt\/en\/wp-json\/wp\/v2\/product_brand?post=9773"},{"taxonomy":"product_cat","embeddable":true,"href":"https:\/\/skaitytaknyga.lt\/en\/wp-json\/wp\/v2\/product_cat?post=9773"},{"taxonomy":"product_tag","embeddable":true,"href":"https:\/\/skaitytaknyga.lt\/en\/wp-json\/wp\/v2\/product_tag?post=9773"}],"curies":[{"name":"wp","href":"https:\/\/api.w.org\/{rel}","templated":true}]}}