{"id":9765,"date":"2024-05-04T17:57:25","date_gmt":"2024-05-04T17:57:25","guid":{"rendered":"https:\/\/skaitytaknyga.lt\/?post_type=product&#038;p=9765"},"modified":"2026-03-05T10:36:25","modified_gmt":"2026-03-05T08:36:25","slug":"lars-kepler-ugnies-liudininkas","status":"publish","type":"product","link":"https:\/\/skaitytaknyga.lt\/en\/produktas\/lars-kepler-ugnies-liudininkas\/","title":{"rendered":"Ugnies liudininkas"},"content":{"rendered":"<p><b>\u201eUgnies liudininkas\u201c<\/b>\u00a0yra tre\u010dioji serijos apie suom\u012f Jon\u0105 Lin\u0105, dirbant\u012f Stokholmo kriminalin\u0117je policijoje, dalis. Pirmosios dvi \u2013\u00a0\u201eHipnotizuotojas\u201c\u00a0bei\u00a0\u201eKo\u0161maras\u201c\u00a0(arba \u201ePaganinio kontraktas\u201c). Lars Kepler suk\u016br\u0117 nepaprastai \u012ftempt\u0105 istorij\u0105, nei kiek nusileid\u017eian\u010di\u0105 skaitytoj\u0173 mylimiausiems detektyv\u0173 ra\u0161ytojams Stieg Larson bei Jo Nesb\u00f8.<\/p>\n<p>Penkiolika met\u0173 s\u0117kmingos patirties turintis detektyvas inspektorius Jonas Linas at\u0161aukiamas i\u0161 atostog\u0173, kuri\u0173 metu band\u0117 sutvarkyti asmeninius reikalus. Jis siun\u010diamas \u012f nusikaltimo viet\u0105, kaip konsultantas, kuris privalo pad\u0117ti tyr\u0117jams, bet nesiki\u0161ti. Sunkaus charakterio mergai\u010di\u0173 namuose \u201eBrigitos namai\u201c \u012fvykdoma \u017emog\u017eudyst\u0117. \u012etarimai i\u0161 karto krenta ant Vik\u0117s Benet, kuri pab\u0117go palikusi kruvinus p\u0117dsakus ir nusikaltimo \u012frank\u012f. Be to, mergina pagrobia automobil\u012f, kuriame atsitiktinai buvo vaikas. Regis, byla i\u0161spr\u0119sta. Tereikia sugauti Vik\u0119 bei i\u0161gelb\u0117ti \u012fkait\u0105. Ta\u010diau Jonas Linas nuo pat prad\u017ei\u0173 abejoja \u0161ia bylos versija.<\/p>\n<p>Flora Hansen yra apsimet\u0117l\u0117 ai\u0161kiareg\u0117, kuri u\u017edarbiauja skleisdama netikras prana\u0161ystes. Ta\u010diau netik\u0117tai ji pradeda matyti ai\u0161kias vizijas, o jose nusikaltimo auk\u0105, kuri bando nurodyti tikr\u0105j\u012f \u017eudik\u0105. Flora pasidalina vaizdiniais su policija. Ir nors daugiau niekas mediume netiki, Jonas Linas yra \u012fsitikin\u0119s, kad i\u0161 pa\u017ei\u016bros paprastas nusikaltimas slepia daugiau paslap\u010di\u0173, o Vik\u0117 Benet yra grei\u010diau liudinink\u0117 nei \u017eudik\u0117. Pasikapst\u0119s giliau Jonas bus privestas stoti \u012f akistat\u0105 su praeitimi.<\/p>\n<p>\u201eUgnies liudininkas\u201c \u2013 dar tamsesn\u0117 knyga nei pirmosios. Paslaptinga ir \u0161iurpi \u012ftampa istorijoje derinama su greitais, vienas kit\u0105 vejan\u010diais \u012fvykiais. Lars Kepler naudoja trumpus, intriga besibaigian\u010dius skyrius ir taip vilioja skaitytoj\u0105 skaityti dar ir dar vien\u0105 skyri\u0173, kol netik\u0117tai priart\u0117jama prie atsakym\u0173 \u012f klausimus \u201ekas\u201c ir \u201ekod\u0117l\u201c.<\/p>\n<p><b>Lars Kepler<\/b>\u00a0yra pseudonimas, kuriuo knygas pasira\u0161o \u0161ved\u0173 ra\u0161ytoj\u0173 duetas Alexandra ir Alexander Ahndoril. Gana ilgai visuomen\u0117 ne\u017einojo, kas yra tas Lars Kepler ir tai pakurst\u0117 dar didesn\u012f knyg\u0173 populiarum\u0105. Autori\u0173 knygos apie detektyv\u0105 inspektori\u0173 Jon\u0105 Lin\u0105 yra ypa\u010d mylimos skaitytoj\u0173. Romanai skai\u010diuoja milijoninius pardavimus ir i\u0161leisti keturiasde\u0161imtyje \u0161ali\u0173. I\u0161 viso yra sukurtos septynios serijos dalys. Visos jos tapo tarptautiniais bestseleriais. Tiek skaitytojai, tiek kritikai teigia, kad kiekviena nauja knyga tobul\u0117ja ir atne\u0161a vis daugiau \u012ftampos bei intrigos.<\/p>\n","protected":false},"excerpt":{"rendered":"<p>\u201eUgnies liudininkas\u201c\u00a0yra tre\u010dioji serijos apie suom\u012f Jon\u0105 Lin\u0105, dirbant\u012f Stokholmo kriminalin\u0117je policijoje, dalis. Pirmosios dvi \u2013\u00a0\u201eHipnotizuotojas\u201c\u00a0bei\u00a0\u201eKo\u0161maras\u201c\u00a0(arba \u201ePaganinio kontraktas\u201c). Lars Kepler suk\u016br\u0117 nepaprastai \u012ftempt\u0105 istorij\u0105, nei kiek nusileid\u017eian\u010di\u0105 skaitytoj\u0173 mylimiausiems detektyv\u0173 ra\u0161ytojams Stieg Larson bei Jo Nesb\u00f8. Penkiolika met\u0173 s\u0117kmingos patirties turintis detektyvas inspektorius Jonas Linas at\u0161aukiamas i\u0161 atostog\u0173, kuri\u0173 metu band\u0117 sutvarkyti asmeninius reikalus. Jis siun\u010diamas \u012f nusikaltimo viet\u0105, kaip konsultantas, kuris privalo pad\u0117ti tyr\u0117jams, bet nesiki\u0161ti. Sunkaus charakterio mergai\u010di\u0173 namuose \u201eBrigitos namai\u201c \u012fvykdoma \u017emog\u017eudyst\u0117. \u012etarimai i\u0161 karto krenta ant Vik\u0117s Benet, kuri pab\u0117go palikusi kruvinus p\u0117dsakus ir nusikaltimo \u012frank\u012f. Be to, mergina pagrobia automobil\u012f, kuriame atsitiktinai buvo vaikas. Regis, byla i\u0161spr\u0119sta. Tereikia sugauti Vik\u0119 bei i\u0161gelb\u0117ti \u012fkait\u0105. Ta\u010diau Jonas Linas nuo pat prad\u017ei\u0173 abejoja \u0161ia bylos versija. Flora Hansen yra apsimet\u0117l\u0117 ai\u0161kiareg\u0117, kuri u\u017edarbiauja skleisdama netikras prana\u0161ystes. Ta\u010diau netik\u0117tai ji pradeda matyti ai\u0161kias vizijas, o jose nusikaltimo auk\u0105, kuri bando nurodyti tikr\u0105j\u012f \u017eudik\u0105. Flora pasidalina vaizdiniais su policija. Ir nors daugiau niekas mediume netiki, Jonas Linas yra \u012fsitikin\u0119s, kad i\u0161 pa\u017ei\u016bros paprastas nusikaltimas slepia daugiau paslap\u010di\u0173, o Vik\u0117 Benet yra grei\u010diau liudinink\u0117 nei \u017eudik\u0117. Pasikapst\u0119s giliau Jonas bus privestas stoti \u012f akistat\u0105 su praeitimi. \u201eUgnies liudininkas\u201c \u2013 dar tamsesn\u0117 knyga nei pirmosios. Paslaptinga ir \u0161iurpi \u012ftampa istorijoje derinama su greitais, vienas kit\u0105 vejan\u010diais \u012fvykiais. Lars Kepler naudoja trumpus, intriga besibaigian\u010dius skyrius ir taip vilioja skaitytoj\u0105 skaityti dar ir dar vien\u0105 skyri\u0173, kol netik\u0117tai priart\u0117jama prie atsakym\u0173 \u012f klausimus \u201ekas\u201c ir \u201ekod\u0117l\u201c. Lars Kepler\u00a0yra pseudonimas, kuriuo knygas pasira\u0161o \u0161ved\u0173 ra\u0161ytoj\u0173 duetas Alexandra ir Alexander Ahndoril. Gana ilgai visuomen\u0117 ne\u017einojo, kas yra tas Lars Kepler ir tai pakurst\u0117 dar didesn\u012f knyg\u0173 populiarum\u0105. Autori\u0173 knygos apie detektyv\u0105 inspektori\u0173 Jon\u0105 Lin\u0105 yra ypa\u010d mylimos skaitytoj\u0173. Romanai skai\u010diuoja milijoninius pardavimus ir i\u0161leisti keturiasde\u0161imtyje \u0161ali\u0173. I\u0161 viso yra sukurtos septynios serijos dalys. Visos jos tapo tarptautiniais bestseleriais. Tiek skaitytojai, tiek kritikai teigia, kad kiekviena nauja knyga tobul\u0117ja ir atne\u0161a vis daugiau \u012ftampos bei intrigos.<\/p>\n","protected":false},"featured_media":12992,"comment_status":"closed","ping_status":"closed","template":"","meta":{"_acf_changed":false,"site-sidebar-layout":"default","site-content-layout":"","ast-site-content-layout":"default","site-content-style":"default","site-sidebar-style":"default","ast-global-header-display":"","ast-banner-title-visibility":"","ast-main-header-display":"","ast-hfb-above-header-display":"","ast-hfb-below-header-display":"","ast-hfb-mobile-header-display":"","site-post-title":"","ast-breadcrumbs-content":"","ast-featured-img":"","footer-sml-layout":"","ast-disable-related-posts":"","theme-transparent-header-meta":"default","adv-header-id-meta":"","stick-header-meta":"","header-above-stick-meta":"","header-main-stick-meta":"","header-below-stick-meta":"","astra-migrate-meta-layouts":"set","ast-page-background-enabled":"default","ast-page-background-meta":{"desktop":{"background-color":"","background-image":"","background-repeat":"repeat","background-position":"center center","background-size":"auto","background-attachment":"scroll","background-type":"","background-media":"","overlay-type":"","overlay-color":"","overlay-opacity":"","overlay-gradient":""},"tablet":{"background-color":"","background-image":"","background-repeat":"repeat","background-position":"center center","background-size":"auto","background-attachment":"scroll","background-type":"","background-media":"","overlay-type":"","overlay-color":"","overlay-opacity":"","overlay-gradient":""},"mobile":{"background-color":"","background-image":"","background-repeat":"repeat","background-position":"center center","background-size":"auto","background-attachment":"scroll","background-type":"","background-media":"","overlay-type":"","overlay-color":"","overlay-opacity":"","overlay-gradient":""}},"ast-content-background-meta":{"desktop":{"background-color":"var(--ast-global-color-4)","background-image":"","background-repeat":"repeat","background-position":"center center","background-size":"auto","background-attachment":"scroll","background-type":"","background-media":"","overlay-type":"","overlay-color":"","overlay-opacity":"","overlay-gradient":""},"tablet":{"background-color":"var(--ast-global-color-4)","background-image":"","background-repeat":"repeat","background-position":"center center","background-size":"auto","background-attachment":"scroll","background-type":"","background-media":"","overlay-type":"","overlay-color":"","overlay-opacity":"","overlay-gradient":""},"mobile":{"background-color":"var(--ast-global-color-4)","background-image":"","background-repeat":"repeat","background-position":"center center","background-size":"auto","background-attachment":"scroll","background-type":"","background-media":"","overlay-type":"","overlay-color":"","overlay-opacity":"","overlay-gradient":""}}},"product_brand":[],"product_cat":[9581],"product_tag":[1476,2084,2030],"class_list":{"0":"post-9765","1":"product","2":"type-product","3":"status-publish","4":"has-post-thumbnail","6":"product_cat-kriminaliniai-romanai","7":"product_tag-detektyvas","8":"product_tag-jonas-lina","9":"product_tag-skandinavija","10":"desktop-align-left","11":"tablet-align-left","12":"mobile-align-left","14":"first","15":"instock","16":"shipping-taxable","17":"purchasable","18":"product-type-simple"},"acf":[],"yoast_head":"<!-- This site is optimized with the Yoast SEO plugin v27.0 - https:\/\/yoast.com\/product\/yoast-seo-wordpress\/ -->\n<title>Ugnies liudininkas<\/title>\n<meta name=\"description\" content=\"\u201eUgnies liudininkas\u201c\u00a0yra tre\u010dioji serijos apie suom\u012f Jon\u0105 Lin\u0105, dirbant\u012f Stokholmo kriminalin\u0117je policijoje, dalis. Pirmosios dvi\" \/>\n<meta name=\"robots\" content=\"index, follow, max-snippet:-1, max-image-preview:large, max-video-preview:-1\" \/>\n<link rel=\"canonical\" href=\"https:\/\/skaitytaknyga.lt\/en\/produktas\/lars-kepler-ugnies-liudininkas\/\" \/>\n<meta property=\"og:locale\" content=\"en_GB\" \/>\n<meta property=\"og:locale:alternate\" content=\"lt_LT\" \/>\n<meta property=\"og:type\" content=\"article\" \/>\n<meta property=\"og:title\" content=\"Ugnies liudininkas\" \/>\n<meta property=\"og:description\" content=\"\u201eUgnies liudininkas\u201c\u00a0yra tre\u010dioji serijos apie suom\u012f Jon\u0105 Lin\u0105, dirbant\u012f Stokholmo kriminalin\u0117je policijoje, dalis. Pirmosios dvi\" \/>\n<meta property=\"og:url\" content=\"https:\/\/skaitytaknyga.lt\/en\/produktas\/lars-kepler-ugnies-liudininkas\/\" \/>\n<meta property=\"og:site_name\" content=\"Skaitytaknyga\" \/>\n<meta property=\"article:publisher\" content=\"https:\/\/www.facebook.com\/skaitytaknyga\/\" \/>\n<meta property=\"article:modified_time\" content=\"2026-03-05T08:36:25+00:00\" \/>\n<meta property=\"og:image\" content=\"https:\/\/skaitytaknyga.lt\/wp-content\/uploads\/2024\/05\/536bbbe367a21-600x600-1-e1721027163269.jpg\" \/>\n\t<meta property=\"og:image:width\" content=\"371\" \/>\n\t<meta property=\"og:image:height\" content=\"595\" \/>\n\t<meta property=\"og:image:type\" content=\"image\/jpeg\" \/>\n<meta name=\"twitter:card\" content=\"summary_large_image\" \/>\n<meta name=\"twitter:label1\" content=\"Estimated reading time\" \/>\n\t<meta name=\"twitter:data1\" content=\"2 minutes\" \/>\n<script type=\"application\/ld+json\" class=\"yoast-schema-graph\">{\"@context\":\"https:\/\/schema.org\",\"@graph\":[{\"@type\":\"WebPage\",\"@id\":\"https:\/\/skaitytaknyga.lt\/produktas\/lars-kepler-ugnies-liudininkas\/\",\"url\":\"https:\/\/skaitytaknyga.lt\/produktas\/lars-kepler-ugnies-liudininkas\/\",\"name\":\"Ugnies liudininkas\",\"isPartOf\":{\"@id\":\"https:\/\/skaitytaknyga.lt\/#website\"},\"primaryImageOfPage\":{\"@id\":\"https:\/\/skaitytaknyga.lt\/produktas\/lars-kepler-ugnies-liudininkas\/#primaryimage\"},\"image\":{\"@id\":\"https:\/\/skaitytaknyga.lt\/produktas\/lars-kepler-ugnies-liudininkas\/#primaryimage\"},\"thumbnailUrl\":\"https:\/\/skaitytaknyga.lt\/wp-content\/uploads\/2024\/05\/536bbbe367a21-600x600-1-e1721027163269.jpg\",\"datePublished\":\"2024-05-04T17:57:25+00:00\",\"dateModified\":\"2026-03-05T08:36:25+00:00\",\"description\":\"\u201eUgnies liudininkas\u201c\u00a0yra tre\u010dioji serijos apie suom\u012f Jon\u0105 Lin\u0105, dirbant\u012f Stokholmo kriminalin\u0117je policijoje, dalis. Pirmosios dvi\",\"breadcrumb\":{\"@id\":\"https:\/\/skaitytaknyga.lt\/produktas\/lars-kepler-ugnies-liudininkas\/#breadcrumb\"},\"inLanguage\":\"en-GB\",\"potentialAction\":[{\"@type\":\"ReadAction\",\"target\":[\"https:\/\/skaitytaknyga.lt\/produktas\/lars-kepler-ugnies-liudininkas\/\"]}]},{\"@type\":\"ImageObject\",\"inLanguage\":\"en-GB\",\"@id\":\"https:\/\/skaitytaknyga.lt\/produktas\/lars-kepler-ugnies-liudininkas\/#primaryimage\",\"url\":\"https:\/\/skaitytaknyga.lt\/wp-content\/uploads\/2024\/05\/536bbbe367a21-600x600-1-e1721027163269.jpg\",\"contentUrl\":\"https:\/\/skaitytaknyga.lt\/wp-content\/uploads\/2024\/05\/536bbbe367a21-600x600-1-e1721027163269.jpg\",\"width\":371,\"height\":595,\"caption\":\"Ugnies liudininkas\"},{\"@type\":\"BreadcrumbList\",\"@id\":\"https:\/\/skaitytaknyga.lt\/produktas\/lars-kepler-ugnies-liudininkas\/#breadcrumb\",\"itemListElement\":[{\"@type\":\"ListItem\",\"position\":1,\"name\":\"Home\",\"item\":\"https:\/\/skaitytaknyga.lt\/\"},{\"@type\":\"ListItem\",\"position\":2,\"name\":\"Parduotuv\u0117\",\"item\":\"https:\/\/skaitytaknyga.lt\/knygu-parduotuve\/\"},{\"@type\":\"ListItem\",\"position\":3,\"name\":\"Ugnies liudininkas\"}]},{\"@type\":\"WebSite\",\"@id\":\"https:\/\/skaitytaknyga.lt\/#website\",\"url\":\"https:\/\/skaitytaknyga.lt\/\",\"name\":\"skaitytaknyga.lt\",\"description\":\"Skaitytaknyga.lt \u2013 tai ma\u017eas \u0161eimos verslas, kuris prasid\u0117jo nuo meil\u0117s knygoms ir siekio i\u0161gelb\u0117ti knygas nuo likimo prie konteinerio. Kas vienam nereikalingas daiktas \u2013 kitam lobis, o mes esame tarpininkai, kurie padeda abiems tapti laimingesniems ???? \u017dinome kaip nelengva i\u0161gyventi ma\u017eiems verslams, tad nuo \u0161iol, \u010dia rasite ir kit\u0173, ma\u017e\u0173 \u0161eim\u0173 versl\u0173, rank\u0173 darbo, dovan\u0173 sau ir artimiesiems.\",\"publisher\":{\"@id\":\"https:\/\/skaitytaknyga.lt\/#organization\"},\"potentialAction\":[{\"@type\":\"SearchAction\",\"target\":{\"@type\":\"EntryPoint\",\"urlTemplate\":\"https:\/\/skaitytaknyga.lt\/?s={search_term_string}\"},\"query-input\":{\"@type\":\"PropertyValueSpecification\",\"valueRequired\":true,\"valueName\":\"search_term_string\"}}],\"inLanguage\":\"en-GB\"},{\"@type\":\"Organization\",\"@id\":\"https:\/\/skaitytaknyga.lt\/#organization\",\"name\":\"skaitytaknyga.lt\",\"url\":\"https:\/\/skaitytaknyga.lt\/\",\"logo\":{\"@type\":\"ImageObject\",\"inLanguage\":\"en-GB\",\"@id\":\"https:\/\/skaitytaknyga.lt\/#\/schema\/logo\/image\/\",\"url\":\"https:\/\/skaitytaknyga.lt\/wp-content\/uploads\/2024\/05\/cropped-cropped-cropped-02_00843_jt3bggkj1j3HLc7SyY6rEUpg.jpeg\",\"contentUrl\":\"https:\/\/skaitytaknyga.lt\/wp-content\/uploads\/2024\/05\/cropped-cropped-cropped-02_00843_jt3bggkj1j3HLc7SyY6rEUpg.jpeg\",\"width\":1600,\"height\":1600,\"caption\":\"skaitytaknyga.lt\"},\"image\":{\"@id\":\"https:\/\/skaitytaknyga.lt\/#\/schema\/logo\/image\/\"},\"sameAs\":[\"https:\/\/www.facebook.com\/skaitytaknyga\/\"]}]}<\/script>\n<!-- \/ Yoast SEO plugin. -->","yoast_head_json":{"title":"Ugnies liudininkas","description":"\u201eUgnies liudininkas\u201c\u00a0yra tre\u010dioji serijos apie suom\u012f Jon\u0105 Lin\u0105, dirbant\u012f Stokholmo kriminalin\u0117je policijoje, dalis. Pirmosios dvi","robots":{"index":"index","follow":"follow","max-snippet":"max-snippet:-1","max-image-preview":"max-image-preview:large","max-video-preview":"max-video-preview:-1"},"canonical":"https:\/\/skaitytaknyga.lt\/en\/produktas\/lars-kepler-ugnies-liudininkas\/","og_locale":"en_GB","og_type":"article","og_title":"[:lt]Ugnies liudininkas[:] - Skaitytaknyga","og_description":"\u201eUgnies liudininkas\u201c\u00a0yra tre\u010dioji serijos apie suom\u012f Jon\u0105 Lin\u0105, dirbant\u012f Stokholmo kriminalin\u0117je policijoje, dalis. Pirmosios dvi","og_url":"https:\/\/skaitytaknyga.lt\/en\/produktas\/lars-kepler-ugnies-liudininkas\/","og_site_name":"Skaitytaknyga","article_publisher":"https:\/\/www.facebook.com\/skaitytaknyga\/","article_modified_time":"2026-03-05T08:36:25+00:00","og_image":[{"width":371,"height":595,"url":"https:\/\/skaitytaknyga.lt\/wp-content\/uploads\/2024\/05\/536bbbe367a21-600x600-1-e1721027163269.jpg","type":"image\/jpeg"}],"twitter_card":"summary_large_image","twitter_misc":{"Estimated reading time":"2 minutes"},"schema":{"@context":"https:\/\/schema.org","@graph":[{"@type":"WebPage","@id":"https:\/\/skaitytaknyga.lt\/produktas\/lars-kepler-ugnies-liudininkas\/","url":"https:\/\/skaitytaknyga.lt\/produktas\/lars-kepler-ugnies-liudininkas\/","name":"Ugnies liudininkas","isPartOf":{"@id":"https:\/\/skaitytaknyga.lt\/#website"},"primaryImageOfPage":{"@id":"https:\/\/skaitytaknyga.lt\/produktas\/lars-kepler-ugnies-liudininkas\/#primaryimage"},"image":{"@id":"https:\/\/skaitytaknyga.lt\/produktas\/lars-kepler-ugnies-liudininkas\/#primaryimage"},"thumbnailUrl":"https:\/\/skaitytaknyga.lt\/wp-content\/uploads\/2024\/05\/536bbbe367a21-600x600-1-e1721027163269.jpg","datePublished":"2024-05-04T17:57:25+00:00","dateModified":"2026-03-05T08:36:25+00:00","description":"\u201eUgnies liudininkas\u201c\u00a0yra tre\u010dioji serijos apie suom\u012f Jon\u0105 Lin\u0105, dirbant\u012f Stokholmo kriminalin\u0117je policijoje, dalis. Pirmosios dvi","breadcrumb":{"@id":"https:\/\/skaitytaknyga.lt\/produktas\/lars-kepler-ugnies-liudininkas\/#breadcrumb"},"inLanguage":"en-GB","potentialAction":[{"@type":"ReadAction","target":["https:\/\/skaitytaknyga.lt\/produktas\/lars-kepler-ugnies-liudininkas\/"]}]},{"@type":"ImageObject","inLanguage":"en-GB","@id":"https:\/\/skaitytaknyga.lt\/produktas\/lars-kepler-ugnies-liudininkas\/#primaryimage","url":"https:\/\/skaitytaknyga.lt\/wp-content\/uploads\/2024\/05\/536bbbe367a21-600x600-1-e1721027163269.jpg","contentUrl":"https:\/\/skaitytaknyga.lt\/wp-content\/uploads\/2024\/05\/536bbbe367a21-600x600-1-e1721027163269.jpg","width":371,"height":595,"caption":"Ugnies liudininkas"},{"@type":"BreadcrumbList","@id":"https:\/\/skaitytaknyga.lt\/produktas\/lars-kepler-ugnies-liudininkas\/#breadcrumb","itemListElement":[{"@type":"ListItem","position":1,"name":"Home","item":"https:\/\/skaitytaknyga.lt\/"},{"@type":"ListItem","position":2,"name":"Parduotuv\u0117","item":"https:\/\/skaitytaknyga.lt\/knygu-parduotuve\/"},{"@type":"ListItem","position":3,"name":"Ugnies liudininkas"}]},{"@type":"WebSite","@id":"https:\/\/skaitytaknyga.lt\/#website","url":"https:\/\/skaitytaknyga.lt\/","name":"skaitytaknyga.lt","description":"Skaitytaknyga.lt \u2013 tai ma\u017eas \u0161eimos verslas, kuris prasid\u0117jo nuo meil\u0117s knygoms ir siekio i\u0161gelb\u0117ti knygas nuo likimo prie konteinerio. Kas vienam nereikalingas daiktas \u2013 kitam lobis, o mes esame tarpininkai, kurie padeda abiems tapti laimingesniems ???? \u017dinome kaip nelengva i\u0161gyventi ma\u017eiems verslams, tad nuo \u0161iol, \u010dia rasite ir kit\u0173, ma\u017e\u0173 \u0161eim\u0173 versl\u0173, rank\u0173 darbo, dovan\u0173 sau ir artimiesiems.","publisher":{"@id":"https:\/\/skaitytaknyga.lt\/#organization"},"potentialAction":[{"@type":"SearchAction","target":{"@type":"EntryPoint","urlTemplate":"https:\/\/skaitytaknyga.lt\/?s={search_term_string}"},"query-input":{"@type":"PropertyValueSpecification","valueRequired":true,"valueName":"search_term_string"}}],"inLanguage":"en-GB"},{"@type":"Organization","@id":"https:\/\/skaitytaknyga.lt\/#organization","name":"skaitytaknyga.lt","url":"https:\/\/skaitytaknyga.lt\/","logo":{"@type":"ImageObject","inLanguage":"en-GB","@id":"https:\/\/skaitytaknyga.lt\/#\/schema\/logo\/image\/","url":"https:\/\/skaitytaknyga.lt\/wp-content\/uploads\/2024\/05\/cropped-cropped-cropped-02_00843_jt3bggkj1j3HLc7SyY6rEUpg.jpeg","contentUrl":"https:\/\/skaitytaknyga.lt\/wp-content\/uploads\/2024\/05\/cropped-cropped-cropped-02_00843_jt3bggkj1j3HLc7SyY6rEUpg.jpeg","width":1600,"height":1600,"caption":"skaitytaknyga.lt"},"image":{"@id":"https:\/\/skaitytaknyga.lt\/#\/schema\/logo\/image\/"},"sameAs":["https:\/\/www.facebook.com\/skaitytaknyga\/"]}]}},"_links":{"self":[{"href":"https:\/\/skaitytaknyga.lt\/en\/wp-json\/wp\/v2\/product\/9765","targetHints":{"allow":["GET"]}}],"collection":[{"href":"https:\/\/skaitytaknyga.lt\/en\/wp-json\/wp\/v2\/product"}],"about":[{"href":"https:\/\/skaitytaknyga.lt\/en\/wp-json\/wp\/v2\/types\/product"}],"replies":[{"embeddable":true,"href":"https:\/\/skaitytaknyga.lt\/en\/wp-json\/wp\/v2\/comments?post=9765"}],"wp:featuredmedia":[{"embeddable":true,"href":"https:\/\/skaitytaknyga.lt\/en\/wp-json\/wp\/v2\/media\/12992"}],"wp:attachment":[{"href":"https:\/\/skaitytaknyga.lt\/en\/wp-json\/wp\/v2\/media?parent=9765"}],"wp:term":[{"taxonomy":"product_brand","embeddable":true,"href":"https:\/\/skaitytaknyga.lt\/en\/wp-json\/wp\/v2\/product_brand?post=9765"},{"taxonomy":"product_cat","embeddable":true,"href":"https:\/\/skaitytaknyga.lt\/en\/wp-json\/wp\/v2\/product_cat?post=9765"},{"taxonomy":"product_tag","embeddable":true,"href":"https:\/\/skaitytaknyga.lt\/en\/wp-json\/wp\/v2\/product_tag?post=9765"}],"curies":[{"name":"wp","href":"https:\/\/api.w.org\/{rel}","templated":true}]}}