{"id":9764,"date":"2024-05-04T17:57:25","date_gmt":"2024-05-04T17:57:25","guid":{"rendered":"https:\/\/skaitytaknyga.lt\/?post_type=product&#038;p=9764"},"modified":"2025-07-22T15:52:40","modified_gmt":"2025-07-22T12:52:40","slug":"dan-senor-saul-singer-ideju-salis","status":"publish","type":"product","link":"https:\/\/skaitytaknyga.lt\/en\/produktas\/dan-senor-saul-singer-ideju-salis\/","title":{"rendered":"Dan Senor, Saul Singer \u201eId\u0117j\u0173 \u0161alis\u201c"},"content":{"rendered":"<div>Milijardo doleri\u0173 vert\u0117s klausimas: kod\u0117l Izraelis \u2013 tik \u0161e\u0161iasde\u0161imt met\u0173 gyvuojanti valstyb\u0117, turinti tik 7 milijonus gyventoj\u0173, apsupta prie\u0161\u0173, nuo pat \u012fk\u016brimo visuomet pasirengusi karui, be joki\u0173 gamtini\u0173 i\u0161tekli\u0173 \u2013 \u012fkuria daugiau auk\u0161t\u0173j\u0173 technologij\u0173 bendrovi\u0173 negu tokios didel\u0117s, ramios ir stabilios \u0161alys kaip Japonija, Kinija, Indija, Kor\u0117ja, Kanada ir Jungtin\u0117 Karalyst\u0117? Remdamiesi \u017eymiausi\u0173 Izraelio novatori\u0173 ir investuotoj\u0173 pavyzd\u017eiais, geopolitikos ekspertai Danas Senoras ir Saulas Singeris aptaria, kaip nepalankios pad\u0117ties s\u0105lygota \u0161alies kult\u016bra skatina unikal\u0173 ir veiksming\u0105 i\u0161radingumo ir verslumo derin\u012f. Anot autori\u0173, Izraelis yra ne tik \u0161alis, bet ir visa apimantis m\u0105stymo b\u016bdas. Amerikie\u010diai daug d\u0117mesio skiria i\u0161oriniam vaizdui ir kruop\u0161\u010diam pasiruo\u0161imui, o izraelie\u010diui svarbiausia chutzpah, t.y. dr\u0105sa, \u012f\u017e\u016blumas, ry\u017etas.<\/div>\n","protected":false},"excerpt":{"rendered":"<div>Milijardo doleri\u0173 vert\u0117s klausimas: kod\u0117l Izraelis \u2013 tik \u0161e\u0161iasde\u0161imt met\u0173 gyvuojanti valstyb\u0117, turinti tik 7 milijonus gyventoj\u0173, apsupta prie\u0161\u0173, nuo pat \u012fk\u016brimo visuomet pasirengusi karui, be joki\u0173 gamtini\u0173 i\u0161tekli\u0173 \u2013 \u012fkuria daugiau auk\u0161t\u0173j\u0173 technologij\u0173 bendrovi\u0173 negu tokios didel\u0117s, ramios ir stabilios \u0161alys kaip Japonija, Kinija, Indija, Kor\u0117ja, Kanada ir Jungtin\u0117 Karalyst\u0117? Remdamiesi \u017eymiausi\u0173 Izraelio novatori\u0173 ir investuotoj\u0173 pavyzd\u017eiais, geopolitikos ekspertai Danas Senoras ir Saulas Singeris aptaria, kaip nepalankios pad\u0117ties s\u0105lygota \u0161alies kult\u016bra skatina unikal\u0173 ir veiksming\u0105 i\u0161radingumo ir verslumo derin\u012f. Anot autori\u0173, Izraelis yra ne tik \u0161alis, bet ir visa apimantis m\u0105stymo b\u016bdas. Amerikie\u010diai daug d\u0117mesio skiria i\u0161oriniam vaizdui ir kruop\u0161\u010diam pasiruo\u0161imui, o izraelie\u010diui svarbiausia chutzpah, t.y. dr\u0105sa, \u012f\u017e\u016blumas, ry\u017etas.<\/div>\n","protected":false},"featured_media":9810,"comment_status":"closed","ping_status":"closed","template":"","meta":{"_acf_changed":false,"site-sidebar-layout":"default","site-content-layout":"","ast-site-content-layout":"default","site-content-style":"default","site-sidebar-style":"default","ast-global-header-display":"","ast-banner-title-visibility":"","ast-main-header-display":"","ast-hfb-above-header-display":"","ast-hfb-below-header-display":"","ast-hfb-mobile-header-display":"","site-post-title":"","ast-breadcrumbs-content":"","ast-featured-img":"","footer-sml-layout":"","ast-disable-related-posts":"","theme-transparent-header-meta":"","adv-header-id-meta":"","stick-header-meta":"","header-above-stick-meta":"","header-main-stick-meta":"","header-below-stick-meta":"","astra-migrate-meta-layouts":"default","ast-page-background-enabled":"default","ast-page-background-meta":{"desktop":{"background-color":"","background-image":"","background-repeat":"repeat","background-position":"center center","background-size":"auto","background-attachment":"scroll","background-type":"","background-media":"","overlay-type":"","overlay-color":"","overlay-opacity":"","overlay-gradient":""},"tablet":{"background-color":"","background-image":"","background-repeat":"repeat","background-position":"center center","background-size":"auto","background-attachment":"scroll","background-type":"","background-media":"","overlay-type":"","overlay-color":"","overlay-opacity":"","overlay-gradient":""},"mobile":{"background-color":"","background-image":"","background-repeat":"repeat","background-position":"center center","background-size":"auto","background-attachment":"scroll","background-type":"","background-media":"","overlay-type":"","overlay-color":"","overlay-opacity":"","overlay-gradient":""}},"ast-content-background-meta":{"desktop":{"background-color":"var(--ast-global-color-4)","background-image":"","background-repeat":"repeat","background-position":"center center","background-size":"auto","background-attachment":"scroll","background-type":"","background-media":"","overlay-type":"","overlay-color":"","overlay-opacity":"","overlay-gradient":""},"tablet":{"background-color":"var(--ast-global-color-4)","background-image":"","background-repeat":"repeat","background-position":"center center","background-size":"auto","background-attachment":"scroll","background-type":"","background-media":"","overlay-type":"","overlay-color":"","overlay-opacity":"","overlay-gradient":""},"mobile":{"background-color":"var(--ast-global-color-4)","background-image":"","background-repeat":"repeat","background-position":"center center","background-size":"auto","background-attachment":"scroll","background-type":"","background-media":"","overlay-type":"","overlay-color":"","overlay-opacity":"","overlay-gradient":""}}},"product_brand":[],"product_cat":[26],"product_tag":[],"class_list":{"0":"post-9764","1":"product","2":"type-product","3":"status-publish","4":"has-post-thumbnail","6":"product_cat-verslas-vadyba-ir-finansai","7":"desktop-align-left","8":"tablet-align-left","9":"mobile-align-left","11":"first","12":"outofstock","13":"shipping-taxable","14":"purchasable","15":"product-type-simple"},"acf":[],"yoast_head":"<!-- This site is optimized with the Yoast SEO plugin v27.4 - https:\/\/yoast.com\/product\/yoast-seo-wordpress\/ -->\n<title>Dan Senor, Saul Singer \u201eId\u0117j\u0173 \u0161alis\u201c - Skaitytaknyga<\/title>\n<meta name=\"description\" content=\"Milijardo doleri\u0173 vert\u0117s klausimas: kod\u0117l Izraelis \u2013 tik \u0161e\u0161iasde\u0161imt met\u0173 gyvuojanti valstyb\u0117, turinti tik 7 milijonus gyventoj\u0173, apsupta prie\u0161\u0173, nuo pat \u012fk\u016brimo visuomet pasirengusi karui, be joki\u0173 gamtini\u0173 i\u0161tekli\u0173 \u2013 \u012fkuria daugiau auk\u0161t\u0173j\u0173 technologij\u0173 bendrovi\u0173 negu tokios didel\u0117s, ramios ir stabilios \u0161alys kaip Japonija, Kinija, Indija, Kor\u0117ja, Kanada ir Jungtin\u0117 Karalyst\u0117? Remdamiesi \u017eymiausi\u0173 Izraelio novatori\u0173 ir investuotoj\u0173 pavyzd\u017eiais, geopolitikos ekspertai Danas Senoras ir Saulas Singeris aptaria, kaip nepalankios pad\u0117ties s\u0105lygota \u0161alies kult\u016bra skatina unikal\u0173 ir veiksming\u0105 i\u0161radingumo ir verslumo derin\u012f. Anot autori\u0173, Izraelis yra ne tik \u0161alis, bet ir visa apimantis m\u0105stymo b\u016bdas. Amerikie\u010diai daug d\u0117mesio skiria i\u0161oriniam vaizdui ir kruop\u0161\u010diam pasiruo\u0161imui, o izraelie\u010diui svarbiausia chutzpah, t.y. dr\u0105sa, \u012f\u017e\u016blumas, ry\u017etas.\" \/>\n<meta name=\"robots\" content=\"index, follow, max-snippet:-1, max-image-preview:large, max-video-preview:-1\" \/>\n<link rel=\"canonical\" href=\"https:\/\/skaitytaknyga.lt\/en\/produktas\/dan-senor-saul-singer-ideju-salis\/\" \/>\n<meta property=\"og:locale\" content=\"en_GB\" \/>\n<meta property=\"og:locale:alternate\" content=\"lt_LT\" \/>\n<meta property=\"og:type\" content=\"article\" \/>\n<meta property=\"og:title\" content=\"Dan Senor, Saul Singer \u201eId\u0117j\u0173 \u0161alis\u201c - Skaitytaknyga\" \/>\n<meta property=\"og:description\" content=\"Milijardo doleri\u0173 vert\u0117s klausimas: kod\u0117l Izraelis \u2013 tik \u0161e\u0161iasde\u0161imt met\u0173 gyvuojanti valstyb\u0117, turinti tik 7 milijonus gyventoj\u0173, apsupta prie\u0161\u0173, nuo pat \u012fk\u016brimo visuomet pasirengusi karui, be joki\u0173 gamtini\u0173 i\u0161tekli\u0173 \u2013 \u012fkuria daugiau auk\u0161t\u0173j\u0173 technologij\u0173 bendrovi\u0173 negu tokios didel\u0117s, ramios ir stabilios \u0161alys kaip Japonija, Kinija, Indija, Kor\u0117ja, Kanada ir Jungtin\u0117 Karalyst\u0117? Remdamiesi \u017eymiausi\u0173 Izraelio novatori\u0173 ir investuotoj\u0173 pavyzd\u017eiais, geopolitikos ekspertai Danas Senoras ir Saulas Singeris aptaria, kaip nepalankios pad\u0117ties s\u0105lygota \u0161alies kult\u016bra skatina unikal\u0173 ir veiksming\u0105 i\u0161radingumo ir verslumo derin\u012f. Anot autori\u0173, Izraelis yra ne tik \u0161alis, bet ir visa apimantis m\u0105stymo b\u016bdas. Amerikie\u010diai daug d\u0117mesio skiria i\u0161oriniam vaizdui ir kruop\u0161\u010diam pasiruo\u0161imui, o izraelie\u010diui svarbiausia chutzpah, t.y. dr\u0105sa, \u012f\u017e\u016blumas, ry\u017etas.\" \/>\n<meta property=\"og:url\" content=\"https:\/\/skaitytaknyga.lt\/en\/produktas\/dan-senor-saul-singer-ideju-salis\/\" \/>\n<meta property=\"og:site_name\" content=\"Skaitytaknyga\" \/>\n<meta property=\"article:publisher\" content=\"https:\/\/www.facebook.com\/skaitytaknyga\/\" \/>\n<meta property=\"article:modified_time\" content=\"2025-07-22T12:52:40+00:00\" \/>\n<meta property=\"og:image\" content=\"https:\/\/skaitytaknyga.lt\/wp-content\/uploads\/2024\/05\/9789986168270_4_.jpg\" \/>\n\t<meta property=\"og:image:width\" content=\"140\" \/>\n\t<meta property=\"og:image:height\" content=\"203\" \/>\n\t<meta property=\"og:image:type\" content=\"image\/jpeg\" \/>\n<meta name=\"twitter:card\" content=\"summary_large_image\" \/>\n<meta name=\"twitter:label1\" content=\"Estimated reading time\" \/>\n\t<meta name=\"twitter:data1\" content=\"1 minute\" \/>\n<script type=\"application\/ld+json\" class=\"yoast-schema-graph\">{\"@context\":\"https:\\\/\\\/schema.org\",\"@graph\":[{\"@type\":\"WebPage\",\"@id\":\"https:\\\/\\\/skaitytaknyga.lt\\\/produktas\\\/dan-senor-saul-singer-ideju-salis\\\/\",\"url\":\"https:\\\/\\\/skaitytaknyga.lt\\\/produktas\\\/dan-senor-saul-singer-ideju-salis\\\/\",\"name\":\"Dan Senor, Saul Singer \u201eId\u0117j\u0173 \u0161alis\u201c - Skaitytaknyga\",\"isPartOf\":{\"@id\":\"https:\\\/\\\/skaitytaknyga.lt\\\/#website\"},\"primaryImageOfPage\":{\"@id\":\"https:\\\/\\\/skaitytaknyga.lt\\\/produktas\\\/dan-senor-saul-singer-ideju-salis\\\/#primaryimage\"},\"image\":{\"@id\":\"https:\\\/\\\/skaitytaknyga.lt\\\/produktas\\\/dan-senor-saul-singer-ideju-salis\\\/#primaryimage\"},\"thumbnailUrl\":\"https:\\\/\\\/skaitytaknyga.lt\\\/wp-content\\\/uploads\\\/2024\\\/05\\\/9789986168270_4_.jpg\",\"datePublished\":\"2024-05-04T17:57:25+00:00\",\"dateModified\":\"2025-07-22T12:52:40+00:00\",\"description\":\"Milijardo doleri\u0173 vert\u0117s klausimas: kod\u0117l Izraelis \u2013 tik \u0161e\u0161iasde\u0161imt met\u0173 gyvuojanti valstyb\u0117, turinti tik 7 milijonus gyventoj\u0173, apsupta prie\u0161\u0173, nuo pat \u012fk\u016brimo visuomet pasirengusi karui, be joki\u0173 gamtini\u0173 i\u0161tekli\u0173 \u2013 \u012fkuria daugiau auk\u0161t\u0173j\u0173 technologij\u0173 bendrovi\u0173 negu tokios didel\u0117s, ramios ir stabilios \u0161alys kaip Japonija, Kinija, Indija, Kor\u0117ja, Kanada ir Jungtin\u0117 Karalyst\u0117? Remdamiesi \u017eymiausi\u0173 Izraelio novatori\u0173 ir investuotoj\u0173 pavyzd\u017eiais, geopolitikos ekspertai Danas Senoras ir Saulas Singeris aptaria, kaip nepalankios pad\u0117ties s\u0105lygota \u0161alies kult\u016bra skatina unikal\u0173 ir veiksming\u0105 i\u0161radingumo ir verslumo derin\u012f. Anot autori\u0173, Izraelis yra ne tik \u0161alis, bet ir visa apimantis m\u0105stymo b\u016bdas. Amerikie\u010diai daug d\u0117mesio skiria i\u0161oriniam vaizdui ir kruop\u0161\u010diam pasiruo\u0161imui, o izraelie\u010diui svarbiausia chutzpah, t.y. dr\u0105sa, \u012f\u017e\u016blumas, ry\u017etas.\",\"breadcrumb\":{\"@id\":\"https:\\\/\\\/skaitytaknyga.lt\\\/produktas\\\/dan-senor-saul-singer-ideju-salis\\\/#breadcrumb\"},\"inLanguage\":\"en-GB\",\"potentialAction\":[{\"@type\":\"ReadAction\",\"target\":[\"https:\\\/\\\/skaitytaknyga.lt\\\/produktas\\\/dan-senor-saul-singer-ideju-salis\\\/\"]}]},{\"@type\":\"ImageObject\",\"inLanguage\":\"en-GB\",\"@id\":\"https:\\\/\\\/skaitytaknyga.lt\\\/produktas\\\/dan-senor-saul-singer-ideju-salis\\\/#primaryimage\",\"url\":\"https:\\\/\\\/skaitytaknyga.lt\\\/wp-content\\\/uploads\\\/2024\\\/05\\\/9789986168270_4_.jpg\",\"contentUrl\":\"https:\\\/\\\/skaitytaknyga.lt\\\/wp-content\\\/uploads\\\/2024\\\/05\\\/9789986168270_4_.jpg\",\"width\":140,\"height\":203},{\"@type\":\"BreadcrumbList\",\"@id\":\"https:\\\/\\\/skaitytaknyga.lt\\\/produktas\\\/dan-senor-saul-singer-ideju-salis\\\/#breadcrumb\",\"itemListElement\":[{\"@type\":\"ListItem\",\"position\":1,\"name\":\"Home\",\"item\":\"https:\\\/\\\/skaitytaknyga.lt\\\/\"},{\"@type\":\"ListItem\",\"position\":2,\"name\":\"Parduotuv\u0117\",\"item\":\"https:\\\/\\\/skaitytaknyga.lt\\\/knygu-parduotuve\\\/\"},{\"@type\":\"ListItem\",\"position\":3,\"name\":\"Dan Senor, Saul Singer \u201eId\u0117j\u0173 \u0161alis\u201c\"}]},{\"@type\":\"WebSite\",\"@id\":\"https:\\\/\\\/skaitytaknyga.lt\\\/#website\",\"url\":\"https:\\\/\\\/skaitytaknyga.lt\\\/\",\"name\":\"skaitytaknyga.lt\",\"description\":\"Skaitytaknyga.lt \u2013 tai ma\u017eas \u0161eimos verslas, kuris prasid\u0117jo nuo meil\u0117s knygoms ir siekio i\u0161gelb\u0117ti knygas nuo likimo prie konteinerio. Kas vienam nereikalingas daiktas \u2013 kitam lobis, o mes esame tarpininkai, kurie padeda abiems tapti laimingesniems ???? \u017dinome kaip nelengva i\u0161gyventi ma\u017eiems verslams, tad nuo \u0161iol, \u010dia rasite ir kit\u0173, ma\u017e\u0173 \u0161eim\u0173 versl\u0173, rank\u0173 darbo, dovan\u0173 sau ir artimiesiems.\",\"publisher\":{\"@id\":\"https:\\\/\\\/skaitytaknyga.lt\\\/#organization\"},\"potentialAction\":[{\"@type\":\"SearchAction\",\"target\":{\"@type\":\"EntryPoint\",\"urlTemplate\":\"https:\\\/\\\/skaitytaknyga.lt\\\/?s={search_term_string}\"},\"query-input\":{\"@type\":\"PropertyValueSpecification\",\"valueRequired\":true,\"valueName\":\"search_term_string\"}}],\"inLanguage\":\"en-GB\"},{\"@type\":\"Organization\",\"@id\":\"https:\\\/\\\/skaitytaknyga.lt\\\/#organization\",\"name\":\"skaitytaknyga.lt\",\"url\":\"https:\\\/\\\/skaitytaknyga.lt\\\/\",\"logo\":{\"@type\":\"ImageObject\",\"inLanguage\":\"en-GB\",\"@id\":\"https:\\\/\\\/skaitytaknyga.lt\\\/#\\\/schema\\\/logo\\\/image\\\/\",\"url\":\"https:\\\/\\\/skaitytaknyga.lt\\\/wp-content\\\/uploads\\\/2024\\\/05\\\/cropped-cropped-cropped-02_00843_jt3bggkj1j3HLc7SyY6rEUpg.jpeg\",\"contentUrl\":\"https:\\\/\\\/skaitytaknyga.lt\\\/wp-content\\\/uploads\\\/2024\\\/05\\\/cropped-cropped-cropped-02_00843_jt3bggkj1j3HLc7SyY6rEUpg.jpeg\",\"width\":1600,\"height\":1600,\"caption\":\"skaitytaknyga.lt\"},\"image\":{\"@id\":\"https:\\\/\\\/skaitytaknyga.lt\\\/#\\\/schema\\\/logo\\\/image\\\/\"},\"sameAs\":[\"https:\\\/\\\/www.facebook.com\\\/skaitytaknyga\\\/\"]}]}<\/script>\n<!-- \/ Yoast SEO plugin. -->","yoast_head_json":{"title":"Dan Senor, Saul Singer \u201eId\u0117j\u0173 \u0161alis\u201c - Skaitytaknyga","description":"Milijardo doleri\u0173 vert\u0117s klausimas: kod\u0117l Izraelis \u2013 tik \u0161e\u0161iasde\u0161imt met\u0173 gyvuojanti valstyb\u0117, turinti tik 7 milijonus gyventoj\u0173, apsupta prie\u0161\u0173, nuo pat \u012fk\u016brimo visuomet pasirengusi karui, be joki\u0173 gamtini\u0173 i\u0161tekli\u0173 \u2013 \u012fkuria daugiau auk\u0161t\u0173j\u0173 technologij\u0173 bendrovi\u0173 negu tokios didel\u0117s, ramios ir stabilios \u0161alys kaip Japonija, Kinija, Indija, Kor\u0117ja, Kanada ir Jungtin\u0117 Karalyst\u0117? Remdamiesi \u017eymiausi\u0173 Izraelio novatori\u0173 ir investuotoj\u0173 pavyzd\u017eiais, geopolitikos ekspertai Danas Senoras ir Saulas Singeris aptaria, kaip nepalankios pad\u0117ties s\u0105lygota \u0161alies kult\u016bra skatina unikal\u0173 ir veiksming\u0105 i\u0161radingumo ir verslumo derin\u012f. Anot autori\u0173, Izraelis yra ne tik \u0161alis, bet ir visa apimantis m\u0105stymo b\u016bdas. Amerikie\u010diai daug d\u0117mesio skiria i\u0161oriniam vaizdui ir kruop\u0161\u010diam pasiruo\u0161imui, o izraelie\u010diui svarbiausia chutzpah, t.y. dr\u0105sa, \u012f\u017e\u016blumas, ry\u017etas.","robots":{"index":"index","follow":"follow","max-snippet":"max-snippet:-1","max-image-preview":"max-image-preview:large","max-video-preview":"max-video-preview:-1"},"canonical":"https:\/\/skaitytaknyga.lt\/en\/produktas\/dan-senor-saul-singer-ideju-salis\/","og_locale":"en_GB","og_type":"article","og_title":"Dan Senor, Saul Singer \u201eId\u0117j\u0173 \u0161alis\u201c - Skaitytaknyga","og_description":"Milijardo doleri\u0173 vert\u0117s klausimas: kod\u0117l Izraelis \u2013 tik \u0161e\u0161iasde\u0161imt met\u0173 gyvuojanti valstyb\u0117, turinti tik 7 milijonus gyventoj\u0173, apsupta prie\u0161\u0173, nuo pat \u012fk\u016brimo visuomet pasirengusi karui, be joki\u0173 gamtini\u0173 i\u0161tekli\u0173 \u2013 \u012fkuria daugiau auk\u0161t\u0173j\u0173 technologij\u0173 bendrovi\u0173 negu tokios didel\u0117s, ramios ir stabilios \u0161alys kaip Japonija, Kinija, Indija, Kor\u0117ja, Kanada ir Jungtin\u0117 Karalyst\u0117? Remdamiesi \u017eymiausi\u0173 Izraelio novatori\u0173 ir investuotoj\u0173 pavyzd\u017eiais, geopolitikos ekspertai Danas Senoras ir Saulas Singeris aptaria, kaip nepalankios pad\u0117ties s\u0105lygota \u0161alies kult\u016bra skatina unikal\u0173 ir veiksming\u0105 i\u0161radingumo ir verslumo derin\u012f. Anot autori\u0173, Izraelis yra ne tik \u0161alis, bet ir visa apimantis m\u0105stymo b\u016bdas. Amerikie\u010diai daug d\u0117mesio skiria i\u0161oriniam vaizdui ir kruop\u0161\u010diam pasiruo\u0161imui, o izraelie\u010diui svarbiausia chutzpah, t.y. dr\u0105sa, \u012f\u017e\u016blumas, ry\u017etas.","og_url":"https:\/\/skaitytaknyga.lt\/en\/produktas\/dan-senor-saul-singer-ideju-salis\/","og_site_name":"Skaitytaknyga","article_publisher":"https:\/\/www.facebook.com\/skaitytaknyga\/","article_modified_time":"2025-07-22T12:52:40+00:00","og_image":[{"width":140,"height":203,"url":"https:\/\/skaitytaknyga.lt\/wp-content\/uploads\/2024\/05\/9789986168270_4_.jpg","type":"image\/jpeg"}],"twitter_card":"summary_large_image","twitter_misc":{"Estimated reading time":"1 minute"},"schema":{"@context":"https:\/\/schema.org","@graph":[{"@type":"WebPage","@id":"https:\/\/skaitytaknyga.lt\/produktas\/dan-senor-saul-singer-ideju-salis\/","url":"https:\/\/skaitytaknyga.lt\/produktas\/dan-senor-saul-singer-ideju-salis\/","name":"Dan Senor, Saul Singer \u201eId\u0117j\u0173 \u0161alis\u201c - Skaitytaknyga","isPartOf":{"@id":"https:\/\/skaitytaknyga.lt\/#website"},"primaryImageOfPage":{"@id":"https:\/\/skaitytaknyga.lt\/produktas\/dan-senor-saul-singer-ideju-salis\/#primaryimage"},"image":{"@id":"https:\/\/skaitytaknyga.lt\/produktas\/dan-senor-saul-singer-ideju-salis\/#primaryimage"},"thumbnailUrl":"https:\/\/skaitytaknyga.lt\/wp-content\/uploads\/2024\/05\/9789986168270_4_.jpg","datePublished":"2024-05-04T17:57:25+00:00","dateModified":"2025-07-22T12:52:40+00:00","description":"Milijardo doleri\u0173 vert\u0117s klausimas: kod\u0117l Izraelis \u2013 tik \u0161e\u0161iasde\u0161imt met\u0173 gyvuojanti valstyb\u0117, turinti tik 7 milijonus gyventoj\u0173, apsupta prie\u0161\u0173, nuo pat \u012fk\u016brimo visuomet pasirengusi karui, be joki\u0173 gamtini\u0173 i\u0161tekli\u0173 \u2013 \u012fkuria daugiau auk\u0161t\u0173j\u0173 technologij\u0173 bendrovi\u0173 negu tokios didel\u0117s, ramios ir stabilios \u0161alys kaip Japonija, Kinija, Indija, Kor\u0117ja, Kanada ir Jungtin\u0117 Karalyst\u0117? Remdamiesi \u017eymiausi\u0173 Izraelio novatori\u0173 ir investuotoj\u0173 pavyzd\u017eiais, geopolitikos ekspertai Danas Senoras ir Saulas Singeris aptaria, kaip nepalankios pad\u0117ties s\u0105lygota \u0161alies kult\u016bra skatina unikal\u0173 ir veiksming\u0105 i\u0161radingumo ir verslumo derin\u012f. Anot autori\u0173, Izraelis yra ne tik \u0161alis, bet ir visa apimantis m\u0105stymo b\u016bdas. Amerikie\u010diai daug d\u0117mesio skiria i\u0161oriniam vaizdui ir kruop\u0161\u010diam pasiruo\u0161imui, o izraelie\u010diui svarbiausia chutzpah, t.y. dr\u0105sa, \u012f\u017e\u016blumas, ry\u017etas.","breadcrumb":{"@id":"https:\/\/skaitytaknyga.lt\/produktas\/dan-senor-saul-singer-ideju-salis\/#breadcrumb"},"inLanguage":"en-GB","potentialAction":[{"@type":"ReadAction","target":["https:\/\/skaitytaknyga.lt\/produktas\/dan-senor-saul-singer-ideju-salis\/"]}]},{"@type":"ImageObject","inLanguage":"en-GB","@id":"https:\/\/skaitytaknyga.lt\/produktas\/dan-senor-saul-singer-ideju-salis\/#primaryimage","url":"https:\/\/skaitytaknyga.lt\/wp-content\/uploads\/2024\/05\/9789986168270_4_.jpg","contentUrl":"https:\/\/skaitytaknyga.lt\/wp-content\/uploads\/2024\/05\/9789986168270_4_.jpg","width":140,"height":203},{"@type":"BreadcrumbList","@id":"https:\/\/skaitytaknyga.lt\/produktas\/dan-senor-saul-singer-ideju-salis\/#breadcrumb","itemListElement":[{"@type":"ListItem","position":1,"name":"Home","item":"https:\/\/skaitytaknyga.lt\/"},{"@type":"ListItem","position":2,"name":"Parduotuv\u0117","item":"https:\/\/skaitytaknyga.lt\/knygu-parduotuve\/"},{"@type":"ListItem","position":3,"name":"Dan Senor, Saul Singer \u201eId\u0117j\u0173 \u0161alis\u201c"}]},{"@type":"WebSite","@id":"https:\/\/skaitytaknyga.lt\/#website","url":"https:\/\/skaitytaknyga.lt\/","name":"skaitytaknyga.lt","description":"Skaitytaknyga.lt \u2013 tai ma\u017eas \u0161eimos verslas, kuris prasid\u0117jo nuo meil\u0117s knygoms ir siekio i\u0161gelb\u0117ti knygas nuo likimo prie konteinerio. Kas vienam nereikalingas daiktas \u2013 kitam lobis, o mes esame tarpininkai, kurie padeda abiems tapti laimingesniems ???? \u017dinome kaip nelengva i\u0161gyventi ma\u017eiems verslams, tad nuo \u0161iol, \u010dia rasite ir kit\u0173, ma\u017e\u0173 \u0161eim\u0173 versl\u0173, rank\u0173 darbo, dovan\u0173 sau ir artimiesiems.","publisher":{"@id":"https:\/\/skaitytaknyga.lt\/#organization"},"potentialAction":[{"@type":"SearchAction","target":{"@type":"EntryPoint","urlTemplate":"https:\/\/skaitytaknyga.lt\/?s={search_term_string}"},"query-input":{"@type":"PropertyValueSpecification","valueRequired":true,"valueName":"search_term_string"}}],"inLanguage":"en-GB"},{"@type":"Organization","@id":"https:\/\/skaitytaknyga.lt\/#organization","name":"skaitytaknyga.lt","url":"https:\/\/skaitytaknyga.lt\/","logo":{"@type":"ImageObject","inLanguage":"en-GB","@id":"https:\/\/skaitytaknyga.lt\/#\/schema\/logo\/image\/","url":"https:\/\/skaitytaknyga.lt\/wp-content\/uploads\/2024\/05\/cropped-cropped-cropped-02_00843_jt3bggkj1j3HLc7SyY6rEUpg.jpeg","contentUrl":"https:\/\/skaitytaknyga.lt\/wp-content\/uploads\/2024\/05\/cropped-cropped-cropped-02_00843_jt3bggkj1j3HLc7SyY6rEUpg.jpeg","width":1600,"height":1600,"caption":"skaitytaknyga.lt"},"image":{"@id":"https:\/\/skaitytaknyga.lt\/#\/schema\/logo\/image\/"},"sameAs":["https:\/\/www.facebook.com\/skaitytaknyga\/"]}]}},"_links":{"self":[{"href":"https:\/\/skaitytaknyga.lt\/en\/wp-json\/wp\/v2\/product\/9764","targetHints":{"allow":["GET"]}}],"collection":[{"href":"https:\/\/skaitytaknyga.lt\/en\/wp-json\/wp\/v2\/product"}],"about":[{"href":"https:\/\/skaitytaknyga.lt\/en\/wp-json\/wp\/v2\/types\/product"}],"replies":[{"embeddable":true,"href":"https:\/\/skaitytaknyga.lt\/en\/wp-json\/wp\/v2\/comments?post=9764"}],"wp:featuredmedia":[{"embeddable":true,"href":"https:\/\/skaitytaknyga.lt\/en\/wp-json\/wp\/v2\/media\/9810"}],"wp:attachment":[{"href":"https:\/\/skaitytaknyga.lt\/en\/wp-json\/wp\/v2\/media?parent=9764"}],"wp:term":[{"taxonomy":"product_brand","embeddable":true,"href":"https:\/\/skaitytaknyga.lt\/en\/wp-json\/wp\/v2\/product_brand?post=9764"},{"taxonomy":"product_cat","embeddable":true,"href":"https:\/\/skaitytaknyga.lt\/en\/wp-json\/wp\/v2\/product_cat?post=9764"},{"taxonomy":"product_tag","embeddable":true,"href":"https:\/\/skaitytaknyga.lt\/en\/wp-json\/wp\/v2\/product_tag?post=9764"}],"curies":[{"name":"wp","href":"https:\/\/api.w.org\/{rel}","templated":true}]}}