{"id":9762,"date":"2024-05-04T17:57:25","date_gmt":"2024-05-04T17:57:25","guid":{"rendered":"https:\/\/skaitytaknyga.lt\/?post_type=product&#038;p=9762"},"modified":"2025-05-15T13:08:02","modified_gmt":"2025-05-15T10:08:02","slug":"n-roberts-kraujo-broliai","status":"publish","type":"product","link":"https:\/\/skaitytaknyga.lt\/en\/produktas\/n-roberts-kraujo-broliai\/","title":{"rendered":"Kraujo broliai"},"content":{"rendered":"<div class=\"tab-content col-xs-12\">\n<div id=\"tab-description\" class=\"tab-pane active\">\n<div id=\"collapse-description\" class=\"desc-collapse\">Hokinso Sl\u0117nio miestel\u012f b\u0117da kamuoja be jokio pasigail\u0117jimo: kas septyneri metai liepos m\u0117nes\u012f kelet\u0105 savai\u010di\u0173 vietinius gyventojus tarsi piktoji dvasia aps\u0117da \u2013 taik\u016bs ir ram\u016bs \u017emon\u0117s staiga ima daryti sunkiai suvokiamus absurdi\u0161kus ir \u0161iurpius nusikaltimus ir tuoj pat pamir\u0161ta k\u0105 padar\u0119&#8230;<br \/>\u017dinios apie \u012fvykius Hokinso Sl\u0117nyje pasklinda pla\u010diai ir pasiekia tikr\u0105 sensacij\u0173 med\u017eiotoj\u0105 ra\u0161ytoj\u0105 Kvin Blek, kuri nepaprastai susidom\u0117jusi atvyksta \u012f miestel\u012f rinkti med\u017eiagos savo naujai knygai. Ta\u010diau smalsiai ir energingai miestelio vie\u0161niai nelemta b\u016bti vien tik \u012fvyki\u0173 steb\u0117tojai: jai likimo paskirtas kitoks vaidmuo.<\/div>\n<\/div>\n<\/div>\n","protected":false},"excerpt":{"rendered":"<div class=\"tab-content col-xs-12\">\n<div id=\"tab-description\" class=\"tab-pane active\">\n<div id=\"collapse-description\" class=\"desc-collapse\">Hokinso Sl\u0117nio miestel\u012f b\u0117da kamuoja be jokio pasigail\u0117jimo: kas septyneri metai liepos m\u0117nes\u012f kelet\u0105 savai\u010di\u0173 vietinius gyventojus tarsi piktoji dvasia aps\u0117da \u2013 taik\u016bs ir ram\u016bs \u017emon\u0117s staiga ima daryti sunkiai suvokiamus absurdi\u0161kus ir \u0161iurpius nusikaltimus ir tuoj pat pamir\u0161ta k\u0105 padar\u0119&#8230;<br \/>\u017dinios apie \u012fvykius Hokinso Sl\u0117nyje pasklinda pla\u010diai ir pasiekia tikr\u0105 sensacij\u0173 med\u017eiotoj\u0105 ra\u0161ytoj\u0105 Kvin Blek, kuri nepaprastai susidom\u0117jusi atvyksta \u012f miestel\u012f rinkti med\u017eiagos savo naujai knygai. Ta\u010diau smalsiai ir energingai miestelio vie\u0161niai nelemta b\u016bti vien tik \u012fvyki\u0173 steb\u0117tojai: jai likimo paskirtas kitoks vaidmuo.<\/div>\n<\/div>\n<\/div>\n","protected":false},"featured_media":9808,"comment_status":"closed","ping_status":"closed","template":"","meta":{"_acf_changed":false,"site-sidebar-layout":"default","site-content-layout":"","ast-site-content-layout":"default","site-content-style":"default","site-sidebar-style":"default","ast-global-header-display":"","ast-banner-title-visibility":"","ast-main-header-display":"","ast-hfb-above-header-display":"","ast-hfb-below-header-display":"","ast-hfb-mobile-header-display":"","site-post-title":"","ast-breadcrumbs-content":"","ast-featured-img":"","footer-sml-layout":"","ast-disable-related-posts":"","theme-transparent-header-meta":"","adv-header-id-meta":"","stick-header-meta":"","header-above-stick-meta":"","header-main-stick-meta":"","header-below-stick-meta":"","astra-migrate-meta-layouts":"default","ast-page-background-enabled":"default","ast-page-background-meta":{"desktop":{"background-color":"","background-image":"","background-repeat":"repeat","background-position":"center center","background-size":"auto","background-attachment":"scroll","background-type":"","background-media":"","overlay-type":"","overlay-color":"","overlay-opacity":"","overlay-gradient":""},"tablet":{"background-color":"","background-image":"","background-repeat":"repeat","background-position":"center center","background-size":"auto","background-attachment":"scroll","background-type":"","background-media":"","overlay-type":"","overlay-color":"","overlay-opacity":"","overlay-gradient":""},"mobile":{"background-color":"","background-image":"","background-repeat":"repeat","background-position":"center center","background-size":"auto","background-attachment":"scroll","background-type":"","background-media":"","overlay-type":"","overlay-color":"","overlay-opacity":"","overlay-gradient":""}},"ast-content-background-meta":{"desktop":{"background-color":"var(--ast-global-color-4)","background-image":"","background-repeat":"repeat","background-position":"center center","background-size":"auto","background-attachment":"scroll","background-type":"","background-media":"","overlay-type":"","overlay-color":"","overlay-opacity":"","overlay-gradient":""},"tablet":{"background-color":"var(--ast-global-color-4)","background-image":"","background-repeat":"repeat","background-position":"center center","background-size":"auto","background-attachment":"scroll","background-type":"","background-media":"","overlay-type":"","overlay-color":"","overlay-opacity":"","overlay-gradient":""},"mobile":{"background-color":"var(--ast-global-color-4)","background-image":"","background-repeat":"repeat","background-position":"center center","background-size":"auto","background-attachment":"scroll","background-type":"","background-media":"","overlay-type":"","overlay-color":"","overlay-opacity":"","overlay-gradient":""}}},"product_brand":[],"product_cat":[31],"product_tag":[2540,3164,3163,3060,1478,1587],"class_list":{"0":"post-9762","1":"product","2":"type-product","3":"status-publish","4":"has-post-thumbnail","6":"product_cat-grozine-literatura","7":"product_tag-antgamtiniai-reiskiniai","8":"product_tag-kriminaline-drama","9":"product_tag-miestelis","10":"product_tag-nora-roberts","11":"product_tag-paslaptys","12":"product_tag-trileris","13":"desktop-align-left","14":"tablet-align-left","15":"mobile-align-left","17":"first","18":"instock","19":"shipping-taxable","20":"purchasable","21":"product-type-simple"},"acf":[],"yoast_head":"<!-- This site is optimized with the Yoast SEO plugin v27.0 - https:\/\/yoast.com\/product\/yoast-seo-wordpress\/ -->\n<title>Kraujo broliai<\/title>\n<meta name=\"description\" content=\"Hokinso Sl\u0117nio miestel\u012f b\u0117da kamuoja be jokio pasigail\u0117jimo: kas septyneri metai liepos m\u0117nes\u012f kelet\u0105 savai\u010di\u0173 vietinius gyventojus tarsi piktoji dvasia aps\u0117da \u2013 taik\u016bs ir ram\u016bs \u017emon\u0117s staiga ima daryti sunkiai suvokiamus absurdi\u0161kus ir \u0161iurpius nusikaltimus ir tuoj pat pamir\u0161ta k\u0105 padar\u0119...\u017dinios apie \u012fvykius Hokinso Sl\u0117nyje pasklinda pla\u010diai ir pasiekia tikr\u0105 sensacij\u0173 med\u017eiotoj\u0105 ra\u0161ytoj\u0105 Kvin Blek, kuri nepaprastai susidom\u0117jusi atvyksta \u012f miestel\u012f rinkti med\u017eiagos savo naujai knygai. Ta\u010diau smalsiai ir energingai miestelio vie\u0161niai nelemta b\u016bti vien tik \u012fvyki\u0173 steb\u0117tojai: jai likimo paskirtas kitoks vaidmuo.\" \/>\n<meta name=\"robots\" content=\"index, follow, max-snippet:-1, max-image-preview:large, max-video-preview:-1\" \/>\n<link rel=\"canonical\" href=\"https:\/\/skaitytaknyga.lt\/en\/produktas\/n-roberts-kraujo-broliai\/\" \/>\n<meta property=\"og:locale\" content=\"en_GB\" \/>\n<meta property=\"og:locale:alternate\" content=\"lt_LT\" \/>\n<meta property=\"og:type\" content=\"article\" \/>\n<meta property=\"og:title\" content=\"Kraujo broliai\" \/>\n<meta property=\"og:description\" content=\"Hokinso Sl\u0117nio miestel\u012f b\u0117da kamuoja be jokio pasigail\u0117jimo: kas septyneri metai liepos m\u0117nes\u012f kelet\u0105 savai\u010di\u0173 vietinius gyventojus tarsi piktoji dvasia aps\u0117da \u2013 taik\u016bs ir ram\u016bs \u017emon\u0117s staiga ima daryti sunkiai suvokiamus absurdi\u0161kus ir \u0161iurpius nusikaltimus ir tuoj pat pamir\u0161ta k\u0105 padar\u0119...\u017dinios apie \u012fvykius Hokinso Sl\u0117nyje pasklinda pla\u010diai ir pasiekia tikr\u0105 sensacij\u0173 med\u017eiotoj\u0105 ra\u0161ytoj\u0105 Kvin Blek, kuri nepaprastai susidom\u0117jusi atvyksta \u012f miestel\u012f rinkti med\u017eiagos savo naujai knygai. Ta\u010diau smalsiai ir energingai miestelio vie\u0161niai nelemta b\u016bti vien tik \u012fvyki\u0173 steb\u0117tojai: jai likimo paskirtas kitoks vaidmuo.\" \/>\n<meta property=\"og:url\" content=\"https:\/\/skaitytaknyga.lt\/en\/produktas\/n-roberts-kraujo-broliai\/\" \/>\n<meta property=\"og:site_name\" content=\"Skaitytaknyga\" \/>\n<meta property=\"article:publisher\" content=\"https:\/\/www.facebook.com\/skaitytaknyga\/\" \/>\n<meta property=\"article:modified_time\" content=\"2025-05-15T10:08:02+00:00\" \/>\n<meta property=\"og:image\" content=\"https:\/\/skaitytaknyga.lt\/wp-content\/uploads\/2024\/05\/9789955132110_2_.jpg\" \/>\n\t<meta property=\"og:image:width\" content=\"130\" \/>\n\t<meta property=\"og:image:height\" content=\"210\" \/>\n\t<meta property=\"og:image:type\" content=\"image\/jpeg\" \/>\n<meta name=\"twitter:card\" content=\"summary_large_image\" \/>\n<meta name=\"twitter:label1\" content=\"Estimated reading time\" \/>\n\t<meta name=\"twitter:data1\" content=\"1 minute\" \/>\n<script type=\"application\/ld+json\" class=\"yoast-schema-graph\">{\"@context\":\"https:\/\/schema.org\",\"@graph\":[{\"@type\":\"WebPage\",\"@id\":\"https:\/\/skaitytaknyga.lt\/produktas\/n-roberts-kraujo-broliai\/\",\"url\":\"https:\/\/skaitytaknyga.lt\/produktas\/n-roberts-kraujo-broliai\/\",\"name\":\"Kraujo broliai\",\"isPartOf\":{\"@id\":\"https:\/\/skaitytaknyga.lt\/#website\"},\"primaryImageOfPage\":{\"@id\":\"https:\/\/skaitytaknyga.lt\/produktas\/n-roberts-kraujo-broliai\/#primaryimage\"},\"image\":{\"@id\":\"https:\/\/skaitytaknyga.lt\/produktas\/n-roberts-kraujo-broliai\/#primaryimage\"},\"thumbnailUrl\":\"https:\/\/skaitytaknyga.lt\/wp-content\/uploads\/2024\/05\/9789955132110_2_.jpg\",\"datePublished\":\"2024-05-04T17:57:25+00:00\",\"dateModified\":\"2025-05-15T10:08:02+00:00\",\"description\":\"Hokinso Sl\u0117nio miestel\u012f b\u0117da kamuoja be jokio pasigail\u0117jimo: kas septyneri metai liepos m\u0117nes\u012f kelet\u0105 savai\u010di\u0173 vietinius gyventojus tarsi piktoji dvasia aps\u0117da \u2013 taik\u016bs ir ram\u016bs \u017emon\u0117s staiga ima daryti sunkiai suvokiamus absurdi\u0161kus ir \u0161iurpius nusikaltimus ir tuoj pat pamir\u0161ta k\u0105 padar\u0119...\u017dinios apie \u012fvykius Hokinso Sl\u0117nyje pasklinda pla\u010diai ir pasiekia tikr\u0105 sensacij\u0173 med\u017eiotoj\u0105 ra\u0161ytoj\u0105 Kvin Blek, kuri nepaprastai susidom\u0117jusi atvyksta \u012f miestel\u012f rinkti med\u017eiagos savo naujai knygai. Ta\u010diau smalsiai ir energingai miestelio vie\u0161niai nelemta b\u016bti vien tik \u012fvyki\u0173 steb\u0117tojai: jai likimo paskirtas kitoks vaidmuo.\",\"breadcrumb\":{\"@id\":\"https:\/\/skaitytaknyga.lt\/produktas\/n-roberts-kraujo-broliai\/#breadcrumb\"},\"inLanguage\":\"en-GB\",\"potentialAction\":[{\"@type\":\"ReadAction\",\"target\":[\"https:\/\/skaitytaknyga.lt\/produktas\/n-roberts-kraujo-broliai\/\"]}]},{\"@type\":\"ImageObject\",\"inLanguage\":\"en-GB\",\"@id\":\"https:\/\/skaitytaknyga.lt\/produktas\/n-roberts-kraujo-broliai\/#primaryimage\",\"url\":\"https:\/\/skaitytaknyga.lt\/wp-content\/uploads\/2024\/05\/9789955132110_2_.jpg\",\"contentUrl\":\"https:\/\/skaitytaknyga.lt\/wp-content\/uploads\/2024\/05\/9789955132110_2_.jpg\",\"width\":130,\"height\":210},{\"@type\":\"BreadcrumbList\",\"@id\":\"https:\/\/skaitytaknyga.lt\/produktas\/n-roberts-kraujo-broliai\/#breadcrumb\",\"itemListElement\":[{\"@type\":\"ListItem\",\"position\":1,\"name\":\"Home\",\"item\":\"https:\/\/skaitytaknyga.lt\/\"},{\"@type\":\"ListItem\",\"position\":2,\"name\":\"Parduotuv\u0117\",\"item\":\"https:\/\/skaitytaknyga.lt\/knygu-parduotuve\/\"},{\"@type\":\"ListItem\",\"position\":3,\"name\":\"Kraujo broliai\"}]},{\"@type\":\"WebSite\",\"@id\":\"https:\/\/skaitytaknyga.lt\/#website\",\"url\":\"https:\/\/skaitytaknyga.lt\/\",\"name\":\"skaitytaknyga.lt\",\"description\":\"Skaitytaknyga.lt \u2013 tai ma\u017eas \u0161eimos verslas, kuris prasid\u0117jo nuo meil\u0117s knygoms ir siekio i\u0161gelb\u0117ti knygas nuo likimo prie konteinerio. Kas vienam nereikalingas daiktas \u2013 kitam lobis, o mes esame tarpininkai, kurie padeda abiems tapti laimingesniems ???? \u017dinome kaip nelengva i\u0161gyventi ma\u017eiems verslams, tad nuo \u0161iol, \u010dia rasite ir kit\u0173, ma\u017e\u0173 \u0161eim\u0173 versl\u0173, rank\u0173 darbo, dovan\u0173 sau ir artimiesiems.\",\"publisher\":{\"@id\":\"https:\/\/skaitytaknyga.lt\/#organization\"},\"potentialAction\":[{\"@type\":\"SearchAction\",\"target\":{\"@type\":\"EntryPoint\",\"urlTemplate\":\"https:\/\/skaitytaknyga.lt\/?s={search_term_string}\"},\"query-input\":{\"@type\":\"PropertyValueSpecification\",\"valueRequired\":true,\"valueName\":\"search_term_string\"}}],\"inLanguage\":\"en-GB\"},{\"@type\":\"Organization\",\"@id\":\"https:\/\/skaitytaknyga.lt\/#organization\",\"name\":\"skaitytaknyga.lt\",\"url\":\"https:\/\/skaitytaknyga.lt\/\",\"logo\":{\"@type\":\"ImageObject\",\"inLanguage\":\"en-GB\",\"@id\":\"https:\/\/skaitytaknyga.lt\/#\/schema\/logo\/image\/\",\"url\":\"https:\/\/skaitytaknyga.lt\/wp-content\/uploads\/2024\/05\/cropped-cropped-cropped-02_00843_jt3bggkj1j3HLc7SyY6rEUpg.jpeg\",\"contentUrl\":\"https:\/\/skaitytaknyga.lt\/wp-content\/uploads\/2024\/05\/cropped-cropped-cropped-02_00843_jt3bggkj1j3HLc7SyY6rEUpg.jpeg\",\"width\":1600,\"height\":1600,\"caption\":\"skaitytaknyga.lt\"},\"image\":{\"@id\":\"https:\/\/skaitytaknyga.lt\/#\/schema\/logo\/image\/\"},\"sameAs\":[\"https:\/\/www.facebook.com\/skaitytaknyga\/\"]}]}<\/script>\n<!-- \/ Yoast SEO plugin. -->","yoast_head_json":{"title":"Kraujo broliai","description":"Hokinso Sl\u0117nio miestel\u012f b\u0117da kamuoja be jokio pasigail\u0117jimo: kas septyneri metai liepos m\u0117nes\u012f kelet\u0105 savai\u010di\u0173 vietinius gyventojus tarsi piktoji dvasia aps\u0117da \u2013 taik\u016bs ir ram\u016bs \u017emon\u0117s staiga ima daryti sunkiai suvokiamus absurdi\u0161kus ir \u0161iurpius nusikaltimus ir tuoj pat pamir\u0161ta k\u0105 padar\u0119...\u017dinios apie \u012fvykius Hokinso Sl\u0117nyje pasklinda pla\u010diai ir pasiekia tikr\u0105 sensacij\u0173 med\u017eiotoj\u0105 ra\u0161ytoj\u0105 Kvin Blek, kuri nepaprastai susidom\u0117jusi atvyksta \u012f miestel\u012f rinkti med\u017eiagos savo naujai knygai. Ta\u010diau smalsiai ir energingai miestelio vie\u0161niai nelemta b\u016bti vien tik \u012fvyki\u0173 steb\u0117tojai: jai likimo paskirtas kitoks vaidmuo.","robots":{"index":"index","follow":"follow","max-snippet":"max-snippet:-1","max-image-preview":"max-image-preview:large","max-video-preview":"max-video-preview:-1"},"canonical":"https:\/\/skaitytaknyga.lt\/en\/produktas\/n-roberts-kraujo-broliai\/","og_locale":"en_GB","og_type":"article","og_title":"[:lt]Kraujo broliai[:] - Skaitytaknyga","og_description":"Hokinso Sl\u0117nio miestel\u012f b\u0117da kamuoja be jokio pasigail\u0117jimo: kas septyneri metai liepos m\u0117nes\u012f kelet\u0105 savai\u010di\u0173 vietinius gyventojus tarsi piktoji dvasia aps\u0117da \u2013 taik\u016bs ir ram\u016bs \u017emon\u0117s staiga ima daryti sunkiai suvokiamus absurdi\u0161kus ir \u0161iurpius nusikaltimus ir tuoj pat pamir\u0161ta k\u0105 padar\u0119...\u017dinios apie \u012fvykius Hokinso Sl\u0117nyje pasklinda pla\u010diai ir pasiekia tikr\u0105 sensacij\u0173 med\u017eiotoj\u0105 ra\u0161ytoj\u0105 Kvin Blek, kuri nepaprastai susidom\u0117jusi atvyksta \u012f miestel\u012f rinkti med\u017eiagos savo naujai knygai. Ta\u010diau smalsiai ir energingai miestelio vie\u0161niai nelemta b\u016bti vien tik \u012fvyki\u0173 steb\u0117tojai: jai likimo paskirtas kitoks vaidmuo.","og_url":"https:\/\/skaitytaknyga.lt\/en\/produktas\/n-roberts-kraujo-broliai\/","og_site_name":"Skaitytaknyga","article_publisher":"https:\/\/www.facebook.com\/skaitytaknyga\/","article_modified_time":"2025-05-15T10:08:02+00:00","og_image":[{"width":130,"height":210,"url":"https:\/\/skaitytaknyga.lt\/wp-content\/uploads\/2024\/05\/9789955132110_2_.jpg","type":"image\/jpeg"}],"twitter_card":"summary_large_image","twitter_misc":{"Estimated reading time":"1 minute"},"schema":{"@context":"https:\/\/schema.org","@graph":[{"@type":"WebPage","@id":"https:\/\/skaitytaknyga.lt\/produktas\/n-roberts-kraujo-broliai\/","url":"https:\/\/skaitytaknyga.lt\/produktas\/n-roberts-kraujo-broliai\/","name":"Kraujo broliai","isPartOf":{"@id":"https:\/\/skaitytaknyga.lt\/#website"},"primaryImageOfPage":{"@id":"https:\/\/skaitytaknyga.lt\/produktas\/n-roberts-kraujo-broliai\/#primaryimage"},"image":{"@id":"https:\/\/skaitytaknyga.lt\/produktas\/n-roberts-kraujo-broliai\/#primaryimage"},"thumbnailUrl":"https:\/\/skaitytaknyga.lt\/wp-content\/uploads\/2024\/05\/9789955132110_2_.jpg","datePublished":"2024-05-04T17:57:25+00:00","dateModified":"2025-05-15T10:08:02+00:00","description":"Hokinso Sl\u0117nio miestel\u012f b\u0117da kamuoja be jokio pasigail\u0117jimo: kas septyneri metai liepos m\u0117nes\u012f kelet\u0105 savai\u010di\u0173 vietinius gyventojus tarsi piktoji dvasia aps\u0117da \u2013 taik\u016bs ir ram\u016bs \u017emon\u0117s staiga ima daryti sunkiai suvokiamus absurdi\u0161kus ir \u0161iurpius nusikaltimus ir tuoj pat pamir\u0161ta k\u0105 padar\u0119...\u017dinios apie \u012fvykius Hokinso Sl\u0117nyje pasklinda pla\u010diai ir pasiekia tikr\u0105 sensacij\u0173 med\u017eiotoj\u0105 ra\u0161ytoj\u0105 Kvin Blek, kuri nepaprastai susidom\u0117jusi atvyksta \u012f miestel\u012f rinkti med\u017eiagos savo naujai knygai. Ta\u010diau smalsiai ir energingai miestelio vie\u0161niai nelemta b\u016bti vien tik \u012fvyki\u0173 steb\u0117tojai: jai likimo paskirtas kitoks vaidmuo.","breadcrumb":{"@id":"https:\/\/skaitytaknyga.lt\/produktas\/n-roberts-kraujo-broliai\/#breadcrumb"},"inLanguage":"en-GB","potentialAction":[{"@type":"ReadAction","target":["https:\/\/skaitytaknyga.lt\/produktas\/n-roberts-kraujo-broliai\/"]}]},{"@type":"ImageObject","inLanguage":"en-GB","@id":"https:\/\/skaitytaknyga.lt\/produktas\/n-roberts-kraujo-broliai\/#primaryimage","url":"https:\/\/skaitytaknyga.lt\/wp-content\/uploads\/2024\/05\/9789955132110_2_.jpg","contentUrl":"https:\/\/skaitytaknyga.lt\/wp-content\/uploads\/2024\/05\/9789955132110_2_.jpg","width":130,"height":210},{"@type":"BreadcrumbList","@id":"https:\/\/skaitytaknyga.lt\/produktas\/n-roberts-kraujo-broliai\/#breadcrumb","itemListElement":[{"@type":"ListItem","position":1,"name":"Home","item":"https:\/\/skaitytaknyga.lt\/"},{"@type":"ListItem","position":2,"name":"Parduotuv\u0117","item":"https:\/\/skaitytaknyga.lt\/knygu-parduotuve\/"},{"@type":"ListItem","position":3,"name":"Kraujo broliai"}]},{"@type":"WebSite","@id":"https:\/\/skaitytaknyga.lt\/#website","url":"https:\/\/skaitytaknyga.lt\/","name":"skaitytaknyga.lt","description":"Skaitytaknyga.lt \u2013 tai ma\u017eas \u0161eimos verslas, kuris prasid\u0117jo nuo meil\u0117s knygoms ir siekio i\u0161gelb\u0117ti knygas nuo likimo prie konteinerio. Kas vienam nereikalingas daiktas \u2013 kitam lobis, o mes esame tarpininkai, kurie padeda abiems tapti laimingesniems ???? \u017dinome kaip nelengva i\u0161gyventi ma\u017eiems verslams, tad nuo \u0161iol, \u010dia rasite ir kit\u0173, ma\u017e\u0173 \u0161eim\u0173 versl\u0173, rank\u0173 darbo, dovan\u0173 sau ir artimiesiems.","publisher":{"@id":"https:\/\/skaitytaknyga.lt\/#organization"},"potentialAction":[{"@type":"SearchAction","target":{"@type":"EntryPoint","urlTemplate":"https:\/\/skaitytaknyga.lt\/?s={search_term_string}"},"query-input":{"@type":"PropertyValueSpecification","valueRequired":true,"valueName":"search_term_string"}}],"inLanguage":"en-GB"},{"@type":"Organization","@id":"https:\/\/skaitytaknyga.lt\/#organization","name":"skaitytaknyga.lt","url":"https:\/\/skaitytaknyga.lt\/","logo":{"@type":"ImageObject","inLanguage":"en-GB","@id":"https:\/\/skaitytaknyga.lt\/#\/schema\/logo\/image\/","url":"https:\/\/skaitytaknyga.lt\/wp-content\/uploads\/2024\/05\/cropped-cropped-cropped-02_00843_jt3bggkj1j3HLc7SyY6rEUpg.jpeg","contentUrl":"https:\/\/skaitytaknyga.lt\/wp-content\/uploads\/2024\/05\/cropped-cropped-cropped-02_00843_jt3bggkj1j3HLc7SyY6rEUpg.jpeg","width":1600,"height":1600,"caption":"skaitytaknyga.lt"},"image":{"@id":"https:\/\/skaitytaknyga.lt\/#\/schema\/logo\/image\/"},"sameAs":["https:\/\/www.facebook.com\/skaitytaknyga\/"]}]}},"_links":{"self":[{"href":"https:\/\/skaitytaknyga.lt\/en\/wp-json\/wp\/v2\/product\/9762","targetHints":{"allow":["GET"]}}],"collection":[{"href":"https:\/\/skaitytaknyga.lt\/en\/wp-json\/wp\/v2\/product"}],"about":[{"href":"https:\/\/skaitytaknyga.lt\/en\/wp-json\/wp\/v2\/types\/product"}],"replies":[{"embeddable":true,"href":"https:\/\/skaitytaknyga.lt\/en\/wp-json\/wp\/v2\/comments?post=9762"}],"wp:featuredmedia":[{"embeddable":true,"href":"https:\/\/skaitytaknyga.lt\/en\/wp-json\/wp\/v2\/media\/9808"}],"wp:attachment":[{"href":"https:\/\/skaitytaknyga.lt\/en\/wp-json\/wp\/v2\/media?parent=9762"}],"wp:term":[{"taxonomy":"product_brand","embeddable":true,"href":"https:\/\/skaitytaknyga.lt\/en\/wp-json\/wp\/v2\/product_brand?post=9762"},{"taxonomy":"product_cat","embeddable":true,"href":"https:\/\/skaitytaknyga.lt\/en\/wp-json\/wp\/v2\/product_cat?post=9762"},{"taxonomy":"product_tag","embeddable":true,"href":"https:\/\/skaitytaknyga.lt\/en\/wp-json\/wp\/v2\/product_tag?post=9762"}],"curies":[{"name":"wp","href":"https:\/\/api.w.org\/{rel}","templated":true}]}}