{"id":9761,"date":"2024-05-04T17:57:25","date_gmt":"2024-05-04T17:57:25","guid":{"rendered":"https:\/\/skaitytaknyga.lt\/?post_type=product&#038;p=9761"},"modified":"2025-05-18T18:15:22","modified_gmt":"2025-05-18T15:15:22","slug":"mazasis-pabaisiukas-sako-ne-su-nedideliais-defektais","status":"publish","type":"product","link":"https:\/\/skaitytaknyga.lt\/en\/produktas\/mazasis-pabaisiukas-sako-ne-su-nedideliais-defektais\/","title":{"rendered":"Ma\u017easis Pabaisiukas sako NE! (Su nedideliais defektais)"},"content":{"rendered":"<div>\n<div>Kai Didysis Pabaisiukas pasibeld\u017eia \u012f Ma\u017eojo Pabaisiuko duris, \u0161iam \u012f galv\u0105 \u0161auna tik viena mintis: \u201eNe! Dur\u0173 neatidarysiu\u201c Didysis Pabaisiukas nemoka gra\u017eiai elgtis sve\u010diuose ir n\u0117ra geras draugas. Jis nori visk\u0105 nuspr\u0119sti vienas, \u0161aiposi i\u0161 ma\u017eesni\u0173, lamdo pie\u0161inius ir meluoja. Ar Ma\u017easis Pabaisiukas pagaliau i\u0161dr\u012fs pasakyti NE?<\/div>\n<div><\/div>\n<div>\u0160ioje gra\u017eioje ir paveikioje knygel\u0117je pasakojama apie draugyst\u0119, bendravim\u0105, mandagum\u0105 ir \u017eodel\u012f NE, kur\u012f kartais taip sunku i\u0161tarti.<\/div>\n<\/div>\n<div><\/div>\n","protected":false},"excerpt":{"rendered":"<div>Kai Didysis Pabaisiukas pasibeld\u017eia \u012f Ma\u017eojo Pabaisiuko duris, \u0161iam \u012f galv\u0105 \u0161auna tik viena mintis: \u201eNe! Dur\u0173 neatidarysiu\u201c Didysis Pabaisiukas nemoka gra\u017eiai elgtis sve\u010diuose ir n\u0117ra geras draugas. Jis nori visk\u0105 nuspr\u0119sti vienas, \u0161aiposi i\u0161 ma\u017eesni\u0173, lamdo pie\u0161inius ir meluoja. Ar Ma\u017easis Pabaisiukas pagaliau i\u0161dr\u012fs pasakyti NE?<\/div>\n<div><\/div>\n<div>\u0160ioje gra\u017eioje ir paveikioje knygel\u0117je pasakojama apie draugyst\u0119, bendravim\u0105, mandagum\u0105 ir \u017eodel\u012f NE, kur\u012f kartais taip sunku i\u0161tarti.<\/div>\n","protected":false},"featured_media":9807,"comment_status":"closed","ping_status":"closed","template":"","meta":{"_acf_changed":false,"site-sidebar-layout":"default","site-content-layout":"","ast-site-content-layout":"default","site-content-style":"default","site-sidebar-style":"default","ast-global-header-display":"","ast-banner-title-visibility":"","ast-main-header-display":"","ast-hfb-above-header-display":"","ast-hfb-below-header-display":"","ast-hfb-mobile-header-display":"","site-post-title":"","ast-breadcrumbs-content":"","ast-featured-img":"","footer-sml-layout":"","ast-disable-related-posts":"","theme-transparent-header-meta":"","adv-header-id-meta":"","stick-header-meta":"","header-above-stick-meta":"","header-main-stick-meta":"","header-below-stick-meta":"","astra-migrate-meta-layouts":"default","ast-page-background-enabled":"default","ast-page-background-meta":{"desktop":{"background-color":"","background-image":"","background-repeat":"repeat","background-position":"center center","background-size":"auto","background-attachment":"scroll","background-type":"","background-media":"","overlay-type":"","overlay-color":"","overlay-opacity":"","overlay-gradient":""},"tablet":{"background-color":"","background-image":"","background-repeat":"repeat","background-position":"center center","background-size":"auto","background-attachment":"scroll","background-type":"","background-media":"","overlay-type":"","overlay-color":"","overlay-opacity":"","overlay-gradient":""},"mobile":{"background-color":"","background-image":"","background-repeat":"repeat","background-position":"center center","background-size":"auto","background-attachment":"scroll","background-type":"","background-media":"","overlay-type":"","overlay-color":"","overlay-opacity":"","overlay-gradient":""}},"ast-content-background-meta":{"desktop":{"background-color":"var(--ast-global-color-4)","background-image":"","background-repeat":"repeat","background-position":"center center","background-size":"auto","background-attachment":"scroll","background-type":"","background-media":"","overlay-type":"","overlay-color":"","overlay-opacity":"","overlay-gradient":""},"tablet":{"background-color":"var(--ast-global-color-4)","background-image":"","background-repeat":"repeat","background-position":"center center","background-size":"auto","background-attachment":"scroll","background-type":"","background-media":"","overlay-type":"","overlay-color":"","overlay-opacity":"","overlay-gradient":""},"mobile":{"background-color":"var(--ast-global-color-4)","background-image":"","background-repeat":"repeat","background-position":"center center","background-size":"auto","background-attachment":"scroll","background-type":"","background-media":"","overlay-type":"","overlay-color":"","overlay-opacity":"","overlay-gradient":""}}},"product_brand":[],"product_cat":[35],"product_tag":[],"class_list":{"0":"post-9761","1":"product","2":"type-product","3":"status-publish","4":"has-post-thumbnail","6":"product_cat-vaikams-ir-paaugliams","7":"desktop-align-left","8":"tablet-align-left","9":"mobile-align-left","11":"first","12":"instock","13":"shipping-taxable","14":"purchasable","15":"product-type-simple"},"acf":[],"yoast_head":"<!-- This site is optimized with the Yoast SEO plugin v27.4 - https:\/\/yoast.com\/product\/yoast-seo-wordpress\/ -->\n<title>Ma\u017easis Pabaisiukas sako NE! (Su nedideliais defektais) - Skaitytaknyga<\/title>\n<meta name=\"description\" content=\"Kai Didysis Pabaisiukas pasibeld\u017eia \u012f Ma\u017eojo Pabaisiuko duris, \u0161iam \u012f galv\u0105 \u0161auna tik viena mintis: \u201eNe! Dur\u0173 neatidarysiu\u201c Didysis Pabaisiukas nemoka gra\u017eiai elgtis sve\u010diuose ir n\u0117ra geras draugas. Jis nori visk\u0105 nuspr\u0119sti vienas, \u0161aiposi i\u0161 ma\u017eesni\u0173, lamdo pie\u0161inius ir meluoja. Ar Ma\u017easis Pabaisiukas pagaliau i\u0161dr\u012fs pasakyti NE?  \u0160ioje gra\u017eioje ir paveikioje knygel\u0117je pasakojama apie draugyst\u0119, bendravim\u0105, mandagum\u0105 ir \u017eodel\u012f NE, kur\u012f kartais taip sunku i\u0161tarti.\" \/>\n<meta name=\"robots\" content=\"index, follow, max-snippet:-1, max-image-preview:large, max-video-preview:-1\" \/>\n<link rel=\"canonical\" href=\"https:\/\/skaitytaknyga.lt\/en\/produktas\/mazasis-pabaisiukas-sako-ne-su-nedideliais-defektais\/\" \/>\n<meta property=\"og:locale\" content=\"en_GB\" \/>\n<meta property=\"og:locale:alternate\" content=\"lt_LT\" \/>\n<meta property=\"og:type\" content=\"article\" \/>\n<meta property=\"og:title\" content=\"Ma\u017easis Pabaisiukas sako NE! (Su nedideliais defektais) - Skaitytaknyga\" \/>\n<meta property=\"og:description\" content=\"Kai Didysis Pabaisiukas pasibeld\u017eia \u012f Ma\u017eojo Pabaisiuko duris, \u0161iam \u012f galv\u0105 \u0161auna tik viena mintis: \u201eNe! Dur\u0173 neatidarysiu\u201c Didysis Pabaisiukas nemoka gra\u017eiai elgtis sve\u010diuose ir n\u0117ra geras draugas. Jis nori visk\u0105 nuspr\u0119sti vienas, \u0161aiposi i\u0161 ma\u017eesni\u0173, lamdo pie\u0161inius ir meluoja. Ar Ma\u017easis Pabaisiukas pagaliau i\u0161dr\u012fs pasakyti NE?  \u0160ioje gra\u017eioje ir paveikioje knygel\u0117je pasakojama apie draugyst\u0119, bendravim\u0105, mandagum\u0105 ir \u017eodel\u012f NE, kur\u012f kartais taip sunku i\u0161tarti.\" \/>\n<meta property=\"og:url\" content=\"https:\/\/skaitytaknyga.lt\/en\/produktas\/mazasis-pabaisiukas-sako-ne-su-nedideliais-defektais\/\" \/>\n<meta property=\"og:site_name\" content=\"Skaitytaknyga\" \/>\n<meta property=\"article:publisher\" content=\"https:\/\/www.facebook.com\/skaitytaknyga\/\" \/>\n<meta property=\"article:modified_time\" content=\"2025-05-18T15:15:22+00:00\" \/>\n<meta property=\"og:image\" content=\"https:\/\/skaitytaknyga.lt\/wp-content\/uploads\/2024\/05\/000000000002158437-59de835e46f25-asset-knyguklubas-cdb_9786099565019_pabaisiukas-sako-ne_p1.jpg\" \/>\n\t<meta property=\"og:image:width\" content=\"285\" \/>\n\t<meta property=\"og:image:height\" content=\"529\" \/>\n\t<meta property=\"og:image:type\" content=\"image\/jpeg\" \/>\n<meta name=\"twitter:card\" content=\"summary_large_image\" \/>\n<script type=\"application\/ld+json\" class=\"yoast-schema-graph\">{\"@context\":\"https:\\\/\\\/schema.org\",\"@graph\":[{\"@type\":\"WebPage\",\"@id\":\"https:\\\/\\\/skaitytaknyga.lt\\\/produktas\\\/mazasis-pabaisiukas-sako-ne-su-nedideliais-defektais\\\/\",\"url\":\"https:\\\/\\\/skaitytaknyga.lt\\\/produktas\\\/mazasis-pabaisiukas-sako-ne-su-nedideliais-defektais\\\/\",\"name\":\"Ma\u017easis Pabaisiukas sako NE! (Su nedideliais defektais) - Skaitytaknyga\",\"isPartOf\":{\"@id\":\"https:\\\/\\\/skaitytaknyga.lt\\\/#website\"},\"primaryImageOfPage\":{\"@id\":\"https:\\\/\\\/skaitytaknyga.lt\\\/produktas\\\/mazasis-pabaisiukas-sako-ne-su-nedideliais-defektais\\\/#primaryimage\"},\"image\":{\"@id\":\"https:\\\/\\\/skaitytaknyga.lt\\\/produktas\\\/mazasis-pabaisiukas-sako-ne-su-nedideliais-defektais\\\/#primaryimage\"},\"thumbnailUrl\":\"https:\\\/\\\/skaitytaknyga.lt\\\/wp-content\\\/uploads\\\/2024\\\/05\\\/000000000002158437-59de835e46f25-asset-knyguklubas-cdb_9786099565019_pabaisiukas-sako-ne_p1.jpg\",\"datePublished\":\"2024-05-04T17:57:25+00:00\",\"dateModified\":\"2025-05-18T15:15:22+00:00\",\"description\":\"Kai Didysis Pabaisiukas pasibeld\u017eia \u012f Ma\u017eojo Pabaisiuko duris, \u0161iam \u012f galv\u0105 \u0161auna tik viena mintis: \u201eNe! Dur\u0173 neatidarysiu\u201c Didysis Pabaisiukas nemoka gra\u017eiai elgtis sve\u010diuose ir n\u0117ra geras draugas. Jis nori visk\u0105 nuspr\u0119sti vienas, \u0161aiposi i\u0161 ma\u017eesni\u0173, lamdo pie\u0161inius ir meluoja. Ar Ma\u017easis Pabaisiukas pagaliau i\u0161dr\u012fs pasakyti NE? \u0160ioje gra\u017eioje ir paveikioje knygel\u0117je pasakojama apie draugyst\u0119, bendravim\u0105, mandagum\u0105 ir \u017eodel\u012f NE, kur\u012f kartais taip sunku i\u0161tarti.\",\"breadcrumb\":{\"@id\":\"https:\\\/\\\/skaitytaknyga.lt\\\/produktas\\\/mazasis-pabaisiukas-sako-ne-su-nedideliais-defektais\\\/#breadcrumb\"},\"inLanguage\":\"en-GB\",\"potentialAction\":[{\"@type\":\"ReadAction\",\"target\":[\"https:\\\/\\\/skaitytaknyga.lt\\\/produktas\\\/mazasis-pabaisiukas-sako-ne-su-nedideliais-defektais\\\/\"]}]},{\"@type\":\"ImageObject\",\"inLanguage\":\"en-GB\",\"@id\":\"https:\\\/\\\/skaitytaknyga.lt\\\/produktas\\\/mazasis-pabaisiukas-sako-ne-su-nedideliais-defektais\\\/#primaryimage\",\"url\":\"https:\\\/\\\/skaitytaknyga.lt\\\/wp-content\\\/uploads\\\/2024\\\/05\\\/000000000002158437-59de835e46f25-asset-knyguklubas-cdb_9786099565019_pabaisiukas-sako-ne_p1.jpg\",\"contentUrl\":\"https:\\\/\\\/skaitytaknyga.lt\\\/wp-content\\\/uploads\\\/2024\\\/05\\\/000000000002158437-59de835e46f25-asset-knyguklubas-cdb_9786099565019_pabaisiukas-sako-ne_p1.jpg\",\"width\":285,\"height\":529},{\"@type\":\"BreadcrumbList\",\"@id\":\"https:\\\/\\\/skaitytaknyga.lt\\\/produktas\\\/mazasis-pabaisiukas-sako-ne-su-nedideliais-defektais\\\/#breadcrumb\",\"itemListElement\":[{\"@type\":\"ListItem\",\"position\":1,\"name\":\"Home\",\"item\":\"https:\\\/\\\/skaitytaknyga.lt\\\/\"},{\"@type\":\"ListItem\",\"position\":2,\"name\":\"Parduotuv\u0117\",\"item\":\"https:\\\/\\\/skaitytaknyga.lt\\\/knygu-parduotuve\\\/\"},{\"@type\":\"ListItem\",\"position\":3,\"name\":\"Ma\u017easis Pabaisiukas sako NE! (Su nedideliais defektais)\"}]},{\"@type\":\"WebSite\",\"@id\":\"https:\\\/\\\/skaitytaknyga.lt\\\/#website\",\"url\":\"https:\\\/\\\/skaitytaknyga.lt\\\/\",\"name\":\"skaitytaknyga.lt\",\"description\":\"Skaitytaknyga.lt \u2013 tai ma\u017eas \u0161eimos verslas, kuris prasid\u0117jo nuo meil\u0117s knygoms ir siekio i\u0161gelb\u0117ti knygas nuo likimo prie konteinerio. Kas vienam nereikalingas daiktas \u2013 kitam lobis, o mes esame tarpininkai, kurie padeda abiems tapti laimingesniems ???? \u017dinome kaip nelengva i\u0161gyventi ma\u017eiems verslams, tad nuo \u0161iol, \u010dia rasite ir kit\u0173, ma\u017e\u0173 \u0161eim\u0173 versl\u0173, rank\u0173 darbo, dovan\u0173 sau ir artimiesiems.\",\"publisher\":{\"@id\":\"https:\\\/\\\/skaitytaknyga.lt\\\/#organization\"},\"potentialAction\":[{\"@type\":\"SearchAction\",\"target\":{\"@type\":\"EntryPoint\",\"urlTemplate\":\"https:\\\/\\\/skaitytaknyga.lt\\\/?s={search_term_string}\"},\"query-input\":{\"@type\":\"PropertyValueSpecification\",\"valueRequired\":true,\"valueName\":\"search_term_string\"}}],\"inLanguage\":\"en-GB\"},{\"@type\":\"Organization\",\"@id\":\"https:\\\/\\\/skaitytaknyga.lt\\\/#organization\",\"name\":\"skaitytaknyga.lt\",\"url\":\"https:\\\/\\\/skaitytaknyga.lt\\\/\",\"logo\":{\"@type\":\"ImageObject\",\"inLanguage\":\"en-GB\",\"@id\":\"https:\\\/\\\/skaitytaknyga.lt\\\/#\\\/schema\\\/logo\\\/image\\\/\",\"url\":\"https:\\\/\\\/skaitytaknyga.lt\\\/wp-content\\\/uploads\\\/2024\\\/05\\\/cropped-cropped-cropped-02_00843_jt3bggkj1j3HLc7SyY6rEUpg.jpeg\",\"contentUrl\":\"https:\\\/\\\/skaitytaknyga.lt\\\/wp-content\\\/uploads\\\/2024\\\/05\\\/cropped-cropped-cropped-02_00843_jt3bggkj1j3HLc7SyY6rEUpg.jpeg\",\"width\":1600,\"height\":1600,\"caption\":\"skaitytaknyga.lt\"},\"image\":{\"@id\":\"https:\\\/\\\/skaitytaknyga.lt\\\/#\\\/schema\\\/logo\\\/image\\\/\"},\"sameAs\":[\"https:\\\/\\\/www.facebook.com\\\/skaitytaknyga\\\/\"]}]}<\/script>\n<!-- \/ Yoast SEO plugin. -->","yoast_head_json":{"title":"Ma\u017easis Pabaisiukas sako NE! (Su nedideliais defektais) - Skaitytaknyga","description":"Kai Didysis Pabaisiukas pasibeld\u017eia \u012f Ma\u017eojo Pabaisiuko duris, \u0161iam \u012f galv\u0105 \u0161auna tik viena mintis: \u201eNe! Dur\u0173 neatidarysiu\u201c Didysis Pabaisiukas nemoka gra\u017eiai elgtis sve\u010diuose ir n\u0117ra geras draugas. Jis nori visk\u0105 nuspr\u0119sti vienas, \u0161aiposi i\u0161 ma\u017eesni\u0173, lamdo pie\u0161inius ir meluoja. Ar Ma\u017easis Pabaisiukas pagaliau i\u0161dr\u012fs pasakyti NE?  \u0160ioje gra\u017eioje ir paveikioje knygel\u0117je pasakojama apie draugyst\u0119, bendravim\u0105, mandagum\u0105 ir \u017eodel\u012f NE, kur\u012f kartais taip sunku i\u0161tarti.","robots":{"index":"index","follow":"follow","max-snippet":"max-snippet:-1","max-image-preview":"max-image-preview:large","max-video-preview":"max-video-preview:-1"},"canonical":"https:\/\/skaitytaknyga.lt\/en\/produktas\/mazasis-pabaisiukas-sako-ne-su-nedideliais-defektais\/","og_locale":"en_GB","og_type":"article","og_title":"Ma\u017easis Pabaisiukas sako NE! (Su nedideliais defektais) - Skaitytaknyga","og_description":"Kai Didysis Pabaisiukas pasibeld\u017eia \u012f Ma\u017eojo Pabaisiuko duris, \u0161iam \u012f galv\u0105 \u0161auna tik viena mintis: \u201eNe! Dur\u0173 neatidarysiu\u201c Didysis Pabaisiukas nemoka gra\u017eiai elgtis sve\u010diuose ir n\u0117ra geras draugas. Jis nori visk\u0105 nuspr\u0119sti vienas, \u0161aiposi i\u0161 ma\u017eesni\u0173, lamdo pie\u0161inius ir meluoja. Ar Ma\u017easis Pabaisiukas pagaliau i\u0161dr\u012fs pasakyti NE?  \u0160ioje gra\u017eioje ir paveikioje knygel\u0117je pasakojama apie draugyst\u0119, bendravim\u0105, mandagum\u0105 ir \u017eodel\u012f NE, kur\u012f kartais taip sunku i\u0161tarti.","og_url":"https:\/\/skaitytaknyga.lt\/en\/produktas\/mazasis-pabaisiukas-sako-ne-su-nedideliais-defektais\/","og_site_name":"Skaitytaknyga","article_publisher":"https:\/\/www.facebook.com\/skaitytaknyga\/","article_modified_time":"2025-05-18T15:15:22+00:00","og_image":[{"width":285,"height":529,"url":"https:\/\/skaitytaknyga.lt\/wp-content\/uploads\/2024\/05\/000000000002158437-59de835e46f25-asset-knyguklubas-cdb_9786099565019_pabaisiukas-sako-ne_p1.jpg","type":"image\/jpeg"}],"twitter_card":"summary_large_image","schema":{"@context":"https:\/\/schema.org","@graph":[{"@type":"WebPage","@id":"https:\/\/skaitytaknyga.lt\/produktas\/mazasis-pabaisiukas-sako-ne-su-nedideliais-defektais\/","url":"https:\/\/skaitytaknyga.lt\/produktas\/mazasis-pabaisiukas-sako-ne-su-nedideliais-defektais\/","name":"Ma\u017easis Pabaisiukas sako NE! (Su nedideliais defektais) - Skaitytaknyga","isPartOf":{"@id":"https:\/\/skaitytaknyga.lt\/#website"},"primaryImageOfPage":{"@id":"https:\/\/skaitytaknyga.lt\/produktas\/mazasis-pabaisiukas-sako-ne-su-nedideliais-defektais\/#primaryimage"},"image":{"@id":"https:\/\/skaitytaknyga.lt\/produktas\/mazasis-pabaisiukas-sako-ne-su-nedideliais-defektais\/#primaryimage"},"thumbnailUrl":"https:\/\/skaitytaknyga.lt\/wp-content\/uploads\/2024\/05\/000000000002158437-59de835e46f25-asset-knyguklubas-cdb_9786099565019_pabaisiukas-sako-ne_p1.jpg","datePublished":"2024-05-04T17:57:25+00:00","dateModified":"2025-05-18T15:15:22+00:00","description":"Kai Didysis Pabaisiukas pasibeld\u017eia \u012f Ma\u017eojo Pabaisiuko duris, \u0161iam \u012f galv\u0105 \u0161auna tik viena mintis: \u201eNe! Dur\u0173 neatidarysiu\u201c Didysis Pabaisiukas nemoka gra\u017eiai elgtis sve\u010diuose ir n\u0117ra geras draugas. Jis nori visk\u0105 nuspr\u0119sti vienas, \u0161aiposi i\u0161 ma\u017eesni\u0173, lamdo pie\u0161inius ir meluoja. Ar Ma\u017easis Pabaisiukas pagaliau i\u0161dr\u012fs pasakyti NE? \u0160ioje gra\u017eioje ir paveikioje knygel\u0117je pasakojama apie draugyst\u0119, bendravim\u0105, mandagum\u0105 ir \u017eodel\u012f NE, kur\u012f kartais taip sunku i\u0161tarti.","breadcrumb":{"@id":"https:\/\/skaitytaknyga.lt\/produktas\/mazasis-pabaisiukas-sako-ne-su-nedideliais-defektais\/#breadcrumb"},"inLanguage":"en-GB","potentialAction":[{"@type":"ReadAction","target":["https:\/\/skaitytaknyga.lt\/produktas\/mazasis-pabaisiukas-sako-ne-su-nedideliais-defektais\/"]}]},{"@type":"ImageObject","inLanguage":"en-GB","@id":"https:\/\/skaitytaknyga.lt\/produktas\/mazasis-pabaisiukas-sako-ne-su-nedideliais-defektais\/#primaryimage","url":"https:\/\/skaitytaknyga.lt\/wp-content\/uploads\/2024\/05\/000000000002158437-59de835e46f25-asset-knyguklubas-cdb_9786099565019_pabaisiukas-sako-ne_p1.jpg","contentUrl":"https:\/\/skaitytaknyga.lt\/wp-content\/uploads\/2024\/05\/000000000002158437-59de835e46f25-asset-knyguklubas-cdb_9786099565019_pabaisiukas-sako-ne_p1.jpg","width":285,"height":529},{"@type":"BreadcrumbList","@id":"https:\/\/skaitytaknyga.lt\/produktas\/mazasis-pabaisiukas-sako-ne-su-nedideliais-defektais\/#breadcrumb","itemListElement":[{"@type":"ListItem","position":1,"name":"Home","item":"https:\/\/skaitytaknyga.lt\/"},{"@type":"ListItem","position":2,"name":"Parduotuv\u0117","item":"https:\/\/skaitytaknyga.lt\/knygu-parduotuve\/"},{"@type":"ListItem","position":3,"name":"Ma\u017easis Pabaisiukas sako NE! (Su nedideliais defektais)"}]},{"@type":"WebSite","@id":"https:\/\/skaitytaknyga.lt\/#website","url":"https:\/\/skaitytaknyga.lt\/","name":"skaitytaknyga.lt","description":"Skaitytaknyga.lt \u2013 tai ma\u017eas \u0161eimos verslas, kuris prasid\u0117jo nuo meil\u0117s knygoms ir siekio i\u0161gelb\u0117ti knygas nuo likimo prie konteinerio. Kas vienam nereikalingas daiktas \u2013 kitam lobis, o mes esame tarpininkai, kurie padeda abiems tapti laimingesniems ???? \u017dinome kaip nelengva i\u0161gyventi ma\u017eiems verslams, tad nuo \u0161iol, \u010dia rasite ir kit\u0173, ma\u017e\u0173 \u0161eim\u0173 versl\u0173, rank\u0173 darbo, dovan\u0173 sau ir artimiesiems.","publisher":{"@id":"https:\/\/skaitytaknyga.lt\/#organization"},"potentialAction":[{"@type":"SearchAction","target":{"@type":"EntryPoint","urlTemplate":"https:\/\/skaitytaknyga.lt\/?s={search_term_string}"},"query-input":{"@type":"PropertyValueSpecification","valueRequired":true,"valueName":"search_term_string"}}],"inLanguage":"en-GB"},{"@type":"Organization","@id":"https:\/\/skaitytaknyga.lt\/#organization","name":"skaitytaknyga.lt","url":"https:\/\/skaitytaknyga.lt\/","logo":{"@type":"ImageObject","inLanguage":"en-GB","@id":"https:\/\/skaitytaknyga.lt\/#\/schema\/logo\/image\/","url":"https:\/\/skaitytaknyga.lt\/wp-content\/uploads\/2024\/05\/cropped-cropped-cropped-02_00843_jt3bggkj1j3HLc7SyY6rEUpg.jpeg","contentUrl":"https:\/\/skaitytaknyga.lt\/wp-content\/uploads\/2024\/05\/cropped-cropped-cropped-02_00843_jt3bggkj1j3HLc7SyY6rEUpg.jpeg","width":1600,"height":1600,"caption":"skaitytaknyga.lt"},"image":{"@id":"https:\/\/skaitytaknyga.lt\/#\/schema\/logo\/image\/"},"sameAs":["https:\/\/www.facebook.com\/skaitytaknyga\/"]}]}},"_links":{"self":[{"href":"https:\/\/skaitytaknyga.lt\/en\/wp-json\/wp\/v2\/product\/9761","targetHints":{"allow":["GET"]}}],"collection":[{"href":"https:\/\/skaitytaknyga.lt\/en\/wp-json\/wp\/v2\/product"}],"about":[{"href":"https:\/\/skaitytaknyga.lt\/en\/wp-json\/wp\/v2\/types\/product"}],"replies":[{"embeddable":true,"href":"https:\/\/skaitytaknyga.lt\/en\/wp-json\/wp\/v2\/comments?post=9761"}],"wp:featuredmedia":[{"embeddable":true,"href":"https:\/\/skaitytaknyga.lt\/en\/wp-json\/wp\/v2\/media\/9807"}],"wp:attachment":[{"href":"https:\/\/skaitytaknyga.lt\/en\/wp-json\/wp\/v2\/media?parent=9761"}],"wp:term":[{"taxonomy":"product_brand","embeddable":true,"href":"https:\/\/skaitytaknyga.lt\/en\/wp-json\/wp\/v2\/product_brand?post=9761"},{"taxonomy":"product_cat","embeddable":true,"href":"https:\/\/skaitytaknyga.lt\/en\/wp-json\/wp\/v2\/product_cat?post=9761"},{"taxonomy":"product_tag","embeddable":true,"href":"https:\/\/skaitytaknyga.lt\/en\/wp-json\/wp\/v2\/product_tag?post=9761"}],"curies":[{"name":"wp","href":"https:\/\/api.w.org\/{rel}","templated":true}]}}