{"id":9752,"date":"2024-05-04T17:57:02","date_gmt":"2024-05-04T17:57:02","guid":{"rendered":"https:\/\/skaitytaknyga.lt\/?post_type=product&#038;p=9752"},"modified":"2024-05-04T17:58:35","modified_gmt":"2024-05-04T17:58:35","slug":"geros-vaiku-manieros","status":"publish","type":"product","link":"https:\/\/skaitytaknyga.lt\/en\/produktas\/geros-vaiku-manieros\/","title":{"rendered":"Geros vaik\u0173 manieros"},"content":{"rendered":"<p>Geras elgesys ir \u0161iandien labai svarbus. Tai vaikams galima perteikti \u017eaidim\u0173 forma. Tam reikia t\u0117v\u0173 pavyzd\u017eio ir nuoseklumo. \u0160i patarim\u0173 knyga\u00a0\u00a0<strong>\u201eGeros vaik\u0173 manieros\u201c\u00a0<\/strong>pad\u0117s t\u0117vams ir aukl\u0117tojams rasti tai, ko reikia ugdant geras vaik\u0173 manieras.<\/p>\n<p>Knygoje\u00a0<strong>\u201eGeros vaik\u0173 manieros\u201c &#8211; e<\/strong>lementarios elgesio taisykl\u0117s visiems vaikams, paprastos ir lengvai i\u0161mokstamos.<\/p>\n<p>Viskas, k\u0105 vaikai turi \u017einoti, kad bendrab\u016bvis teikt\u0173 daugiau d\u017eiau\u017egsmo.<\/p>\n<p>Knyga<strong>\u00a0\u201eGeros vaik\u0173 manieros\u201c<\/strong>\u00a0gausiai iliustruota. Joje rasite daug praktini\u0173 patarim\u0173.<\/p>\n","protected":false},"excerpt":{"rendered":"<p>Geras elgesys ir \u0161iandien labai svarbus. Tai vaikams galima perteikti \u017eaidim\u0173 forma. Tam reikia t\u0117v\u0173 pavyzd\u017eio ir nuoseklumo. \u0160i patarim\u0173 knyga\u00a0\u00a0<strong>\u201eGeros vaik\u0173 manieros\u201c\u00a0<\/strong>pad\u0117s t\u0117vams ir aukl\u0117tojams rasti tai, ko reikia ugdant geras vaik\u0173 manieras.<\/p>\n<p>Knygoje\u00a0<strong>\u201eGeros vaik\u0173 manieros\u201c &#8211; e<\/strong>lementarios elgesio taisykl\u0117s visiems vaikams, paprastos ir lengvai i\u0161mokstamos.<\/p>\n<p>Viskas, k\u0105 vaikai turi \u017einoti, kad bendrab\u016bvis teikt\u0173 daugiau d\u017eiau\u017egsmo.<\/p>\n<p>Knyga<strong>\u00a0\u201eGeros vaik\u0173 manieros\u201c<\/strong>\u00a0gausiai iliustruota. Joje rasite daug praktini\u0173 patarim\u0173.<\/p>\n","protected":false},"featured_media":9805,"comment_status":"closed","ping_status":"closed","template":"","meta":{"_acf_changed":false,"site-sidebar-layout":"default","site-content-layout":"","ast-site-content-layout":"default","site-content-style":"default","site-sidebar-style":"default","ast-global-header-display":"","ast-banner-title-visibility":"","ast-main-header-display":"","ast-hfb-above-header-display":"","ast-hfb-below-header-display":"","ast-hfb-mobile-header-display":"","site-post-title":"","ast-breadcrumbs-content":"","ast-featured-img":"","footer-sml-layout":"","ast-disable-related-posts":"","theme-transparent-header-meta":"","adv-header-id-meta":"","stick-header-meta":"","header-above-stick-meta":"","header-main-stick-meta":"","header-below-stick-meta":"","astra-migrate-meta-layouts":"default","ast-page-background-enabled":"default","ast-page-background-meta":{"desktop":{"background-color":"","background-image":"","background-repeat":"repeat","background-position":"center center","background-size":"auto","background-attachment":"scroll","background-type":"","background-media":"","overlay-type":"","overlay-color":"","overlay-opacity":"","overlay-gradient":""},"tablet":{"background-color":"","background-image":"","background-repeat":"repeat","background-position":"center center","background-size":"auto","background-attachment":"scroll","background-type":"","background-media":"","overlay-type":"","overlay-color":"","overlay-opacity":"","overlay-gradient":""},"mobile":{"background-color":"","background-image":"","background-repeat":"repeat","background-position":"center center","background-size":"auto","background-attachment":"scroll","background-type":"","background-media":"","overlay-type":"","overlay-color":"","overlay-opacity":"","overlay-gradient":""}},"ast-content-background-meta":{"desktop":{"background-color":"var(--ast-global-color-4)","background-image":"","background-repeat":"repeat","background-position":"center center","background-size":"auto","background-attachment":"scroll","background-type":"","background-media":"","overlay-type":"","overlay-color":"","overlay-opacity":"","overlay-gradient":""},"tablet":{"background-color":"var(--ast-global-color-4)","background-image":"","background-repeat":"repeat","background-position":"center center","background-size":"auto","background-attachment":"scroll","background-type":"","background-media":"","overlay-type":"","overlay-color":"","overlay-opacity":"","overlay-gradient":""},"mobile":{"background-color":"var(--ast-global-color-4)","background-image":"","background-repeat":"repeat","background-position":"center center","background-size":"auto","background-attachment":"scroll","background-type":"","background-media":"","overlay-type":"","overlay-color":"","overlay-opacity":"","overlay-gradient":""}}},"product_brand":[],"product_cat":[37,35],"product_tag":[],"class_list":{"0":"post-9752","1":"product","2":"type-product","3":"status-publish","4":"has-post-thumbnail","6":"product_cat-nestumas-ir-vaiku-prieziura-bei-auklejimas","7":"product_cat-vaikams-ir-paaugliams","8":"pa_leidimo-metai-766","9":"desktop-align-left","10":"tablet-align-left","11":"mobile-align-left","13":"first","14":"outofstock","15":"shipping-taxable","16":"purchasable","17":"product-type-simple"},"acf":[],"yoast_head":"<!-- This site is optimized with the Yoast SEO plugin v27.0 - https:\/\/yoast.com\/product\/yoast-seo-wordpress\/ -->\n<title>Geros vaik\u0173 manieros - Skaitytaknyga<\/title>\n<meta name=\"description\" content=\"Geras elgesys ir \u0161iandien labai svarbus. Tai vaikams galima perteikti \u017eaidim\u0173 forma. Tam reikia t\u0117v\u0173 pavyzd\u017eio ir nuoseklumo. \u0160i patarim\u0173 knyga\u00a0\u00a0\u201eGeros vaik\u0173 manieros\u201c\u00a0pad\u0117s t\u0117vams ir aukl\u0117tojams rasti tai, ko reikia ugdant geras vaik\u0173 manieras.  Knygoje\u00a0\u201eGeros vaik\u0173 manieros\u201c - elementarios elgesio taisykl\u0117s visiems vaikams, paprastos ir lengvai i\u0161mokstamos.  Viskas, k\u0105 vaikai turi \u017einoti, kad bendrab\u016bvis teikt\u0173 daugiau d\u017eiau\u017egsmo.  Knyga\u00a0\u201eGeros vaik\u0173 manieros\u201c\u00a0gausiai iliustruota. Joje rasite daug praktini\u0173 patarim\u0173.\" \/>\n<meta name=\"robots\" content=\"index, follow, max-snippet:-1, max-image-preview:large, max-video-preview:-1\" \/>\n<link rel=\"canonical\" href=\"https:\/\/skaitytaknyga.lt\/en\/produktas\/geros-vaiku-manieros\/\" \/>\n<meta property=\"og:locale\" content=\"en_GB\" \/>\n<meta property=\"og:locale:alternate\" content=\"lt_LT\" \/>\n<meta property=\"og:type\" content=\"article\" \/>\n<meta property=\"og:title\" content=\"Geros vaik\u0173 manieros - Skaitytaknyga\" \/>\n<meta property=\"og:description\" content=\"Geras elgesys ir \u0161iandien labai svarbus. Tai vaikams galima perteikti \u017eaidim\u0173 forma. Tam reikia t\u0117v\u0173 pavyzd\u017eio ir nuoseklumo. \u0160i patarim\u0173 knyga\u00a0\u00a0\u201eGeros vaik\u0173 manieros\u201c\u00a0pad\u0117s t\u0117vams ir aukl\u0117tojams rasti tai, ko reikia ugdant geras vaik\u0173 manieras.  Knygoje\u00a0\u201eGeros vaik\u0173 manieros\u201c - elementarios elgesio taisykl\u0117s visiems vaikams, paprastos ir lengvai i\u0161mokstamos.  Viskas, k\u0105 vaikai turi \u017einoti, kad bendrab\u016bvis teikt\u0173 daugiau d\u017eiau\u017egsmo.  Knyga\u00a0\u201eGeros vaik\u0173 manieros\u201c\u00a0gausiai iliustruota. Joje rasite daug praktini\u0173 patarim\u0173.\" \/>\n<meta property=\"og:url\" content=\"https:\/\/skaitytaknyga.lt\/en\/produktas\/geros-vaiku-manieros\/\" \/>\n<meta property=\"og:site_name\" content=\"Skaitytaknyga\" \/>\n<meta property=\"article:publisher\" content=\"https:\/\/www.facebook.com\/skaitytaknyga\/\" \/>\n<meta property=\"article:modified_time\" content=\"2024-05-04T17:58:35+00:00\" \/>\n<meta property=\"og:image\" content=\"https:\/\/skaitytaknyga.lt\/wp-content\/uploads\/2024\/05\/1462886931_img489.jpg\" \/>\n\t<meta property=\"og:image:width\" content=\"320\" \/>\n\t<meta property=\"og:image:height\" content=\"380\" \/>\n\t<meta property=\"og:image:type\" content=\"image\/jpeg\" \/>\n<meta name=\"twitter:card\" content=\"summary_large_image\" \/>\n<script type=\"application\/ld+json\" class=\"yoast-schema-graph\">{\"@context\":\"https:\/\/schema.org\",\"@graph\":[{\"@type\":\"WebPage\",\"@id\":\"https:\/\/skaitytaknyga.lt\/produktas\/geros-vaiku-manieros\/\",\"url\":\"https:\/\/skaitytaknyga.lt\/produktas\/geros-vaiku-manieros\/\",\"name\":\"Geros vaik\u0173 manieros - Skaitytaknyga\",\"isPartOf\":{\"@id\":\"https:\/\/skaitytaknyga.lt\/#website\"},\"primaryImageOfPage\":{\"@id\":\"https:\/\/skaitytaknyga.lt\/produktas\/geros-vaiku-manieros\/#primaryimage\"},\"image\":{\"@id\":\"https:\/\/skaitytaknyga.lt\/produktas\/geros-vaiku-manieros\/#primaryimage\"},\"thumbnailUrl\":\"https:\/\/skaitytaknyga.lt\/wp-content\/uploads\/2024\/05\/1462886931_img489.jpg\",\"datePublished\":\"2024-05-04T17:57:02+00:00\",\"dateModified\":\"2024-05-04T17:58:35+00:00\",\"description\":\"Geras elgesys ir \u0161iandien labai svarbus. Tai vaikams galima perteikti \u017eaidim\u0173 forma. Tam reikia t\u0117v\u0173 pavyzd\u017eio ir nuoseklumo. \u0160i patarim\u0173 knyga\u00a0\u00a0\u201eGeros vaik\u0173 manieros\u201c\u00a0pad\u0117s t\u0117vams ir aukl\u0117tojams rasti tai, ko reikia ugdant geras vaik\u0173 manieras. Knygoje\u00a0\u201eGeros vaik\u0173 manieros\u201c - elementarios elgesio taisykl\u0117s visiems vaikams, paprastos ir lengvai i\u0161mokstamos. Viskas, k\u0105 vaikai turi \u017einoti, kad bendrab\u016bvis teikt\u0173 daugiau d\u017eiau\u017egsmo. Knyga\u00a0\u201eGeros vaik\u0173 manieros\u201c\u00a0gausiai iliustruota. Joje rasite daug praktini\u0173 patarim\u0173.\",\"breadcrumb\":{\"@id\":\"https:\/\/skaitytaknyga.lt\/produktas\/geros-vaiku-manieros\/#breadcrumb\"},\"inLanguage\":\"en-GB\",\"potentialAction\":[{\"@type\":\"ReadAction\",\"target\":[\"https:\/\/skaitytaknyga.lt\/produktas\/geros-vaiku-manieros\/\"]}]},{\"@type\":\"ImageObject\",\"inLanguage\":\"en-GB\",\"@id\":\"https:\/\/skaitytaknyga.lt\/produktas\/geros-vaiku-manieros\/#primaryimage\",\"url\":\"https:\/\/skaitytaknyga.lt\/wp-content\/uploads\/2024\/05\/1462886931_img489.jpg\",\"contentUrl\":\"https:\/\/skaitytaknyga.lt\/wp-content\/uploads\/2024\/05\/1462886931_img489.jpg\",\"width\":320,\"height\":380},{\"@type\":\"BreadcrumbList\",\"@id\":\"https:\/\/skaitytaknyga.lt\/produktas\/geros-vaiku-manieros\/#breadcrumb\",\"itemListElement\":[{\"@type\":\"ListItem\",\"position\":1,\"name\":\"Home\",\"item\":\"https:\/\/skaitytaknyga.lt\/\"},{\"@type\":\"ListItem\",\"position\":2,\"name\":\"Parduotuv\u0117\",\"item\":\"https:\/\/skaitytaknyga.lt\/knygu-parduotuve\/\"},{\"@type\":\"ListItem\",\"position\":3,\"name\":\"Geros vaik\u0173 manieros\"}]},{\"@type\":\"WebSite\",\"@id\":\"https:\/\/skaitytaknyga.lt\/#website\",\"url\":\"https:\/\/skaitytaknyga.lt\/\",\"name\":\"skaitytaknyga.lt\",\"description\":\"Skaitytaknyga.lt \u2013 tai ma\u017eas \u0161eimos verslas, kuris prasid\u0117jo nuo meil\u0117s knygoms ir siekio i\u0161gelb\u0117ti knygas nuo likimo prie konteinerio. Kas vienam nereikalingas daiktas \u2013 kitam lobis, o mes esame tarpininkai, kurie padeda abiems tapti laimingesniems ???? \u017dinome kaip nelengva i\u0161gyventi ma\u017eiems verslams, tad nuo \u0161iol, \u010dia rasite ir kit\u0173, ma\u017e\u0173 \u0161eim\u0173 versl\u0173, rank\u0173 darbo, dovan\u0173 sau ir artimiesiems.\",\"publisher\":{\"@id\":\"https:\/\/skaitytaknyga.lt\/#organization\"},\"potentialAction\":[{\"@type\":\"SearchAction\",\"target\":{\"@type\":\"EntryPoint\",\"urlTemplate\":\"https:\/\/skaitytaknyga.lt\/?s={search_term_string}\"},\"query-input\":{\"@type\":\"PropertyValueSpecification\",\"valueRequired\":true,\"valueName\":\"search_term_string\"}}],\"inLanguage\":\"en-GB\"},{\"@type\":\"Organization\",\"@id\":\"https:\/\/skaitytaknyga.lt\/#organization\",\"name\":\"skaitytaknyga.lt\",\"url\":\"https:\/\/skaitytaknyga.lt\/\",\"logo\":{\"@type\":\"ImageObject\",\"inLanguage\":\"en-GB\",\"@id\":\"https:\/\/skaitytaknyga.lt\/#\/schema\/logo\/image\/\",\"url\":\"https:\/\/skaitytaknyga.lt\/wp-content\/uploads\/2024\/05\/cropped-cropped-cropped-02_00843_jt3bggkj1j3HLc7SyY6rEUpg.jpeg\",\"contentUrl\":\"https:\/\/skaitytaknyga.lt\/wp-content\/uploads\/2024\/05\/cropped-cropped-cropped-02_00843_jt3bggkj1j3HLc7SyY6rEUpg.jpeg\",\"width\":1600,\"height\":1600,\"caption\":\"skaitytaknyga.lt\"},\"image\":{\"@id\":\"https:\/\/skaitytaknyga.lt\/#\/schema\/logo\/image\/\"},\"sameAs\":[\"https:\/\/www.facebook.com\/skaitytaknyga\/\"]}]}<\/script>\n<!-- \/ Yoast SEO plugin. -->","yoast_head_json":{"title":"Geros vaik\u0173 manieros - Skaitytaknyga","description":"Geras elgesys ir \u0161iandien labai svarbus. Tai vaikams galima perteikti \u017eaidim\u0173 forma. Tam reikia t\u0117v\u0173 pavyzd\u017eio ir nuoseklumo. \u0160i patarim\u0173 knyga\u00a0\u00a0\u201eGeros vaik\u0173 manieros\u201c\u00a0pad\u0117s t\u0117vams ir aukl\u0117tojams rasti tai, ko reikia ugdant geras vaik\u0173 manieras.  Knygoje\u00a0\u201eGeros vaik\u0173 manieros\u201c - elementarios elgesio taisykl\u0117s visiems vaikams, paprastos ir lengvai i\u0161mokstamos.  Viskas, k\u0105 vaikai turi \u017einoti, kad bendrab\u016bvis teikt\u0173 daugiau d\u017eiau\u017egsmo.  Knyga\u00a0\u201eGeros vaik\u0173 manieros\u201c\u00a0gausiai iliustruota. Joje rasite daug praktini\u0173 patarim\u0173.","robots":{"index":"index","follow":"follow","max-snippet":"max-snippet:-1","max-image-preview":"max-image-preview:large","max-video-preview":"max-video-preview:-1"},"canonical":"https:\/\/skaitytaknyga.lt\/en\/produktas\/geros-vaiku-manieros\/","og_locale":"en_GB","og_type":"article","og_title":"Geros vaik\u0173 manieros - Skaitytaknyga","og_description":"Geras elgesys ir \u0161iandien labai svarbus. Tai vaikams galima perteikti \u017eaidim\u0173 forma. Tam reikia t\u0117v\u0173 pavyzd\u017eio ir nuoseklumo. \u0160i patarim\u0173 knyga\u00a0\u00a0\u201eGeros vaik\u0173 manieros\u201c\u00a0pad\u0117s t\u0117vams ir aukl\u0117tojams rasti tai, ko reikia ugdant geras vaik\u0173 manieras.  Knygoje\u00a0\u201eGeros vaik\u0173 manieros\u201c - elementarios elgesio taisykl\u0117s visiems vaikams, paprastos ir lengvai i\u0161mokstamos.  Viskas, k\u0105 vaikai turi \u017einoti, kad bendrab\u016bvis teikt\u0173 daugiau d\u017eiau\u017egsmo.  Knyga\u00a0\u201eGeros vaik\u0173 manieros\u201c\u00a0gausiai iliustruota. Joje rasite daug praktini\u0173 patarim\u0173.","og_url":"https:\/\/skaitytaknyga.lt\/en\/produktas\/geros-vaiku-manieros\/","og_site_name":"Skaitytaknyga","article_publisher":"https:\/\/www.facebook.com\/skaitytaknyga\/","article_modified_time":"2024-05-04T17:58:35+00:00","og_image":[{"width":320,"height":380,"url":"https:\/\/skaitytaknyga.lt\/wp-content\/uploads\/2024\/05\/1462886931_img489.jpg","type":"image\/jpeg"}],"twitter_card":"summary_large_image","schema":{"@context":"https:\/\/schema.org","@graph":[{"@type":"WebPage","@id":"https:\/\/skaitytaknyga.lt\/produktas\/geros-vaiku-manieros\/","url":"https:\/\/skaitytaknyga.lt\/produktas\/geros-vaiku-manieros\/","name":"Geros vaik\u0173 manieros - Skaitytaknyga","isPartOf":{"@id":"https:\/\/skaitytaknyga.lt\/#website"},"primaryImageOfPage":{"@id":"https:\/\/skaitytaknyga.lt\/produktas\/geros-vaiku-manieros\/#primaryimage"},"image":{"@id":"https:\/\/skaitytaknyga.lt\/produktas\/geros-vaiku-manieros\/#primaryimage"},"thumbnailUrl":"https:\/\/skaitytaknyga.lt\/wp-content\/uploads\/2024\/05\/1462886931_img489.jpg","datePublished":"2024-05-04T17:57:02+00:00","dateModified":"2024-05-04T17:58:35+00:00","description":"Geras elgesys ir \u0161iandien labai svarbus. Tai vaikams galima perteikti \u017eaidim\u0173 forma. Tam reikia t\u0117v\u0173 pavyzd\u017eio ir nuoseklumo. \u0160i patarim\u0173 knyga\u00a0\u00a0\u201eGeros vaik\u0173 manieros\u201c\u00a0pad\u0117s t\u0117vams ir aukl\u0117tojams rasti tai, ko reikia ugdant geras vaik\u0173 manieras. Knygoje\u00a0\u201eGeros vaik\u0173 manieros\u201c - elementarios elgesio taisykl\u0117s visiems vaikams, paprastos ir lengvai i\u0161mokstamos. Viskas, k\u0105 vaikai turi \u017einoti, kad bendrab\u016bvis teikt\u0173 daugiau d\u017eiau\u017egsmo. Knyga\u00a0\u201eGeros vaik\u0173 manieros\u201c\u00a0gausiai iliustruota. Joje rasite daug praktini\u0173 patarim\u0173.","breadcrumb":{"@id":"https:\/\/skaitytaknyga.lt\/produktas\/geros-vaiku-manieros\/#breadcrumb"},"inLanguage":"en-GB","potentialAction":[{"@type":"ReadAction","target":["https:\/\/skaitytaknyga.lt\/produktas\/geros-vaiku-manieros\/"]}]},{"@type":"ImageObject","inLanguage":"en-GB","@id":"https:\/\/skaitytaknyga.lt\/produktas\/geros-vaiku-manieros\/#primaryimage","url":"https:\/\/skaitytaknyga.lt\/wp-content\/uploads\/2024\/05\/1462886931_img489.jpg","contentUrl":"https:\/\/skaitytaknyga.lt\/wp-content\/uploads\/2024\/05\/1462886931_img489.jpg","width":320,"height":380},{"@type":"BreadcrumbList","@id":"https:\/\/skaitytaknyga.lt\/produktas\/geros-vaiku-manieros\/#breadcrumb","itemListElement":[{"@type":"ListItem","position":1,"name":"Home","item":"https:\/\/skaitytaknyga.lt\/"},{"@type":"ListItem","position":2,"name":"Parduotuv\u0117","item":"https:\/\/skaitytaknyga.lt\/knygu-parduotuve\/"},{"@type":"ListItem","position":3,"name":"Geros vaik\u0173 manieros"}]},{"@type":"WebSite","@id":"https:\/\/skaitytaknyga.lt\/#website","url":"https:\/\/skaitytaknyga.lt\/","name":"skaitytaknyga.lt","description":"Skaitytaknyga.lt \u2013 tai ma\u017eas \u0161eimos verslas, kuris prasid\u0117jo nuo meil\u0117s knygoms ir siekio i\u0161gelb\u0117ti knygas nuo likimo prie konteinerio. Kas vienam nereikalingas daiktas \u2013 kitam lobis, o mes esame tarpininkai, kurie padeda abiems tapti laimingesniems ???? \u017dinome kaip nelengva i\u0161gyventi ma\u017eiems verslams, tad nuo \u0161iol, \u010dia rasite ir kit\u0173, ma\u017e\u0173 \u0161eim\u0173 versl\u0173, rank\u0173 darbo, dovan\u0173 sau ir artimiesiems.","publisher":{"@id":"https:\/\/skaitytaknyga.lt\/#organization"},"potentialAction":[{"@type":"SearchAction","target":{"@type":"EntryPoint","urlTemplate":"https:\/\/skaitytaknyga.lt\/?s={search_term_string}"},"query-input":{"@type":"PropertyValueSpecification","valueRequired":true,"valueName":"search_term_string"}}],"inLanguage":"en-GB"},{"@type":"Organization","@id":"https:\/\/skaitytaknyga.lt\/#organization","name":"skaitytaknyga.lt","url":"https:\/\/skaitytaknyga.lt\/","logo":{"@type":"ImageObject","inLanguage":"en-GB","@id":"https:\/\/skaitytaknyga.lt\/#\/schema\/logo\/image\/","url":"https:\/\/skaitytaknyga.lt\/wp-content\/uploads\/2024\/05\/cropped-cropped-cropped-02_00843_jt3bggkj1j3HLc7SyY6rEUpg.jpeg","contentUrl":"https:\/\/skaitytaknyga.lt\/wp-content\/uploads\/2024\/05\/cropped-cropped-cropped-02_00843_jt3bggkj1j3HLc7SyY6rEUpg.jpeg","width":1600,"height":1600,"caption":"skaitytaknyga.lt"},"image":{"@id":"https:\/\/skaitytaknyga.lt\/#\/schema\/logo\/image\/"},"sameAs":["https:\/\/www.facebook.com\/skaitytaknyga\/"]}]}},"_links":{"self":[{"href":"https:\/\/skaitytaknyga.lt\/en\/wp-json\/wp\/v2\/product\/9752","targetHints":{"allow":["GET"]}}],"collection":[{"href":"https:\/\/skaitytaknyga.lt\/en\/wp-json\/wp\/v2\/product"}],"about":[{"href":"https:\/\/skaitytaknyga.lt\/en\/wp-json\/wp\/v2\/types\/product"}],"replies":[{"embeddable":true,"href":"https:\/\/skaitytaknyga.lt\/en\/wp-json\/wp\/v2\/comments?post=9752"}],"wp:featuredmedia":[{"embeddable":true,"href":"https:\/\/skaitytaknyga.lt\/en\/wp-json\/wp\/v2\/media\/9805"}],"wp:attachment":[{"href":"https:\/\/skaitytaknyga.lt\/en\/wp-json\/wp\/v2\/media?parent=9752"}],"wp:term":[{"taxonomy":"product_brand","embeddable":true,"href":"https:\/\/skaitytaknyga.lt\/en\/wp-json\/wp\/v2\/product_brand?post=9752"},{"taxonomy":"product_cat","embeddable":true,"href":"https:\/\/skaitytaknyga.lt\/en\/wp-json\/wp\/v2\/product_cat?post=9752"},{"taxonomy":"product_tag","embeddable":true,"href":"https:\/\/skaitytaknyga.lt\/en\/wp-json\/wp\/v2\/product_tag?post=9752"}],"curies":[{"name":"wp","href":"https:\/\/api.w.org\/{rel}","templated":true}]}}