{"id":9750,"date":"2024-05-04T17:57:02","date_gmt":"2024-05-04T17:57:02","guid":{"rendered":"https:\/\/skaitytaknyga.lt\/?post_type=product&#038;p=9750"},"modified":"2024-05-04T17:58:28","modified_gmt":"2024-05-04T17:58:28","slug":"frances-hodgson-burnett-paslaptingas-sodas","status":"publish","type":"product","link":"https:\/\/skaitytaknyga.lt\/en\/produktas\/frances-hodgson-burnett-paslaptingas-sodas\/","title":{"rendered":"Frances Hodgson Burnett \u201ePaslaptingas sodas\u201c"},"content":{"rendered":"<p>Mer\u0117 Lenoks yra kaip tik toks vaikas, kuris galvoja bjaurias mintis. Tod\u0117l ji nieko nem\u0117gsta ir pati n\u0117ra labai mylima. Likus na\u0161laite, mergaitei tenka apsigyventi sename Anglijos dvare, kur ji leid\u017eiasi klajoti koridoriais su gausybe u\u017erakint\u0173 kambari\u0173 ir painiais sod\u0173 takeliais. Ypa\u010d j\u0105 masina vienas \u2013 de\u0161imt met\u0173 u\u017erakintas sodas. Mer\u0117 sutinka ir daugiau pana\u0161i\u0173 \u012f save.<\/p>\n<p>Niurgzlys sodininkas kartais net nusisuka j\u0105 pamat\u0119s. O dvaro \u0161eimininko s\u016bn\u0173 Kolin\u0105, nei\u0161lendant\u012f i\u0161 tamsaus kambario, apima isterija, vos tik kuris tarnas ne\u012fvykdo jo nor\u0173. Bet \u0161tai raundonskruostis Dikenas \u2013 visai kitoks. J\u012f, lyg mi\u0161ko elf\u0105, prisileid\u017eia net pauk\u0161\u010diai ir \u017ev\u0117reliai. Atbundanti gamta daro stebuklus ne tik u\u017e lango, bet ir \u0161irdyje. Kai viskas kruta ir d\u016bzgia, kreb\u017eda ir \u010diulba, suka lizdus ir skleid\u017eia kvapus, sunku voliotis lovoje ir b\u016bti piktam.<\/p>\n","protected":false},"excerpt":{"rendered":"<p>Mer\u0117 Lenoks yra kaip tik toks vaikas, kuris galvoja bjaurias mintis. Tod\u0117l ji nieko nem\u0117gsta ir pati n\u0117ra labai mylima. Likus na\u0161laite, mergaitei tenka apsigyventi sename Anglijos dvare, kur ji leid\u017eiasi klajoti koridoriais su gausybe u\u017erakint\u0173 kambari\u0173 ir painiais sod\u0173 takeliais. Ypa\u010d j\u0105 masina vienas \u2013 de\u0161imt met\u0173 u\u017erakintas sodas. Mer\u0117 sutinka ir daugiau pana\u0161i\u0173 \u012f save.<\/p>\n<p>Niurgzlys sodininkas kartais net nusisuka j\u0105 pamat\u0119s. O dvaro \u0161eimininko s\u016bn\u0173 Kolin\u0105, nei\u0161lendant\u012f i\u0161 tamsaus kambario, apima isterija, vos tik kuris tarnas ne\u012fvykdo jo nor\u0173. Bet \u0161tai raundonskruostis Dikenas \u2013 visai kitoks. J\u012f, lyg mi\u0161ko elf\u0105, prisileid\u017eia net pauk\u0161\u010diai ir \u017ev\u0117reliai. Atbundanti gamta daro stebuklus ne tik u\u017e lango, bet ir \u0161irdyje. Kai viskas kruta ir d\u016bzgia, kreb\u017eda ir \u010diulba, suka lizdus ir skleid\u017eia kvapus, sunku voliotis lovoje ir b\u016bti piktam.<\/p>\n","protected":false},"featured_media":9796,"comment_status":"closed","ping_status":"closed","template":"","meta":{"_acf_changed":false,"site-sidebar-layout":"default","site-content-layout":"","ast-site-content-layout":"default","site-content-style":"default","site-sidebar-style":"default","ast-global-header-display":"","ast-banner-title-visibility":"","ast-main-header-display":"","ast-hfb-above-header-display":"","ast-hfb-below-header-display":"","ast-hfb-mobile-header-display":"","site-post-title":"","ast-breadcrumbs-content":"","ast-featured-img":"","footer-sml-layout":"","ast-disable-related-posts":"","theme-transparent-header-meta":"","adv-header-id-meta":"","stick-header-meta":"","header-above-stick-meta":"","header-main-stick-meta":"","header-below-stick-meta":"","astra-migrate-meta-layouts":"default","ast-page-background-enabled":"default","ast-page-background-meta":{"desktop":{"background-color":"","background-image":"","background-repeat":"repeat","background-position":"center center","background-size":"auto","background-attachment":"scroll","background-type":"","background-media":"","overlay-type":"","overlay-color":"","overlay-opacity":"","overlay-gradient":""},"tablet":{"background-color":"","background-image":"","background-repeat":"repeat","background-position":"center center","background-size":"auto","background-attachment":"scroll","background-type":"","background-media":"","overlay-type":"","overlay-color":"","overlay-opacity":"","overlay-gradient":""},"mobile":{"background-color":"","background-image":"","background-repeat":"repeat","background-position":"center center","background-size":"auto","background-attachment":"scroll","background-type":"","background-media":"","overlay-type":"","overlay-color":"","overlay-opacity":"","overlay-gradient":""}},"ast-content-background-meta":{"desktop":{"background-color":"var(--ast-global-color-4)","background-image":"","background-repeat":"repeat","background-position":"center center","background-size":"auto","background-attachment":"scroll","background-type":"","background-media":"","overlay-type":"","overlay-color":"","overlay-opacity":"","overlay-gradient":""},"tablet":{"background-color":"var(--ast-global-color-4)","background-image":"","background-repeat":"repeat","background-position":"center center","background-size":"auto","background-attachment":"scroll","background-type":"","background-media":"","overlay-type":"","overlay-color":"","overlay-opacity":"","overlay-gradient":""},"mobile":{"background-color":"var(--ast-global-color-4)","background-image":"","background-repeat":"repeat","background-position":"center center","background-size":"auto","background-attachment":"scroll","background-type":"","background-media":"","overlay-type":"","overlay-color":"","overlay-opacity":"","overlay-gradient":""}}},"product_brand":[],"product_cat":[331,35],"product_tag":[],"class_list":{"0":"post-9750","1":"product","2":"type-product","3":"status-publish","4":"has-post-thumbnail","6":"product_cat-programine-literatura","7":"product_cat-vaikams-ir-paaugliams","8":"desktop-align-left","9":"tablet-align-left","10":"mobile-align-left","12":"first","13":"outofstock","14":"shipping-taxable","15":"purchasable","16":"product-type-simple"},"acf":[],"yoast_head":"<!-- This site is optimized with the Yoast SEO plugin v27.4 - https:\/\/yoast.com\/product\/yoast-seo-wordpress\/ -->\n<title>Frances Hodgson Burnett \u201ePaslaptingas sodas\u201c - Skaitytaknyga<\/title>\n<meta name=\"description\" content=\"Mer\u0117 Lenoks yra kaip tik toks vaikas, kuris galvoja bjaurias mintis. Tod\u0117l ji nieko nem\u0117gsta ir pati n\u0117ra labai mylima. Likus na\u0161laite, mergaitei tenka apsigyventi sename Anglijos dvare, kur ji leid\u017eiasi klajoti koridoriais su gausybe u\u017erakint\u0173 kambari\u0173 ir painiais sod\u0173 takeliais. Ypa\u010d j\u0105 masina vienas \u2013 de\u0161imt met\u0173 u\u017erakintas sodas. Mer\u0117 sutinka ir daugiau pana\u0161i\u0173 \u012f save.Niurgzlys sodininkas kartais net nusisuka j\u0105 pamat\u0119s. O dvaro \u0161eimininko s\u016bn\u0173 Kolin\u0105, nei\u0161lendant\u012f i\u0161 tamsaus kambario, apima isterija, vos tik kuris tarnas ne\u012fvykdo jo nor\u0173. Bet \u0161tai raundonskruostis Dikenas \u2013 visai kitoks. J\u012f, lyg mi\u0161ko elf\u0105, prisileid\u017eia net pauk\u0161\u010diai ir \u017ev\u0117reliai. Atbundanti gamta daro stebuklus ne tik u\u017e lango, bet ir \u0161irdyje. Kai viskas kruta ir d\u016bzgia, kreb\u017eda ir \u010diulba, suka lizdus ir skleid\u017eia kvapus, sunku voliotis lovoje ir b\u016bti piktam.\" \/>\n<meta name=\"robots\" content=\"index, follow, max-snippet:-1, max-image-preview:large, max-video-preview:-1\" \/>\n<link rel=\"canonical\" href=\"https:\/\/skaitytaknyga.lt\/en\/produktas\/frances-hodgson-burnett-paslaptingas-sodas\/\" \/>\n<meta property=\"og:locale\" content=\"en_GB\" \/>\n<meta property=\"og:locale:alternate\" content=\"lt_LT\" \/>\n<meta property=\"og:type\" content=\"article\" \/>\n<meta property=\"og:title\" content=\"Frances Hodgson Burnett \u201ePaslaptingas sodas\u201c - Skaitytaknyga\" \/>\n<meta property=\"og:description\" content=\"Mer\u0117 Lenoks yra kaip tik toks vaikas, kuris galvoja bjaurias mintis. Tod\u0117l ji nieko nem\u0117gsta ir pati n\u0117ra labai mylima. Likus na\u0161laite, mergaitei tenka apsigyventi sename Anglijos dvare, kur ji leid\u017eiasi klajoti koridoriais su gausybe u\u017erakint\u0173 kambari\u0173 ir painiais sod\u0173 takeliais. Ypa\u010d j\u0105 masina vienas \u2013 de\u0161imt met\u0173 u\u017erakintas sodas. Mer\u0117 sutinka ir daugiau pana\u0161i\u0173 \u012f save.Niurgzlys sodininkas kartais net nusisuka j\u0105 pamat\u0119s. O dvaro \u0161eimininko s\u016bn\u0173 Kolin\u0105, nei\u0161lendant\u012f i\u0161 tamsaus kambario, apima isterija, vos tik kuris tarnas ne\u012fvykdo jo nor\u0173. Bet \u0161tai raundonskruostis Dikenas \u2013 visai kitoks. J\u012f, lyg mi\u0161ko elf\u0105, prisileid\u017eia net pauk\u0161\u010diai ir \u017ev\u0117reliai. Atbundanti gamta daro stebuklus ne tik u\u017e lango, bet ir \u0161irdyje. Kai viskas kruta ir d\u016bzgia, kreb\u017eda ir \u010diulba, suka lizdus ir skleid\u017eia kvapus, sunku voliotis lovoje ir b\u016bti piktam.\" \/>\n<meta property=\"og:url\" content=\"https:\/\/skaitytaknyga.lt\/en\/produktas\/frances-hodgson-burnett-paslaptingas-sodas\/\" \/>\n<meta property=\"og:site_name\" content=\"Skaitytaknyga\" \/>\n<meta property=\"article:publisher\" content=\"https:\/\/www.facebook.com\/skaitytaknyga\/\" \/>\n<meta property=\"article:modified_time\" content=\"2024-05-04T17:58:28+00:00\" \/>\n<meta property=\"og:image\" content=\"https:\/\/skaitytaknyga.lt\/wp-content\/uploads\/2024\/05\/200px-Paslaptingasodas.jpg\" \/>\n\t<meta property=\"og:image:width\" content=\"200\" \/>\n\t<meta property=\"og:image:height\" content=\"311\" \/>\n\t<meta property=\"og:image:type\" content=\"image\/jpeg\" \/>\n<meta name=\"twitter:card\" content=\"summary_large_image\" \/>\n<meta name=\"twitter:label1\" content=\"Estimated reading time\" \/>\n\t<meta name=\"twitter:data1\" content=\"1 minute\" \/>\n<script type=\"application\/ld+json\" class=\"yoast-schema-graph\">{\"@context\":\"https:\\\/\\\/schema.org\",\"@graph\":[{\"@type\":\"WebPage\",\"@id\":\"https:\\\/\\\/skaitytaknyga.lt\\\/produktas\\\/frances-hodgson-burnett-paslaptingas-sodas\\\/\",\"url\":\"https:\\\/\\\/skaitytaknyga.lt\\\/produktas\\\/frances-hodgson-burnett-paslaptingas-sodas\\\/\",\"name\":\"Frances Hodgson Burnett \u201ePaslaptingas sodas\u201c - Skaitytaknyga\",\"isPartOf\":{\"@id\":\"https:\\\/\\\/skaitytaknyga.lt\\\/#website\"},\"primaryImageOfPage\":{\"@id\":\"https:\\\/\\\/skaitytaknyga.lt\\\/produktas\\\/frances-hodgson-burnett-paslaptingas-sodas\\\/#primaryimage\"},\"image\":{\"@id\":\"https:\\\/\\\/skaitytaknyga.lt\\\/produktas\\\/frances-hodgson-burnett-paslaptingas-sodas\\\/#primaryimage\"},\"thumbnailUrl\":\"https:\\\/\\\/skaitytaknyga.lt\\\/wp-content\\\/uploads\\\/2024\\\/05\\\/200px-Paslaptingasodas.jpg\",\"datePublished\":\"2024-05-04T17:57:02+00:00\",\"dateModified\":\"2024-05-04T17:58:28+00:00\",\"description\":\"Mer\u0117 Lenoks yra kaip tik toks vaikas, kuris galvoja bjaurias mintis. Tod\u0117l ji nieko nem\u0117gsta ir pati n\u0117ra labai mylima. Likus na\u0161laite, mergaitei tenka apsigyventi sename Anglijos dvare, kur ji leid\u017eiasi klajoti koridoriais su gausybe u\u017erakint\u0173 kambari\u0173 ir painiais sod\u0173 takeliais. Ypa\u010d j\u0105 masina vienas \u2013 de\u0161imt met\u0173 u\u017erakintas sodas. Mer\u0117 sutinka ir daugiau pana\u0161i\u0173 \u012f save.Niurgzlys sodininkas kartais net nusisuka j\u0105 pamat\u0119s. O dvaro \u0161eimininko s\u016bn\u0173 Kolin\u0105, nei\u0161lendant\u012f i\u0161 tamsaus kambario, apima isterija, vos tik kuris tarnas ne\u012fvykdo jo nor\u0173. Bet \u0161tai raundonskruostis Dikenas \u2013 visai kitoks. J\u012f, lyg mi\u0161ko elf\u0105, prisileid\u017eia net pauk\u0161\u010diai ir \u017ev\u0117reliai. Atbundanti gamta daro stebuklus ne tik u\u017e lango, bet ir \u0161irdyje. Kai viskas kruta ir d\u016bzgia, kreb\u017eda ir \u010diulba, suka lizdus ir skleid\u017eia kvapus, sunku voliotis lovoje ir b\u016bti piktam.\",\"breadcrumb\":{\"@id\":\"https:\\\/\\\/skaitytaknyga.lt\\\/produktas\\\/frances-hodgson-burnett-paslaptingas-sodas\\\/#breadcrumb\"},\"inLanguage\":\"en-GB\",\"potentialAction\":[{\"@type\":\"ReadAction\",\"target\":[\"https:\\\/\\\/skaitytaknyga.lt\\\/produktas\\\/frances-hodgson-burnett-paslaptingas-sodas\\\/\"]}]},{\"@type\":\"ImageObject\",\"inLanguage\":\"en-GB\",\"@id\":\"https:\\\/\\\/skaitytaknyga.lt\\\/produktas\\\/frances-hodgson-burnett-paslaptingas-sodas\\\/#primaryimage\",\"url\":\"https:\\\/\\\/skaitytaknyga.lt\\\/wp-content\\\/uploads\\\/2024\\\/05\\\/200px-Paslaptingasodas.jpg\",\"contentUrl\":\"https:\\\/\\\/skaitytaknyga.lt\\\/wp-content\\\/uploads\\\/2024\\\/05\\\/200px-Paslaptingasodas.jpg\",\"width\":200,\"height\":311},{\"@type\":\"BreadcrumbList\",\"@id\":\"https:\\\/\\\/skaitytaknyga.lt\\\/produktas\\\/frances-hodgson-burnett-paslaptingas-sodas\\\/#breadcrumb\",\"itemListElement\":[{\"@type\":\"ListItem\",\"position\":1,\"name\":\"Home\",\"item\":\"https:\\\/\\\/skaitytaknyga.lt\\\/\"},{\"@type\":\"ListItem\",\"position\":2,\"name\":\"Parduotuv\u0117\",\"item\":\"https:\\\/\\\/skaitytaknyga.lt\\\/knygu-parduotuve\\\/\"},{\"@type\":\"ListItem\",\"position\":3,\"name\":\"Frances Hodgson Burnett \u201ePaslaptingas sodas\u201c\"}]},{\"@type\":\"WebSite\",\"@id\":\"https:\\\/\\\/skaitytaknyga.lt\\\/#website\",\"url\":\"https:\\\/\\\/skaitytaknyga.lt\\\/\",\"name\":\"skaitytaknyga.lt\",\"description\":\"Skaitytaknyga.lt \u2013 tai ma\u017eas \u0161eimos verslas, kuris prasid\u0117jo nuo meil\u0117s knygoms ir siekio i\u0161gelb\u0117ti knygas nuo likimo prie konteinerio. Kas vienam nereikalingas daiktas \u2013 kitam lobis, o mes esame tarpininkai, kurie padeda abiems tapti laimingesniems ???? \u017dinome kaip nelengva i\u0161gyventi ma\u017eiems verslams, tad nuo \u0161iol, \u010dia rasite ir kit\u0173, ma\u017e\u0173 \u0161eim\u0173 versl\u0173, rank\u0173 darbo, dovan\u0173 sau ir artimiesiems.\",\"publisher\":{\"@id\":\"https:\\\/\\\/skaitytaknyga.lt\\\/#organization\"},\"potentialAction\":[{\"@type\":\"SearchAction\",\"target\":{\"@type\":\"EntryPoint\",\"urlTemplate\":\"https:\\\/\\\/skaitytaknyga.lt\\\/?s={search_term_string}\"},\"query-input\":{\"@type\":\"PropertyValueSpecification\",\"valueRequired\":true,\"valueName\":\"search_term_string\"}}],\"inLanguage\":\"en-GB\"},{\"@type\":\"Organization\",\"@id\":\"https:\\\/\\\/skaitytaknyga.lt\\\/#organization\",\"name\":\"skaitytaknyga.lt\",\"url\":\"https:\\\/\\\/skaitytaknyga.lt\\\/\",\"logo\":{\"@type\":\"ImageObject\",\"inLanguage\":\"en-GB\",\"@id\":\"https:\\\/\\\/skaitytaknyga.lt\\\/#\\\/schema\\\/logo\\\/image\\\/\",\"url\":\"https:\\\/\\\/skaitytaknyga.lt\\\/wp-content\\\/uploads\\\/2024\\\/05\\\/cropped-cropped-cropped-02_00843_jt3bggkj1j3HLc7SyY6rEUpg.jpeg\",\"contentUrl\":\"https:\\\/\\\/skaitytaknyga.lt\\\/wp-content\\\/uploads\\\/2024\\\/05\\\/cropped-cropped-cropped-02_00843_jt3bggkj1j3HLc7SyY6rEUpg.jpeg\",\"width\":1600,\"height\":1600,\"caption\":\"skaitytaknyga.lt\"},\"image\":{\"@id\":\"https:\\\/\\\/skaitytaknyga.lt\\\/#\\\/schema\\\/logo\\\/image\\\/\"},\"sameAs\":[\"https:\\\/\\\/www.facebook.com\\\/skaitytaknyga\\\/\"]}]}<\/script>\n<!-- \/ Yoast SEO plugin. -->","yoast_head_json":{"title":"Frances Hodgson Burnett \u201ePaslaptingas sodas\u201c - Skaitytaknyga","description":"Mer\u0117 Lenoks yra kaip tik toks vaikas, kuris galvoja bjaurias mintis. Tod\u0117l ji nieko nem\u0117gsta ir pati n\u0117ra labai mylima. Likus na\u0161laite, mergaitei tenka apsigyventi sename Anglijos dvare, kur ji leid\u017eiasi klajoti koridoriais su gausybe u\u017erakint\u0173 kambari\u0173 ir painiais sod\u0173 takeliais. Ypa\u010d j\u0105 masina vienas \u2013 de\u0161imt met\u0173 u\u017erakintas sodas. Mer\u0117 sutinka ir daugiau pana\u0161i\u0173 \u012f save.Niurgzlys sodininkas kartais net nusisuka j\u0105 pamat\u0119s. O dvaro \u0161eimininko s\u016bn\u0173 Kolin\u0105, nei\u0161lendant\u012f i\u0161 tamsaus kambario, apima isterija, vos tik kuris tarnas ne\u012fvykdo jo nor\u0173. Bet \u0161tai raundonskruostis Dikenas \u2013 visai kitoks. J\u012f, lyg mi\u0161ko elf\u0105, prisileid\u017eia net pauk\u0161\u010diai ir \u017ev\u0117reliai. Atbundanti gamta daro stebuklus ne tik u\u017e lango, bet ir \u0161irdyje. Kai viskas kruta ir d\u016bzgia, kreb\u017eda ir \u010diulba, suka lizdus ir skleid\u017eia kvapus, sunku voliotis lovoje ir b\u016bti piktam.","robots":{"index":"index","follow":"follow","max-snippet":"max-snippet:-1","max-image-preview":"max-image-preview:large","max-video-preview":"max-video-preview:-1"},"canonical":"https:\/\/skaitytaknyga.lt\/en\/produktas\/frances-hodgson-burnett-paslaptingas-sodas\/","og_locale":"en_GB","og_type":"article","og_title":"Frances Hodgson Burnett \u201ePaslaptingas sodas\u201c - Skaitytaknyga","og_description":"Mer\u0117 Lenoks yra kaip tik toks vaikas, kuris galvoja bjaurias mintis. Tod\u0117l ji nieko nem\u0117gsta ir pati n\u0117ra labai mylima. Likus na\u0161laite, mergaitei tenka apsigyventi sename Anglijos dvare, kur ji leid\u017eiasi klajoti koridoriais su gausybe u\u017erakint\u0173 kambari\u0173 ir painiais sod\u0173 takeliais. Ypa\u010d j\u0105 masina vienas \u2013 de\u0161imt met\u0173 u\u017erakintas sodas. Mer\u0117 sutinka ir daugiau pana\u0161i\u0173 \u012f save.Niurgzlys sodininkas kartais net nusisuka j\u0105 pamat\u0119s. O dvaro \u0161eimininko s\u016bn\u0173 Kolin\u0105, nei\u0161lendant\u012f i\u0161 tamsaus kambario, apima isterija, vos tik kuris tarnas ne\u012fvykdo jo nor\u0173. Bet \u0161tai raundonskruostis Dikenas \u2013 visai kitoks. J\u012f, lyg mi\u0161ko elf\u0105, prisileid\u017eia net pauk\u0161\u010diai ir \u017ev\u0117reliai. Atbundanti gamta daro stebuklus ne tik u\u017e lango, bet ir \u0161irdyje. Kai viskas kruta ir d\u016bzgia, kreb\u017eda ir \u010diulba, suka lizdus ir skleid\u017eia kvapus, sunku voliotis lovoje ir b\u016bti piktam.","og_url":"https:\/\/skaitytaknyga.lt\/en\/produktas\/frances-hodgson-burnett-paslaptingas-sodas\/","og_site_name":"Skaitytaknyga","article_publisher":"https:\/\/www.facebook.com\/skaitytaknyga\/","article_modified_time":"2024-05-04T17:58:28+00:00","og_image":[{"width":200,"height":311,"url":"https:\/\/skaitytaknyga.lt\/wp-content\/uploads\/2024\/05\/200px-Paslaptingasodas.jpg","type":"image\/jpeg"}],"twitter_card":"summary_large_image","twitter_misc":{"Estimated reading time":"1 minute"},"schema":{"@context":"https:\/\/schema.org","@graph":[{"@type":"WebPage","@id":"https:\/\/skaitytaknyga.lt\/produktas\/frances-hodgson-burnett-paslaptingas-sodas\/","url":"https:\/\/skaitytaknyga.lt\/produktas\/frances-hodgson-burnett-paslaptingas-sodas\/","name":"Frances Hodgson Burnett \u201ePaslaptingas sodas\u201c - Skaitytaknyga","isPartOf":{"@id":"https:\/\/skaitytaknyga.lt\/#website"},"primaryImageOfPage":{"@id":"https:\/\/skaitytaknyga.lt\/produktas\/frances-hodgson-burnett-paslaptingas-sodas\/#primaryimage"},"image":{"@id":"https:\/\/skaitytaknyga.lt\/produktas\/frances-hodgson-burnett-paslaptingas-sodas\/#primaryimage"},"thumbnailUrl":"https:\/\/skaitytaknyga.lt\/wp-content\/uploads\/2024\/05\/200px-Paslaptingasodas.jpg","datePublished":"2024-05-04T17:57:02+00:00","dateModified":"2024-05-04T17:58:28+00:00","description":"Mer\u0117 Lenoks yra kaip tik toks vaikas, kuris galvoja bjaurias mintis. Tod\u0117l ji nieko nem\u0117gsta ir pati n\u0117ra labai mylima. Likus na\u0161laite, mergaitei tenka apsigyventi sename Anglijos dvare, kur ji leid\u017eiasi klajoti koridoriais su gausybe u\u017erakint\u0173 kambari\u0173 ir painiais sod\u0173 takeliais. Ypa\u010d j\u0105 masina vienas \u2013 de\u0161imt met\u0173 u\u017erakintas sodas. Mer\u0117 sutinka ir daugiau pana\u0161i\u0173 \u012f save.Niurgzlys sodininkas kartais net nusisuka j\u0105 pamat\u0119s. O dvaro \u0161eimininko s\u016bn\u0173 Kolin\u0105, nei\u0161lendant\u012f i\u0161 tamsaus kambario, apima isterija, vos tik kuris tarnas ne\u012fvykdo jo nor\u0173. Bet \u0161tai raundonskruostis Dikenas \u2013 visai kitoks. J\u012f, lyg mi\u0161ko elf\u0105, prisileid\u017eia net pauk\u0161\u010diai ir \u017ev\u0117reliai. Atbundanti gamta daro stebuklus ne tik u\u017e lango, bet ir \u0161irdyje. Kai viskas kruta ir d\u016bzgia, kreb\u017eda ir \u010diulba, suka lizdus ir skleid\u017eia kvapus, sunku voliotis lovoje ir b\u016bti piktam.","breadcrumb":{"@id":"https:\/\/skaitytaknyga.lt\/produktas\/frances-hodgson-burnett-paslaptingas-sodas\/#breadcrumb"},"inLanguage":"en-GB","potentialAction":[{"@type":"ReadAction","target":["https:\/\/skaitytaknyga.lt\/produktas\/frances-hodgson-burnett-paslaptingas-sodas\/"]}]},{"@type":"ImageObject","inLanguage":"en-GB","@id":"https:\/\/skaitytaknyga.lt\/produktas\/frances-hodgson-burnett-paslaptingas-sodas\/#primaryimage","url":"https:\/\/skaitytaknyga.lt\/wp-content\/uploads\/2024\/05\/200px-Paslaptingasodas.jpg","contentUrl":"https:\/\/skaitytaknyga.lt\/wp-content\/uploads\/2024\/05\/200px-Paslaptingasodas.jpg","width":200,"height":311},{"@type":"BreadcrumbList","@id":"https:\/\/skaitytaknyga.lt\/produktas\/frances-hodgson-burnett-paslaptingas-sodas\/#breadcrumb","itemListElement":[{"@type":"ListItem","position":1,"name":"Home","item":"https:\/\/skaitytaknyga.lt\/"},{"@type":"ListItem","position":2,"name":"Parduotuv\u0117","item":"https:\/\/skaitytaknyga.lt\/knygu-parduotuve\/"},{"@type":"ListItem","position":3,"name":"Frances Hodgson Burnett \u201ePaslaptingas sodas\u201c"}]},{"@type":"WebSite","@id":"https:\/\/skaitytaknyga.lt\/#website","url":"https:\/\/skaitytaknyga.lt\/","name":"skaitytaknyga.lt","description":"Skaitytaknyga.lt \u2013 tai ma\u017eas \u0161eimos verslas, kuris prasid\u0117jo nuo meil\u0117s knygoms ir siekio i\u0161gelb\u0117ti knygas nuo likimo prie konteinerio. Kas vienam nereikalingas daiktas \u2013 kitam lobis, o mes esame tarpininkai, kurie padeda abiems tapti laimingesniems ???? \u017dinome kaip nelengva i\u0161gyventi ma\u017eiems verslams, tad nuo \u0161iol, \u010dia rasite ir kit\u0173, ma\u017e\u0173 \u0161eim\u0173 versl\u0173, rank\u0173 darbo, dovan\u0173 sau ir artimiesiems.","publisher":{"@id":"https:\/\/skaitytaknyga.lt\/#organization"},"potentialAction":[{"@type":"SearchAction","target":{"@type":"EntryPoint","urlTemplate":"https:\/\/skaitytaknyga.lt\/?s={search_term_string}"},"query-input":{"@type":"PropertyValueSpecification","valueRequired":true,"valueName":"search_term_string"}}],"inLanguage":"en-GB"},{"@type":"Organization","@id":"https:\/\/skaitytaknyga.lt\/#organization","name":"skaitytaknyga.lt","url":"https:\/\/skaitytaknyga.lt\/","logo":{"@type":"ImageObject","inLanguage":"en-GB","@id":"https:\/\/skaitytaknyga.lt\/#\/schema\/logo\/image\/","url":"https:\/\/skaitytaknyga.lt\/wp-content\/uploads\/2024\/05\/cropped-cropped-cropped-02_00843_jt3bggkj1j3HLc7SyY6rEUpg.jpeg","contentUrl":"https:\/\/skaitytaknyga.lt\/wp-content\/uploads\/2024\/05\/cropped-cropped-cropped-02_00843_jt3bggkj1j3HLc7SyY6rEUpg.jpeg","width":1600,"height":1600,"caption":"skaitytaknyga.lt"},"image":{"@id":"https:\/\/skaitytaknyga.lt\/#\/schema\/logo\/image\/"},"sameAs":["https:\/\/www.facebook.com\/skaitytaknyga\/"]}]}},"_links":{"self":[{"href":"https:\/\/skaitytaknyga.lt\/en\/wp-json\/wp\/v2\/product\/9750","targetHints":{"allow":["GET"]}}],"collection":[{"href":"https:\/\/skaitytaknyga.lt\/en\/wp-json\/wp\/v2\/product"}],"about":[{"href":"https:\/\/skaitytaknyga.lt\/en\/wp-json\/wp\/v2\/types\/product"}],"replies":[{"embeddable":true,"href":"https:\/\/skaitytaknyga.lt\/en\/wp-json\/wp\/v2\/comments?post=9750"}],"wp:featuredmedia":[{"embeddable":true,"href":"https:\/\/skaitytaknyga.lt\/en\/wp-json\/wp\/v2\/media\/9796"}],"wp:attachment":[{"href":"https:\/\/skaitytaknyga.lt\/en\/wp-json\/wp\/v2\/media?parent=9750"}],"wp:term":[{"taxonomy":"product_brand","embeddable":true,"href":"https:\/\/skaitytaknyga.lt\/en\/wp-json\/wp\/v2\/product_brand?post=9750"},{"taxonomy":"product_cat","embeddable":true,"href":"https:\/\/skaitytaknyga.lt\/en\/wp-json\/wp\/v2\/product_cat?post=9750"},{"taxonomy":"product_tag","embeddable":true,"href":"https:\/\/skaitytaknyga.lt\/en\/wp-json\/wp\/v2\/product_tag?post=9750"}],"curies":[{"name":"wp","href":"https:\/\/api.w.org\/{rel}","templated":true}]}}